{"id":10875,"date":"2021-06-03T01:04:00","date_gmt":"2021-06-02T22:04:00","guid":{"rendered":"https:\/\/sachviet.eu\/shop\/con-chut-gi-de-nho\/"},"modified":"2021-06-23T21:17:55","modified_gmt":"2021-06-23T18:17:55","slug":"con-chut-gi-de-nho","status":"publish","type":"product","link":"https:\/\/sachviet.eu\/en\/shop\/con-chut-gi-de-nho\/","title":{"rendered":"C\u00f2n Ch\u00fat G\u00ec \u0110\u1ec3 Nh\u1edb"},"content":{"rendered":"<p>\u0110\u00f3 l\u00e0 nh\u1eefng k\u1ef7 ni\u1ec7m th\u1eddi \u0111i h\u1ecdc c\u1ee7a Ch\u01b0\u01a1ng, l\u00fac m\u1edbi b\u01b0\u1edbc ch\u00e2n v\u00e0o S\u00e0i G\u00f2n v\u00e0 l\u00e0m quen v\u1edbi cu\u1ed9c s\u1ed1ng \u0111\u00f4 th\u1ecb. L\u00e0 nh\u1eefng m\u1ed1i quan h\u1ec7 b\u1ea1n b\u00e8 t\u01b0\u1edfng ch\u1eebng h\u1eddi h\u1ee3t tho\u1ea3ng qua nh\u01b0ng g\u1eafn b\u00f3 su\u1ed1t cu\u1ed9c \u0111\u1eddi. Cu\u1ed9c s\u1ed1ng \u0111\u1ea7y bi\u1ebfn \u0111\u1ed9ng \u0111\u00e3 x\u00f4 d\u1ea1t m\u1ed7i ng\u01b0\u1eddi m\u1ed7i n\u01a1i, nh\u01b0ng tr\u1ea3i qua h\u00e0ng m\u1ea5y ch\u1ee5c n\u0103m, nh\u1eefng k\u1ef7 ni\u1ec7m \u1ea5y v\u1eabn lu\u00f4n n\u00edu k\u00e9o Ch\u01b0\u01a1ng v\u1ec1 v\u1edbi m\u1ed9t th\u1eddi \u0111\u1ec3 nh\u1edb.<\/p>\n","protected":false},"excerpt":{"rendered":"<p>\u0110\u00f3 l\u00e0 nh\u1eefng k\u1ef7 ni\u1ec7m th\u1eddi \u0111i h\u1ecdc c\u1ee7a Ch\u01b0\u01a1ng, l\u00fac m\u1edbi b\u01b0\u1edbc ch\u00e2n v\u00e0o S\u00e0i G\u00f2n v\u00e0 l\u00e0m quen v\u1edbi cu\u1ed9c s\u1ed1ng \u0111\u00f4 th\u1ecb. L\u00e0 nh\u1eefng m\u1ed1i quan h\u1ec7 b\u1ea1n b\u00e8 t\u01b0\u1edfng ch\u1eebng h\u1eddi h\u1ee3t tho\u1ea3ng qua nh\u01b0ng g\u1eafn b\u00f3 su\u1ed1t cu\u1ed9c \u0111\u1eddi. Cu\u1ed9c s\u1ed1ng \u0111\u1ea7y bi\u1ebfn \u0111\u1ed9ng \u0111\u00e3 x\u00f4 d\u1ea1t m\u1ed7i ng\u01b0\u1eddi m\u1ed7i n\u01a1i, nh\u01b0ng tr\u1ea3i qua h\u00e0ng m\u1ea5y ch\u1ee5c n\u0103m, nh\u1eefng k\u1ef7 ni\u1ec7m \u1ea5y v\u1eabn lu\u00f4n n\u00edu k\u00e9o Ch\u01b0\u01a1ng v\u1ec1 v\u1edbi m\u1ed9t th\u1eddi \u0111\u1ec3 nh\u1edb.<\/p>\n","protected":false},"featured_media":10865,"template":"","meta":{"_acf_changed":false},"product_brand":[],"product_cat":[15,45],"product_tag":[],"class_list":{"0":"post-10875","1":"product","2":"type-product","3":"status-publish","4":"has-post-thumbnail","6":"product_cat-sach-danh-cho-nguoi-lon","7":"product_cat-tieu-thuyet","9":"first","10":"outofstock","11":"taxable","12":"shipping-taxable","13":"purchasable","14":"product-type-simple"},"supplier_id":null,"supplier_sku":"","barcode":null,"atum_controlled":true,"out_stock_date":"2021-06-23 18:17:55","out_stock_threshold":null,"inheritable":false,"inbound_stock":0,"stock_on_hold":0,"sold_today":0,"sales_last_days":0,"reserved_stock":0,"customer_returns":0,"warehouse_damage":0,"lost_in_post":0,"other_logs":0,"out_stock_days":1680,"lost_sales":0,"has_location":false,"update_date":"2026-01-28T23:10:47","atum_locations":[],"atum_stock_status":"outofstock","restock_status":false,"low_stock_amount":"","sales_update_date":"2026-01-28T23:10:47","calc_backorders":null,"acf":{"publisher":{"ID":1517,"post_author":"1","post_date":"2021-02-17 01:14:41","post_date_gmt":"2021-02-16 23:14:41","post_content":"","post_title":"NXB Tr\u1ebb","post_excerpt":"","post_status":"publish","comment_status":"closed","ping_status":"closed","post_password":"","post_name":"nxb-tre","to_ping":"","pinged":"","post_modified":"2021-02-17 01:14:41","post_modified_gmt":"2021-02-16 23:14:41","post_content_filtered":"","post_parent":0,"guid":"https:\/\/sachviet.eu\/nha-phat-hanh\/nxb-tre\/","menu_order":0,"post_type":"publisher","post_mime_type":"","comment_count":"0","filter":"raw"}},"_links":{"self":[{"href":"https:\/\/sachviet.eu\/en\/wp-json\/wp\/v2\/product\/10875","targetHints":{"allow":["GET"]}}],"collection":[{"href":"https:\/\/sachviet.eu\/en\/wp-json\/wp\/v2\/product"}],"about":[{"href":"https:\/\/sachviet.eu\/en\/wp-json\/wp\/v2\/types\/product"}],"wp:featuredmedia":[{"embeddable":true,"href":"https:\/\/sachviet.eu\/en\/wp-json\/wp\/v2\/media\/10865"}],"wp:attachment":[{"href":"https:\/\/sachviet.eu\/en\/wp-json\/wp\/v2\/media?parent=10875"}],"wp:term":[{"taxonomy":"product_brand","embeddable":true,"href":"https:\/\/sachviet.eu\/en\/wp-json\/wp\/v2\/product_brand?post=10875"},{"taxonomy":"product_cat","embeddable":true,"href":"https:\/\/sachviet.eu\/en\/wp-json\/wp\/v2\/product_cat?post=10875"},{"taxonomy":"product_tag","embeddable":true,"href":"https:\/\/sachviet.eu\/en\/wp-json\/wp\/v2\/product_tag?post=10875"}],"curies":[{"name":"wp","href":"https:\/\/api.w.org\/{rel}","templated":true}]}}