{"id":1087,"date":"2021-02-14T00:35:00","date_gmt":"2021-02-13T22:35:00","guid":{"rendered":"https:\/\/sachviet.eu\/shop\/100-dieu-nho-nhat-to-lam-cho-trai-dat\/"},"modified":"2021-04-28T13:10:48","modified_gmt":"2021-04-28T10:10:48","slug":"100-dieu-nho-nhat-to-lam-cho-trai-dat","status":"publish","type":"product","link":"https:\/\/sachviet.eu\/en\/shop\/100-dieu-nho-nhat-to-lam-cho-trai-dat\/","title":{"rendered":"100 \u0110i\u1ec1u Nh\u1ecf Nh\u1eb7t T\u1edb L\u00e0m Cho Tr\u00e1i \u0110\u1ea5t"},"content":{"rendered":"<p>Thi\u00ean nhi\u00ean l\u00e0 t\u1ea5t c\u1ea3 nh\u1eefng g\u00ec m\u00e0 con ng\u01b0\u1eddi c\u00f3.<br \/>\n\u0110\u00f3 l\u00e0 l\u00fd do ch\u00fang ta kh\u00f4ng \u0111\u01b0\u1ee3c \u0111\u00e1nh m\u1ea5t n\u00f3!<\/p>\n<p>100 \u0111i\u1ec1u nh\u1ecf nh\u1eb7t t\u1edb l\u00e0m cho Tr\u00e1i \u0110\u1ea5t l\u00e0 cu\u1ed1n s\u00e1ch xu\u1ea5t ph\u00e1t t\u1eeb \u00fd t\u01b0\u1edfng m\u1ed7i ng\u00e0y l\u00e0m m\u1ed9t \u0111i\u1ec1u \u0111\u01a1n gi\u1ea3n nh\u01b0ng thi\u1ebft th\u1ef1c, c\u00f3 \u00edch cho Tr\u00e1i \u0110\u1ea5t. \u0110\u00e2y l\u00e0 d\u1ef1 \u00e1n \u0111\u01b0\u1ee3c Trang Nguy\u1ec5n c\u1eadp nh\u1eadt t\u1ea1i Facebook c\u00e1 nh\u00e2n c\u1ee7a m\u00ecnh t\u1eeb n\u0103m 2016.<\/p>\n<p>Gi\u1ea3n d\u1ecb nh\u01b0 t\u1ef1a \u0111\u1ec1, cu\u1ed1n s\u00e1ch ghi l\u1ea1i 100 h\u00e0nh \u0111\u1ed9ng nh\u1ecf m\u00e0 t\u00e1c gi\u1ea3 \u0111\u00e3 th\u1ef1c hi\u1ec7n, \u0111\u01b0\u1ee3c chia th\u00e0nh 4 ph\u1ea7n theo m\u00f9a xu\u00e2n, h\u1ea1, thu, \u0111\u00f4ng. M\u1ed7i m\u1ed9t h\u00e0nh \u0111\u1ed9ng nh\u1ecf Trang Nguy\u1ec5n \u0111\u1ec1u \u0111\u01b0a ra nh\u1eefng con s\u1ed1 x\u00e1c th\u1ef1c c\u00f9ng \u1ea3nh h\u01b0\u1edfng c\u1ee7a vi\u1ec7c l\u00e0m \u0111\u00f3 l\u00ean m\u00f4i tr\u01b0\u1eddng s\u1ed1ng. Ngo\u00e0i ra, c\u00f4 c\u00f2n gi\u1ea3i th\u00edch l\u00fd do b\u1ea1n \u0111\u1ecdc n\u00ean th\u1ef1c hi\u1ec7n ph\u01b0\u01a1ng ph\u00e1p thay th\u1ebf.<\/p>\n<p>B\u00ean c\u1ea1nh ph\u1ea7n gi\u1ea3i th\u00edch c\u1ee7a Trang Nguy\u1ec5n ph\u1ea3i k\u1ec3 \u0111\u1ebfn ph\u1ea7n minh h\u1ecda d\u1ec5 th\u01b0\u01a1ng trong tr\u1ebbo c\u1ee7a Lai Th\u01b0\u1ee3ng H\u01b0ng. M\u1edf s\u00e1ch ra l\u00e0 th\u1ea5y y\u00eau th\u01b0\u01a1ng r\u1ed3i.<\/p>\n<p>Nh\u1ea5t \u0111\u1ecbnh ph\u1ea3i khen th\u00eam h\u00ecnh th\u1ee9c c\u1ee7a s\u00e1ch n\u1eefa. Minh h\u1ecda d\u1ec5 th\u01b0\u01a1ng, m\u1ef1c in m\u00e0u xanh d\u01b0\u01a1ng nh\u1eb9 nh\u00e0ng, nh\u1ea5t l\u00e0 gi\u1ea5y v\u00e0ng kem d\u00e0y d\u1eb7n. M\u00ecnh r\u1ea5t m\u00ea s\u00e1ch c\u00f3 gi\u1ea5y \u0111\u1eb9p v\u00e0 d\u00e0y d\u1eb7n n\u00ean c\u1ea7m tay l\u00e0 th\u00edch ngay r\u1ed3i.<\/p>\n<p>Kh\u00f4ng ch\u1ec9 c\u00f3 v\u1eady, c\u0169ng nh\u01b0 c\u00e1c cu\u1ed1n s\u00e1ch kh\u00e1c c\u1ee7a Trang Nguy\u1ec5n, to\u00e0n b\u1ed9 nhu\u1eadn b\u00fat c\u1ee7a 100 \u0111i\u1ec1u nh\u1ecf nh\u1eb7t t\u1edb l\u00e0m cho Tr\u00e1i \u0110\u1ea5t \u0111\u1ec1u \u0111\u01b0\u1ee3c t\u00e1c gi\u1ea3 quy\u00ean g\u00f3p \u0111\u1ec3 ph\u1ee5c v\u1ee5 cho d\u1ef1 \u00e1n b\u1ea3o t\u1ed3n thi\u00ean nhi\u00ean hoang d\u00e3.<\/p>\n<p>N\u1ebfu c\u00f3 khi n\u00e0o b\u1ea1n ngh\u0129 vi\u1ec7c m\u1ed9t m\u00ecnh h\u00e0nh \u0111\u1ed9ng c\u00f3 \u00edch b\u1ea3o v\u1ec7 m\u00f4i tr\u01b0\u1eddng ch\u1ec9 nh\u01b0 mu\u1ed1i b\u1ecf bi\u1ec3n, n\u1ebfu t\u1ea5t c\u1ea3 kh\u00f4ng \u0111\u1ed3ng l\u00f2ng, c\u00f9ng h\u00e0nh \u0111\u1ed9ng, k\u1ebft qu\u1ea3 c\u1ee7a m\u1ed9t c\u00e1 nh\u00e2n s\u1ebd ch\u1ec9 l\u00e0 vi\u1ec3n v\u00f4ng v\u00e0 v\u00f4 \u00edch th\u00ec cu\u1ed1n s\u00e1ch nh\u1ecf nh\u1eafn n\u00e0y c\u00f3 th\u1ec3 thuy\u1ebft ph\u1ee5c b\u1ea1n \u0111i\u1ec1u ng\u01b0\u1ee3c l\u1ea1i. Th\u1eadt ra c\u00f3 r\u1ea5t nhi\u1ec1u h\u00e0nh \u0111\u1ed9ng nh\u1ecf m\u00e0 b\u1ea1n c\u00f3 th\u1ec3 thay \u0111\u1ed5i t\u1eeb trong suy ngh\u0129, nh\u01b0 vi\u1ec7c l\u00e0m sao \u0111\u1ec3 gi\u1ea3m l\u01b0\u1ee3ng r\u00e1c th\u1ea3i, l\u01b0\u1ee3ng nh\u1ef1a d\u00f9ng m\u1ed9t l\u1ea7n ra m\u00f4i tr\u01b0\u1eddng, l\u00e0m sao \u0111\u1ec3 g\u00f3p th\u00eam m\u00e0u xanh cho Tr\u00e1i \u0110\u1ea5t.<\/p>\n<p>T\u1ed1t nghi\u1ec7p ti\u1ebfn s\u0129 chuy\u00ean ng\u00e0nh Qu\u1ea3n l\u00fd \u0111a d\u1ea1ng sinh h\u1ecdc t\u1ea1i Anh, Trang Nguy\u1ec5n hi\u1ec7n l\u00e0 nh\u00e0 s\u00e1ng l\u1eadp v\u00e0 gi\u00e1m \u0111\u1ed1c c\u1ee7a t\u1ed5 ch\u1ee9c b\u1ea3o t\u1ed3n \u0111\u1ed9ng v\u1eadt hoang d\u00e3 t\u1ea1i Vi\u1ec7t Nam WildAct, \u0111\u1ea1i s\u1ee9 cho qu\u1ef9 \u201cUnited for Wildlife\u201d c\u1ee7a Ho\u00e0ng gia Anh.\u2063<br \/>\n\u2063<br \/>\nCh\u1ecb chia s\u1ebb t\u1eeb nh\u1ecf, ch\u1ecb \u0111\u00e3 c\u00f3 nhi\u1ec1u s\u1ef1 hi\u1ebfu k\u1ef3 v\u00e0 quan t\u00e2m \u0111\u1eb7c bi\u1ec7t t\u1edbi thi\u00ean nhi\u00ean. Trong m\u1ed9t l\u1ea7n l\u00e0m b\u00e0i t\u1eadp l\u00e0m v\u0103n l\u1edbp 9, Trang \u0111\u00e3 n\u1ed9p b\u00e0i vi\u1ebft v\u1ec1 nh\u1eefng v\u1ea5n \u0111\u1ec1 c\u1ea5p thi\u1ebft c\u1ea7n ph\u1ea3i gi\u1ea3i quy\u1ebft \u0111\u1ec3 b\u1ea3o v\u1ec7 thi\u00ean nhi\u00ean. Tuy nhi\u00ean, Trang nh\u1eadn \u0111\u01b0\u1ee3c l\u1eddi khuy\u00ean c\u1ee7a gi\u00e1o vi\u00ean r\u1eb1ng Trang n\u00ean suy ngh\u0129 k\u1ef9 h\u01a1n v\u1ec1 t\u01b0\u01a1ng lai. Khi \u0111\u00f3, c\u00f4 b\u00e9 14 tu\u1ed5i \u0111\u00e3 vi\u1ebft nh\u1eefng d\u00f2ng n\u00e0y v\u00e0o nh\u1eadt k\u00fd: \u201cCho d\u00f9 ai c\u00f3 n\u00f3i g\u00ec, c\u0169ng nh\u1ea5t \u0111\u1ecbnh ph\u1ea3i theo \u0111u\u1ed5i \u01b0\u1edbc m\u01a1 c\u1ee7a b\u1ea3n th\u00e2n. Cho d\u00f9 c\u00f3 th\u1ebf n\u00e0o, c\u0169ng nh\u1ea5t \u0111\u1ecbnh tr\u1edf th\u00e0nh m\u1ed9t nh\u00e0 b\u1ea3o t\u1ed3n\u201d.\u2063<br \/>\n\u2063<br \/>\nCu\u1ed1n s\u00e1ch d\u1ec5 th\u01b0\u01a1ng n\u00e0y s\u1ebd l\u00e0 m\u1ed9t kh\u1edfi \u0111\u1ea7u t\u1ed1t cho h\u00e0nh tr\u00ecnh s\u1ed1ng xanh v\u00e0 y\u00eau th\u01b0\u01a1ng Tr\u00e1i \u0110\u1ea5t c\u1ee7a b\u1ea1n. S\u00e1ch d\u00e0nh cho m\u1ecdi l\u1ee9a tu\u1ed5i, v\u00ec khi ta sinh ra Tr\u00e1i \u0110\u1ea5t \u0111\u00e3 bao b\u1ecdc ta r\u1ed3i, ta c\u0169ng y\u00eau th\u01b0\u01a1ng Tr\u00e1i \u0110\u1ea5t nhi\u1ec1u nh\u1ea5t c\u00f3 th\u1ec3 nh\u00e9!\u2063  <div class=\"banner-grid-wrapper\">\n  <div id=\"banner-grid-803983714\" class=\"banner-grid row row-grid row-small\" data-packery-options=\"\">\n                      <div class=\"col grid-col large-6 grid-col-1\" ><div class=\"col-inner\">\t<div class=\"img has-hover x md-x lg-x y md-y lg-y\" id=\"image_514644026\">\n\t\t\t\t\t\t\t\t<div class=\"img-inner dark\" >\n\t\t\t<img loading=\"lazy\" decoding=\"async\" width=\"660\" height=\"880\" src=\"https:\/\/sachviet.eu\/wp-content\/uploads\/2021\/02\/117536429-10224192782031876-6702107834313810456-o-9591.jpg\" class=\"attachment-large size-large\" alt=\"\" srcset=\"https:\/\/sachviet.eu\/wp-content\/uploads\/2021\/02\/117536429-10224192782031876-6702107834313810456-o-9591.jpg 660w, https:\/\/sachviet.eu\/wp-content\/uploads\/2021\/02\/117536429-10224192782031876-6702107834313810456-o-9591-225x300.jpg 225w, https:\/\/sachviet.eu\/wp-content\/uploads\/2021\/02\/117536429-10224192782031876-6702107834313810456-o-9591-600x800.jpg 600w\" sizes=\"auto, (max-width: 660px) 100vw, 660px\" \/>\t\t\t\t\t\t\n\t\t\t\t\t<\/div>\n\t\t\t\t\t\t\t\t\n<style>\n#image_514644026 {\n  width: 100%;\n}\n<\/style>\n\t<\/div>\n\t<\/div><\/div><div class=\"col grid-col large-6 grid-col-1\" ><div class=\"col-inner\">\t<div class=\"img has-hover x md-x lg-x y md-y lg-y\" id=\"image_1903665575\">\n\t\t\t\t\t\t\t\t<div class=\"img-inner dark\" >\n\t\t\t<img loading=\"lazy\" decoding=\"async\" width=\"966\" height=\"1024\" src=\"https:\/\/sachviet.eu\/wp-content\/uploads\/2021\/02\/nguyenthithutrang_1600x1060-1137-966x1024.jpg\" class=\"attachment-large size-large\" alt=\"\" srcset=\"https:\/\/sachviet.eu\/wp-content\/uploads\/2021\/02\/nguyenthithutrang_1600x1060-1137-966x1024.jpg 966w, https:\/\/sachviet.eu\/wp-content\/uploads\/2021\/02\/nguyenthithutrang_1600x1060-1137-283x300.jpg 283w, https:\/\/sachviet.eu\/wp-content\/uploads\/2021\/02\/nguyenthithutrang_1600x1060-1137-768x814.jpg 768w, https:\/\/sachviet.eu\/wp-content\/uploads\/2021\/02\/nguyenthithutrang_1600x1060-1137-600x636.jpg 600w, https:\/\/sachviet.eu\/wp-content\/uploads\/2021\/02\/nguyenthithutrang_1600x1060-1137.jpg 1000w\" sizes=\"auto, (max-width: 966px) 100vw, 966px\" \/>\t\t\t\t\t\t\n\t\t\t\t\t<\/div>\n\t\t\t\t\t\t\t\t\n<style>\n#image_1903665575 {\n  width: 100%;\n}\n<\/style>\n\t<\/div>\n\t<\/div><\/div>            <\/div>\n    <style>\n    #banner-grid-803983714 .grid-col-1{height: 600px}\n    #banner-grid-803983714 .grid-col-1-2{height: 300px}\n    #banner-grid-803983714 .grid-col-1-3{height:200px}\n    #banner-grid-803983714 .grid-col-2-3{height: 400px}\n    #banner-grid-803983714 .grid-col-1-4{height: 150px}\n    #banner-grid-803983714 .grid-col-3-4{height: 450px}\n\n\n    \n    \n\n  <\/style>\n    <\/div>\n  \n","protected":false},"excerpt":{"rendered":"<p>T\u1edb mu\u1ed1n b\u1ea1n c\u00f9ng v\u1edbi t\u1edb tr\u1ea3i nghi\u1ec7m nh\u1eefng g\u00ec t\u1edb \u0111\u00e3 th\u1ea5y, \u0111\u00e3 l\u00e0m, \u0111\u00e3 m\u01a1 \u01b0\u1edbc th\u00f4ng qua nh\u1eefng h\u00e0nh \u0111\u1ed9ng nho nh\u1ecf m\u00e0 t\u1edb l\u00e0m v\u00ec Tr\u00e1i \u0111\u1ea5t trong v\u00f2ng 100 ng\u00e0y. T\u1edb hy v\u1ecdng r\u1eb1ng, sau 100 ng\u00e0y n\u00e0y, n\u1ebfu b\u1ea1n c\u0169ng \u0111ang c\u00f3 \u01b0\u1edbc m\u01a1 ch\u00e1y b\u1ecfng gi\u1ed1ng nh\u01b0 t\u1edb, b\u1ea1n s\u1ebd c\u1ea3m th\u1ea5y t\u1ef1 tin h\u01a1n, m\u1ea1nh m\u1ebd h\u01a1n, v\u00ec t\u1edb c\u00f3 th\u1ec3 c\u1ed1 g\u1eafng v\u00ec \u01b0\u1edbc m\u01a1 c\u1ee7a m\u00ecnh, c\u1edb sao b\u1ea1n kh\u00f4ng th\u1ec3?<\/p>\n<p>T\u1edb l\u1ea1i c\u00e0ng hy v\u1ecdng r\u1eb1ng, n\u1ebfu b\u1ea1n kh\u00f4ng \u0111\u1ed3ng t\u00ecnh v\u1edbi t\u1edb, n\u1ebfu b\u1ea1n cho r\u1eb1ng Thi\u00ean Nhi\u00ean l\u00e0 m\u1ed9t th\u1ee9 g\u00ec \u0111\u00f3 v\u00f4 tri v\u00e0 kh\u00f4ng c\u00f3 s\u1ef1 li\u00ean k\u1ebft v\u1edbi con ng\u01b0\u1eddi, th\u00ec sau khi \u0111\u01b0\u1ee3c tr\u1ea3i nghi\u1ec7m h\u00e0nh tr\u00ecnh c\u1ee7a t\u1edb, c\u00f9ng t\u1edb, b\u1ea1n s\u1ebd hi\u1ec3u r\u1eb1ng, Thi\u00ean Nhi\u00ean l\u00e0 t\u1ea5t c\u1ea3 nh\u1eefng g\u00ec m\u00e0 con ng\u01b0\u1eddi c\u00f3.<\/p>\n<p>\u0110\u00f3 l\u00e0 l\u00fd do ch\u00fang ta kh\u00f4ng \u0111\u01b0\u1ee3c \u0111\u00e1nh m\u1ea5t n\u00f3!<\/p>\n","protected":false},"featured_media":1077,"template":"","meta":{"_acf_changed":false},"product_brand":[],"product_cat":[25,17],"product_tag":[],"class_list":{"0":"post-1087","1":"product","2":"type-product","3":"status-publish","4":"has-post-thumbnail","6":"product_cat-nhi-dong-6-tuoi-12-tuoi","7":"product_cat-sach-danh-cho-cac-be","9":"first","10":"outofstock","11":"taxable","12":"shipping-taxable","13":"purchasable","14":"product-type-simple"},"supplier_id":null,"supplier_sku":"","barcode":null,"atum_controlled":true,"out_stock_date":"2021-03-26 19:47:15","out_stock_threshold":null,"inheritable":false,"inbound_stock":0,"stock_on_hold":0,"sold_today":0,"sales_last_days":0,"reserved_stock":0,"customer_returns":0,"warehouse_damage":0,"lost_in_post":0,"other_logs":0,"out_stock_days":1769,"lost_sales":0,"has_location":false,"update_date":"2026-01-28T23:10:29","atum_locations":[],"atum_stock_status":"outofstock","restock_status":false,"low_stock_amount":"","sales_update_date":"2026-01-28T23:10:29","calc_backorders":null,"acf":{"publisher":{"ID":1424,"post_author":"1","post_date":"2021-02-17 00:02:29","post_date_gmt":"2021-02-16 22:02:29","post_content":"<!-- wp:flatsome\/uxbuilder -->\n<h1 style=\"text-align: center\"><strong>Nh\u00e3 Nam<\/strong><\/h1>\n[row]\n\n[col span=\"6\" span__sm=\"12\"]\n\n[ux_image id=\"1438\" image_size=\"medium\"]\n\n\n[\/col]\n[col span=\"6\" span__sm=\"12\"]\n\n<p><strong>C\u00f4ng ty c\u1ed5 ph\u1ea7n V\u0103n h\u00f3a v\u00e0 Truy\u1ec1n th\u00f4ng Nh\u00e3 Nam<\/strong><\/p>\n<p>Th\u00e1ng 2 n\u0103m 2005, Nh\u00e3 Nam, t\u00ean \u0111\u1ea7y \u0111\u1ee7 l\u00e0 C\u00f4ng ty C\u1ed5 ph\u1ea7n V\u0103n h\u00f3a v\u00e0 Truy\u1ec1n th\u00f4ng Nh\u00e3 Nam \u0111\u00e3 gia nh\u1eadp th\u1ecb tr\u01b0\u1eddng s\u00e1ch. T\u00e1c ph\u1ea9m \"Balzac v\u00e0 c\u00f4 b\u00e9 th\u1ee3 may Trung hoa\" c\u1ee7a \u0110\u1edbi T\u01b0 Ki\u1ec7t l\u00e0 cu\u1ed1n s\u00e1ch \u0111\u1ea7u ti\u00ean \u0111\u01b0\u1ee3c nh\u1eefng ng\u01b0\u1eddi s\u00e1ng l\u1eadp Nh\u00e3 Nam xu\u1ea5t b\u1ea3n c\u1ea3 tr\u01b0\u1edbc khi c\u00f4ng ty ra \u0111\u1eddi. Ngay l\u1eadp t\u1ee9c t\u1eeb cu\u1ed1n s\u00e1ch \u0111\u1ea7u ti\u00ean, \u0111\u1ed9c gi\u1ea3 \u0111\u00e3 d\u00e0nh s\u1ef1 quan t\u00e2m v\u00e0 y\u00eau m\u1ebfn cho m\u1ed9t th\u01b0\u01a1ng hi\u1ec7u s\u00e1ch m\u1edbi m\u1ebb mang trong m\u00ecnh kh\u00e1t v\u1ecdng g\u00f3p ph\u1ea7n t\u1ea1o l\u1eadp di\u1ec7n m\u1ea1o m\u1edbi cho xu\u1ea5t b\u1ea3n v\u0103n h\u1ecdc t\u1ea1i Vi\u1ec7t Nam.<\/p>\n<p>L\u00f2ng say m\u00ea c\u1ee7a \u0111\u1ed9i ng\u0169 l\u00e0 vi\u00ean \u0111\u00e1 \u0111\u1ea7u ti\u00ean. Tr\u1ea3i qua m\u1ea5y n\u0103m ph\u00e1t tri\u1ec3n, Nh\u00e3 Nam \u0111\u00e3 \u0111\u01b0\u1ee3c x\u00e2y d\u1ef1ng d\u1ea7n l\u00ean trong di\u1ec7n m\u1ea1o m\u1ed9t nh\u00e0 xu\u1ea5t b\u1ea3n v\u1eefng ch\u00e3i v\u00e0 chuy\u00ean nghi\u1ec7p. S\u00e1u th\u00e1ng sau khi th\u00e0nh l\u1eadp c\u00f4ng ty, Nh\u1eadt k\u00fd \u0110\u1eb7ng Th\u00f9y Tr\u00e2m ra \u0111\u1eddi, t\u1ea1o n\u00ean m\u1ed9t c\u01a1n s\u1ed1t trong x\u00e3 h\u1ed9i, v\u1edbi g\u1ea7n 500,000 b\u1ea3n s\u00e1ch \u0111\u01b0\u1ee3c ph\u00e1t h\u00e0nh, ph\u00e1 m\u1ecdi k\u1ef7 l\u1ee5c v\u1ec1 xu\u1ea5t b\u1ea3n tr\u01b0\u1edbc \u0111\u00f3, k\u00e9o theo m\u1ed9t lo\u1ea1t nh\u1eefng hi\u1ec7u \u1ee9ng x\u00e3 h\u1ed9i v\u00e0 d\u01b0 lu\u1eadn c\u00f3 \u00fd ngh\u0129a. T\u1eeb \u0111\u00f3 tr\u1edf \u0111i, th\u00f4ng qua Nh\u00e3 Nam, c\u00e1c cu\u1ed1n s\u00e1ch v\u0103n h\u1ecdc n\u01b0\u1edbc ngo\u00e0i c\u00f3 gi\u00e1 tr\u1ecb \u0111\u01b0\u1ee3c li\u00ean t\u1ee5c mua b\u1ea3n quy\u1ec1n v\u00e0 xu\u1ea5t b\u1ea3n t\u1ea1i Vi\u1ec7t Nam, thu h\u00fat nhi\u1ec1u t\u1ea7ng l\u1edbp \u0111\u1ed9c gi\u1ea3. S\u00e1ch c\u1ee7a Nh\u00e3 Nam n\u1ed5i b\u1eadt b\u1edfi n\u1ed9i dung v\u0103n h\u1ecdc tinh t\u1ebf, b\u1edfi v\u1ebb \u0111\u1eb9p c\u1ee7a thi\u1ebft k\u1ebf hi\u1ec7n \u0111\u1ea1i \u1edf h\u00ecnh th\u1ee9c, b\u1edfi s\u1ef1 ch\u0103m ch\u00fat k\u1ef9 l\u01b0\u1ee1ng cho m\u1ed7i cu\u1ed1n s\u00e1ch nh\u01b0 m\u1ed9t con thuy\u1ec1n mang t\u1edbi ni\u1ec1m vui, tri th\u1ee9c, ng\u1ea1c nhi\u00ean, v\u00e0 \u0111\u1ed3ng c\u1ea3m.<\/p>\n\n[\/col]\n\n[\/row]\n<p style=\"text-align: left\">Hi\u1ec3u th\u1eddi \u0111\u1ea1i \u0111ang s\u1ed1ng th\u00f4ng qua s\u00e1ch, song h\u00e0nh v\u1edbi nh\u1eefng bi\u1ebfn chuy\u1ec3n s\u00e2u s\u1eafc trong l\u00f2ng x\u00e3 h\u1ed9i b\u1eb1ng nh\u1eefng ho\u1ea1t \u0111\u1ed9ng xu\u1ea5t b\u1ea3n mi\u1ec7t m\u00e0i v\u00e0 qu\u1ea3 c\u1ea3m, con \u0111\u01b0\u1eddng Nh\u00e3 Nam \u0111\u00e3 ch\u1ecdn \u0111\u1ec3 \u0111i s\u1ebd c\u00f2n d\u00e0i. Nhi\u1ec1u kh\u00f3 kh\u0103n, th\u1eed th\u00e1ch \u0111ang \u1edf ph\u00eda tr\u01b0\u1edbc. B\u01b0\u1edbc qua th\u1eddi k\u1ef3 s\u01a1 khai v\u1edbi nh\u1eefng b\u00e0i h\u1ecdc v\u00e0 nh\u1eefng kinh nghi\u1ec7m \u0111\u1ea7u ti\u00ean, Nh\u00e3 Nam gi\u1edd \u0111\u00e3 s\u1eb5n s\u00e0ng cho m\u1ed9t ch\u1eb7ng \u0111\u01b0\u1eddng ph\u00e1t tri\u1ec3n m\u1edbi. V\u00e0 ch\u00fang t\u00f4i mu\u1ed1n ho\u00e0n thi\u1ec7n m\u00ecnh trong s\u1ef1 c\u1ea7u th\u1ecb v\u00e0 c\u1ea9n tr\u1ecdng. T\u1ea5t c\u1ea3 v\u00ec m\u1ed9t gia s\u1ea3n s\u00e1ch to l\u1edbn, c\u00f3 s\u1ee9c s\u1ed1ng d\u00e0i l\u00e2u, c\u00f3 \u00fd ngh\u0129a v\u1edbi nhi\u1ec1u th\u1ebf h\u1ec7 b\u1ea1n \u0111\u1ecdc.<br \/>B\u1edfi v\u00ec s\u00e1ch l\u00e0 th\u1ebf gi\u1edbi.<\/p>\n<p><strong>\u0110\u00e2y l\u00e0 m\u1ed9t nh\u00e0 ph\u00e1t h\u00e0nh s\u00e1ch m\u00e0 SACHVIET.EU r\u1ea5t y\u00eau th\u00edch v\u00e0 tin t\u01b0\u1edfng. Nh\u00ecn \u0111\u01b0\u1ee3c t\u1ea7m \u1ea3nh h\u01b0\u1edfng c\u1ee7a Nh\u00e3 Nam qua t\u1eebng cu\u1ed1n s\u00e1ch, SACHVIET.EU li\u00ean h\u1ec7 h\u1ee3p t\u00e1c ngay v\u1edbi Nh\u00e3 Nam \u0111\u1ec3 \u0111em to\u00e0n b\u1ed9 nh\u1eefng t\u00e1c ph\u1ea9m m\u1edbi, hay nh\u1ea5t m\u00e0 Nh\u00e3 Nam c\u00f3 sang Ch\u00e2u \u00c2u, \u0111\u01b0a \u0111\u1ebfn cho \u0111\u1ed9c gi\u1ea3 c\u00f3 nhi\u1ec1u s\u1ef1 l\u1ef1a ch\u1ecdn phong ph\u00fa h\u01a1n c\u1ea3 s\u00e1ch cho tr\u1ebb em l\u1eabn ng\u01b0\u1eddi l\u1edbn.\u00a0<\/strong><\/p>\n\n<!-- \/wp:flatsome\/uxbuilder -->","post_title":"Nh\u00e3 Nam","post_excerpt":"","post_status":"publish","comment_status":"closed","ping_status":"closed","post_password":"","post_name":"nha-nam","to_ping":"","pinged":"","post_modified":"2022-12-19 23:15:33","post_modified_gmt":"2022-12-19 21:15:33","post_content_filtered":"","post_parent":0,"guid":"https:\/\/sachviet.eu\/?post_type=publisher&#038;p=1424","menu_order":0,"post_type":"publisher","post_mime_type":"","comment_count":"0","filter":"raw"}},"_links":{"self":[{"href":"https:\/\/sachviet.eu\/en\/wp-json\/wp\/v2\/product\/1087","targetHints":{"allow":["GET"]}}],"collection":[{"href":"https:\/\/sachviet.eu\/en\/wp-json\/wp\/v2\/product"}],"about":[{"href":"https:\/\/sachviet.eu\/en\/wp-json\/wp\/v2\/types\/product"}],"wp:featuredmedia":[{"embeddable":true,"href":"https:\/\/sachviet.eu\/en\/wp-json\/wp\/v2\/media\/1077"}],"wp:attachment":[{"href":"https:\/\/sachviet.eu\/en\/wp-json\/wp\/v2\/media?parent=1087"}],"wp:term":[{"taxonomy":"product_brand","embeddable":true,"href":"https:\/\/sachviet.eu\/en\/wp-json\/wp\/v2\/product_brand?post=1087"},{"taxonomy":"product_cat","embeddable":true,"href":"https:\/\/sachviet.eu\/en\/wp-json\/wp\/v2\/product_cat?post=1087"},{"taxonomy":"product_tag","embeddable":true,"href":"https:\/\/sachviet.eu\/en\/wp-json\/wp\/v2\/product_tag?post=1087"}],"curies":[{"name":"wp","href":"https:\/\/api.w.org\/{rel}","templated":true}]}}