{"id":10864,"date":"2021-06-03T01:03:05","date_gmt":"2021-06-02T22:03:05","guid":{"rendered":"https:\/\/sachviet.eu\/shop\/di-qua-hoa-cuc-tai-ban\/"},"modified":"2025-05-25T13:39:41","modified_gmt":"2025-05-25T10:39:41","slug":"di-qua-hoa-cuc-tai-ban","status":"publish","type":"product","link":"https:\/\/sachviet.eu\/en\/shop\/di-qua-hoa-cuc-tai-ban\/","title":{"rendered":"\u0110i Qua Hoa C\u00fac (T\u00e1i B\u1ea3n)"},"content":{"rendered":"<p>Cu\u1ed1n \u0110i Qua Hoa C\u00fac l\u00e0 t\u1eadp truy\u1ec7n d\u00e0i c\u1ee7a Nguy\u1ec5n Nh\u1eadt \u00c1nh, m\u1edf \u0111\u1ea7u c\u00e2u truy\u1ec7n t\u00e1c gi\u1ea3 k\u1ec3 l\u1ea1i tu\u1ed5i \u1ea5u th\u01a1 h\u1ed3n nhi\u00ean c\u1ee7a nh\u00e2n v\u1eadt trong truy\u1ec7n, k\u1ebft h\u1ee3p v\u1edbi t\u1ea3 c\u1ea3nh \u1edf mi\u1ec1n qu\u00ea, nh\u1eefng ng\u00f4i nh\u00e0 n\u1eb1m d\u1ecdc hai b\u00ean \u0111\u01b0\u1eddng \u0111\u00e1 s\u1ecfi d\u1ecdc theo hai b\u00ean h\u00e0ng d\u00e2m b\u1ee5t v\u00e0 c\u1ea3 c\u00e2y s\u1ee9 c\u00e2y b\u00e0ng t\u1ecfa b\u00f3ng m\u00e1t, t\u1ecfa h\u01b0\u01a1ng th\u01a1m tr\u01b0\u1edbc s\u00e2n nh\u00e0. M\u1ed9t n\u00e9t v\u1ebd n\u00ean th\u01a1 th\u1eadt \u0111\u1ea7m \u1ea5m \u1edf m\u1ed9t v\u00f9ng qu\u00ea xa x\u00f4i t\u00e1c gi\u1ea3 d\u01b0\u1eddng nh\u01b0 l\u00e0m \u1ea5m l\u00f2ng cho ng\u01b0\u1eddi \u0111\u1ecdc. Th\u1eadt v\u1eady m\u1ed7i c\u1ed1t truy\u1ec7n c\u1ee7a Nguy\u1ec5n Nh\u1eadt \u00c1nh \u0111\u00e3 ph\u00e1c h\u1ecda l\u00ean m\u1ed9t n\u00e9t qu\u00ea h\u01b0\u01a1ng ng\u1ecdt ng\u00e0o, m\u1ed9t th\u1eddi \u1ea5u th\u01a1 \u0111\u1eb9p, m\u1ed9t t\u00ecnh y\u00eau c\u1ee7a tu\u1ed5i h\u1ecdc tr\u00f2 c\u0169ng h\u00f2a l\u1eabn t\u00ecnh y\u00eau kh\u00e1t khao c\u1ee7a bao l\u1ee9a tu\u1ed5i. Cu\u1ed1n truy\u1ec7n d\u00e0i \u0110i Qua Hoa C\u00fac l\u00e0 m\u1ed9t trong nh\u1eefng t\u00e1c ph\u1ea9m tuy\u1ec7t t\u00e1c hay c\u1ee7a t\u00e1c gi\u1ea3 l\u00e0m th\u00f4i th\u00fac ng\u01b0\u1eddi \u0111\u1ecdc th\u00eam nhi\u1ec1u \u1ea5n t\u01b0\u1ee3ng v\u00e0 s\u1ef1 l\u00f4i cu\u1ed1n tr\u00e0n d\u00e2ng trong l\u00f2ng b\u1ea1n \u0111\u1ecdc.<\/p>\n","protected":false},"excerpt":{"rendered":"<p>Cu\u1ed1n \u0110i Qua Hoa C\u00fac l\u00e0 t\u1eadp truy\u1ec7n d\u00e0i c\u1ee7a Nguy\u1ec5n Nh\u1eadt \u00c1nh, m\u1edf \u0111\u1ea7u c\u00e2u truy\u1ec7n t\u00e1c gi\u1ea3 k\u1ec3 l\u1ea1i tu\u1ed5i \u1ea5u th\u01a1 h\u1ed3n nhi\u00ean c\u1ee7a nh\u00e2n v\u1eadt trong truy\u1ec7n, k\u1ebft h\u1ee3p v\u1edbi t\u1ea3 c\u1ea3nh \u1edf mi\u1ec1n qu\u00ea, nh\u1eefng ng\u00f4i nh\u00e0 n\u1eb1m d\u1ecdc hai b\u00ean \u0111\u01b0\u1eddng \u0111\u00e1 s\u1ecfi d\u1ecdc theo hai b\u00ean h\u00e0ng d\u00e2m b\u1ee5t v\u00e0 c\u1ea3 c\u00e2y s\u1ee9 c\u00e2y b\u00e0ng t\u1ecfa b\u00f3ng m\u00e1t, t\u1ecfa h\u01b0\u01a1ng th\u01a1m tr\u01b0\u1edbc s\u00e2n nh\u00e0. M\u1ed9t n\u00e9t v\u1ebd n\u00ean th\u01a1 th\u1eadt \u0111\u1ea7m \u1ea5m \u1edf m\u1ed9t v\u00f9ng qu\u00ea xa x\u00f4i t\u00e1c gi\u1ea3 d\u01b0\u1eddng nh\u01b0 l\u00e0m \u1ea5m l\u00f2ng cho ng\u01b0\u1eddi \u0111\u1ecdc. Th\u1eadt v\u1eady m\u1ed7i c\u1ed1t truy\u1ec7n c\u1ee7a Nguy\u1ec5n Nh\u1eadt \u00c1nh \u0111\u00e3 ph\u00e1c h\u1ecda l\u00ean m\u1ed9t n\u00e9t qu\u00ea h\u01b0\u01a1ng ng\u1ecdt ng\u00e0o, m\u1ed9t th\u1eddi \u1ea5u th\u01a1 \u0111\u1eb9p, m\u1ed9t t\u00ecnh y\u00eau c\u1ee7a tu\u1ed5i h\u1ecdc tr\u00f2 c\u0169ng h\u00f2a l\u1eabn t\u00ecnh y\u00eau kh\u00e1t khao c\u1ee7a bao l\u1ee9a tu\u1ed5i. Cu\u1ed1n truy\u1ec7n d\u00e0i \u0110i Qua Hoa C\u00fac l\u00e0 m\u1ed9t trong nh\u1eefng t\u00e1c ph\u1ea9m tuy\u1ec7t t\u00e1c hay c\u1ee7a t\u00e1c gi\u1ea3 l\u00e0m th\u00f4i th\u00fac ng\u01b0\u1eddi \u0111\u1ecdc th\u00eam nhi\u1ec1u \u1ea5n t\u01b0\u1ee3ng v\u00e0 s\u1ef1 l\u00f4i cu\u1ed1n tr\u00e0n d\u00e2ng trong l\u00f2ng b\u1ea1n \u0111\u1ecdc.<\/p>\n","protected":false},"featured_media":10860,"template":"","meta":{"_acf_changed":false},"product_brand":[],"product_cat":[15,45],"product_tag":[],"class_list":{"0":"post-10864","1":"product","2":"type-product","3":"status-publish","4":"has-post-thumbnail","6":"product_cat-sach-danh-cho-nguoi-lon","7":"product_cat-tieu-thuyet","9":"first","10":"outofstock","11":"taxable","12":"shipping-taxable","13":"purchasable","14":"product-type-simple"},"supplier_id":null,"supplier_sku":"","barcode":null,"atum_controlled":true,"out_stock_date":"2021-06-23 18:17:55","out_stock_threshold":null,"inheritable":false,"inbound_stock":0,"stock_on_hold":0,"sold_today":0,"sales_last_days":0,"reserved_stock":0,"customer_returns":0,"warehouse_damage":0,"lost_in_post":0,"other_logs":0,"out_stock_days":1680,"lost_sales":0,"has_location":false,"update_date":"2026-01-28T23:11:29","atum_locations":[],"atum_stock_status":"outofstock","restock_status":false,"low_stock_amount":"","sales_update_date":"2026-01-28T23:11:29","calc_backorders":null,"acf":{"publisher":{"ID":1517,"post_author":"1","post_date":"2021-02-17 01:14:41","post_date_gmt":"2021-02-16 23:14:41","post_content":"","post_title":"NXB Tr\u1ebb","post_excerpt":"","post_status":"publish","comment_status":"closed","ping_status":"closed","post_password":"","post_name":"nxb-tre","to_ping":"","pinged":"","post_modified":"2021-02-17 01:14:41","post_modified_gmt":"2021-02-16 23:14:41","post_content_filtered":"","post_parent":0,"guid":"https:\/\/sachviet.eu\/nha-phat-hanh\/nxb-tre\/","menu_order":0,"post_type":"publisher","post_mime_type":"","comment_count":"0","filter":"raw"}},"_links":{"self":[{"href":"https:\/\/sachviet.eu\/en\/wp-json\/wp\/v2\/product\/10864","targetHints":{"allow":["GET"]}}],"collection":[{"href":"https:\/\/sachviet.eu\/en\/wp-json\/wp\/v2\/product"}],"about":[{"href":"https:\/\/sachviet.eu\/en\/wp-json\/wp\/v2\/types\/product"}],"wp:featuredmedia":[{"embeddable":true,"href":"https:\/\/sachviet.eu\/en\/wp-json\/wp\/v2\/media\/10860"}],"wp:attachment":[{"href":"https:\/\/sachviet.eu\/en\/wp-json\/wp\/v2\/media?parent=10864"}],"wp:term":[{"taxonomy":"product_brand","embeddable":true,"href":"https:\/\/sachviet.eu\/en\/wp-json\/wp\/v2\/product_brand?post=10864"},{"taxonomy":"product_cat","embeddable":true,"href":"https:\/\/sachviet.eu\/en\/wp-json\/wp\/v2\/product_cat?post=10864"},{"taxonomy":"product_tag","embeddable":true,"href":"https:\/\/sachviet.eu\/en\/wp-json\/wp\/v2\/product_tag?post=10864"}],"curies":[{"name":"wp","href":"https:\/\/api.w.org\/{rel}","templated":true}]}}