{"id":10859,"date":"2021-06-03T01:02:51","date_gmt":"2021-06-02T22:02:51","guid":{"rendered":"https:\/\/sachviet.eu\/shop\/ngoi-truong-moi-khi-tai-ban\/"},"modified":"2021-06-12T20:51:44","modified_gmt":"2021-06-12T17:51:44","slug":"ngoi-truong-moi-khi-tai-ban","status":"publish","type":"product","link":"https:\/\/sachviet.eu\/en\/shop\/ngoi-truong-moi-khi-tai-ban\/","title":{"rendered":"Ng\u00f4i Tr\u01b0\u1eddng M\u1ecdi Khi (T\u00e1i B\u1ea3n)"},"content":{"rendered":"<p>Nh\u1eefng c\u00e2u chuy\u1ec7n v\u1ec1 nh\u00f3m b\u1ea1n h\u1ecdc sinh n\u0103m \u0111\u1ea7u c\u1ea5p 3 v\u1edbi bao k\u1ef7 ni\u1ec7m vui bu\u1ed3n h\u1eddn gi\u1eadn, bao nhi\u00eau tr\u00f2 tinh ngh\u1ecbch c\u1ee7a tu\u1ed5i m\u1edbi l\u1edbn. V\u1edbi nh\u1eefng H\u1ea1t ti\u00eau, T\u00f3c ng\u1eafn, H\u1ed9t m\u00edt, B\u1ea3nh trai, R\u0103ng chu\u1ed9t, M\u1eb7t m\u1ee5n\u2026 \u0111\u00e3 t\u1ea1o n\u00ean kh\u00f4ng kh\u00ed c\u1ee7a m\u1ed9t l\u1edbp h\u1ecdc th\u1eadt d\u1ec5 th\u01b0\u01a1ng v\u1edbi bao nhi\u00eau t\u00ecnh c\u1ea3m y\u00eau th\u01b0\u01a1ng, c\u1ea3m \u0111\u1ed9ng v\u00e0 g\u1ea7n g\u0169i. \u0110\u00e2y l\u00e0 s\u00e1ch m\u1edbi nh\u1ea5t c\u1ee7a t\u00e1c gi\u1ea3 vi\u1ebft v\u1ec1 tu\u1ed5i \u00e1o tr\u1eafng m\u1ed9ng m\u01a1 v\u00e0 tinh ngh\u1ecbch.<\/p>\n","protected":false},"excerpt":{"rendered":"<p>Nh\u1eefng c\u00e2u chuy\u1ec7n v\u1ec1 nh\u00f3m b\u1ea1n h\u1ecdc sinh n\u0103m \u0111\u1ea7u c\u1ea5p 3 v\u1edbi bao k\u1ef7 ni\u1ec7m vui bu\u1ed3n h\u1eddn gi\u1eadn, bao nhi\u00eau tr\u00f2 tinh ngh\u1ecbch c\u1ee7a tu\u1ed5i m\u1edbi l\u1edbn. V\u1edbi nh\u1eefng H\u1ea1t ti\u00eau, T\u00f3c ng\u1eafn, H\u1ed9t m\u00edt, B\u1ea3nh trai, R\u0103ng chu\u1ed9t, M\u1eb7t m\u1ee5n\u2026 \u0111\u00e3 t\u1ea1o n\u00ean kh\u00f4ng kh\u00ed c\u1ee7a m\u1ed9t l\u1edbp h\u1ecdc th\u1eadt d\u1ec5 th\u01b0\u01a1ng v\u1edbi bao nhi\u00eau t\u00ecnh c\u1ea3m y\u00eau th\u01b0\u01a1ng, c\u1ea3m \u0111\u1ed9ng v\u00e0 g\u1ea7n g\u0169i. \u0110\u00e2y l\u00e0 s\u00e1ch m\u1edbi nh\u1ea5t c\u1ee7a t\u00e1c gi\u1ea3 vi\u1ebft v\u1ec1 tu\u1ed5i \u00e1o tr\u1eafng m\u1ed9ng m\u01a1 v\u00e0 tinh ngh\u1ecbch.<\/p>\n","protected":false},"featured_media":10858,"template":"","meta":{"_acf_changed":false},"product_brand":[],"product_cat":[15,45],"product_tag":[],"class_list":{"0":"post-10859","1":"product","2":"type-product","3":"status-publish","4":"has-post-thumbnail","6":"product_cat-sach-danh-cho-nguoi-lon","7":"product_cat-tieu-thuyet","9":"first","10":"outofstock","11":"taxable","12":"shipping-taxable","13":"purchasable","14":"product-type-simple"},"supplier_id":null,"supplier_sku":"","barcode":null,"atum_controlled":true,"out_stock_date":"2021-06-12 17:51:44","out_stock_threshold":null,"inheritable":false,"inbound_stock":0,"stock_on_hold":0,"sold_today":0,"sales_last_days":0,"reserved_stock":0,"customer_returns":0,"warehouse_damage":0,"lost_in_post":0,"other_logs":0,"out_stock_days":1691,"lost_sales":0,"has_location":false,"update_date":"2026-01-28T23:10:47","atum_locations":[],"atum_stock_status":"outofstock","restock_status":false,"low_stock_amount":"","sales_update_date":"2026-01-28T23:10:47","calc_backorders":null,"acf":{"publisher":{"ID":1517,"post_author":"1","post_date":"2021-02-17 01:14:41","post_date_gmt":"2021-02-16 23:14:41","post_content":"","post_title":"NXB Tr\u1ebb","post_excerpt":"","post_status":"publish","comment_status":"closed","ping_status":"closed","post_password":"","post_name":"nxb-tre","to_ping":"","pinged":"","post_modified":"2021-02-17 01:14:41","post_modified_gmt":"2021-02-16 23:14:41","post_content_filtered":"","post_parent":0,"guid":"https:\/\/sachviet.eu\/nha-phat-hanh\/nxb-tre\/","menu_order":0,"post_type":"publisher","post_mime_type":"","comment_count":"0","filter":"raw"}},"_links":{"self":[{"href":"https:\/\/sachviet.eu\/en\/wp-json\/wp\/v2\/product\/10859","targetHints":{"allow":["GET"]}}],"collection":[{"href":"https:\/\/sachviet.eu\/en\/wp-json\/wp\/v2\/product"}],"about":[{"href":"https:\/\/sachviet.eu\/en\/wp-json\/wp\/v2\/types\/product"}],"wp:featuredmedia":[{"embeddable":true,"href":"https:\/\/sachviet.eu\/en\/wp-json\/wp\/v2\/media\/10858"}],"wp:attachment":[{"href":"https:\/\/sachviet.eu\/en\/wp-json\/wp\/v2\/media?parent=10859"}],"wp:term":[{"taxonomy":"product_brand","embeddable":true,"href":"https:\/\/sachviet.eu\/en\/wp-json\/wp\/v2\/product_brand?post=10859"},{"taxonomy":"product_cat","embeddable":true,"href":"https:\/\/sachviet.eu\/en\/wp-json\/wp\/v2\/product_cat?post=10859"},{"taxonomy":"product_tag","embeddable":true,"href":"https:\/\/sachviet.eu\/en\/wp-json\/wp\/v2\/product_tag?post=10859"}],"curies":[{"name":"wp","href":"https:\/\/api.w.org\/{rel}","templated":true}]}}