{"id":10857,"date":"2021-06-03T01:02:46","date_gmt":"2021-06-02T22:02:46","guid":{"rendered":"https:\/\/sachviet.eu\/shop\/nhung-chang-trai-xau-tinh\/"},"modified":"2025-05-24T22:49:48","modified_gmt":"2025-05-24T19:49:48","slug":"nhung-chang-trai-xau-tinh","status":"publish","type":"product","link":"https:\/\/sachviet.eu\/en\/shop\/nhung-chang-trai-xau-tinh\/","title":{"rendered":"Nh\u1eefng Ch\u00e0ng Trai X\u1ea5u T\u00ednh"},"content":{"rendered":"<p>T\u1eeb nh\u1eefng l\u1ea7n g\u1eb7p g\u1ee1 th\u01b0\u1eddng xuy\u00ean \u1edf h\u1ed3 b\u01a1i, c\u00f3 m\u1ed9t cu\u1ed9c chi\u1ebfn tranh t\u01b0\u1edfng b\u00f9ng n\u1ed5 gi\u1eefa hai ch\u00e0ng trai v\u1ed1n l\u00e0 \u201cchi\u1ebfn h\u1eefu\u201d. T\u1ea5t c\u1ea3 ch\u1ec9 l\u00e0 v\u00ec m\u1ed9t c\u00f4 g\u00e1i c\u00f3 h\u00e0nh tung kh\u00f3 hi\u1ec3u v\u00e0 t\u00ednh n\u1ebft thay \u0111\u1ed5i li\u00ean t\u1ee5c. S\u1ef1 hi\u1ec3u l\u1ea7m \u1ea5y may thay kh\u00f4ng k\u00e9o d\u00e0i l\u00e2u qu\u00e1, b\u1edfi v\u00ec sau c\u00f9ng hai ch\u00e0ng trai x\u1ea5u t\u00ednh \u1ea5y hi\u1ec3u ra, h\u1ecd \u0111ang y\u00eau hai ch\u1ecb em sinh \u0111\u00f4i.<\/p>\n","protected":false},"excerpt":{"rendered":"<p>T\u1eeb nh\u1eefng l\u1ea7n g\u1eb7p g\u1ee1 th\u01b0\u1eddng xuy\u00ean \u1edf h\u1ed3 b\u01a1i, c\u00f3 m\u1ed9t cu\u1ed9c chi\u1ebfn tranh t\u01b0\u1edfng b\u00f9ng n\u1ed5 gi\u1eefa hai ch\u00e0ng trai v\u1ed1n l\u00e0 \u201cchi\u1ebfn h\u1eefu\u201d. T\u1ea5t c\u1ea3 ch\u1ec9 l\u00e0 v\u00ec m\u1ed9t c\u00f4 g\u00e1i c\u00f3 h\u00e0nh tung kh\u00f3 hi\u1ec3u v\u00e0 t\u00ednh n\u1ebft thay \u0111\u1ed5i li\u00ean t\u1ee5c. S\u1ef1 hi\u1ec3u l\u1ea7m \u1ea5y may thay kh\u00f4ng k\u00e9o d\u00e0i l\u00e2u qu\u00e1, b\u1edfi v\u00ec sau c\u00f9ng hai ch\u00e0ng trai x\u1ea5u t\u00ednh \u1ea5y hi\u1ec3u ra, h\u1ecd \u0111ang y\u00eau hai ch\u1ecb em sinh \u0111\u00f4i.<\/p>\n","protected":false},"featured_media":10848,"template":"","meta":{"_acf_changed":false},"product_brand":[],"product_cat":[15,45],"product_tag":[],"class_list":{"0":"post-10857","1":"product","2":"type-product","3":"status-publish","4":"has-post-thumbnail","6":"product_cat-sach-danh-cho-nguoi-lon","7":"product_cat-tieu-thuyet","9":"first","10":"outofstock","11":"taxable","12":"shipping-taxable","13":"purchasable","14":"product-type-simple"},"supplier_id":null,"supplier_sku":"","barcode":null,"atum_controlled":true,"out_stock_date":"2021-06-15 12:13:23","out_stock_threshold":null,"inheritable":false,"inbound_stock":0,"stock_on_hold":0,"sold_today":0,"sales_last_days":0,"reserved_stock":0,"customer_returns":0,"warehouse_damage":0,"lost_in_post":0,"other_logs":0,"out_stock_days":1688,"lost_sales":0,"has_location":false,"update_date":"2026-01-28T23:11:29","atum_locations":[],"atum_stock_status":"outofstock","restock_status":false,"low_stock_amount":"","sales_update_date":"2026-01-28T23:11:29","calc_backorders":null,"acf":{"publisher":{"ID":1517,"post_author":"1","post_date":"2021-02-17 01:14:41","post_date_gmt":"2021-02-16 23:14:41","post_content":"","post_title":"NXB Tr\u1ebb","post_excerpt":"","post_status":"publish","comment_status":"closed","ping_status":"closed","post_password":"","post_name":"nxb-tre","to_ping":"","pinged":"","post_modified":"2021-02-17 01:14:41","post_modified_gmt":"2021-02-16 23:14:41","post_content_filtered":"","post_parent":0,"guid":"https:\/\/sachviet.eu\/nha-phat-hanh\/nxb-tre\/","menu_order":0,"post_type":"publisher","post_mime_type":"","comment_count":"0","filter":"raw"}},"_links":{"self":[{"href":"https:\/\/sachviet.eu\/en\/wp-json\/wp\/v2\/product\/10857","targetHints":{"allow":["GET"]}}],"collection":[{"href":"https:\/\/sachviet.eu\/en\/wp-json\/wp\/v2\/product"}],"about":[{"href":"https:\/\/sachviet.eu\/en\/wp-json\/wp\/v2\/types\/product"}],"wp:featuredmedia":[{"embeddable":true,"href":"https:\/\/sachviet.eu\/en\/wp-json\/wp\/v2\/media\/10848"}],"wp:attachment":[{"href":"https:\/\/sachviet.eu\/en\/wp-json\/wp\/v2\/media?parent=10857"}],"wp:term":[{"taxonomy":"product_brand","embeddable":true,"href":"https:\/\/sachviet.eu\/en\/wp-json\/wp\/v2\/product_brand?post=10857"},{"taxonomy":"product_cat","embeddable":true,"href":"https:\/\/sachviet.eu\/en\/wp-json\/wp\/v2\/product_cat?post=10857"},{"taxonomy":"product_tag","embeddable":true,"href":"https:\/\/sachviet.eu\/en\/wp-json\/wp\/v2\/product_tag?post=10857"}],"curies":[{"name":"wp","href":"https:\/\/api.w.org\/{rel}","templated":true}]}}