{"id":10847,"date":"2021-06-03T01:01:56","date_gmt":"2021-06-02T22:01:56","guid":{"rendered":"https:\/\/sachviet.eu\/shop\/nhung-co-em-gai-tai-ban-2019\/"},"modified":"2021-06-15T15:13:23","modified_gmt":"2021-06-15T12:13:23","slug":"nhung-co-em-gai-tai-ban-2019","status":"publish","type":"product","link":"https:\/\/sachviet.eu\/en\/shop\/nhung-co-em-gai-tai-ban-2019\/","title":{"rendered":"Nh\u1eefng C\u00f4 Em G\u00e1i (T\u00e1i B\u1ea3n 2019)"},"content":{"rendered":"<p>Khoa t\u1eeb qu\u00ea ra th\u00e0nh ph\u1ed1 h\u1ecdc, t\u1ea5p t\u1ec3nh l\u00e0m th\u01a1 \u0111\u01b0\u1ee3c \u0111\u0103ng b\u00e1o v\u00e0 b\u1eaft \u0111\u1ea7u n\u1ed5i ti\u1ebfng trong gi\u1edbi h\u1ecdc sinh. Nh\u1edd th\u1ebf, Khoa \u0111\u01b0\u1ee3c c\u00e1c b\u1ea1n trai trong l\u1edbp h\u00e2m m\u1ed9, nh\u1edd l\u00e0m th\u01a1 t\u1eb7ng em g\u00e1i m\u00ecnh, th\u1ef1c t\u1ebf l\u00e0 d\u00f9ng th\u01a1 \u1ea5y t\u1eb7ng b\u1ea1n g\u00e1i ho\u1eb7c ng\u01b0\u1eddi y\u00eau. Run r\u1ee7i th\u1ebf n\u00e0o, nh\u1eefng b\u00e0i th\u01a1 \u1ea5y \u0111\u01b0\u1ee3c truy\u1ec1n tay qua m\u1ed9t con \u0111\u01b0\u1eddng v\u00f2ng n\u00e0o \u0111\u00f3 l\u1ea1i \u0111\u1ebfn tay Quy\u00ean, c\u00f4 g\u00e1i m\u00e0 Khoa th\u1ea7m y\u00eau tr\u1ed9m nh\u1edb v\u00e0 nh\u1eefng b\u00e0i th\u01a1 l\u00e0m gi\u00f9m b\u1ea1n b\u00e8 \u1ea5y \u0111\u00e3 l\u1ea5y c\u1ea3m t\u01b0\u1edfng th\u1eadt t\u1eeb m\u1ed1i t\u00ecnh ch\u01b0a ng\u1ecf v\u1edbi Quy\u00ean. S\u1ef1 vi\u1ec7c \u1ea5y g\u00e2y nhi\u1ec1u hi\u1ec3u l\u1ea7m v\u00e0 nu\u00f4i trong Khoa ni\u1ec1m hy v\u1ecdng tr\u01b0\u1edbc khi Khoa \u0111\u1ed1i di\u1ec7n v\u1edbi s\u1ef1 th\u1eadt.<\/p>\n","protected":false},"excerpt":{"rendered":"<p>Khoa t\u1eeb qu\u00ea ra th\u00e0nh ph\u1ed1 h\u1ecdc, t\u1ea5p t\u1ec3nh l\u00e0m th\u01a1 \u0111\u01b0\u1ee3c \u0111\u0103ng b\u00e1o v\u00e0 b\u1eaft \u0111\u1ea7u n\u1ed5i ti\u1ebfng trong gi\u1edbi h\u1ecdc sinh. Nh\u1edd th\u1ebf, Khoa \u0111\u01b0\u1ee3c c\u00e1c b\u1ea1n trai trong l\u1edbp h\u00e2m m\u1ed9, nh\u1edd l\u00e0m th\u01a1 t\u1eb7ng em g\u00e1i m\u00ecnh, th\u1ef1c t\u1ebf l\u00e0 d\u00f9ng th\u01a1 \u1ea5y t\u1eb7ng b\u1ea1n g\u00e1i ho\u1eb7c ng\u01b0\u1eddi y\u00eau. Run r\u1ee7i th\u1ebf n\u00e0o, nh\u1eefng b\u00e0i th\u01a1 \u1ea5y \u0111\u01b0\u1ee3c truy\u1ec1n tay qua m\u1ed9t con \u0111\u01b0\u1eddng v\u00f2ng n\u00e0o \u0111\u00f3 l\u1ea1i \u0111\u1ebfn tay Quy\u00ean, c\u00f4 g\u00e1i m\u00e0 Khoa th\u1ea7m y\u00eau tr\u1ed9m nh\u1edb v\u00e0 nh\u1eefng b\u00e0i th\u01a1 l\u00e0m gi\u00f9m b\u1ea1n b\u00e8 \u1ea5y \u0111\u00e3 l\u1ea5y c\u1ea3m t\u01b0\u1edfng th\u1eadt t\u1eeb m\u1ed1i t\u00ecnh ch\u01b0a ng\u1ecf v\u1edbi Quy\u00ean. S\u1ef1 vi\u1ec7c \u1ea5y g\u00e2y nhi\u1ec1u hi\u1ec3u l\u1ea7m v\u00e0 nu\u00f4i trong Khoa ni\u1ec1m hy v\u1ecdng tr\u01b0\u1edbc khi Khoa \u0111\u1ed1i di\u1ec7n v\u1edbi s\u1ef1 th\u1eadt.<\/p>\n","protected":false},"featured_media":10846,"template":"","meta":{"_acf_changed":false},"product_brand":[],"product_cat":[15,45],"product_tag":[],"class_list":{"0":"post-10847","1":"product","2":"type-product","3":"status-publish","4":"has-post-thumbnail","6":"product_cat-sach-danh-cho-nguoi-lon","7":"product_cat-tieu-thuyet","9":"first","10":"outofstock","11":"taxable","12":"shipping-taxable","13":"purchasable","14":"product-type-simple"},"supplier_id":null,"supplier_sku":"","barcode":null,"atum_controlled":true,"out_stock_date":"2021-06-15 12:13:23","out_stock_threshold":null,"inheritable":false,"inbound_stock":0,"stock_on_hold":0,"sold_today":0,"sales_last_days":0,"reserved_stock":0,"customer_returns":0,"warehouse_damage":0,"lost_in_post":0,"other_logs":0,"out_stock_days":1688,"lost_sales":0,"has_location":false,"update_date":"2026-01-28T23:10:47","atum_locations":[],"atum_stock_status":"outofstock","restock_status":false,"low_stock_amount":"","sales_update_date":"2026-01-28T23:10:47","calc_backorders":null,"acf":{"publisher":{"ID":1517,"post_author":"1","post_date":"2021-02-17 01:14:41","post_date_gmt":"2021-02-16 23:14:41","post_content":"","post_title":"NXB Tr\u1ebb","post_excerpt":"","post_status":"publish","comment_status":"closed","ping_status":"closed","post_password":"","post_name":"nxb-tre","to_ping":"","pinged":"","post_modified":"2021-02-17 01:14:41","post_modified_gmt":"2021-02-16 23:14:41","post_content_filtered":"","post_parent":0,"guid":"https:\/\/sachviet.eu\/nha-phat-hanh\/nxb-tre\/","menu_order":0,"post_type":"publisher","post_mime_type":"","comment_count":"0","filter":"raw"}},"_links":{"self":[{"href":"https:\/\/sachviet.eu\/en\/wp-json\/wp\/v2\/product\/10847","targetHints":{"allow":["GET"]}}],"collection":[{"href":"https:\/\/sachviet.eu\/en\/wp-json\/wp\/v2\/product"}],"about":[{"href":"https:\/\/sachviet.eu\/en\/wp-json\/wp\/v2\/types\/product"}],"wp:featuredmedia":[{"embeddable":true,"href":"https:\/\/sachviet.eu\/en\/wp-json\/wp\/v2\/media\/10846"}],"wp:attachment":[{"href":"https:\/\/sachviet.eu\/en\/wp-json\/wp\/v2\/media?parent=10847"}],"wp:term":[{"taxonomy":"product_brand","embeddable":true,"href":"https:\/\/sachviet.eu\/en\/wp-json\/wp\/v2\/product_brand?post=10847"},{"taxonomy":"product_cat","embeddable":true,"href":"https:\/\/sachviet.eu\/en\/wp-json\/wp\/v2\/product_cat?post=10847"},{"taxonomy":"product_tag","embeddable":true,"href":"https:\/\/sachviet.eu\/en\/wp-json\/wp\/v2\/product_tag?post=10847"}],"curies":[{"name":"wp","href":"https:\/\/api.w.org\/{rel}","templated":true}]}}