{"id":10845,"date":"2021-06-03T01:01:50","date_gmt":"2021-06-02T22:01:50","guid":{"rendered":"https:\/\/sachviet.eu\/shop\/trai-hoa-vang\/"},"modified":"2021-06-23T21:17:55","modified_gmt":"2021-06-23T18:17:55","slug":"trai-hoa-vang","status":"publish","type":"product","link":"https:\/\/sachviet.eu\/en\/shop\/trai-hoa-vang\/","title":{"rendered":"Tr\u1ea1i Hoa V\u00e0ng"},"content":{"rendered":"<p>Truy\u1ec7n \u0111\u00e3 \u0111\u01b0\u1ee3c \u0111\u0103ng d\u00e0i k\u1ef3 tr\u00ean b\u00e1o M\u1ef1c T\u00edm. Chu\u1ea9n nh\u00e0 ngh\u00e8o, h\u1ecdc kh\u00f4ng kh\u00e1 l\u1eafm, nh\u01b0ng c\u00f3 nhi\u1ec1u b\u1ea1n. Y\u00eau hoa, Chu\u1ea9n \u0111\u00e3 t\u1ef1 tr\u1ed3ng \u0111\u01b0\u1ee3c m\u1ed9t v\u01b0\u1eddn hoa v\u00e0ng. C\u00f3 c\u00f4 b\u00e9 t\u00ean Th\u1ea3o h\u00e0ng x\u00f3m th\u01b0\u1eddng hay sang ch\u01a1i c\u00f9ng ch\u0103m s\u00f3c hoa v\u1edbi Chu\u1ea9n. M\u1ed9t h\u00f4m, Th\u1ea3o ng\u1ecf \u00fd xin m\u1ed9t \u0111\u00f3a h\u1ed3ng, Chu\u1ea9n \u0111\u00e3 ng\u1ea7n ng\u1ea1i v\u00ec ngh\u0129 hoa h\u1ed3ng ch\u1ec9 t\u1eb7ng cho ng\u01b0\u1eddi m\u00ecnh y\u00eau\u2026. L\u00fac \u0111\u00f3, Chu\u1ea9n \u0111\u00e3 ph\u1ea3i l\u00f2ng C\u1ea9m Ph\u00f4 \u2013 m\u1ed9t ng\u01b0\u1eddi b\u1ea1n g\u00e1i h\u1ecdc chung t\u1eebng b\u00eanh v\u1ef1c cho Chu\u1ea9n. V\u00e0\u2026<\/p>\n","protected":false},"excerpt":{"rendered":"<p>Truy\u1ec7n \u0111\u00e3 \u0111\u01b0\u1ee3c \u0111\u0103ng d\u00e0i k\u1ef3 tr\u00ean b\u00e1o M\u1ef1c T\u00edm. Chu\u1ea9n nh\u00e0 ngh\u00e8o, h\u1ecdc kh\u00f4ng kh\u00e1 l\u1eafm, nh\u01b0ng c\u00f3 nhi\u1ec1u b\u1ea1n. Y\u00eau hoa, Chu\u1ea9n \u0111\u00e3 t\u1ef1 tr\u1ed3ng \u0111\u01b0\u1ee3c m\u1ed9t v\u01b0\u1eddn hoa v\u00e0ng. C\u00f3 c\u00f4 b\u00e9 t\u00ean Th\u1ea3o h\u00e0ng x\u00f3m th\u01b0\u1eddng hay sang ch\u01a1i c\u00f9ng ch\u0103m s\u00f3c hoa v\u1edbi Chu\u1ea9n. M\u1ed9t h\u00f4m, Th\u1ea3o ng\u1ecf \u00fd xin m\u1ed9t \u0111\u00f3a h\u1ed3ng, Chu\u1ea9n \u0111\u00e3 ng\u1ea7n ng\u1ea1i v\u00ec ngh\u0129 hoa h\u1ed3ng ch\u1ec9 t\u1eb7ng cho ng\u01b0\u1eddi m\u00ecnh y\u00eau\u2026. L\u00fac \u0111\u00f3, Chu\u1ea9n \u0111\u00e3 ph\u1ea3i l\u00f2ng C\u1ea9m Ph\u00f4 \u2013 m\u1ed9t ng\u01b0\u1eddi b\u1ea1n g\u00e1i h\u1ecdc chung t\u1eebng b\u00eanh v\u1ef1c cho Chu\u1ea9n. V\u00e0\u2026<\/p>\n","protected":false},"featured_media":10844,"template":"","meta":{"_acf_changed":false},"product_brand":[],"product_cat":[15,45],"product_tag":[],"class_list":{"0":"post-10845","1":"product","2":"type-product","3":"status-publish","4":"has-post-thumbnail","6":"product_cat-sach-danh-cho-nguoi-lon","7":"product_cat-tieu-thuyet","9":"first","10":"outofstock","11":"taxable","12":"shipping-taxable","13":"purchasable","14":"product-type-simple"},"supplier_id":null,"supplier_sku":"","barcode":null,"atum_controlled":true,"out_stock_date":"2021-06-23 18:17:55","out_stock_threshold":null,"inheritable":false,"inbound_stock":0,"stock_on_hold":0,"sold_today":0,"sales_last_days":0,"reserved_stock":0,"customer_returns":0,"warehouse_damage":0,"lost_in_post":0,"other_logs":0,"out_stock_days":1680,"lost_sales":0,"has_location":false,"update_date":"2026-01-28T23:10:47","atum_locations":[],"atum_stock_status":"outofstock","restock_status":false,"low_stock_amount":"","sales_update_date":"2026-01-28T23:10:47","calc_backorders":null,"acf":{"publisher":{"ID":1517,"post_author":"1","post_date":"2021-02-17 01:14:41","post_date_gmt":"2021-02-16 23:14:41","post_content":"","post_title":"NXB Tr\u1ebb","post_excerpt":"","post_status":"publish","comment_status":"closed","ping_status":"closed","post_password":"","post_name":"nxb-tre","to_ping":"","pinged":"","post_modified":"2021-02-17 01:14:41","post_modified_gmt":"2021-02-16 23:14:41","post_content_filtered":"","post_parent":0,"guid":"https:\/\/sachviet.eu\/nha-phat-hanh\/nxb-tre\/","menu_order":0,"post_type":"publisher","post_mime_type":"","comment_count":"0","filter":"raw"}},"_links":{"self":[{"href":"https:\/\/sachviet.eu\/en\/wp-json\/wp\/v2\/product\/10845","targetHints":{"allow":["GET"]}}],"collection":[{"href":"https:\/\/sachviet.eu\/en\/wp-json\/wp\/v2\/product"}],"about":[{"href":"https:\/\/sachviet.eu\/en\/wp-json\/wp\/v2\/types\/product"}],"wp:featuredmedia":[{"embeddable":true,"href":"https:\/\/sachviet.eu\/en\/wp-json\/wp\/v2\/media\/10844"}],"wp:attachment":[{"href":"https:\/\/sachviet.eu\/en\/wp-json\/wp\/v2\/media?parent=10845"}],"wp:term":[{"taxonomy":"product_brand","embeddable":true,"href":"https:\/\/sachviet.eu\/en\/wp-json\/wp\/v2\/product_brand?post=10845"},{"taxonomy":"product_cat","embeddable":true,"href":"https:\/\/sachviet.eu\/en\/wp-json\/wp\/v2\/product_cat?post=10845"},{"taxonomy":"product_tag","embeddable":true,"href":"https:\/\/sachviet.eu\/en\/wp-json\/wp\/v2\/product_tag?post=10845"}],"curies":[{"name":"wp","href":"https:\/\/api.w.org\/{rel}","templated":true}]}}