{"id":10843,"date":"2021-06-03T01:01:45","date_gmt":"2021-06-02T22:01:45","guid":{"rendered":"https:\/\/sachviet.eu\/shop\/truoc-vong-chung-ket\/"},"modified":"2021-06-23T21:17:55","modified_gmt":"2021-06-23T18:17:55","slug":"truoc-vong-chung-ket","status":"publish","type":"product","link":"https:\/\/sachviet.eu\/en\/shop\/truoc-vong-chung-ket\/","title":{"rendered":"Tr\u01b0\u1edbc V\u00f2ng Chung K\u1ebft"},"content":{"rendered":"<p>Tr\u00e0n ng\u1eadp kh\u00f4ng kh\u00ed b\u00f3ng \u0111\u00e1, kh\u00f4ng kh\u00ed v\u1ec9a h\u00e8\u2026 \u0111\u1eadm m\u00f9i h\u00e0o hi\u1ec7p, th\u01b0\u1ee3ng v\u00f5. L\u1ebd d\u0129 nhi\u00ean nh\u01b0 cu\u1ed9c \u0111\u1eddi, c\u00f3 \u0111\u00e2u \u0111\u00f3 nh\u1eefng m\u01b0u toan nh\u1ecf nhen, nh\u1eefng tr\u00f2 ch\u01a1i b\u1ea9n\u2026 kh\u00f4ng \u0111\u00e1ng m\u1eb7t anh h\u00e0o. Nh\u01b0ng\u2026. (ch\u1eef nh\u01b0ng d\u00e0nh cho s\u1ef1 kh\u00e1m ph\u00e1 c\u1ee7a c\u00e1c b\u1ea1n)<\/p>\n<p>\u201cCh\u01b0a t\u1edbi ba gi\u1edd chi\u1ec1u, tr\u1eddi c\u00f2n n\u1eafng chang chang, c\u00e1c c\u1ea7u th\u1ee7 c\u1ee7a hai \u0111\u1ed9i \u201cM\u0169i t\u00ean v\u00e0ng\u201d v\u00e0 \u201cS\u01b0 t\u1eed\u201d \u0111\u00e3 t\u1edbi ng\u1ed3i ch\u1ea7u r\u00eca c\u1ea1nh s\u00e2n b\u00f3ng ph\u01b0\u1eddng 2, ch\u1edd t\u1edbi l\u01b0\u1ee3t m\u00ecnh. Th\u1eddi gian g\u1ea7n \u0111\u00e2y nh\u1edd s\u1ef1 can thi\u1ec7p c\u1ee7a anh Long, c\u00e1c c\u1ea7u th\u1ee7 h\u00e8 ph\u1ed1 n\u00e0y \u0111\u00e3 \u0111\u01b0\u1ee3c x\u1ebfp l\u1ecbch t\u1eadp d\u01b0\u1ee3t t\u1ea1i s\u00e2n b\u00f3ng \u201cng\u01b0\u1eddi l\u1edbn\u201d t\u1eeb ba \u0111\u1ebfn n\u0103m gi\u1edd chi\u1ec1u trong c\u00e1c ng\u00e0y th\u1ee9 hai v\u00e0 th\u1ee9 s\u00e1u m\u1ed7i tu\u1ea7n.<\/p>\n<p>C\u00f2n chi\u1ec1u th\u1ee9 n\u0103m th\u00ec tu\u1ef3 theo t\u00ecnh h\u00ecnh s\u00e2n b\u00e3i, c\u00e1c ch\u00fa nh\u00f3c c\u00f3 th\u1ec3 \u0111\u01b0\u1ee3c s\u1eafp x\u1ebfp \u0111\u00e1 \u201ck\u00e9\u201d v\u00e0o gi\u1eefa hai c\u1eef d\u01b0\u1ee3t c\u1ee7a c\u00e1c \u0111\u1ed9i b\u00f3ng thanh ni\u00ean. Nh\u1eefng n\u1ea1n nh\u00e2n \u0111au kh\u1ed5 c\u01b0 ng\u1ee5 hai b\u00ean c\u1eeda h\u00e0ng b\u00e1ch h\u00f3a tho\u1ea1t \u0111\u1ea7u kh\u00f4ng hi\u1ec3u s\u1ef1 t\u00ecnh l\u00e0m cho m\u00e0 \u201cl\u0169 ti\u00eau y\u00eau\u201d bi\u1ebfn m\u1ea5t \u0111\u1ed9t ng\u1ed9t nh\u01b0 v\u1eady v\u00e0 sau \u0111\u00f3 d\u0129 nhi\u00ean l\u00e0 h\u1ecd r\u1ea5t th\u00edch th\u00fa khi bi\u1ebft \u0110o\u00e0n thanh ni\u00ean ph\u01b0\u1eddng \u0111\u00e3 gi\u1ea3i quy\u1ebft \u0111\u01b0\u1ee3c t\u1ee5 \u0111i\u1ec3m sinh ho\u1ea1t cho c\u00e1c ch\u00fa b\u00e9 hi\u1ebfu \u0111\u1ed9ng.<\/p>\n<p>Trong khi \u0111\u00f3 th\u00ec \u201cl\u0169 ti\u1ec3u y\u00eau\u201d \u0111\u00e3 d\u1eddi \u0111\u1ecba b\u00e0n ho\u1ea1t \u0111\u1ed9ng c\u1ee7a m\u00ecnh v\u1ec1 s\u00e2n b\u00f3ng c\u1ee7a ph\u01b0\u1eddng, c\u0169ng v\u1edbi m\u1ed9t s\u1ef1 th\u00edch th\u00fa kh\u00f4ng k\u00e9m. Th\u1ef1c ra, c\u00e1i s\u00e2n b\u00f3ng n\u00e0y ch\u1ec9 m\u1edbi \u0111\u01b0\u1ee3c th\u00e0nh l\u1eadp c\u00e1ch nay kho\u1ea3ng ba th\u00e1ng. \u0110o\u00e0n vi\u00ean thanh ni\u00ean trong ph\u01b0\u1eddng \u0111\u01b0\u1ee3c huy \u0111\u1ed9ng, v\u1edbi cu\u1ed1c x\u1ebbng tr\u00ean tay, san ph\u1eb3ng m\u1ed9t b\u00e3i \u0111\u1ea5t tr\u1ed1ng v\u1ed1n tr\u01b0\u1edbc \u0111ay l\u00e0 m\u1ed9t tr\u1ea1i nu\u00f4i g\u00e0 c\u00f4ng nghi\u1ec7p b\u1ecb b\u1ecf hoang l\u00e0m s\u00e2n v\u1eadn \u0111\u1ed9ng. Trong v\u00f2ng m\u1ed9t tu\u1ea7n, c\u00e1i mi\u1ebfng \u0111\u1ea5t l\u1edbn \u0111\u00f3 \u0111\u00e3 \u0111\u01b0\u1ee3c c\u1ea3i t\u1ea1o th\u00e0nh m\u1ed9t s\u00e2n b\u00f3ng \u0111\u00e0ng ho\u00e0ng. V\u1eeba ra \u0111\u1eddi xong, s\u00e2n b\u00f3ng \u0111\u00e3 ch\u1ee9ng minh ngay s\u1ef1 \u0111\u00f3ng g\u00f3p c\u1ee7a m\u00ecnh. C\u00e1c \u0111\u1ed9i b\u00f3ng thanh ni\u00ean, sau \u0111\u00f3 l\u00e0 c\u00e1c \u0111\u1ed9i b\u00f3ng l\u00e3o t\u01b0\u1edbng, v\u00e0 sau \u0111\u00f3 n\u1eefa l\u00e0 c\u00e1c \u0111\u1ed9i b\u00f3ng thi\u1ebfu nhi \u0111\u00e3 l\u1ea7n l\u01b0\u1ee3t \u0111\u01b0\u1ee3c ph\u00e2n gi\u1edd gi\u1ea5c t\u1eadp luy\u1ec7n \u1edf \u0111\u00f3. T\u1eeb s\u1edbm tinh m\u01a1 \u0111\u1ebfn s\u00e2m s\u1ea9m t\u1ed1i, s\u00e2n b\u00f3ng nh\u00f4n nh\u1ecbp k\u1ebb ra ng\u01b0\u1eddi v\u00e0o.<\/p>\n<p>C\u00e1c c\u1ea7u th\u1ee7 c\u1ee7a hai \u0111\u1ed9i \u201cM\u0169i t\u00ean v\u00e0ng\u201d v\u00e0 \u201cS\u01b0 t\u1eed\u201d \u0111\u1eb7c bi\u1ec7t y\u00eau m\u1ebfn s\u00e2n b\u00f3ng \u201cc\u1ee7a m\u00ecnh\u201d. \u1ede \u0111\u00e2y, tr\u00ean m\u1ea3nh \u0111\u1ea5t th\u00e2n th\u01b0\u01a1ng n\u00e0y, ch\u00fang c\u00f3 th\u1ec3 \u0111\u00e1 th\u1eb3ng gi\u00f2 th\u1eb3ng c\u1eb3ng m\u00e0 kh\u00f4ng ph\u1ea3i th\u1ea5p th\u1ecfm nh\u00ecn theo tr\u00e1i b\u00f3ng v\u00f4 k\u1ef7 lu\u1eadt \u0111ang lao \u0111\u1ea7u v\u00f4 c\u00e1nh c\u1eeda ki\u1ebfng c\u1ee7a m\u1ed9t chi\u1ebfc xe h\u01a1i ch\u1ea1y b\u1eb1ng \u0111\u00f4i m\u1eaft s\u1ee3 h\u00e3i. \u00d4i, ai m\u00e0 ch\u1eb3ng sung s\u01b0\u1edbng khi \u0111u\u1ed5i theo b\u00f3ng tho\u1ea3 th\u00edch m\u00e0 kh\u00f4ng ph\u1ea3i lo l\u1eafng chu\u1ea9n b\u1ecb qu\u01a1 gi\u1ea7y d\u00e9p, qu\u1ea7n \u00e1o ch\u1ea1y to\u00e9 kh\u00f3i n\u1ebfu ch\u1eb3ng may tr\u00e1i b\u00f3ng l\u1ee1 chui v\u00f4 m\u1ed9t khung c\u1eeda n\u00e0o \u0111\u00f3 b\u00ean \u0111\u01b0\u1eddng &#8230;&#8221; M\u1ed9t tr\u00edch \u0111o\u1ea1n c\u1ee7a Tr\u01b0\u1edbc V\u00f2ng Chung K\u1ebft&#8221;<\/p>\n","protected":false},"excerpt":{"rendered":"<p>Tr\u00e0n ng\u1eadp kh\u00f4ng kh\u00ed b\u00f3ng \u0111\u00e1, kh\u00f4ng kh\u00ed v\u1ec9a h\u00e8\u2026 \u0111\u1eadm m\u00f9i h\u00e0o hi\u1ec7p, th\u01b0\u1ee3ng v\u00f5. L\u1ebd d\u0129 nhi\u00ean nh\u01b0 cu\u1ed9c \u0111\u1eddi, c\u00f3 \u0111\u00e2u \u0111\u00f3 nh\u1eefng m\u01b0u toan nh\u1ecf nhen, nh\u1eefng tr\u00f2 ch\u01a1i b\u1ea9n\u2026 kh\u00f4ng \u0111\u00e1ng m\u1eb7t anh h\u00e0o. Nh\u01b0ng\u2026. (ch\u1eef nh\u01b0ng d\u00e0nh cho s\u1ef1 kh\u00e1m ph\u00e1 c\u1ee7a c\u00e1c b\u1ea1n)<\/p>\n<p>\u201cCh\u01b0a t\u1edbi ba gi\u1edd chi\u1ec1u, tr\u1eddi c\u00f2n n\u1eafng chang chang, c\u00e1c c\u1ea7u th\u1ee7 c\u1ee7a hai \u0111\u1ed9i \u201cM\u0169i t\u00ean v\u00e0ng\u201d v\u00e0 \u201cS\u01b0 t\u1eed\u201d \u0111\u00e3 t\u1edbi ng\u1ed3i ch\u1ea7u r\u00eca c\u1ea1nh s\u00e2n b\u00f3ng ph\u01b0\u1eddng 2, ch\u1edd t\u1edbi l\u01b0\u1ee3t m\u00ecnh. Th\u1eddi gian g\u1ea7n \u0111\u00e2y nh\u1edd s\u1ef1 can thi\u1ec7p c\u1ee7a anh Long, c\u00e1c c\u1ea7u th\u1ee7 h\u00e8 ph\u1ed1 n\u00e0y \u0111\u00e3 \u0111\u01b0\u1ee3c x\u1ebfp l\u1ecbch t\u1eadp d\u01b0\u1ee3t t\u1ea1i s\u00e2n b\u00f3ng \u201cng\u01b0\u1eddi l\u1edbn\u201d t\u1eeb ba \u0111\u1ebfn n\u0103m gi\u1edd chi\u1ec1u trong c\u00e1c ng\u00e0y th\u1ee9 hai v\u00e0 th\u1ee9 s\u00e1u m\u1ed7i tu\u1ea7n.<\/p>\n<p>C\u00f2n chi\u1ec1u th\u1ee9 n\u0103m th\u00ec tu\u1ef3 theo t\u00ecnh h\u00ecnh s\u00e2n b\u00e3i, c\u00e1c ch\u00fa nh\u00f3c c\u00f3 th\u1ec3 \u0111\u01b0\u1ee3c s\u1eafp x\u1ebfp \u0111\u00e1 \u201ck\u00e9\u201d v\u00e0o gi\u1eefa hai c\u1eef d\u01b0\u1ee3t c\u1ee7a c\u00e1c \u0111\u1ed9i b\u00f3ng thanh ni\u00ean. Nh\u1eefng n\u1ea1n nh\u00e2n \u0111au kh\u1ed5 c\u01b0 ng\u1ee5 hai b\u00ean c\u1eeda h\u00e0ng b\u00e1ch h\u00f3a tho\u1ea1t \u0111\u1ea7u kh\u00f4ng hi\u1ec3u s\u1ef1 t\u00ecnh l\u00e0m cho m\u00e0 \u201cl\u0169 ti\u00eau y\u00eau\u201d bi\u1ebfn m\u1ea5t \u0111\u1ed9t ng\u1ed9t nh\u01b0 v\u1eady v\u00e0 sau \u0111\u00f3 d\u0129 nhi\u00ean l\u00e0 h\u1ecd r\u1ea5t th\u00edch th\u00fa khi bi\u1ebft \u0110o\u00e0n thanh ni\u00ean ph\u01b0\u1eddng \u0111\u00e3 gi\u1ea3i quy\u1ebft \u0111\u01b0\u1ee3c t\u1ee5 \u0111i\u1ec3m sinh ho\u1ea1t cho c\u00e1c ch\u00fa b\u00e9 hi\u1ebfu \u0111\u1ed9ng.<\/p>\n<p>Trong khi \u0111\u00f3 th\u00ec \u201cl\u0169 ti\u1ec3u y\u00eau\u201d \u0111\u00e3 d\u1eddi \u0111\u1ecba b\u00e0n ho\u1ea1t \u0111\u1ed9ng c\u1ee7a m\u00ecnh v\u1ec1 s\u00e2n b\u00f3ng c\u1ee7a ph\u01b0\u1eddng, c\u0169ng v\u1edbi m\u1ed9t s\u1ef1 th\u00edch th\u00fa kh\u00f4ng k\u00e9m. Th\u1ef1c ra, c\u00e1i s\u00e2n b\u00f3ng n\u00e0y ch\u1ec9 m\u1edbi \u0111\u01b0\u1ee3c th\u00e0nh l\u1eadp c\u00e1ch nay kho\u1ea3ng ba th\u00e1ng. \u0110o\u00e0n vi\u00ean thanh ni\u00ean trong ph\u01b0\u1eddng \u0111\u01b0\u1ee3c huy \u0111\u1ed9ng, v\u1edbi cu\u1ed1c x\u1ebbng tr\u00ean tay, san ph\u1eb3ng m\u1ed9t b\u00e3i \u0111\u1ea5t tr\u1ed1ng v\u1ed1n tr\u01b0\u1edbc \u0111ay l\u00e0 m\u1ed9t tr\u1ea1i nu\u00f4i g\u00e0 c\u00f4ng nghi\u1ec7p b\u1ecb b\u1ecf hoang l\u00e0m s\u00e2n v\u1eadn \u0111\u1ed9ng. Trong v\u00f2ng m\u1ed9t tu\u1ea7n, c\u00e1i mi\u1ebfng \u0111\u1ea5t l\u1edbn \u0111\u00f3 \u0111\u00e3 \u0111\u01b0\u1ee3c c\u1ea3i t\u1ea1o th\u00e0nh m\u1ed9t s\u00e2n b\u00f3ng \u0111\u00e0ng ho\u00e0ng. V\u1eeba ra \u0111\u1eddi xong, s\u00e2n b\u00f3ng \u0111\u00e3 ch\u1ee9ng minh ngay s\u1ef1 \u0111\u00f3ng g\u00f3p c\u1ee7a m\u00ecnh. C\u00e1c \u0111\u1ed9i b\u00f3ng thanh ni\u00ean, sau \u0111\u00f3 l\u00e0 c\u00e1c \u0111\u1ed9i b\u00f3ng l\u00e3o t\u01b0\u1edbng, v\u00e0 sau \u0111\u00f3 n\u1eefa l\u00e0 c\u00e1c \u0111\u1ed9i b\u00f3ng thi\u1ebfu nhi \u0111\u00e3 l\u1ea7n l\u01b0\u1ee3t \u0111\u01b0\u1ee3c ph\u00e2n gi\u1edd gi\u1ea5c t\u1eadp luy\u1ec7n \u1edf \u0111\u00f3. T\u1eeb s\u1edbm tinh m\u01a1 \u0111\u1ebfn s\u00e2m s\u1ea9m t\u1ed1i, s\u00e2n b\u00f3ng nh\u00f4n nh\u1ecbp k\u1ebb ra ng\u01b0\u1eddi v\u00e0o.<\/p>\n<p>C\u00e1c c\u1ea7u th\u1ee7 c\u1ee7a hai \u0111\u1ed9i \u201cM\u0169i t\u00ean v\u00e0ng\u201d v\u00e0 \u201cS\u01b0 t\u1eed\u201d \u0111\u1eb7c bi\u1ec7t y\u00eau m\u1ebfn s\u00e2n b\u00f3ng \u201cc\u1ee7a m\u00ecnh\u201d. \u1ede \u0111\u00e2y, tr\u00ean m\u1ea3nh \u0111\u1ea5t th\u00e2n th\u01b0\u01a1ng n\u00e0y, ch\u00fang c\u00f3 th\u1ec3 \u0111\u00e1 th\u1eb3ng gi\u00f2 th\u1eb3ng c\u1eb3ng m\u00e0 kh\u00f4ng ph\u1ea3i th\u1ea5p th\u1ecfm nh\u00ecn theo tr\u00e1i b\u00f3ng v\u00f4 k\u1ef7 lu\u1eadt \u0111ang lao \u0111\u1ea7u v\u00f4 c\u00e1nh c\u1eeda ki\u1ebfng c\u1ee7a m\u1ed9t chi\u1ebfc xe h\u01a1i ch\u1ea1y b\u1eb1ng \u0111\u00f4i m\u1eaft s\u1ee3 h\u00e3i. \u00d4i, ai m\u00e0 ch\u1eb3ng sung s\u01b0\u1edbng khi \u0111u\u1ed5i theo b\u00f3ng tho\u1ea3 th\u00edch m\u00e0 kh\u00f4ng ph\u1ea3i lo l\u1eafng chu\u1ea9n b\u1ecb qu\u01a1 gi\u1ea7y d\u00e9p, qu\u1ea7n \u00e1o ch\u1ea1y to\u00e9 kh\u00f3i n\u1ebfu ch\u1eb3ng may tr\u00e1i b\u00f3ng l\u1ee1 chui v\u00f4 m\u1ed9t khung c\u1eeda n\u00e0o \u0111\u00f3 b\u00ean \u0111\u01b0\u1eddng &#8230;&#8221; M\u1ed9t tr\u00edch \u0111o\u1ea1n c\u1ee7a Tr\u01b0\u1edbc V\u00f2ng Chung K\u1ebft&#8221;<\/p>\n","protected":false},"featured_media":10842,"template":"","meta":{"_acf_changed":false},"product_brand":[],"product_cat":[15,45],"product_tag":[],"class_list":{"0":"post-10843","1":"product","2":"type-product","3":"status-publish","4":"has-post-thumbnail","6":"product_cat-sach-danh-cho-nguoi-lon","7":"product_cat-tieu-thuyet","9":"first","10":"outofstock","11":"taxable","12":"shipping-taxable","13":"purchasable","14":"product-type-simple"},"supplier_id":null,"supplier_sku":"","barcode":null,"atum_controlled":true,"out_stock_date":"2021-06-23 18:17:55","out_stock_threshold":null,"inheritable":false,"inbound_stock":0,"stock_on_hold":0,"sold_today":0,"sales_last_days":0,"reserved_stock":0,"customer_returns":0,"warehouse_damage":0,"lost_in_post":0,"other_logs":0,"out_stock_days":1680,"lost_sales":0,"has_location":false,"update_date":"2026-01-28T23:10:47","atum_locations":[],"atum_stock_status":"outofstock","restock_status":false,"low_stock_amount":"","sales_update_date":"2026-01-28T23:10:47","calc_backorders":null,"acf":{"publisher":{"ID":1517,"post_author":"1","post_date":"2021-02-17 01:14:41","post_date_gmt":"2021-02-16 23:14:41","post_content":"","post_title":"NXB Tr\u1ebb","post_excerpt":"","post_status":"publish","comment_status":"closed","ping_status":"closed","post_password":"","post_name":"nxb-tre","to_ping":"","pinged":"","post_modified":"2021-02-17 01:14:41","post_modified_gmt":"2021-02-16 23:14:41","post_content_filtered":"","post_parent":0,"guid":"https:\/\/sachviet.eu\/nha-phat-hanh\/nxb-tre\/","menu_order":0,"post_type":"publisher","post_mime_type":"","comment_count":"0","filter":"raw"}},"_links":{"self":[{"href":"https:\/\/sachviet.eu\/en\/wp-json\/wp\/v2\/product\/10843","targetHints":{"allow":["GET"]}}],"collection":[{"href":"https:\/\/sachviet.eu\/en\/wp-json\/wp\/v2\/product"}],"about":[{"href":"https:\/\/sachviet.eu\/en\/wp-json\/wp\/v2\/types\/product"}],"wp:featuredmedia":[{"embeddable":true,"href":"https:\/\/sachviet.eu\/en\/wp-json\/wp\/v2\/media\/10842"}],"wp:attachment":[{"href":"https:\/\/sachviet.eu\/en\/wp-json\/wp\/v2\/media?parent=10843"}],"wp:term":[{"taxonomy":"product_brand","embeddable":true,"href":"https:\/\/sachviet.eu\/en\/wp-json\/wp\/v2\/product_brand?post=10843"},{"taxonomy":"product_cat","embeddable":true,"href":"https:\/\/sachviet.eu\/en\/wp-json\/wp\/v2\/product_cat?post=10843"},{"taxonomy":"product_tag","embeddable":true,"href":"https:\/\/sachviet.eu\/en\/wp-json\/wp\/v2\/product_tag?post=10843"}],"curies":[{"name":"wp","href":"https:\/\/api.w.org\/{rel}","templated":true}]}}