{"id":10841,"date":"2021-06-03T01:01:39","date_gmt":"2021-06-02T22:01:39","guid":{"rendered":"https:\/\/sachviet.eu\/shop\/con-cho-nho-mang-gio-hoa-hong\/"},"modified":"2021-06-23T21:17:55","modified_gmt":"2021-06-23T18:17:55","slug":"con-cho-nho-mang-gio-hoa-hong","status":"publish","type":"product","link":"https:\/\/sachviet.eu\/en\/shop\/con-cho-nho-mang-gio-hoa-hong\/","title":{"rendered":"Con Ch\u00f3 Nh\u1ecf Mang Gi\u1ecf Hoa H\u1ed3ng"},"content":{"rendered":"<p>C\u00e1i t\u1ef1a s\u00e1ch qu\u1ea3 l\u00e0 c\u00f3 s\u1ee9c g\u1ee3i t\u00f2 m\u00f2.<\/p>\n<p>T\u1ea1i sao l\u1ea1i l\u00e0 con ch\u00f3 mang gi\u1ecf hoa h\u1ed3ng? N\u00f3 mang cho b\u1ea1n n\u00f3, hay cho nh\u1eefng ai bi\u1ebft y\u00eau th\u01b0\u01a1ng n\u00f3?  <\/p>\n<p>C\u00e2u chuy\u1ec7n v\u1ec1 5 ch\u00fa ch\u00f3 \u0111\u1ea7y th\u00fa v\u1ecb v\u00e0 c\u0169ng kh\u00f4ng k\u00e9m c\u1ea3m x\u00fac l\u00e3ng m\u1ea1n- t\u00e1c ph\u1ea9m m\u1edbi nh\u1ea5t c\u1ee7a nh\u00e0 v\u0103n bestseller Nguy\u1ec5n Nh\u1eadt \u00c1nh s\u1ebd khi\u1ebfn b\u1ea1n thay \u0111\u1ed5i nhi\u1ec1u trong c\u00e1ch nh\u00ecn v\u1ec1 lo\u00e0i th\u00fa c\u01b0ng s\u1ed1 1 th\u1ebf gi\u1edbi n\u00e0y.<\/p>\n","protected":false},"excerpt":{"rendered":"<p>C\u00e1i t\u1ef1a s\u00e1ch qu\u1ea3 l\u00e0 c\u00f3 s\u1ee9c g\u1ee3i t\u00f2 m\u00f2.<\/p>\n<p>T\u1ea1i sao l\u1ea1i l\u00e0 con ch\u00f3 mang gi\u1ecf hoa h\u1ed3ng? N\u00f3 mang cho b\u1ea1n n\u00f3, hay cho nh\u1eefng ai bi\u1ebft y\u00eau th\u01b0\u01a1ng n\u00f3?  <\/p>\n<p>C\u00e2u chuy\u1ec7n v\u1ec1 5 ch\u00fa ch\u00f3 \u0111\u1ea7y th\u00fa v\u1ecb v\u00e0 c\u0169ng kh\u00f4ng k\u00e9m c\u1ea3m x\u00fac l\u00e3ng m\u1ea1n- t\u00e1c ph\u1ea9m m\u1edbi nh\u1ea5t c\u1ee7a nh\u00e0 v\u0103n bestseller Nguy\u1ec5n Nh\u1eadt \u00c1nh s\u1ebd khi\u1ebfn b\u1ea1n thay \u0111\u1ed5i nhi\u1ec1u trong c\u00e1ch nh\u00ecn v\u1ec1 lo\u00e0i th\u00fa c\u01b0ng s\u1ed1 1 th\u1ebf gi\u1edbi n\u00e0y.<\/p>\n","protected":false},"featured_media":10831,"template":"","meta":{"_acf_changed":false},"product_brand":[],"product_cat":[15,45],"product_tag":[],"class_list":{"0":"post-10841","1":"product","2":"type-product","3":"status-publish","4":"has-post-thumbnail","6":"product_cat-sach-danh-cho-nguoi-lon","7":"product_cat-tieu-thuyet","9":"first","10":"outofstock","11":"taxable","12":"shipping-taxable","13":"purchasable","14":"product-type-simple"},"supplier_id":null,"supplier_sku":"","barcode":null,"atum_controlled":true,"out_stock_date":"2021-06-23 18:17:55","out_stock_threshold":null,"inheritable":false,"inbound_stock":0,"stock_on_hold":0,"sold_today":0,"sales_last_days":0,"reserved_stock":0,"customer_returns":0,"warehouse_damage":0,"lost_in_post":0,"other_logs":0,"out_stock_days":1680,"lost_sales":0,"has_location":false,"update_date":"2026-01-28T23:10:47","atum_locations":[],"atum_stock_status":"outofstock","restock_status":false,"low_stock_amount":"","sales_update_date":"2026-01-28T23:10:47","calc_backorders":null,"acf":{"publisher":{"ID":1517,"post_author":"1","post_date":"2021-02-17 01:14:41","post_date_gmt":"2021-02-16 23:14:41","post_content":"","post_title":"NXB Tr\u1ebb","post_excerpt":"","post_status":"publish","comment_status":"closed","ping_status":"closed","post_password":"","post_name":"nxb-tre","to_ping":"","pinged":"","post_modified":"2021-02-17 01:14:41","post_modified_gmt":"2021-02-16 23:14:41","post_content_filtered":"","post_parent":0,"guid":"https:\/\/sachviet.eu\/nha-phat-hanh\/nxb-tre\/","menu_order":0,"post_type":"publisher","post_mime_type":"","comment_count":"0","filter":"raw"}},"_links":{"self":[{"href":"https:\/\/sachviet.eu\/en\/wp-json\/wp\/v2\/product\/10841","targetHints":{"allow":["GET"]}}],"collection":[{"href":"https:\/\/sachviet.eu\/en\/wp-json\/wp\/v2\/product"}],"about":[{"href":"https:\/\/sachviet.eu\/en\/wp-json\/wp\/v2\/types\/product"}],"wp:featuredmedia":[{"embeddable":true,"href":"https:\/\/sachviet.eu\/en\/wp-json\/wp\/v2\/media\/10831"}],"wp:attachment":[{"href":"https:\/\/sachviet.eu\/en\/wp-json\/wp\/v2\/media?parent=10841"}],"wp:term":[{"taxonomy":"product_brand","embeddable":true,"href":"https:\/\/sachviet.eu\/en\/wp-json\/wp\/v2\/product_brand?post=10841"},{"taxonomy":"product_cat","embeddable":true,"href":"https:\/\/sachviet.eu\/en\/wp-json\/wp\/v2\/product_cat?post=10841"},{"taxonomy":"product_tag","embeddable":true,"href":"https:\/\/sachviet.eu\/en\/wp-json\/wp\/v2\/product_tag?post=10841"}],"curies":[{"name":"wp","href":"https:\/\/api.w.org\/{rel}","templated":true}]}}