{"id":10830,"date":"2021-06-03T01:00:47","date_gmt":"2021-06-02T22:00:47","guid":{"rendered":"https:\/\/sachviet.eu\/shop\/thuong-nho-tra-long-tai-ban-2019\/"},"modified":"2021-06-23T21:17:55","modified_gmt":"2021-06-23T18:17:55","slug":"thuong-nho-tra-long-tai-ban-2019","status":"publish","type":"product","link":"https:\/\/sachviet.eu\/en\/shop\/thuong-nho-tra-long-tai-ban-2019\/","title":{"rendered":"Th\u01b0\u01a1ng Nh\u1edb Tr\u00e0 Long (T\u00e1i B\u1ea3n 2019)"},"content":{"rendered":"<p>M\u1ed9t cu\u1ed1n s\u00e1ch l\u00e3ng m\u1ea1n, trong t\u1eebng con ch\u1eef \u0111\u1ea7y \u1eafp t\u00ecnh y\u00eau v\u1edbi m\u01b0a, v\u1edbi l\u00e1, v\u1edbi ng\u00f4i nh\u00e0 c\u0169, cu\u1ed1n s\u00e1ch x\u01b0a, c\u00f9ng n\u1ed7i nh\u1edb qu\u00ea v\u00e0 nh\u1eefng k\u1ef7 ni\u1ec7m thu\u1edf nh\u1ecf&#8230; C\u00f3 th\u1ec3 th\u1ea5y m\u00f9i v\u1ecb c\u1ee7a nh\u1eefng m\u00f3n \u0103n m\u1eb9 n\u1ea5u, m\u00e0u s\u1eafc tr\u00e1i c\u00e2y m\u1eb9 mua, nh\u1eefng tr\u00f2 ch\u01a1i c\u1ee7a con nh\u00e0 ngh\u00e8o\u2026, t\u1eeb k\u00fd \u1ee9c t\u00e1c gi\u1ea3 \u0111\u00e3 v\u1ebd ra cho ng\u01b0\u1eddi \u0111\u1ecdc c\u1ea3 m\u1ed9t mi\u1ec1n qu\u00ea v\u1edbi h\u00ecnh \u1ea3nh, b\u1ed1i c\u1ea3nh, kh\u00f4ng gian, con ng\u01b0\u1eddi c\u1ee7a th\u1eddi \u1ea5y, ch\u00e2n th\u1ef1c v\u00e0 tinh t\u1ebf.<\/p>\n","protected":false},"excerpt":{"rendered":"<p>M\u1ed9t cu\u1ed1n s\u00e1ch l\u00e3ng m\u1ea1n, trong t\u1eebng con ch\u1eef \u0111\u1ea7y \u1eafp t\u00ecnh y\u00eau v\u1edbi m\u01b0a, v\u1edbi l\u00e1, v\u1edbi ng\u00f4i nh\u00e0 c\u0169, cu\u1ed1n s\u00e1ch x\u01b0a, c\u00f9ng n\u1ed7i nh\u1edb qu\u00ea v\u00e0 nh\u1eefng k\u1ef7 ni\u1ec7m thu\u1edf nh\u1ecf&#8230; C\u00f3 th\u1ec3 th\u1ea5y m\u00f9i v\u1ecb c\u1ee7a nh\u1eefng m\u00f3n \u0103n m\u1eb9 n\u1ea5u, m\u00e0u s\u1eafc tr\u00e1i c\u00e2y m\u1eb9 mua, nh\u1eefng tr\u00f2 ch\u01a1i c\u1ee7a con nh\u00e0 ngh\u00e8o\u2026, t\u1eeb k\u00fd \u1ee9c t\u00e1c gi\u1ea3 \u0111\u00e3 v\u1ebd ra cho ng\u01b0\u1eddi \u0111\u1ecdc c\u1ea3 m\u1ed9t mi\u1ec1n qu\u00ea v\u1edbi h\u00ecnh \u1ea3nh, b\u1ed1i c\u1ea3nh, kh\u00f4ng gian, con ng\u01b0\u1eddi c\u1ee7a th\u1eddi \u1ea5y, ch\u00e2n th\u1ef1c v\u00e0 tinh t\u1ebf.<\/p>\n","protected":false},"featured_media":10820,"template":"","meta":{"_acf_changed":false},"product_brand":[],"product_cat":[15,45],"product_tag":[],"class_list":{"0":"post-10830","1":"product","2":"type-product","3":"status-publish","4":"has-post-thumbnail","6":"product_cat-sach-danh-cho-nguoi-lon","7":"product_cat-tieu-thuyet","9":"first","10":"outofstock","11":"taxable","12":"shipping-taxable","13":"purchasable","14":"product-type-simple"},"supplier_id":null,"supplier_sku":"","barcode":null,"atum_controlled":true,"out_stock_date":"2021-06-23 18:17:55","out_stock_threshold":null,"inheritable":false,"inbound_stock":0,"stock_on_hold":0,"sold_today":0,"sales_last_days":0,"reserved_stock":0,"customer_returns":0,"warehouse_damage":0,"lost_in_post":0,"other_logs":0,"out_stock_days":1680,"lost_sales":0,"has_location":false,"update_date":"2026-01-28T23:10:47","atum_locations":[],"atum_stock_status":"outofstock","restock_status":false,"low_stock_amount":"","sales_update_date":"2026-01-28T23:10:47","calc_backorders":null,"acf":{"publisher":{"ID":1517,"post_author":"1","post_date":"2021-02-17 01:14:41","post_date_gmt":"2021-02-16 23:14:41","post_content":"","post_title":"NXB Tr\u1ebb","post_excerpt":"","post_status":"publish","comment_status":"closed","ping_status":"closed","post_password":"","post_name":"nxb-tre","to_ping":"","pinged":"","post_modified":"2021-02-17 01:14:41","post_modified_gmt":"2021-02-16 23:14:41","post_content_filtered":"","post_parent":0,"guid":"https:\/\/sachviet.eu\/nha-phat-hanh\/nxb-tre\/","menu_order":0,"post_type":"publisher","post_mime_type":"","comment_count":"0","filter":"raw"}},"_links":{"self":[{"href":"https:\/\/sachviet.eu\/en\/wp-json\/wp\/v2\/product\/10830","targetHints":{"allow":["GET"]}}],"collection":[{"href":"https:\/\/sachviet.eu\/en\/wp-json\/wp\/v2\/product"}],"about":[{"href":"https:\/\/sachviet.eu\/en\/wp-json\/wp\/v2\/types\/product"}],"wp:featuredmedia":[{"embeddable":true,"href":"https:\/\/sachviet.eu\/en\/wp-json\/wp\/v2\/media\/10820"}],"wp:attachment":[{"href":"https:\/\/sachviet.eu\/en\/wp-json\/wp\/v2\/media?parent=10830"}],"wp:term":[{"taxonomy":"product_brand","embeddable":true,"href":"https:\/\/sachviet.eu\/en\/wp-json\/wp\/v2\/product_brand?post=10830"},{"taxonomy":"product_cat","embeddable":true,"href":"https:\/\/sachviet.eu\/en\/wp-json\/wp\/v2\/product_cat?post=10830"},{"taxonomy":"product_tag","embeddable":true,"href":"https:\/\/sachviet.eu\/en\/wp-json\/wp\/v2\/product_tag?post=10830"}],"curies":[{"name":"wp","href":"https:\/\/api.w.org\/{rel}","templated":true}]}}