{"id":10808,"date":"2021-06-03T00:59:18","date_gmt":"2021-06-02T21:59:18","guid":{"rendered":"https:\/\/sachviet.eu\/shop\/noi-sao-cho-tre-chiu-nghe-nghe-sao-cho-tre-chiu-noi-tai-ban-2020\/"},"modified":"2024-08-11T22:15:13","modified_gmt":"2024-08-11T19:15:13","slug":"noi-sao-cho-tre-chiu-nghe-nghe-sao-cho-tre-chiu-noi-tai-ban-2020","status":"publish","type":"product","link":"https:\/\/sachviet.eu\/en\/shop\/noi-sao-cho-tre-chiu-nghe-nghe-sao-cho-tre-chiu-noi-tai-ban-2020\/","title":{"rendered":"N\u00f3i Sao Cho Tr\u1ebb Ch\u1ecbu Nghe &amp; Nghe Sao Cho Tr\u1ebb Ch\u1ecbu N\u00f3i (T\u00e1i B\u1ea3n 2020)"},"content":{"rendered":"<p>L\u00e0m sao \u0111\u1ec3<br \/>\nX\u1eed l\u00fd nh\u1eefng c\u1ea3m x\u00fac ti\u00eau c\u1ef1c c\u1ee7a con c\u00e1i?<br \/>\nBi\u1ec3u \u0111\u1ea1t n\u1ed7i t\u1ee9c gi\u1eadn c\u1ee7a m\u00ecnh m\u00e0 kh\u00f4ng l\u00e0m t\u1ed5n th\u01b0\u01a1ng b\u1ecdn tr\u1ebb?<br \/>\nKhuy\u1ebfn kh\u00edch con c\u00e1i h\u1ee3p t\u00e1c trong khi ch\u00fang c\u1ee9 th\u00edch &#8220;ng\u1eadm t\u0103m&#8221;?<br \/>\n\u0110\u1eb7t ra nh\u1eefng gi\u1edbi h\u1ea1n m\u00e0 v\u1eabn th\u1ec3 hi\u1ec7n thi\u1ec7n ch\u00ed?<br \/>\nGi\u1ea3i quy\u1ebft xung \u0111\u1ed9t gia \u0111\u00ecnh m\u1ed9t c\u00e1ch \u00eam h\u00f2a?<\/p>\n<p>N\u00f3i Sao Cho Tr\u1ebb Ch\u1ecbu Nghe &amp; Nghe Sao Cho Tr\u1ebb Ch\u1ecbu N\u00f3i ch\u1ee9a \u0111\u1ef1ng nh\u1eefng ph\u01b0\u01a1ng ph\u00e1p d\u1ea1y tr\u1ebb th\u1ef1c t\u1ebf v\u00e0 \u0111\u1ea7y t\u00f4n tr\u1ecdng s\u1ebd gi\u00fap gi\u1ea3i quy\u1ebft h\u1ea7u h\u1ebft nh\u1eefng kh\u00f3 kh\u0103n tr\u00ean, c\u00e1c b\u1eadc ph\u1ee5 huynh kh\u00f4ng c\u00f2n ph\u1ea3i v\u1eadt l\u1ed9n v\u1edbi \u0111\u00e1m nh\u00f3c nh\u00e0 m\u00ecnh n\u1eefa m\u00e0 v\u1eabn \u0111\u1ea1t \u0111\u01b0\u1ee3c hi\u1ec7u qu\u1ea3 gi\u00e1o d\u1ee5c ho\u00e0n h\u1ea3o.<\/p>\n<p>\u0110\u00e2y l\u00e0 b\u00ed k\u00edp d\u00e0nh cho ph\u1ee5 huynh c\u1ea3i thi\u1ec7n m\u1ed1i quan h\u1ec7 v\u1edbi con tr\u1ebb, x\u00e2y d\u1ef1ng cu\u1ed9c s\u1ed1ng gia \u0111\u00ecnh h\u00f2a thu\u1eadn v\u00e0 h\u1ea1nh ph\u00fac.<\/p>\n","protected":false},"excerpt":{"rendered":"<p>L\u00e0m sao \u0111\u1ec3<br \/>\nX\u1eed l\u00fd nh\u1eefng c\u1ea3m x\u00fac ti\u00eau c\u1ef1c c\u1ee7a con c\u00e1i?<br \/>\nBi\u1ec3u \u0111\u1ea1t n\u1ed7i t\u1ee9c gi\u1eadn c\u1ee7a m\u00ecnh m\u00e0 kh\u00f4ng l\u00e0m t\u1ed5n th\u01b0\u01a1ng b\u1ecdn tr\u1ebb?<br \/>\nKhuy\u1ebfn kh\u00edch con c\u00e1i h\u1ee3p t\u00e1c trong khi ch\u00fang c\u1ee9 th\u00edch &#8220;ng\u1eadm t\u0103m&#8221;?<br \/>\n\u0110\u1eb7t ra nh\u1eefng gi\u1edbi h\u1ea1n m\u00e0 v\u1eabn th\u1ec3 hi\u1ec7n thi\u1ec7n ch\u00ed?<br \/>\nGi\u1ea3i quy\u1ebft xung \u0111\u1ed9t gia \u0111\u00ecnh m\u1ed9t c\u00e1ch \u00eam h\u00f2a?<\/p>\n<p>N\u00f3i Sao Cho Tr\u1ebb Ch\u1ecbu Nghe &amp; Nghe Sao Cho Tr\u1ebb Ch\u1ecbu N\u00f3i ch\u1ee9a \u0111\u1ef1ng nh\u1eefng ph\u01b0\u01a1ng ph\u00e1p d\u1ea1y tr\u1ebb th\u1ef1c t\u1ebf v\u00e0 \u0111\u1ea7y t\u00f4n tr\u1ecdng s\u1ebd gi\u00fap gi\u1ea3i quy\u1ebft h\u1ea7u h\u1ebft nh\u1eefng kh\u00f3 kh\u0103n tr\u00ean, c\u00e1c b\u1eadc ph\u1ee5 huynh kh\u00f4ng c\u00f2n ph\u1ea3i v\u1eadt l\u1ed9n v\u1edbi \u0111\u00e1m nh\u00f3c nh\u00e0 m\u00ecnh n\u1eefa m\u00e0 v\u1eabn \u0111\u1ea1t \u0111\u01b0\u1ee3c hi\u1ec7u qu\u1ea3 gi\u00e1o d\u1ee5c ho\u00e0n h\u1ea3o.<\/p>\n<p>\u0110\u00e2y l\u00e0 b\u00ed k\u00edp d\u00e0nh cho ph\u1ee5 huynh c\u1ea3i thi\u1ec7n m\u1ed1i quan h\u1ec7 v\u1edbi con tr\u1ebb, x\u00e2y d\u1ef1ng cu\u1ed9c s\u1ed1ng gia \u0111\u00ecnh h\u00f2a thu\u1eadn v\u00e0 h\u1ea1nh ph\u00fac.<\/p>\n","protected":false},"featured_media":10807,"template":"","meta":{"_acf_changed":false},"product_brand":[],"product_cat":[19],"product_tag":[],"class_list":{"0":"post-10808","1":"product","2":"type-product","3":"status-publish","4":"has-post-thumbnail","6":"product_cat-nuoi-day-con","8":"first","9":"outofstock","10":"taxable","11":"shipping-taxable","12":"purchasable","13":"product-type-simple"},"supplier_id":null,"supplier_sku":"","barcode":null,"atum_controlled":true,"out_stock_date":"2024-08-11 19:15:13","out_stock_threshold":null,"inheritable":false,"inbound_stock":0,"stock_on_hold":0,"sold_today":0,"sales_last_days":0,"reserved_stock":0,"customer_returns":0,"warehouse_damage":0,"lost_in_post":0,"other_logs":0,"out_stock_days":535,"lost_sales":0,"has_location":false,"update_date":"2026-01-28T23:11:19","atum_locations":[],"atum_stock_status":"outofstock","restock_status":false,"low_stock_amount":"","sales_update_date":"2026-01-28T23:11:19","calc_backorders":null,"acf":{"publisher":{"ID":5800,"post_author":"1","post_date":"2021-03-14 02:27:19","post_date_gmt":"2021-03-14 00:27:19","post_content":"","post_title":"Ph\u01b0\u01a1ng Nam Book","post_excerpt":"","post_status":"publish","comment_status":"closed","ping_status":"closed","post_password":"","post_name":"phuong-nam-book","to_ping":"","pinged":"","post_modified":"2021-03-14 02:27:19","post_modified_gmt":"2021-03-14 00:27:19","post_content_filtered":"","post_parent":0,"guid":"https:\/\/sachviet.eu\/blog\/nha-phat-hanh\/phuong-nam-book\/","menu_order":0,"post_type":"publisher","post_mime_type":"","comment_count":"0","filter":"raw"}},"_links":{"self":[{"href":"https:\/\/sachviet.eu\/en\/wp-json\/wp\/v2\/product\/10808","targetHints":{"allow":["GET"]}}],"collection":[{"href":"https:\/\/sachviet.eu\/en\/wp-json\/wp\/v2\/product"}],"about":[{"href":"https:\/\/sachviet.eu\/en\/wp-json\/wp\/v2\/types\/product"}],"wp:featuredmedia":[{"embeddable":true,"href":"https:\/\/sachviet.eu\/en\/wp-json\/wp\/v2\/media\/10807"}],"wp:attachment":[{"href":"https:\/\/sachviet.eu\/en\/wp-json\/wp\/v2\/media?parent=10808"}],"wp:term":[{"taxonomy":"product_brand","embeddable":true,"href":"https:\/\/sachviet.eu\/en\/wp-json\/wp\/v2\/product_brand?post=10808"},{"taxonomy":"product_cat","embeddable":true,"href":"https:\/\/sachviet.eu\/en\/wp-json\/wp\/v2\/product_cat?post=10808"},{"taxonomy":"product_tag","embeddable":true,"href":"https:\/\/sachviet.eu\/en\/wp-json\/wp\/v2\/product_tag?post=10808"}],"curies":[{"name":"wp","href":"https:\/\/api.w.org\/{rel}","templated":true}]}}