{"id":10806,"date":"2021-06-03T00:59:06","date_gmt":"2021-06-02T21:59:06","guid":{"rendered":"https:\/\/sachviet.eu\/shop\/pham-cach-cua-loi-noi\/"},"modified":"2021-06-22T00:05:58","modified_gmt":"2021-06-21T21:05:58","slug":"pham-cach-cua-loi-noi","status":"publish","type":"product","link":"https:\/\/sachviet.eu\/en\/shop\/pham-cach-cua-loi-noi\/","title":{"rendered":"Ph\u1ea9m C\u00e1ch C\u1ee7a L\u1eddi N\u00f3i"},"content":{"rendered":"<p>Ph\u1ea9m C\u00e1ch C\u1ee7a L\u1eddi N\u00f3i<\/p>\n<p>C\u00f3 l\u1ebd m\u1ed7i cu\u1ed1n s\u00e1ch l\u00e0 m\u1ed9t khu r\u1eebng \u0111\u01b0\u1ee3c t\u1ea1o n\u00ean b\u1edfi h\u00e0ng tr\u0103m ng\u00e0n con ch\u1eef. T\u00f4i mong b\u1ea1n \u0111\u1eebng ch\u1ea1y m\u1ed9t m\u1ea1ch b\u0103ng qua khu t\u1eebng mang t\u00ean Ph\u1ea9m c\u00e1ch c\u1ee7a l\u1eddi n\u00f3i n\u00e0y. B\u1ea1n h\u00e3y t\u1eeb t\u1eeb d\u1ea1o b\u01b0\u1edbc nh\u01b0 \u0111ang t\u1ea3n b\u1ed9 trong c\u00f4ng vi\u00ean y\u00ean t\u0129nh v\u00e0o s\u1edbm mai.<\/p>\n<p>Ch\u1ec9 m\u1ed9t l\u1eddi n\u00f3i b\u1ea5t c\u1ea9n bu\u00f4ng ra,<\/p>\n<p>ph\u1ea9m c\u00e1ch \u0111\u00e3 l\u1ed9 di\u1ec7n.<\/p>\n<p>M\u00f9i h\u01b0\u01a1ng c\u1ee7a ri\u00eang ta, t\u00ednh t\u00ecnh c\u1ee7a ri\u00eang ta,<\/p>\n<p>t\u1ea5t c\u1ea3 \u0111\u1ec1u th\u1ec3 hi\u1ec7n trong l\u1eddi n\u00f3i.<\/p>\n<p>\u0110\u1ecdc m\u1ed9t cu\u1ed1n s\u00e1ch kh\u00f4ng ph\u1ea3i l\u00e0 h\u00e0nh \u0111\u1ed9ng \u0111\u1ecdc suy ngh\u0129 v\u00e0 t\u00e2m h\u1ed3n c\u1ee7a t\u00e1c gi\u1ea3 m\u00e0 r\u1ed1t c\u1ee5c ch\u00ednh l\u00e0 \u0111\u1ecdc \u201cb\u1ea3n th\u00e2n\u201c. Hi v\u1ecdng m\u1ed7i khi l\u1eadt m\u1edf m\u1ed9t trang trong cu\u1ed1n Ph\u1ea9m c\u00e1ch c\u1ee7a l\u1eddi n\u00f3i n\u00e0y, b\u1ea1n \u0111\u1ecdc s\u1ebd kh\u00f4ng ng\u1eebng t\u1ef1 \u0111\u1eb7t c\u00e2u h\u1ecfi v\u1ec1 l\u1eddi n\u00f3i c\u0169ng nh\u01b0 th\u1ebf gi\u1edbi quan c\u1ee7a b\u1ea3n th\u00e2n.<\/p>\n<p>Sau khi g\u1ea5p cu\u1ed1n s\u00e1ch l\u1ea1i, t\u00f4i mong th\u1ec9nh tho\u1ea3ng b\u1ea1n \u0111\u1eebng d\u00f9ng \u0111\u00f4i m\u00f4i m\u00e0 h\u00e3y d\u00f9ng \u0111\u00f4i tai \u0111\u1ec3 chi\u1ebfm \u0111\u01b0\u1ee3c tr\u00e1i tim ng\u01b0\u1eddi \u0111\u1ed1i di\u1ec7n. V\u00e0 t\u00f4i c\u0169ng mong r\u1eb1ng s\u1ef1 ch\u00e2n th\u00e0nh s\u00e2u th\u1eb3m trong tr\u00e1i tim b\u1ea1n c\u00f3 th\u1ec3 xoa d\u1ecbu nh\u1eefng \u0111\u1edbn \u0111au trong l\u00f2ng ng\u01b0\u1eddi \u1ea5y.<\/p>\n<p>T\u00f4i mong r\u1eb1ng b\u1ea1n h\u00e3y ti\u1ebfn g\u1ea7n th\u00eam ch\u00fat n\u1eefa v\u1ec1 ph\u00eda ng\u01b0\u1eddi qu\u00fd gi\u00e1 b\u00ean c\u1ea1nh b\u1ea1n l\u00fac n\u00e0y. T\u00f4i th\u00e0nh t\u00e2m nguy\u1ec7n c\u1ea7u \u0111i\u1ec1u \u0111\u00f3.<\/p>\n<p>Hi v\u1ecdng m\u1ed7i l\u1eddi n\u00f3i c\u1ee7a b\u1ea1n,<\/p>\n<p>\u0111\u1ed1i v\u1edbi m\u1ed9t ai \u0111\u00f3,<\/p>\n<p>l\u00e0 m\u1ed9t b\u00f4ng hoa r\u1ef1c r\u1ee1<\/p>\n<p>   &#8211; Ki Ju Lee \u2013<\/p>\n<p>\u0110\u00f4i n\u00e9t v\u1ec1 t\u00e1c gi\u1ea3 Ki Ju Lee<\/p>\n<p>&#8211;  L\u00e0 ng\u01b0\u1eddi chuy\u00ean vi\u1ebft di\u1ec5n v\u0103n cho t\u1ed5ng th\u1ed1ng H\u00e0n Qu\u1ed1c, l\u00e0 h\u1ecdc gi\u1ea3 v\u00e0 di\u1ec5n gi\u1ea3 n\u1ed5i ti\u1ebfng.<\/p>\n<p>&#8211;  \u0110\u00e3 b\u00e1n ra 7 tri\u1ec7u b\u1ea3n in cho c\u00e1c t\u00e1c ph\u1ea9m n\u1ed5i ti\u1ebfng: Nhi\u1ec7t \u0111\u1ed9 ng\u00f4n ng\u1eef, Nh\u1eefng \u0111i\u1ec1u t\u1eebng l\u00e0 qu\u00fd gi\u00e1, Ph\u1ea9m c\u00e1ch c\u1ee7a l\u1eddi n\u00f3i.<\/p>\n<p>&#8211;  T\u00e1c ph\u1ea9m m\u1edbi s\u1eafp \u0111\u01b0\u1ee3c Mintbooks ph\u00e1t h\u00e0nh trong th\u1eddi gian t\u1edbi: Ph\u1ea9m c\u00e1ch c\u1ee7a v\u0103n ch\u01b0\u01a1ng.<\/p>\n","protected":false},"excerpt":{"rendered":"<p>C\u00f3 l\u1ebd m\u1ed7i cu\u1ed1n s\u00e1ch l\u00e0 m\u1ed9t khu r\u1eebng \u0111\u01b0\u1ee3c t\u1ea1o n\u00ean b\u1edfi h\u00e0ng tr\u0103m ng\u00e0n con ch\u1eef. T\u00f4i mong b\u1ea1n \u0111\u1eebng ch\u1ea1y m\u1ed9t m\u1ea1ch b\u0103ng qua khu t\u1eebng mang t\u00ean Ph\u1ea9m c\u00e1ch c\u1ee7a l\u1eddi n\u00f3i n\u00e0y. B\u1ea1n h\u00e3y t\u1eeb t\u1eeb d\u1ea1o b\u01b0\u1edbc nh\u01b0 \u0111ang t\u1ea3n b\u1ed9 trong c\u00f4ng vi\u00ean y\u00ean t\u0129nh v\u00e0o s\u1edbm mai.<\/p>\n<p>Ch\u1ec9 m\u1ed9t l\u1eddi n\u00f3i b\u1ea5t c\u1ea9n bu\u00f4ng ra,<\/p>\n<p>ph\u1ea9m c\u00e1ch \u0111\u00e3 l\u1ed9 di\u1ec7n.<\/p>\n<p>M\u00f9i h\u01b0\u01a1ng c\u1ee7a ri\u00eang ta, t\u00ednh t\u00ecnh c\u1ee7a ri\u00eang ta,<\/p>\n<p>t\u1ea5t c\u1ea3 \u0111\u1ec1u th\u1ec3 hi\u1ec7n trong l\u1eddi n\u00f3i.<\/p>\n<p>\u0110\u1ecdc m\u1ed9t cu\u1ed1n s\u00e1ch kh\u00f4ng ph\u1ea3i l\u00e0 h\u00e0nh \u0111\u1ed9ng \u0111\u1ecdc suy ngh\u0129 v\u00e0 t\u00e2m h\u1ed3n c\u1ee7a t\u00e1c gi\u1ea3 m\u00e0 r\u1ed1t c\u1ee5c ch\u00ednh l\u00e0 \u0111\u1ecdc \u201cb\u1ea3n th\u00e2n\u201c. Hi v\u1ecdng m\u1ed7i khi l\u1eadt m\u1edf m\u1ed9t trang trong cu\u1ed1n Ph\u1ea9m c\u00e1ch c\u1ee7a l\u1eddi n\u00f3i n\u00e0y, b\u1ea1n \u0111\u1ecdc s\u1ebd kh\u00f4ng ng\u1eebng t\u1ef1 \u0111\u1eb7t c\u00e2u h\u1ecfi v\u1ec1 l\u1eddi n\u00f3i c\u0169ng nh\u01b0 th\u1ebf gi\u1edbi quan c\u1ee7a b\u1ea3n th\u00e2n.<\/p>\n<p>Sau khi g\u1ea5p cu\u1ed1n s\u00e1ch l\u1ea1i, t\u00f4i mong th\u1ec9nh tho\u1ea3ng b\u1ea1n \u0111\u1eebng d\u00f9ng \u0111\u00f4i m\u00f4i m\u00e0 h\u00e3y d\u00f9ng \u0111\u00f4i tai \u0111\u1ec3 chi\u1ebfm \u0111\u01b0\u1ee3c tr\u00e1i tim ng\u01b0\u1eddi \u0111\u1ed1i di\u1ec7n. V\u00e0 t\u00f4i c\u0169ng mong r\u1eb1ng s\u1ef1 ch\u00e2n th\u00e0nh s\u00e2u th\u1eb3m trong tr\u00e1i tim b\u1ea1n c\u00f3 th\u1ec3 xoa d\u1ecbu nh\u1eefng \u0111\u1edbn \u0111au trong l\u00f2ng ng\u01b0\u1eddi \u1ea5y.<\/p>\n<p>T\u00f4i mong r\u1eb1ng b\u1ea1n h\u00e3y ti\u1ebfn g\u1ea7n th\u00eam ch\u00fat n\u1eefa v\u1ec1 ph\u00eda ng\u01b0\u1eddi qu\u00fd gi\u00e1 b\u00ean c\u1ea1nh b\u1ea1n l\u00fac n\u00e0y. T\u00f4i th\u00e0nh t\u00e2m nguy\u1ec7n c\u1ea7u \u0111i\u1ec1u \u0111\u00f3.<\/p>\n","protected":false},"featured_media":10805,"template":"","meta":{"_acf_changed":false},"product_brand":[],"product_cat":[15,47],"product_tag":[],"class_list":{"0":"post-10806","1":"product","2":"type-product","3":"status-publish","4":"has-post-thumbnail","6":"product_cat-sach-danh-cho-nguoi-lon","7":"product_cat-truyen-ngan-tan-van","9":"first","10":"outofstock","11":"taxable","12":"shipping-taxable","13":"purchasable","14":"product-type-simple"},"supplier_id":null,"supplier_sku":"","barcode":null,"atum_controlled":true,"out_stock_date":"2021-06-21 21:05:58","out_stock_threshold":null,"inheritable":false,"inbound_stock":0,"stock_on_hold":0,"sold_today":0,"sales_last_days":0,"reserved_stock":0,"customer_returns":0,"warehouse_damage":0,"lost_in_post":0,"other_logs":0,"out_stock_days":1682,"lost_sales":0,"has_location":false,"update_date":"2026-01-28T23:10:47","atum_locations":[],"atum_stock_status":"outofstock","restock_status":false,"low_stock_amount":"","sales_update_date":"2026-01-28T23:10:47","calc_backorders":null,"acf":{"publisher":{"ID":1785,"post_author":"1","post_date":"2021-02-17 01:54:46","post_date_gmt":"2021-02-16 23:54:46","post_content":"<!-- wp:flatsome\/uxbuilder -->\n<h1 style=\"text-align: center;\"><strong>AZ VIETNAM<\/strong><\/h1>\n[row]\n\n[col span=\"8\" span__sm=\"12\"]\n\n<p>Th\u00e0nh l\u1eadp n\u0103m: 2015<br \/>V\u1ed1n \u0111\u1ea7u t\u01b0: 4,000,000,000 \u0111\u1ed3ng<br \/><strong>L\u0129nh v\u1ef1c:<\/strong><br \/>- Xu\u1ea5t b\u1ea3n v\u00e0 ph\u00e1t h\u00e0nh v\u0103n h\u00f3a ph\u1ea9m<br \/>- Cung c\u1ea5p v\u0103n h\u00f3a ph\u1ea9m, c\u00e1c s\u1ea3n ph\u1ea9m cho in \u1ea5n, trang thi\u1ebft b\u1ecb cho c\u00e1c th\u01b0 vi\u1ec7n v\u00e0 trung t\u00e2m s\u00e1ch tr\u00ean c\u1ea3 n\u01b0\u1edbc.<br \/>- Th\u1eddi trang v\u00e0 c\u00e1c s\u1ea3n ph\u1ea9m li\u00ean quan \u0111\u1ebfn l\u0129nh v\u1ef1c th\u1eddi trang<br \/>- Xu\u1ea5t nh\u1eadp kh\u1ea9u c\u00e1c s\u1ea3n ph\u1ea9m v\u0103n h\u00f3a<\/p>\n<p><strong>Quy m\u00f4:<\/strong> 60 nh\u00e2n vi\u00ean<br \/>Kh\u1edfi ngu\u1ed3n c\u1ee7a AZ Vi\u1ec7t Nam ng\u00e0y nay l\u00e0 C\u00f4ng ty TNHH Trung t\u00e2m S\u00e1ch v\u00e0 Thi\u1ebft b\u1ecb Th\u01b0 vi\u1ec7n, v\u1edbi ho\u1ea1t \u0111\u1ed9ng \u0111\u1ea7u ti\u00ean l\u00e0 cung c\u1ea5p s\u00e1ch, trang thi\u1ebft b\u1ecb, v\u0103n h\u00f3a ph\u1ea9m cho c\u00e1c th\u01b0 vi\u1ec7n v\u00e0 trung t\u00e2m s\u00e1ch tr\u00ean c\u1ea3 n\u01b0\u1edbc. T\u1eeb cu\u1ed1i n\u0103m 2010 \u0111\u1ebfn nay, ch\u00fang t\u00f4i \u0111\u00e3 kh\u00f4ng ng\u1eebng n\u1ed7 l\u1ef1c khai ph\u00e1 v\u00e0 ph\u00e1t tri\u1ec3n c\u00e1c d\u00f2ng s\u1ea3n ph\u1ea9m m\u1edbi v\u1edbi 8 th\u01b0\u01a1ng hi\u1ec7u uy t\u00edn. \u0110\u1ec3 \u0111\u00e1p \u1ee9ng nhu c\u1ea7u ph\u00e1t tri\u1ec3n ng\u00e0y m\u1ed9t l\u1edbn m\u1ea1nh v\u00e0 t\u1eadp h\u1ee3p c\u00e1c th\u01b0\u01a1ng hi\u1ec7u \u0111\u00e3 \u0111\u01b0\u1ee3c ch\u00fang t\u00f4i x\u00e2y d\u1ef1ng, 2015 C\u00f4ng ty TNHH AZ Vi\u1ec7t Nam \u0111\u00e3 ra \u0111\u1eddi v\u1edbi s\u1ee9 m\u1ec7nh mang \u0111\u1ebfn nhi\u1ec1u h\u01a1n n\u1eefa nh\u1eefng gi\u00e1 tr\u1ecb tinh th\u1ea7n, tri th\u1ee9c ti\u00ean ti\u1ebfn cho ng\u01b0\u1eddi ti\u00eau d\u00f9ng b\u1eb1ng vi\u1ec7c cung c\u1ea5p nh\u1eefng s\u1ea3n ph\u1ea9m c\u00f3 ch\u1ea5t l\u01b0\u1ee3ng.<\/p>\n\n[\/col]\n[col span=\"4\" span__sm=\"12\"]\n\n[ux_image id=\"1836\" image_size=\"medium\"]\n\n\n[\/col]\n\n[\/row]\n\n<!-- \/wp:flatsome\/uxbuilder -->","post_title":"AZ Vi\u1ec7t Nam","post_excerpt":"","post_status":"publish","comment_status":"closed","ping_status":"closed","post_password":"","post_name":"az-viet-nam","to_ping":"","pinged":"","post_modified":"2021-02-17 22:07:10","post_modified_gmt":"2021-02-17 20:07:10","post_content_filtered":"","post_parent":0,"guid":"https:\/\/sachviet.eu\/nha-phat-hanh\/az-viet-nam\/","menu_order":0,"post_type":"publisher","post_mime_type":"","comment_count":"0","filter":"raw"}},"_links":{"self":[{"href":"https:\/\/sachviet.eu\/en\/wp-json\/wp\/v2\/product\/10806","targetHints":{"allow":["GET"]}}],"collection":[{"href":"https:\/\/sachviet.eu\/en\/wp-json\/wp\/v2\/product"}],"about":[{"href":"https:\/\/sachviet.eu\/en\/wp-json\/wp\/v2\/types\/product"}],"wp:featuredmedia":[{"embeddable":true,"href":"https:\/\/sachviet.eu\/en\/wp-json\/wp\/v2\/media\/10805"}],"wp:attachment":[{"href":"https:\/\/sachviet.eu\/en\/wp-json\/wp\/v2\/media?parent=10806"}],"wp:term":[{"taxonomy":"product_brand","embeddable":true,"href":"https:\/\/sachviet.eu\/en\/wp-json\/wp\/v2\/product_brand?post=10806"},{"taxonomy":"product_cat","embeddable":true,"href":"https:\/\/sachviet.eu\/en\/wp-json\/wp\/v2\/product_cat?post=10806"},{"taxonomy":"product_tag","embeddable":true,"href":"https:\/\/sachviet.eu\/en\/wp-json\/wp\/v2\/product_tag?post=10806"}],"curies":[{"name":"wp","href":"https:\/\/api.w.org\/{rel}","templated":true}]}}