{"id":10802,"date":"2021-06-03T00:56:51","date_gmt":"2021-06-02T21:56:51","guid":{"rendered":"https:\/\/sachviet.eu\/shop\/rung-nauy\/"},"modified":"2024-09-22T22:03:37","modified_gmt":"2024-09-22T19:03:37","slug":"rung-nauy","status":"publish","type":"product","link":"https:\/\/sachviet.eu\/en\/shop\/rung-nauy\/","title":{"rendered":"R\u01b0\u0300ng Nauy"},"content":{"rendered":"<p>B\u1ea5t ch\u1ee3t l\u1eafng nghe b\u00e0i h\u00e1t m\u00e0 n\u00e0ng v\u1eabn \u01b0a th\u00edch nh\u1ea5t c\u1ee7a Beatles, Toru Watanbe h\u1ed3i t\u01b0\u1edfng l\u1ea1i m\u1ed1i t\u00ecnh \u0111\u1ea7u c\u1ee7a m\u00ecnh v\u1edbi Naoko, ng\u01b0\u1eddi y\u00eau c\u1ee7a ng\u01b0\u1eddi b\u1ea1n th\u00e2n nh\u1ea5t l\u00e0 Kizuki. K\u00fd \u1ee9c ngay l\u1eadp t\u1ee9c mang anh tr\u1edf v\u1ec1 nh\u1eefng ng\u00e0y sinh vi\u00ean c\u1ee7a 20 n\u0103m tr\u01b0\u1edbc , \u1edf Tokyo, nh\u1eefng ng\u00e0y ch\u01a1i v\u01a1i trong m\u1ed9t th\u1ebf gi\u1edbi c\u1ee7a t\u00ecnh b\u1ea1n kh\u00f3 kh\u0103n, c\u1ee7a t\u00ecnh d\u1ee5c bu\u00f4ng th\u1ea3, c\u1ee7a \u0111am m\u00ea m\u1ea7t m\u00e1t, tr\u1edf v\u1ec1 c\u00e1i th\u1eddi m\u00e0 m\u1ed9t c\u00f4 g\u00e1i m\u1ea1nh m\u1ebd t\u00ean l\u00e0 Modori \u0111\u00e3 b\u01b0\u1edbc v\u00e0o cu\u1ed9c \u0111\u1eddi anh, khi\u1ebfn anh ph\u1ea3i ch\u1ecdn l\u1ef1a, ho\u1eb7c t\u01b0\u01a1ng lai, ho\u1eb7c qu\u00e1 kh\u1ee9&#8230;<\/p>\n<p>C\u00f9ng tho\u00e1t thai t\u1eeb n\u1ed7i bu\u1ed3n th\u01b0\u01a1ng trong s\u00e1ng v\u1ec1 t\u1ed3n t\u1ea1i, R\u1eebng Na Uy, b\u00e0i h\u00e1t n\u0103m n\u00e0o c\u1ee7a Beatles, \u0111\u00e3 \u0111\u01b0\u1ee3c l\u1ea5y l\u00e0m t\u00ean g\u1ecdi cho cu\u1ed1n ti\u1ec3u thuy\u1ebft t\u00ecnh y\u00eau ng\u1ecdt ng\u00e0o v\u00e0 u s\u1ea7u c\u1ee7a Haruki Murakami. B\u01b0\u1edbc v\u00e0o c\u00f5i s\u1ed1ng c\u1ee7a R\u1eebng Na Uy, qua s\u1ef1 s\u1edbm c\u00f4 \u0111\u01a1n nh\u01b0 \u0111\u1ecbnh m\u1ec7nh c\u1ee7a nh\u1eefng ng\u01b0\u1eddi tr\u1ebb tu\u1ed5i, qua m\u1ed1i t\u00ecnh tay ba v\u1eeba qu\u1ea5n qu\u00fdt x\u00e1c th\u00e2n v\u1eeba u m\u1eb7c s\u1ea7u bi c\u1ee7a Naoko-Toru-Midori, ng\u01b0\u1eddi ta c\u1ea3m th\u1ea5y ng\u1ee1 ng\u00e0ng tr\u01b0\u1edbc t\u00ecnh y\u00eau nh\u01b0 l\u00e0 n\u01a1i tr\u00fa ng\u1ee5 duy nh\u1ea5t c\u1ee7a ng\u01b0\u1eddi \u0111\u00e0n \u00f4ng v\u00e0 ng\u01b0\u1eddi \u0111\u00e0n b\u00e0 tr\u00ean th\u1ebf gian n\u00e0y, v\u00e0 kh\u00e1m ph\u00e1 ra m\u1ed9t n\u1ed7i bu\u1ed3n m\u00eanh mang, tr\u1ed1ng v\u1eafng r\u1ea5t Nh\u1eadt B\u1ea3n c\u1ee7a th\u1eddi hi\u1ec7n \u0111\u1ea1i. Trong n\u1ed7i \u01b0u t\u01b0 v\u00e0 c\u00f4 \u0111\u01a1n nh\u01b0 m\u1ed9t \u0111\u1ecbnh m\u1ec7nh \u0111\u00e3 c\u00e0i \u0111\u1eb7t n\u01a1i nh\u1eefng ng\u01b0\u1eddi m\u1edbi l\u1edbn, trong s\u1ef1 tuy\u1ec7t v\u1ecdng c\u1ee7a nh\u1eefng t\u00e2m h\u1ed3n trong s\u00e1ng s\u1eb5n s\u00e0ng hy sinh th\u00e2n m\u00ecnh \u0111\u1ec3 kh\u1ecfi tho\u1ea3 hi\u1ec7p v\u1edbi cu\u1ed9c s\u1ed1ng th\u1ebf gian. V\u00e0 t\u00ecnh y\u00eau \u0111\u00e3 l\u00e0 n\u01a1i tr\u00fa ng\u1ee5 duy nh\u1ea5t. t\u00ecnh y\u00eau v\u00e0 s\u1ef1 gi\u1ea3i ph\u00f3ng c\u1ee7a x\u00e1c th\u00e2n bao b\u1ecdc l\u1ea5y n\u00f3, l\u00e0m cho ng\u01b0\u1eddi \u0111\u00e0n \u00f4ng v\u00e0 ng\u01b0\u1eddi \u0111\u00e0n b\u00e0 c\u00f3 th\u1ec3 y\u00eau nhau v\u1edbi t\u1ea5t c\u1ea3 nh\u1eefng g\u00ec c\u00f3 th\u1ec3 tr\u01b0\u1edbc cu\u1ed9c \u0111\u1eddi ng\u1eafn ng\u1ee7i v\u00e0 qu\u00fd gi\u00e1. V\u1edbi \u00fd ngh\u0129a \u0111\u00f3, m\u1ed1i t\u00ecnh tay ba Naoko-Toru-Midori \u0111\u00e3 lay \u0111\u1ed9ng h\u00e0ng ch\u1ee5c tri\u1ec7u \u0111\u1ed9c gi\u1ea3 tr\u00ean to\u00e0n th\u1ec1 gi\u1edbi trong m\u1ed9t t\u00e1c ph\u1ea9m \u0111\u01b0\u1ee3c coi l\u00e0 tuy\u1ec7t b\u00fat c\u1ee7a Murakami.<\/p>\n<p>Xu\u1ea5t b\u1ea3n l\u1ea7n \u0111\u1ea7u \u1edf Nh\u1eadt B\u1ea3n n\u0103m 1987, Truy\u1ec7n Ti\u1ec3u Thuy\u1ebft R\u1eebng Na Uy th\u1ef1c s\u1ef1 l\u00e0 m\u1ed9t hi\u1ec7n t\u01b0\u1ee3ng k\u1ef3 l\u1ea1 v\u1edbi 4 tri\u1ec7u b\u1ea3n s\u00e1ch \u0111\u01b0\u1ee3c b\u00e1n ra, v\u00e0 theo th\u1ed1ng k\u00ea hi\u1ec7n t\u1ea1i, c\u1ee9 7 ng\u01b0\u1eddi Nh\u1eadt th\u00ec c\u00f3 1 ng\u01b0\u1eddi \u0111\u00e3 \u0111\u1ecdc R\u1eebng Na Uy. T\u1ea1i Trung Qu\u1ed1c, R\u1eebng Na Uy \u0111\u00e3 tr\u1edf th\u00e0nh m\u1ed9t hi\u1ec7n t\u01b0\u1ee3ng v\u0103n ho\u00e1 v\u1edbi h\u01a1n 1 tri\u1ec7u b\u1ea3n s\u00e1ch \u0111\u01b0\u1ee3c ti\u00eau th\u1ee5 v\u00e0 \u0111\u01b0\u1ee3c \u0111\u00e1nh gi\u00e1 l\u00e0 1 trong 10 cu\u1ed1n s\u00e1ch c\u00f3 \u1ea3nh h\u01b0\u1edfng l\u1edbn nh\u1ea5t \u1edf \u0111\u1ea1i l\u1ee5c trong th\u1ebf k\u1ef7 20.<\/p>\n<p>Theo t\u1edd Publisher Weekly, \u201c\u0111\u00e3 hai m\u01b0\u01a1i n\u0103m nay, R\u1eebng Na Uy lu\u00f4n n\u1eb1m trong danh s\u00e1ch 10 ti\u1ec3u thuy\u1ebft \u0111\u01b0\u1ee3c gi\u1edbi tr\u1ebb Nh\u1eadt B\u1ea3n v\u00e0 H\u00e0n Qu\u1ed1c t\u00ecm \u0111\u1ecdc nhi\u1ec1u nh\u1ea5t\u201d. &#8211; Publisher Weekly<\/p>\n<p>N\u1eafm b\u1eaft s\u1ef1 \u0111am m\u00ea v\u00e0 g\u1ea5p g\u1ea5p c\u1ee7a \u00e1i t\u00ecnh tu\u1ed5i tr\u1ebb&#8230; L\u1eb7ng l\u1ebd l\u00f4i cu\u1ed1n ng\u01b0\u1eddi \u0111\u1ecdc v\u00e0 cu\u1ed1i c\u00f9ng lay \u0111\u1ed9ng tam can. &#8211; Time Literary Supplement<\/p>\n<p>D\u1ecbu d\u00e0ng, quy\u1ebfn r\u0169 nh\u01b0 th\u01a1, c\u0103ng th\u1eb3ng nh\u01b0 bi k\u1ecbch v\u00e0 g\u1ee3i d\u1ee5c m\u1ed9t c\u00e1ch m\u00ea \u0111\u1eafm. M\u1ed9t cu\u1ed1n ti\u1ec3u thuy\u1ebft k\u1ef3 di\u1ec7u c\u00f3 \u00e2m h\u01b0\u1edfng h\u01b0\u1edbng \u0111\u1ea1o v\u00e0 t\u1ef1 nguy\u1ec7n. Nh\u00e2n v\u1eadt ch\u00ednh y\u00eau ng\u01b0\u1eddi y\u00eau c\u1ee7a ng\u01b0\u1eddi b\u1ea1n th\u00e2n nh\u1ea5t th\u1eddi ni\u00ean thi\u1ebfu \u0111\u00e3 t\u1ef1 s\u00e1t c\u1ee7a m\u00ecnh. Nh\u01b0ng m\u1ed9t th\u1eddi gian sau,a nh ch\u00e0ng c\u0169ng ph\u1ea3i l\u00f2ng m\u1ed9t n\u1eef sinh \u1edf khoa m\u00ecnh&#8230; Tuy\u1ec7t \u0111\u1ed1i n\u00ean \u0111\u1ecdc. &#8211; SDM<\/p>\n","protected":false},"excerpt":{"rendered":"<p>B\u1ea5t ch\u1ee3t l\u1eafng nghe b\u00e0i h\u00e1t m\u00e0 n\u00e0ng v\u1eabn \u01b0a th\u00edch nh\u1ea5t c\u1ee7a Beatles, Toru Watanbe h\u1ed3i t\u01b0\u1edfng l\u1ea1i m\u1ed1i t\u00ecnh \u0111\u1ea7u c\u1ee7a m\u00ecnh v\u1edbi Naoko, ng\u01b0\u1eddi y\u00eau c\u1ee7a ng\u01b0\u1eddi b\u1ea1n th\u00e2n nh\u1ea5t l\u00e0 Kizuki. K\u00fd \u1ee9c ngay l\u1eadp t\u1ee9c mang anh tr\u1edf v\u1ec1 nh\u1eefng ng\u00e0y sinh vi\u00ean c\u1ee7a 20 n\u0103m tr\u01b0\u1edbc , \u1edf Tokyo, nh\u1eefng ng\u00e0y ch\u01a1i v\u01a1i trong m\u1ed9t th\u1ebf gi\u1edbi c\u1ee7a t\u00ecnh b\u1ea1n kh\u00f3 kh\u0103n, c\u1ee7a t\u00ecnh d\u1ee5c bu\u00f4ng th\u1ea3, c\u1ee7a \u0111am m\u00ea m\u1ea7t m\u00e1t, tr\u1edf v\u1ec1 c\u00e1i th\u1eddi m\u00e0 m\u1ed9t c\u00f4 g\u00e1i m\u1ea1nh m\u1ebd t\u00ean l\u00e0 Modori \u0111\u00e3 b\u01b0\u1edbc v\u00e0o cu\u1ed9c \u0111\u1eddi anh, khi\u1ebfn anh ph\u1ea3i ch\u1ecdn l\u1ef1a, ho\u1eb7c t\u01b0\u01a1ng lai, ho\u1eb7c qu\u00e1 kh\u1ee9&#8230;<\/p>\n<p>C\u00f9ng tho\u00e1t thai t\u1eeb n\u1ed7i bu\u1ed3n th\u01b0\u01a1ng trong s\u00e1ng v\u1ec1 t\u1ed3n t\u1ea1i, R\u1eebng Na Uy, b\u00e0i h\u00e1t n\u0103m n\u00e0o c\u1ee7a Beatles, \u0111\u00e3 \u0111\u01b0\u1ee3c l\u1ea5y l\u00e0m t\u00ean g\u1ecdi cho cu\u1ed1n ti\u1ec3u thuy\u1ebft t\u00ecnh y\u00eau ng\u1ecdt ng\u00e0o v\u00e0 u s\u1ea7u c\u1ee7a Haruki Murakami. B\u01b0\u1edbc v\u00e0o c\u00f5i s\u1ed1ng c\u1ee7a R\u1eebng Na Uy, qua s\u1ef1 s\u1edbm c\u00f4 \u0111\u01a1n nh\u01b0 \u0111\u1ecbnh m\u1ec7nh c\u1ee7a nh\u1eefng ng\u01b0\u1eddi tr\u1ebb tu\u1ed5i, qua m\u1ed1i t\u00ecnh tay ba v\u1eeba qu\u1ea5n qu\u00fdt x\u00e1c th\u00e2n v\u1eeba u m\u1eb7c s\u1ea7u bi c\u1ee7a Naoko-Toru-Midori, ng\u01b0\u1eddi ta c\u1ea3m th\u1ea5y ng\u1ee1 ng\u00e0ng tr\u01b0\u1edbc t\u00ecnh y\u00eau nh\u01b0 l\u00e0 n\u01a1i tr\u00fa ng\u1ee5 duy nh\u1ea5t c\u1ee7a ng\u01b0\u1eddi \u0111\u00e0n \u00f4ng v\u00e0 ng\u01b0\u1eddi \u0111\u00e0n b\u00e0 tr\u00ean th\u1ebf gian n\u00e0y, v\u00e0 kh\u00e1m ph\u00e1 ra m\u1ed9t n\u1ed7i bu\u1ed3n m\u00eanh mang, tr\u1ed1ng v\u1eafng r\u1ea5t Nh\u1eadt B\u1ea3n c\u1ee7a th\u1eddi hi\u1ec7n \u0111\u1ea1i. Trong n\u1ed7i \u01b0u t\u01b0 v\u00e0 c\u00f4 \u0111\u01a1n nh\u01b0 m\u1ed9t \u0111\u1ecbnh m\u1ec7nh \u0111\u00e3 c\u00e0i \u0111\u1eb7t n\u01a1i nh\u1eefng ng\u01b0\u1eddi m\u1edbi l\u1edbn, trong s\u1ef1 tuy\u1ec7t v\u1ecdng c\u1ee7a nh\u1eefng t\u00e2m h\u1ed3n trong s\u00e1ng s\u1eb5n s\u00e0ng hy sinh th\u00e2n m\u00ecnh \u0111\u1ec3 kh\u1ecfi tho\u1ea3 hi\u1ec7p v\u1edbi cu\u1ed9c s\u1ed1ng th\u1ebf gian. V\u00e0 t\u00ecnh y\u00eau \u0111\u00e3 l\u00e0 n\u01a1i tr\u00fa ng\u1ee5 duy nh\u1ea5t. t\u00ecnh y\u00eau v\u00e0 s\u1ef1 gi\u1ea3i ph\u00f3ng c\u1ee7a x\u00e1c th\u00e2n bao b\u1ecdc l\u1ea5y n\u00f3, l\u00e0m cho ng\u01b0\u1eddi \u0111\u00e0n \u00f4ng v\u00e0 ng\u01b0\u1eddi \u0111\u00e0n b\u00e0 c\u00f3 th\u1ec3 y\u00eau nhau v\u1edbi t\u1ea5t c\u1ea3 nh\u1eefng g\u00ec c\u00f3 th\u1ec3 tr\u01b0\u1edbc cu\u1ed9c \u0111\u1eddi ng\u1eafn ng\u1ee7i v\u00e0 qu\u00fd gi\u00e1. V\u1edbi \u00fd ngh\u0129a \u0111\u00f3, m\u1ed1i t\u00ecnh tay ba Naoko-Toru-Midori \u0111\u00e3 lay \u0111\u1ed9ng h\u00e0ng ch\u1ee5c tri\u1ec7u \u0111\u1ed9c gi\u1ea3 tr\u00ean to\u00e0n th\u1ec1 gi\u1edbi trong m\u1ed9t t\u00e1c ph\u1ea9m \u0111\u01b0\u1ee3c coi l\u00e0 tuy\u1ec7t b\u00fat c\u1ee7a Murakami.<\/p>\n","protected":false},"featured_media":10789,"template":"","meta":{"_acf_changed":false},"product_brand":[],"product_cat":[15,45],"product_tag":[],"class_list":{"0":"post-10802","1":"product","2":"type-product","3":"status-publish","4":"has-post-thumbnail","6":"product_cat-sach-danh-cho-nguoi-lon","7":"product_cat-tieu-thuyet","9":"first","10":"outofstock","11":"taxable","12":"shipping-taxable","13":"purchasable","14":"product-type-simple"},"supplier_id":null,"supplier_sku":"","barcode":null,"atum_controlled":true,"out_stock_date":"2024-09-22 19:03:37","out_stock_threshold":null,"inheritable":false,"inbound_stock":0,"stock_on_hold":0,"sold_today":0,"sales_last_days":0,"reserved_stock":0,"customer_returns":0,"warehouse_damage":0,"lost_in_post":0,"other_logs":0,"out_stock_days":493,"lost_sales":0,"has_location":false,"update_date":"2026-01-28T23:11:26","atum_locations":[],"atum_stock_status":"outofstock","restock_status":false,"low_stock_amount":"","sales_update_date":"2026-01-28T23:11:26","calc_backorders":null,"acf":{"publisher":{"ID":1424,"post_author":"1","post_date":"2021-02-17 00:02:29","post_date_gmt":"2021-02-16 22:02:29","post_content":"<!-- wp:flatsome\/uxbuilder -->\n<h1 style=\"text-align: center\"><strong>Nh\u00e3 Nam<\/strong><\/h1>\n[row]\n\n[col span=\"6\" span__sm=\"12\"]\n\n[ux_image id=\"1438\" image_size=\"medium\"]\n\n\n[\/col]\n[col span=\"6\" span__sm=\"12\"]\n\n<p><strong>C\u00f4ng ty c\u1ed5 ph\u1ea7n V\u0103n h\u00f3a v\u00e0 Truy\u1ec1n th\u00f4ng Nh\u00e3 Nam<\/strong><\/p>\n<p>Th\u00e1ng 2 n\u0103m 2005, Nh\u00e3 Nam, t\u00ean \u0111\u1ea7y \u0111\u1ee7 l\u00e0 C\u00f4ng ty C\u1ed5 ph\u1ea7n V\u0103n h\u00f3a v\u00e0 Truy\u1ec1n th\u00f4ng Nh\u00e3 Nam \u0111\u00e3 gia nh\u1eadp th\u1ecb tr\u01b0\u1eddng s\u00e1ch. T\u00e1c ph\u1ea9m \"Balzac v\u00e0 c\u00f4 b\u00e9 th\u1ee3 may Trung hoa\" c\u1ee7a \u0110\u1edbi T\u01b0 Ki\u1ec7t l\u00e0 cu\u1ed1n s\u00e1ch \u0111\u1ea7u ti\u00ean \u0111\u01b0\u1ee3c nh\u1eefng ng\u01b0\u1eddi s\u00e1ng l\u1eadp Nh\u00e3 Nam xu\u1ea5t b\u1ea3n c\u1ea3 tr\u01b0\u1edbc khi c\u00f4ng ty ra \u0111\u1eddi. Ngay l\u1eadp t\u1ee9c t\u1eeb cu\u1ed1n s\u00e1ch \u0111\u1ea7u ti\u00ean, \u0111\u1ed9c gi\u1ea3 \u0111\u00e3 d\u00e0nh s\u1ef1 quan t\u00e2m v\u00e0 y\u00eau m\u1ebfn cho m\u1ed9t th\u01b0\u01a1ng hi\u1ec7u s\u00e1ch m\u1edbi m\u1ebb mang trong m\u00ecnh kh\u00e1t v\u1ecdng g\u00f3p ph\u1ea7n t\u1ea1o l\u1eadp di\u1ec7n m\u1ea1o m\u1edbi cho xu\u1ea5t b\u1ea3n v\u0103n h\u1ecdc t\u1ea1i Vi\u1ec7t Nam.<\/p>\n<p>L\u00f2ng say m\u00ea c\u1ee7a \u0111\u1ed9i ng\u0169 l\u00e0 vi\u00ean \u0111\u00e1 \u0111\u1ea7u ti\u00ean. Tr\u1ea3i qua m\u1ea5y n\u0103m ph\u00e1t tri\u1ec3n, Nh\u00e3 Nam \u0111\u00e3 \u0111\u01b0\u1ee3c x\u00e2y d\u1ef1ng d\u1ea7n l\u00ean trong di\u1ec7n m\u1ea1o m\u1ed9t nh\u00e0 xu\u1ea5t b\u1ea3n v\u1eefng ch\u00e3i v\u00e0 chuy\u00ean nghi\u1ec7p. S\u00e1u th\u00e1ng sau khi th\u00e0nh l\u1eadp c\u00f4ng ty, Nh\u1eadt k\u00fd \u0110\u1eb7ng Th\u00f9y Tr\u00e2m ra \u0111\u1eddi, t\u1ea1o n\u00ean m\u1ed9t c\u01a1n s\u1ed1t trong x\u00e3 h\u1ed9i, v\u1edbi g\u1ea7n 500,000 b\u1ea3n s\u00e1ch \u0111\u01b0\u1ee3c ph\u00e1t h\u00e0nh, ph\u00e1 m\u1ecdi k\u1ef7 l\u1ee5c v\u1ec1 xu\u1ea5t b\u1ea3n tr\u01b0\u1edbc \u0111\u00f3, k\u00e9o theo m\u1ed9t lo\u1ea1t nh\u1eefng hi\u1ec7u \u1ee9ng x\u00e3 h\u1ed9i v\u00e0 d\u01b0 lu\u1eadn c\u00f3 \u00fd ngh\u0129a. T\u1eeb \u0111\u00f3 tr\u1edf \u0111i, th\u00f4ng qua Nh\u00e3 Nam, c\u00e1c cu\u1ed1n s\u00e1ch v\u0103n h\u1ecdc n\u01b0\u1edbc ngo\u00e0i c\u00f3 gi\u00e1 tr\u1ecb \u0111\u01b0\u1ee3c li\u00ean t\u1ee5c mua b\u1ea3n quy\u1ec1n v\u00e0 xu\u1ea5t b\u1ea3n t\u1ea1i Vi\u1ec7t Nam, thu h\u00fat nhi\u1ec1u t\u1ea7ng l\u1edbp \u0111\u1ed9c gi\u1ea3. S\u00e1ch c\u1ee7a Nh\u00e3 Nam n\u1ed5i b\u1eadt b\u1edfi n\u1ed9i dung v\u0103n h\u1ecdc tinh t\u1ebf, b\u1edfi v\u1ebb \u0111\u1eb9p c\u1ee7a thi\u1ebft k\u1ebf hi\u1ec7n \u0111\u1ea1i \u1edf h\u00ecnh th\u1ee9c, b\u1edfi s\u1ef1 ch\u0103m ch\u00fat k\u1ef9 l\u01b0\u1ee1ng cho m\u1ed7i cu\u1ed1n s\u00e1ch nh\u01b0 m\u1ed9t con thuy\u1ec1n mang t\u1edbi ni\u1ec1m vui, tri th\u1ee9c, ng\u1ea1c nhi\u00ean, v\u00e0 \u0111\u1ed3ng c\u1ea3m.<\/p>\n\n[\/col]\n\n[\/row]\n<p style=\"text-align: left\">Hi\u1ec3u th\u1eddi \u0111\u1ea1i \u0111ang s\u1ed1ng th\u00f4ng qua s\u00e1ch, song h\u00e0nh v\u1edbi nh\u1eefng bi\u1ebfn chuy\u1ec3n s\u00e2u s\u1eafc trong l\u00f2ng x\u00e3 h\u1ed9i b\u1eb1ng nh\u1eefng ho\u1ea1t \u0111\u1ed9ng xu\u1ea5t b\u1ea3n mi\u1ec7t m\u00e0i v\u00e0 qu\u1ea3 c\u1ea3m, con \u0111\u01b0\u1eddng Nh\u00e3 Nam \u0111\u00e3 ch\u1ecdn \u0111\u1ec3 \u0111i s\u1ebd c\u00f2n d\u00e0i. Nhi\u1ec1u kh\u00f3 kh\u0103n, th\u1eed th\u00e1ch \u0111ang \u1edf ph\u00eda tr\u01b0\u1edbc. B\u01b0\u1edbc qua th\u1eddi k\u1ef3 s\u01a1 khai v\u1edbi nh\u1eefng b\u00e0i h\u1ecdc v\u00e0 nh\u1eefng kinh nghi\u1ec7m \u0111\u1ea7u ti\u00ean, Nh\u00e3 Nam gi\u1edd \u0111\u00e3 s\u1eb5n s\u00e0ng cho m\u1ed9t ch\u1eb7ng \u0111\u01b0\u1eddng ph\u00e1t tri\u1ec3n m\u1edbi. V\u00e0 ch\u00fang t\u00f4i mu\u1ed1n ho\u00e0n thi\u1ec7n m\u00ecnh trong s\u1ef1 c\u1ea7u th\u1ecb v\u00e0 c\u1ea9n tr\u1ecdng. T\u1ea5t c\u1ea3 v\u00ec m\u1ed9t gia s\u1ea3n s\u00e1ch to l\u1edbn, c\u00f3 s\u1ee9c s\u1ed1ng d\u00e0i l\u00e2u, c\u00f3 \u00fd ngh\u0129a v\u1edbi nhi\u1ec1u th\u1ebf h\u1ec7 b\u1ea1n \u0111\u1ecdc.<br \/>B\u1edfi v\u00ec s\u00e1ch l\u00e0 th\u1ebf gi\u1edbi.<\/p>\n<p><strong>\u0110\u00e2y l\u00e0 m\u1ed9t nh\u00e0 ph\u00e1t h\u00e0nh s\u00e1ch m\u00e0 SACHVIET.EU r\u1ea5t y\u00eau th\u00edch v\u00e0 tin t\u01b0\u1edfng. Nh\u00ecn \u0111\u01b0\u1ee3c t\u1ea7m \u1ea3nh h\u01b0\u1edfng c\u1ee7a Nh\u00e3 Nam qua t\u1eebng cu\u1ed1n s\u00e1ch, SACHVIET.EU li\u00ean h\u1ec7 h\u1ee3p t\u00e1c ngay v\u1edbi Nh\u00e3 Nam \u0111\u1ec3 \u0111em to\u00e0n b\u1ed9 nh\u1eefng t\u00e1c ph\u1ea9m m\u1edbi, hay nh\u1ea5t m\u00e0 Nh\u00e3 Nam c\u00f3 sang Ch\u00e2u \u00c2u, \u0111\u01b0a \u0111\u1ebfn cho \u0111\u1ed9c gi\u1ea3 c\u00f3 nhi\u1ec1u s\u1ef1 l\u1ef1a ch\u1ecdn phong ph\u00fa h\u01a1n c\u1ea3 s\u00e1ch cho tr\u1ebb em l\u1eabn ng\u01b0\u1eddi l\u1edbn.\u00a0<\/strong><\/p>\n\n<!-- \/wp:flatsome\/uxbuilder -->","post_title":"Nh\u00e3 Nam","post_excerpt":"","post_status":"publish","comment_status":"closed","ping_status":"closed","post_password":"","post_name":"nha-nam","to_ping":"","pinged":"","post_modified":"2022-12-19 23:15:33","post_modified_gmt":"2022-12-19 21:15:33","post_content_filtered":"","post_parent":0,"guid":"https:\/\/sachviet.eu\/?post_type=publisher&#038;p=1424","menu_order":0,"post_type":"publisher","post_mime_type":"","comment_count":"0","filter":"raw"}},"_links":{"self":[{"href":"https:\/\/sachviet.eu\/en\/wp-json\/wp\/v2\/product\/10802","targetHints":{"allow":["GET"]}}],"collection":[{"href":"https:\/\/sachviet.eu\/en\/wp-json\/wp\/v2\/product"}],"about":[{"href":"https:\/\/sachviet.eu\/en\/wp-json\/wp\/v2\/types\/product"}],"wp:featuredmedia":[{"embeddable":true,"href":"https:\/\/sachviet.eu\/en\/wp-json\/wp\/v2\/media\/10789"}],"wp:attachment":[{"href":"https:\/\/sachviet.eu\/en\/wp-json\/wp\/v2\/media?parent=10802"}],"wp:term":[{"taxonomy":"product_brand","embeddable":true,"href":"https:\/\/sachviet.eu\/en\/wp-json\/wp\/v2\/product_brand?post=10802"},{"taxonomy":"product_cat","embeddable":true,"href":"https:\/\/sachviet.eu\/en\/wp-json\/wp\/v2\/product_cat?post=10802"},{"taxonomy":"product_tag","embeddable":true,"href":"https:\/\/sachviet.eu\/en\/wp-json\/wp\/v2\/product_tag?post=10802"}],"curies":[{"name":"wp","href":"https:\/\/api.w.org\/{rel}","templated":true}]}}