{"id":10777,"date":"2021-06-03T00:54:32","date_gmt":"2021-06-02T21:54:32","guid":{"rendered":"https:\/\/sachviet.eu\/shop\/ranma-1-2-tap-6\/"},"modified":"2022-10-06T14:26:15","modified_gmt":"2022-10-06T11:26:15","slug":"ranma-1-2-tap-6","status":"publish","type":"product","link":"https:\/\/sachviet.eu\/en\/shop\/ranma-1-2-tap-6\/","title":{"rendered":"Ranma 1\/2 &#8211; T\u1eadp 6"},"content":{"rendered":"<p>Ranma t\u1eeb nh\u1ecf \u0111\u00e3 theo cha \u0111\u1ebfn Trung Qu\u1ed1c \u0111\u1ec3 luy\u1ec7n t\u1eadp v\u00f5 c\u00f4ng. V\u00f4 t\u00ecnh c\u1eadu ch\u00e0ng b\u1ecb r\u01a1i v\u00e0o con su\u1ed1i khi t\u1eadp v\u00f5 v\u00e0 d\u00ednh ph\u1ea3i l\u1eddi nguy\u1ec1n, bi\u1ebfn th\u00e0nh con g\u00e1i n\u1ebfu b\u1ecb t\u1ea1t n\u01b0\u1edbc l\u1ea1nh, v\u00e0 ch\u1ec9 tr\u1edf l\u1ea1i nguy\u00ean h\u00ecnh n\u1ebfu b\u1ecb t\u1ea1t n\u01b0\u1edbc n\u00f3ng.<\/p>\n<p>\u0110\u1ebfn n\u0103m 16 tu\u1ed5i, c\u1eadu theo cha v\u1ec1 Nh\u1eadt c\u00f9ng v\u1edbi m\u1ed9t l\u1eddi h\u1ee9a h\u00f4n c\u1ee7a cha thu\u1edf x\u01b0a. B\u1eaft \u0111\u1ea7u t\u1eeb \u0111\u00e2y l\u00e0 chu\u1ed7i ng\u00e0y d\u1edf kh\u00f3c d\u1edf c\u01b0\u1eddi b\u1edfi l\u1eddi nguy\u1ec1n m\u00e0 c\u1eadu \u0111ang mang tr\u00ean ng\u01b0\u1eddi. Li\u1ec7u cu\u1ed1i c\u00f9ng Ranma c\u00f3 tho\u00e1t \u0111\u01b0\u1ee3c l\u1eddi nguy\u1ec1n \u0111\u1ec3 \u0111\u01b0\u1eddng \u0111\u01b0\u1eddng ch\u00ednh ch\u00ednh \u0111\u1ebfn v\u1edbi v\u1ecb &#8220;h\u00f4n th\u00ea&#8221; d\u1eef nh\u01b0 c\u1ecdp c\u1ee7a m\u00ecnh hay kh\u00f4ng?<\/p>\n","protected":false},"excerpt":{"rendered":"<p>Ranma t\u1eeb nh\u1ecf \u0111\u00e3 theo cha \u0111\u1ebfn Trung Qu\u1ed1c \u0111\u1ec3 luy\u1ec7n t\u1eadp v\u00f5 c\u00f4ng. V\u00f4 t\u00ecnh c\u1eadu ch\u00e0ng b\u1ecb r\u01a1i v\u00e0o con su\u1ed1i khi t\u1eadp v\u00f5 v\u00e0 d\u00ednh ph\u1ea3i l\u1eddi nguy\u1ec1n, bi\u1ebfn th\u00e0nh con g\u00e1i n\u1ebfu b\u1ecb t\u1ea1t n\u01b0\u1edbc l\u1ea1nh, v\u00e0 ch\u1ec9 tr\u1edf l\u1ea1i nguy\u00ean h\u00ecnh n\u1ebfu b\u1ecb t\u1ea1t n\u01b0\u1edbc n\u00f3ng.<\/p>\n<p>\u0110\u1ebfn n\u0103m 16 tu\u1ed5i, c\u1eadu theo cha v\u1ec1 Nh\u1eadt c\u00f9ng v\u1edbi m\u1ed9t l\u1eddi h\u1ee9a h\u00f4n c\u1ee7a cha thu\u1edf x\u01b0a. B\u1eaft \u0111\u1ea7u t\u1eeb \u0111\u00e2y l\u00e0 chu\u1ed7i ng\u00e0y d\u1edf kh\u00f3c d\u1edf c\u01b0\u1eddi b\u1edfi l\u1eddi nguy\u1ec1n m\u00e0 c\u1eadu \u0111ang mang tr\u00ean ng\u01b0\u1eddi. Li\u1ec7u cu\u1ed1i c\u00f9ng Ranma c\u00f3 tho\u00e1t \u0111\u01b0\u1ee3c l\u1eddi nguy\u1ec1n \u0111\u1ec3 \u0111\u01b0\u1eddng \u0111\u01b0\u1eddng ch\u00ednh ch\u00ednh \u0111\u1ebfn v\u1edbi v\u1ecb &#8220;h\u00f4n th\u00ea&#8221; d\u1eef nh\u01b0 c\u1ecdp c\u1ee7a m\u00ecnh hay kh\u00f4ng?<\/p>\n","protected":false},"featured_media":10767,"template":"","meta":{"_acf_changed":false},"product_brand":[],"product_cat":[29],"product_tag":[],"class_list":{"0":"post-10777","1":"product","2":"type-product","3":"status-publish","4":"has-post-thumbnail","6":"product_cat-manga-comics","8":"first","9":"outofstock","10":"taxable","11":"shipping-taxable","12":"purchasable","13":"product-type-simple"},"supplier_id":null,"supplier_sku":"","barcode":null,"atum_controlled":true,"out_stock_date":"2022-10-06 08:26:15","out_stock_threshold":null,"inheritable":false,"inbound_stock":0,"stock_on_hold":0,"sold_today":0,"sales_last_days":0,"reserved_stock":0,"customer_returns":0,"warehouse_damage":0,"lost_in_post":0,"other_logs":0,"out_stock_days":1210,"lost_sales":0,"has_location":false,"update_date":"2026-01-28T23:10:47","atum_locations":[],"atum_stock_status":"outofstock","restock_status":false,"low_stock_amount":"","sales_update_date":"2026-01-28T23:10:47","calc_backorders":null,"acf":{"publisher":{"ID":1517,"post_author":"1","post_date":"2021-02-17 01:14:41","post_date_gmt":"2021-02-16 23:14:41","post_content":"","post_title":"NXB Tr\u1ebb","post_excerpt":"","post_status":"publish","comment_status":"closed","ping_status":"closed","post_password":"","post_name":"nxb-tre","to_ping":"","pinged":"","post_modified":"2021-02-17 01:14:41","post_modified_gmt":"2021-02-16 23:14:41","post_content_filtered":"","post_parent":0,"guid":"https:\/\/sachviet.eu\/nha-phat-hanh\/nxb-tre\/","menu_order":0,"post_type":"publisher","post_mime_type":"","comment_count":"0","filter":"raw"}},"_links":{"self":[{"href":"https:\/\/sachviet.eu\/en\/wp-json\/wp\/v2\/product\/10777","targetHints":{"allow":["GET"]}}],"collection":[{"href":"https:\/\/sachviet.eu\/en\/wp-json\/wp\/v2\/product"}],"about":[{"href":"https:\/\/sachviet.eu\/en\/wp-json\/wp\/v2\/types\/product"}],"wp:featuredmedia":[{"embeddable":true,"href":"https:\/\/sachviet.eu\/en\/wp-json\/wp\/v2\/media\/10767"}],"wp:attachment":[{"href":"https:\/\/sachviet.eu\/en\/wp-json\/wp\/v2\/media?parent=10777"}],"wp:term":[{"taxonomy":"product_brand","embeddable":true,"href":"https:\/\/sachviet.eu\/en\/wp-json\/wp\/v2\/product_brand?post=10777"},{"taxonomy":"product_cat","embeddable":true,"href":"https:\/\/sachviet.eu\/en\/wp-json\/wp\/v2\/product_cat?post=10777"},{"taxonomy":"product_tag","embeddable":true,"href":"https:\/\/sachviet.eu\/en\/wp-json\/wp\/v2\/product_tag?post=10777"}],"curies":[{"name":"wp","href":"https:\/\/api.w.org\/{rel}","templated":true}]}}