{"id":10741,"date":"2021-06-03T00:40:27","date_gmt":"2021-06-02T21:40:27","guid":{"rendered":"https:\/\/sachviet.eu\/shop\/cha-me-hanh-phuc-nuoi-con-hanh-phuc\/"},"modified":"2022-11-25T22:18:43","modified_gmt":"2022-11-25T20:18:43","slug":"cha-me-hanh-phuc-nuoi-con-hanh-phuc","status":"publish","type":"product","link":"https:\/\/sachviet.eu\/en\/shop\/cha-me-hanh-phuc-nuoi-con-hanh-phuc\/","title":{"rendered":"Cha m\u1eb9 h\u1ea1nh ph\u00fac nu\u00f4i con h\u1ea1nh ph\u00fac"},"content":{"rendered":"<p>H\u1ea1nh ph\u00fac th\u1eadt s\u1ef1 c\u1ee7a con ng\u01b0\u1eddi l\u00e0 g\u00ec?<\/p>\n<p>Ph\u1ea3i l\u00e0m g\u00ec \u0111\u1ec3 cho con c\u00e1i \u0111\u01b0\u1ee3c h\u1ea1nh ph\u00fac?<\/p>\n<p>C\u00e2u tr\u1ea3 l\u1eddi s\u1ebd c\u00f3 trong cu\u1ed1n s\u00e1ch \u201cCha m\u1eb9 h\u1ea1nh ph\u00fac nu\u00f4i con h\u1ea1nh ph\u00fac\u201d c\u1ee7a t\u00e1c gi\u1ea3 Takashi Maeno \u2013 m\u1ed9t nh\u00e0 nghi\u00ean c\u1ee9u ti\u00ean phong trong Khoa h\u1ecdc h\u1ea1nh ph\u00fac.<\/p>\n<p>\u201cCha m\u1eb9 h\u1ea1nh ph\u00fac nu\u00f4i con h\u1ea1nh ph\u00fac\u201d l\u00e0 k\u1ebft qu\u1ea3 t\u1ed5ng h\u1ee3p t\u1ea5t c\u1ea3 nh\u1eefng g\u00ec \u00f4ng v\u00e0 v\u1ee3, ng\u01b0\u1eddi \u0111\u1ed3ng th\u1eddi c\u0169ng l\u00e0 c\u1ed9ng s\u1ef1 nghi\u00ean c\u1ee9u \u0111\u1eafc l\u1ef1c c\u1ee7a \u00f4ng, \u0111\u00e3 tr\u1ea3i nghi\u1ec7m trong 16 n\u0103m nu\u00f4i d\u1ea1y hai con, c\u0169ng nh\u01b0 k\u1ebft qu\u1ea3 \u00f4ng thu \u0111\u01b0\u1ee3c t\u1eeb nghi\u00ean c\u1ee9u \u201cKhoa h\u1ecdc h\u1ea1nh ph\u00fac\u201d.<\/p>\n<p>Trong cu\u1ed1n s\u00e1ch n\u00e0y b\u1ea1n s\u1ebd h\u1ecdc \u0111\u01b0\u1ee3c nh\u1eefng n\u1ed9i dung c\u00f3 t\u00ednh ch\u1ea5t h\u1ecdc thu\u1eadt l\u00e0 c\u00e1c c\u01a1 s\u1edf l\u00fd lu\u1eadn v\u1ec1 h\u1ea1nh ph\u00fac v\u00e0 c\u00e1c ph\u01b0\u01a1ng ph\u00e1p nu\u00f4i d\u1ea1y n\u00ean nh\u1eefng ng\u01b0\u1eddi con h\u1ea1nh ph\u00fac. Ngo\u00e0i ra \u0111\u1ed9c gi\u1ea3 c\u0169ng c\u00f3 th\u1ec3 t\u00ecm th\u1ea5y nh\u1eefng b\u00e0i t\u1eadp th\u1ef1c h\u00e0nh \u0111\u01a1n gi\u1ea3n \u0111\u1ec3 th\u1ef1c hi\u1ec7n t\u1ea1i nh\u00e0 c\u00f9ng ng\u01b0\u1eddi th\u00e2n, \u0111\u1ec3 t\u1eeb \u0111\u00f3 lan t\u1ecfa h\u1ea1nh ph\u00fac cho b\u1ea1n \u0111\u1eddi v\u00e0 con tr\u1ebb, b\u1edfi v\u00ec \u201ctrung t\u00e2m c\u1ee7a h\u1ea1nh ph\u00fac ch\u00ednh l\u00e0 b\u1ea1n\u201d. \u0110\u00fang nh\u01b0 nh\u1eefng g\u00ec t\u00e1c gi\u1ea3 \u0111\u00e3 chia s\u1ebb trong cu\u1ed1n s\u00e1ch:<\/p>\n<p>\u201cH\u1ea1nh ph\u00fac s\u1ebd b\u1eaft \u0111\u1ea7u t\u1eeb ch\u00ednh b\u1ea1n ch\u1ee9 kh\u00f4ng ph\u1ea3i l\u00e0 ai kh\u00e1c. N\u1ebfu nh\u01b0 b\u1ea1n c\u00f3 g\u01b0\u01a1ng m\u1eb7t r\u1ea1ng r\u1ee1 v\u00e0 tr\u00e1i tim r\u1ed9ng m\u1edf th\u00ec con tr\u1ebb, b\u1ea1n \u0111\u1eddi, gia \u0111\u00ecnh, b\u1ea1n b\u00e8, th\u1eadm ch\u00ed c\u1ea3 x\u00e3 h\u1ed9i c\u0169ng \u0111\u1ec1u c\u00f3 th\u1ec3 tr\u1edf n\u00ean h\u1ea1nh ph\u00fac\u201d<\/p>\n<p>Cu\u1ed1n s\u00e1ch n\u00e0y s\u1ebd tr\u1edf th\u00e0nh nh\u1eefng l\u1eddi g\u1ee3i \u00fd gi\u00fap gi\u1ea3i quy\u1ebft n\u1ed7i kh\u1ed5 s\u1edf, v\u1ea5t v\u1ea3 v\u00e0 nh\u1eefng c\u0103ng th\u1eb3ng c\u1ee7a nh\u1eefng ng\u01b0\u1eddi l\u00e0m cha m\u1eb9, gi\u00fap c\u00e1c b\u1eadc ph\u1ee5 huynh c\u00f3 th\u1ec3 b\u01b0\u1edbc nh\u1eefng b\u01b0\u1edbc d\u00e0i trong h\u00e0nh tr\u00ecnh tr\u01b0\u1edfng th\u00e0nh c\u00f9ng con.<\/p>\n","protected":false},"excerpt":{"rendered":"<p>H\u1ea1nh ph\u00fac th\u1eadt s\u1ef1 c\u1ee7a con ng\u01b0\u1eddi l\u00e0 g\u00ec?<\/p>\n<p>Ph\u1ea3i l\u00e0m g\u00ec \u0111\u1ec3 cho con c\u00e1i \u0111\u01b0\u1ee3c h\u1ea1nh ph\u00fac?<\/p>\n<p>C\u00e2u tr\u1ea3 l\u1eddi s\u1ebd c\u00f3 trong cu\u1ed1n s\u00e1ch \u201cCha m\u1eb9 h\u1ea1nh ph\u00fac nu\u00f4i con h\u1ea1nh ph\u00fac\u201d c\u1ee7a t\u00e1c gi\u1ea3 Takashi Maeno \u2013 m\u1ed9t nh\u00e0 nghi\u00ean c\u1ee9u ti\u00ean phong trong Khoa h\u1ecdc h\u1ea1nh ph\u00fac.<\/p>\n<p>\u201cCha m\u1eb9 h\u1ea1nh ph\u00fac nu\u00f4i con h\u1ea1nh ph\u00fac\u201d l\u00e0 k\u1ebft qu\u1ea3 t\u1ed5ng h\u1ee3p t\u1ea5t c\u1ea3 nh\u1eefng g\u00ec \u00f4ng v\u00e0 v\u1ee3, ng\u01b0\u1eddi \u0111\u1ed3ng th\u1eddi c\u0169ng l\u00e0 c\u1ed9ng s\u1ef1 nghi\u00ean c\u1ee9u \u0111\u1eafc l\u1ef1c c\u1ee7a \u00f4ng, \u0111\u00e3 tr\u1ea3i nghi\u1ec7m trong 16 n\u0103m nu\u00f4i d\u1ea1y hai con, c\u0169ng nh\u01b0 k\u1ebft qu\u1ea3 \u00f4ng thu \u0111\u01b0\u1ee3c t\u1eeb nghi\u00ean c\u1ee9u \u201cKhoa h\u1ecdc h\u1ea1nh ph\u00fac\u201d.<\/p>\n<p>Trong cu\u1ed1n s\u00e1ch n\u00e0y b\u1ea1n s\u1ebd h\u1ecdc \u0111\u01b0\u1ee3c nh\u1eefng n\u1ed9i dung c\u00f3 t\u00ednh ch\u1ea5t h\u1ecdc thu\u1eadt l\u00e0 c\u00e1c c\u01a1 s\u1edf l\u00fd lu\u1eadn v\u1ec1 h\u1ea1nh ph\u00fac v\u00e0 c\u00e1c ph\u01b0\u01a1ng ph\u00e1p nu\u00f4i d\u1ea1y n\u00ean nh\u1eefng ng\u01b0\u1eddi con h\u1ea1nh ph\u00fac. Ngo\u00e0i ra \u0111\u1ed9c gi\u1ea3 c\u0169ng c\u00f3 th\u1ec3 t\u00ecm th\u1ea5y nh\u1eefng b\u00e0i t\u1eadp th\u1ef1c h\u00e0nh \u0111\u01a1n gi\u1ea3n \u0111\u1ec3 th\u1ef1c hi\u1ec7n t\u1ea1i nh\u00e0 c\u00f9ng ng\u01b0\u1eddi th\u00e2n, \u0111\u1ec3 t\u1eeb \u0111\u00f3 lan t\u1ecfa h\u1ea1nh ph\u00fac cho b\u1ea1n \u0111\u1eddi v\u00e0 con tr\u1ebb, b\u1edfi v\u00ec \u201ctrung t\u00e2m c\u1ee7a h\u1ea1nh ph\u00fac ch\u00ednh l\u00e0 b\u1ea1n\u201d. \u0110\u00fang nh\u01b0 nh\u1eefng g\u00ec t\u00e1c gi\u1ea3 \u0111\u00e3 chia s\u1ebb trong cu\u1ed1n s\u00e1ch:<\/p>\n<p>\u201cH\u1ea1nh ph\u00fac s\u1ebd b\u1eaft \u0111\u1ea7u t\u1eeb ch\u00ednh b\u1ea1n ch\u1ee9 kh\u00f4ng ph\u1ea3i l\u00e0 ai kh\u00e1c. N\u1ebfu nh\u01b0 b\u1ea1n c\u00f3 g\u01b0\u01a1ng m\u1eb7t r\u1ea1ng r\u1ee1 v\u00e0 tr\u00e1i tim r\u1ed9ng m\u1edf th\u00ec con tr\u1ebb, b\u1ea1n \u0111\u1eddi, gia \u0111\u00ecnh, b\u1ea1n b\u00e8, th\u1eadm ch\u00ed c\u1ea3 x\u00e3 h\u1ed9i c\u0169ng \u0111\u1ec1u c\u00f3 th\u1ec3 tr\u1edf n\u00ean h\u1ea1nh ph\u00fac\u201d<\/p>\n<p>Cu\u1ed1n s\u00e1ch n\u00e0y s\u1ebd tr\u1edf th\u00e0nh nh\u1eefng l\u1eddi g\u1ee3i \u00fd gi\u00fap gi\u1ea3i quy\u1ebft n\u1ed7i kh\u1ed5 s\u1edf, v\u1ea5t v\u1ea3 v\u00e0 nh\u1eefng c\u0103ng th\u1eb3ng c\u1ee7a nh\u1eefng ng\u01b0\u1eddi l\u00e0m cha m\u1eb9, gi\u00fap c\u00e1c b\u1eadc ph\u1ee5 huynh c\u00f3 th\u1ec3 b\u01b0\u1edbc nh\u1eefng b\u01b0\u1edbc d\u00e0i trong h\u00e0nh tr\u00ecnh tr\u01b0\u1edfng th\u00e0nh c\u00f9ng con.<\/p>\n","protected":false},"featured_media":10732,"template":"","meta":{"_acf_changed":false},"product_brand":[],"product_cat":[19],"product_tag":[],"class_list":{"0":"post-10741","1":"product","2":"type-product","3":"status-publish","4":"has-post-thumbnail","6":"product_cat-nuoi-day-con","8":"first","9":"outofstock","10":"taxable","11":"shipping-taxable","12":"purchasable","13":"product-type-simple"},"supplier_id":null,"supplier_sku":"","barcode":null,"atum_controlled":true,"out_stock_date":"2022-11-25 20:18:43","out_stock_threshold":null,"inheritable":false,"inbound_stock":2,"stock_on_hold":0,"sold_today":0,"sales_last_days":0,"reserved_stock":0,"customer_returns":0,"warehouse_damage":0,"lost_in_post":0,"other_logs":0,"out_stock_days":1160,"lost_sales":1489,"has_location":false,"update_date":"2026-01-28T23:10:47","atum_locations":[],"atum_stock_status":"outofstock","restock_status":false,"low_stock_amount":"","sales_update_date":"2026-01-28T23:10:47","calc_backorders":null,"acf":{"publisher":{"ID":1453,"post_author":"1","post_date":"2021-02-17 01:11:32","post_date_gmt":"2021-02-16 23:11:32","post_content":"<!-- wp:flatsome\/uxbuilder -->\n<h1 style=\"text-align: center;\"><strong>Qu\u1ea3ng V\u0103n<\/strong><\/h1>\n[row]\n\n[col span=\"6\" span__sm=\"12\"]\n\n[ux_image id=\"1552\" image_size=\"medium\"]\n\n\n[\/col]\n[col span=\"6\" span__sm=\"12\"]\n\n<p><strong>Quangvanbooks<\/strong><br \/>Qu\u1ea3ng V\u0103n l\u00e0 t\u1ed5 h\u1ee3p xu\u1ea5t b\u1ea3n, gi\u00e1o d\u1ee5c v\u00e0 nh\u01b0\u1ee3ng quy\u1ec1n h\u00e0ng \u0111\u1ea7u trong ng\u00e0nh c\u00f4ng nghi\u1ec7p s\u00e1ng t\u1ea1o v\u1edbi c\u00e1c th\u01b0\u01a1ng hi\u1ec7u nh\u00e1nh:<\/p>\n<p>Quangvanbooks - Th\u01b0\u01a1ng hi\u1ec7u s\u00e1ch v\u0103n h\u00f3a gi\u00e1o d\u1ee5c v\u00e0 v\u0103n h\u00f3a gi\u1ea3i tr\u00ed<br \/>Ehomebooks - Th\u01b0\u01a1ng hi\u1ec7u s\u00e1ch gi\u00e1o d\u1ee5c gia \u0111\u00ecnh<br \/>Sakurabooks - Th\u01b0\u01a1ng hi\u1ec7u s\u00e1ch Nh\u1eadt B\u1ea3n<br \/>IPERbooks - Th\u01b0\u01a1ng hi\u1ec7u s\u00e1ch gi\u00e1o d\u1ee5c nh\u00e0 tr\u01b0\u1eddng<br \/>IPER - Vi\u1ec7n nghi\u00ean c\u1ee9u xu\u1ea5t b\u1ea3n v\u00e0 gi\u00e1o d\u1ee5c IPER<\/p>\n<p><strong>T\u1ea7m nh\u00ecn<\/strong><br \/>Tr\u1edf th\u00e0nh th\u01b0\u01a1ng hi\u1ec7u s\u00e1ch v\u0103n h\u00f3a gi\u00e1o d\u1ee5c v\u00e0 v\u0103n h\u00f3a gi\u1ea3i tr\u00ed t\u1ed1t nh\u1ea5t v\u00e0 \u0111a d\u1ea1ng nh\u1ea5t Vi\u1ec7t Nam.<\/p>\n<p><br \/><strong>S\u1ee9 m\u1ec7nh<\/strong><br \/>Mang \u0111\u1ebfn nh\u1eefng cu\u1ed1n s\u00e1ch v\u0103n h\u00f3a gi\u00e1o d\u1ee5c v\u00e0 v\u0103n h\u00f3a gi\u1ea3i tr\u00ed \u0111\u1ebfn v\u1edbi \u0111\u1ed9c gi\u1ea3 Vi\u1ec7t Nam v\u00e0 th\u1ebf gi\u1edbi nh\u1eb1m gi\u00fap \u0111\u1ed9c gi\u1ea3 ph\u00e1t tri\u1ec3n b\u1ea3n th\u00e2n, gi\u00e1o d\u1ee5c, gi\u1ea3i tr\u00ed v\u00e0 khai s\u00e1ng nh\u1eb1m x\u00e2y d\u1ef1ng x\u00e3 h\u1ed9i th\u1ecbnh v\u01b0\u1ee3ng, h\u1ea1nh ph\u00fac.<\/p>\n<p><strong>Gi\u00e1 tr\u1ecb c\u1ed1t l\u00f5i<\/strong><\/p>\n<p>S\u00e1ng t\u1ea1o - Linh ho\u1ea1t - H\u1ee3p t\u00e1c - Ch\u00ednh tr\u1ef1c - Nhi\u1ec7t huy\u1ebft - C\u00e2n b\u1eb1ng - H\u1ea1nh ph\u00fac<\/p>\n\n[\/col]\n\n[\/row]\n\n<!-- \/wp:flatsome\/uxbuilder -->","post_title":"Qu\u1ea3ng V\u0103n","post_excerpt":"","post_status":"publish","comment_status":"closed","ping_status":"closed","post_password":"","post_name":"quang-van","to_ping":"","pinged":"","post_modified":"2021-02-17 01:26:44","post_modified_gmt":"2021-02-16 23:26:44","post_content_filtered":"","post_parent":0,"guid":"https:\/\/sachviet.eu\/nha-phat-hanh\/quang-van\/","menu_order":0,"post_type":"publisher","post_mime_type":"","comment_count":"0","filter":"raw"}},"_links":{"self":[{"href":"https:\/\/sachviet.eu\/en\/wp-json\/wp\/v2\/product\/10741","targetHints":{"allow":["GET"]}}],"collection":[{"href":"https:\/\/sachviet.eu\/en\/wp-json\/wp\/v2\/product"}],"about":[{"href":"https:\/\/sachviet.eu\/en\/wp-json\/wp\/v2\/types\/product"}],"wp:featuredmedia":[{"embeddable":true,"href":"https:\/\/sachviet.eu\/en\/wp-json\/wp\/v2\/media\/10732"}],"wp:attachment":[{"href":"https:\/\/sachviet.eu\/en\/wp-json\/wp\/v2\/media?parent=10741"}],"wp:term":[{"taxonomy":"product_brand","embeddable":true,"href":"https:\/\/sachviet.eu\/en\/wp-json\/wp\/v2\/product_brand?post=10741"},{"taxonomy":"product_cat","embeddable":true,"href":"https:\/\/sachviet.eu\/en\/wp-json\/wp\/v2\/product_cat?post=10741"},{"taxonomy":"product_tag","embeddable":true,"href":"https:\/\/sachviet.eu\/en\/wp-json\/wp\/v2\/product_tag?post=10741"}],"curies":[{"name":"wp","href":"https:\/\/api.w.org\/{rel}","templated":true}]}}