{"id":10731,"date":"2021-06-03T00:38:56","date_gmt":"2021-06-02T21:38:56","guid":{"rendered":"https:\/\/sachviet.eu\/shop\/xin-chao-co-than-chet\/"},"modified":"2022-04-20T23:36:00","modified_gmt":"2022-04-20T20:36:00","slug":"xin-chao-co-than-chet","status":"publish","type":"product","link":"https:\/\/sachviet.eu\/en\/shop\/xin-chao-co-than-chet\/","title":{"rendered":"Xin ch\u00e0o c\u00f4 Th\u1ea7n Ch\u1ebft"},"content":{"rendered":"<p>\u201cTh\u1ea7n Ch\u1ebft \u0111\u1ebfn \u0111\u01b0a b\u00e0 c\u1ee5 \u0111i nh\u01b0ng b\u00e0 b\u1ecb \u0111i\u1ebfc n\u00ean nghe th\u00e0nh &#8220;Th\u1ea7n T\u1ebft&#8221;, b\u00e0 r\u1ea5t chi h\u00e2n hoan v\u00ec t\u00f3m \u0111\u01b0\u1ee3c m\u1ed9t chi\u1ebfc b\u1ea1n. Th\u1ea5y th\u1ea7n s\u1ee5t s\u1ecbt b\u00e0 b\u00e8n b\u1eaft v\u00e0o nh\u00e0 t\u1eafm t\u00e1p s\u01b0\u1edfi \u1ea5m xong \u0111\u01b0a cho c\u00e1i V\u00c1Y NG\u1ee6 DI\u1ec0M \u0110\u0102NG TEN r\u1ed3i h\u00e1t ru cho th\u1ea7n ng\u1ee7. N\u00e0o l\u00e0 &#8220;Ng\u1ee7 \u0111i em b\u00e9 nh\u1ecf\/Trong t\u1ea5m ch\u0103n tr\u1eafng tinh&#8230;&#8221; d\u1ed3i \u00f4i&#8230;<br \/>\n&#8220;\u0110\u1ec3 Th\u1ea7n Ch\u1ebft \u0111\u1ee1 bu\u1ed3n, b\u00e0 c\u1ee5 d\u1ea1y th\u1ea7n ch\u01a1i b\u00e0i&#8230;&#8221; .__.<br \/>\n &#8220;Nh\u01b0ng Th\u1ea7n Ch\u1ebft c\u1ee9 thua su\u1ed1t.&#8221; D\u1ed7i lu\u00f4n. Gi\u1eadn th\u1ef1c s\u1ef1!<br \/>\nTh\u1ea7n Ch\u1ebft v\u1eaft s\u1eefa b\u00f2, Th\u1ea7n Ch\u1ebft ch\u01a1i c\u1edd, Th\u1ea7n Ch\u1ebft g\u1ea3y \u0111\u00e0n,&#8230;<br \/>\nKhi m\u00e0 Th\u1ea7n Ch\u1ebft ch\u00e0o b\u00e0 \u0111\u1ec3 \u0111i, b\u00e0 ki\u1ec3u: \u201cKhoan \u0111\u00e3, b\u1ea1n nh\u1ecf c\u1ee7a b\u00e0, ch\u00fang ta s\u1ebd \u0111i c\u00f9ng nhau!\u201d, nh\u01b0ng tr\u01b0\u1edbc h\u1ebft b\u00e0 r\u1ee7 th\u1ea7n ch\u1ebft \u1edf l\u1ea1i d\u1ef1 sinh nh\u1eadt 100 tu\u1ed5i. Th\u1ea7n Ch\u1ebft l\u00e0m cho b\u00e0 m\u1ed9t chi\u1ebfc b\u00e1nh ga t\u00f4, r\u1ed3i x\u00fang x\u00ednh v\u00e1y \u0111\u1ea7m c\u00f9ng nhau nh\u1ea3y m\u00faa&#8230;<br \/>\nB\u00e0 c\u1ee5 \u0111\u00e3 s\u1ed1ng m\u1ed9t cu\u1ed9c \u0111\u1eddi th\u1eadt chill, v\u00e0 b\u00e0 c\u0169ng th\u1eadt l\u00e0 ng\u1ea7u, b\u00e0 ch\u0103m s\u00f3c b\u1ea7u b\u1ea1n v\u1edbi Th\u1ea7n Ch\u1ebft, r\u1ed3i b\u00e0 t\u1ef1 quy\u1ebft \u0111\u1ecbnh gi\u00e2y ph\u00fat n\u00e0o m\u00ecnh s\u1ebd n\u1eb1m xu\u1ed1ng ngh\u1ec9 ng\u01a1i.<br \/>\nTrang cu\u1ed1i, khi b\u1ecdn m\u00e8o g\u00e0 d\u00ea b\u00f2 ng\u1eafm nh\u00ecn t\u1ea5m \u1ea3nh t\u1ea1m bi\u1ec7t b\u00e0 c\u1ee5, t\u00e1c gi\u1ea3 \u0111\u00e3 v\u1ebd \u0111\u00f4i m\u1eaft ch\u00fang bu\u1ed3n nh\u01b0ng mi\u1ec7ng ch\u00fang nho\u1ebbn c\u01b0\u1eddi. \u0110\u1ebfn \u0111\u00e2y m\u00ecnh c\u0169ng th\u1ebf, c\u0169ng nho\u1ebbn m\u1ed9t n\u1ee5 c\u01b0\u1eddi \u00eam \u1ea3.<br \/>\nM\u00ecnh \u0111\u1ecdc cu\u1ed1n n\u00e0y trong l\u00fac nghe canon in D. Sau n\u00e0y ch\u1eafc ch\u1eafn m\u00ecnh s\u1ebd v\u1eabn nghe canon in D b\u1ea5t c\u1ee9 khi n\u00e0o \u0111\u1ecdc l\u1ea1i cu\u1ed1n n\u00e0y, \u0111\u1ec3 l\u1ea1i \u0111\u01b0\u1ee3c tr\u1ea3i qua t\u1ea5t c\u1ea3 nh\u1eefng b\u1eadt c\u01b0\u1eddi, th\u00edch th\u00fa, b\u1ea5t ng\u1edd, rung \u0111\u1ed9ng, \u00eam \u0111\u1ec1m, nhung nh\u1edb, nh\u1eb9 nh\u00f5m,&#8230; ch\u1ec9 trong 5 ph\u00fat ng\u1eafn ng\u1ee7i.<br \/>\nM\u00ecnh \u0111\u00e3 v\u00f4 t\u00ecnh \u0111\u1ecdc cu\u1ed1n n\u00e0y v\u00e0o \u0111\u00fang l\u00fac m\u00ecnh c\u1ea7n n\u00f3 nh\u1ea5t. Su\u1ed1t bao n\u0103m m\u00ecnh \u0111\u00e3 c\u00f3 m\u1ed9t b\u1ea3n nh\u1ea1c ch\u1eefa l\u00e0nh, gi\u1edd l\u1ea1i c\u00f3 th\u00eam m\u1ed9t cu\u1ed1n s\u00e1ch ch\u1eefa l\u00e0nh n\u1eefa.\u201d<br \/>\n&#8211; B\u1ea3o B\u00ecnh<\/p>\n","protected":false},"excerpt":{"rendered":"<p>Ng\u00e0y x\u1eeda ng\u00e0y x\u01b0a, \u00e0 kh\u00f4ng, ng\u00e0y n\u1ea3y ng\u00e0y nay, \u1edf m\u1ed9t mi\u1ec1n qu\u00ea xa x\u00f4i xinh \u0111\u1eb9p, c\u00f3 m\u1ed9t b\u00e0 c\u1ee5 n\u00f4ng d\u00e2n \u0111\u00e3 s\u1ed1ng qua g\u1ea7n m\u1ed9t th\u1ebf k\u1ef7. M\u1ed9t ng\u00e0y kia, Th\u1ea7n Ch\u1ebft \u0111\u1ebfn g\u00f5 c\u1eeda mu\u1ed1n \u0111\u00f3n b\u00e0 \u0111i c\u00f9ng m\u00ecnh, nh\u01b0ng b\u00e0 l\u1ea1i m\u1eddi Th\u1ea7n Ch\u1ebft v\u00e0o nh\u00e0 v\u00e0 ch\u0103m s\u00f3c Th\u1ea7n Ch\u1ebft \u0111\u1ea7y \u00e2u y\u1ebfm khi\u1ebfn Th\u1ea7n Ch\u1ebft \u0111i t\u1eeb ng\u1ea1c nhi\u00ean n\u00e0y t\u1edbi ng\u1ea1c nhi\u00ean kh\u00e1c. V\u1eady li\u1ec7u cu\u1ed1i c\u00f9ng, b\u00e0 c\u1ee5 c\u00f3 \u0111i c\u00f9ng Th\u1ea7n Ch\u1ebft kh\u00f4ng?<\/p>\n<p>T\u00e1c ph\u1ea9m t\u1ef1a c\u00e2u chuy\u1ec7n ng\u1ee5 ng\u00f4n hi\u1ec7n \u0111\u1ea1i k\u1ec3 v\u1ec1 c\u00e1i ch\u1ebft nh\u01b0 m\u1ed9t ph\u1ea7n kh\u00f4ng th\u1ec3 t\u00e1ch r\u1eddi c\u1ee7a s\u1ef1 s\u1ed1ng, d\u00e0nh cho c\u00e1c em nh\u1ecf t\u1eeb 8 \u0111\u1ebfn 11 tu\u1ed5i.<\/p>\n","protected":false},"featured_media":10719,"template":"","meta":{"_acf_changed":false},"product_brand":[],"product_cat":[25,17,26],"product_tag":[],"class_list":{"0":"post-10731","1":"product","2":"type-product","3":"status-publish","4":"has-post-thumbnail","6":"product_cat-nhi-dong-6-tuoi-12-tuoi","7":"product_cat-sach-danh-cho-cac-be","8":"product_cat-thieu-nien-11-tuoi-18-tuoi","10":"first","11":"instock","12":"taxable","13":"shipping-taxable","14":"purchasable","15":"product-type-simple"},"supplier_id":null,"supplier_sku":"","barcode":null,"atum_controlled":true,"out_stock_date":null,"out_stock_threshold":null,"inheritable":false,"inbound_stock":2,"stock_on_hold":0,"sold_today":0,"sales_last_days":0,"reserved_stock":0,"customer_returns":0,"warehouse_damage":0,"lost_in_post":0,"other_logs":0,"out_stock_days":0,"lost_sales":0,"has_location":false,"update_date":"2026-01-28T23:10:47","atum_locations":[],"atum_stock_status":"instock","restock_status":false,"low_stock_amount":"","sales_update_date":"2026-01-28T23:10:47","calc_backorders":null,"acf":{"publisher":{"ID":1424,"post_author":"1","post_date":"2021-02-17 00:02:29","post_date_gmt":"2021-02-16 22:02:29","post_content":"<!-- wp:flatsome\/uxbuilder -->\n<h1 style=\"text-align: center\"><strong>Nh\u00e3 Nam<\/strong><\/h1>\n[row]\n\n[col span=\"6\" span__sm=\"12\"]\n\n[ux_image id=\"1438\" image_size=\"medium\"]\n\n\n[\/col]\n[col span=\"6\" span__sm=\"12\"]\n\n<p><strong>C\u00f4ng ty c\u1ed5 ph\u1ea7n V\u0103n h\u00f3a v\u00e0 Truy\u1ec1n th\u00f4ng Nh\u00e3 Nam<\/strong><\/p>\n<p>Th\u00e1ng 2 n\u0103m 2005, Nh\u00e3 Nam, t\u00ean \u0111\u1ea7y \u0111\u1ee7 l\u00e0 C\u00f4ng ty C\u1ed5 ph\u1ea7n V\u0103n h\u00f3a v\u00e0 Truy\u1ec1n th\u00f4ng Nh\u00e3 Nam \u0111\u00e3 gia nh\u1eadp th\u1ecb tr\u01b0\u1eddng s\u00e1ch. T\u00e1c ph\u1ea9m \"Balzac v\u00e0 c\u00f4 b\u00e9 th\u1ee3 may Trung hoa\" c\u1ee7a \u0110\u1edbi T\u01b0 Ki\u1ec7t l\u00e0 cu\u1ed1n s\u00e1ch \u0111\u1ea7u ti\u00ean \u0111\u01b0\u1ee3c nh\u1eefng ng\u01b0\u1eddi s\u00e1ng l\u1eadp Nh\u00e3 Nam xu\u1ea5t b\u1ea3n c\u1ea3 tr\u01b0\u1edbc khi c\u00f4ng ty ra \u0111\u1eddi. Ngay l\u1eadp t\u1ee9c t\u1eeb cu\u1ed1n s\u00e1ch \u0111\u1ea7u ti\u00ean, \u0111\u1ed9c gi\u1ea3 \u0111\u00e3 d\u00e0nh s\u1ef1 quan t\u00e2m v\u00e0 y\u00eau m\u1ebfn cho m\u1ed9t th\u01b0\u01a1ng hi\u1ec7u s\u00e1ch m\u1edbi m\u1ebb mang trong m\u00ecnh kh\u00e1t v\u1ecdng g\u00f3p ph\u1ea7n t\u1ea1o l\u1eadp di\u1ec7n m\u1ea1o m\u1edbi cho xu\u1ea5t b\u1ea3n v\u0103n h\u1ecdc t\u1ea1i Vi\u1ec7t Nam.<\/p>\n<p>L\u00f2ng say m\u00ea c\u1ee7a \u0111\u1ed9i ng\u0169 l\u00e0 vi\u00ean \u0111\u00e1 \u0111\u1ea7u ti\u00ean. Tr\u1ea3i qua m\u1ea5y n\u0103m ph\u00e1t tri\u1ec3n, Nh\u00e3 Nam \u0111\u00e3 \u0111\u01b0\u1ee3c x\u00e2y d\u1ef1ng d\u1ea7n l\u00ean trong di\u1ec7n m\u1ea1o m\u1ed9t nh\u00e0 xu\u1ea5t b\u1ea3n v\u1eefng ch\u00e3i v\u00e0 chuy\u00ean nghi\u1ec7p. S\u00e1u th\u00e1ng sau khi th\u00e0nh l\u1eadp c\u00f4ng ty, Nh\u1eadt k\u00fd \u0110\u1eb7ng Th\u00f9y Tr\u00e2m ra \u0111\u1eddi, t\u1ea1o n\u00ean m\u1ed9t c\u01a1n s\u1ed1t trong x\u00e3 h\u1ed9i, v\u1edbi g\u1ea7n 500,000 b\u1ea3n s\u00e1ch \u0111\u01b0\u1ee3c ph\u00e1t h\u00e0nh, ph\u00e1 m\u1ecdi k\u1ef7 l\u1ee5c v\u1ec1 xu\u1ea5t b\u1ea3n tr\u01b0\u1edbc \u0111\u00f3, k\u00e9o theo m\u1ed9t lo\u1ea1t nh\u1eefng hi\u1ec7u \u1ee9ng x\u00e3 h\u1ed9i v\u00e0 d\u01b0 lu\u1eadn c\u00f3 \u00fd ngh\u0129a. T\u1eeb \u0111\u00f3 tr\u1edf \u0111i, th\u00f4ng qua Nh\u00e3 Nam, c\u00e1c cu\u1ed1n s\u00e1ch v\u0103n h\u1ecdc n\u01b0\u1edbc ngo\u00e0i c\u00f3 gi\u00e1 tr\u1ecb \u0111\u01b0\u1ee3c li\u00ean t\u1ee5c mua b\u1ea3n quy\u1ec1n v\u00e0 xu\u1ea5t b\u1ea3n t\u1ea1i Vi\u1ec7t Nam, thu h\u00fat nhi\u1ec1u t\u1ea7ng l\u1edbp \u0111\u1ed9c gi\u1ea3. S\u00e1ch c\u1ee7a Nh\u00e3 Nam n\u1ed5i b\u1eadt b\u1edfi n\u1ed9i dung v\u0103n h\u1ecdc tinh t\u1ebf, b\u1edfi v\u1ebb \u0111\u1eb9p c\u1ee7a thi\u1ebft k\u1ebf hi\u1ec7n \u0111\u1ea1i \u1edf h\u00ecnh th\u1ee9c, b\u1edfi s\u1ef1 ch\u0103m ch\u00fat k\u1ef9 l\u01b0\u1ee1ng cho m\u1ed7i cu\u1ed1n s\u00e1ch nh\u01b0 m\u1ed9t con thuy\u1ec1n mang t\u1edbi ni\u1ec1m vui, tri th\u1ee9c, ng\u1ea1c nhi\u00ean, v\u00e0 \u0111\u1ed3ng c\u1ea3m.<\/p>\n\n[\/col]\n\n[\/row]\n<p style=\"text-align: left\">Hi\u1ec3u th\u1eddi \u0111\u1ea1i \u0111ang s\u1ed1ng th\u00f4ng qua s\u00e1ch, song h\u00e0nh v\u1edbi nh\u1eefng bi\u1ebfn chuy\u1ec3n s\u00e2u s\u1eafc trong l\u00f2ng x\u00e3 h\u1ed9i b\u1eb1ng nh\u1eefng ho\u1ea1t \u0111\u1ed9ng xu\u1ea5t b\u1ea3n mi\u1ec7t m\u00e0i v\u00e0 qu\u1ea3 c\u1ea3m, con \u0111\u01b0\u1eddng Nh\u00e3 Nam \u0111\u00e3 ch\u1ecdn \u0111\u1ec3 \u0111i s\u1ebd c\u00f2n d\u00e0i. Nhi\u1ec1u kh\u00f3 kh\u0103n, th\u1eed th\u00e1ch \u0111ang \u1edf ph\u00eda tr\u01b0\u1edbc. B\u01b0\u1edbc qua th\u1eddi k\u1ef3 s\u01a1 khai v\u1edbi nh\u1eefng b\u00e0i h\u1ecdc v\u00e0 nh\u1eefng kinh nghi\u1ec7m \u0111\u1ea7u ti\u00ean, Nh\u00e3 Nam gi\u1edd \u0111\u00e3 s\u1eb5n s\u00e0ng cho m\u1ed9t ch\u1eb7ng \u0111\u01b0\u1eddng ph\u00e1t tri\u1ec3n m\u1edbi. V\u00e0 ch\u00fang t\u00f4i mu\u1ed1n ho\u00e0n thi\u1ec7n m\u00ecnh trong s\u1ef1 c\u1ea7u th\u1ecb v\u00e0 c\u1ea9n tr\u1ecdng. T\u1ea5t c\u1ea3 v\u00ec m\u1ed9t gia s\u1ea3n s\u00e1ch to l\u1edbn, c\u00f3 s\u1ee9c s\u1ed1ng d\u00e0i l\u00e2u, c\u00f3 \u00fd ngh\u0129a v\u1edbi nhi\u1ec1u th\u1ebf h\u1ec7 b\u1ea1n \u0111\u1ecdc.<br \/>B\u1edfi v\u00ec s\u00e1ch l\u00e0 th\u1ebf gi\u1edbi.<\/p>\n<p><strong>\u0110\u00e2y l\u00e0 m\u1ed9t nh\u00e0 ph\u00e1t h\u00e0nh s\u00e1ch m\u00e0 SACHVIET.EU r\u1ea5t y\u00eau th\u00edch v\u00e0 tin t\u01b0\u1edfng. Nh\u00ecn \u0111\u01b0\u1ee3c t\u1ea7m \u1ea3nh h\u01b0\u1edfng c\u1ee7a Nh\u00e3 Nam qua t\u1eebng cu\u1ed1n s\u00e1ch, SACHVIET.EU li\u00ean h\u1ec7 h\u1ee3p t\u00e1c ngay v\u1edbi Nh\u00e3 Nam \u0111\u1ec3 \u0111em to\u00e0n b\u1ed9 nh\u1eefng t\u00e1c ph\u1ea9m m\u1edbi, hay nh\u1ea5t m\u00e0 Nh\u00e3 Nam c\u00f3 sang Ch\u00e2u \u00c2u, \u0111\u01b0a \u0111\u1ebfn cho \u0111\u1ed9c gi\u1ea3 c\u00f3 nhi\u1ec1u s\u1ef1 l\u1ef1a ch\u1ecdn phong ph\u00fa h\u01a1n c\u1ea3 s\u00e1ch cho tr\u1ebb em l\u1eabn ng\u01b0\u1eddi l\u1edbn.\u00a0<\/strong><\/p>\n\n<!-- \/wp:flatsome\/uxbuilder -->","post_title":"Nh\u00e3 Nam","post_excerpt":"","post_status":"publish","comment_status":"closed","ping_status":"closed","post_password":"","post_name":"nha-nam","to_ping":"","pinged":"","post_modified":"2022-12-19 23:15:33","post_modified_gmt":"2022-12-19 21:15:33","post_content_filtered":"","post_parent":0,"guid":"https:\/\/sachviet.eu\/?post_type=publisher&#038;p=1424","menu_order":0,"post_type":"publisher","post_mime_type":"","comment_count":"0","filter":"raw"}},"_links":{"self":[{"href":"https:\/\/sachviet.eu\/en\/wp-json\/wp\/v2\/product\/10731","targetHints":{"allow":["GET"]}}],"collection":[{"href":"https:\/\/sachviet.eu\/en\/wp-json\/wp\/v2\/product"}],"about":[{"href":"https:\/\/sachviet.eu\/en\/wp-json\/wp\/v2\/types\/product"}],"wp:featuredmedia":[{"embeddable":true,"href":"https:\/\/sachviet.eu\/en\/wp-json\/wp\/v2\/media\/10719"}],"wp:attachment":[{"href":"https:\/\/sachviet.eu\/en\/wp-json\/wp\/v2\/media?parent=10731"}],"wp:term":[{"taxonomy":"product_brand","embeddable":true,"href":"https:\/\/sachviet.eu\/en\/wp-json\/wp\/v2\/product_brand?post=10731"},{"taxonomy":"product_cat","embeddable":true,"href":"https:\/\/sachviet.eu\/en\/wp-json\/wp\/v2\/product_cat?post=10731"},{"taxonomy":"product_tag","embeddable":true,"href":"https:\/\/sachviet.eu\/en\/wp-json\/wp\/v2\/product_tag?post=10731"}],"curies":[{"name":"wp","href":"https:\/\/api.w.org\/{rel}","templated":true}]}}