{"id":10718,"date":"2021-06-02T21:59:21","date_gmt":"2021-06-02T18:59:21","guid":{"rendered":"https:\/\/sachviet.eu\/shop\/365-ky-quan-the-gioi\/"},"modified":"2021-07-04T12:59:04","modified_gmt":"2021-07-04T09:59:04","slug":"365-ky-quan-the-gioi","status":"publish","type":"product","link":"https:\/\/sachviet.eu\/en\/shop\/365-ky-quan-the-gioi\/","title":{"rendered":"365 k\u1ef3 quan th\u1ebf gi\u1edbi"},"content":{"rendered":"<p>C\u0169ng l\u00e0 nh\u1eefng tri th\u1ee9c, nh\u01b0ng ch\u00fang kh\u00f4ng c\u1ee9ng nh\u1eafc v\u00e0 kh\u00f4 khan nh\u01b0 ch\u00fang ta v\u1eabn th\u01b0\u1eddng th\u1ea5y. Ng\u01b0\u1eddi \u0111\u1ecdc s\u1ebd nhanh ch\u00f3ng b\u1ecb l\u00f4i cu\u1ed1n v\u00e0o m\u1ed9t th\u1ebf gi\u1edbi \u0111\u1ea7y b\u00ed \u1ea9n, nh\u1eefng k\u00ec quan \u1edf kh\u1eafp n\u01a1i tr\u00ean th\u1ebf gi\u1edbi, n\u01a1i \u0111\u00f3, ch\u00fang ta nh\u01b0 \u0111\u01b0\u1ee3c \u0111i t\u1edbi nh\u1eefng k\u00ec quan \u0111\u00f3. Ch\u00fang ta s\u1ebd \u0111\u01b0\u1ee3c t\u00ecm hi\u1ec3u v\u1ec1 h\u1ecd, \u0111\u1ed1i tho\u1ea1i c\u00f9ng h\u1ecd, v\u00e0 t\u1eeb l\u00fac n\u00e0o, ch\u00fang ta \u0111\u00e3 thu nh\u1eadn \u0111\u01b0\u1ee3c nh\u1eefng tri th\u1ee9c v\u00f4 c\u00f9ng th\u00fa v\u1ecb.<br \/>\nB\u1ea1n s\u1ebd \u0111\u01b0\u1ee3c t\u00ecm hi\u1ec3u v\u1ec1 cu\u1ed9c s\u1ed1ng, s\u1edf th\u00edch v\u00e0 c\u00e1c b\u00ed m\u1eadt nho nh\u1ecf ch\u01b0a bao gi\u1edd \u0111\u01b0\u1ee3c c\u00f4ng b\u1ed1 c\u1ee7a c\u00e1c b\u00ed \u1ea9n ch\u01b0a \u0111\u01b0\u1ee3c l\u00ed gi\u1ea3i tr\u00ean th\u1ebf gi\u1edbi th\u00f4ng qua nh\u1eefng c\u00e2u chuy\u1ec7n th\u00fa v\u1ecb v\u00e0 nh\u1eefng b\u1ee9c tranh sinh \u0111\u1ed9ng. Nh\u1eefng \u0111i\u1ec1u \u0111\u01b0\u1ee3c th\u1ec3 hi\u1ec7n qua m\u1ed7i c\u00e2u chuy\u1ec7n phi\u1ebfm \u0111\u1ec1u l\u00e0 nghi\u00eam t\u00fac. Sau m\u1ed7i c\u00e2u chuy\u1ec7n b\u00ed \u1ea9n s\u1ebd l\u00e0 m\u1ed9t ki\u1ebfn th\u1ee9c h\u1eefu \u00edch . Ti\u1ebfp thu nh\u1eefng ki\u1ebfn th\u1ee9c c\u1ee7a cu\u1ed1n s\u00e1ch n\u00e0y, trong t\u01b0\u01a1ng lai kh\u00f4ng xa, ch\u1eafc ch\u1eafn b\u1ea1n s\u1ebd th\u00e0nh c\u00f4ng.<br \/>\nB\u1ed9 s\u00e1ch th\u00edch h\u1ee3p cho m\u1ecdi l\u1ee9a tu\u1ed5i, m\u1ecdi \u0111\u1ed1i t\u01b0\u1ee3ng \u0111\u1ed9c gi\u1ea3, \u0111\u1eb7c bi\u1ec7t l\u00e0 c\u00e1c em h\u1ecdc sinh. Ch\u1eafc ch\u1eafn c\u00e1c em h\u1ecdc sinh s\u1ebd th\u00edch b\u1ed9 s\u00e1ch sinh \u0111\u1ed9ng v\u00e0 b\u1ed5 \u00edch n\u00e0y.<\/p>\n","protected":false},"excerpt":{"rendered":"<p>C\u0169ng l\u00e0 nh\u1eefng tri th\u1ee9c, nh\u01b0ng ch\u00fang kh\u00f4ng c\u1ee9ng nh\u1eafc v\u00e0 kh\u00f4 khan nh\u01b0 ch\u00fang ta v\u1eabn th\u01b0\u1eddng th\u1ea5y. Ng\u01b0\u1eddi \u0111\u1ecdc s\u1ebd nhanh ch\u00f3ng b\u1ecb l\u00f4i cu\u1ed1n v\u00e0o m\u1ed9t th\u1ebf gi\u1edbi \u0111\u1ea7y b\u00ed \u1ea9n, nh\u1eefng k\u00ec quan \u1edf kh\u1eafp n\u01a1i tr\u00ean th\u1ebf gi\u1edbi, n\u01a1i \u0111\u00f3, ch\u00fang ta nh\u01b0 \u0111\u01b0\u1ee3c \u0111i t\u1edbi nh\u1eefng k\u00ec quan \u0111\u00f3. Ch\u00fang ta s\u1ebd \u0111\u01b0\u1ee3c t\u00ecm hi\u1ec3u v\u1ec1 h\u1ecd, \u0111\u1ed1i tho\u1ea1i c\u00f9ng h\u1ecd, v\u00e0 t\u1eeb l\u00fac n\u00e0o, ch\u00fang ta \u0111\u00e3 thu nh\u1eadn \u0111\u01b0\u1ee3c nh\u1eefng tri th\u1ee9c v\u00f4 c\u00f9ng th\u00fa v\u1ecb.<br \/>\nB\u1ea1n s\u1ebd \u0111\u01b0\u1ee3c t\u00ecm hi\u1ec3u v\u1ec1 cu\u1ed9c s\u1ed1ng, s\u1edf th\u00edch v\u00e0 c\u00e1c b\u00ed m\u1eadt nho nh\u1ecf ch\u01b0a bao gi\u1edd \u0111\u01b0\u1ee3c c\u00f4ng b\u1ed1 c\u1ee7a c\u00e1c b\u00ed \u1ea9n ch\u01b0a \u0111\u01b0\u1ee3c l\u00ed gi\u1ea3i tr\u00ean th\u1ebf gi\u1edbi th\u00f4ng qua nh\u1eefng c\u00e2u chuy\u1ec7n th\u00fa v\u1ecb v\u00e0 nh\u1eefng b\u1ee9c tranh sinh \u0111\u1ed9ng. Nh\u1eefng \u0111i\u1ec1u \u0111\u01b0\u1ee3c th\u1ec3 hi\u1ec7n qua m\u1ed7i c\u00e2u chuy\u1ec7n phi\u1ebfm \u0111\u1ec1u l\u00e0 nghi\u00eam t\u00fac. Sau m\u1ed7i c\u00e2u chuy\u1ec7n b\u00ed \u1ea9n s\u1ebd l\u00e0 m\u1ed9t ki\u1ebfn th\u1ee9c h\u1eefu \u00edch . Ti\u1ebfp thu nh\u1eefng ki\u1ebfn th\u1ee9c c\u1ee7a cu\u1ed1n s\u00e1ch n\u00e0y, trong t\u01b0\u01a1ng lai kh\u00f4ng xa, ch\u1eafc ch\u1eafn b\u1ea1n s\u1ebd th\u00e0nh c\u00f4ng.<br \/>\nB\u1ed9 s\u00e1ch th\u00edch h\u1ee3p cho m\u1ecdi l\u1ee9a tu\u1ed5i, m\u1ecdi \u0111\u1ed1i t\u01b0\u1ee3ng \u0111\u1ed9c gi\u1ea3, \u0111\u1eb7c bi\u1ec7t l\u00e0 c\u00e1c em h\u1ecdc sinh. Ch\u1eafc ch\u1eafn c\u00e1c em h\u1ecdc sinh s\u1ebd th\u00edch b\u1ed9 s\u00e1ch sinh \u0111\u1ed9ng v\u00e0 b\u1ed5 \u00edch n\u00e0y.<\/p>\n","protected":false},"featured_media":10712,"template":"","meta":{"_acf_changed":false},"product_brand":[],"product_cat":[17,26],"product_tag":[],"class_list":{"0":"post-10718","1":"product","2":"type-product","3":"status-publish","4":"has-post-thumbnail","6":"product_cat-sach-danh-cho-cac-be","7":"product_cat-thieu-nien-11-tuoi-18-tuoi","9":"first","10":"outofstock","11":"taxable","12":"shipping-taxable","13":"purchasable","14":"product-type-simple"},"supplier_id":null,"supplier_sku":"","barcode":null,"atum_controlled":true,"out_stock_date":"2021-07-04 09:59:04","out_stock_threshold":null,"inheritable":false,"inbound_stock":0,"stock_on_hold":0,"sold_today":0,"sales_last_days":0,"reserved_stock":0,"customer_returns":0,"warehouse_damage":0,"lost_in_post":0,"other_logs":0,"out_stock_days":1669,"lost_sales":0,"has_location":false,"update_date":"2026-01-28T23:10:47","atum_locations":[],"atum_stock_status":"outofstock","restock_status":false,"low_stock_amount":"","sales_update_date":"2026-01-28T23:10:47","calc_backorders":null,"acf":{"publisher":{"ID":9667,"post_author":"1","post_date":"2021-06-02 01:30:53","post_date_gmt":"2021-06-01 22:30:53","post_content":"","post_title":"Minh Long","post_excerpt":"","post_status":"publish","comment_status":"closed","ping_status":"closed","post_password":"","post_name":"minh-long","to_ping":"","pinged":"","post_modified":"2021-06-02 01:30:53","post_modified_gmt":"2021-06-01 22:30:53","post_content_filtered":"","post_parent":0,"guid":"https:\/\/sachviet.eu\/nha-phat-hanh\/minh-long\/","menu_order":0,"post_type":"publisher","post_mime_type":"","comment_count":"0","filter":"raw"}},"_links":{"self":[{"href":"https:\/\/sachviet.eu\/en\/wp-json\/wp\/v2\/product\/10718","targetHints":{"allow":["GET"]}}],"collection":[{"href":"https:\/\/sachviet.eu\/en\/wp-json\/wp\/v2\/product"}],"about":[{"href":"https:\/\/sachviet.eu\/en\/wp-json\/wp\/v2\/types\/product"}],"wp:featuredmedia":[{"embeddable":true,"href":"https:\/\/sachviet.eu\/en\/wp-json\/wp\/v2\/media\/10712"}],"wp:attachment":[{"href":"https:\/\/sachviet.eu\/en\/wp-json\/wp\/v2\/media?parent=10718"}],"wp:term":[{"taxonomy":"product_brand","embeddable":true,"href":"https:\/\/sachviet.eu\/en\/wp-json\/wp\/v2\/product_brand?post=10718"},{"taxonomy":"product_cat","embeddable":true,"href":"https:\/\/sachviet.eu\/en\/wp-json\/wp\/v2\/product_cat?post=10718"},{"taxonomy":"product_tag","embeddable":true,"href":"https:\/\/sachviet.eu\/en\/wp-json\/wp\/v2\/product_tag?post=10718"}],"curies":[{"name":"wp","href":"https:\/\/api.w.org\/{rel}","templated":true}]}}