{"id":10711,"date":"2021-06-02T21:59:01","date_gmt":"2021-06-02T18:59:01","guid":{"rendered":"https:\/\/sachviet.eu\/shop\/nguoi-giau-co-nhat-thanh-babylon-tai-ban-2020-first-news\/"},"modified":"2021-09-11T15:18:48","modified_gmt":"2021-09-11T12:18:48","slug":"nguoi-giau-co-nhat-thanh-babylon-tai-ban-2020-first-news","status":"publish","type":"product","link":"https:\/\/sachviet.eu\/en\/shop\/nguoi-giau-co-nhat-thanh-babylon-tai-ban-2020-first-news\/","title":{"rendered":"Ng\u01b0\u1eddi Gi\u00e0u C\u00f3 Nh\u1ea5t Th\u00e0nh Babylon (T\u00e1i B\u1ea3n 2020)\u00a0&#8211;\u00a0First News"},"content":{"rendered":"<p>Tr\u01b0\u1edbc m\u1eaft b\u1ea1n, t\u01b0\u01a1ng lai \u0111ang tr\u1ea3i r\u1ed9ng con \u0111\u01b0\u1eddng d\u1eabn t\u1edbi nh\u1eefng mi\u1ec1n \u0111\u1ea5t xa x\u00f4i \u0111\u1ea7y h\u1ee9a h\u1eb9n. Tr\u00ean con \u0111\u01b0\u1eddng \u0111\u00f3, b\u1ea1n h\u00e1o h\u1ee9c, mong mu\u1ed1n th\u1ef1c hi\u1ec7n nhi\u1ec1u \u01b0\u1edbc m\u01a1, d\u1ef1 \u0111\u1ecbnh, kh\u00e1t khao\u2026 c\u1ee7a ri\u00eang m\u00ecnh.<\/p>\n<p>\u0110\u1ec3 nh\u1eefng nguy\u1ec7n v\u1ecdng c\u1ee7a m\u00ecnh \u0111\u01b0\u1ee3c th\u1ef1c hi\u1ec7n, \u00edt nh\u1ea5t b\u1ea1n ph\u1ea3i th\u00e0nh c\u00f4ng v\u1ec1 m\u1eb7t ti\u1ec1n b\u1ea1c. Quy\u1ec3n s\u00e1ch n\u00e0y s\u1ebd gi\u00fap b\u1ea1n bi\u1ebft c\u00e1ch v\u1eadn d\u1ee5ng nh\u1eefng nguy\u00ean l\u00fd quan tr\u1ecdng \u0111\u1ec3 ph\u00e1t tri\u1ec3n t\u00e0i ch\u00ednh. H\u00e3y \u0111\u1ec3 cu\u1ed1n s\u00e1ch d\u1eabn d\u1eaft b\u1ea1n \u0111i t\u1eeb m\u1ed9t ho\u00e0n c\u1ea3nh kh\u00f3 kh\u0103n, ti\u00eau bi\u1ec3u l\u00e0 m\u1ed9t c\u00e1i t\u00fai l\u00e9p x\u1eb9p, \u0111\u1ebfn m\u1ed9t cu\u1ed9c s\u1ed1ng \u0111\u1ea7y \u0111\u1ee7 v\u00e0 h\u1ea1nh ph\u00fac, ti\u00eau bi\u1ec3u l\u00e0 m\u1ed9t t\u00fai ti\u1ec1n c\u0103ng ph\u1ed3ng, sung t\u00fac.<\/p>\n<p>Khi n\u00f3i \u0111\u1ebfn ti\u1ec1n b\u1ea1c, ch\u00fang ta th\u01b0\u1eddng \u0111\u1ec1 c\u1eadp \u0111\u1ebfn quy lu\u1eadt tr\u1ecdng tr\u01b0\u1eddng v\u00e0 n\u00f3 lu\u00f4n ph\u1ed5 qu\u00e1t v\u00e0 b\u1ea5t bi\u1ebfn trong m\u1ecdi tr\u01b0\u1eddng h\u1ee3p. Tr\u1ea3i qua th\u1eddi gian d\u00e0i v\u00e0 ph\u00e1t tri\u1ec3n, quy lu\u1eadt n\u00e0y \u0111\u00e3 \u0111\u01b0\u1ee3c tr\u1ea3i nghi\u1ec7m v\u00e0 \u0111\u00fac r\u00fat th\u00e0nh nh\u1eefng b\u00ed quy\u1ebft kh\u00f4ng ch\u1ec9 \u0111\u1ea3m b\u1ea3o cho b\u1ea1n m\u1ed9t t\u00fai ti\u1ec1n \u0111\u1ea7y, m\u00e0 c\u00f2n gi\u00fap cho b\u1ea1n c\u00f3 m\u1ed9t cu\u1ed9c s\u1ed1ng c\u00e2n b\u1eb1ng \u0111\u1ec3 c\u00f3 th\u1ec3 ph\u00e1t tri\u1ec3n m\u1ef9 m\u00e3n h\u01a1n nh\u1eefng ti\u1ec1m n\u0103ng c\u1ee7a b\u1ea3n th\u00e2n trong c\u00e1c l\u0129nh v\u1ef1c kh\u00e1c c\u1ee7a cu\u1ed9c s\u1ed1ng. B\u1edfi tr\u00ean th\u1ef1c t\u1ebf, kh\u00f4ng ai c\u00f3 th\u1ec3 ph\u1ee7 nh\u1eadn r\u1eb1ng s\u1ef1 d\u1ed3i d\u00e0o v\u1ec1 v\u1eadt ch\u1ea5t c\u00f3 th\u1ec3 l\u00e0m cho \u0111\u1eddi s\u1ed1ng con ng\u01b0\u1eddi tr\u1edf n\u00ean t\u1ed1t \u0111\u1eb9p h\u01a1n. Ri\u00eang trong l\u0129nh v\u1ef1c kinh doanh, s\u1ee9c m\u1ea1nh t\u00e0i ch\u00ednh l\u00e0 ph\u01b0\u01a1ng ti\u1ec7n ch\u1ee7 y\u1ebfu \u0111\u1ec3 \u0111o l\u01b0\u1eddng m\u1ee9c \u0111\u1ed9 th\u00e0nh \u0111\u1ea1t c\u1ee7a c\u00e1c doanh nh\u00e2n.<\/p>\n<p>Ng\u00e0y nay, ti\u1ec1n b\u1ea1c v\u1eabn c\u00f3 nh\u1eefng \u1ea3nh h\u01b0\u1edfng l\u1edbn \u0111\u1ed1i v\u1edbi cu\u1ed9c s\u1ed1ng con ng\u01b0\u1eddi, c\u0169ng gi\u1ed1ng nh\u01b0 c\u00e1ch \u0111\u00e2y n\u0103m ng\u00e0n n\u0103m n\u00f3 \u0111\u00e3 chi ph\u1ed1i m\u1ea1nh m\u1ebd cu\u1ed9c s\u1ed1ng c\u1ee7a c\u01b0 d\u00e2n v\u01b0\u01a1ng qu\u1ed1c Babylon, th\u00fac \u0111\u1ea9y h\u1ecd t\u00ecm hi\u1ec3u v\u00e0 n\u1eafm b\u1eaft c\u00e1c quy lu\u1eadt t\u1ea1o ra ti\u1ec1n, nh\u1eb1m c\u00f3 \u0111\u01b0\u1ee3c m\u1ed9t cu\u1ed9c s\u1ed1ng sung t\u00fac v\u00e0 sang tr\u1ecdng b\u1eadc nh\u1ea5t.<\/p>\n<p>Nh\u1eefng trang s\u00e1ch n\u00e0y s\u1ebd \u0111\u01b0a ch\u00fang ta tr\u1edf l\u1ea1i v\u01b0\u01a1ng qu\u1ed1c Babylon c\u1ed5 \u0111\u1ea1i, c\u00e1i n\u00f4i nu\u00f4i d\u01b0\u1ee1ng nh\u1eefng nguy\u00ean l\u00fd c\u01a1 b\u1ea3n v\u1ec1 t\u00e0i ch\u00ednh m\u00e0 gi\u1edd \u0111\u00e2y con ng\u01b0\u1eddi hi\u1ec7n \u0111\u1ea1i \u0111\u00e3 k\u1ebf th\u1eeba v\u00e0 v\u1eadn d\u1ee5ng tr\u00ean to\u00e0n th\u1ebf gi\u1edbi.<\/p>\n<p>B\u00e1o ch\u00ed n\u00f3i v\u1ec1 s\u00e1ch:<\/p>\n<p>\u201cS\u1ef1 th\u00e0nh c\u00f4ng c\u1ee7a Babylon \u0111\u00e3 t\u1ea1o c\u1ea3m h\u1ee9ng cho t\u00e1c gi\u1ea3 vi\u1ebft m\u1ed9t lo\u1ea1t truy\u1ec7n ng\u1ee5 ng\u00f4n \u0111\u1ec3 ch\u1ee9ng minh cho nh\u1eefng quy lu\u1eadt b\u1ea5t bi\u1ebfn v\u1ec1 t\u00e0i ch\u00ednh v\u00e0 c\u00e1ch t\u1ea1o d\u1ef1ng c\u1ee7a c\u1ea3i. Ch\u00fang \u0111\u00e3 tr\u1edf n\u00ean r\u1ea5t ph\u1ed5 bi\u1ebfn v\u00e0 \u0111\u01b0\u1ee3c c\u00e1c ng\u00e2n h\u00e0ng, c\u00f4ng ty b\u1ea3o hi\u1ec3m, c\u00e1c c\u00f4ng ty kh\u00e1c s\u1eed d\u1ee5ng \u0111\u1ec3 gi\u00e1o d\u1ee5c v\u1ec1 l\u1ee3i \u00edch c\u1ee7a vi\u1ec7c ti\u1ebft ki\u1ec7m v\u00e0 t\u1ea1o \u0111\u1ed9ng l\u1ef1c l\u00e0m vi\u1ec7c t\u00edch c\u1ef1c h\u01a1n.\u201d \u2013 Cafebiz<\/p>\n<p>\u201cNg\u01b0\u1eddi gi\u00e0u c\u00f3 nh\u1ea5t th\u00e0nh Babylon l\u00e0 m\u00f3n qu\u00e0 cho nh\u1eefng ai \u0111\u00e3 b\u01b0\u1edbc v\u00e0o th\u1ebf gi\u1edbi kinh doanh ho\u1eb7c nh\u1eefng ng\u01b0\u1eddi c\u00f2n hoang mang, do d\u1ef1 trong c\u00e1ch s\u1eed d\u1ee5ng ti\u1ec1n b\u1ea1c.\u201d \u2013 Doanh nh\u00e2n S\u00e0i G\u00f2n<\/p>\n<p>\u201cNh\u1eefng trang s\u00e1ch trong cu\u1ed1n s\u00e1ch &#8220;Ng\u01b0\u1eddi gi\u00e0u c\u00f3 nh\u1ea5t th\u00e0nh Babylon&#8221; s\u1ebd \u0111\u01b0a ch\u00fang ta tr\u1edf l\u1ea1i v\u01b0\u01a1ng qu\u1ed1c Babylon c\u1ed5 \u0111\u1ea1i, c\u00e1i n\u00f4i nu\u00f4i d\u01b0\u1ee1ng nh\u1eefng nguy\u00ean l\u00fd c\u01a1 b\u1ea3n v\u1ec1 t\u00e0i ch\u00ednh m\u00e0 gi\u1edd \u0111\u00e2y con ng\u01b0\u1eddi hi\u1ec7n \u0111\u1ea1i \u0111\u00e3 k\u1ebf th\u1eeba v\u00e0 v\u1eadn d\u1ee5ng tr\u00ean to\u00e0n th\u1ebf gi\u1edbi. Cu\u1ed1n s\u00e1ch n\u00f3i v\u1ec1 nh\u1eefng th\u00e0nh c\u00f4ng, nh\u1eefng th\u00e0nh qu\u1ea3 \u0111\u1ea1t \u0111\u01b0\u1ee3c c\u1ee7a t\u1eebng c\u00e1 nh\u00e2n s\u1ed1ng trong th\u00e0nh Babylon c\u1ed5 \u0111\u1ea1i. T\u1eeb \u0111\u00f3, gi\u00fap m\u1ecdi ng\u01b0\u1eddi hi\u1ec3u r\u00f5 h\u01a1n v\u1ec1 v\u1ea5n \u0111\u1ec1 t\u00e0i ch\u00ednh v\u00e0 c\u1ed1ng hi\u1ebfn c\u00e1c k\u1ebf s\u00e1ch v\u00e0 ph\u01b0\u01a1ng ph\u00e1p l\u00e0m gi\u00e0u. Nh\u1eefng b\u00ed quy\u1ebft n\u00e0y gi\u00fap b\u1ea1n \u0111\u00e1nh gi\u00e1 \u0111\u00fang gi\u00e1 tr\u1ecb c\u1ee7a \u0111\u1ed3ng ti\u1ec1n, v\u00e0 h\u01b0\u1edbng d\u1eabn b\u1ea1n c\u00e1ch th\u1ef1c h\u00e0nh theo nh\u1eefng nguy\u00ean l\u00fd t\u00e0i ch\u00ednh\u201d. \u2013 VnExpress<\/p>\n<p>Ng\u01b0\u1eddi n\u1ed5i ti\u1ebfng n\u00f3i g\u00ec v\u1ec1 cu\u1ed1n s\u00e1ch n\u00e0y:<\/p>\n<p>&#8220;Khi c\u00f2n tr\u1ebb, t\u00f4i \u0111\u00e3 xem cu\u1ed1n s\u00e1ch kinh \u0111i\u1ec3n n\u0103m 1926 c\u1ee7a George Samuel Clason &#8211;  Ng\u01b0\u1eddi gi\u00e0u nh\u1ea5t \u1edf Babylon, n\u01a1i \u0111\u01b0a ra l\u1eddi khuy\u00ean t\u00e0i ch\u00ednh c\u00f3 gi\u00e1 tr\u1ecb \u0111\u01b0\u1ee3c k\u1ec3 qua c\u00e1c truy\u1ec7n ng\u1ee5 ng\u00f4n c\u1ed5. T\u00f4i gi\u1edbi thi\u1ec7u n\u00f3 cho m\u1ecdi ng\u01b0\u1eddi.&#8221; &#8211; Anthony Robbins, t\u00e1c gi\u1ea3 c\u1ee7a \u201c\u0110\u00e1nh th\u1ee9c con ng\u01b0\u1eddi phi th\u01b0\u1eddng trong b\u1ea1n\u201d<\/p>\n<p>V\u1ec1 t\u00e1c gi\u1ea3:<\/p>\n<p>George Samuel Clason (sinh ng\u00e0y 17 th\u00e1ng 11 n\u0103m 1874 &#8211; m\u1ea5t ng\u00e0y 7 th\u00e1ng 4 n\u0103m 1957) hay c\u00f2n bi\u1ebft \u0111\u1ebfn v\u1edbi t\u00ean g\u1ecdi George S. Clason l\u00e0 m\u1ed9t doanh nh\u00e2n, nh\u00e0 v\u0103n ng\u01b0\u1eddi M\u1ef9.<\/p>\n<p>George Samuel Clason sinh t\u1ea1i Louisiana, bang Missouri, M\u1ef9. \u00d4ng t\u1ed1t nghi\u1ec7p tr\u01b0\u1eddng \u0110\u1ea1i h\u1ecdc \u1edf Nebraska, sau \u0111\u00f3 ph\u1ee5c v\u1ee5 trong qu\u00e2n \u0111\u1ed9i Hoa K\u1ef3 su\u1ed1t cu\u1ed9c chi\u1ebfn tranh M\u1ef9-T\u00e2y Ban Nha. \u00d4ng l\u00e0 m\u1ed9t doanh nh\u00e2n th\u00e0nh \u0111\u1ea1t v\u00e0 l\u00e0 ng\u01b0\u1eddi c\u00f3 c\u00f4ng th\u00e0nh l\u1eadp c\u00f4ng ty b\u1ea3n \u0111\u1ed3 Clason \u1edf Denver, bang Colorado, M\u1ef9. C\u00f4ng ty n\u00e0y xu\u1ea5t b\u1ea3n t\u1eadp b\u1ea3n \u0111\u1ed3 \u0111\u01b0\u1eddng b\u1ed9 \u0111\u1ea7u ti\u00ean c\u1ee7a n\u01b0\u1edbc M\u1ef9 v\u00e0 Canada.<\/p>\n<p>N\u0103m 1926, \u00f4ng xu\u1ea5t b\u1ea3n t\u1eadp s\u00e1ch \u0111\u1ea7u ti\u00ean m\u1edf \u0111\u1ea7u cho m\u1ed9t lo\u1ea1t c\u00e1c t\u1eadp truy\u1ec7n ng\u1eafn n\u1ed5i ti\u1ebfng vi\u1ebft v\u1ec1 c\u00e1ch th\u1ee9c ti\u1ebft ki\u1ec7m, v\u00e0 ph\u00e1t tri\u1ec3n t\u00e0i ch\u00ednh c\u1ee7a nh\u1eefng nh\u00e0 kinh doanh. \u00d4ng \u0111\u00e3 xu\u1ea5t s\u1eafc v\u1eadn d\u1ee5ng c\u00e1c c\u00e2u chuy\u1ec7n c\u00f3 kh\u00f4ng kh\u00ed c\u1ee7a th\u1eddi k\u00ec Babylon c\u1ed5 \u0111\u1ec3 minh h\u1ecda cho nh\u1eefng v\u1ea5n \u0111\u1ec1 m\u00e0 \u00f4ng \u0111\u01b0a ra. Nh\u1eefng t\u1eadp s\u00e1ch n\u00e0y \u0111\u00e3 \u0111\u01b0\u1ee3c ph\u1ed5 bi\u1ebfn v\u1edbi m\u1ed9t s\u1ed1 l\u01b0\u1ee3ng l\u1edbn nh\u1edd v\u00e0o s\u1ef1 h\u1ed7 tr\u1ee3 c\u1ee7a c\u00e1c ng\u00e2n h\u00e0ng v\u00e0 c\u00e1c c\u00f4ng ty b\u1ea3o hi\u1ec3m tr\u00ean to\u00e0n th\u1ebf gi\u1edbi.<\/p>\n","protected":false},"excerpt":{"rendered":"<p>Tr\u01b0\u1edbc m\u1eaft b\u1ea1n, t\u01b0\u01a1ng lai \u0111ang tr\u1ea3i r\u1ed9ng con \u0111\u01b0\u1eddng d\u1eabn t\u1edbi nh\u1eefng mi\u1ec1n \u0111\u1ea5t xa x\u00f4i \u0111\u1ea7y h\u1ee9a h\u1eb9n. Tr\u00ean con \u0111\u01b0\u1eddng \u0111\u00f3, b\u1ea1n h\u00e1o h\u1ee9c, mong mu\u1ed1n th\u1ef1c hi\u1ec7n nhi\u1ec1u \u01b0\u1edbc m\u01a1, d\u1ef1 \u0111\u1ecbnh, kh\u00e1t khao\u2026 c\u1ee7a ri\u00eang m\u00ecnh.<\/p>\n<p>\u0110\u1ec3 nh\u1eefng nguy\u1ec7n v\u1ecdng c\u1ee7a m\u00ecnh \u0111\u01b0\u1ee3c th\u1ef1c hi\u1ec7n, \u00edt nh\u1ea5t b\u1ea1n ph\u1ea3i th\u00e0nh c\u00f4ng v\u1ec1 m\u1eb7t ti\u1ec1n b\u1ea1c. Quy\u1ec3n s\u00e1ch n\u00e0y s\u1ebd gi\u00fap b\u1ea1n bi\u1ebft c\u00e1ch v\u1eadn d\u1ee5ng nh\u1eefng nguy\u00ean l\u00fd quan tr\u1ecdng \u0111\u1ec3 ph\u00e1t tri\u1ec3n t\u00e0i ch\u00ednh. H\u00e3y \u0111\u1ec3 cu\u1ed1n s\u00e1ch d\u1eabn d\u1eaft b\u1ea1n \u0111i t\u1eeb m\u1ed9t ho\u00e0n c\u1ea3nh kh\u00f3 kh\u0103n, ti\u00eau bi\u1ec3u l\u00e0 m\u1ed9t c\u00e1i t\u00fai l\u00e9p x\u1eb9p, \u0111\u1ebfn m\u1ed9t cu\u1ed9c s\u1ed1ng \u0111\u1ea7y \u0111\u1ee7 v\u00e0 h\u1ea1nh ph\u00fac, ti\u00eau bi\u1ec3u l\u00e0 m\u1ed9t t\u00fai ti\u1ec1n c\u0103ng ph\u1ed3ng, sung t\u00fac.<\/p>\n<p>Khi n\u00f3i \u0111\u1ebfn ti\u1ec1n b\u1ea1c, ch\u00fang ta th\u01b0\u1eddng \u0111\u1ec1 c\u1eadp \u0111\u1ebfn quy lu\u1eadt tr\u1ecdng tr\u01b0\u1eddng v\u00e0 n\u00f3 lu\u00f4n ph\u1ed5 qu\u00e1t v\u00e0 b\u1ea5t bi\u1ebfn trong m\u1ecdi tr\u01b0\u1eddng h\u1ee3p. Tr\u1ea3i qua th\u1eddi gian d\u00e0i v\u00e0 ph\u00e1t tri\u1ec3n, quy lu\u1eadt n\u00e0y \u0111\u00e3 \u0111\u01b0\u1ee3c tr\u1ea3i nghi\u1ec7m v\u00e0 \u0111\u00fac r\u00fat th\u00e0nh nh\u1eefng b\u00ed quy\u1ebft kh\u00f4ng ch\u1ec9 \u0111\u1ea3m b\u1ea3o cho b\u1ea1n m\u1ed9t t\u00fai ti\u1ec1n \u0111\u1ea7y, m\u00e0 c\u00f2n gi\u00fap cho b\u1ea1n c\u00f3 m\u1ed9t cu\u1ed9c s\u1ed1ng c\u00e2n b\u1eb1ng \u0111\u1ec3 c\u00f3 th\u1ec3 ph\u00e1t tri\u1ec3n m\u1ef9 m\u00e3n h\u01a1n nh\u1eefng ti\u1ec1m n\u0103ng c\u1ee7a b\u1ea3n th\u00e2n trong c\u00e1c l\u0129nh v\u1ef1c kh\u00e1c c\u1ee7a cu\u1ed9c s\u1ed1ng. B\u1edfi tr\u00ean th\u1ef1c t\u1ebf, kh\u00f4ng ai c\u00f3 th\u1ec3 ph\u1ee7 nh\u1eadn r\u1eb1ng s\u1ef1 d\u1ed3i d\u00e0o v\u1ec1 v\u1eadt ch\u1ea5t c\u00f3 th\u1ec3 l\u00e0m cho \u0111\u1eddi s\u1ed1ng con ng\u01b0\u1eddi tr\u1edf n\u00ean t\u1ed1t \u0111\u1eb9p h\u01a1n. Ri\u00eang trong l\u0129nh v\u1ef1c kinh doanh, s\u1ee9c m\u1ea1nh t\u00e0i ch\u00ednh l\u00e0 ph\u01b0\u01a1ng ti\u1ec7n ch\u1ee7 y\u1ebfu \u0111\u1ec3 \u0111o l\u01b0\u1eddng m\u1ee9c \u0111\u1ed9 th\u00e0nh \u0111\u1ea1t c\u1ee7a c\u00e1c doanh nh\u00e2n.<\/p>\n<p>Ng\u00e0y nay, ti\u1ec1n b\u1ea1c v\u1eabn c\u00f3 nh\u1eefng \u1ea3nh h\u01b0\u1edfng l\u1edbn \u0111\u1ed1i v\u1edbi cu\u1ed9c s\u1ed1ng con ng\u01b0\u1eddi, c\u0169ng gi\u1ed1ng nh\u01b0 c\u00e1ch \u0111\u00e2y n\u0103m ng\u00e0n n\u0103m n\u00f3 \u0111\u00e3 chi ph\u1ed1i m\u1ea1nh m\u1ebd cu\u1ed9c s\u1ed1ng c\u1ee7a c\u01b0 d\u00e2n v\u01b0\u01a1ng qu\u1ed1c Babylon, th\u00fac \u0111\u1ea9y h\u1ecd t\u00ecm hi\u1ec3u v\u00e0 n\u1eafm b\u1eaft c\u00e1c quy lu\u1eadt t\u1ea1o ra ti\u1ec1n, nh\u1eb1m c\u00f3 \u0111\u01b0\u1ee3c m\u1ed9t cu\u1ed9c s\u1ed1ng sung t\u00fac v\u00e0 sang tr\u1ecdng b\u1eadc nh\u1ea5t.<\/p>\n<p>Nh\u1eefng trang s\u00e1ch n\u00e0y s\u1ebd \u0111\u01b0a ch\u00fang ta tr\u1edf l\u1ea1i v\u01b0\u01a1ng qu\u1ed1c Babylon c\u1ed5 \u0111\u1ea1i, c\u00e1i n\u00f4i nu\u00f4i d\u01b0\u1ee1ng nh\u1eefng nguy\u00ean l\u00fd c\u01a1 b\u1ea3n v\u1ec1 t\u00e0i ch\u00ednh m\u00e0 gi\u1edd \u0111\u00e2y con ng\u01b0\u1eddi hi\u1ec7n \u0111\u1ea1i \u0111\u00e3 k\u1ebf th\u1eeba v\u00e0 v\u1eadn d\u1ee5ng tr\u00ean to\u00e0n th\u1ebf gi\u1edbi.<\/p>\n","protected":false},"featured_media":10710,"template":"","meta":{"_acf_changed":false},"product_brand":[],"product_cat":[18],"product_tag":[],"class_list":{"0":"post-10711","1":"product","2":"type-product","3":"status-publish","4":"has-post-thumbnail","6":"product_cat-kinh-te","8":"first","9":"outofstock","10":"taxable","11":"shipping-taxable","12":"purchasable","13":"product-type-simple"},"supplier_id":null,"supplier_sku":"","barcode":null,"atum_controlled":true,"out_stock_date":"2021-09-11 12:18:48","out_stock_threshold":null,"inheritable":false,"inbound_stock":1,"stock_on_hold":0,"sold_today":0,"sales_last_days":0,"reserved_stock":0,"customer_returns":0,"warehouse_damage":0,"lost_in_post":0,"other_logs":0,"out_stock_days":1600,"lost_sales":0,"has_location":false,"update_date":"2026-01-28T23:10:47","atum_locations":[],"atum_stock_status":"outofstock","restock_status":false,"low_stock_amount":"","sales_update_date":"2026-01-28T23:10:47","calc_backorders":null,"acf":{"publisher":{"ID":6196,"post_author":"1","post_date":"2021-03-15 01:26:01","post_date_gmt":"2021-03-14 23:26:01","post_content":"","post_title":"FIRST NEWS","post_excerpt":"","post_status":"publish","comment_status":"closed","ping_status":"closed","post_password":"","post_name":"first-news","to_ping":"","pinged":"","post_modified":"2021-03-15 01:26:01","post_modified_gmt":"2021-03-14 23:26:01","post_content_filtered":"","post_parent":0,"guid":"https:\/\/sachviet.eu\/blog\/nha-phat-hanh\/first-news\/","menu_order":0,"post_type":"publisher","post_mime_type":"","comment_count":"0","filter":"raw"}},"_links":{"self":[{"href":"https:\/\/sachviet.eu\/en\/wp-json\/wp\/v2\/product\/10711","targetHints":{"allow":["GET"]}}],"collection":[{"href":"https:\/\/sachviet.eu\/en\/wp-json\/wp\/v2\/product"}],"about":[{"href":"https:\/\/sachviet.eu\/en\/wp-json\/wp\/v2\/types\/product"}],"wp:featuredmedia":[{"embeddable":true,"href":"https:\/\/sachviet.eu\/en\/wp-json\/wp\/v2\/media\/10710"}],"wp:attachment":[{"href":"https:\/\/sachviet.eu\/en\/wp-json\/wp\/v2\/media?parent=10711"}],"wp:term":[{"taxonomy":"product_brand","embeddable":true,"href":"https:\/\/sachviet.eu\/en\/wp-json\/wp\/v2\/product_brand?post=10711"},{"taxonomy":"product_cat","embeddable":true,"href":"https:\/\/sachviet.eu\/en\/wp-json\/wp\/v2\/product_cat?post=10711"},{"taxonomy":"product_tag","embeddable":true,"href":"https:\/\/sachviet.eu\/en\/wp-json\/wp\/v2\/product_tag?post=10711"}],"curies":[{"name":"wp","href":"https:\/\/api.w.org\/{rel}","templated":true}]}}