{"id":10701,"date":"2021-06-02T21:24:46","date_gmt":"2021-06-02T18:24:46","guid":{"rendered":"https:\/\/sachviet.eu\/shop\/bo-sach-chim-canh-cut-luy-xieng-set-4-quyen\/"},"modified":"2024-08-19T11:24:53","modified_gmt":"2024-08-19T08:24:53","slug":"bo-sach-chim-canh-cut-luy-xieng-set-4-quyen","status":"publish","type":"product","link":"https:\/\/sachviet.eu\/en\/shop\/bo-sach-chim-canh-cut-luy-xieng-set-4-quyen\/","title":{"rendered":"B\u1ed9 s\u00e1ch Chim c\u00e1nh c\u1ee5t Luy &#8211; Xi\u00eang (Set 4 quy\u1ec3n)"},"content":{"rendered":"<div class=\"kvgmc6g5 cxmmr5t8 oygrvhab hcukyx3x c1et5uql ii04i59q\">\n<div dir=\"auto\">C\u00f3 b\u1ea1n n\u00e0o \u0111\u00f3 th\u1eadt ng\u1ed1c, m\u00e0 c\u0169ng nhi\u1ec1u khi l\u1ea1i h\u01a1i r\u1ea5t th\u00f4ng minh.<\/div>\n<div dir=\"auto\">C\u00f3 b\u1ea1n n\u00e0o \u0111\u00f3 \u0111\u00f4i khi h\u01a1i tham \u0103n v\u00e0 \u00edch k\u1ec9, nh\u01b0ng l\u1ea1i nhi\u1ec7t th\u00e0nh, h\u1ebft l\u00f2ng v\u00ec b\u1ea1n b\u00e8.<\/div>\n<div dir=\"auto\">C\u00f3 b\u1ea1n n\u00e0o \u0111\u00f3 lu\u00f4n nh\u00ed nh\u1ed1, v\u00f4 t\u01b0 y\u00eau \u0111\u1eddi, m\u00e0 \u0111\u00f4i khi l\u1ea1i &#8220;tr\u1ea7m l\u1eb7ng&#8221; \u0111\u1ebfn kh\u00f3 hi\u1ec3u.<\/div>\n<div dir=\"auto\">C\u00f3 b\u1ea1n n\u00e0o \u0111\u00f3 hay k\u1ec3 nh\u1eefng \u0111i\u1ec1u nh\u1ea3m nh\u00ed, l\u00e0m nh\u1eefng vi\u1ec7c nh\u1ea3m nh\u00ed, nh\u01b0ng \u0111\u00f4i khi l\u1ea1i &#8220;s\u00e2u s\u1eafc&#8221; \u0111\u1ebfn kh\u00f3 tin.<\/div>\n<div dir=\"auto\">\u1eea th\u00ec c\u00f2n ai v\u00e0o \u0111\u00e2y n\u1eefa, \u0111\u00f3 \u0111\u00edch th\u1ecb l\u00e0 ch\u00fa chim c\u00e1nh c\u1ee5t Luy Xi\u00eang l\u1eebng danh.<\/div>\n<\/div>\n<div class=\"o9v6fnle cxmmr5t8 oygrvhab hcukyx3x c1et5uql ii04i59q\">\n<div dir=\"auto\">\u0110\u00e2y l\u00e0 m\u1ed9t b\u1ed9 truy\u1ec7n c\u1ef1c k\u00ec vui v\u1ebb, h\u00e0i h\u01b0\u1edbc, g\u1ea7n g\u0169i, \u00fd ngh\u0129a. Trong truy\u1ec7n, \u0111\u1ed1i v\u1edbi Luy Xi\u00eang, th\u1ebf gi\u1edbi con ng\u01b0\u1eddi \u0111\u01b0\u1ee3c g\u1ecdi b\u1eb1ng c\u00e1c c\u1ee5m t\u1eeb &#8220;th\u00e0nh ph\u1ed1 k\u00ec l\u1ea1 c\u1ee7a nh\u1eefng con ng\u01b0\u1eddi \u0111ang ng\u1ee7&#8221; &#8220;x\u1ee9 s\u1edf con ng\u01b0\u1eddi&#8221;. Khi \u0111\u1ecdc c\u00e1c c\u1ee5m t\u1eeb n\u00e0y, m\u00ecnh lu\u00f4n li\u00ean t\u01b0\u1edfng t\u1edbi s\u1ef1 kh\u00e1c nhau gi\u1eefa hai th\u1ebf gi\u1edbi ng\u01b0\u1eddi l\u1edbn-tr\u1ebb con. Th\u1ebf gi\u1edbi c\u1ee7a ng\u01b0\u1eddi l\u1edbn \u0111\u00f4i khi c\u0169 k\u0129, xa l\u1ea1, nh\u00e0m ch\u00e1n, th\u1ebf gi\u1edbi c\u1ee7a Luy Xi\u00eang v\u00e0 c\u00e1c b\u1ea1n c\u1ee7a c\u1eadu th\u1eadt s\u1ef1 tuy\u1ec7t v\u1eddi, c\u00f3 t\u00ecnh b\u1ea1n b\u00e8 n\u1ed3ng th\u1eafm, nh\u1eefng tr\u00f2 qu\u1eady ph\u00e1 b\u1ea5t t\u1eadn, nh\u1eefng suy ngh\u0129 trong s\u00e1ng, v\u00f4 t\u01b0, gi\u1ea3n \u0111\u01a1n&#8230;v\u00e0 \u0111\u00f4i khi, c\u0169ng c\u00f3 c\u1ea3 nh\u1eefng n\u1ed1t tr\u1ea7m.<\/div>\n<\/div>\n","protected":false},"excerpt":{"rendered":"<p>\u201cTe te te, te te te!\u201d, ch\u00fa chim c\u00e1nh c\u1ee5t Luy-xi\u00eang th\u1ed5i vang b\u00e0i h\u00e1t. Ch\u00fa \u0111ang ch\u01a1i k\u00e8n tr\u00f4m p\u00e9t cho m\u1eb7t tr\u1eddi nghe \u0111\u1ea5y\u2026 Nh\u01b0ng v\u00ec \u1edf xa t\u00edt m\u00f9 kh\u01a1i n\u00ean m\u1eb7t tr\u1eddi ch\u1eb3ng nghe th\u1ea5y g\u00ec c\u1ea3. Th\u1ebf l\u00e0 Luy-xi\u00eang b\u0103ng bi\u1ec3n b\u0103ng r\u1eebng, th\u1eadm ch\u00ed b\u0103ng qua c\u1ea3 sa m\u1ea1c. M\u00e0 \u1edf sa m\u1ea1c th\u00ec n\u00f3ng \u01a1i l\u00e0 n\u00f3ng\u2026 T\u1eebng nhi\u1ec1u l\u1ea7n \u0111\u1ea1t gi\u1ea3i Prix des Interruptibles, gi\u1ea3i th\u01b0\u1edfng v\u0103n h\u1ecdc thi\u1ebfu nhi uy t\u00edn c\u1ee7a Ph\u00e1p, v\u00e0o c\u00e1c n\u0103m 2001 v\u00e0 2005, serie v\u1ec1 ch\u00fa chim c\u00e1nh c\u1ee5t Luy-xi\u00eang l\u00e0 m\u1ed9t trong nh\u1eefng serie s\u00e1ch thi\u1ebfu nhi \u0111\u01b0\u1ee3c c\u00e1c b\u1eadc ph\u1ee5 huynh Ph\u00e1p mua nhi\u1ec1u nh\u1ea5t cho con em m\u00ecnh trong v\u00f2ng m\u01b0\u1eddi n\u0103m tr\u1edf l\u1ea1i \u0111\u00e2y.<\/p>\n<p>B\u1ed9 s\u00e1ch g\u1ed3m 4 cu\u1ed1n<\/p>\n<p>Luy xi\u00eang, ch\u00fa chim c\u00e1nh c\u1ee5t \u1edf x\u1ee9 s\u1edf m\u1eb7t tr\u1eddi<br \/>\nGi\u1ea5c m\u01a1 k\u00ec l\u1ea1 c\u1ee7a Luy xi\u00eang<br \/>\nLuy xi\u00eang v\u00e0 ch\u00fa ng\u01b0\u1eddi tuy\u1ebft c\u00f4 \u0111\u1ed9c<br \/>\nLuy xi\u00eang, c\u1eadu s\u1ebd b\u1ecb \u0103n th\u1ecbt m\u1ea5t<\/p>\n","protected":false},"featured_media":11747,"template":"","meta":{"_acf_changed":false},"product_brand":[],"product_cat":[25,17,26],"product_tag":[],"class_list":{"0":"post-10701","1":"product","2":"type-product","3":"status-publish","4":"has-post-thumbnail","6":"product_cat-nhi-dong-6-tuoi-12-tuoi","7":"product_cat-sach-danh-cho-cac-be","8":"product_cat-thieu-nien-11-tuoi-18-tuoi","10":"first","11":"instock","12":"taxable","13":"shipping-taxable","14":"purchasable","15":"product-type-simple"},"supplier_id":null,"supplier_sku":"","barcode":null,"atum_controlled":true,"out_stock_date":null,"out_stock_threshold":null,"inheritable":false,"inbound_stock":0,"stock_on_hold":0,"sold_today":0,"sales_last_days":0,"reserved_stock":0,"customer_returns":0,"warehouse_damage":0,"lost_in_post":0,"other_logs":0,"out_stock_days":0,"lost_sales":0,"has_location":false,"update_date":"2026-01-28T23:11:22","atum_locations":[],"atum_stock_status":"instock","restock_status":false,"low_stock_amount":"","sales_update_date":"2026-01-28T23:11:22","calc_backorders":null,"acf":{"publisher":{"ID":1424,"post_author":"1","post_date":"2021-02-17 00:02:29","post_date_gmt":"2021-02-16 22:02:29","post_content":"<!-- wp:flatsome\/uxbuilder -->\n<h1 style=\"text-align: center\"><strong>Nh\u00e3 Nam<\/strong><\/h1>\n[row]\n\n[col span=\"6\" span__sm=\"12\"]\n\n[ux_image id=\"1438\" image_size=\"medium\"]\n\n\n[\/col]\n[col span=\"6\" span__sm=\"12\"]\n\n<p><strong>C\u00f4ng ty c\u1ed5 ph\u1ea7n V\u0103n h\u00f3a v\u00e0 Truy\u1ec1n th\u00f4ng Nh\u00e3 Nam<\/strong><\/p>\n<p>Th\u00e1ng 2 n\u0103m 2005, Nh\u00e3 Nam, t\u00ean \u0111\u1ea7y \u0111\u1ee7 l\u00e0 C\u00f4ng ty C\u1ed5 ph\u1ea7n V\u0103n h\u00f3a v\u00e0 Truy\u1ec1n th\u00f4ng Nh\u00e3 Nam \u0111\u00e3 gia nh\u1eadp th\u1ecb tr\u01b0\u1eddng s\u00e1ch. T\u00e1c ph\u1ea9m \"Balzac v\u00e0 c\u00f4 b\u00e9 th\u1ee3 may Trung hoa\" c\u1ee7a \u0110\u1edbi T\u01b0 Ki\u1ec7t l\u00e0 cu\u1ed1n s\u00e1ch \u0111\u1ea7u ti\u00ean \u0111\u01b0\u1ee3c nh\u1eefng ng\u01b0\u1eddi s\u00e1ng l\u1eadp Nh\u00e3 Nam xu\u1ea5t b\u1ea3n c\u1ea3 tr\u01b0\u1edbc khi c\u00f4ng ty ra \u0111\u1eddi. Ngay l\u1eadp t\u1ee9c t\u1eeb cu\u1ed1n s\u00e1ch \u0111\u1ea7u ti\u00ean, \u0111\u1ed9c gi\u1ea3 \u0111\u00e3 d\u00e0nh s\u1ef1 quan t\u00e2m v\u00e0 y\u00eau m\u1ebfn cho m\u1ed9t th\u01b0\u01a1ng hi\u1ec7u s\u00e1ch m\u1edbi m\u1ebb mang trong m\u00ecnh kh\u00e1t v\u1ecdng g\u00f3p ph\u1ea7n t\u1ea1o l\u1eadp di\u1ec7n m\u1ea1o m\u1edbi cho xu\u1ea5t b\u1ea3n v\u0103n h\u1ecdc t\u1ea1i Vi\u1ec7t Nam.<\/p>\n<p>L\u00f2ng say m\u00ea c\u1ee7a \u0111\u1ed9i ng\u0169 l\u00e0 vi\u00ean \u0111\u00e1 \u0111\u1ea7u ti\u00ean. Tr\u1ea3i qua m\u1ea5y n\u0103m ph\u00e1t tri\u1ec3n, Nh\u00e3 Nam \u0111\u00e3 \u0111\u01b0\u1ee3c x\u00e2y d\u1ef1ng d\u1ea7n l\u00ean trong di\u1ec7n m\u1ea1o m\u1ed9t nh\u00e0 xu\u1ea5t b\u1ea3n v\u1eefng ch\u00e3i v\u00e0 chuy\u00ean nghi\u1ec7p. S\u00e1u th\u00e1ng sau khi th\u00e0nh l\u1eadp c\u00f4ng ty, Nh\u1eadt k\u00fd \u0110\u1eb7ng Th\u00f9y Tr\u00e2m ra \u0111\u1eddi, t\u1ea1o n\u00ean m\u1ed9t c\u01a1n s\u1ed1t trong x\u00e3 h\u1ed9i, v\u1edbi g\u1ea7n 500,000 b\u1ea3n s\u00e1ch \u0111\u01b0\u1ee3c ph\u00e1t h\u00e0nh, ph\u00e1 m\u1ecdi k\u1ef7 l\u1ee5c v\u1ec1 xu\u1ea5t b\u1ea3n tr\u01b0\u1edbc \u0111\u00f3, k\u00e9o theo m\u1ed9t lo\u1ea1t nh\u1eefng hi\u1ec7u \u1ee9ng x\u00e3 h\u1ed9i v\u00e0 d\u01b0 lu\u1eadn c\u00f3 \u00fd ngh\u0129a. T\u1eeb \u0111\u00f3 tr\u1edf \u0111i, th\u00f4ng qua Nh\u00e3 Nam, c\u00e1c cu\u1ed1n s\u00e1ch v\u0103n h\u1ecdc n\u01b0\u1edbc ngo\u00e0i c\u00f3 gi\u00e1 tr\u1ecb \u0111\u01b0\u1ee3c li\u00ean t\u1ee5c mua b\u1ea3n quy\u1ec1n v\u00e0 xu\u1ea5t b\u1ea3n t\u1ea1i Vi\u1ec7t Nam, thu h\u00fat nhi\u1ec1u t\u1ea7ng l\u1edbp \u0111\u1ed9c gi\u1ea3. S\u00e1ch c\u1ee7a Nh\u00e3 Nam n\u1ed5i b\u1eadt b\u1edfi n\u1ed9i dung v\u0103n h\u1ecdc tinh t\u1ebf, b\u1edfi v\u1ebb \u0111\u1eb9p c\u1ee7a thi\u1ebft k\u1ebf hi\u1ec7n \u0111\u1ea1i \u1edf h\u00ecnh th\u1ee9c, b\u1edfi s\u1ef1 ch\u0103m ch\u00fat k\u1ef9 l\u01b0\u1ee1ng cho m\u1ed7i cu\u1ed1n s\u00e1ch nh\u01b0 m\u1ed9t con thuy\u1ec1n mang t\u1edbi ni\u1ec1m vui, tri th\u1ee9c, ng\u1ea1c nhi\u00ean, v\u00e0 \u0111\u1ed3ng c\u1ea3m.<\/p>\n\n[\/col]\n\n[\/row]\n<p style=\"text-align: left\">Hi\u1ec3u th\u1eddi \u0111\u1ea1i \u0111ang s\u1ed1ng th\u00f4ng qua s\u00e1ch, song h\u00e0nh v\u1edbi nh\u1eefng bi\u1ebfn chuy\u1ec3n s\u00e2u s\u1eafc trong l\u00f2ng x\u00e3 h\u1ed9i b\u1eb1ng nh\u1eefng ho\u1ea1t \u0111\u1ed9ng xu\u1ea5t b\u1ea3n mi\u1ec7t m\u00e0i v\u00e0 qu\u1ea3 c\u1ea3m, con \u0111\u01b0\u1eddng Nh\u00e3 Nam \u0111\u00e3 ch\u1ecdn \u0111\u1ec3 \u0111i s\u1ebd c\u00f2n d\u00e0i. Nhi\u1ec1u kh\u00f3 kh\u0103n, th\u1eed th\u00e1ch \u0111ang \u1edf ph\u00eda tr\u01b0\u1edbc. B\u01b0\u1edbc qua th\u1eddi k\u1ef3 s\u01a1 khai v\u1edbi nh\u1eefng b\u00e0i h\u1ecdc v\u00e0 nh\u1eefng kinh nghi\u1ec7m \u0111\u1ea7u ti\u00ean, Nh\u00e3 Nam gi\u1edd \u0111\u00e3 s\u1eb5n s\u00e0ng cho m\u1ed9t ch\u1eb7ng \u0111\u01b0\u1eddng ph\u00e1t tri\u1ec3n m\u1edbi. V\u00e0 ch\u00fang t\u00f4i mu\u1ed1n ho\u00e0n thi\u1ec7n m\u00ecnh trong s\u1ef1 c\u1ea7u th\u1ecb v\u00e0 c\u1ea9n tr\u1ecdng. T\u1ea5t c\u1ea3 v\u00ec m\u1ed9t gia s\u1ea3n s\u00e1ch to l\u1edbn, c\u00f3 s\u1ee9c s\u1ed1ng d\u00e0i l\u00e2u, c\u00f3 \u00fd ngh\u0129a v\u1edbi nhi\u1ec1u th\u1ebf h\u1ec7 b\u1ea1n \u0111\u1ecdc.<br \/>B\u1edfi v\u00ec s\u00e1ch l\u00e0 th\u1ebf gi\u1edbi.<\/p>\n<p><strong>\u0110\u00e2y l\u00e0 m\u1ed9t nh\u00e0 ph\u00e1t h\u00e0nh s\u00e1ch m\u00e0 SACHVIET.EU r\u1ea5t y\u00eau th\u00edch v\u00e0 tin t\u01b0\u1edfng. Nh\u00ecn \u0111\u01b0\u1ee3c t\u1ea7m \u1ea3nh h\u01b0\u1edfng c\u1ee7a Nh\u00e3 Nam qua t\u1eebng cu\u1ed1n s\u00e1ch, SACHVIET.EU li\u00ean h\u1ec7 h\u1ee3p t\u00e1c ngay v\u1edbi Nh\u00e3 Nam \u0111\u1ec3 \u0111em to\u00e0n b\u1ed9 nh\u1eefng t\u00e1c ph\u1ea9m m\u1edbi, hay nh\u1ea5t m\u00e0 Nh\u00e3 Nam c\u00f3 sang Ch\u00e2u \u00c2u, \u0111\u01b0a \u0111\u1ebfn cho \u0111\u1ed9c gi\u1ea3 c\u00f3 nhi\u1ec1u s\u1ef1 l\u1ef1a ch\u1ecdn phong ph\u00fa h\u01a1n c\u1ea3 s\u00e1ch cho tr\u1ebb em l\u1eabn ng\u01b0\u1eddi l\u1edbn.\u00a0<\/strong><\/p>\n\n<!-- \/wp:flatsome\/uxbuilder -->","post_title":"Nh\u00e3 Nam","post_excerpt":"","post_status":"publish","comment_status":"closed","ping_status":"closed","post_password":"","post_name":"nha-nam","to_ping":"","pinged":"","post_modified":"2022-12-19 23:15:33","post_modified_gmt":"2022-12-19 21:15:33","post_content_filtered":"","post_parent":0,"guid":"https:\/\/sachviet.eu\/?post_type=publisher&#038;p=1424","menu_order":0,"post_type":"publisher","post_mime_type":"","comment_count":"0","filter":"raw"}},"_links":{"self":[{"href":"https:\/\/sachviet.eu\/en\/wp-json\/wp\/v2\/product\/10701","targetHints":{"allow":["GET"]}}],"collection":[{"href":"https:\/\/sachviet.eu\/en\/wp-json\/wp\/v2\/product"}],"about":[{"href":"https:\/\/sachviet.eu\/en\/wp-json\/wp\/v2\/types\/product"}],"wp:featuredmedia":[{"embeddable":true,"href":"https:\/\/sachviet.eu\/en\/wp-json\/wp\/v2\/media\/11747"}],"wp:attachment":[{"href":"https:\/\/sachviet.eu\/en\/wp-json\/wp\/v2\/media?parent=10701"}],"wp:term":[{"taxonomy":"product_brand","embeddable":true,"href":"https:\/\/sachviet.eu\/en\/wp-json\/wp\/v2\/product_brand?post=10701"},{"taxonomy":"product_cat","embeddable":true,"href":"https:\/\/sachviet.eu\/en\/wp-json\/wp\/v2\/product_cat?post=10701"},{"taxonomy":"product_tag","embeddable":true,"href":"https:\/\/sachviet.eu\/en\/wp-json\/wp\/v2\/product_tag?post=10701"}],"curies":[{"name":"wp","href":"https:\/\/api.w.org\/{rel}","templated":true}]}}