{"id":10650,"date":"2021-06-02T21:18:06","date_gmt":"2021-06-02T18:18:06","guid":{"rendered":"https:\/\/sachviet.eu\/shop\/nhan-chung-buoc-toi-the-witness-for-the-prosecution\/"},"modified":"2022-05-27T14:33:22","modified_gmt":"2022-05-27T11:33:22","slug":"nhan-chung-buoc-toi-the-witness-for-the-prosecution","status":"publish","type":"product","link":"https:\/\/sachviet.eu\/en\/shop\/nhan-chung-buoc-toi-the-witness-for-the-prosecution\/","title":{"rendered":"Nh\u00e2n Ch\u1ee9ng Bu\u1ed9c T\u1ed9i &#8211; The Witness For The Prosecution"},"content":{"rendered":"<p>M\u1ed9t phi\u00ean t\u00f2a x\u00e9t x\u1eed t\u1ed9i ph\u1ea1m gi\u1ebft ng\u01b0\u1eddi tr\u1edf n\u00ean ph\u1ee9c t\u1ea1p khi v\u1ee3 c\u1ee7a b\u1ecb c\u00e1o \u0111\u1ee9ng ra l\u00e0m ch\u1ee9ng bu\u1ed9c t\u1ed9i ng\u01b0\u1eddi ch\u1ed3ng. . . . Gi\u00e1c quan th\u1ee9 s\u00e1u c\u1ee7a ph\u1ee5 n\u1eef \u2014 v\u00e0 m\u1ed9t kh\u1ea9u s\u00fang l\u1ee5c n\u1ea1p \u0111\u1ea1n \u2014 b\u00e1o \u0111i\u1ec1m ch\u1ebft ch\u00f3c. . . . M\u1ed9t ng\u01b0\u1eddi l\u00e1i xe k\u1eb9t gi\u1eefa \u0111\u1ed3ng kh\u00f4ng m\u00f4ng qu\u1ea1nh t\u00ecm ch\u1ed7 tr\u00fa trong ng\u00f4i bi\u1ec7t th\u1ef1 h\u1ebbo l\u00e1nh v\u00e0 \u0111\u01b0\u1ee3c ch\u00e0o \u0111\u00f3n b\u1eb1ng m\u1ed9t l\u1eddi c\u1ea3nh b\u00e1o th\u1ea3m kh\u1ed1c. . . . Th\u00e1m t\u1eed Hercule Poirot ph\u1ea3i \u0111\u1ed1i m\u1eb7t v\u1edbi th\u00e1ch th\u1ee9c l\u1edbn nh\u1ea5t c\u1ee7a m\u00ecnh v\u1edbi m\u1ed9t v\u1ee5 gi\u1ebft ng\u01b0\u1eddi k\u1ef3 l\u1ea1 trong c\u0103n ph\u00f2ng b\u1ecb kh\u00f3a.<\/p>\n<p>T\u1eeb c\u00e2u chuy\u1ec7n tuy\u1ec7t hay l\u00e0m t\u1ef1a \u0111\u1ec1 cho c\u1ea3 t\u1eadp truy\u1ec7n (truy\u1ec1n c\u1ea3m h\u1ee9ng l\u00e0m n\u00ean m\u1ed9t b\u1ed9 phim ly k\u1ef3 kinh \u0111i\u1ec3n) \u0111\u1ebfn nh\u1eefng vi\u00ean ng\u1ecdc qu\u00fd hi\u1ebfm nh\u1ea5t trong d\u00f2ng ti\u1ec3u thuy\u1ebft trinh th\u00e1m, m\u01b0\u1eddi m\u1ed9t c\u00e2u chuy\u1ec7n t\u1ed9i ph\u1ea1m r\u1eafc r\u1ed1i v\u00e0 suy lu\u1eadn tuy\u1ec7t v\u1eddi n\u00e0y cho th\u1ea5y m\u1ed9t Agatha Christie \u1edf \u0111\u1ec9nh cao xu\u1ea5t s\u1eafc nh\u1ea5t.<\/p>\n<p>\u201cT\u1eeb Hercule Poirot v\u00e0 Miss Marple kh\u00f4ng th\u1ec3 n\u00e0o qu\u00ean, hai chuy\u00ean gia gi\u1ea3i quy\u1ebft t\u1ed9i ph\u1ea1m s\u00e1nh ngang v\u1edbi Sherlock Holmes g\u1ea7n nh\u01b0 v\u00f4 \u0111\u1ed1i, cho \u0111\u1ebfn nh\u1eefng th\u1eaft n\u00fat cao tr\u00e0o c\u1ee7a V\u00e0 r\u1ed3i ch\u1eb3ng c\u00f2n ai v\u00e0 Nh\u00e2n ch\u1ee9ng bu\u1ed9c t\u1ed9i, Agatha Christie t\u1ef1 th\u00e2n l\u00e0 m\u1ed9t \u0111\u1eb3ng c\u1ea5p.\u201d  \u2014Mary Jane Clark, t\u00e1c gi\u1ea3 s\u00e1ch b\u00e1n ch\u1ea1y theo The New York Times<\/p>\n","protected":false},"excerpt":{"rendered":"<p>M\u1ed9t phi\u00ean t\u00f2a x\u00e9t x\u1eed t\u1ed9i ph\u1ea1m gi\u1ebft ng\u01b0\u1eddi tr\u1edf n\u00ean ph\u1ee9c t\u1ea1p khi v\u1ee3 c\u1ee7a b\u1ecb c\u00e1o \u0111\u1ee9ng ra l\u00e0m ch\u1ee9ng bu\u1ed9c t\u1ed9i ng\u01b0\u1eddi ch\u1ed3ng. . . . Gi\u00e1c quan th\u1ee9 s\u00e1u c\u1ee7a ph\u1ee5 n\u1eef \u2014 v\u00e0 m\u1ed9t kh\u1ea9u s\u00fang l\u1ee5c n\u1ea1p \u0111\u1ea1n \u2014 b\u00e1o \u0111i\u1ec1m ch\u1ebft ch\u00f3c. . . . M\u1ed9t ng\u01b0\u1eddi l\u00e1i xe k\u1eb9t gi\u1eefa \u0111\u1ed3ng kh\u00f4ng m\u00f4ng qu\u1ea1nh t\u00ecm ch\u1ed7 tr\u00fa trong ng\u00f4i bi\u1ec7t th\u1ef1 h\u1ebbo l\u00e1nh v\u00e0 \u0111\u01b0\u1ee3c ch\u00e0o \u0111\u00f3n b\u1eb1ng m\u1ed9t l\u1eddi c\u1ea3nh b\u00e1o th\u1ea3m kh\u1ed1c. . . . Th\u00e1m t\u1eed Hercule Poirot ph\u1ea3i \u0111\u1ed1i m\u1eb7t v\u1edbi th\u00e1ch th\u1ee9c l\u1edbn nh\u1ea5t c\u1ee7a m\u00ecnh v\u1edbi m\u1ed9t v\u1ee5 gi\u1ebft ng\u01b0\u1eddi k\u1ef3 l\u1ea1 trong c\u0103n ph\u00f2ng b\u1ecb kh\u00f3a.<\/p>\n<p>T\u1eeb c\u00e2u chuy\u1ec7n tuy\u1ec7t hay l\u00e0m t\u1ef1a \u0111\u1ec1 cho c\u1ea3 t\u1eadp truy\u1ec7n (truy\u1ec1n c\u1ea3m h\u1ee9ng l\u00e0m n\u00ean m\u1ed9t b\u1ed9 phim ly k\u1ef3 kinh \u0111i\u1ec3n) \u0111\u1ebfn nh\u1eefng vi\u00ean ng\u1ecdc qu\u00fd hi\u1ebfm nh\u1ea5t trong d\u00f2ng ti\u1ec3u thuy\u1ebft trinh th\u00e1m, m\u01b0\u1eddi m\u1ed9t c\u00e2u chuy\u1ec7n t\u1ed9i ph\u1ea1m r\u1eafc r\u1ed1i v\u00e0 suy lu\u1eadn tuy\u1ec7t v\u1eddi n\u00e0y cho th\u1ea5y m\u1ed9t Agatha Christie \u1edf \u0111\u1ec9nh cao xu\u1ea5t s\u1eafc nh\u1ea5t.<\/p>\n<p>\u201cT\u1eeb Hercule Poirot v\u00e0 Miss Marple kh\u00f4ng th\u1ec3 n\u00e0o qu\u00ean, hai chuy\u00ean gia gi\u1ea3i quy\u1ebft t\u1ed9i ph\u1ea1m s\u00e1nh ngang v\u1edbi Sherlock Holmes g\u1ea7n nh\u01b0 v\u00f4 \u0111\u1ed1i, cho \u0111\u1ebfn nh\u1eefng th\u1eaft n\u00fat cao tr\u00e0o c\u1ee7a V\u00e0 r\u1ed3i ch\u1eb3ng c\u00f2n ai v\u00e0 Nh\u00e2n ch\u1ee9ng bu\u1ed9c t\u1ed9i, Agatha Christie t\u1ef1 th\u00e2n l\u00e0 m\u1ed9t \u0111\u1eb3ng c\u1ea5p.\u201d  \u2014Mary Jane Clark, t\u00e1c gi\u1ea3 s\u00e1ch b\u00e1n ch\u1ea1y theo The New York Times<\/p>\n","protected":false},"featured_media":10636,"template":"","meta":{"_acf_changed":false},"product_brand":[],"product_cat":[15,72],"product_tag":[],"class_list":{"0":"post-10650","1":"product","2":"type-product","3":"status-publish","4":"has-post-thumbnail","6":"product_cat-sach-danh-cho-nguoi-lon","7":"product_cat-trinh-tham-kinh-di","9":"first","10":"outofstock","11":"taxable","12":"shipping-taxable","13":"purchasable","14":"product-type-simple"},"supplier_id":null,"supplier_sku":"","barcode":null,"atum_controlled":true,"out_stock_date":"2022-05-27 08:33:22","out_stock_threshold":null,"inheritable":false,"inbound_stock":0,"stock_on_hold":0,"sold_today":0,"sales_last_days":0,"reserved_stock":0,"customer_returns":0,"warehouse_damage":0,"lost_in_post":0,"other_logs":0,"out_stock_days":1342,"lost_sales":0,"has_location":false,"update_date":"2026-01-28T23:10:47","atum_locations":[],"atum_stock_status":"outofstock","restock_status":false,"low_stock_amount":"","sales_update_date":"2026-01-28T23:10:47","calc_backorders":null,"acf":{"publisher":{"ID":1517,"post_author":"1","post_date":"2021-02-17 01:14:41","post_date_gmt":"2021-02-16 23:14:41","post_content":"","post_title":"NXB Tr\u1ebb","post_excerpt":"","post_status":"publish","comment_status":"closed","ping_status":"closed","post_password":"","post_name":"nxb-tre","to_ping":"","pinged":"","post_modified":"2021-02-17 01:14:41","post_modified_gmt":"2021-02-16 23:14:41","post_content_filtered":"","post_parent":0,"guid":"https:\/\/sachviet.eu\/nha-phat-hanh\/nxb-tre\/","menu_order":0,"post_type":"publisher","post_mime_type":"","comment_count":"0","filter":"raw"}},"_links":{"self":[{"href":"https:\/\/sachviet.eu\/en\/wp-json\/wp\/v2\/product\/10650","targetHints":{"allow":["GET"]}}],"collection":[{"href":"https:\/\/sachviet.eu\/en\/wp-json\/wp\/v2\/product"}],"about":[{"href":"https:\/\/sachviet.eu\/en\/wp-json\/wp\/v2\/types\/product"}],"wp:featuredmedia":[{"embeddable":true,"href":"https:\/\/sachviet.eu\/en\/wp-json\/wp\/v2\/media\/10636"}],"wp:attachment":[{"href":"https:\/\/sachviet.eu\/en\/wp-json\/wp\/v2\/media?parent=10650"}],"wp:term":[{"taxonomy":"product_brand","embeddable":true,"href":"https:\/\/sachviet.eu\/en\/wp-json\/wp\/v2\/product_brand?post=10650"},{"taxonomy":"product_cat","embeddable":true,"href":"https:\/\/sachviet.eu\/en\/wp-json\/wp\/v2\/product_cat?post=10650"},{"taxonomy":"product_tag","embeddable":true,"href":"https:\/\/sachviet.eu\/en\/wp-json\/wp\/v2\/product_tag?post=10650"}],"curies":[{"name":"wp","href":"https:\/\/api.w.org\/{rel}","templated":true}]}}