{"id":10635,"date":"2021-06-02T21:16:26","date_gmt":"2021-06-02T18:16:26","guid":{"rendered":"https:\/\/sachviet.eu\/shop\/biet-chinh-minh\/"},"modified":"2021-09-07T14:08:30","modified_gmt":"2021-09-07T11:08:30","slug":"biet-chinh-minh","status":"publish","type":"product","link":"https:\/\/sachviet.eu\/en\/shop\/biet-chinh-minh\/","title":{"rendered":"Bi\u1ebft Ch\u00ednh M\u00ecnh"},"content":{"rendered":"<p>N\u1ebfu b\u1ea1n v\u1eabn \u0111ang t\u00ecm ki\u1ebfm nh\u01b0ng ch\u01b0a t\u00ecm th\u1ea5y b\u1ea3n th\u1ec3 cao h\u01a1n c\u1ee7a ch\u00ednh m\u00ecnh, n\u1ebfu b\u1ea1n ch\u01b0a bi\u1ebft m\u1ee5c \u0111\u00edch s\u1ed1ng c\u1ee7a m\u00ecnh l\u00e0 g\u00ec, n\u1ebfu b\u1ea1n v\u1eabn c\u00f2n b\u1ecb s\u1ef1 \u00edch k\u1ef7 c\u1ee7a c\u00e1i t\u00f4i nh\u1ecf b\u00e9 \u0111\u00e0y \u0111\u1ecda, n\u1ebfu b\u1ea1n v\u1eabn \u0111ang m\u00e3i theo \u0111u\u1ed5i v\u00e0 t\u00ecm ki\u1ebfm ch\u00ednh m\u00ecnh \u1edf \u0111\u00e2u \u0111\u00f3 b\u00ean ngo\u00e0i v\u00e0 ch\u01b0a bao gi\u1edd t\u00ecm th\u1ea5y, v\u00e0 n\u1ebfu b\u1ea1n v\u1eabn \u0111ang s\u1ed1ng trong \u0111au kh\u1ed5 m\u1eb7c cho nh\u1eefng g\u00ec \u0111\u00e3 \u0111\u1ea1t \u0111\u01b0\u1ee3c\u2026 th\u00ec c\u00f3 l\u1ebd h\u00e0nh tr\u00ecnh t\u00ecm ki\u1ebfm \u0111\u00e3 d\u1eabn b\u1ea1n \u0111\u1ebfn v\u1edbi cu\u1ed1n s\u00e1ch n\u00e0y. C\u00f3 s\u1ef1 bi\u1ebft n\u00e0o quan tr\u1ecdng h\u01a1n bi\u1ebft ch\u00ednh m\u00ecnh? V\u00e0 c\u00f3 th\u00e0nh c\u00f4ng n\u00e0o l\u1edbn h\u01a1n v\u00e0 tuy\u1ec7t v\u1eddi h\u01a1n l\u00e0 s\u1ed1ng m\u1ed9t cu\u1ed9c \u0111\u1eddi gi\u00e1c ng\u1ed9?<\/p>\n<p>Sai l\u1ea7m l\u1edbn nh\u1ea5t c\u1ee7a ch\u00fang ta l\u00e0 \u0111i t\u00ecm gi\u1ea3i ph\u00e1p cho v\u1ea5n \u0111\u1ec1 c\u1ee7a m\u00ecnh \u1edf \u0111\u00e2u \u0111\u00f3 b\u00ean ngo\u00e0i. B\u1ea1n kh\u00f4ng th\u1ec3 thay \u0111\u1ed5i h\u00ecnh \u1ea3nh trong g\u01b0\u01a1ng n\u1ebfu nh\u01b0 kh\u00f4ng tr\u01b0\u1edbc ti\u00ean thay \u0111\u1ed5i di\u1ec7n m\u1ea1o c\u1ee7a m\u00ecnh.<\/p>\n<p>Th\u1ebf gi\u1edbi b\u00ean ngo\u00e0i c\u1ee7a b\u1ea1n l\u00e0 h\u00ecnh \u1ea3nh ph\u1ea3n chi\u1ebfu th\u1ebf gi\u1edbi b\u00ean trong b\u1ea1n, th\u1ebf n\u00ean h\u00e3y ng\u1eebng \u0111\u1ed5 l\u1ed7i cho h\u00ecnh \u1ea3nh ph\u1ea3n chi\u1ebfu. H\u00e3y tr\u1edf l\u1ea1i v\u00e0 t\u00ecm th\u1ea5y ch\u00ednh m\u00ecnh. Ch\u00fang ta th\u01b0\u1eddng nghe v\u1ec1 th\u1ea5t b\u1ea1i c\u1ee7a c\u00e1c cu\u1ed9c c\u1ea3i c\u00e1ch nh\u01b0 gi\u00e1o d\u1ee5c, kinh t\u1ebf,\u2026 b\u1edfi v\u00ec c\u1ea3i c\u00e1ch th\u1ef1c s\u1ef1 ch\u1ec9 c\u00f3 th\u1ec3 \u0111\u1ebfn t\u1eeb ch\u00ednh nh\u1eefng ng\u01b0\u1eddi l\u00e0m c\u1ea3i c\u00e1ch. Ng\u01b0\u1eddi d\u1ed1t kh\u00f4ng th\u1ec3 c\u1ea3i c\u00e1ch gi\u00e1o d\u1ee5c, ng\u01b0\u1eddi tham kh\u00f4ng th\u1ec3 c\u1ea3i c\u00e1ch kinh t\u1ebf. T\u01b0\u01a1ng t\u1ef1 tr\u00ean b\u00ecnh di\u1ec7n c\u00e1 nh\u00e2n, b\u1ea1n kh\u00f4ng th\u1ec3 thay \u0111\u1ed5i \u0111\u1eddi s\u1ed1ng c\u1ee7a m\u00ecnh, n\u1ebfu tr\u01b0\u1edbc ti\u00ean b\u1ea1n kh\u00f4ng t\u00ecm th\u1ea5y v\u00e0 bi\u1ebft ch\u00ednh m\u00ecnh. R\u1ed3i s\u1ebd \u0111\u1ebfn l\u00fac gi\u00e1o d\u1ee5c t\u00e2m h\u1ed3n c\u1ea7n \u0111i \u0111\u00f4i v\u1edbi gi\u00e1o d\u1ee5c tri th\u1ee9c, v\u00e0 \u201cbi\u1ebft ch\u00ednh m\u00ecnh\u201d l\u00e0 b\u00e0i h\u1ecdc \u0111\u1ea7u ti\u00ean tr\u01b0\u1eddng h\u1ecdc d\u1ea1y cho h\u1ecdc sinh, tr\u01b0\u1edbc khi d\u1ea1y ch\u00fang bi\u1ebft v\u1ec1 nh\u1eefng th\u1ee9 kh\u00e1c.<\/p>\n<p>Cu\u1ed1n s\u00e1ch Bi\u1ebft Ch\u00ednh M\u00ecnh kh\u00f4ng \u0111\u01b0\u1ee3c vi\u1ebft ra t\u1eeb n\u1ed7 l\u1ef1c sao l\u1ee5c nh\u1eefng ki\u1ebfn th\u1ee9c li\u00ean quan, m\u00e0 \u0111\u1ebfn t\u1eeb m\u1ed9t cu\u1ed9c tri h\u00e0nh v\u00e0 tr\u1ea3i nghi\u1ec7m c\u1ee7a ch\u00ednh ng\u01b0\u1eddi vi\u1ebft. Cu\u1ed1n s\u00e1ch c\u0169ng kh\u00f4ng cung c\u1ea5p nh\u1eefng ni\u1ec1m tin gi\u00e1o \u0111i\u1ec1u hay quy t\u1eafc \u0111\u1ea1o \u0111\u1ee9c, m\u00e0 n\u00f3 gi\u00fap b\u1ea1n t\u1ef1 b\u1ea3n th\u00e2n m\u00ecnh th\u00e1o g\u1ee1 nh\u1eefng r\u00e0o c\u1ea3n ng\u0103n c\u00e1ch b\u1ea1n v\u1edbi con ng\u01b0\u1eddi th\u1ef1c s\u1ef1 c\u1ee7a m\u00ecnh, nh\u1eefng r\u00e0o c\u1ea3n ng\u0103n c\u00e1ch b\u1ea1n s\u1ed1ng m\u1ed9t cu\u1ed9c \u0111\u1eddi gi\u00e1c ng\u1ed9.<\/p>\n<p>V\u00e0, gi\u00e1c ng\u1ed9 \u0111\u01a1n gi\u1ea3n l\u00e0 bi\u1ebft ch\u00ednh m\u00ecnh v\u00e0 s\u1ed1ng v\u1edbi s\u1ef1 bi\u1ebft \u0111\u00f3. Th\u1ebf n\u00ean gi\u00e1c ng\u1ed9 kh\u00f4ng ph\u1ea3i l\u00e0 s\u1ef1 xa x\u1ec9 ch\u1ec9 x\u1ea3y ra v\u1edbi m\u1ed9t s\u1ed1 ng\u01b0\u1eddi \u0111\u1eb7c bi\u1ec7t hay \u0111\u01b0\u1ee3c ch\u1ecdn, m\u00e0 c\u00f3 th\u1ec3 x\u1ea3y ra v\u1edbi t\u1ea5t c\u1ea3 m\u1ecdi ng\u01b0\u1eddi. Bi\u1ebft ch\u00ednh m\u00ecnh bao g\u1ed3m: bi\u1ebft ch\u00ednh m\u00ecnh kh\u00f4ng ph\u1ea3i l\u00e0, bi\u1ebft ch\u00ednh m\u00ecnh l\u00e0, v\u00e0 bi\u1ebft l\u00e0m sao t\u1eeb kh\u00f4ng ph\u1ea3i ch\u00ednh m\u00ecnh tr\u1edf v\u1ec1 ch\u00ednh m\u00ecnh. V\u00e0 cu\u1ed1n s\u00e1ch n\u00e0y \u0111\u01b0\u1ee3c vi\u1ebft ra \u0111\u1ec3 cung c\u1ea5p cho b\u1ea1n t\u1ea5t c\u1ea3 ba s\u1ef1 bi\u1ebft \u0111\u00f3.<\/p>\n","protected":false},"excerpt":{"rendered":"<p>N\u1ebfu b\u1ea1n v\u1eabn \u0111ang t\u00ecm ki\u1ebfm nh\u01b0ng ch\u01b0a t\u00ecm th\u1ea5y b\u1ea3n th\u1ec3 cao h\u01a1n c\u1ee7a ch\u00ednh m\u00ecnh, n\u1ebfu b\u1ea1n ch\u01b0a bi\u1ebft m\u1ee5c \u0111\u00edch s\u1ed1ng c\u1ee7a m\u00ecnh l\u00e0 g\u00ec, n\u1ebfu b\u1ea1n v\u1eabn c\u00f2n b\u1ecb s\u1ef1 \u00edch k\u1ef7 c\u1ee7a c\u00e1i t\u00f4i nh\u1ecf b\u00e9 \u0111\u00e0y \u0111\u1ecda, n\u1ebfu b\u1ea1n v\u1eabn \u0111ang m\u00e3i theo \u0111u\u1ed5i v\u00e0 t\u00ecm ki\u1ebfm ch\u00ednh m\u00ecnh \u1edf \u0111\u00e2u \u0111\u00f3 b\u00ean ngo\u00e0i v\u00e0 ch\u01b0a bao gi\u1edd t\u00ecm th\u1ea5y, v\u00e0 n\u1ebfu b\u1ea1n v\u1eabn \u0111ang s\u1ed1ng trong \u0111au kh\u1ed5 m\u1eb7c cho nh\u1eefng g\u00ec \u0111\u00e3 \u0111\u1ea1t \u0111\u01b0\u1ee3c\u2026 th\u00ec c\u00f3 l\u1ebd h\u00e0nh tr\u00ecnh t\u00ecm ki\u1ebfm \u0111\u00e3 d\u1eabn b\u1ea1n \u0111\u1ebfn v\u1edbi cu\u1ed1n s\u00e1ch n\u00e0y. C\u00f3 s\u1ef1 bi\u1ebft n\u00e0o quan tr\u1ecdng h\u01a1n bi\u1ebft ch\u00ednh m\u00ecnh? V\u00e0 c\u00f3 th\u00e0nh c\u00f4ng n\u00e0o l\u1edbn h\u01a1n v\u00e0 tuy\u1ec7t v\u1eddi h\u01a1n l\u00e0 s\u1ed1ng m\u1ed9t cu\u1ed9c \u0111\u1eddi gi\u00e1c ng\u1ed9?<\/p>\n<p>Sai l\u1ea7m l\u1edbn nh\u1ea5t c\u1ee7a ch\u00fang ta l\u00e0 \u0111i t\u00ecm gi\u1ea3i ph\u00e1p cho v\u1ea5n \u0111\u1ec1 c\u1ee7a m\u00ecnh \u1edf \u0111\u00e2u \u0111\u00f3 b\u00ean ngo\u00e0i. B\u1ea1n kh\u00f4ng th\u1ec3 thay \u0111\u1ed5i h\u00ecnh \u1ea3nh trong g\u01b0\u01a1ng n\u1ebfu nh\u01b0 kh\u00f4ng tr\u01b0\u1edbc ti\u00ean thay \u0111\u1ed5i di\u1ec7n m\u1ea1o c\u1ee7a m\u00ecnh.<\/p>\n<p>Th\u1ebf gi\u1edbi b\u00ean ngo\u00e0i c\u1ee7a b\u1ea1n l\u00e0 h\u00ecnh \u1ea3nh ph\u1ea3n chi\u1ebfu th\u1ebf gi\u1edbi b\u00ean trong b\u1ea1n, th\u1ebf n\u00ean h\u00e3y ng\u1eebng \u0111\u1ed5 l\u1ed7i cho h\u00ecnh \u1ea3nh ph\u1ea3n chi\u1ebfu. H\u00e3y tr\u1edf l\u1ea1i v\u00e0 t\u00ecm th\u1ea5y ch\u00ednh m\u00ecnh. Ch\u00fang ta th\u01b0\u1eddng nghe v\u1ec1 th\u1ea5t b\u1ea1i c\u1ee7a c\u00e1c cu\u1ed9c c\u1ea3i c\u00e1ch nh\u01b0 gi\u00e1o d\u1ee5c, kinh t\u1ebf,\u2026 b\u1edfi v\u00ec c\u1ea3i c\u00e1ch th\u1ef1c s\u1ef1 ch\u1ec9 c\u00f3 th\u1ec3 \u0111\u1ebfn t\u1eeb ch\u00ednh nh\u1eefng ng\u01b0\u1eddi l\u00e0m c\u1ea3i c\u00e1ch. Ng\u01b0\u1eddi d\u1ed1t kh\u00f4ng th\u1ec3 c\u1ea3i c\u00e1ch gi\u00e1o d\u1ee5c, ng\u01b0\u1eddi tham kh\u00f4ng th\u1ec3 c\u1ea3i c\u00e1ch kinh t\u1ebf. T\u01b0\u01a1ng t\u1ef1 tr\u00ean b\u00ecnh di\u1ec7n c\u00e1 nh\u00e2n, b\u1ea1n kh\u00f4ng th\u1ec3 thay \u0111\u1ed5i \u0111\u1eddi s\u1ed1ng c\u1ee7a m\u00ecnh, n\u1ebfu tr\u01b0\u1edbc ti\u00ean b\u1ea1n kh\u00f4ng t\u00ecm th\u1ea5y v\u00e0 bi\u1ebft ch\u00ednh m\u00ecnh. R\u1ed3i s\u1ebd \u0111\u1ebfn l\u00fac gi\u00e1o d\u1ee5c t\u00e2m h\u1ed3n c\u1ea7n \u0111i \u0111\u00f4i v\u1edbi gi\u00e1o d\u1ee5c tri th\u1ee9c, v\u00e0 \u201cbi\u1ebft ch\u00ednh m\u00ecnh\u201d l\u00e0 b\u00e0i h\u1ecdc \u0111\u1ea7u ti\u00ean tr\u01b0\u1eddng h\u1ecdc d\u1ea1y cho h\u1ecdc sinh, tr\u01b0\u1edbc khi d\u1ea1y ch\u00fang bi\u1ebft v\u1ec1 nh\u1eefng th\u1ee9 kh\u00e1c.<\/p>\n<p>Cu\u1ed1n s\u00e1ch Bi\u1ebft Ch\u00ednh M\u00ecnh kh\u00f4ng \u0111\u01b0\u1ee3c vi\u1ebft ra t\u1eeb n\u1ed7 l\u1ef1c sao l\u1ee5c nh\u1eefng ki\u1ebfn th\u1ee9c li\u00ean quan, m\u00e0 \u0111\u1ebfn t\u1eeb m\u1ed9t cu\u1ed9c tri h\u00e0nh v\u00e0 tr\u1ea3i nghi\u1ec7m c\u1ee7a ch\u00ednh ng\u01b0\u1eddi vi\u1ebft. Cu\u1ed1n s\u00e1ch c\u0169ng kh\u00f4ng cung c\u1ea5p nh\u1eefng ni\u1ec1m tin gi\u00e1o \u0111i\u1ec1u hay quy t\u1eafc \u0111\u1ea1o \u0111\u1ee9c, m\u00e0 n\u00f3 gi\u00fap b\u1ea1n t\u1ef1 b\u1ea3n th\u00e2n m\u00ecnh th\u00e1o g\u1ee1 nh\u1eefng r\u00e0o c\u1ea3n ng\u0103n c\u00e1ch b\u1ea1n v\u1edbi con ng\u01b0\u1eddi th\u1ef1c s\u1ef1 c\u1ee7a m\u00ecnh, nh\u1eefng r\u00e0o c\u1ea3n ng\u0103n c\u00e1ch b\u1ea1n s\u1ed1ng m\u1ed9t cu\u1ed9c \u0111\u1eddi gi\u00e1c ng\u1ed9.<\/p>\n<p>V\u00e0, gi\u00e1c ng\u1ed9 \u0111\u01a1n gi\u1ea3n l\u00e0 bi\u1ebft ch\u00ednh m\u00ecnh v\u00e0 s\u1ed1ng v\u1edbi s\u1ef1 bi\u1ebft \u0111\u00f3. Th\u1ebf n\u00ean gi\u00e1c ng\u1ed9 kh\u00f4ng ph\u1ea3i l\u00e0 s\u1ef1 xa x\u1ec9 ch\u1ec9 x\u1ea3y ra v\u1edbi m\u1ed9t s\u1ed1 ng\u01b0\u1eddi \u0111\u1eb7c bi\u1ec7t hay \u0111\u01b0\u1ee3c ch\u1ecdn, m\u00e0 c\u00f3 th\u1ec3 x\u1ea3y ra v\u1edbi t\u1ea5t c\u1ea3 m\u1ecdi ng\u01b0\u1eddi. Bi\u1ebft ch\u00ednh m\u00ecnh bao g\u1ed3m: bi\u1ebft ch\u00ednh m\u00ecnh kh\u00f4ng ph\u1ea3i l\u00e0, bi\u1ebft ch\u00ednh m\u00ecnh l\u00e0, v\u00e0 bi\u1ebft l\u00e0m sao t\u1eeb kh\u00f4ng ph\u1ea3i ch\u00ednh m\u00ecnh tr\u1edf v\u1ec1 ch\u00ednh m\u00ecnh. V\u00e0 cu\u1ed1n s\u00e1ch n\u00e0y \u0111\u01b0\u1ee3c vi\u1ebft ra \u0111\u1ec3 cung c\u1ea5p cho b\u1ea1n t\u1ea5t c\u1ea3 ba s\u1ef1 bi\u1ebft \u0111\u00f3.<\/p>\n","protected":false},"featured_media":10634,"template":"","meta":{"_acf_changed":false},"product_brand":[],"product_cat":[15,46],"product_tag":[],"class_list":{"0":"post-10635","1":"product","2":"type-product","3":"status-publish","4":"has-post-thumbnail","6":"product_cat-sach-danh-cho-nguoi-lon","7":"product_cat-ky-nang-song","9":"first","10":"outofstock","11":"taxable","12":"shipping-taxable","13":"purchasable","14":"product-type-simple"},"supplier_id":null,"supplier_sku":"","barcode":null,"atum_controlled":true,"out_stock_date":"2021-09-07 11:08:30","out_stock_threshold":null,"inheritable":false,"inbound_stock":0,"stock_on_hold":0,"sold_today":0,"sales_last_days":0,"reserved_stock":0,"customer_returns":0,"warehouse_damage":0,"lost_in_post":0,"other_logs":0,"out_stock_days":1604,"lost_sales":0,"has_location":false,"update_date":"2026-01-28T23:10:47","atum_locations":[],"atum_stock_status":"outofstock","restock_status":false,"low_stock_amount":"","sales_update_date":"2026-01-28T23:10:47","calc_backorders":null,"acf":{"publisher":{"ID":1474,"post_author":"1","post_date":"2021-02-17 01:12:51","post_date_gmt":"2021-02-16 23:12:51","post_content":"","post_title":"Th\u00e1i H\u00e0","post_excerpt":"","post_status":"publish","comment_status":"closed","ping_status":"closed","post_password":"","post_name":"thai-ha","to_ping":"","pinged":"","post_modified":"2021-02-17 01:12:51","post_modified_gmt":"2021-02-16 23:12:51","post_content_filtered":"","post_parent":0,"guid":"https:\/\/sachviet.eu\/nha-phat-hanh\/thai-ha\/","menu_order":0,"post_type":"publisher","post_mime_type":"","comment_count":"0","filter":"raw"}},"_links":{"self":[{"href":"https:\/\/sachviet.eu\/en\/wp-json\/wp\/v2\/product\/10635","targetHints":{"allow":["GET"]}}],"collection":[{"href":"https:\/\/sachviet.eu\/en\/wp-json\/wp\/v2\/product"}],"about":[{"href":"https:\/\/sachviet.eu\/en\/wp-json\/wp\/v2\/types\/product"}],"wp:featuredmedia":[{"embeddable":true,"href":"https:\/\/sachviet.eu\/en\/wp-json\/wp\/v2\/media\/10634"}],"wp:attachment":[{"href":"https:\/\/sachviet.eu\/en\/wp-json\/wp\/v2\/media?parent=10635"}],"wp:term":[{"taxonomy":"product_brand","embeddable":true,"href":"https:\/\/sachviet.eu\/en\/wp-json\/wp\/v2\/product_brand?post=10635"},{"taxonomy":"product_cat","embeddable":true,"href":"https:\/\/sachviet.eu\/en\/wp-json\/wp\/v2\/product_cat?post=10635"},{"taxonomy":"product_tag","embeddable":true,"href":"https:\/\/sachviet.eu\/en\/wp-json\/wp\/v2\/product_tag?post=10635"}],"curies":[{"name":"wp","href":"https:\/\/api.w.org\/{rel}","templated":true}]}}