{"id":10633,"date":"2021-06-02T21:16:22","date_gmt":"2021-06-02T18:16:22","guid":{"rendered":"https:\/\/sachviet.eu\/shop\/series-du-hanh-den-the-gioi-nhan-ngu-ingo-phan-1\/"},"modified":"2023-11-27T21:06:01","modified_gmt":"2023-11-27T19:06:01","slug":"series-du-hanh-den-the-gioi-nhan-ngu-ingo-phan-1","status":"publish","type":"product","link":"https:\/\/sachviet.eu\/en\/shop\/series-du-hanh-den-the-gioi-nhan-ngu-ingo-phan-1\/","title":{"rendered":"Series Du H\u00e0nh \u0110\u1ebfn Th\u1ebf Gi\u1edbi Nh\u00e2n Ng\u01b0:\u00a0 Ingo (Ph\u1ea7n 1)"},"content":{"rendered":"<p>M\u1ed9t cu\u1ed9c phi\u00eau l\u01b0u k\u1ef3 di\u1ec7u v\u00e0 m\u00ea ly. B\u1eadc th\u1ea7y k\u1ec3 chuy\u1ec7n Helen Dunmore \u0111\u00e3 vi\u1ebft n\u00ean chuy\u1ebfn h\u00e0nh tr\u00ecnh kh\u00e1m ph\u00e1 Ingo &#8211; th\u1ebf gi\u1edbi \u0111\u1ea7y quy\u1ec1n n\u0103ng nh\u01b0ng kh\u00f4ng k\u00e9m ph\u1ea7n k\u1ef3 th\u00fa d\u01b0\u1edbi \u0111\u00e1y \u0111\u1ea1i d\u01b0\u01a1ng &#8211; c\u1ee7a c\u00f4 b\u00e9 Sapphire v\u00e0 c\u1eadu anh trai Conor.<\/p>\n<p>B\u1ea1n s\u1ebd t\u00ecm \u0111\u01b0\u1ee3c b\u1ee9c t\u01b0\u1ee3ng m\u1ef9 nh\u00e2n ng\u01b0 x\u1ee9 Zennor b\u00ean trong nh\u00e0 th\u1edd \u0111\u1ecba ph\u01b0\u01a1ng. N\u00e0ng t\u1eebng y\u00eau ng\u01b0\u1eddi ph\u00e0m, nh\u01b0ng v\u00ec l\u00e0 c\u01b0 d\u00e2n c\u1ee7a \u0111\u1ea1i d\u01b0\u01a1ng n\u00ean n\u00e0ng kh\u00f4ng th\u1ec3 l\u00ean b\u1edd chung s\u1ed1ng v\u1edbi ch\u00e0ng trai. N\u00e0ng b\u01a1i theo d\u00f2ng su\u1ed1i, l\u1eafng nghe ti\u1ebfng h\u00e1t c\u1ee7a ng\u01b0\u1eddi y\u00eau. Cho \u0111\u1ebfn m\u1ed9t ng\u00e0y kia, ch\u00e0ng trai b\u01a1i \u0111i c\u00f9ng n\u00e0ng v\u00e0 ch\u1eb3ng m\u1ed9t ai g\u1eb7p l\u1ea1i ch\u00e0ng n\u1eefa. Ch\u00e0ng \u0111\u00e3 tr\u1edf th\u00e0nh c\u01b0 d\u00e2n H\u1ea3i t\u1ed9c. H\u1ed3i b\u00e9, Sapphire t\u1eebng \u0111\u01b0\u1ee3c nghe b\u1ed1 k\u1ec3 c\u00e2u chuy\u1ec7n \u1ea5y. Khi \u00f4ng m\u1ea5t t\u00edch ngo\u00e0i kh\u01a1i, c\u00f4 b\u00e9 b\u1ea5t gi\u00e1c nh\u1edb \u0111\u1ebfn truy\u1ec1n thuy\u1ebft n\u1ecd, song v\u1eabn m\u1ed9t m\u1ef1c tin b\u1ed1 m\u00ecnh c\u00f2n s\u1ed1ng. M\u00f9a h\u00e8 m\u1ed9t n\u0103m sau, c\u1eadu anh trai Conor bi\u1ebfn m\u1ea5t h\u00e0ng gi\u1edd li\u1ec1n. C\u00f4 b\u00e9 ra v\u0169ng t\u00ecm, nh\u01b0ng thay v\u00ec anh trai, Sapphire g\u1eb7p Faro, m\u1ed9t nh\u00e2n ng\u01b0 b\u00ed \u1ea9n, kh\u01a1i g\u1ee3i tr\u00ed t\u00f2 m\u00f2 c\u1ee7a c\u00f4 b\u00e9. C\u1eadu k\u1ec3 c\u00f4 nghe v\u1ec1 Ingo, d\u1eabn d\u1eaft c\u00f4 \u0111\u1ebfn v\u1edbi m\u1ed9t th\u1ebf gi\u1edbi m\u00e0 c\u00f4 ch\u01b0a t\u1eebng ngh\u0129 s\u1ebd t\u1ed3n t\u1ea1i. C\u00f4 bu\u1ed9c ph\u1ea3i g\u1ea1t b\u1ecf m\u1ecdi \u00fd ngh\u0129 v\u1ec1 \u0111\u1ea5t li\u1ec1n, h\u00f2a m\u00ecnh c\u00f9ng v\u1ea1n v\u1eadt trong l\u00f2ng \u0111\u1ea1i d\u01b0\u01a1ng bao la.<\/p>\n<p>Sau chuy\u1ebfn kh\u00e1m ph\u00e1 \u0111\u1ea7u ti\u00ean, Sapphire ho\u00e0n to\u00e0n m\u00ea m\u1ea9n &#8211; ch\u1ec9 c\u1ea7n nghe ti\u1ebfng n\u01b0\u1edbc ch\u1ea3y, c\u00f4 l\u1eadp t\u1ee9c khao kh\u00e1t tr\u1edf l\u1ea1i Ingo l\u1ea7n n\u1eefa. Huy\u1ebft th\u1ed1ng Ingo m\u1ea1nh m\u1ebd ch\u1ea3y trong huy\u1ebft qu\u1ea3n Sapphy, khi\u1ebfn Conor s\u1ee3 r\u1eb1ng em g\u00e1i s\u1ebd t\u1eeb b\u1ecf \u0111\u1ea5t li\u1ec1n. C\u1eadu n\u00e0i xin em h\u00e3y ph\u1edbt l\u1edd kh\u00e1t khao v\u1edbi \u0111\u1ea1i d\u01b0\u01a1ng v\u00e0 c\u00f9ng c\u1eadu s\u1ed1ng b\u00ecnh y\u00ean trong ng\u00f4i nh\u00e0 c\u1ee7a h\u1ecd tr\u00ean v\u00e1ch \u0111\u00e1. Nh\u01b0ng Sapphire kh\u00f4ng ch\u1ec9 say s\u01b0a v\u1edbi th\u1ebf gi\u1edbi c\u1ee7a H\u1ea3i t\u1ed9c, c\u00f4 c\u00f2n ao \u01b0\u1edbc \u0111\u01b0\u1ee3c g\u1eb7p l\u1ea1i b\u1ed1. V\u00e0 c\u00f4 b\u00e9 tin m\u00ecnh c\u00f3 th\u1ec3 nghe th\u1ea5y gi\u1ecdng h\u00e1t c\u1ee7a ng\u01b0\u1eddi b\u1ed1 th\u00e2n y\u00eau xuy\u00ean qua l\u00e0n n\u01b0\u1edbc&#8230;<\/p>\n<p>&#8216;\u01af\u1edbc g\u00ec t\u00f4i rong ru\u1ed5i \u1edf Ingo<\/p>\n<p>Xa th\u1eadt xa b\u00ean kia bi\u1ec3n l\u1edbn&#8230;&#8217;<\/p>\n","protected":false},"excerpt":{"rendered":"<p>M\u1ed9t cu\u1ed9c phi\u00eau l\u01b0u k\u1ef3 di\u1ec7u v\u00e0 m\u00ea ly. B\u1eadc th\u1ea7y k\u1ec3 chuy\u1ec7n Helen Dunmore \u0111\u00e3 vi\u1ebft n\u00ean chuy\u1ebfn h\u00e0nh tr\u00ecnh kh\u00e1m ph\u00e1 Ingo &#8211; th\u1ebf gi\u1edbi \u0111\u1ea7y quy\u1ec1n n\u0103ng nh\u01b0ng kh\u00f4ng k\u00e9m ph\u1ea7n k\u1ef3 th\u00fa d\u01b0\u1edbi \u0111\u00e1y \u0111\u1ea1i d\u01b0\u01a1ng &#8211; c\u1ee7a c\u00f4 b\u00e9 Sapphire v\u00e0 c\u1eadu anh trai Conor.<\/p>\n<p>B\u1ea1n s\u1ebd t\u00ecm \u0111\u01b0\u1ee3c b\u1ee9c t\u01b0\u1ee3ng m\u1ef9 nh\u00e2n ng\u01b0 x\u1ee9 Zennor b\u00ean trong nh\u00e0 th\u1edd \u0111\u1ecba ph\u01b0\u01a1ng. N\u00e0ng t\u1eebng y\u00eau ng\u01b0\u1eddi ph\u00e0m, nh\u01b0ng v\u00ec l\u00e0 c\u01b0 d\u00e2n c\u1ee7a \u0111\u1ea1i d\u01b0\u01a1ng n\u00ean n\u00e0ng kh\u00f4ng th\u1ec3 l\u00ean b\u1edd chung s\u1ed1ng v\u1edbi ch\u00e0ng trai. N\u00e0ng b\u01a1i theo d\u00f2ng su\u1ed1i, l\u1eafng nghe ti\u1ebfng h\u00e1t c\u1ee7a ng\u01b0\u1eddi y\u00eau. Cho \u0111\u1ebfn m\u1ed9t ng\u00e0y kia, ch\u00e0ng trai b\u01a1i \u0111i c\u00f9ng n\u00e0ng v\u00e0 ch\u1eb3ng m\u1ed9t ai g\u1eb7p l\u1ea1i ch\u00e0ng n\u1eefa. Ch\u00e0ng \u0111\u00e3 tr\u1edf th\u00e0nh c\u01b0 d\u00e2n H\u1ea3i t\u1ed9c. H\u1ed3i b\u00e9, Sapphire t\u1eebng \u0111\u01b0\u1ee3c nghe b\u1ed1 k\u1ec3 c\u00e2u chuy\u1ec7n \u1ea5y. Khi \u00f4ng m\u1ea5t t\u00edch ngo\u00e0i kh\u01a1i, c\u00f4 b\u00e9 b\u1ea5t gi\u00e1c nh\u1edb \u0111\u1ebfn truy\u1ec1n thuy\u1ebft n\u1ecd, song v\u1eabn m\u1ed9t m\u1ef1c tin b\u1ed1 m\u00ecnh c\u00f2n s\u1ed1ng. M\u00f9a h\u00e8 m\u1ed9t n\u0103m sau, c\u1eadu anh trai Conor bi\u1ebfn m\u1ea5t h\u00e0ng gi\u1edd li\u1ec1n. C\u00f4 b\u00e9 ra v\u0169ng t\u00ecm, nh\u01b0ng thay v\u00ec anh trai, Sapphire g\u1eb7p Faro, m\u1ed9t nh\u00e2n ng\u01b0 b\u00ed \u1ea9n, kh\u01a1i g\u1ee3i tr\u00ed t\u00f2 m\u00f2 c\u1ee7a c\u00f4 b\u00e9. C\u1eadu k\u1ec3 c\u00f4 nghe v\u1ec1 Ingo, d\u1eabn d\u1eaft c\u00f4 \u0111\u1ebfn v\u1edbi m\u1ed9t th\u1ebf gi\u1edbi m\u00e0 c\u00f4 ch\u01b0a t\u1eebng ngh\u0129 s\u1ebd t\u1ed3n t\u1ea1i. C\u00f4 bu\u1ed9c ph\u1ea3i g\u1ea1t b\u1ecf m\u1ecdi \u00fd ngh\u0129 v\u1ec1 \u0111\u1ea5t li\u1ec1n, h\u00f2a m\u00ecnh c\u00f9ng v\u1ea1n v\u1eadt trong l\u00f2ng \u0111\u1ea1i d\u01b0\u01a1ng bao la.<\/p>\n<p>Sau chuy\u1ebfn kh\u00e1m ph\u00e1 \u0111\u1ea7u ti\u00ean, Sapphire ho\u00e0n to\u00e0n m\u00ea m\u1ea9n &#8211; ch\u1ec9 c\u1ea7n nghe ti\u1ebfng n\u01b0\u1edbc ch\u1ea3y, c\u00f4 l\u1eadp t\u1ee9c khao kh\u00e1t tr\u1edf l\u1ea1i Ingo l\u1ea7n n\u1eefa. Huy\u1ebft th\u1ed1ng Ingo m\u1ea1nh m\u1ebd ch\u1ea3y trong huy\u1ebft qu\u1ea3n Sapphy, khi\u1ebfn Conor s\u1ee3 r\u1eb1ng em g\u00e1i s\u1ebd t\u1eeb b\u1ecf \u0111\u1ea5t li\u1ec1n. C\u1eadu n\u00e0i xin em h\u00e3y ph\u1edbt l\u1edd kh\u00e1t khao v\u1edbi \u0111\u1ea1i d\u01b0\u01a1ng v\u00e0 c\u00f9ng c\u1eadu s\u1ed1ng b\u00ecnh y\u00ean trong ng\u00f4i nh\u00e0 c\u1ee7a h\u1ecd tr\u00ean v\u00e1ch \u0111\u00e1. Nh\u01b0ng Sapphire kh\u00f4ng ch\u1ec9 say s\u01b0a v\u1edbi th\u1ebf gi\u1edbi c\u1ee7a H\u1ea3i t\u1ed9c, c\u00f4 c\u00f2n ao \u01b0\u1edbc \u0111\u01b0\u1ee3c g\u1eb7p l\u1ea1i b\u1ed1. V\u00e0 c\u00f4 b\u00e9 tin m\u00ecnh c\u00f3 th\u1ec3 nghe th\u1ea5y gi\u1ecdng h\u00e1t c\u1ee7a ng\u01b0\u1eddi b\u1ed1 th\u00e2n y\u00eau xuy\u00ean qua l\u00e0n n\u01b0\u1edbc&#8230;<\/p>\n<p>&#8216;\u01af\u1edbc g\u00ec t\u00f4i rong ru\u1ed5i \u1edf Ingo<\/p>\n<p>Xa th\u1eadt xa b\u00ean kia bi\u1ec3n l\u1edbn&#8230;&#8217;<\/p>\n","protected":false},"featured_media":10616,"template":"","meta":{"_acf_changed":false},"product_brand":[],"product_cat":[15,74],"product_tag":[],"class_list":{"0":"post-10633","1":"product","2":"type-product","3":"status-publish","4":"has-post-thumbnail","6":"product_cat-sach-danh-cho-nguoi-lon","7":"product_cat-vien-tuong-kiem-hiep","9":"first","10":"outofstock","11":"taxable","12":"shipping-taxable","13":"purchasable","14":"product-type-simple"},"supplier_id":null,"supplier_sku":"","barcode":null,"atum_controlled":true,"out_stock_date":"2023-11-27 19:06:01","out_stock_threshold":null,"inheritable":false,"inbound_stock":0,"stock_on_hold":0,"sold_today":0,"sales_last_days":0,"reserved_stock":0,"customer_returns":0,"warehouse_damage":0,"lost_in_post":0,"other_logs":0,"out_stock_days":793,"lost_sales":0,"has_location":false,"update_date":"2026-01-28T23:10:47","atum_locations":[],"atum_stock_status":"outofstock","restock_status":false,"low_stock_amount":"","sales_update_date":"2026-01-28T23:10:47","calc_backorders":null,"acf":{"publisher":{"ID":10162,"post_author":"1","post_date":"2021-06-02 18:22:03","post_date_gmt":"2021-06-02 15:22:03","post_content":"","post_title":"Chibooks","post_excerpt":"","post_status":"publish","comment_status":"closed","ping_status":"closed","post_password":"","post_name":"chibooks","to_ping":"","pinged":"","post_modified":"2021-06-02 18:22:03","post_modified_gmt":"2021-06-02 15:22:03","post_content_filtered":"","post_parent":0,"guid":"https:\/\/sachviet.eu\/nha-phat-hanh\/chibooks\/","menu_order":0,"post_type":"publisher","post_mime_type":"","comment_count":"0","filter":"raw"}},"_links":{"self":[{"href":"https:\/\/sachviet.eu\/en\/wp-json\/wp\/v2\/product\/10633","targetHints":{"allow":["GET"]}}],"collection":[{"href":"https:\/\/sachviet.eu\/en\/wp-json\/wp\/v2\/product"}],"about":[{"href":"https:\/\/sachviet.eu\/en\/wp-json\/wp\/v2\/types\/product"}],"wp:featuredmedia":[{"embeddable":true,"href":"https:\/\/sachviet.eu\/en\/wp-json\/wp\/v2\/media\/10616"}],"wp:attachment":[{"href":"https:\/\/sachviet.eu\/en\/wp-json\/wp\/v2\/media?parent=10633"}],"wp:term":[{"taxonomy":"product_brand","embeddable":true,"href":"https:\/\/sachviet.eu\/en\/wp-json\/wp\/v2\/product_brand?post=10633"},{"taxonomy":"product_cat","embeddable":true,"href":"https:\/\/sachviet.eu\/en\/wp-json\/wp\/v2\/product_cat?post=10633"},{"taxonomy":"product_tag","embeddable":true,"href":"https:\/\/sachviet.eu\/en\/wp-json\/wp\/v2\/product_tag?post=10633"}],"curies":[{"name":"wp","href":"https:\/\/api.w.org\/{rel}","templated":true}]}}