{"id":10615,"date":"2021-06-02T21:15:22","date_gmt":"2021-06-02T18:15:22","guid":{"rendered":"https:\/\/sachviet.eu\/shop\/mat-thien-phat\/"},"modified":"2023-11-27T21:06:01","modified_gmt":"2023-11-27T19:06:01","slug":"mat-thien-phat","status":"publish","type":"product","link":"https:\/\/sachviet.eu\/en\/shop\/mat-thien-phat\/","title":{"rendered":"M\u1eaft Thi\u00ean Ph\u1eadt"},"content":{"rendered":"<p>V\u00e0o th\u1eddi \u0110\u01b0\u1eddng, to\u00e0n b\u1ed9 tr\u00e1i n\u00fai L\u0103ng V\u00e2n \u0111\u00e3 \u0111\u01b0\u1ee3c t\u1ea1c th\u00e0nh pho t\u01b0\u1ee3ng Di L\u1eb7c ng\u1ed3i l\u1edbn nh\u1ea5t th\u1ebf gi\u1edbi.<\/p>\n<p>N\u0103m 1962, trong m\u1ed9t l\u1ea7n tr\u00f9ng tu pho t\u01b0\u1ee3ng, \u0111o\u00e0n kh\u1ea3o s\u00e1t \u0111\u00e3 t\u00ecm ra m\u1ed9t c\u00e1nh c\u1eeda ng\u1ea7m tr\u00ean ng\u1ef1c tr\u00e1i \u0110\u1ea1i Ph\u1eadt, m\u1edf v\u00e0o m\u1ed9t \u0111\u1ed9ng t\u00e0ng t\u1ea1ng \u0111\u1ea7y b\u00ed hi\u1ec3m.<\/p>\n<p>Sau khi ti\u1ebfn v\u00e0o b\u00ean trong, c\u1ea3 \u0111o\u00e0n kh\u1ea3o s\u00e1t \u0111\u1ec1u t\u1eed n\u1ea1n m\u1ed9t c\u00e1ch ly k\u1ef3. Ch\u00ednh quy\u1ec1n b\u00e8n \u0111i\u1ec1u \u0111\u1ebfn c\u00e1c bi\u1ec7t \u0111\u1ed9i v\u0169 trang th\u00e2m nh\u1eadp v\u00e0o trong \u0111\u1ed9ng, song \u0111\u00e1ng ti\u1ebfc l\u00e0 kh\u00f4ng m\u1ed9t ai c\u00f3 th\u1ec3 tr\u1edf ra. Ch\u00ednh quy\u1ec1n \u0111\u00e0nh ph\u1ea3i b\u1ecbt l\u1ea1i c\u00e1nh c\u1eeda, b\u01b0ng b\u00edt th\u00f4ng tin, v\u00e0 c\u00e2u chuy\u1ec7n \u0111\u00e3 v\u00f9i ch\u00f4n v\u00e0o d\u0129 v\u00e0ng.<\/p>\n<p>\u0110i\u1ec1u g\u00ec \u0111\u00e3 khi\u1ebfn m\u1ed9t th\u00e1nh \u0111\u1ecba Ph\u1eadt gi\u00e1o bi\u1ebfn th\u00e0nh c\u00e1nh c\u1eeda \u0111\u1ecba ng\u1ee5c?<\/p>\n<p>N\u0103m m\u01b0\u01a1i n\u0103m tr\u00f4i qua, t\u1eeb m\u1ed9t b\u1ee9c th\u01b0 n\u1eb7c danh b\u00ed hi\u1ec3m, nh\u1eefng v\u1eadt ch\u1ee9ng v\u1ec1 v\u1ee5 k\u1ef3 \u00e1n n\u0103m x\u01b0a \u0111\u00e3 d\u1ea7n \u0111\u01b0\u1ee3c ph\u01a1i b\u00e0y&#8230;<\/p>\n","protected":false},"excerpt":{"rendered":"<p>V\u00e0o th\u1eddi \u0110\u01b0\u1eddng, to\u00e0n b\u1ed9 tr\u00e1i n\u00fai L\u0103ng V\u00e2n \u0111\u00e3 \u0111\u01b0\u1ee3c t\u1ea1c th\u00e0nh pho t\u01b0\u1ee3ng Di L\u1eb7c ng\u1ed3i l\u1edbn nh\u1ea5t th\u1ebf gi\u1edbi.<\/p>\n<p>N\u0103m 1962, trong m\u1ed9t l\u1ea7n tr\u00f9ng tu pho t\u01b0\u1ee3ng, \u0111o\u00e0n kh\u1ea3o s\u00e1t \u0111\u00e3 t\u00ecm ra m\u1ed9t c\u00e1nh c\u1eeda ng\u1ea7m tr\u00ean ng\u1ef1c tr\u00e1i \u0110\u1ea1i Ph\u1eadt, m\u1edf v\u00e0o m\u1ed9t \u0111\u1ed9ng t\u00e0ng t\u1ea1ng \u0111\u1ea7y b\u00ed hi\u1ec3m.<\/p>\n<p>Sau khi ti\u1ebfn v\u00e0o b\u00ean trong, c\u1ea3 \u0111o\u00e0n kh\u1ea3o s\u00e1t \u0111\u1ec1u t\u1eed n\u1ea1n m\u1ed9t c\u00e1ch ly k\u1ef3. Ch\u00ednh quy\u1ec1n b\u00e8n \u0111i\u1ec1u \u0111\u1ebfn c\u00e1c bi\u1ec7t \u0111\u1ed9i v\u0169 trang th\u00e2m nh\u1eadp v\u00e0o trong \u0111\u1ed9ng, song \u0111\u00e1ng ti\u1ebfc l\u00e0 kh\u00f4ng m\u1ed9t ai c\u00f3 th\u1ec3 tr\u1edf ra. Ch\u00ednh quy\u1ec1n \u0111\u00e0nh ph\u1ea3i b\u1ecbt l\u1ea1i c\u00e1nh c\u1eeda, b\u01b0ng b\u00edt th\u00f4ng tin, v\u00e0 c\u00e2u chuy\u1ec7n \u0111\u00e3 v\u00f9i ch\u00f4n v\u00e0o d\u0129 v\u00e0ng.<\/p>\n<p>\u0110i\u1ec1u g\u00ec \u0111\u00e3 khi\u1ebfn m\u1ed9t th\u00e1nh \u0111\u1ecba Ph\u1eadt gi\u00e1o bi\u1ebfn th\u00e0nh c\u00e1nh c\u1eeda \u0111\u1ecba ng\u1ee5c?<\/p>\n<p>N\u0103m m\u01b0\u01a1i n\u0103m tr\u00f4i qua, t\u1eeb m\u1ed9t b\u1ee9c th\u01b0 n\u1eb7c danh b\u00ed hi\u1ec3m, nh\u1eefng v\u1eadt ch\u1ee9ng v\u1ec1 v\u1ee5 k\u1ef3 \u00e1n n\u0103m x\u01b0a \u0111\u00e3 d\u1ea7n \u0111\u01b0\u1ee3c ph\u01a1i b\u00e0y&#8230;<\/p>\n","protected":false},"featured_media":10604,"template":"","meta":{"_acf_changed":false},"product_brand":[],"product_cat":[15,74],"product_tag":[],"class_list":{"0":"post-10615","1":"product","2":"type-product","3":"status-publish","4":"has-post-thumbnail","6":"product_cat-sach-danh-cho-nguoi-lon","7":"product_cat-vien-tuong-kiem-hiep","9":"first","10":"outofstock","11":"taxable","12":"shipping-taxable","13":"purchasable","14":"product-type-simple"},"supplier_id":null,"supplier_sku":"","barcode":null,"atum_controlled":true,"out_stock_date":"2023-11-27 19:06:01","out_stock_threshold":null,"inheritable":false,"inbound_stock":0,"stock_on_hold":0,"sold_today":0,"sales_last_days":0,"reserved_stock":0,"customer_returns":0,"warehouse_damage":0,"lost_in_post":0,"other_logs":0,"out_stock_days":793,"lost_sales":0,"has_location":false,"update_date":"2026-01-28T23:10:47","atum_locations":[],"atum_stock_status":"outofstock","restock_status":false,"low_stock_amount":"","sales_update_date":"2026-01-28T23:10:47","calc_backorders":null,"acf":{"publisher":{"ID":1472,"post_author":"1","post_date":"2021-02-17 01:12:50","post_date_gmt":"2021-02-16 23:12:50","post_content":"","post_title":"Huy Ho\u00e0ng Bookstore","post_excerpt":"","post_status":"publish","comment_status":"closed","ping_status":"closed","post_password":"","post_name":"huy-hoang-bookstore","to_ping":"","pinged":"","post_modified":"2021-02-17 01:12:50","post_modified_gmt":"2021-02-16 23:12:50","post_content_filtered":"","post_parent":0,"guid":"https:\/\/sachviet.eu\/nha-phat-hanh\/huy-hoang-bookstore\/","menu_order":0,"post_type":"publisher","post_mime_type":"","comment_count":"0","filter":"raw"}},"_links":{"self":[{"href":"https:\/\/sachviet.eu\/en\/wp-json\/wp\/v2\/product\/10615","targetHints":{"allow":["GET"]}}],"collection":[{"href":"https:\/\/sachviet.eu\/en\/wp-json\/wp\/v2\/product"}],"about":[{"href":"https:\/\/sachviet.eu\/en\/wp-json\/wp\/v2\/types\/product"}],"wp:featuredmedia":[{"embeddable":true,"href":"https:\/\/sachviet.eu\/en\/wp-json\/wp\/v2\/media\/10604"}],"wp:attachment":[{"href":"https:\/\/sachviet.eu\/en\/wp-json\/wp\/v2\/media?parent=10615"}],"wp:term":[{"taxonomy":"product_brand","embeddable":true,"href":"https:\/\/sachviet.eu\/en\/wp-json\/wp\/v2\/product_brand?post=10615"},{"taxonomy":"product_cat","embeddable":true,"href":"https:\/\/sachviet.eu\/en\/wp-json\/wp\/v2\/product_cat?post=10615"},{"taxonomy":"product_tag","embeddable":true,"href":"https:\/\/sachviet.eu\/en\/wp-json\/wp\/v2\/product_tag?post=10615"}],"curies":[{"name":"wp","href":"https:\/\/api.w.org\/{rel}","templated":true}]}}