{"id":1059,"date":"2021-02-14T00:33:53","date_gmt":"2021-02-13T22:33:53","guid":{"rendered":"https:\/\/sachviet.eu\/shop\/chang-hoang-da-gau\/"},"modified":"2022-01-17T14:35:46","modified_gmt":"2022-01-17T12:35:46","slug":"chang-hoang-da-gau","status":"publish","type":"product","link":"https:\/\/sachviet.eu\/en\/shop\/chang-hoang-da-gau\/","title":{"rendered":"Chang hoang d\u00e3 G\u1ea5u"},"content":{"rendered":"<p>Cu\u1ed1n s\u00e1ch \u0111\u01b0\u1ee3c vi\u1ebft t\u1eeb c\u00e2u chuy\u1ec7n ho\u00e0n to\u00e0n c\u00f3 th\u1eadt v\u1ec1 h\u00e0nh tr\u00ecnh \u0111\u1ea7y t\u00e1o b\u1ea1o c\u1ee7a Trang Nguy\u1ec5n &#8211; c\u00f4 g\u00e1i l\u00e0m ngh\u1ec1 b\u1ea3o t\u1ed3n \u0111\u1ed9ng v\u1eadt hoang d\u00e3.<\/p>\n<p>Khi 8 tu\u1ed5i, trong m\u1ed9t l\u1ea7n \u0111i h\u1ecdc v\u1ec1 Chang v\u00f4 t\u00ecnh ch\u1ee9ng ki\u1ebfn c\u1ea3nh nh\u1eefng ch\u00fa g\u1ea5u b\u1ecb h\u00e0nh h\u1ea1 trong tr\u1ea1i \u0111\u1ec3 l\u1ea5y m\u1eadt. H\u00ecnh \u1ea3nh \u0111au \u0111\u1edbn khi\u1ebfn c\u00f4 b\u00e9 t\u1ef1 h\u1ee9a v\u1edbi b\u1ea3n th\u00e2n r\u1eb1ng nh\u1ea5t \u0111\u1ecbnh l\u1edbn l\u00ean em s\u1ebd kh\u00f4ng \u0111\u1ec3 nh\u1eefng ch\u00fa g\u1ea5u v\u00e0 c\u00e1c lo\u00e0i \u0111\u1ed9ng v\u1eadt hoang d\u00e3 b\u1ecb h\u00e0nh h\u1ea1 nh\u01b0 v\u1eady n\u1eefa. C\u00f4 \u00f4m \u1ea5p l\u1eddi h\u1ee9a \u0111\u00f3 trong t\u00e2m tr\u00ed, th\u01b0\u1eddng xuy\u00ean xem c\u00e1c ch\u01b0\u01a1ng tr\u00ecnh v\u1ec1 \u0111\u1ed9ng v\u1eadt hoang d\u00e3, c\u1ed1 g\u1eafng h\u1ecdc th\u1eadt gi\u1ecfi ti\u1ebfng Anh \u0111\u1ec3 \u0111\u1ecdc t\u00e0i li\u1ec7u v\u1ec1 \u0111\u1ed9ng v\u1eadt hoang d\u00e3, ch\u0103m ch\u1ec9 luy\u1ec7n t\u1eadp m\u1ed7i ng\u00e0y \u0111\u1ec3 c\u00f3 c\u01a1 th\u1ec3 kh\u1ecfe m\u1ea1nh, v\u00e0 l\u00e0m t\u00ecnh nguy\u1ec7n vi\u00ean cho c\u00e1c t\u1ed5 ch\u1ee9c b\u1ea3o t\u1ed3n qu\u1ed1c t\u1ebf. Chang h\u1ecdc h\u1ecfi \u0111\u01b0\u1ee3c nhi\u1ec1u ki\u1ebfn th\u1ee9c, g\u1eb7p g\u1ee1 nhi\u1ec1u b\u1ea1n b\u00e8 c\u00f9ng y\u00eau \u0111\u1ed9ng v\u1eadt hoang d\u00e3, v\u00e0 \u0111\u01b0\u1ee3c ch\u0103m s\u00f3c nh\u1eefng con v\u1eadt b\u1ecb th\u01b0\u01a1ng b\u1ecb b\u1eaft tr\u1ed9m \u0111\u01b0\u1ee3c gi\u1ea3i c\u1ee9u.<\/p>\n<p>Sorya l\u00e0 ch\u00fa g\u1ea5u b\u1ecb m\u1ea5t m\u1eb9 v\u00e0 \u0111\u01b0\u1ee3c c\u1ee9u kh\u1ecfi tr\u1ea1i c\u1ee7a b\u1ecdn bu\u00f4n g\u1ea5u khi m\u1edbi hai tu\u1ea7n tu\u1ed5i, n\u00ean r\u1ea5t nh\u00fat nh\u00e1t, s\u1ee3 h\u00e3i. N\u00f3 kh\u00f4ng bi\u1ebft c\u00e1ch \u0111\u1ec3 sinh t\u1ed3n trong r\u1eebng, n\u00ean v\u1eabn ph\u1ea3i s\u1ed1ng trong c\u00e1nh r\u1eebng nh\u1ecf b\u00e9 c\u1ee7a khu b\u1ea3o t\u1ed3n \u0111\u1ed9ng v\u1eadt hoang d\u00e3.<\/p>\n<p>C\u1ea3m nh\u1eadn \u0111\u01b0\u1ee3c mong mu\u1ed1n v\u00e0 kh\u00e1t khao \u0111\u01b0\u1ee3c tr\u1edf v\u1ec1 nh\u00e0, v\u1ec1 v\u1edbi thi\u00ean nhi\u00ean v\u00e0 s\u1ef1 t\u1ef1 do c\u1ee7a Sorya, Chang quy\u1ebft \u0111\u1ecbnh s\u1ebd \u0111\u01b0a ng\u01b0\u1eddi b\u1ea1n nh\u1ecf v\u00e0o r\u1eebng. H\u00e0nh tr\u00ecnh \u0111\u00f3 th\u1eadt gian kh\u00f3, Chang v\u00e0 Sorya c\u00f9ng b\u0103ng qua nh\u1eefng khu r\u1eebng kh\u00f4 c\u1eb1n, nh\u1eefng c\u00e1nh r\u1eebng b\u1ecb ng\u1eadp, nh\u1eefng c\u00e1nh r\u1eebng b\u1ecb l\u00e2m t\u1eb7c t\u00e0n ph\u00e1, nh\u1eefng c\u00e1nh r\u1eebng \u0111\u00e3 b\u1ecb san b\u1eb1ng th\u00e0nh c\u00f4ng tr\u01b0\u1eddng x\u00e2y d\u1ef1ng&#8230; Tr\u00ean \u0111\u01b0\u1eddng \u0111i, Chang lu\u00f4n ki\u00ean tr\u00ec h\u1ebft m\u00ecnh d\u1ea1y Sorya nh\u1eefng k\u1ef9 n\u0103ng c\u01a1 b\u1ea3n \u0111\u1ec3 n\u00f3 c\u00f3 th\u1ec3 s\u1ed1ng trong r\u1eebng. V\u00e0 cu\u1ed1i c\u00f9ng, hai b\u1ea1n \u0111\u00e3 t\u00ecm th\u1ea5y m\u1ed9t c\u00e1nh r\u1eebng nguy\u00ean sinh tuy\u1ec7t \u0111\u1eb9p. Sorya \u0111\u01b0\u1ee3c t\u1ef1 do s\u1ed1ng \u1edf n\u01a1i n\u00f3 thu\u1ed9c v\u1ec1, \u0111\u01b0\u1ee3c h\u00e0i h\u00f2a v\u1edbi thi\u00ean nhi\u00ean xung quanh, kh\u00f4ng c\u00f2n b\u1ecb nh\u1ed1t trong chi\u1ebfc l\u1ed3ng ch\u1eadt h\u1eb9p v\u1edbi s\u1ef1 tra t\u1ea5n v\u00e0 h\u00e0nh h\u1ea1 n\u1eefa. C\u00f2n Chang th\u00ec c\u00e0ng tin t\u01b0\u1edfng h\u01a1n v\u00e0o l\u1eddi h\u1ee9a n\u0103m x\u01b0a v\u00e0 con \u0111\u01b0\u1eddng m\u00e0 m\u00ecnh \u0111ang \u0111i, d\u00f9 vi\u1ec7c tr\u1edf th\u00e0nh m\u1ed9t nh\u00e0 b\u1ea3o t\u1ed3n \u0111\u1ed9ng v\u1eadt hoang d\u00e3 c\u1ee7a c\u00f4 \u0111\u00e3 t\u1eebng b\u1ecb xem l\u00e0 vi\u1ec3n v\u00f4ng.<\/p>\n<p>C\u00e2u chuy\u1ec7n \u0111\u01b0a Sorya tr\u1edf v\u1ec1 r\u1eebng th\u1eadt k\u1ef3 di\u1ec7u, lay \u0111\u1ed9ng tr\u00e1i tim \u0111\u1ed9c gi\u1ea3, th\u1ee9c t\u1ec9nh ch\u00fang ta v\u1ec1 t\u00ecnh y\u00eau v\u00e0 s\u1ef1 g\u1eafn k\u1ebft gi\u1eefa con ng\u01b0\u1eddi v\u1edbi thi\u00ean nhi\u00ean. B\u00ean c\u1ea1nh n\u1ed9i dung, khi c\u1ea7m tr\u00ean tay cu\u1ed1n s\u00e1ch tranh n\u00e0y, ng\u01b0\u1eddi \u0111\u1ecdc l\u1ea1i th\u00eam tr\u1ea7m tr\u1ed3 v\u1ec1 gi\u00e1 tr\u1ecb th\u1ea9m m\u1ef9 m\u00e0 cu\u1ed1n s\u00e1ch mang \u0111\u1ebfn.<\/p>\n<p>\u0110\u1ec3 th\u1ef1c hi\u1ec7n cu\u1ed1n s\u00e1ch n\u00e0y, h\u1ecda s\u0129 Jeet Zdung v\u1edbi s\u1ef1 \u01b0a d\u1ecbch chuy\u1ec3n v\u00e0 kh\u00e1m ph\u00e1, n\u0103m 2018, \u0111\u00e3 nh\u1eadn l\u1eddi m\u1eddi c\u1ee7a Trang Nguy\u1ec5n, \u0111i v\u00e0o r\u1eebng s\u1ed1ng su\u1ed1t 2 th\u00e1ng r\u00f2ng v\u00e0 b\u1eaft tay th\u1ef1c hi\u1ec7n v\u1ebd minh h\u1ecda. B\u1eb1ng nh\u1eefng tr\u1ea3i nghi\u1ec7m c\u00f3 th\u1eadt trong r\u1eebng, \u00f4ng quan s\u00e1t v\u00e0 ch\u1ecdn l\u1ecdc k\u00fd h\u1ecda l\u1ea1i \u0111\u1ed9ng th\u1ef1c v\u1eadt m\u1ed9t c\u00e1ch ch\u00e2n th\u1ef1c, gi\u00e0u c\u1ea3m x\u00fac. T\u1eebng chi ti\u1ebft \u0111\u1ec1u \u0111\u01b0\u1ee3c ch\u0103m ch\u00fat m\u1ed9t c\u00e1ch t\u1ec9 m\u1ec9, khi\u1ebfn kh\u00f4ng gian thi\u00ean nhi\u00ean tr\u1edf n\u00ean sinh \u0111\u1ed9ng v\u00e0 s\u1eafc n\u00e9t, th\u1ec3 hi\u1ec7n t\u00ecnh y\u00eau v\u00e0 s\u1ef1 tr\u00e2n tr\u1ecdng c\u1ee7a \u00f4ng \u0111\u1ed1i v\u1edbi ng\u01b0\u1eddi M\u1eb9 thi\u00ean nhi\u00ean.<\/p>\n<p>\u201cChang hoang d\u00e3 &#8211; G\u1ea5u\u201d l\u1ed3ng gh\u00e9p trong c\u00e2u chuy\u1ec7n nh\u1eefng th\u00f4ng tin v\u1ec1 lo\u00e0i G\u1ea5u n\u00f3i ri\u00eang v\u00e0 c\u00e1c lo\u00e0i \u0111\u1ed9ng th\u1ef1c v\u1eadt trong r\u1eebng n\u00f3i chung, v\u00e0 gi\u00fap \u0111\u1ed9c gi\u1ea3 h\u00ecnh dung v\u1ec1 ngh\u1ec1 b\u1ea3o t\u1ed3n \u0111\u1ed9ng v\u1eadt hoang d\u00e3.<\/p>\n<p>\u0110\u1eb7c bi\u1ec7t, cu\u1ed1n artbook \u0111\u01b0\u1ee3c in tr\u00ean ch\u1ea5t li\u1ec7u gi\u1ea5y th\u00e2n thi\u1ec7n v\u1edbi m\u00f4i tr\u01b0\u1eddng. 100% l\u1ee3i nhu\u1eadn c\u1ee7a t\u00e1c gi\u1ea3 Trang Nguy\u1ec5n \u0111\u01b0\u1ee3c s\u1eed d\u1ee5ng \u0111\u1ec3 ph\u1ee5c v\u1ee5 cho c\u00e1c d\u1ef1 \u00e1n b\u1ea3o t\u1ed3n \u0111\u1ed9ng v\u1eadt hoang d\u00e3 \u1edf Vi\u1ec7t Nam.<\/p>\n  <div class=\"banner-grid-wrapper\">\n  <div id=\"banner-grid-1133900182\" class=\"banner-grid row row-grid row-small\" data-packery-options=\"\">\n                      \n<div class=\"col grid-col large-8 grid-col-1\" ><div class=\"col-inner\">\n\t<div class=\"img has-hover x md-x lg-x y md-y lg-y\" id=\"image_94991568\">\n\t\t\t\t\t\t\t\t<div class=\"img-inner dark\" >\n\t\t\t<img loading=\"lazy\" decoding=\"async\" width=\"750\" height=\"501\" src=\"https:\/\/sachviet.eu\/wp-content\/uploads\/2021\/02\/27e2772c1a88c9e7ebb1de4238289a68-1.jpg\" class=\"attachment-large size-large\" alt=\"\" srcset=\"https:\/\/sachviet.eu\/wp-content\/uploads\/2021\/02\/27e2772c1a88c9e7ebb1de4238289a68-1.jpg 750w, https:\/\/sachviet.eu\/wp-content\/uploads\/2021\/02\/27e2772c1a88c9e7ebb1de4238289a68-1-300x200.jpg 300w, https:\/\/sachviet.eu\/wp-content\/uploads\/2021\/02\/27e2772c1a88c9e7ebb1de4238289a68-1-600x401.jpg 600w\" sizes=\"auto, (max-width: 750px) 100vw, 750px\" \/>\t\t\t\t\t\t\n\t\t\t\t\t<\/div>\n\t\t\t\t\t\t\t\t\n<style>\n#image_94991568 {\n  width: 100%;\n}\n<\/style>\n\t<\/div>\n\t\n<\/div><\/div>\n<div class=\"col grid-col large-4 grid-col-1-2\" ><div class=\"col-inner\">\n\t<div class=\"img has-hover x md-x lg-x y md-y lg-y\" id=\"image_11471844\">\n\t\t\t\t\t\t\t\t<div class=\"img-inner dark\" >\n\t\t\t<img loading=\"lazy\" decoding=\"async\" width=\"768\" height=\"1024\" src=\"https:\/\/sachviet.eu\/wp-content\/uploads\/2021\/02\/2020_03_24_09_58_58_9-768x1024.jpg\" class=\"attachment-large size-large\" alt=\"\" srcset=\"https:\/\/sachviet.eu\/wp-content\/uploads\/2021\/02\/2020_03_24_09_58_58_9-768x1024.jpg 768w, https:\/\/sachviet.eu\/wp-content\/uploads\/2021\/02\/2020_03_24_09_58_58_9-225x300.jpg 225w, https:\/\/sachviet.eu\/wp-content\/uploads\/2021\/02\/2020_03_24_09_58_58_9-1152x1536.jpg 1152w, https:\/\/sachviet.eu\/wp-content\/uploads\/2021\/02\/2020_03_24_09_58_58_9-1536x2048.jpg 1536w, https:\/\/sachviet.eu\/wp-content\/uploads\/2021\/02\/2020_03_24_09_58_58_9-600x800.jpg 600w, https:\/\/sachviet.eu\/wp-content\/uploads\/2021\/02\/2020_03_24_09_58_58_9-scaled.jpg 1920w\" sizes=\"auto, (max-width: 768px) 100vw, 768px\" \/>\t\t\t\t\t\t\n\t\t\t\t\t<\/div>\n\t\t\t\t\t\t\t\t\n<style>\n#image_11471844 {\n  width: 100%;\n}\n<\/style>\n\t<\/div>\n\t\n<\/div><\/div>\n<div class=\"col grid-col large-4 grid-col-1-2\" ><div class=\"col-inner\">\n\t<div class=\"img has-hover x md-x lg-x y md-y lg-y\" id=\"image_1415141974\">\n\t\t\t\t\t\t\t\t<div class=\"img-inner dark\" >\n\t\t\t<img loading=\"lazy\" decoding=\"async\" width=\"720\" height=\"960\" src=\"https:\/\/sachviet.eu\/wp-content\/uploads\/2021\/02\/109363362_3183194981756229_6542232285287017109_n.jpg\" class=\"attachment-large size-large\" alt=\"\" srcset=\"https:\/\/sachviet.eu\/wp-content\/uploads\/2021\/02\/109363362_3183194981756229_6542232285287017109_n.jpg 720w, https:\/\/sachviet.eu\/wp-content\/uploads\/2021\/02\/109363362_3183194981756229_6542232285287017109_n-225x300.jpg 225w, https:\/\/sachviet.eu\/wp-content\/uploads\/2021\/02\/109363362_3183194981756229_6542232285287017109_n-600x800.jpg 600w\" sizes=\"auto, (max-width: 720px) 100vw, 720px\" \/>\t\t\t\t\t\t\n\t\t\t\t\t<\/div>\n\t\t\t\t\t\t\t\t\n<style>\n#image_1415141974 {\n  width: 100%;\n}\n<\/style>\n\t<\/div>\n\t\n<\/div><\/div>\n            <\/div>\n    <style>\n    #banner-grid-1133900182 .grid-col-1{height: 600px}\n    #banner-grid-1133900182 .grid-col-1-2{height: 300px}\n    #banner-grid-1133900182 .grid-col-1-3{height:200px}\n    #banner-grid-1133900182 .grid-col-2-3{height: 400px}\n    #banner-grid-1133900182 .grid-col-1-4{height: 150px}\n    #banner-grid-1133900182 .grid-col-3-4{height: 450px}\n\n\n    \n    \n\n  <\/style>\n    <\/div>\n  \n","protected":false},"excerpt":{"rendered":"<p>\u201cChang hoang d\u00e3 &#8211; G\u1ea5u\u201d l\u00e0 c\u00e2u chuy\u1ec7n \u0111\u1eb9p \u0111\u1ebd, c\u1ea3m \u0111\u1ed9ng v\u1ec1 s\u1ef1 ki\u00ean tr\u00ec v\u00e0 d\u0169ng c\u1ea3m c\u1ee7a Chang trong h\u00e0nh tr\u00ecnh \u0111\u01b0a b\u00e9 g\u1ea5u nh\u00fat nh\u00e1t Sorya tr\u1edf v\u1ec1 thi\u00ean nhi\u00ean hoang d\u00e3.<\/p>\n<p>T\u1eeb c\u00e2u chuy\u1ec7n c\u00f3 th\u1eadt v\u1ec1 h\u00e0nh tr\u00ecnh d\u0169ng c\u1ea3m v\u00e0 \u0111\u1ea7y t\u00e1o b\u1ea1o c\u1ee7a c\u00f4 g\u00e1i l\u00e0m ngh\u1ec1 b\u1ea3o t\u1ed3n \u0111\u1ed9ng v\u1eadt hoang d\u00e3 Trang Nguy\u1ec5n, s\u1ef1 s\u00e1ng t\u1ea1o v\u00e0 d\u1ea5n th\u00e2n c\u1ee7a h\u1ecda s\u0129 Jeet Zdung, cu\u1ed1n s\u00e1ch tranh Chang hoang d\u00e3 &#8211; G\u1ea5u l\u00e0 th\u00f4ng \u0111i\u1ec7p m\u1ea1nh m\u1ebd v\u1ec1 gi\u00e1 tr\u1ecb c\u1ee7a thi\u00ean nhi\u00ean, s\u1ef1 s\u1ed1ng c\u1ee7a Tr\u00e1i \u0110\u1ea5t v\u00e0 mu\u00f4n lo\u00e0i. \u0110\u1ed3ng th\u1eddi \u0111\u00e2y c\u0169ng l\u00e0 c\u00e2u chuy\u1ec7n \u0111\u1ea7y c\u1ea3m h\u1ee9ng, kh\u00edch l\u1ec7 nh\u1eefng tr\u00e1i tim nh\u1ecf b\u00e9 d\u00e1m d\u1ea5n th\u00e2n th\u1ef1c hi\u1ec7n \u01b0\u1edbc m\u01a1, b\u1eb1ng ng\u1ecdn l\u1eeda m\u00e3nh li\u1ec7t, b\u1eebng s\u00e1ng.<\/p>\n","protected":false},"featured_media":1043,"template":"","meta":{"_acf_changed":false},"product_brand":[],"product_cat":[25,17,26],"product_tag":[],"class_list":{"0":"post-1059","1":"product","2":"type-product","3":"status-publish","4":"has-post-thumbnail","6":"product_cat-nhi-dong-6-tuoi-12-tuoi","7":"product_cat-sach-danh-cho-cac-be","8":"product_cat-thieu-nien-11-tuoi-18-tuoi","10":"first","11":"instock","12":"taxable","13":"shipping-taxable","14":"purchasable","15":"product-type-simple"},"supplier_id":null,"supplier_sku":"","barcode":null,"atum_controlled":true,"out_stock_date":null,"out_stock_threshold":null,"inheritable":false,"inbound_stock":0,"stock_on_hold":0,"sold_today":0,"sales_last_days":0,"reserved_stock":0,"customer_returns":0,"warehouse_damage":0,"lost_in_post":0,"other_logs":0,"out_stock_days":0,"lost_sales":0,"has_location":false,"update_date":"2026-01-28T23:10:29","atum_locations":[],"atum_stock_status":"instock","restock_status":false,"low_stock_amount":"","sales_update_date":"2026-01-28T23:10:29","calc_backorders":null,"acf":{"publisher":{"ID":1454,"post_author":"1","post_date":"2021-02-17 01:11:34","post_date_gmt":"2021-02-16 23:11:34","post_content":"<!-- wp:flatsome\/uxbuilder -->\n<h1 style=\"text-align: center;\"><strong>Kim \u0110\u1ed3ng<\/strong><\/h1>\n[row]\n\n[col span=\"3\" span__sm=\"12\"]\n\n[ux_image id=\"1534\" image_size=\"medium\"]\n\n\n[\/col]\n[col span=\"9\" span__sm=\"12\"]\n\n<p>Nh\u00e0 xu\u1ea5t b\u1ea3n Kim \u0110\u1ed3ng tr\u1ef1c thu\u1ed9c Trung \u01b0\u01a1ng \u0110o\u00e0n TNCS H\u1ed3 Ch\u00ed Minh l\u00e0 Nh\u00e0 xu\u1ea5t b\u1ea3n t\u1ed5ng h\u1ee3p c\u00f3 ch\u1ee9c n\u0103ng xu\u1ea5t b\u1ea3n s\u00e1ch v\u00e0 v\u0103n h\u00f3a ph\u1ea9m ph\u1ee5c v\u1ee5 thi\u1ebfu nhi v\u00e0 c\u00e1c b\u1eadc ph\u1ee5 huynh trong c\u1ea3 n\u01b0\u1edbc, qu\u1ea3ng b\u00e1 v\u00e0 gi\u1edbi thi\u1ec7u v\u0103n h\u00f3a Vi\u1ec7t Nam ra th\u1ebf gi\u1edbi.<br \/>Nh\u00e0 xu\u1ea5t b\u1ea3n c\u00f3 nhi\u1ec7m v\u1ee5 t\u1ed5 ch\u1ee9c b\u1ea3n th\u1ea3o, bi\u00ean so\u1ea1n, bi\u00ean d\u1ecbch, xu\u1ea5t b\u1ea3n v\u00e0 ph\u00e1t h\u00e0nh c\u00e1c xu\u1ea5t b\u1ea3n ph\u1ea9m c\u00f3 n\u1ed9i dung: gi\u00e1o d\u1ee5c truy\u1ec1n th\u1ed1ng d\u00e2n t\u1ed9c, gi\u00e1o d\u1ee5c v\u1ec1 tri th\u1ee9c, ki\u1ebfn th\u1ee9c\u2026 tr\u00ean c\u00e1c l\u0129nh v\u1ef1c v\u0103n h\u1ecdc, ngh\u1ec7 thu\u1eadt, khoa h\u1ecdc k\u1ef9 thu\u1eadt nh\u1eb1m cung c\u1ea5p cho c\u00e1c em thi\u1ebfu nhi c\u0169ng nh\u01b0 c\u00e1c b\u1eadc ph\u1ee5 huynh c\u00e1c ki\u1ebfn th\u1ee9c c\u1ea7n thi\u1ebft trong cu\u1ed9c s\u1ed1ng, nh\u1eefng tinh hoa c\u1ee7a tri th\u1ee9c nh\u00e2n lo\u1ea1i nh\u1eb1m g\u00f3p ph\u1ea7n gi\u00e1o d\u1ee5c v\u00e0 h\u00ecnh th\u00e0nh nh\u00e2n c\u00e1ch th\u1ebf h\u1ec7 tr\u1ebb.<br \/>\u0110\u1ed1i t\u01b0\u1ee3ng ph\u1ee5c v\u1ee5 c\u1ee7a Nh\u00e0 xu\u1ea5t b\u1ea3n l\u00e0 c\u00e1c em t\u1eeb tu\u1ed5i nh\u00e0 tr\u1ebb m\u1eabu gi\u00e1o (1 \u0111\u1ebfn 5 tu\u1ed5i), nhi \u0111\u1ed3ng (6 \u0111\u1ebfn 9 tu\u1ed5i), thi\u1ebfu ni\u00ean (10 \u0111\u1ebfn 15 tu\u1ed5i) \u0111\u1ebfn c\u00e1c em tu\u1ed5i m\u1edbi l\u1edbn (16 \u0111\u1ebfn 18 tu\u1ed5i) v\u00e0 c\u00e1c b\u1eadc ph\u1ee5 huynh.<\/p>\n\n[\/col]\n\n[\/row]\n\n<!-- \/wp:flatsome\/uxbuilder -->","post_title":"Kim \u0110\u1ed3ng","post_excerpt":"","post_status":"publish","comment_status":"closed","ping_status":"closed","post_password":"","post_name":"kim-dong","to_ping":"","pinged":"","post_modified":"2021-02-17 01:31:56","post_modified_gmt":"2021-02-16 23:31:56","post_content_filtered":"","post_parent":0,"guid":"https:\/\/sachviet.eu\/nha-phat-hanh\/kim-dong\/","menu_order":0,"post_type":"publisher","post_mime_type":"","comment_count":"0","filter":"raw"}},"_links":{"self":[{"href":"https:\/\/sachviet.eu\/en\/wp-json\/wp\/v2\/product\/1059","targetHints":{"allow":["GET"]}}],"collection":[{"href":"https:\/\/sachviet.eu\/en\/wp-json\/wp\/v2\/product"}],"about":[{"href":"https:\/\/sachviet.eu\/en\/wp-json\/wp\/v2\/types\/product"}],"wp:featuredmedia":[{"embeddable":true,"href":"https:\/\/sachviet.eu\/en\/wp-json\/wp\/v2\/media\/1043"}],"wp:attachment":[{"href":"https:\/\/sachviet.eu\/en\/wp-json\/wp\/v2\/media?parent=1059"}],"wp:term":[{"taxonomy":"product_brand","embeddable":true,"href":"https:\/\/sachviet.eu\/en\/wp-json\/wp\/v2\/product_brand?post=1059"},{"taxonomy":"product_cat","embeddable":true,"href":"https:\/\/sachviet.eu\/en\/wp-json\/wp\/v2\/product_cat?post=1059"},{"taxonomy":"product_tag","embeddable":true,"href":"https:\/\/sachviet.eu\/en\/wp-json\/wp\/v2\/product_tag?post=1059"}],"curies":[{"name":"wp","href":"https:\/\/api.w.org\/{rel}","templated":true}]}}