{"id":10588,"date":"2021-06-02T21:04:18","date_gmt":"2021-06-02T18:04:18","guid":{"rendered":"https:\/\/sachviet.eu\/shop\/chiec-dep-that-lac-the-lost-sandal-song-ngu-anh-viet\/"},"modified":"2021-12-06T10:11:47","modified_gmt":"2021-12-06T08:11:47","slug":"chiec-dep-that-lac-the-lost-sandal-song-ngu-anh-viet","status":"publish","type":"product","link":"https:\/\/sachviet.eu\/en\/shop\/chiec-dep-that-lac-the-lost-sandal-song-ngu-anh-viet\/","title":{"rendered":"Chi\u1ebfc D\u00e9p Th\u1ea5t L\u1ea1c &#8211; The Lost Sandal (Song Ng\u1eef Anh-Vi\u1ec7t)"},"content":{"rendered":"<p>Linh ng\u1ee7 qu\u00ean tr\u00ean y\u00ean sau xe m\u00e1y v\u00e0 l\u00e0m r\u01a1i chi\u1ebfc d\u00e9p \u01b0a th\u00edch c\u1ee7a m\u00ecnh l\u00fac n\u00e0o kh\u00f4ng hay. \u00d4i kh\u00f4ng! Li\u1ec7u b\u1ea1n \u1ea5y c\u00f3 t\u00ecm l\u1ea1i \u0111\u01b0\u1ee3c chi\u1ebfc d\u00e9p th\u00e2n y\u00eau kh\u00f4ng nh\u1ec9?<\/p>\n<p>T\u00e1c gi\u1ea3 Geralda l\u1edbn l\u00ean \u1edf B\u1ec9 v\u00e0 \u0111\u1ebfn Vi\u1ec7t Nam v\u00e0o n\u0103m 2017. \u0110am m\u00ea t\u00e1i s\u1eed d\u1ee5ng r\u00e1c, c\u00f4 b\u1eaft \u0111\u1ea7u nh\u1eb7t nh\u1eefng \u0111\u00f4i d\u00e9p th\u1ea5t l\u1ea1c tr\u00ean \u0111\u01b0\u1eddng ph\u1ed1. C\u00f4 x\u1ebfp t\u1ea5t c\u1ea3 ch\u00fang l\u00ean y\u00ean sau xe \u0111\u1ea1p v\u00e0 b\u1eaft \u0111\u1ea7u h\u00ecnh dung ra m\u1ed9t ng\u01b0\u1eddi chuy\u00ean nh\u1eb7t nh\u1ea1nh d\u00e9p. Linh, C\u00f4 ti\u00ean D\u00e9p r\u1edbt v\u00e0 cu\u1ed1n s\u00e1ch \u201cChi\u1ebfc d\u00e9p th\u1ea5t l\u1ea1c\u201d \u0111\u00e3 ra \u0111\u1eddi nh\u01b0 th\u1ebf \u0111\u00f3.<\/p>\n<p>H\u1ecda s\u0129 Sofia l\u1edbn l\u00ean \u1edf Th\u1ee5y \u0110i\u1ec3n. Cha c\u00f4 v\u1ebd tranh c\u00f2n m\u1eb9 c\u00f4 l\u00e0m g\u1ed1m. C\u00f4 \u0111\u1ebfn S\u00e0i G\u00f2n v\u00e0o n\u0103m 2014 v\u00e0 l\u00e0m c\u00f4ng vi\u1ec7c thi\u1ebft k\u1ebf c\u00e1c s\u1ea3n ph\u1ea9m n\u1ed9i th\u1ea5t v\u00e0 \u0111\u1ed3 d\u00f9ng h\u1eefu \u00edch t\u1ea1i \u0111\u00e2y. Hi\u1ec7n c\u00f4 \u0111ang thi\u1ebft k\u1ebf th\u1eddi trang, \u0111\u1ed3 n\u1ed9i th\u1ea5t, v\u1ebd tranh minh h\u1ecda v\u00e0 g\u00f3p th\u00eam \u00fd t\u01b0\u1edfng v\u1ec1 m\u1ed9t th\u1ebf gi\u1edbi h\u1ea1nh ph\u00fac v\u00e0 b\u1ec1n v\u1eefng h\u01a1n. D\u00f9 \u0111i b\u1ea5t c\u1ee9 \u0111\u00e2u, Sofia \u0111\u1ec1u th\u00edch s\u01b0u t\u1eadp nh\u1eefng m\u00f3n \u201cr\u00e1c qu\u00fd\u201d xinh x\u1eafn tr\u00ean \u0111\u01b0\u1eddng.<\/p>\n","protected":false},"excerpt":{"rendered":"<p>Linh ng\u1ee7 qu\u00ean tr\u00ean y\u00ean sau xe m\u00e1y v\u00e0 l\u00e0m r\u01a1i chi\u1ebfc d\u00e9p \u01b0a th\u00edch c\u1ee7a m\u00ecnh l\u00fac n\u00e0o kh\u00f4ng hay. \u00d4i kh\u00f4ng! Li\u1ec7u b\u1ea1n \u1ea5y c\u00f3 t\u00ecm l\u1ea1i \u0111\u01b0\u1ee3c chi\u1ebfc d\u00e9p th\u00e2n y\u00eau kh\u00f4ng nh\u1ec9?<\/p>\n<p>T\u00e1c gi\u1ea3 Geralda l\u1edbn l\u00ean \u1edf B\u1ec9 v\u00e0 \u0111\u1ebfn Vi\u1ec7t Nam v\u00e0o n\u0103m 2017. \u0110am m\u00ea t\u00e1i s\u1eed d\u1ee5ng r\u00e1c, c\u00f4 b\u1eaft \u0111\u1ea7u nh\u1eb7t nh\u1eefng \u0111\u00f4i d\u00e9p th\u1ea5t l\u1ea1c tr\u00ean \u0111\u01b0\u1eddng ph\u1ed1. C\u00f4 x\u1ebfp t\u1ea5t c\u1ea3 ch\u00fang l\u00ean y\u00ean sau xe \u0111\u1ea1p v\u00e0 b\u1eaft \u0111\u1ea7u h\u00ecnh dung ra m\u1ed9t ng\u01b0\u1eddi chuy\u00ean nh\u1eb7t nh\u1ea1nh d\u00e9p. Linh, C\u00f4 ti\u00ean D\u00e9p r\u1edbt v\u00e0 cu\u1ed1n s\u00e1ch \u201cChi\u1ebfc d\u00e9p th\u1ea5t l\u1ea1c\u201d \u0111\u00e3 ra \u0111\u1eddi nh\u01b0 th\u1ebf \u0111\u00f3.<\/p>\n<p>H\u1ecda s\u0129 Sofia l\u1edbn l\u00ean \u1edf Th\u1ee5y \u0110i\u1ec3n. Cha c\u00f4 v\u1ebd tranh c\u00f2n m\u1eb9 c\u00f4 l\u00e0m g\u1ed1m. C\u00f4 \u0111\u1ebfn S\u00e0i G\u00f2n v\u00e0o n\u0103m 2014 v\u00e0 l\u00e0m c\u00f4ng vi\u1ec7c thi\u1ebft k\u1ebf c\u00e1c s\u1ea3n ph\u1ea9m n\u1ed9i th\u1ea5t v\u00e0 \u0111\u1ed3 d\u00f9ng h\u1eefu \u00edch t\u1ea1i \u0111\u00e2y. Hi\u1ec7n c\u00f4 \u0111ang thi\u1ebft k\u1ebf th\u1eddi trang, \u0111\u1ed3 n\u1ed9i th\u1ea5t, v\u1ebd tranh minh h\u1ecda v\u00e0 g\u00f3p th\u00eam \u00fd t\u01b0\u1edfng v\u1ec1 m\u1ed9t th\u1ebf gi\u1edbi h\u1ea1nh ph\u00fac v\u00e0 b\u1ec1n v\u1eefng h\u01a1n. D\u00f9 \u0111i b\u1ea5t c\u1ee9 \u0111\u00e2u, Sofia \u0111\u1ec1u th\u00edch s\u01b0u t\u1eadp nh\u1eefng m\u00f3n \u201cr\u00e1c qu\u00fd\u201d xinh x\u1eafn tr\u00ean \u0111\u01b0\u1eddng.<\/p>\n","protected":false},"featured_media":10587,"template":"","meta":{"_acf_changed":false},"product_brand":[],"product_cat":[17,39,26],"product_tag":[],"class_list":{"0":"post-10588","1":"product","2":"type-product","3":"status-publish","4":"has-post-thumbnail","6":"product_cat-sach-danh-cho-cac-be","7":"product_cat-sach-song-ngu-anh-viet","8":"product_cat-thieu-nien-11-tuoi-18-tuoi","10":"first","11":"instock","12":"taxable","13":"shipping-taxable","14":"purchasable","15":"product-type-simple"},"supplier_id":null,"supplier_sku":"","barcode":null,"atum_controlled":true,"out_stock_date":null,"out_stock_threshold":null,"inheritable":false,"inbound_stock":0,"stock_on_hold":0,"sold_today":0,"sales_last_days":0,"reserved_stock":0,"customer_returns":0,"warehouse_damage":0,"lost_in_post":0,"other_logs":0,"out_stock_days":0,"lost_sales":0,"has_location":false,"update_date":"2026-01-28T23:10:47","atum_locations":[],"atum_stock_status":"instock","restock_status":false,"low_stock_amount":"","sales_update_date":"2026-01-28T23:10:47","calc_backorders":null,"acf":{"publisher":{"ID":1454,"post_author":"1","post_date":"2021-02-17 01:11:34","post_date_gmt":"2021-02-16 23:11:34","post_content":"<!-- wp:flatsome\/uxbuilder -->\n<h1 style=\"text-align: center;\"><strong>Kim \u0110\u1ed3ng<\/strong><\/h1>\n[row]\n\n[col span=\"3\" span__sm=\"12\"]\n\n[ux_image id=\"1534\" image_size=\"medium\"]\n\n\n[\/col]\n[col span=\"9\" span__sm=\"12\"]\n\n<p>Nh\u00e0 xu\u1ea5t b\u1ea3n Kim \u0110\u1ed3ng tr\u1ef1c thu\u1ed9c Trung \u01b0\u01a1ng \u0110o\u00e0n TNCS H\u1ed3 Ch\u00ed Minh l\u00e0 Nh\u00e0 xu\u1ea5t b\u1ea3n t\u1ed5ng h\u1ee3p c\u00f3 ch\u1ee9c n\u0103ng xu\u1ea5t b\u1ea3n s\u00e1ch v\u00e0 v\u0103n h\u00f3a ph\u1ea9m ph\u1ee5c v\u1ee5 thi\u1ebfu nhi v\u00e0 c\u00e1c b\u1eadc ph\u1ee5 huynh trong c\u1ea3 n\u01b0\u1edbc, qu\u1ea3ng b\u00e1 v\u00e0 gi\u1edbi thi\u1ec7u v\u0103n h\u00f3a Vi\u1ec7t Nam ra th\u1ebf gi\u1edbi.<br \/>Nh\u00e0 xu\u1ea5t b\u1ea3n c\u00f3 nhi\u1ec7m v\u1ee5 t\u1ed5 ch\u1ee9c b\u1ea3n th\u1ea3o, bi\u00ean so\u1ea1n, bi\u00ean d\u1ecbch, xu\u1ea5t b\u1ea3n v\u00e0 ph\u00e1t h\u00e0nh c\u00e1c xu\u1ea5t b\u1ea3n ph\u1ea9m c\u00f3 n\u1ed9i dung: gi\u00e1o d\u1ee5c truy\u1ec1n th\u1ed1ng d\u00e2n t\u1ed9c, gi\u00e1o d\u1ee5c v\u1ec1 tri th\u1ee9c, ki\u1ebfn th\u1ee9c\u2026 tr\u00ean c\u00e1c l\u0129nh v\u1ef1c v\u0103n h\u1ecdc, ngh\u1ec7 thu\u1eadt, khoa h\u1ecdc k\u1ef9 thu\u1eadt nh\u1eb1m cung c\u1ea5p cho c\u00e1c em thi\u1ebfu nhi c\u0169ng nh\u01b0 c\u00e1c b\u1eadc ph\u1ee5 huynh c\u00e1c ki\u1ebfn th\u1ee9c c\u1ea7n thi\u1ebft trong cu\u1ed9c s\u1ed1ng, nh\u1eefng tinh hoa c\u1ee7a tri th\u1ee9c nh\u00e2n lo\u1ea1i nh\u1eb1m g\u00f3p ph\u1ea7n gi\u00e1o d\u1ee5c v\u00e0 h\u00ecnh th\u00e0nh nh\u00e2n c\u00e1ch th\u1ebf h\u1ec7 tr\u1ebb.<br \/>\u0110\u1ed1i t\u01b0\u1ee3ng ph\u1ee5c v\u1ee5 c\u1ee7a Nh\u00e0 xu\u1ea5t b\u1ea3n l\u00e0 c\u00e1c em t\u1eeb tu\u1ed5i nh\u00e0 tr\u1ebb m\u1eabu gi\u00e1o (1 \u0111\u1ebfn 5 tu\u1ed5i), nhi \u0111\u1ed3ng (6 \u0111\u1ebfn 9 tu\u1ed5i), thi\u1ebfu ni\u00ean (10 \u0111\u1ebfn 15 tu\u1ed5i) \u0111\u1ebfn c\u00e1c em tu\u1ed5i m\u1edbi l\u1edbn (16 \u0111\u1ebfn 18 tu\u1ed5i) v\u00e0 c\u00e1c b\u1eadc ph\u1ee5 huynh.<\/p>\n\n[\/col]\n\n[\/row]\n\n<!-- \/wp:flatsome\/uxbuilder -->","post_title":"Kim \u0110\u1ed3ng","post_excerpt":"","post_status":"publish","comment_status":"closed","ping_status":"closed","post_password":"","post_name":"kim-dong","to_ping":"","pinged":"","post_modified":"2021-02-17 01:31:56","post_modified_gmt":"2021-02-16 23:31:56","post_content_filtered":"","post_parent":0,"guid":"https:\/\/sachviet.eu\/nha-phat-hanh\/kim-dong\/","menu_order":0,"post_type":"publisher","post_mime_type":"","comment_count":"0","filter":"raw"}},"_links":{"self":[{"href":"https:\/\/sachviet.eu\/en\/wp-json\/wp\/v2\/product\/10588","targetHints":{"allow":["GET"]}}],"collection":[{"href":"https:\/\/sachviet.eu\/en\/wp-json\/wp\/v2\/product"}],"about":[{"href":"https:\/\/sachviet.eu\/en\/wp-json\/wp\/v2\/types\/product"}],"wp:featuredmedia":[{"embeddable":true,"href":"https:\/\/sachviet.eu\/en\/wp-json\/wp\/v2\/media\/10587"}],"wp:attachment":[{"href":"https:\/\/sachviet.eu\/en\/wp-json\/wp\/v2\/media?parent=10588"}],"wp:term":[{"taxonomy":"product_brand","embeddable":true,"href":"https:\/\/sachviet.eu\/en\/wp-json\/wp\/v2\/product_brand?post=10588"},{"taxonomy":"product_cat","embeddable":true,"href":"https:\/\/sachviet.eu\/en\/wp-json\/wp\/v2\/product_cat?post=10588"},{"taxonomy":"product_tag","embeddable":true,"href":"https:\/\/sachviet.eu\/en\/wp-json\/wp\/v2\/product_tag?post=10588"}],"curies":[{"name":"wp","href":"https:\/\/api.w.org\/{rel}","templated":true}]}}