{"id":10569,"date":"2021-06-02T21:03:10","date_gmt":"2021-06-02T18:03:10","guid":{"rendered":"https:\/\/sachviet.eu\/shop\/an-mang-tiec-halloween-agatha-christie\/"},"modified":"2021-08-31T23:11:30","modified_gmt":"2021-08-31T20:11:30","slug":"an-mang-tiec-halloween-agatha-christie","status":"publish","type":"product","link":"https:\/\/sachviet.eu\/en\/shop\/an-mang-tiec-halloween-agatha-christie\/","title":{"rendered":"\u00c1n M\u1ea1ng Ti\u1ec7c Hallowe&#8217;en\u00a0(Agatha Christie)"},"content":{"rendered":"<p>Trong l\u00fac m\u1ecdi ng\u01b0\u1eddi chu\u1ea9n b\u1ecb bu\u1ed5i ti\u1ec7c Hallowe&#8217;en d\u00e0nh cho nh\u1eefng \u0111\u1ee9a tr\u1ebb t\u1eeb 11-17 tu\u1ed5i trong v\u00f9ng t\u1ea1i Bi\u1ec7t th\u1ef1 V\u01b0\u1eddn T\u00e1o c\u1ee7a b\u00e0 Rowena Drake &#8211; m\u1ed9t ph\u1ee5 n\u1eef v\u1eeba gi\u00e0u c\u00f3 v\u1eeba th\u00edch nh\u1eefng ho\u1ea1t \u0111\u1ed9ng c\u1ed9ng \u0111\u1ed3ng, c\u00f3 t\u00e0i t\u1ed5 ch\u1ee9c v\u00e0 th\u00edch ch\u1ec9 huy ng\u01b0\u1eddi kh\u00e1c &#8211; th\u00ec c\u00f4 b\u00e9 Joyce 13 tu\u1ed5i hu\u00eanh hoang r\u1eb1ng m\u00ecnh t\u1eebng ch\u1ee9ng ki\u1ebfn m\u1ed9t v\u1ee5 gi\u1ebft ng\u01b0\u1eddi. Ch\u1eb3ng ai tin v\u00ec c\u00f4 b\u00e9 Joyce n\u00e0y n\u1ed5i ti\u1ebfng &#8220;n\u1ed5&#8221; v\u00e0 d\u1ef1ng chuy\u1ec7n. Tuy nhi\u00ean, sau khi bu\u1ed5i ti\u1ec7c di\u1ec5n ra vui v\u1ebb v\u00e0 th\u00e0nh c\u00f4ng, ng\u01b0\u1eddi ta ph\u00e1t hi\u1ec7n Joyce ch\u1ebft d\u00ecm \u0111\u1ea7u v\u00e0o m\u1ed9t x\u00f4 n\u01b0\u1edbc. Hercule Poirot \u0111\u01b0\u1ee3c m\u1eddi t\u1edbi truy t\u00ecm hung th\u1ee7. V\u1edbi l\u1eadp lu\u1eadn ph\u00e1 \u00e1n: c\u00f3 ph\u1ea3i \u0111\u00fang v\u00ec Joyce t\u1eebng ch\u1ee9ng ki\u1ebfn v\u00e0 k\u1ebb gi\u1ebft ng\u01b0\u1eddi c\u00f3 m\u1eb7t trong s\u1ed1 kh\u00e1ch kh\u1ee9a nghe \u0111\u01b0\u1ee3c n\u00ean ra tay gi\u1ebft c\u00f4 b\u00e9 di\u1ec7t kh\u1ea9u kh\u00f4ng? Th\u1ebf th\u00ec ch\u1eafc ch\u1eafn tr\u01b0\u1edbc \u0111\u00f3 ph\u1ea3i c\u00f3 \u00e1n m\u1ea1ng t\u1eebng x\u1ea3y ra trong v\u00f9ng. Poirot l\u1ea7n l\u1ea1i qu\u00e1 kh\u1ee9, h\u00f3a ra m\u1ed9t c\u1ed9ng \u0111\u1ed3ng v\u00f9ng qu\u00ea nh\u1ecf nh\u1eefng t\u01b0\u1edfng l\u00e0 y\u00ean b\u00ecnh nh\u01b0 th\u1ebf l\u1ea1i t\u1eebng c\u00f3 r\u1ea5t nhi\u1ec1u v\u1ee5 gi\u1ebft ng\u01b0\u1eddi, m\u1ea5t t\u00edch, \u00e2m m\u01b0u chi\u1ebfm \u0111o\u1ea1t th\u1eeba k\u1ebf&#8230; \u0111\u1ec1u ch\u01b0a t\u00ecm ra th\u1ee7 ph\u1ea1m. <\/p>\n<p>Ngay khi v\u1ecb th\u00e1m t\u1eed t\u00e0i ba b\u1eaft \u0111\u1ea7u l\u00f3e ra tia s\u00e1ng \u0111\u1ea7u ti\u00ean v\u1ec1 [nh\u1eefng] k\u1ebb \u0111\u1ee9ng \u0111\u1eb1ng sau t\u1ea5t c\u1ea3 v\u1ee5 vi\u1ec7c th\u00ec c\u0169ng l\u00e0 l\u00fac n\u1ea1n nh\u00e2n m\u1ee5c ti\u00eau th\u1ef1c s\u1ef1 &#8211; m\u1ed9t \u0111\u1ee9a tr\u1ebb kh\u00e1c n\u1eefa &#8211; r\u01a1i v\u00e0o t\u1ea7m ng\u1eafm c\u1ee7a k\u1ebb gi\u1ebft ng\u01b0\u1eddi. Poirot c\u00f3 c\u1ee9u \u0111\u01b0\u1ee3c \u0111\u1ee9a tr\u1ebb n\u00e0y kh\u00f4ng, hay ph\u1ea3i m\u1ea5t th\u00eam m\u1ed9t m\u1ea1ng s\u1ed1ng n\u1eefa m\u1edbi \u0111\u01b0a \u0111\u01b0\u1ee3c th\u1ee7 ph\u1ea1m ra \u00e1nh s\u00e1ng?<\/p>\n<p>Trong m\u1ed9t c\u00e1i k\u1ebft th\u1ef1c s\u1ef1 h\u1ea5p d\u1eabn v\u00e0 b\u1ea5t ng\u1edd, kh\u00f4ng ch\u1ec9 s\u00e1t nh\u00e2n b\u1ecb l\u1eadt m\u1eb7t m\u00e0 nh\u1eefng t\u1ed9i \u00e1c t\u1eebng x\u1ea3y ra tr\u1edf n\u00ean li\u1ec1n l\u1ea1c do m\u1ed9t d\u00e3 t\u00e2m phi nh\u00e2n t\u00ednh.<\/p>\n","protected":false},"excerpt":{"rendered":"<p>Trong l\u00fac m\u1ecdi ng\u01b0\u1eddi chu\u1ea9n b\u1ecb bu\u1ed5i ti\u1ec7c Hallowe&#8217;en d\u00e0nh cho nh\u1eefng \u0111\u1ee9a tr\u1ebb t\u1eeb 11-17 tu\u1ed5i trong v\u00f9ng t\u1ea1i Bi\u1ec7t th\u1ef1 V\u01b0\u1eddn T\u00e1o c\u1ee7a b\u00e0 Rowena Drake &#8211; m\u1ed9t ph\u1ee5 n\u1eef v\u1eeba gi\u00e0u c\u00f3 v\u1eeba th\u00edch nh\u1eefng ho\u1ea1t \u0111\u1ed9ng c\u1ed9ng \u0111\u1ed3ng, c\u00f3 t\u00e0i t\u1ed5 ch\u1ee9c v\u00e0 th\u00edch ch\u1ec9 huy ng\u01b0\u1eddi kh\u00e1c &#8211; th\u00ec c\u00f4 b\u00e9 Joyce 13 tu\u1ed5i hu\u00eanh hoang r\u1eb1ng m\u00ecnh t\u1eebng ch\u1ee9ng ki\u1ebfn m\u1ed9t v\u1ee5 gi\u1ebft ng\u01b0\u1eddi. Ch\u1eb3ng ai tin v\u00ec c\u00f4 b\u00e9 Joyce n\u00e0y n\u1ed5i ti\u1ebfng &#8220;n\u1ed5&#8221; v\u00e0 d\u1ef1ng chuy\u1ec7n. Tuy nhi\u00ean, sau khi bu\u1ed5i ti\u1ec7c di\u1ec5n ra vui v\u1ebb v\u00e0 th\u00e0nh c\u00f4ng, ng\u01b0\u1eddi ta ph\u00e1t hi\u1ec7n Joyce ch\u1ebft d\u00ecm \u0111\u1ea7u v\u00e0o m\u1ed9t x\u00f4 n\u01b0\u1edbc. Hercule Poirot \u0111\u01b0\u1ee3c m\u1eddi t\u1edbi truy t\u00ecm hung th\u1ee7. V\u1edbi l\u1eadp lu\u1eadn ph\u00e1 \u00e1n: c\u00f3 ph\u1ea3i \u0111\u00fang v\u00ec Joyce t\u1eebng ch\u1ee9ng ki\u1ebfn v\u00e0 k\u1ebb gi\u1ebft ng\u01b0\u1eddi c\u00f3 m\u1eb7t trong s\u1ed1 kh\u00e1ch kh\u1ee9a nghe \u0111\u01b0\u1ee3c n\u00ean ra tay gi\u1ebft c\u00f4 b\u00e9 di\u1ec7t kh\u1ea9u kh\u00f4ng? Th\u1ebf th\u00ec ch\u1eafc ch\u1eafn tr\u01b0\u1edbc \u0111\u00f3 ph\u1ea3i c\u00f3 \u00e1n m\u1ea1ng t\u1eebng x\u1ea3y ra trong v\u00f9ng. Poirot l\u1ea7n l\u1ea1i qu\u00e1 kh\u1ee9, h\u00f3a ra m\u1ed9t c\u1ed9ng \u0111\u1ed3ng v\u00f9ng qu\u00ea nh\u1ecf nh\u1eefng t\u01b0\u1edfng l\u00e0 y\u00ean b\u00ecnh nh\u01b0 th\u1ebf l\u1ea1i t\u1eebng c\u00f3 r\u1ea5t nhi\u1ec1u v\u1ee5 gi\u1ebft ng\u01b0\u1eddi, m\u1ea5t t\u00edch, \u00e2m m\u01b0u chi\u1ebfm \u0111o\u1ea1t th\u1eeba k\u1ebf&#8230; \u0111\u1ec1u ch\u01b0a t\u00ecm ra th\u1ee7 ph\u1ea1m. <\/p>\n<p>Ngay khi v\u1ecb th\u00e1m t\u1eed t\u00e0i ba b\u1eaft \u0111\u1ea7u l\u00f3e ra tia s\u00e1ng \u0111\u1ea7u ti\u00ean v\u1ec1 [nh\u1eefng] k\u1ebb \u0111\u1ee9ng \u0111\u1eb1ng sau t\u1ea5t c\u1ea3 v\u1ee5 vi\u1ec7c th\u00ec c\u0169ng l\u00e0 l\u00fac n\u1ea1n nh\u00e2n m\u1ee5c ti\u00eau th\u1ef1c s\u1ef1 &#8211; m\u1ed9t \u0111\u1ee9a tr\u1ebb kh\u00e1c n\u1eefa &#8211; r\u01a1i v\u00e0o t\u1ea7m ng\u1eafm c\u1ee7a k\u1ebb gi\u1ebft ng\u01b0\u1eddi. Poirot c\u00f3 c\u1ee9u \u0111\u01b0\u1ee3c \u0111\u1ee9a tr\u1ebb n\u00e0y kh\u00f4ng, hay ph\u1ea3i m\u1ea5t th\u00eam m\u1ed9t m\u1ea1ng s\u1ed1ng n\u1eefa m\u1edbi \u0111\u01b0a \u0111\u01b0\u1ee3c th\u1ee7 ph\u1ea1m ra \u00e1nh s\u00e1ng?<\/p>\n<p>Trong m\u1ed9t c\u00e1i k\u1ebft th\u1ef1c s\u1ef1 h\u1ea5p d\u1eabn v\u00e0 b\u1ea5t ng\u1edd, kh\u00f4ng ch\u1ec9 s\u00e1t nh\u00e2n b\u1ecb l\u1eadt m\u1eb7t m\u00e0 nh\u1eefng t\u1ed9i \u00e1c t\u1eebng x\u1ea3y ra tr\u1edf n\u00ean li\u1ec1n l\u1ea1c do m\u1ed9t d\u00e3 t\u00e2m phi nh\u00e2n t\u00ednh.<\/p>\n","protected":false},"featured_media":10557,"template":"","meta":{"_acf_changed":false},"product_brand":[],"product_cat":[15,72],"product_tag":[],"class_list":{"0":"post-10569","1":"product","2":"type-product","3":"status-publish","4":"has-post-thumbnail","6":"product_cat-sach-danh-cho-nguoi-lon","7":"product_cat-trinh-tham-kinh-di","9":"first","10":"outofstock","11":"taxable","12":"shipping-taxable","13":"purchasable","14":"product-type-simple"},"supplier_id":null,"supplier_sku":"","barcode":null,"atum_controlled":true,"out_stock_date":"2021-08-31 20:11:30","out_stock_threshold":null,"inheritable":false,"inbound_stock":0,"stock_on_hold":0,"sold_today":0,"sales_last_days":0,"reserved_stock":0,"customer_returns":0,"warehouse_damage":0,"lost_in_post":0,"other_logs":0,"out_stock_days":1611,"lost_sales":0,"has_location":false,"update_date":"2026-01-28T23:10:47","atum_locations":[],"atum_stock_status":"outofstock","restock_status":false,"low_stock_amount":"","sales_update_date":"2026-01-28T23:10:47","calc_backorders":null,"acf":{"publisher":{"ID":1517,"post_author":"1","post_date":"2021-02-17 01:14:41","post_date_gmt":"2021-02-16 23:14:41","post_content":"","post_title":"NXB Tr\u1ebb","post_excerpt":"","post_status":"publish","comment_status":"closed","ping_status":"closed","post_password":"","post_name":"nxb-tre","to_ping":"","pinged":"","post_modified":"2021-02-17 01:14:41","post_modified_gmt":"2021-02-16 23:14:41","post_content_filtered":"","post_parent":0,"guid":"https:\/\/sachviet.eu\/nha-phat-hanh\/nxb-tre\/","menu_order":0,"post_type":"publisher","post_mime_type":"","comment_count":"0","filter":"raw"}},"_links":{"self":[{"href":"https:\/\/sachviet.eu\/en\/wp-json\/wp\/v2\/product\/10569","targetHints":{"allow":["GET"]}}],"collection":[{"href":"https:\/\/sachviet.eu\/en\/wp-json\/wp\/v2\/product"}],"about":[{"href":"https:\/\/sachviet.eu\/en\/wp-json\/wp\/v2\/types\/product"}],"wp:featuredmedia":[{"embeddable":true,"href":"https:\/\/sachviet.eu\/en\/wp-json\/wp\/v2\/media\/10557"}],"wp:attachment":[{"href":"https:\/\/sachviet.eu\/en\/wp-json\/wp\/v2\/media?parent=10569"}],"wp:term":[{"taxonomy":"product_brand","embeddable":true,"href":"https:\/\/sachviet.eu\/en\/wp-json\/wp\/v2\/product_brand?post=10569"},{"taxonomy":"product_cat","embeddable":true,"href":"https:\/\/sachviet.eu\/en\/wp-json\/wp\/v2\/product_cat?post=10569"},{"taxonomy":"product_tag","embeddable":true,"href":"https:\/\/sachviet.eu\/en\/wp-json\/wp\/v2\/product_tag?post=10569"}],"curies":[{"name":"wp","href":"https:\/\/api.w.org\/{rel}","templated":true}]}}