{"id":10556,"date":"2021-06-02T21:01:57","date_gmt":"2021-06-02T18:01:57","guid":{"rendered":"https:\/\/sachviet.eu\/shop\/ngoi-nha-quai-di-agatha-christie-tai-ban-2020\/"},"modified":"2024-04-18T14:29:39","modified_gmt":"2024-04-18T11:29:39","slug":"ngoi-nha-quai-di-agatha-christie-tai-ban-2020","status":"publish","type":"product","link":"https:\/\/sachviet.eu\/en\/shop\/ngoi-nha-quai-di-agatha-christie-tai-ban-2020\/","title":{"rendered":"Ng\u00f4i Nh\u00e0 Qu\u00e1i D\u1ecb (Agatha Christie) (T\u00e1i B\u1ea3n 2020)"},"content":{"rendered":"<p>Gia \u0111\u00ecnh ba th\u1ebf h\u1ec7 c\u1ee7a \u00f4ng gi\u00e0 Leonides c\u00f9ng s\u1ed1ng trong c\u0103n nh\u00e0 \u201cba \u0111\u1ea7u h\u1ed3i\u201d qu\u00e1i d\u1ecb do \u00f4ng t\u1ef1 thi\u1ebft k\u1ebf. Leonides l\u00e0 m\u1ed9t doanh nh\u00e2n th\u00e0nh \u0111\u1ea1t gi\u00e0u c\u00f3, b\u1ea3o b\u1ecdc cho gia \u0111\u00ecnh hai con trai Roger v\u00e0 Philip, ba \u0111\u1ee9a ch\u00e1u con c\u1ee7a Philip. \u00d4ng c\u00f3 hai \u0111\u1eddi v\u1ee3. V\u1ee3 tr\u01b0\u1edbc m\u1ea5t do b\u1ecb tr\u00fang bom th\u1eddi chi\u1ebfn tranh, c\u00f4 em g\u00e1i kh\u00f4ng l\u1ea5y ch\u1ed3ng c\u1ee7a b\u00e0 v\u1ee3 n\u00e0y \u0111\u1ebfn gi\u00fap anh r\u1ec3 ch\u0103m s\u00f3c c\u00e1c ch\u00e1u. Khi c\u00e1c ch\u00e1u \u0111\u00e3 l\u1edbn c\u1ea3, \u1edf tu\u1ed5i 80 \u00f4ng Leonides l\u1ea1i \u0111i b\u01b0\u1edbc n\u1eefa v\u1edbi m\u1ed9t ph\u1ee5 n\u1eef tr\u1ebb \u0111\u1eb9p. R\u1ed3i m\u1ed9t anh gia s\u01b0 tr\u1ea1c tu\u1ed5i b\u00e0 v\u1ee3 sau c\u1ee7a \u00f4ng xu\u1ea5t hi\u1ec7n trong gia \u0111\u00ecnh, nh\u1eefng gh\u00e9t b\u1ecf khinh khi l\u00e2u nay c\u1ee7a c\u00e1c con ch\u00e1u \u00f4ng Leonides b\u00f9ng l\u00ean v\u1edbi \u0111\u1ed3n \u0111o\u00e1n v\u1ec1 cu\u1ed9c t\u00ecnh v\u1ee5ng tr\u1ed9m gi\u1eefa b\u00e0 m\u1eb9 k\u1ebf tr\u1ebb \u0111\u1eb9p v\u00e0 anh gia s\u01b0. Gi\u1eefa l\u00fac \u0111\u00f3 \u00f4ng Leonides b\u1ecb ch\u1ebft do ti\u00eam nh\u1ea7m thu\u1ed1c! B\u00e1c s\u0129 t\u1eeb ch\u1ed1i ch\u1ee9ng t\u1eed v\u00ec d\u1ee9t kho\u00e1t nghi ng\u1edd \u0111\u00e2y l\u00e0 m\u1ed9t v\u1ee5 gi\u1ebft ng\u01b0\u1eddi. C\u1ea3nh s\u00e1t ti\u1ebfn h\u00e0nh \u0111i\u1ec1u tra v\u00e0 \u0111i\u00ean \u0111\u1ea7u v\u00ec b\u1ea5t c\u1ee9 ai trong gia \u0111\u00ecnh \u0111\u00f3 c\u0169ng c\u00f3 \u0111\u1ed9ng c\u01a1 gi\u1ebft \u00f4ng Leonides\u2026 Ngo\u00e0i ra, di ch\u00fac \u00f4ng \u0111\u00e3 \u0111\u1ecdc cho con ch\u00e1u nghe v\u00e0 \u0111\u00e3 k\u00fd t\u00ean bi\u1ebfn m\u1ea5t?<\/p>\n<p>M\u1ed9t trong s\u1ed1 \u00edt ti\u1ec3u thuy\u1ebft trinh th\u00e1m m\u00e0 Agatha Christie kh\u00f4ng x\u00e2y d\u1ef1ng quanh hai nh\u00e2n v\u1eadt l\u1eebng danh m\u00e0 b\u00e0 \u0111\u00e3 t\u1ea1o ra l\u00e0 Hercule Poirot ho\u1eb7c n\u1eef th\u00e1m t\u1eed Marple. C\u00e2u chuy\u1ec7n Ng\u00f4i nh\u00e0 Qu\u00e1i d\u1ecb \u0111\u01b0\u1ee3c k\u1ec3 t\u1eeb g\u00f3c nh\u00ecn c\u1ee7a ng\u01b0\u1eddi th\u1ee9 ba \u2013 ng\u01b0\u1eddi y\u00eau c\u1ee7a c\u00f4 ch\u00e1u g\u00e1i l\u1edbn nh\u1ea5t c\u1ee7a \u00f4ng Leonides \u2013 kh\u00f4ng l\u00e0 c\u1ea3nh s\u00e1t \u0111i\u1ec1u tra, c\u0169ng kh\u00f4ng l\u00e0 th\u00e1m t\u1eed \u0111\u1ed9c l\u1eadp, nh\u01b0ng bu\u1ed9c ph\u1ea3i gi\u00fap t\u00ecm ra ch\u00e2n t\u01b0\u1edbng k\u1ebb gi\u1ebft ng\u01b0\u1eddi th\u00ec m\u1edbi c\u00f3 th\u1ec3 c\u00f9ng ng\u01b0\u1eddi m\u00ecnh y\u00eau k\u1ebft h\u00f4n. Agatha Christie t\u1ef1 vi\u1ebft l\u1eddi t\u1ef1a \u0111\u00e1nh gi\u00e1 \u0111\u00e2y l\u00e0 cu\u1ed1n ti\u1ec3u thuy\u1ebft t\u00e2m \u0111\u1eafc nh\u1ea5t c\u1ee7a b\u00e0.<\/p>\n","protected":false},"excerpt":{"rendered":"<p>Gia \u0111\u00ecnh ba th\u1ebf h\u1ec7 c\u1ee7a \u00f4ng gi\u00e0 Leonides c\u00f9ng s\u1ed1ng trong c\u0103n nh\u00e0 \u201cba \u0111\u1ea7u h\u1ed3i\u201d qu\u00e1i d\u1ecb do \u00f4ng t\u1ef1 thi\u1ebft k\u1ebf. Leonides l\u00e0 m\u1ed9t doanh nh\u00e2n th\u00e0nh \u0111\u1ea1t gi\u00e0u c\u00f3, b\u1ea3o b\u1ecdc cho gia \u0111\u00ecnh hai con trai Roger v\u00e0 Philip, ba \u0111\u1ee9a ch\u00e1u con c\u1ee7a Philip. \u00d4ng c\u00f3 hai \u0111\u1eddi v\u1ee3. V\u1ee3 tr\u01b0\u1edbc m\u1ea5t do b\u1ecb tr\u00fang bom th\u1eddi chi\u1ebfn tranh, c\u00f4 em g\u00e1i kh\u00f4ng l\u1ea5y ch\u1ed3ng c\u1ee7a b\u00e0 v\u1ee3 n\u00e0y \u0111\u1ebfn gi\u00fap anh r\u1ec3 ch\u0103m s\u00f3c c\u00e1c ch\u00e1u. Khi c\u00e1c ch\u00e1u \u0111\u00e3 l\u1edbn c\u1ea3, \u1edf tu\u1ed5i 80 \u00f4ng Leonides l\u1ea1i \u0111i b\u01b0\u1edbc n\u1eefa v\u1edbi m\u1ed9t ph\u1ee5 n\u1eef tr\u1ebb \u0111\u1eb9p. R\u1ed3i m\u1ed9t anh gia s\u01b0 tr\u1ea1c tu\u1ed5i b\u00e0 v\u1ee3 sau c\u1ee7a \u00f4ng xu\u1ea5t hi\u1ec7n trong gia \u0111\u00ecnh, nh\u1eefng gh\u00e9t b\u1ecf khinh khi l\u00e2u nay c\u1ee7a c\u00e1c con ch\u00e1u \u00f4ng Leonides b\u00f9ng l\u00ean v\u1edbi \u0111\u1ed3n \u0111o\u00e1n v\u1ec1 cu\u1ed9c t\u00ecnh v\u1ee5ng tr\u1ed9m gi\u1eefa b\u00e0 m\u1eb9 k\u1ebf tr\u1ebb \u0111\u1eb9p v\u00e0 anh gia s\u01b0. Gi\u1eefa l\u00fac \u0111\u00f3 \u00f4ng Leonides b\u1ecb ch\u1ebft do ti\u00eam nh\u1ea7m thu\u1ed1c! B\u00e1c s\u0129 t\u1eeb ch\u1ed1i ch\u1ee9ng t\u1eed v\u00ec d\u1ee9t kho\u00e1t nghi ng\u1edd \u0111\u00e2y l\u00e0 m\u1ed9t v\u1ee5 gi\u1ebft ng\u01b0\u1eddi. C\u1ea3nh s\u00e1t ti\u1ebfn h\u00e0nh \u0111i\u1ec1u tra v\u00e0 \u0111i\u00ean \u0111\u1ea7u v\u00ec b\u1ea5t c\u1ee9 ai trong gia \u0111\u00ecnh \u0111\u00f3 c\u0169ng c\u00f3 \u0111\u1ed9ng c\u01a1 gi\u1ebft \u00f4ng Leonides\u2026 Ngo\u00e0i ra, di ch\u00fac \u00f4ng \u0111\u00e3 \u0111\u1ecdc cho con ch\u00e1u nghe v\u00e0 \u0111\u00e3 k\u00fd t\u00ean bi\u1ebfn m\u1ea5t?<\/p>\n<p>M\u1ed9t trong s\u1ed1 \u00edt ti\u1ec3u thuy\u1ebft trinh th\u00e1m m\u00e0 Agatha Christie kh\u00f4ng x\u00e2y d\u1ef1ng quanh hai nh\u00e2n v\u1eadt l\u1eebng danh m\u00e0 b\u00e0 \u0111\u00e3 t\u1ea1o ra l\u00e0 Hercule Poirot ho\u1eb7c n\u1eef th\u00e1m t\u1eed Marple. C\u00e2u chuy\u1ec7n Ng\u00f4i nh\u00e0 Qu\u00e1i d\u1ecb \u0111\u01b0\u1ee3c k\u1ec3 t\u1eeb g\u00f3c nh\u00ecn c\u1ee7a ng\u01b0\u1eddi th\u1ee9 ba \u2013 ng\u01b0\u1eddi y\u00eau c\u1ee7a c\u00f4 ch\u00e1u g\u00e1i l\u1edbn nh\u1ea5t c\u1ee7a \u00f4ng Leonides \u2013 kh\u00f4ng l\u00e0 c\u1ea3nh s\u00e1t \u0111i\u1ec1u tra, c\u0169ng kh\u00f4ng l\u00e0 th\u00e1m t\u1eed \u0111\u1ed9c l\u1eadp, nh\u01b0ng bu\u1ed9c ph\u1ea3i gi\u00fap t\u00ecm ra ch\u00e2n t\u01b0\u1edbng k\u1ebb gi\u1ebft ng\u01b0\u1eddi th\u00ec m\u1edbi c\u00f3 th\u1ec3 c\u00f9ng ng\u01b0\u1eddi m\u00ecnh y\u00eau k\u1ebft h\u00f4n. Agatha Christie t\u1ef1 vi\u1ebft l\u1eddi t\u1ef1a \u0111\u00e1nh gi\u00e1 \u0111\u00e2y l\u00e0 cu\u1ed1n ti\u1ec3u thuy\u1ebft t\u00e2m \u0111\u1eafc nh\u1ea5t c\u1ee7a b\u00e0.<\/p>\n","protected":false},"featured_media":10555,"template":"","meta":{"_acf_changed":false},"product_brand":[],"product_cat":[15,72],"product_tag":[],"class_list":{"0":"post-10556","1":"product","2":"type-product","3":"status-publish","4":"has-post-thumbnail","6":"product_cat-sach-danh-cho-nguoi-lon","7":"product_cat-trinh-tham-kinh-di","9":"first","10":"outofstock","11":"taxable","12":"shipping-taxable","13":"purchasable","14":"product-type-simple"},"supplier_id":null,"supplier_sku":"","barcode":null,"atum_controlled":true,"out_stock_date":"2024-04-18 11:29:39","out_stock_threshold":null,"inheritable":false,"inbound_stock":0,"stock_on_hold":0,"sold_today":0,"sales_last_days":0,"reserved_stock":0,"customer_returns":0,"warehouse_damage":0,"lost_in_post":0,"other_logs":0,"out_stock_days":650,"lost_sales":0,"has_location":false,"update_date":"2026-01-28T23:10:47","atum_locations":[],"atum_stock_status":"outofstock","restock_status":false,"low_stock_amount":"","sales_update_date":"2026-01-28T23:10:47","calc_backorders":null,"acf":{"publisher":{"ID":1517,"post_author":"1","post_date":"2021-02-17 01:14:41","post_date_gmt":"2021-02-16 23:14:41","post_content":"","post_title":"NXB Tr\u1ebb","post_excerpt":"","post_status":"publish","comment_status":"closed","ping_status":"closed","post_password":"","post_name":"nxb-tre","to_ping":"","pinged":"","post_modified":"2021-02-17 01:14:41","post_modified_gmt":"2021-02-16 23:14:41","post_content_filtered":"","post_parent":0,"guid":"https:\/\/sachviet.eu\/nha-phat-hanh\/nxb-tre\/","menu_order":0,"post_type":"publisher","post_mime_type":"","comment_count":"0","filter":"raw"}},"_links":{"self":[{"href":"https:\/\/sachviet.eu\/en\/wp-json\/wp\/v2\/product\/10556","targetHints":{"allow":["GET"]}}],"collection":[{"href":"https:\/\/sachviet.eu\/en\/wp-json\/wp\/v2\/product"}],"about":[{"href":"https:\/\/sachviet.eu\/en\/wp-json\/wp\/v2\/types\/product"}],"wp:featuredmedia":[{"embeddable":true,"href":"https:\/\/sachviet.eu\/en\/wp-json\/wp\/v2\/media\/10555"}],"wp:attachment":[{"href":"https:\/\/sachviet.eu\/en\/wp-json\/wp\/v2\/media?parent=10556"}],"wp:term":[{"taxonomy":"product_brand","embeddable":true,"href":"https:\/\/sachviet.eu\/en\/wp-json\/wp\/v2\/product_brand?post=10556"},{"taxonomy":"product_cat","embeddable":true,"href":"https:\/\/sachviet.eu\/en\/wp-json\/wp\/v2\/product_cat?post=10556"},{"taxonomy":"product_tag","embeddable":true,"href":"https:\/\/sachviet.eu\/en\/wp-json\/wp\/v2\/product_tag?post=10556"}],"curies":[{"name":"wp","href":"https:\/\/api.w.org\/{rel}","templated":true}]}}