{"id":10554,"date":"2021-06-02T21:01:51","date_gmt":"2021-06-02T18:01:51","guid":{"rendered":"https:\/\/sachviet.eu\/shop\/con-meo-giua-dam-bo-cau-agatha-christie\/"},"modified":"2024-04-18T14:29:39","modified_gmt":"2024-04-18T11:29:39","slug":"con-meo-giua-dam-bo-cau-agatha-christie","status":"publish","type":"product","link":"https:\/\/sachviet.eu\/en\/shop\/con-meo-giua-dam-bo-cau-agatha-christie\/","title":{"rendered":"Con M\u00e8o Gi\u1eefa \u0110\u00e1m B\u1ed3 C\u00e2u\u00a0(Agatha Christie)"},"content":{"rendered":"<p>Con M\u00e8o Gi\u1eefa \u0110\u00e1m B\u1ed3 C\u00e2u<\/p>\n<p>Ng\u00f4i tr\u01b0\u1eddng n\u1eef h\u1ecdc danh gi\u00e1 nh\u1ea5t n\u01b0\u1edbc Anh x\u1ea3y ra li\u00ean ti\u1ebfp nhi\u1ec1u v\u1ee5 \u00e1n m\u1ea1ng. V\u1edbi nhi\u1ec1u h\u1ecdc sinh xu\u1ea5t th\u00e2n t\u1eeb ho\u00e0ng t\u1ed9c v\u00e0 gia \u0111\u00ecnh gi\u00e0u c\u00f3, li\u1ec7u nh\u00e0 tr\u01b0\u1eddng c\u00f3 li\u00ean quan \u0111\u1ebfm \u00e2m m\u01b0u n\u00e0o l\u1edbn h\u01a1n? Gi\u1eefa nh\u1eefng n\u1eef sinh v\u00e0 gi\u00e1o vi\u00ean n\u1eef hi\u1ec1n l\u00e0nh, k\u1ebb s\u00e1t th\u1ee7 gi\u1ea5u m\u1eb7t nh\u01b0 con m\u00e8o r\u01a1i v\u00e0o gi\u1eefa \u0111\u00e0n b\u1ed3 c\u00e2u.<\/p>\n","protected":false},"excerpt":{"rendered":"<p>Con M\u00e8o Gi\u1eefa \u0110\u00e1m B\u1ed3 C\u00e2u<\/p>\n<p>Ng\u00f4i tr\u01b0\u1eddng n\u1eef h\u1ecdc danh gi\u00e1 nh\u1ea5t n\u01b0\u1edbc Anh x\u1ea3y ra li\u00ean ti\u1ebfp nhi\u1ec1u v\u1ee5 \u00e1n m\u1ea1ng. V\u1edbi nhi\u1ec1u h\u1ecdc sinh xu\u1ea5t th\u00e2n t\u1eeb ho\u00e0ng t\u1ed9c v\u00e0 gia \u0111\u00ecnh gi\u00e0u c\u00f3, li\u1ec7u nh\u00e0 tr\u01b0\u1eddng c\u00f3 li\u00ean quan \u0111\u1ebfm \u00e2m m\u01b0u n\u00e0o l\u1edbn h\u01a1n? Gi\u1eefa nh\u1eefng n\u1eef sinh v\u00e0 gi\u00e1o vi\u00ean n\u1eef hi\u1ec1n l\u00e0nh, k\u1ebb s\u00e1t th\u1ee7 gi\u1ea5u m\u1eb7t nh\u01b0 con m\u00e8o r\u01a1i v\u00e0o gi\u1eefa \u0111\u00e0n b\u1ed3 c\u00e2u.<\/p>\n","protected":false},"featured_media":10535,"template":"","meta":{"_acf_changed":false},"product_brand":[],"product_cat":[15,72],"product_tag":[],"class_list":{"0":"post-10554","1":"product","2":"type-product","3":"status-publish","4":"has-post-thumbnail","6":"product_cat-sach-danh-cho-nguoi-lon","7":"product_cat-trinh-tham-kinh-di","9":"first","10":"outofstock","11":"taxable","12":"shipping-taxable","13":"purchasable","14":"product-type-simple"},"supplier_id":null,"supplier_sku":"","barcode":null,"atum_controlled":true,"out_stock_date":"2024-04-18 11:29:39","out_stock_threshold":null,"inheritable":false,"inbound_stock":0,"stock_on_hold":0,"sold_today":0,"sales_last_days":0,"reserved_stock":0,"customer_returns":0,"warehouse_damage":0,"lost_in_post":0,"other_logs":0,"out_stock_days":650,"lost_sales":0,"has_location":false,"update_date":"2026-01-28T23:10:47","atum_locations":[],"atum_stock_status":"outofstock","restock_status":false,"low_stock_amount":"","sales_update_date":"2026-01-28T23:10:47","calc_backorders":null,"acf":{"publisher":{"ID":1517,"post_author":"1","post_date":"2021-02-17 01:14:41","post_date_gmt":"2021-02-16 23:14:41","post_content":"","post_title":"NXB Tr\u1ebb","post_excerpt":"","post_status":"publish","comment_status":"closed","ping_status":"closed","post_password":"","post_name":"nxb-tre","to_ping":"","pinged":"","post_modified":"2021-02-17 01:14:41","post_modified_gmt":"2021-02-16 23:14:41","post_content_filtered":"","post_parent":0,"guid":"https:\/\/sachviet.eu\/nha-phat-hanh\/nxb-tre\/","menu_order":0,"post_type":"publisher","post_mime_type":"","comment_count":"0","filter":"raw"}},"_links":{"self":[{"href":"https:\/\/sachviet.eu\/en\/wp-json\/wp\/v2\/product\/10554","targetHints":{"allow":["GET"]}}],"collection":[{"href":"https:\/\/sachviet.eu\/en\/wp-json\/wp\/v2\/product"}],"about":[{"href":"https:\/\/sachviet.eu\/en\/wp-json\/wp\/v2\/types\/product"}],"wp:featuredmedia":[{"embeddable":true,"href":"https:\/\/sachviet.eu\/en\/wp-json\/wp\/v2\/media\/10535"}],"wp:attachment":[{"href":"https:\/\/sachviet.eu\/en\/wp-json\/wp\/v2\/media?parent=10554"}],"wp:term":[{"taxonomy":"product_brand","embeddable":true,"href":"https:\/\/sachviet.eu\/en\/wp-json\/wp\/v2\/product_brand?post=10554"},{"taxonomy":"product_cat","embeddable":true,"href":"https:\/\/sachviet.eu\/en\/wp-json\/wp\/v2\/product_cat?post=10554"},{"taxonomy":"product_tag","embeddable":true,"href":"https:\/\/sachviet.eu\/en\/wp-json\/wp\/v2\/product_tag?post=10554"}],"curies":[{"name":"wp","href":"https:\/\/api.w.org\/{rel}","templated":true}]}}