{"id":10534,"date":"2021-06-02T21:00:18","date_gmt":"2021-06-02T18:00:18","guid":{"rendered":"https:\/\/sachviet.eu\/shop\/tro-ve-tu-xu-tuyet-tai-ban-2019\/"},"modified":"2021-11-02T18:55:29","modified_gmt":"2021-11-02T16:55:29","slug":"tro-ve-tu-xu-tuyet-tai-ban-2019","status":"publish","type":"product","link":"https:\/\/sachviet.eu\/en\/shop\/tro-ve-tu-xu-tuyet-tai-ban-2019\/","title":{"rendered":"Tr\u1edf V\u1ec1 T\u1eeb X\u1ee9 Tuy\u1ebft (T\u00e1i B\u1ea3n 2019)"},"content":{"rendered":"<p>Tr\u1edf v\u1ec1 t\u1eeb x\u1ee9 tuy\u1ebft l\u00e0 cu\u1ed1n s\u00e1ch ti\u1ebfp theo trong b\u1ed9 s\u00e1ch v\u1ec1 v\u0103n h\u00f3a, t\u00e2m linh c\u1ee7a d\u1ecbch gi\u1ea3 Nguy\u00ean Phong \u0111\u01b0\u1ee3c First News xu\u1ea5t b\u1ea3n. Sau cu\u1ed1n s\u00e1ch v\u1ec1 cu\u1ed9c h\u00e0nh tr\u00ecnh \u201c\u0110\u01b0\u1eddng m\u00e2y qua x\u1ee9 tuy\u1ebft\u201d c\u00e1c ng\u00e0i \u0111\u00e3 \u0111\u01b0\u1ee3c bi\u1ebft T\u00e2y T\u1ea1ng l\u00e0 m\u1ed9t x\u1ee9 n\u1eb1m \u1edf v\u1ecb tr\u00ed hi\u1ec3m tr\u1edf, bi\u1ec7t l\u1eadp v\u1edbi th\u1ebf gi\u1edbi b\u00ean ngo\u00e0i, nh\u1edd th\u1ebf n\u00f3 duy tr\u00ec \u0111\u01b0\u1ee3c m\u1ed9t n\u1ec1n v\u0103n minh c\u1ed5 kh\u00e1c v\u1edbi nh\u1eefng n\u1ec1n v\u0103n minh m\u00e0 ch\u00fang ta \u0111\u01b0\u1ee3c bi\u1ebft \u0111\u1ebfn.<\/p>\n<p>Kh\u00f4ng m\u1ed9t ai \u0111\u1eb7t ch\u00e2n v\u00e0o T\u00e2y T\u1ea1ng m\u00e0 kh\u00f4ng ch\u1ecbu \u1ea3nh h\u01b0\u1edfng c\u1ee7a n\u00f3, v\u00e0 kh\u00f4ng ai c\u00f3 th\u1ec3 chui r\u00fac v\u00e0o \u0111\u1eddi s\u1ed1ng ch\u1eadt h\u1eb9p khi \u0111\u00e3 nh\u00ecn th\u1ea5y s\u1ef1 bao la h\u00f9ng v\u0129 c\u1ee7a r\u1eb7ng Tuy\u1ebft S\u01a1n. Tr\u1edf v\u1ec1 t\u1eeb x\u1ee9 tuy\u1ebft s\u1ebd ti\u1ebfp n\u1ed1i cho cu\u1ed9c h\u00e0nh tr\u00ecnh \u0111i \u0111\u1ebfn Tuy\u1ebft S\u01a1n v\u00e0 t\u1eeb Tuy\u1ebft S\u01a1n tr\u1edf v\u1ec1. \u0110\u1ed1i v\u1edbi n\u01a1i \u0111\u00e2y, nhi\u1ec1u ng\u01b0\u1eddi cho r\u1eb1ng \u0111\u00f3 l\u00e0 n\u01a1i linh thi\u00eang nh\u01b0ng m\u1ed9t s\u1ed1 ngu\u1eddi l\u1ea1i cho r\u1eb1ng n\u01a1i \u0111\u00e2y l\u1ea1i l\u00e0 n\u01a1i hoang \u0111\u01b0\u1eddng v\u00e0 kh\u00f4ng c\u00f3 th\u1eadt. Nh\u01b0ng cho d\u00f9 th\u1ebf n\u00e0o \u0111i n\u1eefa, th\u00ec c\u00e1c b\u1eadc hi\u1ec1n tri\u1ebft tr\u00ean Tuy\u1ebft S\u01a1n \u0111\u00e3 minh ch\u1ee9ng \u0111\u01b0\u1ee3c \u0111i\u1ec1u \u0111\u00f3 v\u00e0 \u0111\u00e3 c\u1ee7ng c\u1ed1 ni\u1ec1m tin t\u00f4n gi\u00e1o m\u1ed9t c\u00e1ch v\u1eefng ch\u1eafc h\u01a1n v\u1ec1 nh\u1eefng \u0111i\u1ec1u m\u00e0 tr\u01b0\u1edbc \u0111\u00f3, tuy \u0111\u01b0\u1ee3c h\u1ecdc h\u1ecfi qua truy\u1ec1n th\u1ed1ng ph\u01b0\u01a1ng T\u00e2y, nh\u01b0ng kh\u00f4ng th\u1ef1c s\u1ef1 ch\u1ee9ng nghi\u1ec7m \u0111\u01b0\u1ee3c.<\/p>\n<p>\u0110\u00e3 \u0111\u1ebfn l\u00fac ch\u00fang ta ph\u1ea3i kh\u00f4i ph\u1ee5c l\u1ea1i n\u1ec1n t\u1ea3ng gi\u00e1 tr\u1ecb t\u00e2m linh b\u1eb1ng c\u00e1ch nghi\u00ean c\u1ee9u c\u00e1c ch\u00e2n l\u00fd h\u1eb1ng c\u00f3 trong v\u0169 tr\u1ee5, ph\u00e1 v\u1ee1 c\u00e1c gi\u00e1o \u0111i\u1ec1u thi\u1ec3n c\u1eadn \u0111ang chia r\u1ebd con ng\u01b0\u1eddi, v\u00e0 b\u1ed5 t\u00fac cho s\u1ef1 b\u1ea5t to\u00e0n c\u1ee7a khoa h\u1ecdc \u0111\u1ec3 tr\u00e1nh cho nh\u00e2n lo\u1ea1i kh\u1ecfi b\u01b0\u1edbc v\u00e0o th\u1ea3m tr\u1ea1ng di\u1ec7t vong c\u1ee7a nh\u1eefng tr\u1eadn chi\u1ebfn tranh, b\u1ea1o \u0111\u1ed9ng, th\u00f9 h\u1eadn \u0111ang b\u00f9ng n\u1ed5 kh\u1eafp n\u01a1i trong th\u1eddi bu\u1ed5i hi\u1ec7n nay. Kh\u00e9p l\u1ea1i cu\u1ed1n s\u00e1ch th\u1eadt nh\u1eb9 nh\u00e0ng v\u00e0 cho b\u1ea1n \u0111\u1ecdc th\u1ea5y \u0111\u01b0\u1ee3c m\u1ed9t \u0111i\u1ec1u r\u1eb1ng \u0111\u1ec3 \u0111\u01b0\u1ee3c s\u1ed1ng trong m\u1ed9t th\u1ebf gi\u1edbi t\u1ed1t \u0111\u1eb9p v\u1edbi m\u1ed9t x\u00e3 h\u1ed9i \u0111\u1ea7y bi\u1ebfn \u0111\u1ed9ng trong t\u01b0\u01a1ng lai s\u1eafp \u0111\u1ebfn, ch\u00fang ta c\u1ea7n tu s\u1eeda th\u00e2n t\u00e2m ngay trong l\u00fac n\u00e0y. N\u1ebfu t\u1ea5t c\u1ea3 m\u1ecdi ng\u01b0\u1eddi c\u00f9ng tu s\u1eeda v\u00e0 gi\u00fap \u0111\u1ee1 nhau ti\u1ebfn b\u01b0\u1edbc th\u00ec \u0111\u01b0\u1eddng \u0111i \u0111\u1ebfn th\u1ebf gi\u1edbi t\u01b0\u01a1ng lai \u0111\u00f3 s\u1ebd l\u00e0 m\u1ed9t l\u1ed9 tr\u00ecnh kh\u00f4ng xa.<\/p>\n","protected":false},"excerpt":{"rendered":"<p>Tr\u1edf v\u1ec1 t\u1eeb x\u1ee9 tuy\u1ebft l\u00e0 cu\u1ed1n s\u00e1ch ti\u1ebfp theo trong b\u1ed9 s\u00e1ch v\u1ec1 v\u0103n h\u00f3a, t\u00e2m linh c\u1ee7a d\u1ecbch gi\u1ea3 Nguy\u00ean Phong \u0111\u01b0\u1ee3c First News xu\u1ea5t b\u1ea3n. Sau cu\u1ed1n s\u00e1ch v\u1ec1 cu\u1ed9c h\u00e0nh tr\u00ecnh \u201c\u0110\u01b0\u1eddng m\u00e2y qua x\u1ee9 tuy\u1ebft\u201d c\u00e1c ng\u00e0i \u0111\u00e3 \u0111\u01b0\u1ee3c bi\u1ebft T\u00e2y T\u1ea1ng l\u00e0 m\u1ed9t x\u1ee9 n\u1eb1m \u1edf v\u1ecb tr\u00ed hi\u1ec3m tr\u1edf, bi\u1ec7t l\u1eadp v\u1edbi th\u1ebf gi\u1edbi b\u00ean ngo\u00e0i, nh\u1edd th\u1ebf n\u00f3 duy tr\u00ec \u0111\u01b0\u1ee3c m\u1ed9t n\u1ec1n v\u0103n minh c\u1ed5 kh\u00e1c v\u1edbi nh\u1eefng n\u1ec1n v\u0103n minh m\u00e0 ch\u00fang ta \u0111\u01b0\u1ee3c bi\u1ebft \u0111\u1ebfn.<\/p>\n<p>Kh\u00f4ng m\u1ed9t ai \u0111\u1eb7t ch\u00e2n v\u00e0o T\u00e2y T\u1ea1ng m\u00e0 kh\u00f4ng ch\u1ecbu \u1ea3nh h\u01b0\u1edfng c\u1ee7a n\u00f3, v\u00e0 kh\u00f4ng ai c\u00f3 th\u1ec3 chui r\u00fac v\u00e0o \u0111\u1eddi s\u1ed1ng ch\u1eadt h\u1eb9p khi \u0111\u00e3 nh\u00ecn th\u1ea5y s\u1ef1 bao la h\u00f9ng v\u0129 c\u1ee7a r\u1eb7ng Tuy\u1ebft S\u01a1n. Tr\u1edf v\u1ec1 t\u1eeb x\u1ee9 tuy\u1ebft s\u1ebd ti\u1ebfp n\u1ed1i cho cu\u1ed9c h\u00e0nh tr\u00ecnh \u0111i \u0111\u1ebfn Tuy\u1ebft S\u01a1n v\u00e0 t\u1eeb Tuy\u1ebft S\u01a1n tr\u1edf v\u1ec1. \u0110\u1ed1i v\u1edbi n\u01a1i \u0111\u00e2y, nhi\u1ec1u ng\u01b0\u1eddi cho r\u1eb1ng \u0111\u00f3 l\u00e0 n\u01a1i linh thi\u00eang nh\u01b0ng m\u1ed9t s\u1ed1 ngu\u1eddi l\u1ea1i cho r\u1eb1ng n\u01a1i \u0111\u00e2y l\u1ea1i l\u00e0 n\u01a1i hoang \u0111\u01b0\u1eddng v\u00e0 kh\u00f4ng c\u00f3 th\u1eadt. Nh\u01b0ng cho d\u00f9 th\u1ebf n\u00e0o \u0111i n\u1eefa, th\u00ec c\u00e1c b\u1eadc hi\u1ec1n tri\u1ebft tr\u00ean Tuy\u1ebft S\u01a1n \u0111\u00e3 minh ch\u1ee9ng \u0111\u01b0\u1ee3c \u0111i\u1ec1u \u0111\u00f3 v\u00e0 \u0111\u00e3 c\u1ee7ng c\u1ed1 ni\u1ec1m tin t\u00f4n gi\u00e1o m\u1ed9t c\u00e1ch v\u1eefng ch\u1eafc h\u01a1n v\u1ec1 nh\u1eefng \u0111i\u1ec1u m\u00e0 tr\u01b0\u1edbc \u0111\u00f3, tuy \u0111\u01b0\u1ee3c h\u1ecdc h\u1ecfi qua truy\u1ec1n th\u1ed1ng ph\u01b0\u01a1ng T\u00e2y, nh\u01b0ng kh\u00f4ng th\u1ef1c s\u1ef1 ch\u1ee9ng nghi\u1ec7m \u0111\u01b0\u1ee3c.<\/p>\n<p>\u0110\u00e3 \u0111\u1ebfn l\u00fac ch\u00fang ta ph\u1ea3i kh\u00f4i ph\u1ee5c l\u1ea1i n\u1ec1n t\u1ea3ng gi\u00e1 tr\u1ecb t\u00e2m linh b\u1eb1ng c\u00e1ch nghi\u00ean c\u1ee9u c\u00e1c ch\u00e2n l\u00fd h\u1eb1ng c\u00f3 trong v\u0169 tr\u1ee5, ph\u00e1 v\u1ee1 c\u00e1c gi\u00e1o \u0111i\u1ec1u thi\u1ec3n c\u1eadn \u0111ang chia r\u1ebd con ng\u01b0\u1eddi, v\u00e0 b\u1ed5 t\u00fac cho s\u1ef1 b\u1ea5t to\u00e0n c\u1ee7a khoa h\u1ecdc \u0111\u1ec3 tr\u00e1nh cho nh\u00e2n lo\u1ea1i kh\u1ecfi b\u01b0\u1edbc v\u00e0o th\u1ea3m tr\u1ea1ng di\u1ec7t vong c\u1ee7a nh\u1eefng tr\u1eadn chi\u1ebfn tranh, b\u1ea1o \u0111\u1ed9ng, th\u00f9 h\u1eadn \u0111ang b\u00f9ng n\u1ed5 kh\u1eafp n\u01a1i trong th\u1eddi bu\u1ed5i hi\u1ec7n nay. Kh\u00e9p l\u1ea1i cu\u1ed1n s\u00e1ch th\u1eadt nh\u1eb9 nh\u00e0ng v\u00e0 cho b\u1ea1n \u0111\u1ecdc th\u1ea5y \u0111\u01b0\u1ee3c m\u1ed9t \u0111i\u1ec1u r\u1eb1ng \u0111\u1ec3 \u0111\u01b0\u1ee3c s\u1ed1ng trong m\u1ed9t th\u1ebf gi\u1edbi t\u1ed1t \u0111\u1eb9p v\u1edbi m\u1ed9t x\u00e3 h\u1ed9i \u0111\u1ea7y bi\u1ebfn \u0111\u1ed9ng trong t\u01b0\u01a1ng lai s\u1eafp \u0111\u1ebfn, ch\u00fang ta c\u1ea7n tu s\u1eeda th\u00e2n t\u00e2m ngay trong l\u00fac n\u00e0y. N\u1ebfu t\u1ea5t c\u1ea3 m\u1ecdi ng\u01b0\u1eddi c\u00f9ng tu s\u1eeda v\u00e0 gi\u00fap \u0111\u1ee1 nhau ti\u1ebfn b\u01b0\u1edbc th\u00ec \u0111\u01b0\u1eddng \u0111i \u0111\u1ebfn th\u1ebf gi\u1edbi t\u01b0\u01a1ng lai \u0111\u00f3 s\u1ebd l\u00e0 m\u1ed9t l\u1ed9 tr\u00ecnh kh\u00f4ng xa.<\/p>\n","protected":false},"featured_media":10532,"template":"","meta":{"_acf_changed":false},"product_brand":[],"product_cat":[15,76],"product_tag":[],"class_list":{"0":"post-10534","1":"product","2":"type-product","3":"status-publish","4":"has-post-thumbnail","6":"product_cat-sach-danh-cho-nguoi-lon","7":"product_cat-ton-giao-tam-linh","9":"first","10":"outofstock","11":"taxable","12":"shipping-taxable","13":"purchasable","14":"product-type-simple"},"supplier_id":null,"supplier_sku":"","barcode":null,"atum_controlled":true,"out_stock_date":"2021-11-02 16:55:29","out_stock_threshold":null,"inheritable":false,"inbound_stock":0,"stock_on_hold":0,"sold_today":0,"sales_last_days":0,"reserved_stock":1,"customer_returns":0,"warehouse_damage":0,"lost_in_post":0,"other_logs":0,"out_stock_days":1548,"lost_sales":0,"has_location":false,"update_date":"2026-01-28T23:10:47","atum_locations":[],"atum_stock_status":"outofstock","restock_status":false,"low_stock_amount":"","sales_update_date":"2026-01-28T23:10:47","calc_backorders":null,"acf":{"publisher":{"ID":6196,"post_author":"1","post_date":"2021-03-15 01:26:01","post_date_gmt":"2021-03-14 23:26:01","post_content":"","post_title":"FIRST NEWS","post_excerpt":"","post_status":"publish","comment_status":"closed","ping_status":"closed","post_password":"","post_name":"first-news","to_ping":"","pinged":"","post_modified":"2021-03-15 01:26:01","post_modified_gmt":"2021-03-14 23:26:01","post_content_filtered":"","post_parent":0,"guid":"https:\/\/sachviet.eu\/blog\/nha-phat-hanh\/first-news\/","menu_order":0,"post_type":"publisher","post_mime_type":"","comment_count":"0","filter":"raw"}},"_links":{"self":[{"href":"https:\/\/sachviet.eu\/en\/wp-json\/wp\/v2\/product\/10534","targetHints":{"allow":["GET"]}}],"collection":[{"href":"https:\/\/sachviet.eu\/en\/wp-json\/wp\/v2\/product"}],"about":[{"href":"https:\/\/sachviet.eu\/en\/wp-json\/wp\/v2\/types\/product"}],"wp:featuredmedia":[{"embeddable":true,"href":"https:\/\/sachviet.eu\/en\/wp-json\/wp\/v2\/media\/10532"}],"wp:attachment":[{"href":"https:\/\/sachviet.eu\/en\/wp-json\/wp\/v2\/media?parent=10534"}],"wp:term":[{"taxonomy":"product_brand","embeddable":true,"href":"https:\/\/sachviet.eu\/en\/wp-json\/wp\/v2\/product_brand?post=10534"},{"taxonomy":"product_cat","embeddable":true,"href":"https:\/\/sachviet.eu\/en\/wp-json\/wp\/v2\/product_cat?post=10534"},{"taxonomy":"product_tag","embeddable":true,"href":"https:\/\/sachviet.eu\/en\/wp-json\/wp\/v2\/product_tag?post=10534"}],"curies":[{"name":"wp","href":"https:\/\/api.w.org\/{rel}","templated":true}]}}