{"id":10520,"date":"2021-06-02T20:59:36","date_gmt":"2021-06-02T17:59:36","guid":{"rendered":"https:\/\/sachviet.eu\/shop\/kafka-ben-bo-bien-tai-ban-2020\/"},"modified":"2023-07-14T23:14:59","modified_gmt":"2023-07-14T20:14:59","slug":"kafka-ben-bo-bien-tai-ban-2020","status":"publish","type":"product","link":"https:\/\/sachviet.eu\/en\/shop\/kafka-ben-bo-bien-tai-ban-2020\/","title":{"rendered":"Kafka b\u00ean b\u1edd bi\u1ec3n (T\u00e1i B\u1ea3n 2020)"},"content":{"rendered":"<p>Kafka b\u00ean b\u1edd bi\u1ec3n c\u00f3 hai c\u00e2u chuy\u1ec7n song song. M\u1ed9t k\u1ec3 v\u1ec1 c\u1eadu b\u00e9 Kafka Tamura, m\u1ed9t k\u1ec3 v\u1ec1 l\u00e3o gi\u00e0 Nakata.<\/p>\n<p>Kafka Tamura lu\u00f4n c\u00f3 m\u1ed9t b\u1ea3n ng\u00e3 l\u00e0 Qu\u1ea1 theo b\u00ean c\u1ea1nh. C\u1eadu b\u00e9 m\u01b0\u1eddi l\u0103m tu\u1ed5i n\u00e0y s\u1ed1ng v\u1edbi cha sau khi m\u1eb9 v\u00e0 ch\u1ecb g\u00e1i b\u1ecf \u0111i. C\u1eadu lu\u00f4n b\u1ecb m\u1ed9t l\u1eddi nguy\u1ec1n c\u1ee7a cha \u00e1m \u1ea3nh: m\u00e0y s\u1ebd ng\u1ee7 v\u1edbi m\u1eb9 v\u00e0 ch\u1ecb g\u00e1i m\u00e0y sau khi gi\u1ebft cha. Kinh s\u1ee3, Kafka b\u1ecf nh\u00e0 ra \u0111i. C\u1eadu ch\u00ecm \u0111\u1eafm trong m\u1ed9t th\u01b0 vi\u1ec7n s\u00e1ch kh\u1ed5ng l\u1ed3 \u1edf Takamatsu. R\u1ed3i nh\u1eefng chuy\u1ec7n b\u00ed \u1ea9n x\u1ea3y ra, c\u1eadu g\u1eb7p c\u00f4 g\u00e1i Sakura v\u00e0 b\u00e0 Miss Saeki, nh\u1eefng ng\u01b0\u1eddi m\u00e0 c\u1eadu lu\u00f4n b\u0103n kho\u0103n kh\u00f4ng bi\u1ebft c\u00f3 ph\u1ea3i l\u00e0 ch\u1ecb v\u00e0 m\u1eb9 m\u00ecnh. B\u1ed1 Kafka b\u1ecb gi\u1ebft, v\u00e0 c\u1eadu ngh\u0129, kh\u00f4ng bi\u1ebft c\u00f3 ph\u1ea3i l\u1eddi nguy\u1ec1n \u0111\u00e3 \u1ee9ng?<\/p>\n<p>Trong khi \u0111\u00f3, \u1edf b\u00ean kia b\u1edd bi\u1ec3n, \u00f4ng gi\u00e0 Nakata c\u0169ng c\u00f3 m\u1ed9t cu\u1ed9c h\u00e0nh tr\u00ecnh \u0111\u1ebfn Takamatsu. B\u1ecb m\u1ed9t tai n\u1ea1n t\u1eeb nh\u1ecf, Nakata m\u1ea5t tr\u00ed nh\u1edb v\u00e0 kh\u1ea3 n\u0103ng \u0111\u1ecdc, vi\u1ebft; tuy nhi\u00ean b\u00f9 l\u1ea1i \u00f4ng c\u00f3 th\u1ec3 giao ti\u1ebfp v\u1edbi lo\u00e0i m\u00e8o. V\u00ec th\u1ebf \u00f4ng nh\u1eadn s\u1ee9 m\u1ec7nh \u0111i t\u00ecm con qu\u1ef7 gi\u1ebft m\u00e8o h\u00e0ng lo\u1ea1t, t\u00ecm m\u1ed9t phi\u1ebfn \u0111\u00e1 b\u00ed \u1ea9n\u2026<\/p>\n<p> K\u1ef3 l\u1ea1, b\u00ed \u1ea9n, pha tr\u1ed9n v\u1edbi hi\u1ec7n \u0111\u1ea1i, Kafka b\u00ean b\u1edd bi\u1ec3n khi\u1ebfn cho m\u1ecdi con \u0111\u01b0\u1eddng v\u0103n h\u1ecdc, m\u1ecdi c\u00e1ch ti\u1ebfp c\u1eadn v\u0103n h\u1ecdc \u0111\u1ec1u b\u00e0ng ho\u00e0ng, cho\u00e1ng ng\u1ee3p.<\/p>\n<p>Nh\u1eadn \u0111\u1ecbnh<\/p>\n<p>\u201cT\u00e1c gi\u1ea3 Nh\u1eadt \u0111\u01b0\u1ee3c y\u00eau th\u00edch nh\u1ea5t t\u1ea1i M\u1ef9 n\u00e0y c\u00f3 th\u1ec3 xu\u1ea5t b\u1ea3n \u1ea9n danh t\u00e1c ph\u1ea9m n\u00e0y m\u00e0 nh\u1eefng fan c\u1ee7a \u00f4ng v\u1eabn s\u1ebd nh\u1eadn ra t\u1ee9c kh\u1eafc. C\u00f2n v\u1edbi nh\u1eefng ng\u01b0\u1eddi \u0111\u1ecdc l\u1ea7n \u0111\u1ea7u, Kafka b\u00ean b\u1edd bi\u1ec3n s\u1ebd l\u00e0 l\u1eddi gi\u1ea3i th\u00edch xu\u1ea5t s\u1eafc cho ti\u1ebfng t\u0103m x\u1ee9ng \u0111\u00e1ng c\u1ee7a \u00f4ng c\u1ea3 \u1edf ph\u01b0\u01a1ng T\u00e2y l\u1eabn \u1edf qu\u00ea nh\u00e0. \u00d4ng vi\u1ebft ra lo\u1ea1i v\u0103n h\u1eadu hi\u1ec7n \u0111\u1ea1i, tri\u1ebft l\u00fd, hoang \u0111\u01b0\u1eddng m\u00e0 \u0111\u1ecdc th\u00ec th\u1eadt l\u00fd th\u00fa; \u00f4ng tr\u1ea7m tr\u1ecdng h\u01a1n Tom Robbins, nh\u1eb9 nh\u00f5m h\u01a1n Thomas Pynchon.\u201d &#8211; Steven Moore, The Washington Post<\/p>\n<p>\u201cV\u0103n Murakami ch\u1eb3ng m\u1ea5y khi \u1edf d\u01b0\u1edbi m\u1ee9c m\u00ea \u0111\u1eafm c\u1ea3, v\u00e0 t\u00f4i \u0111\u00e3 ng\u1ea5u nghi\u1ebfn Kafka b\u00ean b\u1edd bi\u1ec3n m\u1ed9t l\u00e8o kh\u00f4ng ngh\u1ec9\u2026 V\u1edbi nh\u1eefng ai y\u00eau m\u1ed9t t\u1ef1 s\u1ef1 l\u1edbn, cu\u1ed1n ti\u1ec3u thuy\u1ebft n\u00e0y th\u1ef1c s\u1ef1 huy ho\u00e0ng.\u201d &#8211; David Mitchell, t\u00e1c gi\u1ea3 Cloud Atlas<\/p>\n<p>\u201cCu\u1ed1n s\u00e1ch l\u00e0 m\u1ed9t h\u1ed7n h\u1ee3p ch\u1eebng m\u1ef1c gi\u1eefa gi\u1eadt g\u00e2n, k\u1ef3 \u1ea3o v\u00e0 v\u0103n ch\u01b0\u01a1ng, v\u00e0 n\u00f3 thuy\u1ebft ph\u1ee5c m\u1ed9t c\u00e1ch \u0111\u1eb7c bi\u1ec7t. L\u1ea1i m\u1ed9t l\u1ea7n n\u1eefa \u00f4ng \u0111\u00e3 t\u1ea1o ra m\u1ed9t c\u00e2u chuy\u1ec7n khi\u1ebfn b\u1ea1n l\u1eadt qua nhanh ch\u00f3ng \u0111\u1ebfn l\u1ea1, \u0111\u1ec3 r\u1ed3i ghi nh\u1edb v\u00e0 b\u0103n kho\u0103n v\u1ec1 n\u00f3 l\u00e2u d\u00e0i.\u201d &#8211; Hugo Barnacle, Sunday Times<\/p>\n<p>\u201cKafka b\u00ean b\u1edd bi\u1ec3n l\u1ea1 l\u00f9ng \u0111\u1ebfn n\u1ed7i ngay c\u1ea3 nh\u1eefng th\u1ee9 c\u0169 r\u00edch trong \u0111\u00f3 c\u0169ng kho\u00e1c m\u1ed9t v\u1ebb huy\u1ec1n b\u00ed. T\u1ef1a nh\u01b0 m\u1ed9t b\u0103ng nh\u1ea1c anh nghe r\u00f5 c\u1ea3 ti\u1ebfng c\u1ecdt k\u1eb9t gh\u1ebf c\u1ee7a nh\u1ea1c c\u00f4ng: n\u1ebfu nh\u1ea1c \u0111\u00e3 hay th\u00ec c\u1ea3 ti\u1ebfng gh\u1ebf c\u0169ng l\u00e0 m\u1ed9t ph\u1ea7n c\u1ee7a n\u00f3.\u201d &#8211; Paul Lafarge, The Village Voice<\/p>\n<p>\u201cCh\u01b0a bao gi\u1edd t\u00f4i g\u1eb7p m\u1ed9t cu\u1ed1n s\u00e1ch thuy\u1ebft ph\u1ee5c \u0111\u01b0\u1ee3c m\u00ecnh \u0111\u1ebfn th\u1ebf b\u1edfi s\u1ef1 s\u00e1ng t\u1ea1o trong tr\u1ea7n thu\u1eadt v\u00e0 s\u1ef1 y\u00eau th\u00edch k\u1ec3 chuy\u1ec7n\u2026 h\u1ea5p d\u1eabn v\u00f4 c\u00f9ng.\u201d &#8211; Stuart Jeffries, Guardian<\/p>\n<p>\u201cth\u1ef1c s\u1ef1 cho\u00e1ng ng\u1ee3p.\u201d   &#8211; The Book Magazine<\/p>\n<p>\u201cCu\u1ed1n ti\u1ec3u thuy\u1ebft kh\u00e1c th\u01b0\u1eddng v\u00e0 m\u00ea ho\u1eb7c nh\u1ea5t cho t\u1edbi nay c\u1ee7a th\u1ea7n t\u01b0\u1ee3ng v\u0103n ch\u01b0\u01a1ng Nh\u1eadt Haruki Murakami.\u201d &#8211; Vintage<\/p>\n<p>\u201cKafka b\u00ean b\u1edd bi\u1ec3n l\u00e0 m\u1ed9t cu\u1ed1n s\u00e1ch hay kh\u1ecfi ph\u1ea3i b\u00e0n c\u00e3i. [&#8230;] Murakami \u0111\u00e3 g\u00e2y h\u1ed3i h\u1ed9p m\u1ed9t c\u00e1ch t\u00e0i t\u00ecnh \u0111\u1ec3 cu\u1ed1n ng\u01b0\u1eddi \u0111\u1ecdc kh\u00f4ng c\u01b0\u1ee1ng \u0111\u01b0\u1ee3c v\u00e0o m\u1ea1ch truy\u1ec7n k\u1ef3 \u1ea3o v\u00e0 qu\u1ea5n qu\u00fdt.\u201d Ludovic Hunter-Tilney, Financial Times<\/p>\n<p>\u201cKafka b\u00ean b\u1edd bi\u1ec3n c\u00f3 th\u1eeba huy\u1ec1n b\u00ed \u0111\u1ec3 l\u00e0m nh\u1eefng ng\u01b0\u1eddi h\u00e2m m\u1ed9 sung s\u01b0\u1edbng, v\u00e0 s\u1ebd chi\u00eau m\u1ed9 th\u00eam c\u1ea3 nh\u1eefng ng\u01b0\u1eddi m\u1edbi.\u201d &#8211; Matt Thorne, The Independent.<\/p>\n<p>\u201cC\u1ea5u t\u1ee9 xu\u1ea5t s\u1eafc, b\u1ed1i c\u1ea3nh si\u00eau th\u1ef1c t\u00e1o b\u1ea1o, sexy, v\u00e0 cu\u1ed1n \u0111i trong m\u1ed9t c\u1ed1t truy\u1ec7n nhanh m\u1ea1nh v\u00e0 lu\u00f4n ng\u1ed9 ngh\u0129nh, t\u00e1c ph\u1ea9m m\u1edbi c\u1ee7a Murakami \u0111\u00e0o x\u1edbi t\u1ea7ng t\u1ea7ng l\u1edbp l\u1edbp nh\u1eefng c\u01a1 ch\u1ebf b\u00ean trong c\u1ee7a b\u1ea3n th\u1ec3 ch\u00fang ta v\u1edbi t\u00ednh s\u00f4i n\u1ed5i \u0111\u1eb7c tr\u01b0ng c\u1ee7a \u00f4ng.\u201d &#8211; James Urquhart, Independent on Sunday<\/p>\n<p>\u201cTr\u00ed t\u01b0\u1edfng t\u01b0\u1ee3ng m\u00e3nh li\u1ec7t c\u1ee7a t\u00e1c gi\u1ea3 c\u0169ng nh\u01b0 x\u00e1c t\u00edn v\u1ec1 s\u1ee9c m\u1ea1nh c\u1ed5 x\u01b0a c\u1ee7a c\u00e2u chuy\u1ec7n \u00f4ng \u0111ang k\u1ec3 l\u1edbn lao \u0111\u1ebfn n\u1ed7i \u0111\u00e3 bi\u1ebfn c\u1ea3 c\u00e1i m\u1edb l\u1ed9n x\u1ed9n n\u00e0y th\u00e0nh ch\u00e2n th\u1ef1c.\u201d &#8211; Laura Miller, The New York Times Book Review<\/p>\n<p>\u201cM\u1ed9t cu\u1ed1n s\u00e1ch \u0111\u1ec3-ng\u1ea5u-nghi\u1ebfn th\u1eadt s\u1ef1, c\u0169ng th\u1eadt l\u00e0 m\u1ed9t \u00e1m \u1ea3nh si\u00eau h\u00ecnh dai d\u1eb3ng [&#8230;] \u0110\u1eb1ng sau nh\u1eefng cu\u1ed9c phi\u00eau l\u01b0u \u0111i\u00ean r\u1ed3 v\u00e0 b\u1ea5t \u1ed5n m\u1ed9t c\u00e1ch bi\u1ec3u t\u01b0\u1ee3ng c\u1ee7a nh\u00e2n v\u1eadt ch\u00ednh, c\u00f2n c\u00f3 m\u1ed9t l\u1ef1c \u0111\u1ea9y trong ti\u1ec1m th\u1ee9c g\u1ea7n ngang b\u1eb1ng v\u1edbi l\u1ef1c \u0111\u1ea9y c\u1ee7a sex v\u00e0 tu\u1ed5i tr\u01b0\u1edfng th\u00e0nh: l\u1ef1c \u0111\u1ea9y v\u1ec1 ph\u00eda h\u01b0 v\u00f4, v\u1ec1 kho\u1ea3ng tr\u1ed1ng, v\u1ec1 s\u1ef1 r\u1ed7ng kh\u00f4ng \u0111\u1ea7y hoan l\u1ea1c. Murakami l\u00e0 h\u1ecda s\u0129 nh\u1eb9 nh\u00e0ng c\u1ee7a nh\u1eefng kho\u1ea3ng-ch\u00e2n-kh\u00f4ng.\u201d &#8211; John Updike, The New Yorker<\/p>\n<p>\u201cKafka b\u00ean b\u1edd bi\u1ec3n c\u0169ng b\u00f5 c\u00f4ng ch\u1ecbu \u0111\u1ef1ng: n\u00f3 c\u00f3 th\u1ec3 l\u00e0 ti\u1ec3u thuy\u1ebft k\u1ef3 qu\u00e1i nh\u1ea5t c\u1ee7a t\u00e1c gi\u1ea3 Nh\u1eadt n\u00e0y cho \u0111\u1ebfn nay, nh\u01b0ng c\u0169ng l\u00e0 m\u1ed9t trong nh\u1eefng cu\u1ed1n hay nh\u1ea5t c\u1ee7a \u00f4ng. Murakami \u0111\u00e3 nh\u1eb7t t\u1eeb m\u1ed7i n\u01a1i m\u1ed9t ch\u00fat: c\u1ea3 Sophocles, phim kinh d\u1ecb, truy\u1ec7n tranh Nh\u1eadt B\u1ea3n l\u1eabn nh\u1eefng m\u1ea3nh phim-hay-trong-tu\u1ea7n \u1ee7y m\u1ecb.\u201d &#8211; Malcolm Jones, Newsweek<\/p>\n<p>\u201c\u00c1m ch\u1ec9 v\u1ec1 t\u00e1c gi\u1ea3 H\u00f3a th\u00e2n c\u00f3 l\u00e0m t\u0103ng th\u00eam t\u00ednh hoang \u0111\u01b0\u1eddng c\u1ee7a th\u1ebf gi\u1edbi Murakami, nh\u01b0ng v\u1edbi t\u1ea5t c\u1ea3 nh\u1eefng k\u1ebft c\u1ea5u lu\u00e2n chuy\u1ec3n, m\u00e8o n\u00f3i chuy\u1ec7n v\u00e0 b\u1ea3n th\u1ea3o b\u1ed1c ch\u00e1y, v\u00e0 th\u1ebf gi\u1edbi k\u1ef3 \u1ea3o m\u00ea ho\u1eb7c \u0111\u00f3, cu\u1ed1n s\u00e1ch g\u1ea7n v\u1edbi Ngh\u1ec7 nh\u00e2n v\u00e0 Margarita c\u1ee7a Mikhail Bulgakov h\u01a1n b\u1ea5t k\u1ef3 t\u00e1c ph\u1ea9m n\u00e0o c\u1ee7a Kafka.\u201d &#8211; Steven G. Kellman, Review of Contemporary Fiction<\/p>\n<p>\u201cN\u00f3i chung t\u00f4i kh\u00f4ng thu\u1ed9c \u0111\u1ed9i ng\u0169 h\u00e2m m\u1ed9 nh\u1eefng cu\u1ed1n s\u00e1ch c\u00f3 m\u00e8o n\u00f3i chuy\u1ec7n v\u00e0 xu\u1ea5t h\u1ed3n trong m\u01a1, nh\u01b0ng s\u1ef1 nghi\u00eam c\u1ea9n th\u1ea5y r\u00f5 c\u1ee7a Murakami, c\u0169ng nh\u01b0 Lewis Carroll, \u0111\u00e3 t\u1ea1o ra m\u1ed9t th\u1ee9 kh\u00f4ng nh\u1eefng nghi\u00eam t\u00fac m\u00e0 c\u00f2n lu\u00f4n lu\u00f4n th\u00fa v\u1ecb; nh\u1eefng s\u1ef1 ki\u1ec7n qu\u00e1i \u0111\u1ea3n trong cu\u1ed1n s\u00e1ch \u0111\u01b0\u1ee3c d\u1ef1a v\u1eefng ch\u1eafc tr\u00ean m\u1ed9t k\u1ef9 thu\u1eadt vi\u1ebft r\u1ea5t c\u1ed5 \u0111i\u1ec3n, r\u1ea5t Dicken.\u201d &#8211; Philip Hensher, The Spectator<\/p>\n<p>\u201cNh\u1eefng bi\u1ebfn h\u00f3a c\u1ee7a Murakami quanh ch\u1ee7 \u0111\u1ec1 [hai n\u1eeda linh h\u1ed3n] c\u00f9ng huy\u1ec1n tho\u1ea1i v\u1ec1 Oedipus \u0111\u1ed9c \u0111\u00e1o m\u1ed9t c\u00e1ch t\u00e1o b\u1ea1o v\u00e0 hay m\u1ed9t c\u00e1ch thuy\u1ebft ph\u1ee5c. Xin n\u1ed3ng nhi\u1ec7t gi\u1edbi thi\u1ec7u Kafka b\u00ean b\u1edd bi\u1ec3n; nh\u1edb \u0111\u1ecdc cho con m\u00e8o nh\u00e0 b\u1ea1n nghe.\u201d &#8211; Steven Moore, The Washington Post<\/p>\n","protected":false},"excerpt":{"rendered":"<p>Kafka b\u00ean b\u1edd bi\u1ec3n c\u00f3 hai c\u00e2u chuy\u1ec7n song song. M\u1ed9t k\u1ec3 v\u1ec1 c\u1eadu b\u00e9 Kafka Tamura, m\u1ed9t k\u1ec3 v\u1ec1 l\u00e3o gi\u00e0 Nakata.<\/p>\n<p>Kafka Tamura lu\u00f4n c\u00f3 m\u1ed9t b\u1ea3n ng\u00e3 l\u00e0 Qu\u1ea1 theo b\u00ean c\u1ea1nh. C\u1eadu b\u00e9 m\u01b0\u1eddi l\u0103m tu\u1ed5i n\u00e0y s\u1ed1ng v\u1edbi cha sau khi m\u1eb9 v\u00e0 ch\u1ecb g\u00e1i b\u1ecf \u0111i. C\u1eadu lu\u00f4n b\u1ecb m\u1ed9t l\u1eddi nguy\u1ec1n c\u1ee7a cha \u00e1m \u1ea3nh: m\u00e0y s\u1ebd ng\u1ee7 v\u1edbi m\u1eb9 v\u00e0 ch\u1ecb g\u00e1i m\u00e0y sau khi gi\u1ebft cha. Kinh s\u1ee3, Kafka b\u1ecf nh\u00e0 ra \u0111i. C\u1eadu ch\u00ecm \u0111\u1eafm trong m\u1ed9t th\u01b0 vi\u1ec7n s\u00e1ch kh\u1ed5ng l\u1ed3 \u1edf Takamatsu. R\u1ed3i nh\u1eefng chuy\u1ec7n b\u00ed \u1ea9n x\u1ea3y ra, c\u1eadu g\u1eb7p c\u00f4 g\u00e1i Sakura v\u00e0 b\u00e0 Miss Saeki, nh\u1eefng ng\u01b0\u1eddi m\u00e0 c\u1eadu lu\u00f4n b\u0103n kho\u0103n kh\u00f4ng bi\u1ebft c\u00f3 ph\u1ea3i l\u00e0 ch\u1ecb v\u00e0 m\u1eb9 m\u00ecnh. B\u1ed1 Kafka b\u1ecb gi\u1ebft, v\u00e0 c\u1eadu ngh\u0129, kh\u00f4ng bi\u1ebft c\u00f3 ph\u1ea3i l\u1eddi nguy\u1ec1n \u0111\u00e3 \u1ee9ng?<\/p>\n<p>Trong khi \u0111\u00f3, \u1edf b\u00ean kia b\u1edd bi\u1ec3n, \u00f4ng gi\u00e0 Nakata c\u0169ng c\u00f3 m\u1ed9t cu\u1ed9c h\u00e0nh tr\u00ecnh \u0111\u1ebfn Takamatsu. B\u1ecb m\u1ed9t tai n\u1ea1n t\u1eeb nh\u1ecf, Nakata m\u1ea5t tr\u00ed nh\u1edb v\u00e0 kh\u1ea3 n\u0103ng \u0111\u1ecdc, vi\u1ebft; tuy nhi\u00ean b\u00f9 l\u1ea1i \u00f4ng c\u00f3 th\u1ec3 giao ti\u1ebfp v\u1edbi lo\u00e0i m\u00e8o. V\u00ec th\u1ebf \u00f4ng nh\u1eadn s\u1ee9 m\u1ec7nh \u0111i t\u00ecm con qu\u1ef7 gi\u1ebft m\u00e8o h\u00e0ng lo\u1ea1t, t\u00ecm m\u1ed9t phi\u1ebfn \u0111\u00e1 b\u00ed \u1ea9n\u2026<\/p>\n<p> K\u1ef3 l\u1ea1, b\u00ed \u1ea9n, pha tr\u1ed9n v\u1edbi hi\u1ec7n \u0111\u1ea1i, Kafka b\u00ean b\u1edd bi\u1ec3n khi\u1ebfn cho m\u1ecdi con \u0111\u01b0\u1eddng v\u0103n h\u1ecdc, m\u1ecdi c\u00e1ch ti\u1ebfp c\u1eadn v\u0103n h\u1ecdc \u0111\u1ec1u b\u00e0ng ho\u00e0ng, cho\u00e1ng ng\u1ee3p.<\/p>\n","protected":false},"featured_media":10503,"template":"","meta":{"_acf_changed":false},"product_brand":[],"product_cat":[15,45],"product_tag":[],"class_list":{"0":"post-10520","1":"product","2":"type-product","3":"status-publish","4":"has-post-thumbnail","6":"product_cat-sach-danh-cho-nguoi-lon","7":"product_cat-tieu-thuyet","9":"first","10":"outofstock","11":"taxable","12":"shipping-taxable","13":"purchasable","14":"product-type-simple"},"supplier_id":null,"supplier_sku":"","barcode":null,"atum_controlled":true,"out_stock_date":"2023-07-14 20:14:59","out_stock_threshold":null,"inheritable":false,"inbound_stock":0,"stock_on_hold":0,"sold_today":0,"sales_last_days":0,"reserved_stock":0,"customer_returns":0,"warehouse_damage":0,"lost_in_post":0,"other_logs":0,"out_stock_days":929,"lost_sales":0,"has_location":false,"update_date":"2026-01-28T23:10:46","atum_locations":[],"atum_stock_status":"outofstock","restock_status":false,"low_stock_amount":"","sales_update_date":"2026-01-28T23:10:46","calc_backorders":null,"acf":{"publisher":{"ID":1424,"post_author":"1","post_date":"2021-02-17 00:02:29","post_date_gmt":"2021-02-16 22:02:29","post_content":"<!-- wp:flatsome\/uxbuilder -->\n<h1 style=\"text-align: center\"><strong>Nh\u00e3 Nam<\/strong><\/h1>\n[row]\n\n[col span=\"6\" span__sm=\"12\"]\n\n[ux_image id=\"1438\" image_size=\"medium\"]\n\n\n[\/col]\n[col span=\"6\" span__sm=\"12\"]\n\n<p><strong>C\u00f4ng ty c\u1ed5 ph\u1ea7n V\u0103n h\u00f3a v\u00e0 Truy\u1ec1n th\u00f4ng Nh\u00e3 Nam<\/strong><\/p>\n<p>Th\u00e1ng 2 n\u0103m 2005, Nh\u00e3 Nam, t\u00ean \u0111\u1ea7y \u0111\u1ee7 l\u00e0 C\u00f4ng ty C\u1ed5 ph\u1ea7n V\u0103n h\u00f3a v\u00e0 Truy\u1ec1n th\u00f4ng Nh\u00e3 Nam \u0111\u00e3 gia nh\u1eadp th\u1ecb tr\u01b0\u1eddng s\u00e1ch. T\u00e1c ph\u1ea9m \"Balzac v\u00e0 c\u00f4 b\u00e9 th\u1ee3 may Trung hoa\" c\u1ee7a \u0110\u1edbi T\u01b0 Ki\u1ec7t l\u00e0 cu\u1ed1n s\u00e1ch \u0111\u1ea7u ti\u00ean \u0111\u01b0\u1ee3c nh\u1eefng ng\u01b0\u1eddi s\u00e1ng l\u1eadp Nh\u00e3 Nam xu\u1ea5t b\u1ea3n c\u1ea3 tr\u01b0\u1edbc khi c\u00f4ng ty ra \u0111\u1eddi. Ngay l\u1eadp t\u1ee9c t\u1eeb cu\u1ed1n s\u00e1ch \u0111\u1ea7u ti\u00ean, \u0111\u1ed9c gi\u1ea3 \u0111\u00e3 d\u00e0nh s\u1ef1 quan t\u00e2m v\u00e0 y\u00eau m\u1ebfn cho m\u1ed9t th\u01b0\u01a1ng hi\u1ec7u s\u00e1ch m\u1edbi m\u1ebb mang trong m\u00ecnh kh\u00e1t v\u1ecdng g\u00f3p ph\u1ea7n t\u1ea1o l\u1eadp di\u1ec7n m\u1ea1o m\u1edbi cho xu\u1ea5t b\u1ea3n v\u0103n h\u1ecdc t\u1ea1i Vi\u1ec7t Nam.<\/p>\n<p>L\u00f2ng say m\u00ea c\u1ee7a \u0111\u1ed9i ng\u0169 l\u00e0 vi\u00ean \u0111\u00e1 \u0111\u1ea7u ti\u00ean. Tr\u1ea3i qua m\u1ea5y n\u0103m ph\u00e1t tri\u1ec3n, Nh\u00e3 Nam \u0111\u00e3 \u0111\u01b0\u1ee3c x\u00e2y d\u1ef1ng d\u1ea7n l\u00ean trong di\u1ec7n m\u1ea1o m\u1ed9t nh\u00e0 xu\u1ea5t b\u1ea3n v\u1eefng ch\u00e3i v\u00e0 chuy\u00ean nghi\u1ec7p. S\u00e1u th\u00e1ng sau khi th\u00e0nh l\u1eadp c\u00f4ng ty, Nh\u1eadt k\u00fd \u0110\u1eb7ng Th\u00f9y Tr\u00e2m ra \u0111\u1eddi, t\u1ea1o n\u00ean m\u1ed9t c\u01a1n s\u1ed1t trong x\u00e3 h\u1ed9i, v\u1edbi g\u1ea7n 500,000 b\u1ea3n s\u00e1ch \u0111\u01b0\u1ee3c ph\u00e1t h\u00e0nh, ph\u00e1 m\u1ecdi k\u1ef7 l\u1ee5c v\u1ec1 xu\u1ea5t b\u1ea3n tr\u01b0\u1edbc \u0111\u00f3, k\u00e9o theo m\u1ed9t lo\u1ea1t nh\u1eefng hi\u1ec7u \u1ee9ng x\u00e3 h\u1ed9i v\u00e0 d\u01b0 lu\u1eadn c\u00f3 \u00fd ngh\u0129a. T\u1eeb \u0111\u00f3 tr\u1edf \u0111i, th\u00f4ng qua Nh\u00e3 Nam, c\u00e1c cu\u1ed1n s\u00e1ch v\u0103n h\u1ecdc n\u01b0\u1edbc ngo\u00e0i c\u00f3 gi\u00e1 tr\u1ecb \u0111\u01b0\u1ee3c li\u00ean t\u1ee5c mua b\u1ea3n quy\u1ec1n v\u00e0 xu\u1ea5t b\u1ea3n t\u1ea1i Vi\u1ec7t Nam, thu h\u00fat nhi\u1ec1u t\u1ea7ng l\u1edbp \u0111\u1ed9c gi\u1ea3. S\u00e1ch c\u1ee7a Nh\u00e3 Nam n\u1ed5i b\u1eadt b\u1edfi n\u1ed9i dung v\u0103n h\u1ecdc tinh t\u1ebf, b\u1edfi v\u1ebb \u0111\u1eb9p c\u1ee7a thi\u1ebft k\u1ebf hi\u1ec7n \u0111\u1ea1i \u1edf h\u00ecnh th\u1ee9c, b\u1edfi s\u1ef1 ch\u0103m ch\u00fat k\u1ef9 l\u01b0\u1ee1ng cho m\u1ed7i cu\u1ed1n s\u00e1ch nh\u01b0 m\u1ed9t con thuy\u1ec1n mang t\u1edbi ni\u1ec1m vui, tri th\u1ee9c, ng\u1ea1c nhi\u00ean, v\u00e0 \u0111\u1ed3ng c\u1ea3m.<\/p>\n\n[\/col]\n\n[\/row]\n<p style=\"text-align: left\">Hi\u1ec3u th\u1eddi \u0111\u1ea1i \u0111ang s\u1ed1ng th\u00f4ng qua s\u00e1ch, song h\u00e0nh v\u1edbi nh\u1eefng bi\u1ebfn chuy\u1ec3n s\u00e2u s\u1eafc trong l\u00f2ng x\u00e3 h\u1ed9i b\u1eb1ng nh\u1eefng ho\u1ea1t \u0111\u1ed9ng xu\u1ea5t b\u1ea3n mi\u1ec7t m\u00e0i v\u00e0 qu\u1ea3 c\u1ea3m, con \u0111\u01b0\u1eddng Nh\u00e3 Nam \u0111\u00e3 ch\u1ecdn \u0111\u1ec3 \u0111i s\u1ebd c\u00f2n d\u00e0i. Nhi\u1ec1u kh\u00f3 kh\u0103n, th\u1eed th\u00e1ch \u0111ang \u1edf ph\u00eda tr\u01b0\u1edbc. B\u01b0\u1edbc qua th\u1eddi k\u1ef3 s\u01a1 khai v\u1edbi nh\u1eefng b\u00e0i h\u1ecdc v\u00e0 nh\u1eefng kinh nghi\u1ec7m \u0111\u1ea7u ti\u00ean, Nh\u00e3 Nam gi\u1edd \u0111\u00e3 s\u1eb5n s\u00e0ng cho m\u1ed9t ch\u1eb7ng \u0111\u01b0\u1eddng ph\u00e1t tri\u1ec3n m\u1edbi. V\u00e0 ch\u00fang t\u00f4i mu\u1ed1n ho\u00e0n thi\u1ec7n m\u00ecnh trong s\u1ef1 c\u1ea7u th\u1ecb v\u00e0 c\u1ea9n tr\u1ecdng. T\u1ea5t c\u1ea3 v\u00ec m\u1ed9t gia s\u1ea3n s\u00e1ch to l\u1edbn, c\u00f3 s\u1ee9c s\u1ed1ng d\u00e0i l\u00e2u, c\u00f3 \u00fd ngh\u0129a v\u1edbi nhi\u1ec1u th\u1ebf h\u1ec7 b\u1ea1n \u0111\u1ecdc.<br \/>B\u1edfi v\u00ec s\u00e1ch l\u00e0 th\u1ebf gi\u1edbi.<\/p>\n<p><strong>\u0110\u00e2y l\u00e0 m\u1ed9t nh\u00e0 ph\u00e1t h\u00e0nh s\u00e1ch m\u00e0 SACHVIET.EU r\u1ea5t y\u00eau th\u00edch v\u00e0 tin t\u01b0\u1edfng. Nh\u00ecn \u0111\u01b0\u1ee3c t\u1ea7m \u1ea3nh h\u01b0\u1edfng c\u1ee7a Nh\u00e3 Nam qua t\u1eebng cu\u1ed1n s\u00e1ch, SACHVIET.EU li\u00ean h\u1ec7 h\u1ee3p t\u00e1c ngay v\u1edbi Nh\u00e3 Nam \u0111\u1ec3 \u0111em to\u00e0n b\u1ed9 nh\u1eefng t\u00e1c ph\u1ea9m m\u1edbi, hay nh\u1ea5t m\u00e0 Nh\u00e3 Nam c\u00f3 sang Ch\u00e2u \u00c2u, \u0111\u01b0a \u0111\u1ebfn cho \u0111\u1ed9c gi\u1ea3 c\u00f3 nhi\u1ec1u s\u1ef1 l\u1ef1a ch\u1ecdn phong ph\u00fa h\u01a1n c\u1ea3 s\u00e1ch cho tr\u1ebb em l\u1eabn ng\u01b0\u1eddi l\u1edbn.\u00a0<\/strong><\/p>\n\n<!-- \/wp:flatsome\/uxbuilder -->","post_title":"Nh\u00e3 Nam","post_excerpt":"","post_status":"publish","comment_status":"closed","ping_status":"closed","post_password":"","post_name":"nha-nam","to_ping":"","pinged":"","post_modified":"2022-12-19 23:15:33","post_modified_gmt":"2022-12-19 21:15:33","post_content_filtered":"","post_parent":0,"guid":"https:\/\/sachviet.eu\/?post_type=publisher&#038;p=1424","menu_order":0,"post_type":"publisher","post_mime_type":"","comment_count":"0","filter":"raw"}},"_links":{"self":[{"href":"https:\/\/sachviet.eu\/en\/wp-json\/wp\/v2\/product\/10520","targetHints":{"allow":["GET"]}}],"collection":[{"href":"https:\/\/sachviet.eu\/en\/wp-json\/wp\/v2\/product"}],"about":[{"href":"https:\/\/sachviet.eu\/en\/wp-json\/wp\/v2\/types\/product"}],"wp:featuredmedia":[{"embeddable":true,"href":"https:\/\/sachviet.eu\/en\/wp-json\/wp\/v2\/media\/10503"}],"wp:attachment":[{"href":"https:\/\/sachviet.eu\/en\/wp-json\/wp\/v2\/media?parent=10520"}],"wp:term":[{"taxonomy":"product_brand","embeddable":true,"href":"https:\/\/sachviet.eu\/en\/wp-json\/wp\/v2\/product_brand?post=10520"},{"taxonomy":"product_cat","embeddable":true,"href":"https:\/\/sachviet.eu\/en\/wp-json\/wp\/v2\/product_cat?post=10520"},{"taxonomy":"product_tag","embeddable":true,"href":"https:\/\/sachviet.eu\/en\/wp-json\/wp\/v2\/product_tag?post=10520"}],"curies":[{"name":"wp","href":"https:\/\/api.w.org\/{rel}","templated":true}]}}