{"id":10502,"date":"2021-06-02T20:58:35","date_gmt":"2021-06-02T17:58:35","guid":{"rendered":"https:\/\/sachviet.eu\/shop\/bi-mat-cua-may-man-kho-lon-tai-ban-2020\/"},"modified":"2023-06-24T09:14:51","modified_gmt":"2023-06-24T06:14:51","slug":"bi-mat-cua-may-man-kho-lon-tai-ban-2020","status":"publish","type":"product","link":"https:\/\/sachviet.eu\/en\/shop\/bi-mat-cua-may-man-kho-lon-tai-ban-2020\/","title":{"rendered":"B\u00ed M\u1eadt C\u1ee7a May M\u1eafn (Kh\u1ed5 L\u1edbn) (T\u00e1i B\u1ea3n 2020)"},"content":{"rendered":"<p>B\u00ed M\u1eadt C\u1ee7a May M\u1eafn &#8211; Kh\u1ed5 L\u1edbn (T\u00e1i B\u1ea3n)<\/p>\n<p>Cu\u1ed1n s\u00e1ch l\u00e0m b\u1eebng s\u00e1ng \u0111\u1ed9c gi\u1ea3 tr\u00ean to\u00e0n th\u1ebf gi\u1edbi May m\u1eafn l\u00e0 m\u1ed9t kh\u00e1i ni\u1ec7m tr\u1eebu t\u01b0\u1ee3ng, nh\u01b0ng r\u1ea5t g\u1ea7n g\u0169i v\u1edbi cu\u1ed9c s\u1ed1ng v\u00e0  \u0111\u01b0\u1ee3c coi nh\u01b0 m\u1ed9t t\u00e1c nh\u00e2n b\u00ed \u1ea9n g\u00f3p ph\u1ea7n v\u00e0o c\u00e1c m\u1eb7t ho\u1ea1t \u0111\u1ed9ng c\u1ee7a con ng\u01b0\u1eddi. T\u1eeb x\u01b0a \u0111\u1ebfn nay, nhi\u1ec1u h\u1ecdc gi\u1ea3, nhi\u1ec1u nh\u00e0 nghi\u00ean c\u1ee9u tr\u00ean th\u1ebf gi\u1edbi \u0111\u00e3 b\u1ecf c\u00f4ng nghi\u00ean c\u1ee9u, t\u00ecm ki\u1ebfm v\u00e0 hy v\u1ecdng c\u00f3 th\u1ec3 n\u1eafm b\u1eaft \u0111\u01b0\u1ee3c ch\u00eca kh\u00f3a \u0111\u1ec3 m\u1edf c\u00e1nh c\u1eeda c\u1ee7a May m\u1eafn. Con ng\u01b0\u1eddi \u0111\u00e3 t\u00ecm \u0111\u1ee7 m\u1ecdi c\u00e1ch t\u1eeb t\u00ecm ki\u1ebfm, \u0111\u1ebfn c\u1ea7u nguy\u1ec7n, b\u00f9a ch\u00fa nh\u01b0ng may m\u1eafn v\u1eabn m\u00e3i m\u00e3i l\u00e0 kh\u00e1i ni\u1ec7m t\u1ed3n t\u1ea1i trong \u00fd th\u1ee9c con ng\u01b0\u1eddi nh\u01b0 m\u1ed9t v\u1ecb th\u1ea7n linh l\u00fac \u1ea9n, l\u00fac hi\u1ec7n. <\/p>\n<p>Nghi\u00ean c\u1ee9u cu\u1ed9c s\u1ed1ng d\u01b0\u1edbi g\u00f3c nh\u00ecn c\u1ee7a t\u00e2m l\u00fd h\u1ecdc Alex Rovira v\u00e0 Fernando Tr\u00edas de Bes \u0111\u00e3 ph\u00e1t hi\u1ec7n \u0111\u01b0\u1ee3c \u201cd\u1ea5u ch\u00e2n c\u1ee7a th\u1ea7n may m\u1eafn\u201d  m\u00e0 ai c\u0169ng c\u00f3 th\u1ec3 t\u00ecm g\u1eb7p. Cu\u1ed1n s\u00e1ch c\u1ee7a hai \u00f4ng Good Luck \u2013 B\u00ed m\u1eadt c\u1ee7a may m\u1eafn l\u00e0 t\u1eadp h\u1ee3p nh\u1eefng c\u00e2u chuy\u1ec7n l\u1ea1 th\u01b0\u1eddng h\u01b0\u1edbng \u0111\u1ebfn m\u1ed9t b\u00e0i h\u1ecdc v\u00f4 c\u00f9ng gi\u00e1 tr\u1ecb v\u1ec1 cu\u1ed9c s\u1ed1ng: S\u1ef1 may m\u1eafn kh\u00f4ng xu\u1ea5t hi\u1ec7n ng\u1eabu nhi\u00ean trong h\u00e0nh tr\u00ecnh cu\u1ed9c s\u1ed1ng ch\u00fang ta; ch\u00ednh ch\u00fang ta ph\u1ea3i t\u00ecm v\u00e0 t\u1ea1o ra nh\u1eefng \u0111i\u1ec1u ki\u1ec7n \u0111\u1ec3 may m\u1eafn t\u00ecm \u0111\u1ebfn v\u1edbi m\u00ecnh.<\/p>\n<p>D\u01b0\u1edbi ng\u00f2i b\u00fat c\u1ee7a Alex Rovira v\u00e0 Fernando Tr\u00edas de Bes &#8211; hai nh\u00e0 t\u01b0 v\u1ea5n t\u00e2m l\u00fd v\u00e0 ti\u1ebfp th\u1ecb h\u00e0ng \u0111\u1ea7u th\u1ebf gi\u1edbi \u0111\u00e3 c\u00f3 c\u00f4ng tr\u00ecnh nghi\u00ean c\u1ee9u v\u1ec1 th\u00e1i \u0111\u1ed9, h\u00e0nh vi con ng\u01b0\u1eddi c\u0169ng nh\u01b0 \u01b0\u1edbc mong, ni\u1ec1m tin c\u1ee7a h\u1ecd \u0111\u1ed1i v\u1edbi s\u1ef1 may m\u1eafn, d\u1eabn \u0111\u1ebfn th\u00e0nh c\u00f4ng trong cu\u1ed9c s\u1ed1ng, xoay quanh 12 b\u00ed m\u1eadt nh\u1ecf, v\u1eeba k\u1ec3 chuy\u1ec7n, v\u1eeba tr\u00edch d\u1eabn ch\u00e2m ng\u00f4n tri\u1ebft l\u00ed nh\u1eefng c\u00e2u chuy\u1ec7n gi\u1ea3n d\u1ecb n\u00e0y c\u00f3 th\u1ec3 \u0111\u01b0\u1ee3c \u00e1p d\u1ee5ng r\u1ea5t r\u1ed9ng r\u00e3i cho t\u1ea5t c\u1ea3 m\u1ecdi ng\u01b0\u1eddi v\u00e0 c\u00f3 kh\u1ea3 n\u0103ng kh\u00edch l\u1ec7 tinh th\u1ea7n, th\u00e1i \u0111\u1ed9 s\u1ed1ng m\u1ed9t c\u00e1ch \u0111\u1ed9c \u0111\u00e1o. <\/p>\n<p>Ch\u00ednh v\u00ec v\u1eady Good luck \u2013 B\u00ed M\u1eadt C\u1ee7a May M\u1eafn l\u00e0 c\u00e2u chuy\u1ec7n ch\u01b0a bao gi\u1edd l\u00e0 c\u0169 v\u00e0 tr\u1edf th\u00e0nh m\u1ed9t cu\u1ed1n s\u00e1ch li\u00ean t\u1ee5c ph\u00e1 v\u1ee1 nhi\u1ec1u k\u1ef7 l\u1ee5c trong l\u1ecbch s\u1eed xu\u1ea5t b\u1ea3n th\u1ebf gi\u1edbi. Tr\u01b0\u1edbc khi Good Luck  &#8211; B\u00ed m\u1eadt c\u1ee7a may m\u1eafn \u0111\u1ebfn v\u1edbi Vi\u1ec7t Nam th\u00ec cu\u1ed1n s\u00e1ch \u0111\u00e3 c\u00f3 m\u1eb7t t\u1ea1i 68 qu\u1ed1c gia tr\u00ean th\u1ebf gi\u1edbi (v\u1edbi 35 ng\u00f4n ng\u1eef) ch\u1ec9 trong v\u00f2ng m\u1ed9t n\u0103m.<\/p>\n<p>Trong v\u00f2ng 5 th\u00e1ng, s\u1ed1 l\u01b0\u1ee3ng s\u00e1ch Good luck \u2013 B\u00ed M\u1eadt C\u1ee7a May M\u1eafn b\u00e1n ra t\u1ea1i Nh\u1eadt B\u1ea3n l\u00e0 h\u01a1n 1,2 tri\u1ec7u b\u1ea3n, T\u00e2y Ban Nha h\u01a1n 300.000 b\u1ea3n, v\u00e0 ch\u01b0a \u0111\u1ea7y 3 th\u00e1ng t\u1ea1i \u0110\u00e0i Loan \u0111\u00e3 b\u00e1n s\u1ea1ch 90.000 b\u1ea3n&#8230;T\u1ed5ng c\u1ed9ng \u0111\u00e3 c\u00f3 h\u01a1n 2,5 tri\u1ec7u b\u1ea3n s\u00e1ch \u0111\u00e3 \u0111\u01b0\u1ee3c ti\u00eau th\u1ee5 tr\u00ean to\u00e0n th\u1ebf gi\u1edbi ch\u1ec9 sau n\u1eeda n\u0103m. <\/p>\n<p>Khi Good luck \u2013 B\u00ed M\u1eadt C\u1ee7a May M\u1eafn xu\u1ea5t hi\u1ec7n t\u1ea1i Vi\u1ec7t Nam, \u0111\u00e3 nhanh ch\u00f3ng tr\u1edf th\u00e0nh cu\u1ed1n s\u00e1ch lu\u00f4n \u0111\u1ee9ng \u0111\u1ea7u b\u1ea3ng trong c\u00e1c cu\u1ed1n s\u00e1ch b\u00e1n ch\u1ea1y nh\u1ea5t c\u00f9ng th\u1eddi \u0111i\u1ec3m. \u0110i\u1ec1u \u0111\u00f3 \u0111\u1ee7 \u0111\u1ec3 th\u1ea5y \u0111\u01b0\u1ee3c r\u1eb1ng s\u1ee9c h\u1ea5p d\u1eabn c\u1ee7a cu\u1ed1n s\u00e1ch \u201cl\u00e0m b\u1eebng s\u00e1ng c\u1ea3 th\u1ebf gi\u1edbi\u201d c\u00f3 t\u00e1c \u0111\u1ed9ng l\u1edbn \u0111\u1ebfn b\u1ea1n \u0111\u1ecdc nh\u01b0 th\u1ebf n\u00e0o. Nh\u1eefng n\u0103m sau \u0111\u00f3 c\u00e1i t\u00ean Good luck \u2013 B\u00ed M\u1eadt C\u1ee7a May M\u1eafn lu\u00f4n \u0111\u01b0\u1ee3c quan t\u00e2m h\u00e0ng \u0111\u1ea7u trong c\u00e1c t\u1eeb kh\u00f3a t\u00ecm ki\u1ebfm v\u00e0 \u0111\u01b0\u1ee3c nhi\u1ec1u b\u1ea1n \u0111\u1ecdc nh\u1eafc t\u1edbi.<\/p>\n<p>\u0110\u1ecdc cu\u1ed1n s\u00e1ch n\u00e0y b\u1ea1n s\u1ebd nh\u1eadn ra r\u1eb1ng may m\u1eafn kh\u00f4ng t\u00ecnh c\u1edd t\u00ecm \u0111\u1ebfn, m\u00e0 may m\u1eafn l\u00e0 do ch\u00ednh ch\u00fang ta t\u1ea1o ra.<\/p>\n<p>Ng\u01b0\u1eddi n\u1ed5i ti\u1ebfng n\u00f3i v\u1ec1 cu\u1ed1n s\u00e1ch<\/p>\n<p>\u201cCu\u1ed1n s\u00e1ch s\u1ebd tr\u1edf n\u00ean kinh \u0111i\u1ec3n. T\u00f4i ngh\u0129 r\u1eb1ng n\u00f3 s\u1ebd m\u00ea ho\u1eb7c c\u1ea3 ng\u01b0\u1eddi l\u1edbn v\u00e0 tr\u1ebb em, gi\u1ed1ng nh\u01b0 t\u00e1c ph\u1ea9m n\u1ed5i ti\u1ebfng Ho\u00e0ng t\u1eed b\u00e9\u201d\u201d. &#8211; Phipip Kotler, t\u00e1c gi\u1ea3, chuy\u00ean gia Marketing<\/p>\n<p>\u201cB\u1ea1n s\u1ebd kh\u00f4ng g\u1eb7p nhi\u1ec1u may m\u1eafn n\u1ebfu b\u1ea1n l\u00e0m sai. Cu\u1ed1n s\u00e1ch n\u00e0y l\u00e0m cho m\u1ecdi th\u1ee9 quan tr\u1ecdng tr\u1edf n\u00ean r\u00f5 r\u00e0ng &#8221; &#8211; Jack Trout, guru qu\u1ea3n l\u00fd v\u00e0 \u0111\u1ed3ng t\u00e1c gi\u1ea3 c\u1ee7a cu\u1ed1n s\u00e1ch \u201c22 quy lu\u1eadt b\u1ea5t bi\u1ebfn c\u1ee7a ti\u1ebfp th\u1ecb\u201d<\/p>\n<p>B\u00e1o ch\u00ed n\u00f3i g\u00ec v\u1ec1 cu\u1ed1n s\u00e1ch<\/p>\n<p>\u201cB\u00ed m\u1eadt c\u1ee7a may m\u1eafn\u201d l\u00e0 1 c\u00e2u chuy\u1ec7n l\u1ea1 th\u01b0\u1eddng , h\u01b0\u1edbng \u0111\u1ed9c gi\u1ea3 \u0111\u1ebfn m\u1ed9t b\u00e0i h\u1ecdc v\u00f4 c\u00f9ng gi\u00e1 tr\u1ecb v\u1ec1 cu\u1ed9c s\u1ed1ng. May m\u1eafn kh\u00f4ng h\u1ec1 xu\u1ea5t hi\u1ec7n ng\u1eabu nhi\u00ean trong h\u00e0nh tr\u00ecnh cu\u1ed9c s\u1ed1ng c\u1ee7a ch\u00fang ta, may m\u1eafn ch\u1ec9 m\u1ec9m c\u01b0\u1eddi v\u1edbi nh\u1eefng ai th\u1ef1c s\u1ef1 \u201c ki\u1ebfm t\u00ecm\u201d n\u00f3.\u201d-anhp.vn (An ninh H\u1ea3i Ph\u00f2ng)<\/p>\n<p>\u201cC\u00e2u chuy\u1ec7n trong B\u00ed M\u1eadt c\u1ee7a May M\u1eafn h\u1ea5p d\u1eabn nh\u01b0 c\u00e2u chuy\u1ec7n th\u1ea7n tho\u1ea1i v\u1edbi nh\u1eefng ch\u00e2n l\u00fd th\u1ef1c t\u1ebf v\u00e0 v\u0129nh h\u1eb1ng c\u1ee7a cu\u1ed9c s\u1ed1ng, mang l\u1ea1i cho ng\u01b0\u1eddi \u0111\u1ecdc ni\u1ec1m tin, hy v\u1ecdng, nh\u1eefng tr\u1ea3i nghi\u1ec7m qu\u00fd b\u00e1u, \u0111\u1ed3ng th\u1eddi l\u00fd gi\u1ea3i t\u1ea1i sao m\u1ed9t s\u1ed1 ng\u01b0\u1eddi lu\u00f4n g\u1eb7p \u0111\u01b0\u1ee3c may m\u1eafn trong khi nh\u1eefng ng\u01b0\u1eddi kh\u00e1c l\u1ea1i kh\u00f4ng g\u1eb7p.\u201d- tuoitre.vn<\/p>\n<p>V\u1ec1 t\u00e1c gi\u1ea3<\/p>\n<p>Alex Rovira v\u00e0 Fernando Tr\u00edas de Bes l\u00e0  \u0111\u1ed3ng s\u00e1ng l\u1eadp c\u00f4ng ty Salvetti &amp; Llombart, v\u1edbi 40 c\u1ed9ng s\u1ef1 h\u00e0ng \u0111\u1ea7u \u1edf Barcelona, T\u00e2y Ban Nha &#8211; chuy\u00ean nghi\u00ean c\u1ee9u th\u1ecb tr\u01b0\u1eddng, t\u01b0 v\u1ea5n cho c\u00e1c t\u1eadp \u0111o\u00e0n \u0111a qu\u1ed1c gia kh\u1ed5ng l\u1ed3. Alex Rovira l\u00e0 t\u00e1c gi\u1ea3 cu\u1ed1n The Inner Compass v\u00e0 Fernando Tr\u00edas de Bes l\u00e0 \u0111\u1ed3ng t\u00e1c gi\u1ea3 cu\u1ed1n Lateral Marketing v\u1edbi chuy\u00ean gia ti\u1ebfp th\u1ecb h\u00e0ng \u0111\u1ea7u th\u1ebf gi\u1edbi &#8211; Ti\u1ebfn s\u0129 Philip Kotler.<\/p>\n","protected":false},"excerpt":{"rendered":"<p>Cu\u1ed1n s\u00e1ch l\u00e0m b\u1eebng s\u00e1ng \u0111\u1ed9c gi\u1ea3 tr\u00ean to\u00e0n th\u1ebf gi\u1edbi May m\u1eafn l\u00e0 m\u1ed9t kh\u00e1i ni\u1ec7m tr\u1eebu t\u01b0\u1ee3ng, nh\u01b0ng r\u1ea5t g\u1ea7n g\u0169i v\u1edbi cu\u1ed9c s\u1ed1ng v\u00e0  \u0111\u01b0\u1ee3c coi nh\u01b0 m\u1ed9t t\u00e1c nh\u00e2n b\u00ed \u1ea9n g\u00f3p ph\u1ea7n v\u00e0o c\u00e1c m\u1eb7t ho\u1ea1t \u0111\u1ed9ng c\u1ee7a con ng\u01b0\u1eddi. T\u1eeb x\u01b0a \u0111\u1ebfn nay, nhi\u1ec1u h\u1ecdc gi\u1ea3, nhi\u1ec1u nh\u00e0 nghi\u00ean c\u1ee9u tr\u00ean th\u1ebf gi\u1edbi \u0111\u00e3 b\u1ecf c\u00f4ng nghi\u00ean c\u1ee9u, t\u00ecm ki\u1ebfm v\u00e0 hy v\u1ecdng c\u00f3 th\u1ec3 n\u1eafm b\u1eaft \u0111\u01b0\u1ee3c ch\u00eca kh\u00f3a \u0111\u1ec3 m\u1edf c\u00e1nh c\u1eeda c\u1ee7a May m\u1eafn. Con ng\u01b0\u1eddi \u0111\u00e3 t\u00ecm \u0111\u1ee7 m\u1ecdi c\u00e1ch t\u1eeb t\u00ecm ki\u1ebfm, \u0111\u1ebfn c\u1ea7u nguy\u1ec7n, b\u00f9a ch\u00fa nh\u01b0ng may m\u1eafn v\u1eabn m\u00e3i m\u00e3i l\u00e0 kh\u00e1i ni\u1ec7m t\u1ed3n t\u1ea1i trong \u00fd th\u1ee9c con ng\u01b0\u1eddi nh\u01b0 m\u1ed9t v\u1ecb th\u1ea7n linh l\u00fac \u1ea9n, l\u00fac hi\u1ec7n. <\/p>\n<p>Nghi\u00ean c\u1ee9u cu\u1ed9c s\u1ed1ng d\u01b0\u1edbi g\u00f3c nh\u00ecn c\u1ee7a t\u00e2m l\u00fd h\u1ecdc Alex Rovira v\u00e0 Fernando Tr\u00edas de Bes \u0111\u00e3 ph\u00e1t hi\u1ec7n \u0111\u01b0\u1ee3c \u201cd\u1ea5u ch\u00e2n c\u1ee7a th\u1ea7n may m\u1eafn\u201d  m\u00e0 ai c\u0169ng c\u00f3 th\u1ec3 t\u00ecm g\u1eb7p. Cu\u1ed1n s\u00e1ch c\u1ee7a hai \u00f4ng Good Luck \u2013 B\u00ed m\u1eadt c\u1ee7a may m\u1eafn l\u00e0 t\u1eadp h\u1ee3p nh\u1eefng c\u00e2u chuy\u1ec7n l\u1ea1 th\u01b0\u1eddng h\u01b0\u1edbng \u0111\u1ebfn m\u1ed9t b\u00e0i h\u1ecdc v\u00f4 c\u00f9ng gi\u00e1 tr\u1ecb v\u1ec1 cu\u1ed9c s\u1ed1ng: S\u1ef1 may m\u1eafn kh\u00f4ng xu\u1ea5t hi\u1ec7n ng\u1eabu nhi\u00ean trong h\u00e0nh tr\u00ecnh cu\u1ed9c s\u1ed1ng ch\u00fang ta; ch\u00ednh ch\u00fang ta ph\u1ea3i t\u00ecm v\u00e0 t\u1ea1o ra nh\u1eefng \u0111i\u1ec1u ki\u1ec7n \u0111\u1ec3 may m\u1eafn t\u00ecm \u0111\u1ebfn v\u1edbi m\u00ecnh.<\/p>\n<p>D\u01b0\u1edbi ng\u00f2i b\u00fat c\u1ee7a Alex Rovira v\u00e0 Fernando Tr\u00edas de Bes &#8211; hai nh\u00e0 t\u01b0 v\u1ea5n t\u00e2m l\u00fd v\u00e0 ti\u1ebfp th\u1ecb h\u00e0ng \u0111\u1ea7u th\u1ebf gi\u1edbi \u0111\u00e3 c\u00f3 c\u00f4ng tr\u00ecnh nghi\u00ean c\u1ee9u v\u1ec1 th\u00e1i \u0111\u1ed9, h\u00e0nh vi con ng\u01b0\u1eddi c\u0169ng nh\u01b0 \u01b0\u1edbc mong, ni\u1ec1m tin c\u1ee7a h\u1ecd \u0111\u1ed1i v\u1edbi s\u1ef1 may m\u1eafn, d\u1eabn \u0111\u1ebfn th\u00e0nh c\u00f4ng trong cu\u1ed9c s\u1ed1ng, xoay quanh 12 b\u00ed m\u1eadt nh\u1ecf, v\u1eeba k\u1ec3 chuy\u1ec7n, v\u1eeba tr\u00edch d\u1eabn ch\u00e2m ng\u00f4n tri\u1ebft l\u00ed nh\u1eefng c\u00e2u chuy\u1ec7n gi\u1ea3n d\u1ecb n\u00e0y c\u00f3 th\u1ec3 \u0111\u01b0\u1ee3c \u00e1p d\u1ee5ng r\u1ea5t r\u1ed9ng r\u00e3i cho t\u1ea5t c\u1ea3 m\u1ecdi ng\u01b0\u1eddi v\u00e0 c\u00f3 kh\u1ea3 n\u0103ng kh\u00edch l\u1ec7 tinh th\u1ea7n, th\u00e1i \u0111\u1ed9 s\u1ed1ng m\u1ed9t c\u00e1ch \u0111\u1ed9c \u0111\u00e1o. <\/p>\n<p>Ch\u00ednh v\u00ec v\u1eady Good luck \u2013 B\u00ed M\u1eadt C\u1ee7a May M\u1eafn l\u00e0 c\u00e2u chuy\u1ec7n ch\u01b0a bao gi\u1edd l\u00e0 c\u0169 v\u00e0 tr\u1edf th\u00e0nh m\u1ed9t cu\u1ed1n s\u00e1ch li\u00ean t\u1ee5c ph\u00e1 v\u1ee1 nhi\u1ec1u k\u1ef7 l\u1ee5c trong l\u1ecbch s\u1eed xu\u1ea5t b\u1ea3n th\u1ebf gi\u1edbi. Tr\u01b0\u1edbc khi Good Luck  &#8211; B\u00ed m\u1eadt c\u1ee7a may m\u1eafn \u0111\u1ebfn v\u1edbi Vi\u1ec7t Nam th\u00ec cu\u1ed1n s\u00e1ch \u0111\u00e3 c\u00f3 m\u1eb7t t\u1ea1i 68 qu\u1ed1c gia tr\u00ean th\u1ebf gi\u1edbi (v\u1edbi 35 ng\u00f4n ng\u1eef) ch\u1ec9 trong v\u00f2ng m\u1ed9t n\u0103m.<\/p>\n","protected":false},"featured_media":10492,"template":"","meta":{"_acf_changed":false},"product_brand":[],"product_cat":[15,46],"product_tag":[],"class_list":{"0":"post-10502","1":"product","2":"type-product","3":"status-publish","4":"has-post-thumbnail","6":"product_cat-sach-danh-cho-nguoi-lon","7":"product_cat-ky-nang-song","9":"first","10":"outofstock","11":"taxable","12":"shipping-taxable","13":"purchasable","14":"product-type-simple"},"supplier_id":null,"supplier_sku":"","barcode":null,"atum_controlled":true,"out_stock_date":"2023-06-24 06:14:51","out_stock_threshold":null,"inheritable":false,"inbound_stock":0,"stock_on_hold":0,"sold_today":0,"sales_last_days":0,"reserved_stock":0,"customer_returns":0,"warehouse_damage":0,"lost_in_post":0,"other_logs":0,"out_stock_days":949,"lost_sales":0,"has_location":false,"update_date":"2026-01-28T23:10:46","atum_locations":[],"atum_stock_status":"outofstock","restock_status":false,"low_stock_amount":"","sales_update_date":"2026-01-28T23:10:46","calc_backorders":null,"acf":{"publisher":{"ID":6196,"post_author":"1","post_date":"2021-03-15 01:26:01","post_date_gmt":"2021-03-14 23:26:01","post_content":"","post_title":"FIRST NEWS","post_excerpt":"","post_status":"publish","comment_status":"closed","ping_status":"closed","post_password":"","post_name":"first-news","to_ping":"","pinged":"","post_modified":"2021-03-15 01:26:01","post_modified_gmt":"2021-03-14 23:26:01","post_content_filtered":"","post_parent":0,"guid":"https:\/\/sachviet.eu\/blog\/nha-phat-hanh\/first-news\/","menu_order":0,"post_type":"publisher","post_mime_type":"","comment_count":"0","filter":"raw"}},"_links":{"self":[{"href":"https:\/\/sachviet.eu\/en\/wp-json\/wp\/v2\/product\/10502","targetHints":{"allow":["GET"]}}],"collection":[{"href":"https:\/\/sachviet.eu\/en\/wp-json\/wp\/v2\/product"}],"about":[{"href":"https:\/\/sachviet.eu\/en\/wp-json\/wp\/v2\/types\/product"}],"wp:featuredmedia":[{"embeddable":true,"href":"https:\/\/sachviet.eu\/en\/wp-json\/wp\/v2\/media\/10492"}],"wp:attachment":[{"href":"https:\/\/sachviet.eu\/en\/wp-json\/wp\/v2\/media?parent=10502"}],"wp:term":[{"taxonomy":"product_brand","embeddable":true,"href":"https:\/\/sachviet.eu\/en\/wp-json\/wp\/v2\/product_brand?post=10502"},{"taxonomy":"product_cat","embeddable":true,"href":"https:\/\/sachviet.eu\/en\/wp-json\/wp\/v2\/product_cat?post=10502"},{"taxonomy":"product_tag","embeddable":true,"href":"https:\/\/sachviet.eu\/en\/wp-json\/wp\/v2\/product_tag?post=10502"}],"curies":[{"name":"wp","href":"https:\/\/api.w.org\/{rel}","templated":true}]}}