{"id":10479,"date":"2021-06-02T19:42:41","date_gmt":"2021-06-02T16:42:41","guid":{"rendered":"https:\/\/sachviet.eu\/shop\/sach-tet-canh-ty-2020-hop-tuyen-van-tho-nhac-hoa-chu-de-mua-xuan-va-ngay-tet\/"},"modified":"2021-06-23T21:17:54","modified_gmt":"2021-06-23T18:17:54","slug":"sach-tet-canh-ty-2020-hop-tuyen-van-tho-nhac-hoa-chu-de-mua-xuan-va-ngay-tet","status":"publish","type":"product","link":"https:\/\/sachviet.eu\/en\/shop\/sach-tet-canh-ty-2020-hop-tuyen-van-tho-nhac-hoa-chu-de-mua-xuan-va-ngay-tet\/","title":{"rendered":"S\u00e1ch T\u1ebft Canh T\u00fd 2020 &#8211; H\u1ee3p Tuy\u1ec3n V\u0103n Th\u01a1 Nh\u1ea1c H\u1ecda Ch\u1ee7 \u0110\u1ec1 M\u00f9a Xu\u00e2n V\u00e0 Ng\u00e0y T\u1ebft"},"content":{"rendered":"<p>Sau 60 n\u0103m v\u1eafng b\u00f3ng, s\u1ef1 tr\u1edf l\u1ea1i c\u1ee7a S\u00e1ch T\u1ebft 2019 do \u0110\u00f4ng A \u1ea5n h\u00e0nh \u0111\u00e3 mang \u0111\u1ebfn m\u1ed9t m\u00f3n qu\u00e0 m\u1edbi trong m\u00f9a xu\u00e2n K\u1ef7 H\u1ee3i. V\u00e0 nay, khi n\u0103m c\u0169 g\u1ea7n qua, S\u00e1ch T\u1ebft Canh T\u00fd 2020 l\u1ea1i chu\u1ea9n b\u1ecb ra m\u1eaft \u0111\u1ec3 ti\u1ebfp n\u1ed1i n\u00e9t \u0111\u1eb9p \u1ea5y.<\/p>\n<p>Ngo\u00e0i s\u1ef1 g\u00f3p m\u1eb7t c\u1ee7a c\u00e1c t\u00e1c gi\u1ea3, h\u1ecda s\u0129 t\u00ean tu\u1ed5i nh\u01b0 Cao Huy Thu\u1ea7n, H\u1ed3 Anh Th\u00e1i, Phan Th\u1ecb V\u00e0ng Anh, Th\u00e0nh Ch\u01b0\u01a1ng, L\u00ea Tr\u00ed D\u0169ng, \u0110\u1ed7 Ho\u00e0ng T\u01b0\u1eddng\u2026 S\u00e1ch T\u1ebft 2020 c\u00f3 s\u1ef1 tham gia c\u1ee7a m\u1ed9t s\u1ed1 c\u00e2y b\u00fat m\u1edbi t\u1eeb nhi\u1ec1u v\u00f9ng mi\u1ec1n \u0111\u1ea5t n\u01b0\u1edbc. Nh\u1edd \u0111\u00f3, c\u1ed9ng th\u00eam v\u1edbi kinh nghi\u1ec7m c\u1ee7a nh\u1eefng ng\u01b0\u1eddi l\u00e0m s\u00e1ch c\u0169ng nh\u01b0 s\u1ef1 g\u00f3p \u00fd c\u1ee7a \u0111\u1ed9c gi\u1ea3 cho \u1ea5n b\u1ea3n \u0111\u1ea7u ti\u00ean, S\u00e1ch T\u1ebft 2020 \u0111\u00e3 tr\u1edf n\u00ean phong ph\u00fa, \u0111a d\u1ea1ng v\u00e0 c\u0169ng ch\u1ea5t l\u01b0\u1ee3ng h\u01a1n. S\u00e1ch m\u1edf \u0111\u1ea7u v\u1edbi ph\u1ea7n Ch\u1edd \u0111\u00f3n giao th\u1eeba. \u1ede \u0111\u1ea5y, ta b\u1eaft g\u1eb7p nh\u1eefng d\u00e1ng ng\u01b0\u1eddi t\u1ea5t t\u1ea3 v\u1ec1 qu\u00ea \u0103n t\u1ebft trong c\u00e1i l\u1ea1nh se se c\u1ee7a mi\u1ec1n B\u1eafc; ta s\u1ed1ng l\u1ea1i nh\u1eefng truy\u1ec1n th\u1ed1ng xa x\u01b0a v\u1edbi s\u1eafc \u0111\u00e0o ch\u1ea5m ph\u00e1 trong s\u01b0\u01a1ng, v\u1edbi g\u00e1i l\u00e0ng \u0111\u00e0o qu\u1ea7n l\u1ee5a x\u00f2a k\u00edn g\u00f3t, \u00e1o n\u00e2u th\u1eaft eo, tung t\u1ea9y \u0111\u00f4i s\u1ea3o tre ra b\u00e3i s\u00f4ng k\u0129u k\u1ecbt v\u1edbt v\u00e1ng ph\u00f9 sa, v\u1edbi nh\u1eefng kh\u00e1ch v\u0103n ch\u01b0\u01a1ng \u0111\u1ea5t B\u1eafc, v\u00e0 v\u1edbi nh\u1eefng c\u1ea3nh qu\u00ea ngh\u00e8o th\u1ee7a n\u00e0o xa x\u00f4i l\u1eafm. Nh\u1ecbp s\u00e1ch l\u1ea1i n\u1ed1i d\u00e0i v\u1edbi Th\u01a1 v\u00e0 V\u0103n, v\u1edbi nh\u1eefng c\u01a1n gi\u00f4ng m\u00f9a xu\u00e2n t\u01b0\u1edbi t\u1eafm t\u00e2m h\u1ed3n trong nh\u1eefng x\u00fac c\u1ea3m. Ng\u00e0y xu\u00e2n \u1ea5y c\u00f3 k\u1ebb b\u1ecf ph\u1ed3n hoa, b\u1ecf ph\u1ed1 th\u1ecb l\u00ean mi\u1ec1n T\u00e2y B\u1eafc \u0111\u1ec3 \u0111\u01b0\u1ee3c tr\u01b0a u\u1ed1ng r\u01b0\u1ee3u, t\u1ed1i t\u1eafm ti\u00ean, s\u00e1ng ra nghe con h\u1ecda mi trong tr\u1ebbo h\u00f3t gi\u1eefa r\u1eebng. Kh\u00f4ng ch\u1ec9 g\u00f3i g\u1ecdn \u1edf nh\u1eefng \u00e1ng th\u01a1, v\u0103n, \u0111i\u1ec3m m\u1edbi c\u1ee7a s\u00e1ch t\u1ebft n\u0103m nay l\u00e0 ph\u1ea7n b\u00ecnh Nh\u1ea1c, H\u1ecda v\u00e0 Th\u01a1 v\u1edbi nh\u1eefng b\u00e0i c\u1ea3m nh\u1eadn s\u00e2u l\u1eafng v\u00e0 \u0111\u1ed9c \u0111\u00e1o v\u1ec1 c\u00e1c b\u1ea3n nh\u1ea1c, c\u00e1c h\u1ecda ph\u1ea9m, c\u00e1c b\u00e0i th\u01a1 n\u1ed5i ti\u1ebfng v\u1ec1 ch\u1ee7 \u0111\u1ec1 m\u00f9a xu\u00e2n v\u00e0 cu\u1ed9c s\u1ed1ng \u0111\u1ec3 b\u1ea1n \u0111\u1ecdc c\u00f3 th\u00eam nh\u1eefng gi\u00e2y ph\u00fat th\u00fa v\u1ecb. V\u00e0 c\u1ee9 nh\u01b0 th\u1ebf, trong gi\u1ecf qu\u00e0 t\u1ebft, ngo\u00e0i nh\u1eefng b\u00e1nh, nh\u1eefng r\u01b0\u1ee3u th\u00ec xu\u1ea5t hi\u1ec7n th\u00eam m\u1ed9t m\u00f3n qu\u00e0 tinh th\u1ea7n l\u00e0 quy\u1ec3n S\u00e1ch T\u1ebft nho nh\u1ecf. Tr\u00ean b\u00e0n tr\u00e0, ngo\u00e0i m\u1ee9t t\u1ebft, h\u1ea1t d\u01b0a, c\u00f2n c\u00f3 s\u1ef1 g\u00f3p m\u1eb7t khi\u00eam nh\u01b0\u1eddng c\u1ee7a S\u00e1ch T\u1ebft. B\u00ean c\u1ea1nh th\u00fa du xu\u00e2n, ng\u01b0\u1eddi ta c\u00f2n c\u00f3 th\u00eam c\u00e1i th\u00fa tao nh\u00e3: \u0111\u1ecdc \u2013 ng\u1eabm S\u00e1ch T\u1ebft. Ng\u01b0\u1eddi gi\u00e0 \u0111\u1ecdc \u0111\u1ec3 ho\u00e0i nh\u1edb t\u1ebft x\u01b0a; ng\u01b0\u1eddi tr\u1ebb \u0111\u1ecdc \u0111\u1ec3 tr\u00e2n qu\u00fd t\u1ebft nay.<\/p>\n<p>Hy v\u1ecdng r\u1eb1ng, v\u1edbi nh\u1eefng \u0111i\u1ec1u tr\u00ean, S\u00e1ch T\u1ebft Canh T\u00fd 2020 s\u1ebd l\u1ea1i g\u00f3p ph\u1ea7n l\u00e0m n\u00ean m\u1ed9t m\u00f9a xu\u00e2n m\u1edbi th\u1eadt \u1ea5m \u00e1p v\u00e0 tr\u1ecdn v\u1eb9n cho qu\u00fd \u0111\u1ed9c gi\u1ea3.<\/p>\n","protected":false},"excerpt":{"rendered":"<p>Sau 60 n\u0103m v\u1eafng b\u00f3ng, s\u1ef1 tr\u1edf l\u1ea1i c\u1ee7a S\u00e1ch T\u1ebft 2019 do \u0110\u00f4ng A \u1ea5n h\u00e0nh \u0111\u00e3 mang \u0111\u1ebfn m\u1ed9t m\u00f3n qu\u00e0 m\u1edbi trong m\u00f9a xu\u00e2n K\u1ef7 H\u1ee3i. V\u00e0 nay, khi n\u0103m c\u0169 g\u1ea7n qua, S\u00e1ch T\u1ebft Canh T\u00fd 2020 l\u1ea1i chu\u1ea9n b\u1ecb ra m\u1eaft \u0111\u1ec3 ti\u1ebfp n\u1ed1i n\u00e9t \u0111\u1eb9p \u1ea5y.<\/p>\n<p>Ngo\u00e0i s\u1ef1 g\u00f3p m\u1eb7t c\u1ee7a c\u00e1c t\u00e1c gi\u1ea3, h\u1ecda s\u0129 t\u00ean tu\u1ed5i nh\u01b0 Cao Huy Thu\u1ea7n, H\u1ed3 Anh Th\u00e1i, Phan Th\u1ecb V\u00e0ng Anh, Th\u00e0nh Ch\u01b0\u01a1ng, L\u00ea Tr\u00ed D\u0169ng, \u0110\u1ed7 Ho\u00e0ng T\u01b0\u1eddng\u2026 S\u00e1ch T\u1ebft 2020 c\u00f3 s\u1ef1 tham gia c\u1ee7a m\u1ed9t s\u1ed1 c\u00e2y b\u00fat m\u1edbi t\u1eeb nhi\u1ec1u v\u00f9ng mi\u1ec1n \u0111\u1ea5t n\u01b0\u1edbc. Nh\u1edd \u0111\u00f3, c\u1ed9ng th\u00eam v\u1edbi kinh nghi\u1ec7m c\u1ee7a nh\u1eefng ng\u01b0\u1eddi l\u00e0m s\u00e1ch c\u0169ng nh\u01b0 s\u1ef1 g\u00f3p \u00fd c\u1ee7a \u0111\u1ed9c gi\u1ea3 cho \u1ea5n b\u1ea3n \u0111\u1ea7u ti\u00ean, S\u00e1ch T\u1ebft 2020 \u0111\u00e3 tr\u1edf n\u00ean phong ph\u00fa, \u0111a d\u1ea1ng v\u00e0 c\u0169ng ch\u1ea5t l\u01b0\u1ee3ng h\u01a1n. S\u00e1ch m\u1edf \u0111\u1ea7u v\u1edbi ph\u1ea7n Ch\u1edd \u0111\u00f3n giao th\u1eeba. \u1ede \u0111\u1ea5y, ta b\u1eaft g\u1eb7p nh\u1eefng d\u00e1ng ng\u01b0\u1eddi t\u1ea5t t\u1ea3 v\u1ec1 qu\u00ea \u0103n t\u1ebft trong c\u00e1i l\u1ea1nh se se c\u1ee7a mi\u1ec1n B\u1eafc; ta s\u1ed1ng l\u1ea1i nh\u1eefng truy\u1ec1n th\u1ed1ng xa x\u01b0a v\u1edbi s\u1eafc \u0111\u00e0o ch\u1ea5m ph\u00e1 trong s\u01b0\u01a1ng, v\u1edbi g\u00e1i l\u00e0ng \u0111\u00e0o qu\u1ea7n l\u1ee5a x\u00f2a k\u00edn g\u00f3t, \u00e1o n\u00e2u th\u1eaft eo, tung t\u1ea9y \u0111\u00f4i s\u1ea3o tre ra b\u00e3i s\u00f4ng k\u0129u k\u1ecbt v\u1edbt v\u00e1ng ph\u00f9 sa, v\u1edbi nh\u1eefng kh\u00e1ch v\u0103n ch\u01b0\u01a1ng \u0111\u1ea5t B\u1eafc, v\u00e0 v\u1edbi nh\u1eefng c\u1ea3nh qu\u00ea ngh\u00e8o th\u1ee7a n\u00e0o xa x\u00f4i l\u1eafm. Nh\u1ecbp s\u00e1ch l\u1ea1i n\u1ed1i d\u00e0i v\u1edbi Th\u01a1 v\u00e0 V\u0103n, v\u1edbi nh\u1eefng c\u01a1n gi\u00f4ng m\u00f9a xu\u00e2n t\u01b0\u1edbi t\u1eafm t\u00e2m h\u1ed3n trong nh\u1eefng x\u00fac c\u1ea3m. Ng\u00e0y xu\u00e2n \u1ea5y c\u00f3 k\u1ebb b\u1ecf ph\u1ed3n hoa, b\u1ecf ph\u1ed1 th\u1ecb l\u00ean mi\u1ec1n T\u00e2y B\u1eafc \u0111\u1ec3 \u0111\u01b0\u1ee3c tr\u01b0a u\u1ed1ng r\u01b0\u1ee3u, t\u1ed1i t\u1eafm ti\u00ean, s\u00e1ng ra nghe con h\u1ecda mi trong tr\u1ebbo h\u00f3t gi\u1eefa r\u1eebng. Kh\u00f4ng ch\u1ec9 g\u00f3i g\u1ecdn \u1edf nh\u1eefng \u00e1ng th\u01a1, v\u0103n, \u0111i\u1ec3m m\u1edbi c\u1ee7a s\u00e1ch t\u1ebft n\u0103m nay l\u00e0 ph\u1ea7n b\u00ecnh Nh\u1ea1c, H\u1ecda v\u00e0 Th\u01a1 v\u1edbi nh\u1eefng b\u00e0i c\u1ea3m nh\u1eadn s\u00e2u l\u1eafng v\u00e0 \u0111\u1ed9c \u0111\u00e1o v\u1ec1 c\u00e1c b\u1ea3n nh\u1ea1c, c\u00e1c h\u1ecda ph\u1ea9m, c\u00e1c b\u00e0i th\u01a1 n\u1ed5i ti\u1ebfng v\u1ec1 ch\u1ee7 \u0111\u1ec1 m\u00f9a xu\u00e2n v\u00e0 cu\u1ed9c s\u1ed1ng \u0111\u1ec3 b\u1ea1n \u0111\u1ecdc c\u00f3 th\u00eam nh\u1eefng gi\u00e2y ph\u00fat th\u00fa v\u1ecb. V\u00e0 c\u1ee9 nh\u01b0 th\u1ebf, trong gi\u1ecf qu\u00e0 t\u1ebft, ngo\u00e0i nh\u1eefng b\u00e1nh, nh\u1eefng r\u01b0\u1ee3u th\u00ec xu\u1ea5t hi\u1ec7n th\u00eam m\u1ed9t m\u00f3n qu\u00e0 tinh th\u1ea7n l\u00e0 quy\u1ec3n S\u00e1ch T\u1ebft nho nh\u1ecf. Tr\u00ean b\u00e0n tr\u00e0, ngo\u00e0i m\u1ee9t t\u1ebft, h\u1ea1t d\u01b0a, c\u00f2n c\u00f3 s\u1ef1 g\u00f3p m\u1eb7t khi\u00eam nh\u01b0\u1eddng c\u1ee7a S\u00e1ch T\u1ebft. B\u00ean c\u1ea1nh th\u00fa du xu\u00e2n, ng\u01b0\u1eddi ta c\u00f2n c\u00f3 th\u00eam c\u00e1i th\u00fa tao nh\u00e3: \u0111\u1ecdc \u2013 ng\u1eabm S\u00e1ch T\u1ebft. Ng\u01b0\u1eddi gi\u00e0 \u0111\u1ecdc \u0111\u1ec3 ho\u00e0i nh\u1edb t\u1ebft x\u01b0a; ng\u01b0\u1eddi tr\u1ebb \u0111\u1ecdc \u0111\u1ec3 tr\u00e2n qu\u00fd t\u1ebft nay.<\/p>\n<p>Hy v\u1ecdng r\u1eb1ng, v\u1edbi nh\u1eefng \u0111i\u1ec1u tr\u00ean, S\u00e1ch T\u1ebft Canh T\u00fd 2020 s\u1ebd l\u1ea1i g\u00f3p ph\u1ea7n l\u00e0m n\u00ean m\u1ed9t m\u00f9a xu\u00e2n m\u1edbi th\u1eadt \u1ea5m \u00e1p v\u00e0 tr\u1ecdn v\u1eb9n cho qu\u00fd \u0111\u1ed9c gi\u1ea3.<\/p>\n","protected":false},"featured_media":10475,"template":"","meta":{"_acf_changed":false},"product_brand":[],"product_cat":[17,71],"product_tag":[],"class_list":{"0":"post-10479","1":"product","2":"type-product","3":"status-publish","4":"has-post-thumbnail","6":"product_cat-sach-danh-cho-cac-be","7":"product_cat-sach-tre-em-thuan-viet","9":"first","10":"outofstock","11":"taxable","12":"shipping-taxable","13":"purchasable","14":"product-type-simple"},"supplier_id":null,"supplier_sku":"","barcode":null,"atum_controlled":true,"out_stock_date":"2021-06-23 18:17:54","out_stock_threshold":null,"inheritable":false,"inbound_stock":0,"stock_on_hold":0,"sold_today":0,"sales_last_days":0,"reserved_stock":0,"customer_returns":0,"warehouse_damage":0,"lost_in_post":0,"other_logs":0,"out_stock_days":1680,"lost_sales":0,"has_location":false,"update_date":"2026-01-28T23:10:46","atum_locations":[],"atum_stock_status":"outofstock","restock_status":false,"low_stock_amount":"","sales_update_date":"2026-01-28T23:10:46","calc_backorders":null,"acf":{"publisher":{"ID":1544,"post_author":"1","post_date":"2021-02-17 01:24:05","post_date_gmt":"2021-02-16 23:24:05","post_content":"","post_title":"\u0110\u00f4ng A","post_excerpt":"","post_status":"publish","comment_status":"closed","ping_status":"closed","post_password":"","post_name":"dong-a","to_ping":"","pinged":"","post_modified":"2021-02-17 01:24:05","post_modified_gmt":"2021-02-16 23:24:05","post_content_filtered":"","post_parent":0,"guid":"https:\/\/sachviet.eu\/nha-phat-hanh\/dong-a\/","menu_order":0,"post_type":"publisher","post_mime_type":"","comment_count":"0","filter":"raw"}},"_links":{"self":[{"href":"https:\/\/sachviet.eu\/en\/wp-json\/wp\/v2\/product\/10479","targetHints":{"allow":["GET"]}}],"collection":[{"href":"https:\/\/sachviet.eu\/en\/wp-json\/wp\/v2\/product"}],"about":[{"href":"https:\/\/sachviet.eu\/en\/wp-json\/wp\/v2\/types\/product"}],"wp:featuredmedia":[{"embeddable":true,"href":"https:\/\/sachviet.eu\/en\/wp-json\/wp\/v2\/media\/10475"}],"wp:attachment":[{"href":"https:\/\/sachviet.eu\/en\/wp-json\/wp\/v2\/media?parent=10479"}],"wp:term":[{"taxonomy":"product_brand","embeddable":true,"href":"https:\/\/sachviet.eu\/en\/wp-json\/wp\/v2\/product_brand?post=10479"},{"taxonomy":"product_cat","embeddable":true,"href":"https:\/\/sachviet.eu\/en\/wp-json\/wp\/v2\/product_cat?post=10479"},{"taxonomy":"product_tag","embeddable":true,"href":"https:\/\/sachviet.eu\/en\/wp-json\/wp\/v2\/product_tag?post=10479"}],"curies":[{"name":"wp","href":"https:\/\/api.w.org\/{rel}","templated":true}]}}