{"id":10470,"date":"2021-06-02T19:42:16","date_gmt":"2021-06-02T16:42:16","guid":{"rendered":"https:\/\/sachviet.eu\/shop\/nguoi-kep-gia-truyen-ngan-va-vua-kim-lan-voi-18-minh-hoa-cua-thanh-chuong\/"},"modified":"2022-12-19T22:09:11","modified_gmt":"2022-12-19T20:09:11","slug":"nguoi-kep-gia-truyen-ngan-va-vua-kim-lan-voi-18-minh-hoa-cua-thanh-chuong","status":"publish","type":"product","link":"https:\/\/sachviet.eu\/en\/shop\/nguoi-kep-gia-truyen-ngan-va-vua-kim-lan-voi-18-minh-hoa-cua-thanh-chuong\/","title":{"rendered":"Ng\u01b0\u1eddi K\u00e9p Gi\u00e0 &#8211; Truy\u1ec7n Ng\u1eafn V\u00e0 V\u1eeba Kim L\u00e2n (V\u1edbi 18 Minh H\u1ecda C\u1ee7a Th\u00e0nh Ch\u01b0\u01a1ng)"},"content":{"rendered":"<p>Ng\u01b0\u1eddi k\u00e9p gi\u00e0 bao g\u1ed3m nh\u1eefng truy\u1ec7n ng\u1eafn v\u00e0 v\u1eeba c\u1ee7a nh\u00e0 v\u0103n Kim L\u00e2n m\u00e0 t\u00f4i \u0111\u00e3 \u0111\u1ecdc nh\u1eefng truy\u1ec7n n\u00e0y v\u00e0 c\u00f3 truy\u1ec7n \u0111\u1ecdc r\u1ea5t nhi\u1ec1u l\u1ea7n. Nh\u01b0ng \u1ea5n b\u1ea3n l\u1ea7n n\u00e0y v\u1eabn l\u00e0m t\u00f4i ng\u1eadp tr\u00e0n c\u1ea3m h\u1ee9ng v\u00e0 ch\u00ecm s\u00e2u trong suy t\u01b0\u1edfng khi \u0111\u1ecdc l\u1ea1i. [\u2026] Nh\u1eefng t\u00e1c ph\u1ea9m trong cu\u1ed1n s\u00e1ch n\u00e0y c\u1ee7a \u00f4ng l\u00e0 nh\u1eefng c\u00e2uchuy\u1ec7n \u0111\u1eddi s\u1ed1ng c\u1ee7a g\u1ea7n m\u1ed9t th\u1ebf k\u1ef7 tr\u01b0\u1edbc. Nh\u01b0ng t\u1ea5t c\u1ea3 v\u1eabn nh\u01b0v\u1eeba di\u1ec5n ra. Ng\u00f4n ng\u1eef v\u00e0 nh\u1eefng th\u00f4ng \u0111i\u1ec7p ch\u1ee9a \u0111\u1ef1ng b\u00ean trongnh\u1eefng c\u00e2u chuy\u1ec7n c\u1ee7a \u00f4ng v\u1eabn r\u1ef1c \u1ea5m nh\u01b0 m\u1ed9t d\u00f2ng m\u00e1u ch\u1ea3ytrong c\u01a1 th\u1ec3 th\u1eddi gian m\u00e0 nh\u1eefng ng\u01b0\u1eddi \u0111\u01b0\u01a1ng th\u1eddi \u0111ang s\u1ed1ngtrong \u0111\u00f3. M\u1ecdi h\u00ecnh th\u1ee9c x\u00e3 h\u1ed9i lu\u00f4n thay \u0111\u1ed5i nh\u01b0ng b\u1ea3n ch\u1ea5t c\u1ee7aki\u1ebfp ng\u01b0\u1eddi kh\u00f4ng thay \u0111\u1ed5i, m\u1ecdi ng\u00f4n ng\u1eef c\u00f3 th\u1ec3 thay \u0111\u1ed5i nh\u01b0ngb\u1ea3n ch\u1ea5t c\u1ee7a t\u00ecnh y\u00eau th\u01b0\u01a1ng con ng\u01b0\u1eddi v\u00e0 c\u00e1i Thi\u1ec7n kh\u00f4ng h\u1ec1thay \u0111\u1ed5i. V\u0103n ch\u01b0\u01a1ng c\u1ee7a nh\u00e0 v\u0103n Kim L\u00e2n thu\u1ed9c v\u1ec1 nh\u1eefng \u0111i\u1ec1ukh\u00f4ng th\u1ec3 thay \u0111\u1ed5i \u1ea5y. \u00d4ng \u0111\u00e3 ch\u1ea1m v\u00e0o c\u00e1i l\u00f5i c\u1ee7a ki\u1ebfp nh\u00e2nsinh v\u00e0 \u00f4ng c\u0169ng s\u1ed1ng trong c\u00e1i l\u00f5i c\u1ee7a m\u1ecdi ki\u1ebfp nh\u00e2n sinh v\u00ecv\u1eady \u00f4ng c\u00f2n m\u00e3i \u0111\u1ebfn b\u00e2y gi\u1edd.<\/p>\n<p>\u1ea4n ph\u1ea9m m\u1edbi mang t\u00ean Ng\u01b0\u1eddi k\u00e9p gi\u00e0 c\u00f3 m\u1ed9t \u0111i\u1ec1u v\u00f4 c\u00f9ng \u0111\u1eb7c bi\u1ec7t. \u0110\u00f3 l\u00e0 nh\u1eefng ph\u1ee5 b\u1ea3n c\u1ee7a h\u1ecda s\u1ef9 danh ti\u1ebfng Th\u00e0nh Ch\u01b0\u01a1ng. H\u1ecda s\u1ef9 Th\u00e0nh Ch\u01b0\u01a1ng l\u00e0 con trai nh\u00e0 v\u0103n Kim L\u00e2n. Nh\u01b0ng kh\u00f4ng ph\u1ea3i v\u00ec l\u00fd do \u0111\u00f3 m\u00e0 h\u1ecda s\u1ef9 \u0111\u00e3 v\u1ebd nh\u1eefng ph\u1ee5 b\u1ea3n hi\u1ec7n \u0111\u1ea1i nh\u01b0ng l\u1ea1i ch\u1ee9a \u0111\u1ef1ng tinh th\u1ea7n c\u1ee7a nh\u1eefng c\u00e2u chuy\u1ec7n cha m\u00ecnh \u0111\u00e3 vi\u1ebft k\u1ec3 c\u1ea3 nh\u1eefng c\u00e2u chuy\u1ec7n t\u1eeb khi h\u1ecda s\u1ef9 ch\u01b0a ra \u0111\u1eddi. Gi\u1eefa hai v\u0103n b\u1ea3n kh\u00e1c nhau c\u1ee7a ch\u1eef v\u00e0 m\u00e0u s\u1eafc, h\u00ecnh kh\u1ed1i,<br \/>\ngi\u1eefa hai th\u1ebf h\u1ec7 kh\u00e1c nhau nhi\u1ec1u \u0111i\u1ec1u nh\u01b0ng ta v\u1eabn th\u1ea5y m\u1ed9t c\u00e2y c\u1ea7u b\u1eafc qua hai b\u1edd c\u1ee7a s\u1ef1 kh\u00e1c bi\u1ec7t \u0111\u00f3. Nh\u01b0ng \u0111\u00f3 ch\u1ec9 l\u00e0 s\u1ef1 kh\u00e1c bi\u1ec7t c\u1ee7a th\u1eddi gian v\u00e0 h\u00ecnh th\u1ee9c, c\u00f2n nh\u1eefng tr\u1ee5 c\u1ea7u \u0111\u1ec3 b\u1eafc c\u00e2y c\u1ea7u \u1ea5y l\u00e0 C\u00e1i \u0111\u1eb9p v\u00e0 T\u01b0 t\u01b0\u1edfng. C\u0169ng nh\u01b0 th\u1eddi \u0111\u1ea1i c\u1ee7a nh\u1eefng t\u00e1c ph\u1ea9m Kim L\u00e2n v\u00e0 con ng\u01b0\u1eddi Kim L\u00e2n c\u00f3 r\u1ea5t nhi\u1ec1u kh\u00e1c bi\u1ec7t v\u1edbi th\u1eddi \u0111\u1ea1i c\u1ee7a nh\u1eefng ng\u01b0\u1eddi \u0111ang \u0111\u1ecdc Kim L\u00e2n, nh\u01b0ng s\u1ef1 y\u00eau qu\u00edv\u0103n ch\u01b0\u01a1ng Kim L\u00e2n v\u00e0 s\u1ef1 k\u00ednh tr\u1ecdng con ng\u01b0\u1eddi Kim L\u00e2n c\u1ee7a b\u1ea1n \u0111\u1ecdc th\u1eddi nay v\u00e0 sau n\u00e0y l\u1ea1i \u0111\u01b0\u1ee3c b\u1eafc b\u1eb1ng m\u1ed9t c\u00e2y c\u1ea7u b\u1edfinh\u1eefng tr\u1ee5 c\u1ea7u nh\u01b0 th\u1ebf.<\/p>\n<p>Tr\u00edch L\u1eddi gi\u1edbi thi\u1ec7u c\u1ee7a nh\u00e0 v\u0103n Nguy\u1ec5n Quang Thi\u1ec1u<\/p>\n<p>Th\u00f4ng tin t\u00e1c gi\u1ea3:<\/p>\n<p>Kim L\u00e2n (1920-2007) l\u00e0 nh\u00e0 v\u0103n Vi\u1ec7t Nam th\u00e0nh danh tr\u01b0\u1edbc C\u00e1ch m\u1ea1ng Th\u00e1ng T\u00e1m. \u00d4ng t\u00ean th\u1eadt l\u00e0 Nguy\u1ec5n V\u0103n T\u00e0i, qu\u00ea \u1edf l\u00e0ng Ph\u00f9 L\u01b0u, x\u00e3 T\u00e2n H\u1ed3ng, nay l\u00e0 ph\u01b0\u1eddng \u0110\u00f4ng Ng\u00e0n, th\u1ecb x\u00e3 T\u1eeb S\u01a1n, t\u1ec9nh B\u1eafc Ninh. N\u0103m 1942, Kim L\u00e2n tr\u00ecnh l\u00e0ng truy\u1ec7n ng\u1eafn \u0111\u1ea7u tay \u0110\u1ee9a con ng\u01b0\u1eddi v\u1ee3 l\u1ebd, t\u1eeb \u0111\u00f3 nhanh ch\u00f3ng x\u00e1c l\u1eadp t\u00ean tu\u1ed5i tr\u00ean v\u0103n \u0111\u00e0n v\u00e0 tr\u1edf th\u00e0nh c\u00e2y b\u00fat quen thu\u1ed9c c\u1ee7a c\u00e1c t\u1edd Trung B\u1eafc ch\u1ee7 nh\u1eadt v\u00e0 Ti\u1ec3u thuy\u1ebft th\u1ee9 b\u1ea3y. C\u00e1c s\u00e1ng t\u00e1c c\u1ee7a \u00f4ng ch\u1ee7 y\u1ebfu kh\u1eafc h\u1ecda b\u1ed1i c\u1ea3nh x\u00e3 h\u1ed9i hi\u1ec7n th\u1ef1c Vi\u1ec7t Nam \u0111\u01b0\u01a1ng th\u1eddi v\u00e0 t\u00e1i hi\u1ec7n m\u1ed9t c\u00e1ch s\u1ed1ng \u0111\u1ed9ng c\u00e1c sinh ho\u1ea1t v\u0103n h\u00f3a, th\u00fa ch\u01a1i \u1edf th\u00f4n qu\u00ea B\u1eafc B\u1ed9 thu\u1edf tr\u01b0\u1edbc. M\u1ed9t s\u1ed1 truy\u1ec7n ng\u1eafn ti\u00eau bi\u1ec3u c\u1ee7a Kim L\u00e2n l\u00e0 L\u00e0ng, V\u1ee3 nh\u1eb7t, Ng\u01b0\u1eddi k\u00e9p gi\u00e0\u2026 \u1ede l\u1ee9a tu\u1ed5i x\u1ebf chi\u1ec1u, Kim L\u00e2n b\u1eaft \u0111\u1ea7u b\u00e9n duy\u00ean v\u1edbi phim \u0111i\u1ec7n \u1ea3nh. C\u00e1c vai di\u1ec5n \u0111\u1ec3 \u0111\u1eddi c\u1ee7a \u00f4ng l\u00e0 vai L\u00e3o H\u1ea1c trong phim L\u00e0ng V\u0169 \u0110\u1ea1i ng\u00e0y \u1ea5y v\u00e0 vai L\u00fd C\u1ef1u trong phim Ch\u1ecb D\u1eadu.<\/p>\n<p>N\u0103m 2001, Kim L\u00e2n \u0111\u01b0\u1ee3c trao t\u1eb7ng Gi\u1ea3i th\u01b0\u1edfng Nh\u00e0 n\u01b0\u1edbc v\u1ec1 V\u0103n h\u1ecdc Ngh\u1ec7 thu\u1eadt v\u00ec nh\u1eefng \u0111\u00f3ng g\u00f3p cho n\u1ec1n v\u0103n h\u1ecdc n\u01b0\u1edbc nh\u00e0.<\/p>\n","protected":false},"excerpt":{"rendered":"<p>Ng\u01b0\u1eddi k\u00e9p gi\u00e0 bao g\u1ed3m nh\u1eefng truy\u1ec7n ng\u1eafn v\u00e0 v\u1eeba c\u1ee7a nh\u00e0 v\u0103n Kim L\u00e2n m\u00e0 t\u00f4i \u0111\u00e3 \u0111\u1ecdc nh\u1eefng truy\u1ec7n n\u00e0y v\u00e0 c\u00f3 truy\u1ec7n \u0111\u1ecdc r\u1ea5t nhi\u1ec1u l\u1ea7n. Nh\u01b0ng \u1ea5n b\u1ea3n l\u1ea7n n\u00e0y v\u1eabn l\u00e0m t\u00f4i ng\u1eadp tr\u00e0n c\u1ea3m h\u1ee9ng v\u00e0 ch\u00ecm s\u00e2u trong suy t\u01b0\u1edfng khi \u0111\u1ecdc l\u1ea1i. [\u2026] Nh\u1eefng t\u00e1c ph\u1ea9m trong cu\u1ed1n s\u00e1ch n\u00e0y c\u1ee7a \u00f4ng l\u00e0 nh\u1eefng c\u00e2uchuy\u1ec7n \u0111\u1eddi s\u1ed1ng c\u1ee7a g\u1ea7n m\u1ed9t th\u1ebf k\u1ef7 tr\u01b0\u1edbc. Nh\u01b0ng t\u1ea5t c\u1ea3 v\u1eabn nh\u01b0v\u1eeba di\u1ec5n ra. Ng\u00f4n ng\u1eef v\u00e0 nh\u1eefng th\u00f4ng \u0111i\u1ec7p ch\u1ee9a \u0111\u1ef1ng b\u00ean trongnh\u1eefng c\u00e2u chuy\u1ec7n c\u1ee7a \u00f4ng v\u1eabn r\u1ef1c \u1ea5m nh\u01b0 m\u1ed9t d\u00f2ng m\u00e1u ch\u1ea3ytrong c\u01a1 th\u1ec3 th\u1eddi gian m\u00e0 nh\u1eefng ng\u01b0\u1eddi \u0111\u01b0\u01a1ng th\u1eddi \u0111ang s\u1ed1ngtrong \u0111\u00f3. M\u1ecdi h\u00ecnh th\u1ee9c x\u00e3 h\u1ed9i lu\u00f4n thay \u0111\u1ed5i nh\u01b0ng b\u1ea3n ch\u1ea5t c\u1ee7aki\u1ebfp ng\u01b0\u1eddi kh\u00f4ng thay \u0111\u1ed5i, m\u1ecdi ng\u00f4n ng\u1eef c\u00f3 th\u1ec3 thay \u0111\u1ed5i nh\u01b0ngb\u1ea3n ch\u1ea5t c\u1ee7a t\u00ecnh y\u00eau th\u01b0\u01a1ng con ng\u01b0\u1eddi v\u00e0 c\u00e1i Thi\u1ec7n kh\u00f4ng h\u1ec1thay \u0111\u1ed5i. V\u0103n ch\u01b0\u01a1ng c\u1ee7a nh\u00e0 v\u0103n Kim L\u00e2n thu\u1ed9c v\u1ec1 nh\u1eefng \u0111i\u1ec1ukh\u00f4ng th\u1ec3 thay \u0111\u1ed5i \u1ea5y. \u00d4ng \u0111\u00e3 ch\u1ea1m v\u00e0o c\u00e1i l\u00f5i c\u1ee7a ki\u1ebfp nh\u00e2nsinh v\u00e0 \u00f4ng c\u0169ng s\u1ed1ng trong c\u00e1i l\u00f5i c\u1ee7a m\u1ecdi ki\u1ebfp nh\u00e2n sinh v\u00ecv\u1eady \u00f4ng c\u00f2n m\u00e3i \u0111\u1ebfn b\u00e2y gi\u1edd.<\/p>\n<p>\u1ea4n ph\u1ea9m m\u1edbi mang t\u00ean Ng\u01b0\u1eddi k\u00e9p gi\u00e0 c\u00f3 m\u1ed9t \u0111i\u1ec1u v\u00f4 c\u00f9ng \u0111\u1eb7c bi\u1ec7t. \u0110\u00f3 l\u00e0 nh\u1eefng ph\u1ee5 b\u1ea3n c\u1ee7a h\u1ecda s\u1ef9 danh ti\u1ebfng Th\u00e0nh Ch\u01b0\u01a1ng. H\u1ecda s\u1ef9 Th\u00e0nh Ch\u01b0\u01a1ng l\u00e0 con trai nh\u00e0 v\u0103n Kim L\u00e2n. Nh\u01b0ng kh\u00f4ng ph\u1ea3i v\u00ec l\u00fd do \u0111\u00f3 m\u00e0 h\u1ecda s\u1ef9 \u0111\u00e3 v\u1ebd nh\u1eefng ph\u1ee5 b\u1ea3n hi\u1ec7n \u0111\u1ea1i nh\u01b0ng l\u1ea1i ch\u1ee9a \u0111\u1ef1ng tinh th\u1ea7n c\u1ee7a nh\u1eefng c\u00e2u chuy\u1ec7n cha m\u00ecnh \u0111\u00e3 vi\u1ebft k\u1ec3 c\u1ea3 nh\u1eefng c\u00e2u chuy\u1ec7n t\u1eeb khi h\u1ecda s\u1ef9 ch\u01b0a ra \u0111\u1eddi. Gi\u1eefa hai v\u0103n b\u1ea3n kh\u00e1c nhau c\u1ee7a ch\u1eef v\u00e0 m\u00e0u s\u1eafc, h\u00ecnh kh\u1ed1i,<br \/>\ngi\u1eefa hai th\u1ebf h\u1ec7 kh\u00e1c nhau nhi\u1ec1u \u0111i\u1ec1u nh\u01b0ng ta v\u1eabn th\u1ea5y m\u1ed9t c\u00e2y c\u1ea7u b\u1eafc qua hai b\u1edd c\u1ee7a s\u1ef1 kh\u00e1c bi\u1ec7t \u0111\u00f3. Nh\u01b0ng \u0111\u00f3 ch\u1ec9 l\u00e0 s\u1ef1 kh\u00e1c bi\u1ec7t c\u1ee7a th\u1eddi gian v\u00e0 h\u00ecnh th\u1ee9c, c\u00f2n nh\u1eefng tr\u1ee5 c\u1ea7u \u0111\u1ec3 b\u1eafc c\u00e2y c\u1ea7u \u1ea5y l\u00e0 C\u00e1i \u0111\u1eb9p v\u00e0 T\u01b0 t\u01b0\u1edfng. C\u0169ng nh\u01b0 th\u1eddi \u0111\u1ea1i c\u1ee7a nh\u1eefng t\u00e1c ph\u1ea9m Kim L\u00e2n v\u00e0 con ng\u01b0\u1eddi Kim L\u00e2n c\u00f3 r\u1ea5t nhi\u1ec1u kh\u00e1c bi\u1ec7t v\u1edbi th\u1eddi \u0111\u1ea1i c\u1ee7a nh\u1eefng ng\u01b0\u1eddi \u0111ang \u0111\u1ecdc Kim L\u00e2n, nh\u01b0ng s\u1ef1 y\u00eau qu\u00edv\u0103n ch\u01b0\u01a1ng Kim L\u00e2n v\u00e0 s\u1ef1 k\u00ednh tr\u1ecdng con ng\u01b0\u1eddi Kim L\u00e2n c\u1ee7a b\u1ea1n \u0111\u1ecdc th\u1eddi nay v\u00e0 sau n\u00e0y l\u1ea1i \u0111\u01b0\u1ee3c b\u1eafc b\u1eb1ng m\u1ed9t c\u00e2y c\u1ea7u b\u1edfinh\u1eefng tr\u1ee5 c\u1ea7u nh\u01b0 th\u1ebf.<\/p>\n<p>Tr\u00edch L\u1eddi gi\u1edbi thi\u1ec7u c\u1ee7a nh\u00e0 v\u0103n Nguy\u1ec5n Quang Thi\u1ec1u<\/p>\n","protected":false},"featured_media":10462,"template":"","meta":{"_acf_changed":false},"product_brand":[],"product_cat":[15,47],"product_tag":[85],"class_list":{"0":"post-10470","1":"product","2":"type-product","3":"status-publish","4":"has-post-thumbnail","6":"product_cat-sach-danh-cho-nguoi-lon","7":"product_cat-truyen-ngan-tan-van","8":"product_tag-special-editions","10":"first","11":"instock","12":"taxable","13":"shipping-taxable","14":"purchasable","15":"product-type-simple"},"supplier_id":null,"supplier_sku":"","barcode":null,"atum_controlled":true,"out_stock_date":null,"out_stock_threshold":null,"inheritable":false,"inbound_stock":0,"stock_on_hold":0,"sold_today":0,"sales_last_days":0,"reserved_stock":0,"customer_returns":0,"warehouse_damage":0,"lost_in_post":0,"other_logs":0,"out_stock_days":0,"lost_sales":0,"has_location":false,"update_date":"2026-01-28T23:10:46","atum_locations":[],"atum_stock_status":"instock","restock_status":false,"low_stock_amount":"","sales_update_date":"2026-01-28T23:10:46","calc_backorders":null,"acf":{"publisher":{"ID":1544,"post_author":"1","post_date":"2021-02-17 01:24:05","post_date_gmt":"2021-02-16 23:24:05","post_content":"","post_title":"\u0110\u00f4ng A","post_excerpt":"","post_status":"publish","comment_status":"closed","ping_status":"closed","post_password":"","post_name":"dong-a","to_ping":"","pinged":"","post_modified":"2021-02-17 01:24:05","post_modified_gmt":"2021-02-16 23:24:05","post_content_filtered":"","post_parent":0,"guid":"https:\/\/sachviet.eu\/nha-phat-hanh\/dong-a\/","menu_order":0,"post_type":"publisher","post_mime_type":"","comment_count":"0","filter":"raw"}},"_links":{"self":[{"href":"https:\/\/sachviet.eu\/en\/wp-json\/wp\/v2\/product\/10470","targetHints":{"allow":["GET"]}}],"collection":[{"href":"https:\/\/sachviet.eu\/en\/wp-json\/wp\/v2\/product"}],"about":[{"href":"https:\/\/sachviet.eu\/en\/wp-json\/wp\/v2\/types\/product"}],"wp:featuredmedia":[{"embeddable":true,"href":"https:\/\/sachviet.eu\/en\/wp-json\/wp\/v2\/media\/10462"}],"wp:attachment":[{"href":"https:\/\/sachviet.eu\/en\/wp-json\/wp\/v2\/media?parent=10470"}],"wp:term":[{"taxonomy":"product_brand","embeddable":true,"href":"https:\/\/sachviet.eu\/en\/wp-json\/wp\/v2\/product_brand?post=10470"},{"taxonomy":"product_cat","embeddable":true,"href":"https:\/\/sachviet.eu\/en\/wp-json\/wp\/v2\/product_cat?post=10470"},{"taxonomy":"product_tag","embeddable":true,"href":"https:\/\/sachviet.eu\/en\/wp-json\/wp\/v2\/product_tag?post=10470"}],"curies":[{"name":"wp","href":"https:\/\/api.w.org\/{rel}","templated":true}]}}