{"id":10461,"date":"2021-06-02T19:17:25","date_gmt":"2021-06-02T16:17:25","guid":{"rendered":"https:\/\/sachviet.eu\/shop\/muon-kiep-nhan-sinh-2\/"},"modified":"2024-03-20T00:32:08","modified_gmt":"2024-03-19T22:32:08","slug":"muon-kiep-nhan-sinh-2","status":"publish","type":"product","link":"https:\/\/sachviet.eu\/en\/shop\/muon-kiep-nhan-sinh-2\/","title":{"rendered":"Mu\u00f4n Ki\u1ebfp Nh\u00e2n Sinh 2"},"content":{"rendered":"<p>Hi\u1ebfm c\u00f3 cu\u1ed1n s\u00e1ch n\u00e0o ngay t\u1eeb khi ra m\u1eaft \u0111\u00e3 t\u1ea1o n\u00ean hi\u1ec7n t\u01b0\u1ee3ng v\u0103n h\u00f3a \u0111\u1ecdc v\u00e0 sau n\u1eeda n\u0103m \u0111\u00e3 tr\u1edf th\u00e0nh cu\u1ed1n s\u00e1ch b\u00e1n ch\u1ea1y nh\u1ea5t n\u0103m 2020 t\u1ea1i Vi\u1ec7t Nam nh\u01b0 Mu\u00f4n Ki\u1ebfp Nh\u00e2n Sinh. C\u01a1n s\u1ed1t c\u1ee7a cu\u1ed1n s\u00e1ch n\u00e0y ti\u1ebfp t\u1ee5c \u0111\u01b0\u1ee3c d\u1ea5y l\u00ean v\u00e0o d\u1ecbp T\u1ebft Nguy\u00ean \u0110\u00e1n 2021 khi c\u00f4ng ty First News Tr\u00ed Vi\u1ec7t h\u00e9 l\u1ed9 \u0111ang \u201cng\u00e0y \u0111\u00eam th\u1ef1c hi\u1ec7n Mu\u00f4n Ki\u1ebfp Nh\u00e2n Sinh t\u1eadp 2\u201d. \u0110\u00e1p l\u1ea1i s\u1ef1 mong \u0111\u1ee3i c\u1ee7a \u0111\u1ed9c gi\u1ea3 su\u1ed1t h\u01a1n ba th\u00e1ng, Mu\u00f4n Ki\u1ebfp Nh\u00e2n Sinh t\u1eadp 2 \u0111\u00e3 ch\u00ednh th\u1ee9c ph\u00e1t h\u00e0nh tr\u00ean c\u1ea3 n\u01b0\u1edbc.<\/p>\n<p>Mu\u00f4n Ki\u1ebfp Nh\u00e2n Sinh t\u1eadp 2 c\u1ee7a t\u00e1c gi\u1ea3 Nguy\u00ean Phong ti\u1ebfp t\u1ee5c l\u00e0 nh\u1eefng c\u00e2u chuy\u1ec7n ti\u1ec1n ki\u1ebfp, nh\u00e2n qu\u1ea3 lu\u00e2n h\u1ed3i h\u1ea5p d\u1eabn g\u1eafn li\u1ec1n v\u1edbi nh\u1eefng ki\u1ebfn gi\u1ea3i uy\u00ean b\u00e1c v\u1ec1 qu\u00e1 kh\u1ee9, hi\u1ec7n t\u1ea1i, t\u01b0\u01a1ng lai c\u1ee7a nh\u00e2n lo\u1ea1i v\u00e0 th\u1ebf gi\u1edbi th\u00f4ng qua g\u00f3c nh\u00ecn c\u1ee7a c\u1ea3 khoa h\u1ecdc v\u00e0 t\u00e2m linh. Ch\u00fang ta l\u00e0 ai, ch\u00fang ta \u0111\u1ebfn t\u1eeb \u0111\u00e2u v\u00e0 s\u1ebd \u0111i v\u1ec1 \u0111\u00e2u? L\u00e0m c\u00e1ch n\u00e0o \u0111\u1ec3 ch\u1eefa l\u00e0nh th\u1ebf gi\u1edbi n\u00e0y, h\u00e0nh tinh n\u00e0y tr\u01b0\u1edbc nh\u1eefng bi\u1ebfn c\u1ed1 l\u1edbn \u0111ang v\u00e0 s\u1ebd di\u1ec5n ra trong t\u01b0\u01a1ng lai g\u1ea7n?<\/p>\n<p>Trong t\u1eadp 2, h\u00e0nh tr\u00ecnh th\u1ee9c t\u1ec9nh t\u00e2m linh c\u1ee7a nh\u00e2n v\u1eadt Thomas s\u1ebd d\u1eabn d\u1eaft ng\u01b0\u1eddi \u0111\u1ecdc \u0111\u1ebfn v\u1edbi nh\u1eefng t\u1ea7ng c\u00f5i n\u0103ng l\u01b0\u1ee3ng g\u1eafn ch\u1eb7t v\u1edbi th\u1ebf gi\u1edbi h\u1eefu h\u00ecnh c\u1ee7a con ng\u01b0\u1eddi th\u00f4ng qua s\u1ef1 v\u1eadn \u0111\u1ed9ng c\u1ee7a nghi\u1ec7p l\u1ef1c, nh\u00e2n qu\u1ea3, \u0111\u1ec3 gi\u1ea3i th\u00edch v\u1ec1 th\u1ee9 n\u0103ng l\u01b0\u1ee3ng huy\u1ec1n b\u00ed lu\u00f4n bi\u1ebfn chuy\u1ec3n trong chu k\u1ef3 b\u1ea5t t\u1eadn c\u1ee7a v\u0169 tr\u1ee5. Kh\u00f4ng ch\u1ec9 l\u00e0 tr\u1ea3i nghi\u1ec7m ly k\u1ef3 t\u1ea1i ti\u1ec1n ki\u1ebfp c\u1ed5 \u0111\u1ea1i \u1edf Assiria, Hy L\u1ea1p, \u0111\u1ed9c gi\u1ea3 c\u00f2n \u0111\u01b0\u1ee3c kh\u00e1m ph\u00e1 h\u00e0nh tr\u00ecnh c\u1ee7a linh h\u1ed3n \u0111\u1ebfn nh\u1eefng t\u1ea7ng c\u00f5i \u2013 tr\u1ea1m trung chuy\u1ec3n kh\u00e1c nhau, \u0111\u01b0\u1ee3c x\u00e2u chu\u1ed7i l\u1ea1i b\u1eb1ng c\u1ea3 tri\u1ebft h\u1ecdc, t\u00edn ng\u01b0\u1ee1ng, l\u1ecbch s\u1eed v\u00e0 khoa h\u1ecdc th\u1ebf gi\u1edbi t\u1eeb \u0110\u00f4ng sang T\u00e2y, t\u1eeb c\u1ed5 \u0111\u1ea1i \u0111\u1ebfn hi\u1ec7n \u0111\u1ea1i. N\u0103ng l\u01b0\u1ee3ng kh\u00f4ng t\u1ef1 nhi\u00ean sinh ra v\u00e0 c\u0169ng kh\u00f4ng t\u1ef1 nhi\u00ean m\u1ea5t \u0111i, s\u1ef1 s\u1ed1ng n\u00e0y c\u0169ng v\u1eady, kh\u1edfi \u0111\u1ea7u v\u00e0 k\u1ebft th\u00fac &#8211; tuy hai m\u00e0 m\u1ed9t, v\u00e0 ch\u1ec9 c\u00f3 nh\u00e2n qu\u1ea3 s\u1ebd lu\u00f4n tu\u1ea7n ho\u00e0n v\u1eadn h\u00e0nh b\u1ea5t t\u1eadn.<\/p>\n<p>Mu\u00f4n Ki\u1ebfp Nh\u00e2n Sinh t\u1eadp 2 l\u00fd gi\u1ea3i r\u1eb1ng v\u1ea1n v\u1eadt tr\u00ean th\u1ebf gi\u1edbi nh\u01b0 c\u1ecf c\u00e2y, hoa l\u00e1, c\u00f4n tr\u00f9ng, th\u00fa v\u1eadt v\u00e0 con ng\u01b0\u1eddi tuy b\u1ec1 ngo\u00e0i c\u00f3 v\u1ebb kh\u00e1c bi\u1ec7t nh\u01b0ng tinh hoa b\u00ean trong v\u1eabn l\u00e0 m\u1ed9t, \u0111\u00f3 l\u00e0 s\u1ef1 s\u1ed1ng hay n\u0103ng l\u01b0\u1ee3ng kh\u1edfi th\u1ee7y uy\u00ean nguy\u00ean. Tinh hoa \u0111\u00f3 nh\u01b0 l\u00e0 \u201cN\u01b0\u1edbc\u201d, c\u00f2n v\u1ea1n v\u1eadt ch\u1ec9 l\u00e0 \u201cS\u00f3ng\u201d. S\u00f3ng th\u00ec mu\u00f4n tr\u00f9ng, s\u00f3ng l\u1edbn, s\u00f3ng nh\u1ecf\u2026 nh\u01b0ng ch\u00fang v\u1eabn ch\u1ec9 l\u00e0 n\u01b0\u1edbc. N\u1ebfu ch\u00e2n ng\u00e3 l\u00e0 \u0111\u1ea1i d\u01b0\u01a1ng th\u00ec b\u1ea3n ng\u00e3 ch\u1ec9 l\u00e0 n\u01b0\u1edbc ch\u1ee9a \u0111\u1ef1ng trong c\u00e1i ch\u00e9n. V\u1ea5n \u0111\u1ec1 l\u00e0 l\u00e0m sao ph\u00e1 v\u1ee1 c\u00e1i ch\u00e9n \u0111\u1ec3 n\u01b0\u1edbc tr\u1edf v\u1ec1 v\u1edbi \u0111\u1ea1i d\u01b0\u01a1ng v\u00e0 \u0111\u00f3 c\u0169ng ch\u00ednh l\u00e0 h\u00e0nh tr\u00ecnh c\u1ee7a Thomas t\u1eeb m\u1ed9t doanh nh\u00e2n v\u1edbi ni\u1ec1m tin duy v\u1eadt ho\u00e0n to\u00e0n \u0111\u00e3 t\u1eebng b\u01b0\u1edbc gi\u00e1c ng\u1ed9, th\u1ee9c t\u1ec9nh \u0111\u1ec3 kh\u00e1m ph\u00e1 v\u1ec1 lu\u00e2n h\u1ed3i, nh\u00e2n qu\u1ea3, chuy\u1ec3n h\u00f3a nghi\u1ec7p qu\u1ea3, chuy\u1ec3n \u0111\u1ed5i t\u00e2m th\u1ee9c v\u00e0 g\u1eedi g\u1eafm nh\u1eefng th\u00f4ng \u0111i\u1ec7p nh\u00e2n sinh t\u1ed1t \u0111\u1eb9p \u0111\u1ebfn \u0111\u1ed9c gi\u1ea3.<\/p>\n<p>T\u00e1c gi\u1ea3 Nguy\u00ean Phong chia s\u1ebb trong cu\u1ed1n s\u00e1ch r\u1eb1ng, m\u1ecdi vi\u1ec7c d\u00f9 l\u1edbn hay nh\u1ecf c\u0169ng s\u1ebd g\u00f3p ph\u1ea7n \u1ea3nh h\u01b0\u1edfng tr\u1ef1c ti\u1ebfp \u0111\u1ebfn cu\u1ed9c s\u1ed1ng hi\u1ec7n t\u1ea1i ho\u1eb7c trong t\u01b0\u01a1ng lai, th\u1eadm ch\u00ed \u0111\u1ebfn t\u1eadn ki\u1ebfp sau. \u0110\u00f3 l\u00e0 nh\u1eefng nghi\u1ec7p b\u00e1o \u1edf ki\u1ebfp tr\u01b0\u1edbc c\u1ed9ng nghi\u1ec7p v\u1edbi h\u00e0nh vi c\u1ee7a ch\u00fang ta trong ki\u1ebfp n\u00e0y \u0111\u1ec3 h\u00ecnh th\u00e0nh n\u00ean b\u00e1nh xe nghi\u1ec7p l\u1ef1c kh\u1ed5ng l\u1ed3 ph\u1ee9c t\u1ea1p nh\u01b0ng l\u1ea1i kh\u00f4ng b\u1ecf s\u00f3t b\u1ea5t c\u1ee9 ai, b\u1ea5t c\u1ee9 qu\u1ed1c gia n\u00e0o v\u00e0 kh\u00f4ng b\u1ecf s\u00f3t b\u1ea5t c\u1ee9 h\u00e0nh vi hay t\u01b0 t\u01b0\u1edfng n\u00e0o. B\u1edfi l\u1ebd, ch\u00fang ta \u0111\u1ec1u l\u00e0 ph\u1ea7n t\u1eed c\u1ee7a m\u1ed9t s\u1ef1 s\u1ed1ng v\u0129 \u0111\u1ea1i thu\u1ed9c v\u1ec1 m\u1ed9t n\u0103ng l\u01b0\u1ee3ng kh\u1edfi thu\u1ef7, \u0111\u01b0\u1ee3c s\u1eafp \u0111\u1eb7t kh\u00e9o l\u00e9o b\u1edfi nh\u1eefng \u0111\u1ecbnh lu\u1eadt trong v\u0169 tr\u1ee5.<\/p>\n<p>B\u1eb1ng nh\u1eefng c\u00e2u chuy\u1ec7n th\u00fa v\u1ecb, s\u00e2u s\u1eafc, li\u00ean k\u1ebft v\u1edbi nhau m\u1ed9t c\u00e1ch ch\u1eb7t ch\u1ebd, Mu\u00f4n Ki\u1ebfp Nh\u00e2n Sinh t\u1eadp 2 s\u1ebd \u0111\u01b0a \u0111\u1ed9c gi\u1ea3 v\u00e0o cu\u1ed9c h\u00e0nh tr\u00ecnh tr\u00ean chuy\u1ebfn t\u00e0u th\u1eddi gian t\u1eeb ph\u1ed1 Wall n\u01b0\u1edbc M\u1ef9 \u0111\u1ebfn nh\u1eefng cu\u1ed9c chinh ph\u1ea1t c\u1ee7a Alexander \u0110\u1ea1i \u0110\u1ebf, b\u00ed \u1ea9n l\u0103ng m\u1ed9 T\u1ea7n Th\u1ee7y Ho\u00e0ng, nh\u1eefng c\u00f5i gi\u1edbi linh h\u1ed3n, r\u1ed3i quay ng\u01b0\u1ee3c l\u1ea1i cu\u1ed9c s\u1ed1ng \u0111\u1eddi th\u01b0\u1eddng m\u00e0 b\u1ea5t c\u1ee9 ai c\u0169ng th\u1ea5y c\u00f3 m\u00ecnh \u1edf trong \u0111\u00f3. \u0110\u1ec3 c\u00f9ng suy ng\u1eabm v\u1ec1 nh\u1eefng gi\u00e1 tr\u1ecb \u0111\u1eb9p \u0111\u1ebd c\u1ee7a \u0111\u1eddi s\u1ed1ng. \u0110\u1ec3 n\u1eafm l\u1ea5y nh\u1eefng th\u1eddi kh\u1eafc c\u00f2n l\u1ea1i c\u1ee7a cu\u1ed9c \u0111\u1eddi m\u00ecnh v\u00e0 xoay chuy\u1ec3n s\u1ed1 ph\u1eadn, nghi\u1ec7p l\u1ef1c theo chi\u1ec1u h\u01b0\u1edbng t\u1ec9nh th\u1ee9c v\u00e0 nh\u00e2n \u00e1i. V\u00e0 tr\u00ean h\u1ebft, \u0111\u00f3 l\u00e0 c\u00f9ng chung tay x\u00e2y d\u1ef1ng m\u1ed9t th\u1ebf gi\u1edbi t\u1ed1t \u0111\u1eb9p tr\u00ean n\u1ec1n t\u1ea3ng c\u1ee7a y\u00eau th\u01b0\u01a1ng v\u00e0 ch\u1eefa l\u00e0nh.<\/p>\n<p>\u201cN\u1ebfu ch\u00fang ta c\u00f3 th\u1ec3 c\u00f9ng nhauchuy\u1ec3n ho\u00e1 nh\u1eefng t\u01b0 t\u01b0\u1edfng th\u00f9 h\u1eadn, tham lam, \u00edchk\u1ef7 b\u1eb1ng nh\u1eefng t\u01b0 t\u01b0\u1edfng cao th\u01b0\u1ee3ng, t\u1ed1t l\u00e0nh; chuy\u1ec3nh\u00f3a c\u00e1c h\u00e0nh \u0111\u1ed9ng h\u1eadn th\u00f9, gi\u1ebft ch\u00f3c b\u1eb1ng t\u00ecnh th\u01b0\u01a1ngy\u00eau r\u1ed9ng l\u1edbn th\u00ec m\u1ecdi vi\u1ec7c c\u00f3 th\u1ec3 thay \u0111\u1ed5i\u201d \u2013 tr\u00edch Mu\u00f4n Ki\u1ebfp Nh\u00e2n Sinh t\u1eadp 2.<\/p>\n<p>V\u1ec0 T\u00c1C GI\u1ea2:<\/p>\n<p>T\u00e1c gi\u1ea3 Nguy\u00ean Phong (V\u0169 V\u0103n Du) du h\u1ecdc \u1edf M\u1ef9 t\u1eeb n\u0103m 1968, t\u1ed1t nghi\u1ec7p cao h\u1ecdc Sinh v\u1eadt h\u1ecdc, \u0110i\u1ec7n to\u00e1n. \u00d4ng t\u1eebng l\u00e0 K\u1ef9 s\u01b0 tr\u01b0\u1edfng c\u1ee7a T\u1eadp \u0111o\u00e0n Boeing c\u1ee7a M\u1ef9, Vi\u1ec7n tr\u01b0\u1edfng Vi\u1ec7n C\u00f4ng ngh\u1ec7 Sinh h\u1ecdc \u0110\u1ea1i h\u1ecdc Carnegie Mellon. \u00d4ng \u0111\u01b0\u1ee3c m\u1ecdi ng\u01b0\u1eddi bi\u1ebft t\u1edbi l\u00e0 Gi\u00e1o s\u01b0 John Vu \u2013 Nh\u00e0 khoa h\u1ecdc uy t\u00edn v\u1ec1 c\u00f4ng ngh\u1ec7 th\u00f4ng tin. , CMMI v\u00e0 t\u1eebng gi\u1ea3ng d\u1ea1y \u1edf nhi\u1ec1u tr\u01b0\u1eddng \u0111\u1ea1i h\u1ecdc tr\u00ean th\u1ebf gi\u1edbi.<\/p>\n<p>Nguy\u00ean Phong l\u00e0 b\u00fat danh c\u1ee7a b\u1ed9 s\u00e1ch v\u0103n h\u00f3a t\u00e2m linh \u0111\u01b0\u1ee3c d\u1ecbch, vi\u1ebft ph\u00f3ng t\u00e1c t\u1eeb tr\u1ea3i nghi\u1ec7m, ti\u1ec1m th\u1ee9c v\u00e0 qu\u00e1 tr\u00ecnh nghi\u00ean c\u1ee9u, kh\u00e1m ph\u00e1 c\u00e1c gi\u00e1 tr\u1ecb tinh th\u1ea7n \u0110\u00f4ng ph\u01b0\u01a1ng. \u00d4ng \u0111\u00e3 vi\u1ebft ph\u00f3ng t\u00e1c t\u00e1c ph\u1ea9m b\u1ea5t h\u1ee7 H\u00e0nh tr\u00ecnh v\u1ec1 Ph\u01b0\u01a1ng \u0110\u00f4ng n\u0103m 24 tu\u1ed5i (1974). C\u00e1c t\u00e1c ph\u1ea9m kh\u00e1c c\u1ee7a Nguy\u00ean Phong \u0111\u01b0\u1ee3c b\u1ea1n \u0111\u1ecdc nhi\u1ec1u th\u1ebf h\u1ec7 y\u00eau th\u00edch: Ng\u1ecdc s\u00e1ng trong hoa sen, B\u00ean r\u1eb7ng tuy\u1ebft s\u01a1n, Hoa sen tr\u00ean tuy\u1ebft, Hoa tr\u00f4i tr\u00ean s\u00f3ng n\u01b0\u1edbc, Huy\u1ec1n thu\u1eadt v\u00e0 c\u00e1c \u0111\u1ea1o s\u0129 T\u00e2y T\u1ea1ng, Tr\u1edf v\u1ec1 t\u1eeb x\u1ee9 tuy\u1ebft, Tr\u1edf v\u1ec1 t\u1eeb c\u00f5i s\u00e1ng, Minh tri\u1ebft trong \u0111\u1eddi s\u1ed1ng, \u0110\u01b0\u1eddng m\u00e2y qua x\u1ee9 tuy\u1ebft, D\u1ea5u ch\u00e2n tr\u00ean c\u00e1t, \u0110\u01b0\u1eddng m\u00e2y trong c\u00f5i m\u1ed9ng, \u0110\u01b0\u1eddng m\u00e2y tr\u00ean \u0111\u1ea5t hoa\u2026 v\u00e0 b\u1ed9 s\u00e1ch d\u00e0nh cho sinh vi\u00ean, th\u1ea7y c\u00f4: Kh\u1edfi h\u00e0nh, K\u1ebft n\u1ed1i, B\u01b0\u1edbc ra th\u1ebf gi\u1edbi, Ki\u1ebfn t\u1ea1o th\u1ebf h\u1ec7 Vi\u1ec7t Nam \u01b0u vi\u1ec7t, GS John Vu v\u00e0 l\u1eddi khuy\u00ean d\u00e0nh cho th\u1ea7y c\u00f4, GS John Vu v\u00e0 l\u1eddi khuy\u00ean d\u00e0nh cho c\u00e1c b\u1eadc cha m\u1eb9.<\/p>\n","protected":false},"excerpt":{"rendered":"<p>Hi\u1ebfm c\u00f3 cu\u1ed1n s\u00e1ch n\u00e0o ngay t\u1eeb khi ra m\u1eaft \u0111\u00e3 t\u1ea1o n\u00ean hi\u1ec7n t\u01b0\u1ee3ng v\u0103n h\u00f3a \u0111\u1ecdc v\u00e0 sau n\u1eeda n\u0103m \u0111\u00e3 tr\u1edf th\u00e0nh cu\u1ed1n s\u00e1ch b\u00e1n ch\u1ea1y nh\u1ea5t n\u0103m 2020 t\u1ea1i Vi\u1ec7t Nam nh\u01b0 Mu\u00f4n Ki\u1ebfp Nh\u00e2n Sinh. C\u01a1n s\u1ed1t c\u1ee7a cu\u1ed1n s\u00e1ch n\u00e0y ti\u1ebfp t\u1ee5c \u0111\u01b0\u1ee3c d\u1ea5y l\u00ean v\u00e0o d\u1ecbp T\u1ebft Nguy\u00ean \u0110\u00e1n 2021 khi c\u00f4ng ty First News Tr\u00ed Vi\u1ec7t h\u00e9 l\u1ed9 \u0111ang \u201cng\u00e0y \u0111\u00eam th\u1ef1c hi\u1ec7n Mu\u00f4n Ki\u1ebfp Nh\u00e2n Sinh t\u1eadp 2\u201d. \u0110\u00e1p l\u1ea1i s\u1ef1 mong \u0111\u1ee3i c\u1ee7a \u0111\u1ed9c gi\u1ea3 su\u1ed1t h\u01a1n ba th\u00e1ng, Mu\u00f4n Ki\u1ebfp Nh\u00e2n Sinh t\u1eadp 2 \u0111\u00e3 ch\u00ednh th\u1ee9c ph\u00e1t h\u00e0nh tr\u00ean c\u1ea3 n\u01b0\u1edbc.<\/p>\n<p>Mu\u00f4n Ki\u1ebfp Nh\u00e2n Sinh t\u1eadp 2 c\u1ee7a t\u00e1c gi\u1ea3 Nguy\u00ean Phong ti\u1ebfp t\u1ee5c l\u00e0 nh\u1eefng c\u00e2u chuy\u1ec7n ti\u1ec1n ki\u1ebfp, nh\u00e2n qu\u1ea3 lu\u00e2n h\u1ed3i h\u1ea5p d\u1eabn g\u1eafn li\u1ec1n v\u1edbi nh\u1eefng ki\u1ebfn gi\u1ea3i uy\u00ean b\u00e1c v\u1ec1 qu\u00e1 kh\u1ee9, hi\u1ec7n t\u1ea1i, t\u01b0\u01a1ng lai c\u1ee7a nh\u00e2n lo\u1ea1i v\u00e0 th\u1ebf gi\u1edbi th\u00f4ng qua g\u00f3c nh\u00ecn c\u1ee7a c\u1ea3 khoa h\u1ecdc v\u00e0 t\u00e2m linh. Ch\u00fang ta l\u00e0 ai, ch\u00fang ta \u0111\u1ebfn t\u1eeb \u0111\u00e2u v\u00e0 s\u1ebd \u0111i v\u1ec1 \u0111\u00e2u? L\u00e0m c\u00e1ch n\u00e0o \u0111\u1ec3 ch\u1eefa l\u00e0nh th\u1ebf gi\u1edbi n\u00e0y, h\u00e0nh tinh n\u00e0y tr\u01b0\u1edbc nh\u1eefng bi\u1ebfn c\u1ed1 l\u1edbn \u0111ang v\u00e0 s\u1ebd di\u1ec5n ra trong t\u01b0\u01a1ng lai g\u1ea7n?<\/p>\n<p>Trong t\u1eadp 2, h\u00e0nh tr\u00ecnh th\u1ee9c t\u1ec9nh t\u00e2m linh c\u1ee7a nh\u00e2n v\u1eadt Thomas s\u1ebd d\u1eabn d\u1eaft ng\u01b0\u1eddi \u0111\u1ecdc \u0111\u1ebfn v\u1edbi nh\u1eefng t\u1ea7ng c\u00f5i n\u0103ng l\u01b0\u1ee3ng g\u1eafn ch\u1eb7t v\u1edbi th\u1ebf gi\u1edbi h\u1eefu h\u00ecnh c\u1ee7a con ng\u01b0\u1eddi th\u00f4ng qua s\u1ef1 v\u1eadn \u0111\u1ed9ng c\u1ee7a nghi\u1ec7p l\u1ef1c, nh\u00e2n qu\u1ea3, \u0111\u1ec3 gi\u1ea3i th\u00edch v\u1ec1 th\u1ee9 n\u0103ng l\u01b0\u1ee3ng huy\u1ec1n b\u00ed lu\u00f4n bi\u1ebfn chuy\u1ec3n trong chu k\u1ef3 b\u1ea5t t\u1eadn c\u1ee7a v\u0169 tr\u1ee5. Kh\u00f4ng ch\u1ec9 l\u00e0 tr\u1ea3i nghi\u1ec7m ly k\u1ef3 t\u1ea1i ti\u1ec1n ki\u1ebfp c\u1ed5 \u0111\u1ea1i \u1edf Assiria, Hy L\u1ea1p, \u0111\u1ed9c gi\u1ea3 c\u00f2n \u0111\u01b0\u1ee3c kh\u00e1m ph\u00e1 h\u00e0nh tr\u00ecnh c\u1ee7a linh h\u1ed3n \u0111\u1ebfn nh\u1eefng t\u1ea7ng c\u00f5i \u2013 tr\u1ea1m trung chuy\u1ec3n kh\u00e1c nhau, \u0111\u01b0\u1ee3c x\u00e2u chu\u1ed7i l\u1ea1i b\u1eb1ng c\u1ea3 tri\u1ebft h\u1ecdc, t\u00edn ng\u01b0\u1ee1ng, l\u1ecbch s\u1eed v\u00e0 khoa h\u1ecdc th\u1ebf gi\u1edbi t\u1eeb \u0110\u00f4ng sang T\u00e2y, t\u1eeb c\u1ed5 \u0111\u1ea1i \u0111\u1ebfn hi\u1ec7n \u0111\u1ea1i. N\u0103ng l\u01b0\u1ee3ng kh\u00f4ng t\u1ef1 nhi\u00ean sinh ra v\u00e0 c\u0169ng kh\u00f4ng t\u1ef1 nhi\u00ean m\u1ea5t \u0111i, s\u1ef1 s\u1ed1ng n\u00e0y c\u0169ng v\u1eady, kh\u1edfi \u0111\u1ea7u v\u00e0 k\u1ebft th\u00fac &#8211; tuy hai m\u00e0 m\u1ed9t, v\u00e0 ch\u1ec9 c\u00f3 nh\u00e2n qu\u1ea3 s\u1ebd lu\u00f4n tu\u1ea7n ho\u00e0n v\u1eadn h\u00e0nh b\u1ea5t t\u1eadn.<\/p>\n<p>Mu\u00f4n Ki\u1ebfp Nh\u00e2n Sinh t\u1eadp 2 l\u00fd gi\u1ea3i r\u1eb1ng v\u1ea1n v\u1eadt tr\u00ean th\u1ebf gi\u1edbi nh\u01b0 c\u1ecf c\u00e2y, hoa l\u00e1, c\u00f4n tr\u00f9ng, th\u00fa v\u1eadt v\u00e0 con ng\u01b0\u1eddi tuy b\u1ec1 ngo\u00e0i c\u00f3 v\u1ebb kh\u00e1c bi\u1ec7t nh\u01b0ng tinh hoa b\u00ean trong v\u1eabn l\u00e0 m\u1ed9t, \u0111\u00f3 l\u00e0 s\u1ef1 s\u1ed1ng hay n\u0103ng l\u01b0\u1ee3ng kh\u1edfi th\u1ee7y uy\u00ean nguy\u00ean. Tinh hoa \u0111\u00f3 nh\u01b0 l\u00e0 \u201cN\u01b0\u1edbc\u201d, c\u00f2n v\u1ea1n v\u1eadt ch\u1ec9 l\u00e0 \u201cS\u00f3ng\u201d. S\u00f3ng th\u00ec mu\u00f4n tr\u00f9ng, s\u00f3ng l\u1edbn, s\u00f3ng nh\u1ecf\u2026 nh\u01b0ng ch\u00fang v\u1eabn ch\u1ec9 l\u00e0 n\u01b0\u1edbc. N\u1ebfu ch\u00e2n ng\u00e3 l\u00e0 \u0111\u1ea1i d\u01b0\u01a1ng th\u00ec b\u1ea3n ng\u00e3 ch\u1ec9 l\u00e0 n\u01b0\u1edbc ch\u1ee9a \u0111\u1ef1ng trong c\u00e1i ch\u00e9n. V\u1ea5n \u0111\u1ec1 l\u00e0 l\u00e0m sao ph\u00e1 v\u1ee1 c\u00e1i ch\u00e9n \u0111\u1ec3 n\u01b0\u1edbc tr\u1edf v\u1ec1 v\u1edbi \u0111\u1ea1i d\u01b0\u01a1ng v\u00e0 \u0111\u00f3 c\u0169ng ch\u00ednh l\u00e0 h\u00e0nh tr\u00ecnh c\u1ee7a Thomas t\u1eeb m\u1ed9t doanh nh\u00e2n v\u1edbi ni\u1ec1m tin duy v\u1eadt ho\u00e0n to\u00e0n \u0111\u00e3 t\u1eebng b\u01b0\u1edbc gi\u00e1c ng\u1ed9, th\u1ee9c t\u1ec9nh \u0111\u1ec3 kh\u00e1m ph\u00e1 v\u1ec1 lu\u00e2n h\u1ed3i, nh\u00e2n qu\u1ea3, chuy\u1ec3n h\u00f3a nghi\u1ec7p qu\u1ea3, chuy\u1ec3n \u0111\u1ed5i t\u00e2m th\u1ee9c v\u00e0 g\u1eedi g\u1eafm nh\u1eefng th\u00f4ng \u0111i\u1ec7p nh\u00e2n sinh t\u1ed1t \u0111\u1eb9p \u0111\u1ebfn \u0111\u1ed9c gi\u1ea3.<\/p>\n<p>T\u00e1c gi\u1ea3 Nguy\u00ean Phong chia s\u1ebb trong cu\u1ed1n s\u00e1ch r\u1eb1ng, m\u1ecdi vi\u1ec7c d\u00f9 l\u1edbn hay nh\u1ecf c\u0169ng s\u1ebd g\u00f3p ph\u1ea7n \u1ea3nh h\u01b0\u1edfng tr\u1ef1c ti\u1ebfp \u0111\u1ebfn cu\u1ed9c s\u1ed1ng hi\u1ec7n t\u1ea1i ho\u1eb7c trong t\u01b0\u01a1ng lai, th\u1eadm ch\u00ed \u0111\u1ebfn t\u1eadn ki\u1ebfp sau. \u0110\u00f3 l\u00e0 nh\u1eefng nghi\u1ec7p b\u00e1o \u1edf ki\u1ebfp tr\u01b0\u1edbc c\u1ed9ng nghi\u1ec7p v\u1edbi h\u00e0nh vi c\u1ee7a ch\u00fang ta trong ki\u1ebfp n\u00e0y \u0111\u1ec3 h\u00ecnh th\u00e0nh n\u00ean b\u00e1nh xe nghi\u1ec7p l\u1ef1c kh\u1ed5ng l\u1ed3 ph\u1ee9c t\u1ea1p nh\u01b0ng l\u1ea1i kh\u00f4ng b\u1ecf s\u00f3t b\u1ea5t c\u1ee9 ai, b\u1ea5t c\u1ee9 qu\u1ed1c gia n\u00e0o v\u00e0 kh\u00f4ng b\u1ecf s\u00f3t b\u1ea5t c\u1ee9 h\u00e0nh vi hay t\u01b0 t\u01b0\u1edfng n\u00e0o. B\u1edfi l\u1ebd, ch\u00fang ta \u0111\u1ec1u l\u00e0 ph\u1ea7n t\u1eed c\u1ee7a m\u1ed9t s\u1ef1 s\u1ed1ng v\u0129 \u0111\u1ea1i thu\u1ed9c v\u1ec1 m\u1ed9t n\u0103ng l\u01b0\u1ee3ng kh\u1edfi thu\u1ef7, \u0111\u01b0\u1ee3c s\u1eafp \u0111\u1eb7t kh\u00e9o l\u00e9o b\u1edfi nh\u1eefng \u0111\u1ecbnh lu\u1eadt trong v\u0169 tr\u1ee5.<\/p>\n<p>B\u1eb1ng nh\u1eefng c\u00e2u chuy\u1ec7n th\u00fa v\u1ecb, s\u00e2u s\u1eafc, li\u00ean k\u1ebft v\u1edbi nhau m\u1ed9t c\u00e1ch ch\u1eb7t ch\u1ebd, Mu\u00f4n Ki\u1ebfp Nh\u00e2n Sinh t\u1eadp 2 s\u1ebd \u0111\u01b0a \u0111\u1ed9c gi\u1ea3 v\u00e0o cu\u1ed9c h\u00e0nh tr\u00ecnh tr\u00ean chuy\u1ebfn t\u00e0u th\u1eddi gian t\u1eeb ph\u1ed1 Wall n\u01b0\u1edbc M\u1ef9 \u0111\u1ebfn nh\u1eefng cu\u1ed9c chinh ph\u1ea1t c\u1ee7a Alexander \u0110\u1ea1i \u0110\u1ebf, b\u00ed \u1ea9n l\u0103ng m\u1ed9 T\u1ea7n Th\u1ee7y Ho\u00e0ng, nh\u1eefng c\u00f5i gi\u1edbi linh h\u1ed3n, r\u1ed3i quay ng\u01b0\u1ee3c l\u1ea1i cu\u1ed9c s\u1ed1ng \u0111\u1eddi th\u01b0\u1eddng m\u00e0 b\u1ea5t c\u1ee9 ai c\u0169ng th\u1ea5y c\u00f3 m\u00ecnh \u1edf trong \u0111\u00f3. \u0110\u1ec3 c\u00f9ng suy ng\u1eabm v\u1ec1 nh\u1eefng gi\u00e1 tr\u1ecb \u0111\u1eb9p \u0111\u1ebd c\u1ee7a \u0111\u1eddi s\u1ed1ng. \u0110\u1ec3 n\u1eafm l\u1ea5y nh\u1eefng th\u1eddi kh\u1eafc c\u00f2n l\u1ea1i c\u1ee7a cu\u1ed9c \u0111\u1eddi m\u00ecnh v\u00e0 xoay chuy\u1ec3n s\u1ed1 ph\u1eadn, nghi\u1ec7p l\u1ef1c theo chi\u1ec1u h\u01b0\u1edbng t\u1ec9nh th\u1ee9c v\u00e0 nh\u00e2n \u00e1i. V\u00e0 tr\u00ean h\u1ebft, \u0111\u00f3 l\u00e0 c\u00f9ng chung tay x\u00e2y d\u1ef1ng m\u1ed9t th\u1ebf gi\u1edbi t\u1ed1t \u0111\u1eb9p tr\u00ean n\u1ec1n t\u1ea3ng c\u1ee7a y\u00eau th\u01b0\u01a1ng v\u00e0 ch\u1eefa l\u00e0nh.<\/p>\n<p>\u201cN\u1ebfu ch\u00fang ta c\u00f3 th\u1ec3 c\u00f9ng nhauchuy\u1ec3n ho\u00e1 nh\u1eefng t\u01b0 t\u01b0\u1edfng th\u00f9 h\u1eadn, tham lam, \u00edchk\u1ef7 b\u1eb1ng nh\u1eefng t\u01b0 t\u01b0\u1edfng cao th\u01b0\u1ee3ng, t\u1ed1t l\u00e0nh; chuy\u1ec3nh\u00f3a c\u00e1c h\u00e0nh \u0111\u1ed9ng h\u1eadn th\u00f9, gi\u1ebft ch\u00f3c b\u1eb1ng t\u00ecnh th\u01b0\u01a1ngy\u00eau r\u1ed9ng l\u1edbn th\u00ec m\u1ecdi vi\u1ec7c c\u00f3 th\u1ec3 thay \u0111\u1ed5i\u201d \u2013 tr\u00edch Mu\u00f4n Ki\u1ebfp Nh\u00e2n Sinh t\u1eadp 2.<\/p>\n","protected":false},"featured_media":10449,"template":"","meta":{"_acf_changed":false},"product_brand":[],"product_cat":[15,76],"product_tag":[],"class_list":{"0":"post-10461","1":"product","2":"type-product","3":"status-publish","4":"has-post-thumbnail","6":"product_cat-sach-danh-cho-nguoi-lon","7":"product_cat-ton-giao-tam-linh","9":"first","10":"outofstock","11":"featured","12":"taxable","13":"shipping-taxable","14":"purchasable","15":"product-type-simple"},"supplier_id":null,"supplier_sku":"","barcode":null,"atum_controlled":true,"out_stock_date":"2024-03-19 22:32:08","out_stock_threshold":null,"inheritable":false,"inbound_stock":0,"stock_on_hold":0,"sold_today":0,"sales_last_days":0,"reserved_stock":1,"customer_returns":0,"warehouse_damage":0,"lost_in_post":0,"other_logs":0,"out_stock_days":680,"lost_sales":0,"has_location":false,"update_date":"2026-01-28T23:10:46","atum_locations":[],"atum_stock_status":"outofstock","restock_status":false,"low_stock_amount":"","sales_update_date":"2026-01-28T23:10:46","calc_backorders":null,"acf":{"publisher":{"ID":6196,"post_author":"1","post_date":"2021-03-15 01:26:01","post_date_gmt":"2021-03-14 23:26:01","post_content":"","post_title":"FIRST NEWS","post_excerpt":"","post_status":"publish","comment_status":"closed","ping_status":"closed","post_password":"","post_name":"first-news","to_ping":"","pinged":"","post_modified":"2021-03-15 01:26:01","post_modified_gmt":"2021-03-14 23:26:01","post_content_filtered":"","post_parent":0,"guid":"https:\/\/sachviet.eu\/blog\/nha-phat-hanh\/first-news\/","menu_order":0,"post_type":"publisher","post_mime_type":"","comment_count":"0","filter":"raw"}},"_links":{"self":[{"href":"https:\/\/sachviet.eu\/en\/wp-json\/wp\/v2\/product\/10461","targetHints":{"allow":["GET"]}}],"collection":[{"href":"https:\/\/sachviet.eu\/en\/wp-json\/wp\/v2\/product"}],"about":[{"href":"https:\/\/sachviet.eu\/en\/wp-json\/wp\/v2\/types\/product"}],"wp:featuredmedia":[{"embeddable":true,"href":"https:\/\/sachviet.eu\/en\/wp-json\/wp\/v2\/media\/10449"}],"wp:attachment":[{"href":"https:\/\/sachviet.eu\/en\/wp-json\/wp\/v2\/media?parent=10461"}],"wp:term":[{"taxonomy":"product_brand","embeddable":true,"href":"https:\/\/sachviet.eu\/en\/wp-json\/wp\/v2\/product_brand?post=10461"},{"taxonomy":"product_cat","embeddable":true,"href":"https:\/\/sachviet.eu\/en\/wp-json\/wp\/v2\/product_cat?post=10461"},{"taxonomy":"product_tag","embeddable":true,"href":"https:\/\/sachviet.eu\/en\/wp-json\/wp\/v2\/product_tag?post=10461"}],"curies":[{"name":"wp","href":"https:\/\/api.w.org\/{rel}","templated":true}]}}