{"id":10448,"date":"2021-06-02T19:15:41","date_gmt":"2021-06-02T16:15:41","guid":{"rendered":"https:\/\/sachviet.eu\/shop\/limited-boxset-kinh-van-hoa-45-tap-an-ban-25-nam-kinh-van-hoa\/"},"modified":"2021-07-04T18:02:34","modified_gmt":"2021-07-04T15:02:34","slug":"limited-boxset-kinh-van-hoa-45-tap-an-ban-25-nam-kinh-van-hoa","status":"publish","type":"product","link":"https:\/\/sachviet.eu\/en\/shop\/limited-boxset-kinh-van-hoa-45-tap-an-ban-25-nam-kinh-van-hoa\/","title":{"rendered":"Limited Boxset K\u00ednh V\u1ea1n Hoa (45 T\u1eadp) &#8211; \u1ea4n B\u1ea3n 25 N\u0103m K\u00ednh V\u1ea1n Hoa"},"content":{"rendered":"<p>Nh\u00e2n d\u1ecbp k\u1ec9 ni\u1ec7m 25 n\u0103m ra m\u1eaft t\u1eadp \u0111\u1ea7u ti\u00ean trong series K\u00ednh V\u1ea1n Hoa, Nh\u00e0 xu\u1ea5t b\u1ea3n Kim \u0110\u1ed3ng ra m\u1eaft \u0111\u1ed9c gi\u1ea3 b\u1ed9 \u1ea5n ph\u1ea9m K\u00ednh V\u1ea1n Hoa 45 t\u1eadp theo phi\u00ean b\u1ea3n in l\u1ea7n \u0111\u1ea7u ti\u00ean, minh h\u1ecda c\u1ee7a h\u1ecda s\u0129 \u0110\u1ed7 Ho\u00e0ng T\u01b0\u1eddng.<\/p>\n<p>S\u00e1ch in b\u00eca c\u1ee9ng trang tr\u1ecdng.<\/p>\n<p>B\u1ed9 s\u00e1ch 45 t\u1eadp \u0111\u01b0\u1ee3c \u0111\u00f3ng boxset, s\u1ed1 l\u01b0\u1ee3ng in gi\u1edbi h\u1ea1n 1000 b\u1ed9.<\/p>\n<p>\u0110i\u1ec3m \u0111\u1eb7c bi\u1ec7t, l\u00e0 T\u1eadp 1 \u2013 Nh\u00e0 \u1ea3o thu\u1eadt c\u1ee7a b\u1ed9 \u1ea5n ph\u1ea9m n\u00e0y s\u1ebd c\u00f3 ch\u1eef k\u00fd vi\u1ebft tay tr\u1ef1c ti\u1ebfp c\u1ee7a nh\u00e0 v\u0103n Nguy\u1ec5n Nh\u1eadt \u00c1nh.<\/p>\n<p>B\u1ed9 s\u00e1ch K\u00ednh V\u1ea1n Hoa l\u00e0 series truy\u1ec7n thi\u1ebfu nhi g\u1eafn li\u1ec1n v\u1edbi t\u00ean tu\u1ed5i c\u1ee7a nh\u00e0 v\u0103n Nguy\u1ec5n Nh\u1eadt \u00c1nh. B\u1ed9 s\u00e1ch l\u00e0 s\u1ef1 h\u1ee3p t\u00e1c d\u00e0i h\u01a1i, b\u1ec1n b\u1ec9, v\u1edbi nhi\u1ec1u t\u00e2m huy\u1ebft c\u1ee7a nh\u00e0 v\u0103n Nguy\u1ec5n Nh\u1eadt \u00c1nh, nh\u00e0 v\u0103n thi\u1ebfu nhi \u0111\u01b0\u01a1ng \u0111\u1ea1i h\u00e0ng \u0111\u1ea7u Vi\u1ec7t Nam v\u00e0 Nh\u00e0 xu\u1ea5t b\u1ea3n Kim \u0110\u1ed3ng.<\/p>\n<p>B\u1ed9 s\u00e1ch ra m\u1eaft t\u1eadp \u0111\u1ea7u ti\u00ean n\u0103m 1995, ra \u0111\u1ec1u \u0111\u1eb7n trong su\u1ed1t 7 n\u0103m cho t\u1edbi khi k\u1ebft th\u00fac \u1edf t\u1eadp th\u1ee9 45 v\u00e0o n\u0103m 2002.<br \/>\nB\u1ed9 truy\u1ec7n K\u00ednh V\u1ea1n Hoa c\u00f3 \u00fd ngh\u0129a \u0111\u1eb7c bi\u1ec7t, kh\u01a1i m\u1ed9t lu\u1ed3ng gi\u00f3 m\u1edbi cho n\u1ec1n v\u0103n h\u1ecdc thi\u1ebfu nhi Vi\u1ec7t Nam th\u1eddi \u0111\u1ed5i m\u1edbi.<br \/>\nB\u1ed9 s\u00e1ch \u0111\u00e3 chinh ph\u1ee5c nhi\u1ec1u th\u1ebf h\u1ec7 b\u1ea1n \u0111\u1ecdc, v\u00e0 v\u1eabn ti\u1ebfp t\u1ee5c kh\u1eb3ng \u0111\u1ecbnh s\u1ee9c s\u1ed1ng qua n\u0103m th\u00e1ng, v\u1edbi ni\u1ec1m y\u00eau m\u1ebfn nh\u00e0 v\u0103n Nguy\u1ec5n Nh\u1eadt \u00c1nh c\u1ee7a \u0111\u1ed9i ng\u0169 \u0111\u00f4ng \u0111\u1ea3o b\u1ea1n \u0111\u1ecdc nhi\u1ec1u l\u1ee9a tu\u1ed5i.<\/p>\n<p>&#8220;V\u1edbi m\u1ed9t gi\u1ecdng k\u1ec3 ch\u00e2n ch\u1ea5t h\u1ed3n h\u1eadu, khi d\u00ed d\u1ecfm khi ng\u1ecdt ng\u00e0o, c\u1ea3 t\u1ebfu t\u00e1o v\u00e0 ngh\u1ecbch ng\u1ee3m n\u1eefa, m\u1ed7i cu\u1ed1n s\u00e1ch c\u1ee7a Nguy\u1ec5n Nh\u1eadt \u00c1nh gi\u1ed1ng nh\u01b0 m\u1ed9t \u1ed1ng k\u00ednh v\u1ea1n hoa. V\u1edbi c\u00e1c em, ch\u1ec9 c\u1ea7n xoay kh\u1ebd m\u1ed9t ch\u00fat c\u00e1c em s\u1ebd th\u1ea5y bi\u1ebft bao quen th\u00e2n v\u00e0 l\u1ea1 l\u1eabm \u0111\u1ec3 r\u1ed3i ng\u1ed3i c\u01b0\u1eddi kh\u00fac kh\u00edch v\u1edbi nhau, ho\u1eb7c l\u1eb7ng \u0111i, nh\u00ecn nhau r\u01b0ng r\u01b0ng ti\u1ebfc th\u01b0\u01a1ng m\u1ed9t c\u00e1i g\u00ec \u0111\u00e3 m\u1ea5t. C\u00f2n v\u1edbi t\u00f4i, m\u1ed7i l\u1ea7n xoay kh\u1ebd k\u00ednh v\u1ea1n hoa kia, c\u1ea3 tu\u1ed5i th\u01a1 l\u1ed9ng l\u1eaby v\u00e0 \u0111au \u0111\u1edbn t\u01b0\u1edfng \u0111\u00e3 ch\u00ecm s\u00e2u khu\u1ea5t l\u1ea5p v\u00e0o l\u00e3ng qu\u00ean b\u1ed7ng r\u1ef1c l\u00ean tr\u01b0\u1edbc m\u1eaft t\u00f4i, l\u00e0m cho t\u00f4i l\u1eafm khi kh\u00f3 c\u1ea7m \u0111\u01b0\u1ee3c n\u01b0\u1edbc m\u1eaft. &#8220;\u00d0\u01b0\u1ee3c t\u1eafm m\u00ecnh trong d\u00f2ng s\u00f4ng trong tr\u1ebbo c\u1ee7a tu\u1ed5i th\u01a1 s\u1ebd gi\u00fap b\u1ea1n g\u1ed9t r\u1eeda nh\u1eefng b\u1ee5i b\u1eb7m c\u1ee7a th\u1ebf gi\u1edbi ng\u01b0\u1eddi l\u1edbn m\u1ed9t c\u00e1ch di\u1ec7u k\u1ef3&#8221;, Nguy\u1ec5n Nh\u1eadt \u00c1nh \u0111\u00e3 n\u00f3i v\u1eady v\u00e0 anh \u0111\u00e3 \u0111\u00fang.&#8221; (Nh\u00e0 v\u0103n Nguy\u1ec5n Quang L\u1eadp)<\/p>\n","protected":false},"excerpt":{"rendered":"<p>Nh\u00e2n d\u1ecbp k\u1ec9 ni\u1ec7m 25 n\u0103m ra m\u1eaft t\u1eadp \u0111\u1ea7u ti\u00ean trong series K\u00ednh V\u1ea1n Hoa, Nh\u00e0 xu\u1ea5t b\u1ea3n Kim \u0110\u1ed3ng ra m\u1eaft \u0111\u1ed9c gi\u1ea3 b\u1ed9 \u1ea5n ph\u1ea9m K\u00ednh V\u1ea1n Hoa 45 t\u1eadp theo phi\u00ean b\u1ea3n in l\u1ea7n \u0111\u1ea7u ti\u00ean, minh h\u1ecda c\u1ee7a h\u1ecda s\u0129 \u0110\u1ed7 Ho\u00e0ng T\u01b0\u1eddng.<\/p>\n<p>S\u00e1ch in b\u00eca c\u1ee9ng trang tr\u1ecdng.<\/p>\n<p>B\u1ed9 s\u00e1ch 45 t\u1eadp \u0111\u01b0\u1ee3c \u0111\u00f3ng boxset, s\u1ed1 l\u01b0\u1ee3ng in gi\u1edbi h\u1ea1n 1000 b\u1ed9.<\/p>\n<p>\u0110i\u1ec3m \u0111\u1eb7c bi\u1ec7t, l\u00e0 T\u1eadp 1 \u2013 Nh\u00e0 \u1ea3o thu\u1eadt c\u1ee7a b\u1ed9 \u1ea5n ph\u1ea9m n\u00e0y s\u1ebd c\u00f3 ch\u1eef k\u00fd vi\u1ebft tay tr\u1ef1c ti\u1ebfp c\u1ee7a nh\u00e0 v\u0103n Nguy\u1ec5n Nh\u1eadt \u00c1nh.<\/p>\n<p>B\u1ed9 s\u00e1ch K\u00ednh V\u1ea1n Hoa l\u00e0 series truy\u1ec7n thi\u1ebfu nhi g\u1eafn li\u1ec1n v\u1edbi t\u00ean tu\u1ed5i c\u1ee7a nh\u00e0 v\u0103n Nguy\u1ec5n Nh\u1eadt \u00c1nh. B\u1ed9 s\u00e1ch l\u00e0 s\u1ef1 h\u1ee3p t\u00e1c d\u00e0i h\u01a1i, b\u1ec1n b\u1ec9, v\u1edbi nhi\u1ec1u t\u00e2m huy\u1ebft c\u1ee7a nh\u00e0 v\u0103n Nguy\u1ec5n Nh\u1eadt \u00c1nh, nh\u00e0 v\u0103n thi\u1ebfu nhi \u0111\u01b0\u01a1ng \u0111\u1ea1i h\u00e0ng \u0111\u1ea7u Vi\u1ec7t Nam v\u00e0 Nh\u00e0 xu\u1ea5t b\u1ea3n Kim \u0110\u1ed3ng.<\/p>\n<p>B\u1ed9 s\u00e1ch ra m\u1eaft t\u1eadp \u0111\u1ea7u ti\u00ean n\u0103m 1995, ra \u0111\u1ec1u \u0111\u1eb7n trong su\u1ed1t 7 n\u0103m cho t\u1edbi khi k\u1ebft th\u00fac \u1edf t\u1eadp th\u1ee9 45 v\u00e0o n\u0103m 2002.<br \/>\nB\u1ed9 truy\u1ec7n K\u00ednh V\u1ea1n Hoa c\u00f3 \u00fd ngh\u0129a \u0111\u1eb7c bi\u1ec7t, kh\u01a1i m\u1ed9t lu\u1ed3ng gi\u00f3 m\u1edbi cho n\u1ec1n v\u0103n h\u1ecdc thi\u1ebfu nhi Vi\u1ec7t Nam th\u1eddi \u0111\u1ed5i m\u1edbi.<br \/>\nB\u1ed9 s\u00e1ch \u0111\u00e3 chinh ph\u1ee5c nhi\u1ec1u th\u1ebf h\u1ec7 b\u1ea1n \u0111\u1ecdc, v\u00e0 v\u1eabn ti\u1ebfp t\u1ee5c kh\u1eb3ng \u0111\u1ecbnh s\u1ee9c s\u1ed1ng qua n\u0103m th\u00e1ng, v\u1edbi ni\u1ec1m y\u00eau m\u1ebfn nh\u00e0 v\u0103n Nguy\u1ec5n Nh\u1eadt \u00c1nh c\u1ee7a \u0111\u1ed9i ng\u0169 \u0111\u00f4ng \u0111\u1ea3o b\u1ea1n \u0111\u1ecdc nhi\u1ec1u l\u1ee9a tu\u1ed5i.<\/p>\n<p>&#8220;V\u1edbi m\u1ed9t gi\u1ecdng k\u1ec3 ch\u00e2n ch\u1ea5t h\u1ed3n h\u1eadu, khi d\u00ed d\u1ecfm khi ng\u1ecdt ng\u00e0o, c\u1ea3 t\u1ebfu t\u00e1o v\u00e0 ngh\u1ecbch ng\u1ee3m n\u1eefa, m\u1ed7i cu\u1ed1n s\u00e1ch c\u1ee7a Nguy\u1ec5n Nh\u1eadt \u00c1nh gi\u1ed1ng nh\u01b0 m\u1ed9t \u1ed1ng k\u00ednh v\u1ea1n hoa. V\u1edbi c\u00e1c em, ch\u1ec9 c\u1ea7n xoay kh\u1ebd m\u1ed9t ch\u00fat c\u00e1c em s\u1ebd th\u1ea5y bi\u1ebft bao quen th\u00e2n v\u00e0 l\u1ea1 l\u1eabm \u0111\u1ec3 r\u1ed3i ng\u1ed3i c\u01b0\u1eddi kh\u00fac kh\u00edch v\u1edbi nhau, ho\u1eb7c l\u1eb7ng \u0111i, nh\u00ecn nhau r\u01b0ng r\u01b0ng ti\u1ebfc th\u01b0\u01a1ng m\u1ed9t c\u00e1i g\u00ec \u0111\u00e3 m\u1ea5t. C\u00f2n v\u1edbi t\u00f4i, m\u1ed7i l\u1ea7n xoay kh\u1ebd k\u00ednh v\u1ea1n hoa kia, c\u1ea3 tu\u1ed5i th\u01a1 l\u1ed9ng l\u1eaby v\u00e0 \u0111au \u0111\u1edbn t\u01b0\u1edfng \u0111\u00e3 ch\u00ecm s\u00e2u khu\u1ea5t l\u1ea5p v\u00e0o l\u00e3ng qu\u00ean b\u1ed7ng r\u1ef1c l\u00ean tr\u01b0\u1edbc m\u1eaft t\u00f4i, l\u00e0m cho t\u00f4i l\u1eafm khi kh\u00f3 c\u1ea7m \u0111\u01b0\u1ee3c n\u01b0\u1edbc m\u1eaft. &#8220;\u00d0\u01b0\u1ee3c t\u1eafm m\u00ecnh trong d\u00f2ng s\u00f4ng trong tr\u1ebbo c\u1ee7a tu\u1ed5i th\u01a1 s\u1ebd gi\u00fap b\u1ea1n g\u1ed9t r\u1eeda nh\u1eefng b\u1ee5i b\u1eb7m c\u1ee7a th\u1ebf gi\u1edbi ng\u01b0\u1eddi l\u1edbn m\u1ed9t c\u00e1ch di\u1ec7u k\u1ef3&#8221;, Nguy\u1ec5n Nh\u1eadt \u00c1nh \u0111\u00e3 n\u00f3i v\u1eady v\u00e0 anh \u0111\u00e3 \u0111\u00fang.&#8221; (Nh\u00e0 v\u0103n Nguy\u1ec5n Quang L\u1eadp)<\/p>\n","protected":false},"featured_media":10444,"template":"","meta":{"_acf_changed":false},"product_brand":[],"product_cat":[17,15,71,26,45],"product_tag":[],"class_list":{"0":"post-10448","1":"product","2":"type-product","3":"status-publish","4":"has-post-thumbnail","6":"product_cat-sach-danh-cho-cac-be","7":"product_cat-sach-danh-cho-nguoi-lon","8":"product_cat-sach-tre-em-thuan-viet","9":"product_cat-thieu-nien-11-tuoi-18-tuoi","10":"product_cat-tieu-thuyet","12":"first","13":"outofstock","14":"taxable","15":"shipping-taxable","16":"purchasable","17":"product-type-simple"},"supplier_id":null,"supplier_sku":"","barcode":null,"atum_controlled":true,"out_stock_date":"2021-07-04 15:02:34","out_stock_threshold":null,"inheritable":false,"inbound_stock":0,"stock_on_hold":0,"sold_today":0,"sales_last_days":0,"reserved_stock":0,"customer_returns":0,"warehouse_damage":0,"lost_in_post":0,"other_logs":0,"out_stock_days":1669,"lost_sales":0,"has_location":false,"update_date":"2026-01-28T23:10:46","atum_locations":[],"atum_stock_status":"outofstock","restock_status":false,"low_stock_amount":"","sales_update_date":"2026-01-28T23:10:46","calc_backorders":null,"acf":{"publisher":{"ID":1454,"post_author":"1","post_date":"2021-02-17 01:11:34","post_date_gmt":"2021-02-16 23:11:34","post_content":"<!-- wp:flatsome\/uxbuilder -->\n<h1 style=\"text-align: center;\"><strong>Kim \u0110\u1ed3ng<\/strong><\/h1>\n[row]\n\n[col span=\"3\" span__sm=\"12\"]\n\n[ux_image id=\"1534\" image_size=\"medium\"]\n\n\n[\/col]\n[col span=\"9\" span__sm=\"12\"]\n\n<p>Nh\u00e0 xu\u1ea5t b\u1ea3n Kim \u0110\u1ed3ng tr\u1ef1c thu\u1ed9c Trung \u01b0\u01a1ng \u0110o\u00e0n TNCS H\u1ed3 Ch\u00ed Minh l\u00e0 Nh\u00e0 xu\u1ea5t b\u1ea3n t\u1ed5ng h\u1ee3p c\u00f3 ch\u1ee9c n\u0103ng xu\u1ea5t b\u1ea3n s\u00e1ch v\u00e0 v\u0103n h\u00f3a ph\u1ea9m ph\u1ee5c v\u1ee5 thi\u1ebfu nhi v\u00e0 c\u00e1c b\u1eadc ph\u1ee5 huynh trong c\u1ea3 n\u01b0\u1edbc, qu\u1ea3ng b\u00e1 v\u00e0 gi\u1edbi thi\u1ec7u v\u0103n h\u00f3a Vi\u1ec7t Nam ra th\u1ebf gi\u1edbi.<br \/>Nh\u00e0 xu\u1ea5t b\u1ea3n c\u00f3 nhi\u1ec7m v\u1ee5 t\u1ed5 ch\u1ee9c b\u1ea3n th\u1ea3o, bi\u00ean so\u1ea1n, bi\u00ean d\u1ecbch, xu\u1ea5t b\u1ea3n v\u00e0 ph\u00e1t h\u00e0nh c\u00e1c xu\u1ea5t b\u1ea3n ph\u1ea9m c\u00f3 n\u1ed9i dung: gi\u00e1o d\u1ee5c truy\u1ec1n th\u1ed1ng d\u00e2n t\u1ed9c, gi\u00e1o d\u1ee5c v\u1ec1 tri th\u1ee9c, ki\u1ebfn th\u1ee9c\u2026 tr\u00ean c\u00e1c l\u0129nh v\u1ef1c v\u0103n h\u1ecdc, ngh\u1ec7 thu\u1eadt, khoa h\u1ecdc k\u1ef9 thu\u1eadt nh\u1eb1m cung c\u1ea5p cho c\u00e1c em thi\u1ebfu nhi c\u0169ng nh\u01b0 c\u00e1c b\u1eadc ph\u1ee5 huynh c\u00e1c ki\u1ebfn th\u1ee9c c\u1ea7n thi\u1ebft trong cu\u1ed9c s\u1ed1ng, nh\u1eefng tinh hoa c\u1ee7a tri th\u1ee9c nh\u00e2n lo\u1ea1i nh\u1eb1m g\u00f3p ph\u1ea7n gi\u00e1o d\u1ee5c v\u00e0 h\u00ecnh th\u00e0nh nh\u00e2n c\u00e1ch th\u1ebf h\u1ec7 tr\u1ebb.<br \/>\u0110\u1ed1i t\u01b0\u1ee3ng ph\u1ee5c v\u1ee5 c\u1ee7a Nh\u00e0 xu\u1ea5t b\u1ea3n l\u00e0 c\u00e1c em t\u1eeb tu\u1ed5i nh\u00e0 tr\u1ebb m\u1eabu gi\u00e1o (1 \u0111\u1ebfn 5 tu\u1ed5i), nhi \u0111\u1ed3ng (6 \u0111\u1ebfn 9 tu\u1ed5i), thi\u1ebfu ni\u00ean (10 \u0111\u1ebfn 15 tu\u1ed5i) \u0111\u1ebfn c\u00e1c em tu\u1ed5i m\u1edbi l\u1edbn (16 \u0111\u1ebfn 18 tu\u1ed5i) v\u00e0 c\u00e1c b\u1eadc ph\u1ee5 huynh.<\/p>\n\n[\/col]\n\n[\/row]\n\n<!-- \/wp:flatsome\/uxbuilder -->","post_title":"Kim \u0110\u1ed3ng","post_excerpt":"","post_status":"publish","comment_status":"closed","ping_status":"closed","post_password":"","post_name":"kim-dong","to_ping":"","pinged":"","post_modified":"2021-02-17 01:31:56","post_modified_gmt":"2021-02-16 23:31:56","post_content_filtered":"","post_parent":0,"guid":"https:\/\/sachviet.eu\/nha-phat-hanh\/kim-dong\/","menu_order":0,"post_type":"publisher","post_mime_type":"","comment_count":"0","filter":"raw"}},"_links":{"self":[{"href":"https:\/\/sachviet.eu\/en\/wp-json\/wp\/v2\/product\/10448","targetHints":{"allow":["GET"]}}],"collection":[{"href":"https:\/\/sachviet.eu\/en\/wp-json\/wp\/v2\/product"}],"about":[{"href":"https:\/\/sachviet.eu\/en\/wp-json\/wp\/v2\/types\/product"}],"wp:featuredmedia":[{"embeddable":true,"href":"https:\/\/sachviet.eu\/en\/wp-json\/wp\/v2\/media\/10444"}],"wp:attachment":[{"href":"https:\/\/sachviet.eu\/en\/wp-json\/wp\/v2\/media?parent=10448"}],"wp:term":[{"taxonomy":"product_brand","embeddable":true,"href":"https:\/\/sachviet.eu\/en\/wp-json\/wp\/v2\/product_brand?post=10448"},{"taxonomy":"product_cat","embeddable":true,"href":"https:\/\/sachviet.eu\/en\/wp-json\/wp\/v2\/product_cat?post=10448"},{"taxonomy":"product_tag","embeddable":true,"href":"https:\/\/sachviet.eu\/en\/wp-json\/wp\/v2\/product_tag?post=10448"}],"curies":[{"name":"wp","href":"https:\/\/api.w.org\/{rel}","templated":true}]}}