{"id":10441,"date":"2021-06-02T19:14:15","date_gmt":"2021-06-02T16:14:15","guid":{"rendered":"https:\/\/sachviet.eu\/shop\/nghi-nhu-hoang-de-la-ma-triet-ly-khac-ky-cua-marcus-aurelius\/"},"modified":"2023-11-17T00:20:35","modified_gmt":"2023-11-16T22:20:35","slug":"nghi-nhu-hoang-de-la-ma-triet-ly-khac-ky-cua-marcus-aurelius","status":"publish","type":"product","link":"https:\/\/sachviet.eu\/en\/shop\/nghi-nhu-hoang-de-la-ma-triet-ly-khac-ky-cua-marcus-aurelius\/","title":{"rendered":"Ngh\u0129 Nh\u01b0 Ho\u00e0ng \u0110\u1ebf La M\u00e3 &#8211; Tri\u1ebft L\u00fd Kh\u1eafc K\u1ef7 C\u1ee7a Marcus Aurelius"},"content":{"rendered":"<p>Ngh\u0129 Nh\u01b0 Ho\u00e0ng \u0110\u1ebf La M\u00e3: Tri\u1ebft L\u00fd Kh\u1eafc K\u1ef7 C\u1ee7a Marcus Aurelius &#8211; How To Think Like A Roman Emperor: The Stoic Philosophy Of Marcus Aurelius<\/p>\n<p>T\u00f4i t\u1ef1 h\u1ecfi ai l\u00e0 \u1ee9ng c\u1eed vi\u00ean s\u00e1ng gi\u00e1 nh\u1ea5t m\u00e0 t\u00f4i c\u00f3 th\u1ec3 s\u1eed d\u1ee5ng nh\u01b0 m\u1ed9t t\u1ea5m g\u01b0\u01a1ng c\u1ee7a ch\u1ee7 ngh\u0129a kh\u1eafc k\u1ef7, ng\u01b0\u1eddi m\u00e0 nh\u1eefng c\u00e2u chuy\u1ec7n v\u1ec1 \u00f4ng s\u1ebd khi\u1ebfn tri\u1ebft h\u1ecdc tr\u1edf n\u00ean sinh \u0111\u1ed9ng v\u00e0 mang \u0111\u1ebfn cho n\u00f3 m\u1ed9t h\u00ecnh th\u00f9 r\u00f5 r\u00e0ng khi \u0111\u01b0\u1ee3c t\u00f4i k\u1ec3 l\u1ea1i. C\u00e2u tr\u1ea3 l\u1eddi hi\u1ec3n nhi\u00ean l\u00e0 Marcus Aurelius. Ch\u00fang ta bi\u1ebft r\u1ea5t \u00edt v\u1ec1 cu\u1ed9c \u0111\u1eddi c\u1ee7a h\u1ea7u h\u1ebft c\u00e1c tri\u1ebft gia c\u1ed5 \u0111\u1ea1i, nh\u01b0ng Marcus l\u00e0 m\u1ed9t v\u1ecb ho\u00e0ng \u0111\u1ebf La M\u00e3 m\u00e0 cho \u0111\u1ebfn nay v\u1eabn c\u00f2n kh\u00e1 nhi\u1ec1u b\u1eb1ng ch\u1ee9ng v\u1ec1 cu\u1ed9c \u0111\u1eddi v\u00e0 nh\u00e2n c\u00e1ch c\u1ee7a \u00f4ng.<\/p>\n<p>To\u00e0n b\u1ed9 cu\u1ed1n s\u00e1ch n\u00e0y \u0111\u01b0\u1ee3c thi\u1ebft k\u1ebf \u0111\u1ec3 gi\u00fap b\u1ea1n theo b\u01b0\u1edbc Marcus trong vi\u1ec7c c\u00f3 \u0111\u01b0\u1ee3c s\u1ee9c m\u1ea1nh tinh th\u1ea7n c\u1ee7a nh\u00e0 kh\u1eafc k\u1ef7 v\u00e0 cu\u1ed1i c\u00f9ng l\u00e0 m\u1ed9t c\u1ea3m gi\u00e1c th\u1ecfa m\u00e3n s\u00e2u s\u1eafc h\u01a1n. <\/p>\n<p>C\u00e1c nh\u00e0 kh\u1eafc k\u1ef7 c\u00f3 th\u1ec3 d\u1ea1y cho b\u1ea1n c\u00e1ch t\u00ecm ra ch\u00ed h\u01b0\u1edbng trong cu\u1ed9c s\u1ed1ng, c\u00e1ch \u0111\u1ed1i m\u1eb7t v\u1edbi ngh\u1ecbch c\u1ea3nh, c\u00e1ch ch\u1ebf ng\u1ef1 c\u01a1n gi\u1eadn d\u1eef n\u1ed9i t\u1ea1i, ti\u1ebft ch\u1ebf ham mu\u1ed1n, tr\u1ea3i nghi\u1ec7m nh\u1eefng ngu\u1ed3n vui l\u00e0nh m\u1ea1nh, ki\u00ean nh\u1eabn ch\u1ecbu \u0111\u1ef1ng n\u1ed7i \u0111au v\u00e0 b\u1ec7nh t\u1eadt m\u1ed9t c\u00e1ch \u0111\u1ea7y t\u1ef1 t\u00f4n, t\u1ecf ra can \u0111\u1ea3m khi \u0111\u1ed1i m\u1eb7t v\u1edbi lo l\u1eafng, \u0111\u1ed1i ph\u00f3 v\u1edbi s\u1ef1 m\u1ea5t m\u00e1t, v\u00e0 th\u1eadm ch\u00ed c\u00f3 th\u1ec3 \u0111\u1ed1i m\u1eb7t v\u1edbi s\u1ef1 s\u1ed1ng h\u1eefu h\u1ea1n c\u1ee7a con ng\u01b0\u1eddi trong khi v\u1eabn b\u00ecnh th\u1ea3n, nh\u01b0 Socrates. Marcus Aurelius ph\u1ea3i \u0111\u1ed1i m\u1eb7t v\u1edbi nh\u1eefng th\u00e1ch th\u1ee9c kh\u1ed5ng l\u1ed3 trong th\u1eddi gian tr\u1ecb v\u00ec \u0111\u1ebf ch\u1ebf La M\u00e3. T\u00f4i mu\u1ed1n m\u1eddi b\u1ea1n, v\u1edbi t\u01b0 c\u00e1ch l\u00e0 m\u1ed9t \u0111\u1ed9c gi\u1ea3, c\u1ed1 g\u1eafng \u0111\u1ecdc cu\u1ed1n s\u00e1ch n\u00e0y theo m\u1ed9t c\u00e1ch \u0111\u1eb7c bi\u1ec7t, th\u1eed \u0111\u1eb7t m\u00ecnh v\u00e0o v\u1ecb tr\u00ed c\u1ee7a Marcus v\u00e0 nh\u00ecn cu\u1ed9c s\u1ed1ng qua \u0111\u00f4i m\u1eaft \u00f4ng, qua l\u0103ng k\u00ednh tri\u1ebft l\u00fd c\u1ee7a \u00f4ng. H\u00e3y c\u00f9ng xem ch\u00fang ta c\u00f3 th\u1ec3 \u0111\u1ed3ng h\u00e0nh c\u00f9ng \u00f4ng trong chuy\u1ebfn h\u00e0nh tr\u00ecnh c\u1ee7a \u00f4ng \u0111\u1ec3 qua t\u1eebng ng\u00e0y t\u1ef1 bi\u1ebfn m\u00ecnh th\u00e0nh m\u1ed9t nh\u00e0 kh\u1eafc k\u1ef7 \u0111\u1ea7y b\u1ea3n l\u0129nh hay kh\u00f4ng. N\u1ebfu S\u1ed1 ph\u1eadn cho ph\u00e9p, c\u00f3 l\u1ebd s\u1ebd c\u00f3 nhi\u1ec1u ng\u01b0\u1eddi h\u01a1n c\u00f3 th\u1ec3 \u00e1p d\u1ee5ng s\u1ef1 kh\u00f4n ngoan c\u1ee7a ch\u1ee7 ngh\u0129a kh\u1eafc k\u1ef7 v\u00e0o nh\u1eefng th\u00e1ch th\u1ee9c th\u1ef1c s\u1ef1 v\u00e0 nh\u1eefng v\u1ea5n \u0111\u1ec1 h\u1eb1ng ng\u00e0y c\u1ee7a cu\u1ed9c s\u1ed1ng hi\u1ec7n \u0111\u1ea1i. Tuy nhi\u00ean, s\u1ef1 thay \u0111\u1ed5i \u0111\u00f3 s\u1ebd kh\u00f4ng d\u1ec5 x\u1ea3y ra. N\u00f3 ch\u1ec9 x\u1ea3y ra khi ch\u00fang ta \u0111\u01b0a ra m\u1ed9t quy\u1ebft \u0111\u1ecbnh ch\u1eafc ch\u1eafn r\u1eb1ng, \u1edf \u0111\u00e2y v\u00e0 ngay b\u00e2y gi\u1edd, ch\u00fang ta s\u1ebd b\u1eaft \u0111\u1ea7u \u00e1p d\u1ee5ng nh\u1eefng \u00fd t\u01b0\u1edfng nh\u01b0 th\u1ebf v\u00e0o th\u1ef1c t\u1ebf. Nh\u01b0 Marcus \u0111\u00e3 vi\u1ebft cho ch\u00ednh m\u00ecnh: \u0110\u1eebng l\u00e3ng ph\u00ed th\u1eddi gian tranh lu\u1eadn v\u1ec1 vi\u1ec7c m\u1ed9t ng\u01b0\u1eddi t\u1ed1t n\u00ean nh\u01b0 th\u1ebf n\u00e0o; h\u00e3y l\u00e0 m\u1ed9t ng\u01b0\u1eddi t\u1ed1t.<\/p>\n","protected":false},"excerpt":{"rendered":"<p>Ngh\u0129 Nh\u01b0 Ho\u00e0ng \u0110\u1ebf La M\u00e3: Tri\u1ebft L\u00fd Kh\u1eafc K\u1ef7 C\u1ee7a Marcus Aurelius &#8211; How To Think Like A Roman Emperor: The Stoic Philosophy Of Marcus Aurelius<\/p>\n<p>T\u00f4i t\u1ef1 h\u1ecfi ai l\u00e0 \u1ee9ng c\u1eed vi\u00ean s\u00e1ng gi\u00e1 nh\u1ea5t m\u00e0 t\u00f4i c\u00f3 th\u1ec3 s\u1eed d\u1ee5ng nh\u01b0 m\u1ed9t t\u1ea5m g\u01b0\u01a1ng c\u1ee7a ch\u1ee7 ngh\u0129a kh\u1eafc k\u1ef7, ng\u01b0\u1eddi m\u00e0 nh\u1eefng c\u00e2u chuy\u1ec7n v\u1ec1 \u00f4ng s\u1ebd khi\u1ebfn tri\u1ebft h\u1ecdc tr\u1edf n\u00ean sinh \u0111\u1ed9ng v\u00e0 mang \u0111\u1ebfn cho n\u00f3 m\u1ed9t h\u00ecnh th\u00f9 r\u00f5 r\u00e0ng khi \u0111\u01b0\u1ee3c t\u00f4i k\u1ec3 l\u1ea1i. C\u00e2u tr\u1ea3 l\u1eddi hi\u1ec3n nhi\u00ean l\u00e0 Marcus Aurelius. Ch\u00fang ta bi\u1ebft r\u1ea5t \u00edt v\u1ec1 cu\u1ed9c \u0111\u1eddi c\u1ee7a h\u1ea7u h\u1ebft c\u00e1c tri\u1ebft gia c\u1ed5 \u0111\u1ea1i, nh\u01b0ng Marcus l\u00e0 m\u1ed9t v\u1ecb ho\u00e0ng \u0111\u1ebf La M\u00e3 m\u00e0 cho \u0111\u1ebfn nay v\u1eabn c\u00f2n kh\u00e1 nhi\u1ec1u b\u1eb1ng ch\u1ee9ng v\u1ec1 cu\u1ed9c \u0111\u1eddi v\u00e0 nh\u00e2n c\u00e1ch c\u1ee7a \u00f4ng.<\/p>\n<p>To\u00e0n b\u1ed9 cu\u1ed1n s\u00e1ch n\u00e0y \u0111\u01b0\u1ee3c thi\u1ebft k\u1ebf \u0111\u1ec3 gi\u00fap b\u1ea1n theo b\u01b0\u1edbc Marcus trong vi\u1ec7c c\u00f3 \u0111\u01b0\u1ee3c s\u1ee9c m\u1ea1nh tinh th\u1ea7n c\u1ee7a nh\u00e0 kh\u1eafc k\u1ef7 v\u00e0 cu\u1ed1i c\u00f9ng l\u00e0 m\u1ed9t c\u1ea3m gi\u00e1c th\u1ecfa m\u00e3n s\u00e2u s\u1eafc h\u01a1n. <\/p>\n<p>C\u00e1c nh\u00e0 kh\u1eafc k\u1ef7 c\u00f3 th\u1ec3 d\u1ea1y cho b\u1ea1n c\u00e1ch t\u00ecm ra ch\u00ed h\u01b0\u1edbng trong cu\u1ed9c s\u1ed1ng, c\u00e1ch \u0111\u1ed1i m\u1eb7t v\u1edbi ngh\u1ecbch c\u1ea3nh, c\u00e1ch ch\u1ebf ng\u1ef1 c\u01a1n gi\u1eadn d\u1eef n\u1ed9i t\u1ea1i, ti\u1ebft ch\u1ebf ham mu\u1ed1n, tr\u1ea3i nghi\u1ec7m nh\u1eefng ngu\u1ed3n vui l\u00e0nh m\u1ea1nh, ki\u00ean nh\u1eabn ch\u1ecbu \u0111\u1ef1ng n\u1ed7i \u0111au v\u00e0 b\u1ec7nh t\u1eadt m\u1ed9t c\u00e1ch \u0111\u1ea7y t\u1ef1 t\u00f4n, t\u1ecf ra can \u0111\u1ea3m khi \u0111\u1ed1i m\u1eb7t v\u1edbi lo l\u1eafng, \u0111\u1ed1i ph\u00f3 v\u1edbi s\u1ef1 m\u1ea5t m\u00e1t, v\u00e0 th\u1eadm ch\u00ed c\u00f3 th\u1ec3 \u0111\u1ed1i m\u1eb7t v\u1edbi s\u1ef1 s\u1ed1ng h\u1eefu h\u1ea1n c\u1ee7a con ng\u01b0\u1eddi trong khi v\u1eabn b\u00ecnh th\u1ea3n, nh\u01b0 Socrates. Marcus Aurelius ph\u1ea3i \u0111\u1ed1i m\u1eb7t v\u1edbi nh\u1eefng th\u00e1ch th\u1ee9c kh\u1ed5ng l\u1ed3 trong th\u1eddi gian tr\u1ecb v\u00ec \u0111\u1ebf ch\u1ebf La M\u00e3. T\u00f4i mu\u1ed1n m\u1eddi b\u1ea1n, v\u1edbi t\u01b0 c\u00e1ch l\u00e0 m\u1ed9t \u0111\u1ed9c gi\u1ea3, c\u1ed1 g\u1eafng \u0111\u1ecdc cu\u1ed1n s\u00e1ch n\u00e0y theo m\u1ed9t c\u00e1ch \u0111\u1eb7c bi\u1ec7t, th\u1eed \u0111\u1eb7t m\u00ecnh v\u00e0o v\u1ecb tr\u00ed c\u1ee7a Marcus v\u00e0 nh\u00ecn cu\u1ed9c s\u1ed1ng qua \u0111\u00f4i m\u1eaft \u00f4ng, qua l\u0103ng k\u00ednh tri\u1ebft l\u00fd c\u1ee7a \u00f4ng. H\u00e3y c\u00f9ng xem ch\u00fang ta c\u00f3 th\u1ec3 \u0111\u1ed3ng h\u00e0nh c\u00f9ng \u00f4ng trong chuy\u1ebfn h\u00e0nh tr\u00ecnh c\u1ee7a \u00f4ng \u0111\u1ec3 qua t\u1eebng ng\u00e0y t\u1ef1 bi\u1ebfn m\u00ecnh th\u00e0nh m\u1ed9t nh\u00e0 kh\u1eafc k\u1ef7 \u0111\u1ea7y b\u1ea3n l\u0129nh hay kh\u00f4ng. N\u1ebfu S\u1ed1 ph\u1eadn cho ph\u00e9p, c\u00f3 l\u1ebd s\u1ebd c\u00f3 nhi\u1ec1u ng\u01b0\u1eddi h\u01a1n c\u00f3 th\u1ec3 \u00e1p d\u1ee5ng s\u1ef1 kh\u00f4n ngoan c\u1ee7a ch\u1ee7 ngh\u0129a kh\u1eafc k\u1ef7 v\u00e0o nh\u1eefng th\u00e1ch th\u1ee9c th\u1ef1c s\u1ef1 v\u00e0 nh\u1eefng v\u1ea5n \u0111\u1ec1 h\u1eb1ng ng\u00e0y c\u1ee7a cu\u1ed9c s\u1ed1ng hi\u1ec7n \u0111\u1ea1i. Tuy nhi\u00ean, s\u1ef1 thay \u0111\u1ed5i \u0111\u00f3 s\u1ebd kh\u00f4ng d\u1ec5 x\u1ea3y ra. N\u00f3 ch\u1ec9 x\u1ea3y ra khi ch\u00fang ta \u0111\u01b0a ra m\u1ed9t quy\u1ebft \u0111\u1ecbnh ch\u1eafc ch\u1eafn r\u1eb1ng, \u1edf \u0111\u00e2y v\u00e0 ngay b\u00e2y gi\u1edd, ch\u00fang ta s\u1ebd b\u1eaft \u0111\u1ea7u \u00e1p d\u1ee5ng nh\u1eefng \u00fd t\u01b0\u1edfng nh\u01b0 th\u1ebf v\u00e0o th\u1ef1c t\u1ebf. Nh\u01b0 Marcus \u0111\u00e3 vi\u1ebft cho ch\u00ednh m\u00ecnh: \u0110\u1eebng l\u00e3ng ph\u00ed th\u1eddi gian tranh lu\u1eadn v\u1ec1 vi\u1ec7c m\u1ed9t ng\u01b0\u1eddi t\u1ed1t n\u00ean nh\u01b0 th\u1ebf n\u00e0o; h\u00e3y l\u00e0 m\u1ed9t ng\u01b0\u1eddi t\u1ed1t.<\/p>\n","protected":false},"featured_media":10426,"template":"","meta":{"_acf_changed":false},"product_brand":[],"product_cat":[18],"product_tag":[],"class_list":{"0":"post-10441","1":"product","2":"type-product","3":"status-publish","4":"has-post-thumbnail","6":"product_cat-kinh-te","8":"first","9":"instock","10":"taxable","11":"shipping-taxable","12":"purchasable","13":"product-type-simple"},"supplier_id":null,"supplier_sku":"","barcode":null,"atum_controlled":true,"out_stock_date":null,"out_stock_threshold":null,"inheritable":false,"inbound_stock":0,"stock_on_hold":0,"sold_today":0,"sales_last_days":0,"reserved_stock":0,"customer_returns":0,"warehouse_damage":0,"lost_in_post":0,"other_logs":0,"out_stock_days":0,"lost_sales":0,"has_location":false,"update_date":"2026-01-28T23:10:46","atum_locations":[],"atum_stock_status":"instock","restock_status":false,"low_stock_amount":"","sales_update_date":"2026-01-28T23:10:46","calc_backorders":null,"acf":{"publisher":{"ID":1517,"post_author":"1","post_date":"2021-02-17 01:14:41","post_date_gmt":"2021-02-16 23:14:41","post_content":"","post_title":"NXB Tr\u1ebb","post_excerpt":"","post_status":"publish","comment_status":"closed","ping_status":"closed","post_password":"","post_name":"nxb-tre","to_ping":"","pinged":"","post_modified":"2021-02-17 01:14:41","post_modified_gmt":"2021-02-16 23:14:41","post_content_filtered":"","post_parent":0,"guid":"https:\/\/sachviet.eu\/nha-phat-hanh\/nxb-tre\/","menu_order":0,"post_type":"publisher","post_mime_type":"","comment_count":"0","filter":"raw"}},"_links":{"self":[{"href":"https:\/\/sachviet.eu\/en\/wp-json\/wp\/v2\/product\/10441","targetHints":{"allow":["GET"]}}],"collection":[{"href":"https:\/\/sachviet.eu\/en\/wp-json\/wp\/v2\/product"}],"about":[{"href":"https:\/\/sachviet.eu\/en\/wp-json\/wp\/v2\/types\/product"}],"wp:featuredmedia":[{"embeddable":true,"href":"https:\/\/sachviet.eu\/en\/wp-json\/wp\/v2\/media\/10426"}],"wp:attachment":[{"href":"https:\/\/sachviet.eu\/en\/wp-json\/wp\/v2\/media?parent=10441"}],"wp:term":[{"taxonomy":"product_brand","embeddable":true,"href":"https:\/\/sachviet.eu\/en\/wp-json\/wp\/v2\/product_brand?post=10441"},{"taxonomy":"product_cat","embeddable":true,"href":"https:\/\/sachviet.eu\/en\/wp-json\/wp\/v2\/product_cat?post=10441"},{"taxonomy":"product_tag","embeddable":true,"href":"https:\/\/sachviet.eu\/en\/wp-json\/wp\/v2\/product_tag?post=10441"}],"curies":[{"name":"wp","href":"https:\/\/api.w.org\/{rel}","templated":true}]}}