{"id":1042,"date":"2021-02-14T00:33:18","date_gmt":"2021-02-13T22:33:18","guid":{"rendered":"https:\/\/sachviet.eu\/shop\/mai-yeu-con\/"},"modified":"2025-04-24T12:28:53","modified_gmt":"2025-04-24T09:28:53","slug":"mai-yeu-con","status":"publish","type":"product","link":"https:\/\/sachviet.eu\/en\/shop\/mai-yeu-con\/","title":{"rendered":"M\u00e3i y\u00eau con"},"content":{"rendered":"<p><strong>M\u1ed8T T\u00c1C PH\u1ea8M TRANH KINH \u0110I\u1ec2N, K\u1ec2 T\u1eea KHI XU\u1ea4T B\u1ea2N L\u1ea6N \u0110\u1ea6U N\u0102M 1986 CHO T\u1edaI NAY \u0110\u00c3 B\u00c1N \u0110\u01af\u1ee2C H\u01a0N 15 TRI\u1ec6U B\u1ea2N TR\u00caN TO\u00c0N TH\u1ebe GI\u1edaI<\/strong><\/p>\n<p>\u0110\u00e2y l\u00e0 m\u1ed9t c\u00e2u chuy\u1ec7n gi\u1ea3n d\u1ecb, c\u1ea3m \u0111\u1ed9ng v\u1ec1 t\u00ecnh y\u00eau th\u01b0\u01a1ng \u00e2m th\u1ea7m v\u00f4 \u0111i\u1ec1u ki\u1ec7n c\u1ee7a nh\u1eefng ng\u01b0\u1eddi cha, ng\u01b0\u1eddi m\u1eb9 v\u1eabn d\u00e0nh cho con v\u00e0 v\u1ec1 c\u00e1ch m\u00e0 th\u1ee9 t\u00ecnh c\u1ea3m s\u00e2u s\u1eafc , \u0111\u1eb7c bi\u1ec7t n\u00e0y v\u1eabn truy\u1ec1n t\u1eeb th\u1ebf h\u1ec7 n\u00e0y sang th\u1ebf h\u1ec7 kh\u00e1c. Cu\u1ed1n s\u00e1ch nh\u01b0 m\u1ed9t l\u1eddi ru d\u1ecbu d\u00e0ng khi \u0111\u1ebfm v\u1ec1 v\u1edbi nh\u1eefng \u0111\u1ee9a tr\u1ebb v\u1eabn \u1edf trong v\u00f2ng tay m\u1eb9 v\u00e0 m\u1ed9t l\u1eddi nh\u1eafc nh\u1edf th\u1ea5m th\u00eda v\u1edbi nh\u1eefng ng\u01b0\u1eddi con \u0111\u00e3 tr\u01b0\u1edfng th\u00e0nh.<\/p>\n<p>T\u00f4i d\u00f9ng 5 ph\u00fat \u0111\u1ec3 \u0111\u1ecdc h\u1ebft quy\u1ec3n s\u00e1ch tranh n\u00e0y. Nh\u01b0ng d\u01b0 \u00e2m c\u1ee7a n\u00f3 c\u00f3 l\u1ebd s\u1ebd theo t\u00f4i r\u1ea5t l\u00e2u r\u1ea5t l\u00e2u n\u1eefa\u2026<\/p>\n<p>\u0110\u00e2y ch\u1ec9 l\u00e0 m\u1ed9t c\u00e2u chuy\u1ec7n \u0111\u01a1n gi\u1ea3n v\u00f4 c\u00f9ng. V\u1ec1 t\u00ecnh y\u00eau c\u1ee7a ng\u01b0\u1eddi m\u1eb9 d\u00e0nh cho \u0111\u1ee9a con trai c\u1ee7a c\u00f4 \u1ea5y.<\/p>\n<p>T\u1eeb khi \u0111\u1ee9a tr\u1ebb m\u1edbi sinh ra.<\/p>\n<p>\u0110\u1ebfn khi th\u00e0nh m\u1ed9t c\u1eadu nh\u00f3c con ngh\u1ecbch ng\u1ee3m \u0111\u1ebfn n\u1ed7i m\u1eb9 ch\u1ec9 mu\u1ed1n b\u00e1n c\u1eadu cho s\u1edf th\u00fa.<\/p>\n<p>R\u1ed3i c\u1eadu nh\u00f3c tr\u1edf th\u00e0nh thi\u1ebfu ni\u00ean v\u1edbi nh\u1eefng ng\u01b0\u1eddi b\u1ea1n v\u00e0 nh\u1eefng s\u1edf th\u00edch k\u1ef3 l\u1ea1 trong m\u1eaft m\u1eb9.<\/p>\n<p>Khi \u0111\u00e3 tr\u01b0\u1edfng th\u00e0nh, c\u1eadu b\u00e9 con ng\u00e0y n\u00e0o nay l\u00e0 m\u1ed9t ng\u01b0\u1eddi \u0111\u00e0n \u00f4ng cao l\u1edbn, anh d\u1ecdn ra kh\u1ecfi nh\u00e0 v\u00e0 \u0111\u1ebfn s\u1ed1ng \u1edf t\u00edt \u0111\u1ea7u kia th\u00e0nh ph\u1ed1.<\/p>\n<p>T\u1eeb \u0111\u1ea7u \u0111\u1ebfn cu\u1ed1i, d\u00f9 m\u1ec7t m\u1ecfi \u0111\u1ebfn \u0111\u00e2u, d\u00f9 ngo\u00e0i mi\u1ec7ng ph\u00e0n n\u00e0n bao nhi\u00eau nh\u01b0ng trong l\u00f2ng m\u1eb9 v\u1eabn lu\u00f4n y\u00eau th\u01b0\u01a1ng con m\u00ecnh v\u00f4 \u0111i\u1ec1u ki\u1ec7n. M\u1ed7i khi con say gi\u1ea5c ng\u1ee7 m\u1eb9 s\u1ebd \u0111\u1ebfn b\u00ean \u00f4m con v\u00e0o l\u00f2ng, h\u00e1t cho con nghe b\u00e0i h\u00e1t quen thu\u1ed9c.<\/p>\n<p><strong>&#8220;Con \u01a1i y\u00eau con m\u00e3i m\u00e3i<\/strong><\/p>\n<p><strong>Th\u01b0\u01a1ng con ch\u1eb3ng th\u1ec3 xa r\u1eddi<\/strong><\/p>\n<p><strong>Ch\u1eebng n\u00e0o tr\u00e1i tim c\u00f2n \u0111\u1eadp<\/strong><\/p>\n<p><strong>Con l\u00e0 ri\u00eang c\u1ee7a m\u1eb9 th\u00f4i.&#8221;<\/strong><\/p>\n<p>T\u00f4i \u0111\u00e3 kh\u00f4ng k\u00ecm \u0111\u01b0\u1ee3c x\u00fac \u0111\u1ed9ng khi ng\u01b0\u1eddi m\u1eb9 gi\u00e0 \u0111i, b\u00e0 mu\u1ed1n h\u00e1t l\u1ea1i cho con nghe nh\u01b0ng kh\u00f4ng th\u1ec3 v\u00ec b\u00e0 \u0111\u00e3 y\u1ebfu l\u1eafm r\u1ed3i. R\u1ed3i con trai b\u00e0, c\u1eadu nh\u00f3c n\u0103m x\u01b0a \u0111\u00eam \u0111\u00f3 v\u1ec1 nh\u00e0 c\u0169ng \u00f4m con g\u00e1i m\u00ecnh v\u00e0o l\u00f2ng, h\u00e1t cho c\u00f4 b\u00e9 nghe b\u00e0i h\u00e1t c\u1ee7a t\u00ecnh y\u00eau th\u01b0\u01a1ng.<\/p>\n<p>R\u1ed3i sau n\u00e0y c\u00f4 b\u00e9 s\u1ebd h\u00e1t cho con c\u1ee7a m\u00ecnh nghe.<\/p>\n<p>R\u1ed3i \u0111\u1ee9a tr\u1ebb \u0111\u00f3 s\u1ebd l\u1ea1i ti\u1ebfp t\u1ee5c b\u00e0i ca \u1ea5y.<\/p>\n<p>B\u00e0i ca c\u1ee7a t\u00ecnh y\u00eau th\u01b0\u01a1ng ti\u1ebfp n\u1ed1i, m\u00e3i m\u00e3i kh\u00f4ng bao gi\u1edd ng\u01a1i ngh\u1ec9. B\u00e0i ca v\u1ec1 nh\u1eefng ng\u01b0\u1eddi cha ng\u01b0\u1eddi m\u1eb9 \u1edf kh\u1eafp n\u01a1i tr\u00ean th\u1ebf gi\u1edbi n\u00e0y.<\/p>\n  <div class=\"banner-grid-wrapper\">\n  <div id=\"banner-grid-336372125\" class=\"banner-grid row row-grid row-small\" data-packery-options=\"\">\n                      \n<div class=\"col grid-col large-12 grid-col-1\" ><div class=\"col-inner\">\n\t<div class=\"img has-hover x md-x lg-x y md-y lg-y\" id=\"image_2102134142\">\n\t\t\t\t\t\t\t\t<div class=\"img-inner dark\" >\n\t\t\t<img loading=\"lazy\" decoding=\"async\" width=\"960\" height=\"480\" src=\"https:\/\/sachviet.eu\/wp-content\/uploads\/2021\/02\/CGb1vOx.jpg\" class=\"attachment-large size-large\" alt=\"\" srcset=\"https:\/\/sachviet.eu\/wp-content\/uploads\/2021\/02\/CGb1vOx.jpg 960w, https:\/\/sachviet.eu\/wp-content\/uploads\/2021\/02\/CGb1vOx-300x150.jpg 300w, https:\/\/sachviet.eu\/wp-content\/uploads\/2021\/02\/CGb1vOx-768x384.jpg 768w, https:\/\/sachviet.eu\/wp-content\/uploads\/2021\/02\/CGb1vOx-600x300.jpg 600w\" sizes=\"auto, (max-width: 960px) 100vw, 960px\" \/>\t\t\t\t\t\t\n\t\t\t\t\t<\/div>\n\t\t\t\t\t\t\t\t\n<style>\n#image_2102134142 {\n  width: 100%;\n}\n<\/style>\n\t<\/div>\n\t\n<\/div><\/div>\n            <\/div>\n    <style>\n    #banner-grid-336372125 .grid-col-1{height: 600px}\n    #banner-grid-336372125 .grid-col-1-2{height: 300px}\n    #banner-grid-336372125 .grid-col-1-3{height:200px}\n    #banner-grid-336372125 .grid-col-2-3{height: 400px}\n    #banner-grid-336372125 .grid-col-1-4{height: 150px}\n    #banner-grid-336372125 .grid-col-3-4{height: 450px}\n\n\n    \n    \n\n  <\/style>\n    <\/div>\n  \n","protected":false},"excerpt":{"rendered":"<p>Nh\u1eefng c\u00e2u chuy\u1ec7n v\u0129 \u0111\u1ea1i nh\u1ea5t ch\u01b0a h\u1eb3n \u0111\u00e3 l\u00e0 c\u00e2u chuy\u1ec7n \u0111\u1ed3 s\u1ed9 nh\u1ea5t, m\u1edbi m\u1ebb nh\u1ea5t, m\u00e0 l\u00e0 nh\u1eefng c\u00e2u chuy\u1ec7n ta \u0111\u00e3 bi\u1ebft r\u1ed3i nh\u01b0ng v\u1eabn mu\u1ed1n nghe k\u1ec3 l\u1ea1i l\u1ea7n n\u1eefa. Nh\u1eefng b\u1ee9c tranh g\u00e2y x\u00fac \u0111\u1ed9ng nh\u1ea5t ch\u01b0a h\u1eb3n l\u00e0 nh\u1eefng b\u1ee9c tranh ho\u00e0nh tr\u00e1ng m\u00e0 ta ch\u01b0a th\u1ea5y bao gi\u1edd, m\u00e0 l\u00e0 nh\u1eefng b\u1ee9c tranh gi\u1ea3n d\u1ecb ta \u0111\u00e3 xem r\u1ed3i nh\u01b0ng v\u1eabn mu\u1ed1n xem l\u1ea1i l\u1ea7n n\u1eefa, v\u00e0 l\u1ea1i th\u00eam m\u1ed9t l\u1ea7n n\u1eefa.<\/p>\n<p>M\u00e3i y\u00eau con k\u1ec3 m\u1ed9t c\u00e2u chuy\u1ec7n gi\u1ea3n d\u1ecb, lay \u0111\u1ed9ng v\u1ec1 t\u00ecnh y\u00eau th\u01b0\u01a1ng b\u1ec1n b\u1ec9 v\u00e0 \u00e2m th\u1ea7m c\u1ee7a nh\u1eefng ng\u01b0\u1eddi cha, ng\u01b0\u1eddi m\u1eb9. Cu\u1ed1n s\u00e1ch nh\u01b0 m\u1ed9t l\u1eddi ru d\u1ecbu d\u00e0ng khi \u0111\u00eam v\u1ec1 v\u1edbi nh\u1eefng \u0111\u1ee9a tr\u1ebb v\u00e0 m\u1ed9t l\u1eddi nh\u1eafc nh\u1edf kh\u1ebd kh\u00e0ng v\u1edbi nh\u1eefng \u0111\u1ee9a con \u0111\u00e3 tr\u01b0\u1edfng th\u00e0nh.<\/p>\n<p>\u0110\u00e2y l\u00e0 m\u1ed9t trong nh\u1eefng t\u00e1c ph\u1ea9m s\u00e1ch tranh kinh \u0111i\u1ec3n c\u1ee7a n\u1ec1n v\u0103n h\u1ecdc thi\u1ebfu nhi. K\u1ec3 t\u1eeb khi xu\u1ea5t b\u1ea3n l\u1ea7n \u0111\u1ea7u ti\u00ean n\u0103m 1986 cho t\u1edbi nay, cu\u1ed1n s\u00e1ch \u0111\u00e3 b\u00e1n \u0111\u01b0\u1ee3c tr\u00ean 15 tri\u1ec7u b\u1ea3n tr\u00ean to\u00e0n th\u1ebf gi\u1edbi<\/p>\n<p>Khi M\u00e3i y\u00eau con t\u1edbi Vi\u1ec7t Nam, t\u00e1c gi\u1ea3 Robert Norman Munsh \u0111\u00e3 \u0111\u1ec1 ngh\u1ecb v\u1ebd l\u1ea1i ph\u1ea7n minh h\u1ecda c\u1ee7a cu\u1ed1n s\u00e1ch \u0111\u1ec3 t\u00e1c ph\u1ea9m c\u00f3 th\u1ec3 tr\u1edf n\u00ean g\u1ea7n g\u0169i h\u01a1n v\u1edbi v\u0103n h\u00f3a Vi\u1ec7t Nam.<\/p>\n","protected":false},"featured_media":1030,"template":"","meta":{"_acf_changed":false},"product_brand":[],"product_cat":[25,17,26],"product_tag":[],"class_list":{"0":"post-1042","1":"product","2":"type-product","3":"status-publish","4":"has-post-thumbnail","6":"product_cat-nhi-dong-6-tuoi-12-tuoi","7":"product_cat-sach-danh-cho-cac-be","8":"product_cat-thieu-nien-11-tuoi-18-tuoi","10":"first","11":"instock","12":"taxable","13":"shipping-taxable","14":"purchasable","15":"product-type-simple"},"supplier_id":null,"supplier_sku":"","barcode":null,"atum_controlled":true,"out_stock_date":null,"out_stock_threshold":null,"inheritable":false,"inbound_stock":0,"stock_on_hold":0,"sold_today":0,"sales_last_days":0,"reserved_stock":0,"customer_returns":0,"warehouse_damage":0,"lost_in_post":0,"other_logs":0,"out_stock_days":0,"lost_sales":0,"has_location":false,"update_date":"2026-01-28T23:11:28","atum_locations":[],"atum_stock_status":"instock","restock_status":false,"low_stock_amount":"","sales_update_date":"2026-01-28T23:11:28","calc_backorders":null,"acf":{"publisher":{"ID":1424,"post_author":"1","post_date":"2021-02-17 00:02:29","post_date_gmt":"2021-02-16 22:02:29","post_content":"<!-- wp:flatsome\/uxbuilder -->\n<h1 style=\"text-align: center\"><strong>Nh\u00e3 Nam<\/strong><\/h1>\n[row]\n\n[col span=\"6\" span__sm=\"12\"]\n\n[ux_image id=\"1438\" image_size=\"medium\"]\n\n\n[\/col]\n[col span=\"6\" span__sm=\"12\"]\n\n<p><strong>C\u00f4ng ty c\u1ed5 ph\u1ea7n V\u0103n h\u00f3a v\u00e0 Truy\u1ec1n th\u00f4ng Nh\u00e3 Nam<\/strong><\/p>\n<p>Th\u00e1ng 2 n\u0103m 2005, Nh\u00e3 Nam, t\u00ean \u0111\u1ea7y \u0111\u1ee7 l\u00e0 C\u00f4ng ty C\u1ed5 ph\u1ea7n V\u0103n h\u00f3a v\u00e0 Truy\u1ec1n th\u00f4ng Nh\u00e3 Nam \u0111\u00e3 gia nh\u1eadp th\u1ecb tr\u01b0\u1eddng s\u00e1ch. T\u00e1c ph\u1ea9m \"Balzac v\u00e0 c\u00f4 b\u00e9 th\u1ee3 may Trung hoa\" c\u1ee7a \u0110\u1edbi T\u01b0 Ki\u1ec7t l\u00e0 cu\u1ed1n s\u00e1ch \u0111\u1ea7u ti\u00ean \u0111\u01b0\u1ee3c nh\u1eefng ng\u01b0\u1eddi s\u00e1ng l\u1eadp Nh\u00e3 Nam xu\u1ea5t b\u1ea3n c\u1ea3 tr\u01b0\u1edbc khi c\u00f4ng ty ra \u0111\u1eddi. Ngay l\u1eadp t\u1ee9c t\u1eeb cu\u1ed1n s\u00e1ch \u0111\u1ea7u ti\u00ean, \u0111\u1ed9c gi\u1ea3 \u0111\u00e3 d\u00e0nh s\u1ef1 quan t\u00e2m v\u00e0 y\u00eau m\u1ebfn cho m\u1ed9t th\u01b0\u01a1ng hi\u1ec7u s\u00e1ch m\u1edbi m\u1ebb mang trong m\u00ecnh kh\u00e1t v\u1ecdng g\u00f3p ph\u1ea7n t\u1ea1o l\u1eadp di\u1ec7n m\u1ea1o m\u1edbi cho xu\u1ea5t b\u1ea3n v\u0103n h\u1ecdc t\u1ea1i Vi\u1ec7t Nam.<\/p>\n<p>L\u00f2ng say m\u00ea c\u1ee7a \u0111\u1ed9i ng\u0169 l\u00e0 vi\u00ean \u0111\u00e1 \u0111\u1ea7u ti\u00ean. Tr\u1ea3i qua m\u1ea5y n\u0103m ph\u00e1t tri\u1ec3n, Nh\u00e3 Nam \u0111\u00e3 \u0111\u01b0\u1ee3c x\u00e2y d\u1ef1ng d\u1ea7n l\u00ean trong di\u1ec7n m\u1ea1o m\u1ed9t nh\u00e0 xu\u1ea5t b\u1ea3n v\u1eefng ch\u00e3i v\u00e0 chuy\u00ean nghi\u1ec7p. S\u00e1u th\u00e1ng sau khi th\u00e0nh l\u1eadp c\u00f4ng ty, Nh\u1eadt k\u00fd \u0110\u1eb7ng Th\u00f9y Tr\u00e2m ra \u0111\u1eddi, t\u1ea1o n\u00ean m\u1ed9t c\u01a1n s\u1ed1t trong x\u00e3 h\u1ed9i, v\u1edbi g\u1ea7n 500,000 b\u1ea3n s\u00e1ch \u0111\u01b0\u1ee3c ph\u00e1t h\u00e0nh, ph\u00e1 m\u1ecdi k\u1ef7 l\u1ee5c v\u1ec1 xu\u1ea5t b\u1ea3n tr\u01b0\u1edbc \u0111\u00f3, k\u00e9o theo m\u1ed9t lo\u1ea1t nh\u1eefng hi\u1ec7u \u1ee9ng x\u00e3 h\u1ed9i v\u00e0 d\u01b0 lu\u1eadn c\u00f3 \u00fd ngh\u0129a. T\u1eeb \u0111\u00f3 tr\u1edf \u0111i, th\u00f4ng qua Nh\u00e3 Nam, c\u00e1c cu\u1ed1n s\u00e1ch v\u0103n h\u1ecdc n\u01b0\u1edbc ngo\u00e0i c\u00f3 gi\u00e1 tr\u1ecb \u0111\u01b0\u1ee3c li\u00ean t\u1ee5c mua b\u1ea3n quy\u1ec1n v\u00e0 xu\u1ea5t b\u1ea3n t\u1ea1i Vi\u1ec7t Nam, thu h\u00fat nhi\u1ec1u t\u1ea7ng l\u1edbp \u0111\u1ed9c gi\u1ea3. S\u00e1ch c\u1ee7a Nh\u00e3 Nam n\u1ed5i b\u1eadt b\u1edfi n\u1ed9i dung v\u0103n h\u1ecdc tinh t\u1ebf, b\u1edfi v\u1ebb \u0111\u1eb9p c\u1ee7a thi\u1ebft k\u1ebf hi\u1ec7n \u0111\u1ea1i \u1edf h\u00ecnh th\u1ee9c, b\u1edfi s\u1ef1 ch\u0103m ch\u00fat k\u1ef9 l\u01b0\u1ee1ng cho m\u1ed7i cu\u1ed1n s\u00e1ch nh\u01b0 m\u1ed9t con thuy\u1ec1n mang t\u1edbi ni\u1ec1m vui, tri th\u1ee9c, ng\u1ea1c nhi\u00ean, v\u00e0 \u0111\u1ed3ng c\u1ea3m.<\/p>\n\n[\/col]\n\n[\/row]\n<p style=\"text-align: left\">Hi\u1ec3u th\u1eddi \u0111\u1ea1i \u0111ang s\u1ed1ng th\u00f4ng qua s\u00e1ch, song h\u00e0nh v\u1edbi nh\u1eefng bi\u1ebfn chuy\u1ec3n s\u00e2u s\u1eafc trong l\u00f2ng x\u00e3 h\u1ed9i b\u1eb1ng nh\u1eefng ho\u1ea1t \u0111\u1ed9ng xu\u1ea5t b\u1ea3n mi\u1ec7t m\u00e0i v\u00e0 qu\u1ea3 c\u1ea3m, con \u0111\u01b0\u1eddng Nh\u00e3 Nam \u0111\u00e3 ch\u1ecdn \u0111\u1ec3 \u0111i s\u1ebd c\u00f2n d\u00e0i. Nhi\u1ec1u kh\u00f3 kh\u0103n, th\u1eed th\u00e1ch \u0111ang \u1edf ph\u00eda tr\u01b0\u1edbc. B\u01b0\u1edbc qua th\u1eddi k\u1ef3 s\u01a1 khai v\u1edbi nh\u1eefng b\u00e0i h\u1ecdc v\u00e0 nh\u1eefng kinh nghi\u1ec7m \u0111\u1ea7u ti\u00ean, Nh\u00e3 Nam gi\u1edd \u0111\u00e3 s\u1eb5n s\u00e0ng cho m\u1ed9t ch\u1eb7ng \u0111\u01b0\u1eddng ph\u00e1t tri\u1ec3n m\u1edbi. V\u00e0 ch\u00fang t\u00f4i mu\u1ed1n ho\u00e0n thi\u1ec7n m\u00ecnh trong s\u1ef1 c\u1ea7u th\u1ecb v\u00e0 c\u1ea9n tr\u1ecdng. T\u1ea5t c\u1ea3 v\u00ec m\u1ed9t gia s\u1ea3n s\u00e1ch to l\u1edbn, c\u00f3 s\u1ee9c s\u1ed1ng d\u00e0i l\u00e2u, c\u00f3 \u00fd ngh\u0129a v\u1edbi nhi\u1ec1u th\u1ebf h\u1ec7 b\u1ea1n \u0111\u1ecdc.<br \/>B\u1edfi v\u00ec s\u00e1ch l\u00e0 th\u1ebf gi\u1edbi.<\/p>\n<p><strong>\u0110\u00e2y l\u00e0 m\u1ed9t nh\u00e0 ph\u00e1t h\u00e0nh s\u00e1ch m\u00e0 SACHVIET.EU r\u1ea5t y\u00eau th\u00edch v\u00e0 tin t\u01b0\u1edfng. Nh\u00ecn \u0111\u01b0\u1ee3c t\u1ea7m \u1ea3nh h\u01b0\u1edfng c\u1ee7a Nh\u00e3 Nam qua t\u1eebng cu\u1ed1n s\u00e1ch, SACHVIET.EU li\u00ean h\u1ec7 h\u1ee3p t\u00e1c ngay v\u1edbi Nh\u00e3 Nam \u0111\u1ec3 \u0111em to\u00e0n b\u1ed9 nh\u1eefng t\u00e1c ph\u1ea9m m\u1edbi, hay nh\u1ea5t m\u00e0 Nh\u00e3 Nam c\u00f3 sang Ch\u00e2u \u00c2u, \u0111\u01b0a \u0111\u1ebfn cho \u0111\u1ed9c gi\u1ea3 c\u00f3 nhi\u1ec1u s\u1ef1 l\u1ef1a ch\u1ecdn phong ph\u00fa h\u01a1n c\u1ea3 s\u00e1ch cho tr\u1ebb em l\u1eabn ng\u01b0\u1eddi l\u1edbn.\u00a0<\/strong><\/p>\n\n<!-- \/wp:flatsome\/uxbuilder -->","post_title":"Nh\u00e3 Nam","post_excerpt":"","post_status":"publish","comment_status":"closed","ping_status":"closed","post_password":"","post_name":"nha-nam","to_ping":"","pinged":"","post_modified":"2022-12-19 23:15:33","post_modified_gmt":"2022-12-19 21:15:33","post_content_filtered":"","post_parent":0,"guid":"https:\/\/sachviet.eu\/?post_type=publisher&#038;p=1424","menu_order":0,"post_type":"publisher","post_mime_type":"","comment_count":"0","filter":"raw"}},"_links":{"self":[{"href":"https:\/\/sachviet.eu\/en\/wp-json\/wp\/v2\/product\/1042","targetHints":{"allow":["GET"]}}],"collection":[{"href":"https:\/\/sachviet.eu\/en\/wp-json\/wp\/v2\/product"}],"about":[{"href":"https:\/\/sachviet.eu\/en\/wp-json\/wp\/v2\/types\/product"}],"wp:featuredmedia":[{"embeddable":true,"href":"https:\/\/sachviet.eu\/en\/wp-json\/wp\/v2\/media\/1030"}],"wp:attachment":[{"href":"https:\/\/sachviet.eu\/en\/wp-json\/wp\/v2\/media?parent=1042"}],"wp:term":[{"taxonomy":"product_brand","embeddable":true,"href":"https:\/\/sachviet.eu\/en\/wp-json\/wp\/v2\/product_brand?post=1042"},{"taxonomy":"product_cat","embeddable":true,"href":"https:\/\/sachviet.eu\/en\/wp-json\/wp\/v2\/product_cat?post=1042"},{"taxonomy":"product_tag","embeddable":true,"href":"https:\/\/sachviet.eu\/en\/wp-json\/wp\/v2\/product_tag?post=1042"}],"curies":[{"name":"wp","href":"https:\/\/api.w.org\/{rel}","templated":true}]}}