{"id":10413,"date":"2021-06-02T19:12:40","date_gmt":"2021-06-02T16:12:40","guid":{"rendered":"https:\/\/sachviet.eu\/shop\/ehon-nhat-ban-ca-vang-tron-o-dau-roi-nhi\/"},"modified":"2025-09-21T12:21:30","modified_gmt":"2025-09-21T09:21:30","slug":"ehon-nhat-ban-ca-vang-tron-o-dau-roi-nhi","status":"publish","type":"product","link":"https:\/\/sachviet.eu\/en\/shop\/ehon-nhat-ban-ca-vang-tron-o-dau-roi-nhi\/","title":{"rendered":"Ehon Nh\u1eadt B\u1ea3n &#8211; C\u00e1 V\u00e0ng Tr\u1ed1n \u1ede \u0110\u00e2u R\u1ed3i Nh\u1ec9?"},"content":{"rendered":"<p>Ehon Nh\u1eadt B\u1ea3n &#8211; C\u00e1 V\u00e0ng Tr\u1ed1n \u1ede \u0110\u00e2u R\u1ed3i Nh\u1ec9?<\/p>\n<p>C\u00f3 m\u1ed9t b\u1ea1n c\u00e1 v\u00e0ng, b\u1ea1n r\u1ea5t th\u00edch \u0111i tr\u1ed1n \u0111\u1ec3 c\u00e1c em nh\u1ecf t\u00ecm ki\u1ebfm. C\u00e1c em h\u00e3y ch\u00fa \u00fd nh\u00e9, b\u1ea1n tr\u1ed1n r\u1ea5t k\u1ef9 trong t\u1eebng b\u1ee9c tranh, l\u00fac th\u00ec \u1edf ch\u1eadu hoa, l\u00fac l\u1ea1i \u1edf t\u1ea5m r\u00e8m c\u1eeda, c\u00f3 khi b\u1ea1n c\u00f2n tr\u1ed1n trong h\u1ed9p k\u1eb9o nhi\u1ec1u m\u00e0u s\u1eafc. L\u00e0m th\u1ebf n\u00e0o t\u00ecm ra b\u1ea1n \u1ea5y b\u00e2y gi\u1edd?<\/p>\n<p>Ehon Nh\u1eadt B\u1ea3n C\u00e1 v\u00e0ng tr\u1ed1n \u1edf \u0111\u00e2u r\u1ed3i nh\u1ec9? v\u1edbi nh\u1eefng h\u00ecnh v\u1ebd ng\u1ed9 ngh\u0129nh, m\u00e0u s\u1eafc b\u1eaft m\u1eaft s\u1ebd l\u00e0 m\u00f3n qu\u00e0 \u00fd ngh\u0129a m\u1eb9 d\u00e0nh t\u1eb7ng c\u00e1c b\u00e9 t\u1eeb 0-3 tu\u1ed5i \u0111\u1ec3 c\u1ea3 nh\u00e0 c\u00f9ng b\u00e9 \u0111\u1ecdc, c\u00f9ng b\u00e9 kh\u00e1m ph\u00e1.<\/p>\n","protected":false},"excerpt":{"rendered":"<p>Ehon Nh\u1eadt B\u1ea3n &#8211; C\u00e1 V\u00e0ng Tr\u1ed1n \u1ede \u0110\u00e2u R\u1ed3i Nh\u1ec9?<\/p>\n<p>C\u00f3 m\u1ed9t b\u1ea1n c\u00e1 v\u00e0ng, b\u1ea1n r\u1ea5t th\u00edch \u0111i tr\u1ed1n \u0111\u1ec3 c\u00e1c em nh\u1ecf t\u00ecm ki\u1ebfm. C\u00e1c em h\u00e3y ch\u00fa \u00fd nh\u00e9, b\u1ea1n tr\u1ed1n r\u1ea5t k\u1ef9 trong t\u1eebng b\u1ee9c tranh, l\u00fac th\u00ec \u1edf ch\u1eadu hoa, l\u00fac l\u1ea1i \u1edf t\u1ea5m r\u00e8m c\u1eeda, c\u00f3 khi b\u1ea1n c\u00f2n tr\u1ed1n trong h\u1ed9p k\u1eb9o nhi\u1ec1u m\u00e0u s\u1eafc. L\u00e0m th\u1ebf n\u00e0o t\u00ecm ra b\u1ea1n \u1ea5y b\u00e2y gi\u1edd?<\/p>\n<p>Ehon Nh\u1eadt B\u1ea3n C\u00e1 v\u00e0ng tr\u1ed1n \u1edf \u0111\u00e2u r\u1ed3i nh\u1ec9? v\u1edbi nh\u1eefng h\u00ecnh v\u1ebd ng\u1ed9 ngh\u0129nh, m\u00e0u s\u1eafc b\u1eaft m\u1eaft s\u1ebd l\u00e0 m\u00f3n qu\u00e0 \u00fd ngh\u0129a m\u1eb9 d\u00e0nh t\u1eb7ng c\u00e1c b\u00e9 t\u1eeb 0-3 tu\u1ed5i \u0111\u1ec3 c\u1ea3 nh\u00e0 c\u00f9ng b\u00e9 \u0111\u1ecdc, c\u00f9ng b\u00e9 kh\u00e1m ph\u00e1.<\/p>\n","protected":false},"featured_media":10411,"template":"","meta":{"_acf_changed":false},"product_brand":[],"product_cat":[24,17],"product_tag":[],"class_list":{"0":"post-10413","1":"product","2":"type-product","3":"status-publish","4":"has-post-thumbnail","6":"product_cat-nha-tre-mau-giao-0-tuoi-6-tuoi","7":"product_cat-sach-danh-cho-cac-be","9":"first","10":"instock","11":"taxable","12":"shipping-taxable","13":"purchasable","14":"product-type-simple"},"supplier_id":null,"supplier_sku":"","barcode":null,"atum_controlled":true,"out_stock_date":null,"out_stock_threshold":null,"inheritable":false,"inbound_stock":0,"stock_on_hold":0,"sold_today":0,"sales_last_days":0,"reserved_stock":0,"customer_returns":0,"warehouse_damage":0,"lost_in_post":0,"other_logs":0,"out_stock_days":0,"lost_sales":0,"has_location":false,"update_date":"2026-01-28T23:11:31","atum_locations":[],"atum_stock_status":"instock","restock_status":false,"low_stock_amount":"","sales_update_date":"2026-01-28T23:11:31","calc_backorders":null,"acf":{"publisher":{"ID":1453,"post_author":"1","post_date":"2021-02-17 01:11:32","post_date_gmt":"2021-02-16 23:11:32","post_content":"<!-- wp:flatsome\/uxbuilder -->\n<h1 style=\"text-align: center;\"><strong>Qu\u1ea3ng V\u0103n<\/strong><\/h1>\n[row]\n\n[col span=\"6\" span__sm=\"12\"]\n\n[ux_image id=\"1552\" image_size=\"medium\"]\n\n\n[\/col]\n[col span=\"6\" span__sm=\"12\"]\n\n<p><strong>Quangvanbooks<\/strong><br \/>Qu\u1ea3ng V\u0103n l\u00e0 t\u1ed5 h\u1ee3p xu\u1ea5t b\u1ea3n, gi\u00e1o d\u1ee5c v\u00e0 nh\u01b0\u1ee3ng quy\u1ec1n h\u00e0ng \u0111\u1ea7u trong ng\u00e0nh c\u00f4ng nghi\u1ec7p s\u00e1ng t\u1ea1o v\u1edbi c\u00e1c th\u01b0\u01a1ng hi\u1ec7u nh\u00e1nh:<\/p>\n<p>Quangvanbooks - Th\u01b0\u01a1ng hi\u1ec7u s\u00e1ch v\u0103n h\u00f3a gi\u00e1o d\u1ee5c v\u00e0 v\u0103n h\u00f3a gi\u1ea3i tr\u00ed<br \/>Ehomebooks - Th\u01b0\u01a1ng hi\u1ec7u s\u00e1ch gi\u00e1o d\u1ee5c gia \u0111\u00ecnh<br \/>Sakurabooks - Th\u01b0\u01a1ng hi\u1ec7u s\u00e1ch Nh\u1eadt B\u1ea3n<br \/>IPERbooks - Th\u01b0\u01a1ng hi\u1ec7u s\u00e1ch gi\u00e1o d\u1ee5c nh\u00e0 tr\u01b0\u1eddng<br \/>IPER - Vi\u1ec7n nghi\u00ean c\u1ee9u xu\u1ea5t b\u1ea3n v\u00e0 gi\u00e1o d\u1ee5c IPER<\/p>\n<p><strong>T\u1ea7m nh\u00ecn<\/strong><br \/>Tr\u1edf th\u00e0nh th\u01b0\u01a1ng hi\u1ec7u s\u00e1ch v\u0103n h\u00f3a gi\u00e1o d\u1ee5c v\u00e0 v\u0103n h\u00f3a gi\u1ea3i tr\u00ed t\u1ed1t nh\u1ea5t v\u00e0 \u0111a d\u1ea1ng nh\u1ea5t Vi\u1ec7t Nam.<\/p>\n<p><br \/><strong>S\u1ee9 m\u1ec7nh<\/strong><br \/>Mang \u0111\u1ebfn nh\u1eefng cu\u1ed1n s\u00e1ch v\u0103n h\u00f3a gi\u00e1o d\u1ee5c v\u00e0 v\u0103n h\u00f3a gi\u1ea3i tr\u00ed \u0111\u1ebfn v\u1edbi \u0111\u1ed9c gi\u1ea3 Vi\u1ec7t Nam v\u00e0 th\u1ebf gi\u1edbi nh\u1eb1m gi\u00fap \u0111\u1ed9c gi\u1ea3 ph\u00e1t tri\u1ec3n b\u1ea3n th\u00e2n, gi\u00e1o d\u1ee5c, gi\u1ea3i tr\u00ed v\u00e0 khai s\u00e1ng nh\u1eb1m x\u00e2y d\u1ef1ng x\u00e3 h\u1ed9i th\u1ecbnh v\u01b0\u1ee3ng, h\u1ea1nh ph\u00fac.<\/p>\n<p><strong>Gi\u00e1 tr\u1ecb c\u1ed1t l\u00f5i<\/strong><\/p>\n<p>S\u00e1ng t\u1ea1o - Linh ho\u1ea1t - H\u1ee3p t\u00e1c - Ch\u00ednh tr\u1ef1c - Nhi\u1ec7t huy\u1ebft - C\u00e2n b\u1eb1ng - H\u1ea1nh ph\u00fac<\/p>\n\n[\/col]\n\n[\/row]\n\n<!-- \/wp:flatsome\/uxbuilder -->","post_title":"Qu\u1ea3ng V\u0103n","post_excerpt":"","post_status":"publish","comment_status":"closed","ping_status":"closed","post_password":"","post_name":"quang-van","to_ping":"","pinged":"","post_modified":"2021-02-17 01:26:44","post_modified_gmt":"2021-02-16 23:26:44","post_content_filtered":"","post_parent":0,"guid":"https:\/\/sachviet.eu\/nha-phat-hanh\/quang-van\/","menu_order":0,"post_type":"publisher","post_mime_type":"","comment_count":"0","filter":"raw"}},"_links":{"self":[{"href":"https:\/\/sachviet.eu\/en\/wp-json\/wp\/v2\/product\/10413","targetHints":{"allow":["GET"]}}],"collection":[{"href":"https:\/\/sachviet.eu\/en\/wp-json\/wp\/v2\/product"}],"about":[{"href":"https:\/\/sachviet.eu\/en\/wp-json\/wp\/v2\/types\/product"}],"wp:featuredmedia":[{"embeddable":true,"href":"https:\/\/sachviet.eu\/en\/wp-json\/wp\/v2\/media\/10411"}],"wp:attachment":[{"href":"https:\/\/sachviet.eu\/en\/wp-json\/wp\/v2\/media?parent=10413"}],"wp:term":[{"taxonomy":"product_brand","embeddable":true,"href":"https:\/\/sachviet.eu\/en\/wp-json\/wp\/v2\/product_brand?post=10413"},{"taxonomy":"product_cat","embeddable":true,"href":"https:\/\/sachviet.eu\/en\/wp-json\/wp\/v2\/product_cat?post=10413"},{"taxonomy":"product_tag","embeddable":true,"href":"https:\/\/sachviet.eu\/en\/wp-json\/wp\/v2\/product_tag?post=10413"}],"curies":[{"name":"wp","href":"https:\/\/api.w.org\/{rel}","templated":true}]}}