{"id":10410,"date":"2021-06-02T19:12:26","date_gmt":"2021-06-02T16:12:26","guid":{"rendered":"https:\/\/sachviet.eu\/shop\/hom-nay-me-co-vui-khong\/"},"modified":"2022-11-25T14:13:22","modified_gmt":"2022-11-25T12:13:22","slug":"hom-nay-me-co-vui-khong","status":"publish","type":"product","link":"https:\/\/sachviet.eu\/en\/shop\/hom-nay-me-co-vui-khong\/","title":{"rendered":"H\u00f4m Nay M\u1eb9 C\u00f3 Vui Kh\u00f4ng?"},"content":{"rendered":"<p>Kh\u00f4ng c\u00f3 c\u00f4ng th\u1ee9c trong vi\u1ec7c d\u1ea1y con, kh\u00f4ng c\u00f3 ph\u01b0\u01a1ng ph\u00e1p n\u00e0o l\u00e0 \u0111\u00fang hay sai nh\u01b0ng ch\u1eafc ch\u1eafn c\u00f3 nhi\u1ec1u con \u0111\u01b0\u1eddng \u0111\u1ec3 tr\u1edf th\u00e0nh m\u1ed9t ng\u01b0\u1eddi m\u1eb9 t\u1ed1t. M\u1ed9t trong nh\u1eefng con \u0111\u01b0\u1eddng \u0111\u01a1n gi\u1ea3n nh\u1ea5t \u0111\u00f3 l\u00e0 tr\u1edf th\u00e0nh m\u1ed9t ng\u01b0\u1eddi m\u1eb9 h\u1ea1nh ph\u00fac.<\/p>\n<p>\u201cV\u00e2n Anh chia s\u1ebb b\u1ea3n th\u00e2n m\u00ecnh, nh\u01b0 c\u00e1ch c\u00f4 s\u1ed1ng. C\u00f4 h\u1ea1nh ph\u00fac, vui s\u01b0\u1edbng khi \u0111\u01b0\u1ee3c b\u00e0y t\u1ecf, m\u1edf r\u1ed9ng con ng\u01b0\u1eddi m\u00ecnh, b\u00f3c t\u1eebng l\u1edbp t\u00e2m l\u00fd, \u0111\u1eddi s\u1ed1ng c\u1ee7a m\u00ecnh \u0111\u1ec3 t\u1ef1 hi\u1ec3u m\u00ecnh nhi\u1ec1u h\u01a1n. V\u00e0 ng\u01b0\u1eddi \u0111\u1ecdc c\u1ee9 th\u1ebf m\u00e0 \u0111i theo c\u00f4 trong h\u00e0nh tr\u00ecnh d\u1eabn d\u1eaft \u0111\u00f3. C\u00f3 ai \u0111\u00f3, b\u1eaft g\u1eb7p m\u00ecnh trong c\u00f4, s\u1ebd nh\u1eadn v\u1ec1 th\u00eam nh\u1eefng kinh nghi\u1ec7m s\u1ed1ng. C\u00f3 ai \u0111\u00f3 ho\u00e0n to\u00e0n kh\u00e1c c\u00f4 th\u00ec s\u1ebd nh\u01b0 c\u00f3 th\u00eam bi\u00ean \u0111\u1ed9 m\u1edbi \u0111\u1ec3 hi\u1ec3u bi\u1ebft v\u1ec1 nh\u1eefng cu\u1ed9c \u0111\u1eddi \u0111i qua t\u1ed5n th\u01b0\u01a1ng v\u00e0 t\u1ef1 ph\u1ee5c h\u1ed3i.\u201d &#8211; Nh\u00e0 th\u01a1 &#8211; nh\u00e0 b\u00e1o KH\u00c1NH CHI<\/p>\n<p>\u201cNh\u1eefng \u0111i\u1ec1u d\u01b0\u1eddng nh\u01b0 r\u1ea5t nh\u1ecf nh\u1eb7t h\u1eb1ng ng\u00e0y, th\u1ee9 m\u00e0 ai ai trong ch\u00fang ta c\u0169ng g\u1eb7p \u0111\u00e2y \u0111\u00f3, l\u00fac n\u00e0y l\u00fac kh\u00e1c h\u00f3a ra l\u1ea1i r\u1ea5t quan tr\u1ecdng tr\u00ean con \u0111\u01b0\u1eddng h\u00ecnh th\u00e0nh nh\u00e2n c\u00e1ch, kh\u00f4ng ch\u1ec9 c\u1ee7a con tr\u1ebb, m\u00e0 c\u00f2n l\u00e0 c\u00e1ch \u0111\u1ec3 kh\u00e1m ph\u00e1 ch\u00ednh m\u00ecnh c\u1ee7a c\u00e1c b\u1eadc cha m\u1eb9. Sau khi g\u1eadp trang cu\u1ed1i quy\u1ec3n s\u00e1ch n\u00e0y l\u1ea1i, ng\u01b0\u1eddi \u0111\u1ecdc s\u1ebd m\u1ec9m c\u01b0\u1eddi nh\u1eb9 nh\u00f5m, v\u00ec r\u1eb1ng h\u1ea1nh ph\u00fac vi\u00ean m\u00e3n lu\u00f4n lu\u00f4n \u1edf \u0111\u00f3, ngay th\u1ec1m ng\u00f4i nh\u00e0 \u0111\u00e2y th\u00f4i.\u201d &#8211; Nhi\u1ebfp \u1ea3nh gia &#8211; ca s\u0129 PH\u1ea0M HO\u00c0I NAM<\/p>\n<p>\u201cT\u00e1c gi\u1ea3 V\u00e2n Anh d\u00e0nh kh\u00f4ng gian cho ng\u01b0\u1eddi \u0111\u1ecdc t\u00ecm ki\u1ebfm n\u01a1i tr\u00fa \u1ea9n t\u0129nh l\u1eb7ng c\u1ee7a ri\u00eang h\u1ecd, \u0111\u1ec3 th\u00f4ng c\u1ea3m v\u1edbi n\u1ed7i ni\u1ec1m c\u1ee7a &#8220;b\u00ean kia&#8221; (d\u00f9 l\u00e0m con hay l\u00e0m cha m\u1eb9), \u0111\u1ec3 c\u00f3 th\u1ec3 m\u1edf l\u00f2ng y\u00eau th\u01b0\u01a1ng nhau v\u00e0 s\u1ed1ng tr\u1ecdn nh\u1eefng n\u0103m th\u00e1ng \u1ea5m \u00e1p gia \u0111\u00ecnh. &#8220;H\u00f4m nay m\u1eb9 c\u00f3 vui kh\u00f4ng?&#8221; l\u00e0 c\u00e2u h\u1ecfi \u00e2n c\u1ea7n nh\u01b0 v\u1eady, v\u1edbi m\u1ed7i m\u00e1i nh\u00e0, m\u1ed7i th\u00e0nh vi\u00ean trong gia \u0111\u00ecnh.\u201d &#8211; Nh\u00e0 v\u0103n &#8211; nh\u00e0 b\u00e1o KH\u1ea2I \u0110\u01a0N<\/p>\n<p>V\u1ec1 T\u00e1c gi\u1ea3:<\/p>\n<p>TR\u1ea6N V\u00c2N ANH: L\u00e0 chuy\u00ean gia truy\u1ec1n th\u00f4ng v\u1edbi 18 n\u0103m kinh nghi\u1ec7m<\/p>\n<p>Editor-in-chief: Kilala \u2013 T\u1ea1p ch\u00ed Nh\u1eadt B\u1ea3n d\u00e0nh cho ng\u01b0\u1eddi Vi\u1ec7t<\/p>\n<p>Media Director: Kilala Communication<\/p>\n<p>Content Manager: T\u1eadp \u0111o\u00e0n CMG.Asia<\/p>\n<p>Senior Beauty Editor: T\u1ea1p ch\u00ed ELLE Vietnam, F Fashion<\/p>\n","protected":false},"excerpt":{"rendered":"<p>Kh\u00f4ng c\u00f3 c\u00f4ng th\u1ee9c trong vi\u1ec7c d\u1ea1y con, kh\u00f4ng c\u00f3 ph\u01b0\u01a1ng ph\u00e1p n\u00e0o l\u00e0 \u0111\u00fang hay sai nh\u01b0ng ch\u1eafc ch\u1eafn c\u00f3 nhi\u1ec1u con \u0111\u01b0\u1eddng \u0111\u1ec3 tr\u1edf th\u00e0nh m\u1ed9t ng\u01b0\u1eddi m\u1eb9 t\u1ed1t. M\u1ed9t trong nh\u1eefng con \u0111\u01b0\u1eddng \u0111\u01a1n gi\u1ea3n nh\u1ea5t \u0111\u00f3 l\u00e0 tr\u1edf th\u00e0nh m\u1ed9t ng\u01b0\u1eddi m\u1eb9 h\u1ea1nh ph\u00fac.<\/p>\n<p>\u201cV\u00e2n Anh chia s\u1ebb b\u1ea3n th\u00e2n m\u00ecnh, nh\u01b0 c\u00e1ch c\u00f4 s\u1ed1ng. C\u00f4 h\u1ea1nh ph\u00fac, vui s\u01b0\u1edbng khi \u0111\u01b0\u1ee3c b\u00e0y t\u1ecf, m\u1edf r\u1ed9ng con ng\u01b0\u1eddi m\u00ecnh, b\u00f3c t\u1eebng l\u1edbp t\u00e2m l\u00fd, \u0111\u1eddi s\u1ed1ng c\u1ee7a m\u00ecnh \u0111\u1ec3 t\u1ef1 hi\u1ec3u m\u00ecnh nhi\u1ec1u h\u01a1n. V\u00e0 ng\u01b0\u1eddi \u0111\u1ecdc c\u1ee9 th\u1ebf m\u00e0 \u0111i theo c\u00f4 trong h\u00e0nh tr\u00ecnh d\u1eabn d\u1eaft \u0111\u00f3. C\u00f3 ai \u0111\u00f3, b\u1eaft g\u1eb7p m\u00ecnh trong c\u00f4, s\u1ebd nh\u1eadn v\u1ec1 th\u00eam nh\u1eefng kinh nghi\u1ec7m s\u1ed1ng. C\u00f3 ai \u0111\u00f3 ho\u00e0n to\u00e0n kh\u00e1c c\u00f4 th\u00ec s\u1ebd nh\u01b0 c\u00f3 th\u00eam bi\u00ean \u0111\u1ed9 m\u1edbi \u0111\u1ec3 hi\u1ec3u bi\u1ebft v\u1ec1 nh\u1eefng cu\u1ed9c \u0111\u1eddi \u0111i qua t\u1ed5n th\u01b0\u01a1ng v\u00e0 t\u1ef1 ph\u1ee5c h\u1ed3i.\u201d &#8211; Nh\u00e0 th\u01a1 &#8211; nh\u00e0 b\u00e1o KH\u00c1NH CHI<\/p>\n<p>\u201cNh\u1eefng \u0111i\u1ec1u d\u01b0\u1eddng nh\u01b0 r\u1ea5t nh\u1ecf nh\u1eb7t h\u1eb1ng ng\u00e0y, th\u1ee9 m\u00e0 ai ai trong ch\u00fang ta c\u0169ng g\u1eb7p \u0111\u00e2y \u0111\u00f3, l\u00fac n\u00e0y l\u00fac kh\u00e1c h\u00f3a ra l\u1ea1i r\u1ea5t quan tr\u1ecdng tr\u00ean con \u0111\u01b0\u1eddng h\u00ecnh th\u00e0nh nh\u00e2n c\u00e1ch, kh\u00f4ng ch\u1ec9 c\u1ee7a con tr\u1ebb, m\u00e0 c\u00f2n l\u00e0 c\u00e1ch \u0111\u1ec3 kh\u00e1m ph\u00e1 ch\u00ednh m\u00ecnh c\u1ee7a c\u00e1c b\u1eadc cha m\u1eb9. Sau khi g\u1eadp trang cu\u1ed1i quy\u1ec3n s\u00e1ch n\u00e0y l\u1ea1i, ng\u01b0\u1eddi \u0111\u1ecdc s\u1ebd m\u1ec9m c\u01b0\u1eddi nh\u1eb9 nh\u00f5m, v\u00ec r\u1eb1ng h\u1ea1nh ph\u00fac vi\u00ean m\u00e3n lu\u00f4n lu\u00f4n \u1edf \u0111\u00f3, ngay th\u1ec1m ng\u00f4i nh\u00e0 \u0111\u00e2y th\u00f4i.\u201d &#8211; Nhi\u1ebfp \u1ea3nh gia &#8211; ca s\u0129 PH\u1ea0M HO\u00c0I NAM<\/p>\n<p>\u201cT\u00e1c gi\u1ea3 V\u00e2n Anh d\u00e0nh kh\u00f4ng gian cho ng\u01b0\u1eddi \u0111\u1ecdc t\u00ecm ki\u1ebfm n\u01a1i tr\u00fa \u1ea9n t\u0129nh l\u1eb7ng c\u1ee7a ri\u00eang h\u1ecd, \u0111\u1ec3 th\u00f4ng c\u1ea3m v\u1edbi n\u1ed7i ni\u1ec1m c\u1ee7a &#8220;b\u00ean kia&#8221; (d\u00f9 l\u00e0m con hay l\u00e0m cha m\u1eb9), \u0111\u1ec3 c\u00f3 th\u1ec3 m\u1edf l\u00f2ng y\u00eau th\u01b0\u01a1ng nhau v\u00e0 s\u1ed1ng tr\u1ecdn nh\u1eefng n\u0103m th\u00e1ng \u1ea5m \u00e1p gia \u0111\u00ecnh. &#8220;H\u00f4m nay m\u1eb9 c\u00f3 vui kh\u00f4ng?&#8221; l\u00e0 c\u00e2u h\u1ecfi \u00e2n c\u1ea7n nh\u01b0 v\u1eady, v\u1edbi m\u1ed7i m\u00e1i nh\u00e0, m\u1ed7i th\u00e0nh vi\u00ean trong gia \u0111\u00ecnh.\u201d &#8211; Nh\u00e0 v\u0103n &#8211; nh\u00e0 b\u00e1o KH\u1ea2I \u0110\u01a0N<\/p>\n","protected":false},"featured_media":10407,"template":"","meta":{"_acf_changed":false},"product_brand":[],"product_cat":[19,17,26],"product_tag":[],"class_list":{"0":"post-10410","1":"product","2":"type-product","3":"status-publish","4":"has-post-thumbnail","6":"product_cat-nuoi-day-con","7":"product_cat-sach-danh-cho-cac-be","8":"product_cat-thieu-nien-11-tuoi-18-tuoi","10":"first","11":"outofstock","12":"taxable","13":"shipping-taxable","14":"purchasable","15":"product-type-simple"},"supplier_id":null,"supplier_sku":"","barcode":null,"atum_controlled":true,"out_stock_date":"2022-11-25 12:13:22","out_stock_threshold":null,"inheritable":false,"inbound_stock":0,"stock_on_hold":0,"sold_today":0,"sales_last_days":0,"reserved_stock":0,"customer_returns":0,"warehouse_damage":0,"lost_in_post":0,"other_logs":0,"out_stock_days":1160,"lost_sales":0,"has_location":false,"update_date":"2026-01-28T23:10:46","atum_locations":[],"atum_stock_status":"outofstock","restock_status":false,"low_stock_amount":"","sales_update_date":"2026-01-28T23:10:46","calc_backorders":null,"acf":{"publisher":{"ID":10224,"post_author":"1","post_date":"2021-06-02 18:46:58","post_date_gmt":"2021-06-02 15:46:58","post_content":"","post_title":"Ph\u01b0\u01a1ng Nam","post_excerpt":"","post_status":"publish","comment_status":"closed","ping_status":"closed","post_password":"","post_name":"phuong-nam","to_ping":"","pinged":"","post_modified":"2021-06-02 18:46:58","post_modified_gmt":"2021-06-02 15:46:58","post_content_filtered":"","post_parent":0,"guid":"https:\/\/sachviet.eu\/nha-phat-hanh\/phuong-nam\/","menu_order":0,"post_type":"publisher","post_mime_type":"","comment_count":"0","filter":"raw"}},"_links":{"self":[{"href":"https:\/\/sachviet.eu\/en\/wp-json\/wp\/v2\/product\/10410","targetHints":{"allow":["GET"]}}],"collection":[{"href":"https:\/\/sachviet.eu\/en\/wp-json\/wp\/v2\/product"}],"about":[{"href":"https:\/\/sachviet.eu\/en\/wp-json\/wp\/v2\/types\/product"}],"wp:featuredmedia":[{"embeddable":true,"href":"https:\/\/sachviet.eu\/en\/wp-json\/wp\/v2\/media\/10407"}],"wp:attachment":[{"href":"https:\/\/sachviet.eu\/en\/wp-json\/wp\/v2\/media?parent=10410"}],"wp:term":[{"taxonomy":"product_brand","embeddable":true,"href":"https:\/\/sachviet.eu\/en\/wp-json\/wp\/v2\/product_brand?post=10410"},{"taxonomy":"product_cat","embeddable":true,"href":"https:\/\/sachviet.eu\/en\/wp-json\/wp\/v2\/product_cat?post=10410"},{"taxonomy":"product_tag","embeddable":true,"href":"https:\/\/sachviet.eu\/en\/wp-json\/wp\/v2\/product_tag?post=10410"}],"curies":[{"name":"wp","href":"https:\/\/api.w.org\/{rel}","templated":true}]}}