{"id":10406,"date":"2021-06-02T19:12:14","date_gmt":"2021-06-02T16:12:14","guid":{"rendered":"https:\/\/sachviet.eu\/shop\/bay-rua-chong-chat\/"},"modified":"2021-09-17T01:04:00","modified_gmt":"2021-09-16T22:04:00","slug":"bay-rua-chong-chat","status":"publish","type":"product","link":"https:\/\/sachviet.eu\/en\/shop\/bay-rua-chong-chat\/","title":{"rendered":"B\u1ea7y R\u00f9a Ch\u1ed3ng Ch\u1ea5t"},"content":{"rendered":"<p>AZA M\u01af\u1edcI S\u00c1U TU\u1ed4I, KH\u00d4NG BAO GI\u1edc C\u00d3 \u00dd \u0110\u1ecaNH truy t\u00ecm ng\u00e0i t\u1ec9 ph\u00fa Russell Pickett t\u1ef1 nhi\u00ean bi\u1ebfn m\u1ea5t \u0111\u1ea7y b\u00ed \u1ea9n, ch\u1eb3ng qua l\u00e0 v\u00ec s\u1ed1 ti\u1ec1n th\u01b0\u1edfng m\u1ed9t tr\u0103m ng\u00e0n \u0111\u00f4-la v\u00e0 c\u00f4 b\u1ea1n Daisy Th\u00e2n Nh\u1ea5t v\u00e0 Ch\u1eb3ng Ng\u00e1n G\u00ec, n\u00ean h\u00e1o h\u1ee9c b\u01b0\u1edbc v\u00e0o cu\u1ed9c \u0111i\u1ec1u tra. Th\u1ebf l\u00e0 c\u00f9ng nhau, \u0111\u00f4i b\u1ea1n tr\u1ebb x\u00f3a nh\u00f2a c\u1ef1-ly-ng\u1eafn-m\u00e0-kho\u1ea3ng-c\u00e1ch-l\u1edbn ng\u0103n c\u1ea3 hai v\u1edbi Davis, con trai c\u1ee7a ng\u00e0i t\u1ec9 ph\u00fa Russell Pickett.<\/p>\n<p>Aza \u0111ang n\u1ed7 l\u1ef1c. C\u00f4 n\u1ed7 l\u1ef1c tr\u1edf th\u00e0nh \u0111\u1ee9a con ngoan, ng\u01b0\u1eddi b\u1ea1n t\u1ed1t, h\u1ecdc sinh gi\u1ecfi, v\u00e0 c\u00f3 l\u1ebd l\u00e0 m\u1ed9t th\u00e1m t\u1eed ki\u1ec7t xu\u1ea5t n\u1eefa, trong l\u00fac ph\u1ea3i v\u1eadt l\u1ed9n v\u1edbi m\u1edb suy ngh\u0129 b\u00f2ng bong trong \u0111\u1ea7u m\u00ecnh.<\/p>\n<p>Tr\u1edf l\u1ea1i sau m\u1ed9t th\u1eddi gian d\u00e0i \u0111\u01b0\u1ee3c-ch\u1edd-\u0111\u1ee3i, John Green, t\u00e1c gi\u1ea3 c\u1ee7a \u0110i t\u00ecm Alaska v\u00e0 Khi l\u1ed7i thu\u1ed9c v\u1ec1 nh\u1eefng v\u00ec sao nh\u1eadn \u0111\u01b0\u1ee3c nhi\u1ec1u l\u1eddi ng\u1ee3i khen v\u00e0 gi\u1ea3i th\u01b0\u1edfng cao qu\u00fd, \u0111\u00e3 chia s\u1ebb c\u00e2u chuy\u1ec7n v\u1ec1 Aza b\u1eb1ng m\u1ed9t l\u1ed1i k\u1ec3 t\u1ec9nh b\u01a1 nh\u01b0ng \u0111\u1ea7y s\u1ee9c c\u00f4ng ph\u00e1, trong m\u1ed9t ti\u1ec3u thuy\u1ebft sinh \u0111\u1ed9ng v\u1ec1 t\u00ecnh y\u00eau, t\u00ednh ki\u00ean c\u01b0\u1eddng v\u00e0 s\u1ee9c m\u1ea1nh c\u1ee7a t\u00ecnh b\u1ea1n m\u00e3i m\u00e3i.<\/p>\n","protected":false},"excerpt":{"rendered":"<p>AZA M\u01af\u1edcI S\u00c1U TU\u1ed4I, KH\u00d4NG BAO GI\u1edc C\u00d3 \u00dd \u0110\u1ecaNH truy t\u00ecm ng\u00e0i t\u1ec9 ph\u00fa Russell Pickett t\u1ef1 nhi\u00ean bi\u1ebfn m\u1ea5t \u0111\u1ea7y b\u00ed \u1ea9n, ch\u1eb3ng qua l\u00e0 v\u00ec s\u1ed1 ti\u1ec1n th\u01b0\u1edfng m\u1ed9t tr\u0103m ng\u00e0n \u0111\u00f4-la v\u00e0 c\u00f4 b\u1ea1n Daisy Th\u00e2n Nh\u1ea5t v\u00e0 Ch\u1eb3ng Ng\u00e1n G\u00ec, n\u00ean h\u00e1o h\u1ee9c b\u01b0\u1edbc v\u00e0o cu\u1ed9c \u0111i\u1ec1u tra. Th\u1ebf l\u00e0 c\u00f9ng nhau, \u0111\u00f4i b\u1ea1n tr\u1ebb x\u00f3a nh\u00f2a c\u1ef1-ly-ng\u1eafn-m\u00e0-kho\u1ea3ng-c\u00e1ch-l\u1edbn ng\u0103n c\u1ea3 hai v\u1edbi Davis, con trai c\u1ee7a ng\u00e0i t\u1ec9 ph\u00fa Russell Pickett.<\/p>\n<p>Aza \u0111ang n\u1ed7 l\u1ef1c. C\u00f4 n\u1ed7 l\u1ef1c tr\u1edf th\u00e0nh \u0111\u1ee9a con ngoan, ng\u01b0\u1eddi b\u1ea1n t\u1ed1t, h\u1ecdc sinh gi\u1ecfi, v\u00e0 c\u00f3 l\u1ebd l\u00e0 m\u1ed9t th\u00e1m t\u1eed ki\u1ec7t xu\u1ea5t n\u1eefa, trong l\u00fac ph\u1ea3i v\u1eadt l\u1ed9n v\u1edbi m\u1edb suy ngh\u0129 b\u00f2ng bong trong \u0111\u1ea7u m\u00ecnh.<\/p>\n<p>Tr\u1edf l\u1ea1i sau m\u1ed9t th\u1eddi gian d\u00e0i \u0111\u01b0\u1ee3c-ch\u1edd-\u0111\u1ee3i, John Green, t\u00e1c gi\u1ea3 c\u1ee7a \u0110i t\u00ecm Alaska v\u00e0 Khi l\u1ed7i thu\u1ed9c v\u1ec1 nh\u1eefng v\u00ec sao nh\u1eadn \u0111\u01b0\u1ee3c nhi\u1ec1u l\u1eddi ng\u1ee3i khen v\u00e0 gi\u1ea3i th\u01b0\u1edfng cao qu\u00fd, \u0111\u00e3 chia s\u1ebb c\u00e2u chuy\u1ec7n v\u1ec1 Aza b\u1eb1ng m\u1ed9t l\u1ed1i k\u1ec3 t\u1ec9nh b\u01a1 nh\u01b0ng \u0111\u1ea7y s\u1ee9c c\u00f4ng ph\u00e1, trong m\u1ed9t ti\u1ec3u thuy\u1ebft sinh \u0111\u1ed9ng v\u1ec1 t\u00ecnh y\u00eau, t\u00ednh ki\u00ean c\u01b0\u1eddng v\u00e0 s\u1ee9c m\u1ea1nh c\u1ee7a t\u00ecnh b\u1ea1n m\u00e3i m\u00e3i.<\/p>\n","protected":false},"featured_media":10405,"template":"","meta":{"_acf_changed":false},"product_brand":[],"product_cat":[15,45],"product_tag":[],"class_list":{"0":"post-10406","1":"product","2":"type-product","3":"status-publish","4":"has-post-thumbnail","6":"product_cat-sach-danh-cho-nguoi-lon","7":"product_cat-tieu-thuyet","9":"first","10":"outofstock","11":"taxable","12":"shipping-taxable","13":"purchasable","14":"product-type-simple"},"supplier_id":null,"supplier_sku":"","barcode":null,"atum_controlled":true,"out_stock_date":"2021-09-16 22:04:00","out_stock_threshold":null,"inheritable":false,"inbound_stock":0,"stock_on_hold":0,"sold_today":0,"sales_last_days":0,"reserved_stock":0,"customer_returns":0,"warehouse_damage":0,"lost_in_post":0,"other_logs":0,"out_stock_days":1595,"lost_sales":0,"has_location":false,"update_date":"2026-01-28T23:10:46","atum_locations":[],"atum_stock_status":"outofstock","restock_status":false,"low_stock_amount":"","sales_update_date":"2026-01-28T23:10:46","calc_backorders":null,"acf":{"publisher":{"ID":1517,"post_author":"1","post_date":"2021-02-17 01:14:41","post_date_gmt":"2021-02-16 23:14:41","post_content":"","post_title":"NXB Tr\u1ebb","post_excerpt":"","post_status":"publish","comment_status":"closed","ping_status":"closed","post_password":"","post_name":"nxb-tre","to_ping":"","pinged":"","post_modified":"2021-02-17 01:14:41","post_modified_gmt":"2021-02-16 23:14:41","post_content_filtered":"","post_parent":0,"guid":"https:\/\/sachviet.eu\/nha-phat-hanh\/nxb-tre\/","menu_order":0,"post_type":"publisher","post_mime_type":"","comment_count":"0","filter":"raw"}},"_links":{"self":[{"href":"https:\/\/sachviet.eu\/en\/wp-json\/wp\/v2\/product\/10406","targetHints":{"allow":["GET"]}}],"collection":[{"href":"https:\/\/sachviet.eu\/en\/wp-json\/wp\/v2\/product"}],"about":[{"href":"https:\/\/sachviet.eu\/en\/wp-json\/wp\/v2\/types\/product"}],"wp:featuredmedia":[{"embeddable":true,"href":"https:\/\/sachviet.eu\/en\/wp-json\/wp\/v2\/media\/10405"}],"wp:attachment":[{"href":"https:\/\/sachviet.eu\/en\/wp-json\/wp\/v2\/media?parent=10406"}],"wp:term":[{"taxonomy":"product_brand","embeddable":true,"href":"https:\/\/sachviet.eu\/en\/wp-json\/wp\/v2\/product_brand?post=10406"},{"taxonomy":"product_cat","embeddable":true,"href":"https:\/\/sachviet.eu\/en\/wp-json\/wp\/v2\/product_cat?post=10406"},{"taxonomy":"product_tag","embeddable":true,"href":"https:\/\/sachviet.eu\/en\/wp-json\/wp\/v2\/product_tag?post=10406"}],"curies":[{"name":"wp","href":"https:\/\/api.w.org\/{rel}","templated":true}]}}