{"id":10404,"date":"2021-06-02T19:12:09","date_gmt":"2021-06-02T16:12:09","guid":{"rendered":"https:\/\/sachviet.eu\/shop\/cai-tet-cua-meo-con-tai-ban-2020\/"},"modified":"2024-08-10T12:50:23","modified_gmt":"2024-08-10T09:50:23","slug":"cai-tet-cua-meo-con-tai-ban-2020","status":"publish","type":"product","link":"https:\/\/sachviet.eu\/en\/shop\/cai-tet-cua-meo-con-tai-ban-2020\/","title":{"rendered":"C\u00e1i T\u1ebft C\u1ee7a M\u00e8o Con (T\u00e1i B\u1ea3n 2020)"},"content":{"rendered":"<p>M\u00e8o con m\u1edbi v\u1ec1 nh\u00e0, \u0111\u00eam \u0111\u1ea7u ti\u00ean \u0111\u00e3 gi\u00e1p m\u1eb7t l\u00e3o Chu\u1ed9t c\u1ed1ng d\u1eef d\u1eb1n c\u00f9ng l\u0169 chu\u1ed9t nh\u1eaft hung h\u0103ng. M\u00e8o con khi\u1ebfp s\u1ee3, nh\u01b0ng v\u1ed1n l\u00e0 m\u1ed9t ch\u00fa m\u00e8o d\u0169ng c\u1ea3m, M\u00e8o con b\u1eaft \u0111\u1ea7u h\u1ecdc h\u1ecfi, can \u0111\u1ea3m \u0111\u00e1nh nhau v\u1edbi r\u1eafn h\u1ed5 mang.<\/p>\n<p>Kh\u00f4ng nh\u1eefng th\u1ebf, M\u00e8o con c\u00f2n truy\u1ec1n l\u00f2ng qu\u1ea3 c\u1ea3m c\u1ee7a m\u00ecnh cho c\u1ea3 b\u00e1c N\u1ed3i \u0111\u1ed3ng v\u00e0 ch\u1ecb Ch\u1ed5i. H\u1ecd \u0111\u00e3 c\u00f9ng nhau \u0111\u00e1nh b\u1ea1i l\u00e3o Chu\u1ed9t c\u1ed1ng hung \u00e1c v\u00e0 \u0111\u00e1m chu\u1ed9t nh\u1eaft.<\/p>\n<p>\u201cC\u00e1i T\u1ebft c\u1ee7a M\u00e8o con\u201d l\u00e0 b\u00e0i h\u1ecdc v\u1ec1 l\u00f2ng qu\u1ea3 c\u1ea3m v\u00e0 tinh th\u1ea7n \u0111o\u00e0n k\u1ebft. C\u00e2u chuy\u1ec7n mang \u0111\u1ebfn th\u00f4ng \u0111i\u1ec7p cho c\u00e1c b\u1ea1n nh\u1ecf c\u1ee7a ch\u00fang ta: L\u00f2ng d\u0169ng c\u1ea3m l\u00e0 m\u1ed9t ph\u1ea9m ch\u1ea5t, \u0111\u01b0\u1ee3c h\u00ecnh th\u00e0nh khi ta r\u00e8n luy\u1ec7n m\u1ed7i ng\u00e0y.<\/p>\n<p>Ra \u0111\u1eddi c\u00e1ch nay h\u01a1n n\u1eeda th\u1ebf k\u1ec9, t\u00e1c ph\u1ea9m c\u1ee7a nh\u00e0 v\u0103n Nguy\u1ec5n \u0110\u00ecnh Thi \u0111\u00e3 chinh ph\u1ee5c bao th\u1ebf h\u1ec7 \u0111\u1ed9c gi\u1ea3 nh\u1ecf tu\u1ed5i.<\/p>\n<p>\u1ea4n b\u1ea3n l\u1ea7n n\u00e0y c\u00f3 nh\u1eefng tranh minh h\u1ecda m\u00e0u v\u00f4 c\u00f9ng s\u1ed1ng \u0111\u1ed9ng c\u1ee7a h\u1ecda s\u0129 tr\u1ebb Th\u00f9y Dung.<\/p>\n","protected":false},"excerpt":{"rendered":"<p>M\u00e8o con m\u1edbi v\u1ec1 nh\u00e0, \u0111\u00eam \u0111\u1ea7u ti\u00ean \u0111\u00e3 gi\u00e1p m\u1eb7t l\u00e3o Chu\u1ed9t c\u1ed1ng d\u1eef d\u1eb1n c\u00f9ng l\u0169 chu\u1ed9t nh\u1eaft hung h\u0103ng. M\u00e8o con khi\u1ebfp s\u1ee3, nh\u01b0ng v\u1ed1n l\u00e0 m\u1ed9t ch\u00fa m\u00e8o d\u0169ng c\u1ea3m, M\u00e8o con b\u1eaft \u0111\u1ea7u h\u1ecdc h\u1ecfi, can \u0111\u1ea3m \u0111\u00e1nh nhau v\u1edbi r\u1eafn h\u1ed5 mang.<\/p>\n<p>Kh\u00f4ng nh\u1eefng th\u1ebf, M\u00e8o con c\u00f2n truy\u1ec1n l\u00f2ng qu\u1ea3 c\u1ea3m c\u1ee7a m\u00ecnh cho c\u1ea3 b\u00e1c N\u1ed3i \u0111\u1ed3ng v\u00e0 ch\u1ecb Ch\u1ed5i. H\u1ecd \u0111\u00e3 c\u00f9ng nhau \u0111\u00e1nh b\u1ea1i l\u00e3o Chu\u1ed9t c\u1ed1ng hung \u00e1c v\u00e0 \u0111\u00e1m chu\u1ed9t nh\u1eaft.<\/p>\n<p>\u201cC\u00e1i T\u1ebft c\u1ee7a M\u00e8o con\u201d l\u00e0 b\u00e0i h\u1ecdc v\u1ec1 l\u00f2ng qu\u1ea3 c\u1ea3m v\u00e0 tinh th\u1ea7n \u0111o\u00e0n k\u1ebft. C\u00e2u chuy\u1ec7n mang \u0111\u1ebfn th\u00f4ng \u0111i\u1ec7p cho c\u00e1c b\u1ea1n nh\u1ecf c\u1ee7a ch\u00fang ta: L\u00f2ng d\u0169ng c\u1ea3m l\u00e0 m\u1ed9t ph\u1ea9m ch\u1ea5t, \u0111\u01b0\u1ee3c h\u00ecnh th\u00e0nh khi ta r\u00e8n luy\u1ec7n m\u1ed7i ng\u00e0y.<\/p>\n<p>Ra \u0111\u1eddi c\u00e1ch nay h\u01a1n n\u1eeda th\u1ebf k\u1ec9, t\u00e1c ph\u1ea9m c\u1ee7a nh\u00e0 v\u0103n Nguy\u1ec5n \u0110\u00ecnh Thi \u0111\u00e3 chinh ph\u1ee5c bao th\u1ebf h\u1ec7 \u0111\u1ed9c gi\u1ea3 nh\u1ecf tu\u1ed5i.<\/p>\n<p>\u1ea4n b\u1ea3n l\u1ea7n n\u00e0y c\u00f3 nh\u1eefng tranh minh h\u1ecda m\u00e0u v\u00f4 c\u00f9ng s\u1ed1ng \u0111\u1ed9ng c\u1ee7a h\u1ecda s\u0129 tr\u1ebb Th\u00f9y Dung.<\/p>\n","protected":false},"featured_media":10396,"template":"","meta":{"_acf_changed":false},"product_brand":[],"product_cat":[25,17,71,26],"product_tag":[81],"class_list":{"0":"post-10404","1":"product","2":"type-product","3":"status-publish","4":"has-post-thumbnail","6":"product_cat-nhi-dong-6-tuoi-12-tuoi","7":"product_cat-sach-danh-cho-cac-be","8":"product_cat-sach-tre-em-thuan-viet","9":"product_cat-thieu-nien-11-tuoi-18-tuoi","10":"product_tag-sach-gia-uu-dai","12":"first","13":"outofstock","14":"sale","15":"taxable","16":"shipping-taxable","17":"purchasable","18":"product-type-simple"},"supplier_id":null,"supplier_sku":"","barcode":null,"atum_controlled":true,"out_stock_date":"2024-08-10 09:50:23","out_stock_threshold":null,"inheritable":false,"inbound_stock":0,"stock_on_hold":0,"sold_today":0,"sales_last_days":0,"reserved_stock":0,"customer_returns":0,"warehouse_damage":0,"lost_in_post":0,"other_logs":0,"out_stock_days":536,"lost_sales":0,"has_location":false,"update_date":"2026-01-28T23:11:19","atum_locations":[],"atum_stock_status":"outofstock","restock_status":false,"low_stock_amount":"","sales_update_date":"2026-01-28T23:11:19","calc_backorders":null,"acf":{"publisher":{"ID":1454,"post_author":"1","post_date":"2021-02-17 01:11:34","post_date_gmt":"2021-02-16 23:11:34","post_content":"<!-- wp:flatsome\/uxbuilder -->\n<h1 style=\"text-align: center;\"><strong>Kim \u0110\u1ed3ng<\/strong><\/h1>\n[row]\n\n[col span=\"3\" span__sm=\"12\"]\n\n[ux_image id=\"1534\" image_size=\"medium\"]\n\n\n[\/col]\n[col span=\"9\" span__sm=\"12\"]\n\n<p>Nh\u00e0 xu\u1ea5t b\u1ea3n Kim \u0110\u1ed3ng tr\u1ef1c thu\u1ed9c Trung \u01b0\u01a1ng \u0110o\u00e0n TNCS H\u1ed3 Ch\u00ed Minh l\u00e0 Nh\u00e0 xu\u1ea5t b\u1ea3n t\u1ed5ng h\u1ee3p c\u00f3 ch\u1ee9c n\u0103ng xu\u1ea5t b\u1ea3n s\u00e1ch v\u00e0 v\u0103n h\u00f3a ph\u1ea9m ph\u1ee5c v\u1ee5 thi\u1ebfu nhi v\u00e0 c\u00e1c b\u1eadc ph\u1ee5 huynh trong c\u1ea3 n\u01b0\u1edbc, qu\u1ea3ng b\u00e1 v\u00e0 gi\u1edbi thi\u1ec7u v\u0103n h\u00f3a Vi\u1ec7t Nam ra th\u1ebf gi\u1edbi.<br \/>Nh\u00e0 xu\u1ea5t b\u1ea3n c\u00f3 nhi\u1ec7m v\u1ee5 t\u1ed5 ch\u1ee9c b\u1ea3n th\u1ea3o, bi\u00ean so\u1ea1n, bi\u00ean d\u1ecbch, xu\u1ea5t b\u1ea3n v\u00e0 ph\u00e1t h\u00e0nh c\u00e1c xu\u1ea5t b\u1ea3n ph\u1ea9m c\u00f3 n\u1ed9i dung: gi\u00e1o d\u1ee5c truy\u1ec1n th\u1ed1ng d\u00e2n t\u1ed9c, gi\u00e1o d\u1ee5c v\u1ec1 tri th\u1ee9c, ki\u1ebfn th\u1ee9c\u2026 tr\u00ean c\u00e1c l\u0129nh v\u1ef1c v\u0103n h\u1ecdc, ngh\u1ec7 thu\u1eadt, khoa h\u1ecdc k\u1ef9 thu\u1eadt nh\u1eb1m cung c\u1ea5p cho c\u00e1c em thi\u1ebfu nhi c\u0169ng nh\u01b0 c\u00e1c b\u1eadc ph\u1ee5 huynh c\u00e1c ki\u1ebfn th\u1ee9c c\u1ea7n thi\u1ebft trong cu\u1ed9c s\u1ed1ng, nh\u1eefng tinh hoa c\u1ee7a tri th\u1ee9c nh\u00e2n lo\u1ea1i nh\u1eb1m g\u00f3p ph\u1ea7n gi\u00e1o d\u1ee5c v\u00e0 h\u00ecnh th\u00e0nh nh\u00e2n c\u00e1ch th\u1ebf h\u1ec7 tr\u1ebb.<br \/>\u0110\u1ed1i t\u01b0\u1ee3ng ph\u1ee5c v\u1ee5 c\u1ee7a Nh\u00e0 xu\u1ea5t b\u1ea3n l\u00e0 c\u00e1c em t\u1eeb tu\u1ed5i nh\u00e0 tr\u1ebb m\u1eabu gi\u00e1o (1 \u0111\u1ebfn 5 tu\u1ed5i), nhi \u0111\u1ed3ng (6 \u0111\u1ebfn 9 tu\u1ed5i), thi\u1ebfu ni\u00ean (10 \u0111\u1ebfn 15 tu\u1ed5i) \u0111\u1ebfn c\u00e1c em tu\u1ed5i m\u1edbi l\u1edbn (16 \u0111\u1ebfn 18 tu\u1ed5i) v\u00e0 c\u00e1c b\u1eadc ph\u1ee5 huynh.<\/p>\n\n[\/col]\n\n[\/row]\n\n<!-- \/wp:flatsome\/uxbuilder -->","post_title":"Kim \u0110\u1ed3ng","post_excerpt":"","post_status":"publish","comment_status":"closed","ping_status":"closed","post_password":"","post_name":"kim-dong","to_ping":"","pinged":"","post_modified":"2021-02-17 01:31:56","post_modified_gmt":"2021-02-16 23:31:56","post_content_filtered":"","post_parent":0,"guid":"https:\/\/sachviet.eu\/nha-phat-hanh\/kim-dong\/","menu_order":0,"post_type":"publisher","post_mime_type":"","comment_count":"0","filter":"raw"}},"_links":{"self":[{"href":"https:\/\/sachviet.eu\/en\/wp-json\/wp\/v2\/product\/10404","targetHints":{"allow":["GET"]}}],"collection":[{"href":"https:\/\/sachviet.eu\/en\/wp-json\/wp\/v2\/product"}],"about":[{"href":"https:\/\/sachviet.eu\/en\/wp-json\/wp\/v2\/types\/product"}],"wp:featuredmedia":[{"embeddable":true,"href":"https:\/\/sachviet.eu\/en\/wp-json\/wp\/v2\/media\/10396"}],"wp:attachment":[{"href":"https:\/\/sachviet.eu\/en\/wp-json\/wp\/v2\/media?parent=10404"}],"wp:term":[{"taxonomy":"product_brand","embeddable":true,"href":"https:\/\/sachviet.eu\/en\/wp-json\/wp\/v2\/product_brand?post=10404"},{"taxonomy":"product_cat","embeddable":true,"href":"https:\/\/sachviet.eu\/en\/wp-json\/wp\/v2\/product_cat?post=10404"},{"taxonomy":"product_tag","embeddable":true,"href":"https:\/\/sachviet.eu\/en\/wp-json\/wp\/v2\/product_tag?post=10404"}],"curies":[{"name":"wp","href":"https:\/\/api.w.org\/{rel}","templated":true}]}}