{"id":10393,"date":"2021-06-02T19:11:21","date_gmt":"2021-06-02T16:11:21","guid":{"rendered":"https:\/\/sachviet.eu\/shop\/bo-sach-me-ke-con-nghe-giao-tiep-ung-xu\/"},"modified":"2024-08-21T12:41:42","modified_gmt":"2024-08-21T09:41:42","slug":"bo-sach-me-ke-con-nghe-giao-tiep-ung-xu","status":"publish","type":"product","link":"https:\/\/sachviet.eu\/en\/shop\/bo-sach-me-ke-con-nghe-giao-tiep-ung-xu\/","title":{"rendered":"B\u1ed9 S\u00e1ch M\u1eb9 K\u1ec3 Con Nghe &#8211; Giao Ti\u1ebfp \u1ee8ng X\u1eed"},"content":{"rendered":"<p>M\u1eb9 K\u1ec3 Con Nghe &#8211; R\u00e8n Luy\u1ec7n Th\u00f3i Quen T\u1ed1t<\/p>\n<p>Nh\u1eb1m gi\u00fap b\u00e9 y\u00eau ph\u00e1t tri\u1ec3n v\u1ec1 m\u1eb7t tinh th\u1ea7n, c\u0169ng nh\u01b0 gi\u00fap c\u00e1c b\u1eadc ph\u1ee5 huynh c\u00f3 ph\u01b0\u01a1ng ti\u1ec7n g\u1ea7n g\u0169i, tr\u00f2 chuy\u1ec7n c\u00f9ng con, \u0110\u00f4ng A Books xu\u1ea5t b\u1ea3n b\u1ed9 s\u00e1ch M\u1eb9 K\u1ec3 Con Nghe. B\u1ed9 s\u00e1ch g\u1ed3m 4 t\u1eadp, m\u1ed7i t\u1eadp c\u00f3 10 c\u00e2u chuy\u1ec7n nh\u1ecf k\u00edch th\u00edch tr\u00ed t\u01b0\u1edfng t\u01b0\u1ee3ng, b\u1ed3i \u0111\u1eafp t\u00e2m h\u1ed3n tr\u1ebb.<\/p>\n<p>&#8211; T\u1eadp 1- B\u1ed3i d\u01b0\u1ee1ng tr\u00ed tu\u1ec7 c\u1ea3m x\u00fac: Tr\u00ed tu\u1ec7 c\u1ea3m x\u00fac l\u00e0 ch\u00eca kh\u00f3a g\u1ee3i m\u1edf c\u1ea3 tr\u00ed tu\u1ec7 l\u1eabn t\u00e2m h\u1ed3n \u0111\u1ec3 tr\u1ebb c\u00f3 th\u1ec3 ph\u00e1t tri\u1ec3n m\u1ed9t c\u00e1ch to\u00e0n di\u1ec7n. Trong b\u1ed9 s\u00e1ch n\u00e0y, nh\u1eefng b\u00e0i h\u1ecdc v\u1ec1 tr\u00ed tu\u1ec7 c\u1ea3m x\u00fac \u0111\u01b0\u1ee3c kh\u00e9o l\u00e9o \u0111\u01b0a v\u00e0o c\u00e2u chuy\u1ec7n c\u1ee7a nh\u1eefng lo\u00e0i v\u1eadt \u0111\u00e1ng y\u00eau, gi\u00fap tr\u1ebb hi\u1ec3u \u0111\u01b0\u1ee3c t\u00ecnh c\u1ea3m gia \u0111\u00ecnh, t\u00ecnh b\u1ea1n, h\u1ecdc t\u00ednh khoan dung, ch\u00e2n th\u00e0nh, h\u1ecdc ph\u00e9p l\u1ecbch s\u1ef1\u2026<\/p>\n<p>&#8211; T\u1eadp 2 &#8211; Giao ti\u1ebfp \u1ee9ng x\u1eed: M\u1ee5c \u0111\u00edch c\u1ee7a b\u1ed9 s\u00e1ch n\u00e0y l\u00e0 r\u00e8n luy\u1ec7n kh\u1ea3 n\u0103ng giao ti\u1ebfp c\u1ee7a tr\u1ebb qua nh\u1eefng c\u00e2u chuy\u1ec7n nh\u1ecf. Nh\u1eefng c\u00e2u chuy\u1ec7n \u0111\u01a1n gi\u1ea3n mang \u0111\u1ebfn cho tr\u1ebb b\u00e0i h\u1ecdc v\u1ec1 \u1ee9ng x\u1eed l\u00e0nh m\u1ea1nh, t\u00edch c\u1ef1c; gi\u00fap tr\u1ebb hi\u1ec3u \u0111\u01b0\u1ee3c nh\u1eefng quy t\u1eafc trong cu\u1ed9c s\u1ed1ng h\u1eb1ng ng\u00e0y; h\u1ecdc c\u00e1ch x\u00e2y d\u1ef1ng m\u1ed1i quan h\u1ec7 th\u00e2n thi\u1ec7n v\u1edbi m\u1ecdi ng\u01b0\u1eddi xung quanh.<\/p>\n<p>&#8211; T\u1eadp 3 &#8211; Nu\u00f4i d\u01b0\u1ee1ng t\u00ednh c\u00e1ch: Qua nh\u1eefng c\u00e2u chuy\u1ec7n ng\u1eafn g\u1ecdn v\u00e0 h\u00ecnh \u1ea3nh sinh \u0111\u1ed9ng, m\u1ed7i c\u00e2u chuy\u1ec7n mang \u0111\u1ebfn m\u1ed9t b\u00e0i h\u1ecdc b\u1ed5 \u00edch, gi\u00fap tr\u1ebb ph\u00e2n bi\u1ec7t \u0111\u00fang sai, ph\u1ea3i tr\u00e1i, g\u00f3p ph\u1ea7n nu\u00f4i d\u01b0\u1ee1ng nh\u1eefng ph\u1ea9m ch\u1ea5t t\u1ed1t \u0111\u1eb9p trong t\u00e2m h\u1ed3n tr\u1ebb th\u01a1.<\/p>\n<p>&#8211; T\u1eadp 4 &#8211; R\u00e8n luy\u1ec7n th\u00f3i quen t\u1ed1t: Th\u00f3i quen c\u00f3 s\u1ee9c m\u1ea1nh v\u00f4 c\u00f9ng to l\u1edbn, \u1ea3nh h\u01b0\u1edfng \u0111\u1ebfn m\u1ecdi h\u00e0nh vi, v\u00ec th\u1ebf nh\u1eefng th\u00f3i quen t\u1ed1t s\u1ebd r\u1ea5t h\u1eefu \u00edch trong cu\u1ed9c s\u1ed1ng. Giai \u0111o\u1ea1n tr\u1ebb c\u00f2n nh\u1ecf l\u00e0 th\u1eddi \u0111i\u1ec3m r\u1ea5t d\u1ec5 h\u00ecnh th\u00e0nh th\u00f3i quen, b\u1ed1 m\u1eb9 h\u00e3y gi\u00fap tr\u1ebb r\u00e8n luy\u1ec7n th\u00f3i quen t\u1ed1t qua nh\u1eefng c\u00e2u chuy\u1ec7n nh\u1ecf.<\/p>\n<p>V\u1edbi c\u00e1ch k\u1ec3 chuy\u1ec7n nh\u1eb9 nh\u00e0ng, th\u1ee7 th\u1ec9 c\u00f9ng h\u00ecnh \u1ea3nh minh h\u1ecda \u0111\u1ea7y m\u00e0u s\u1eafc, b\u00e9 y\u00eau c\u1ee7a b\u1ea1n s\u1ebd th\u00eam h\u1ee9ng th\u00fa v\u1edbi nh\u1eefng gi\u00e2y ph\u00fat m\u1eb9 k\u1ec3 con nghe h\u00e0ng ng\u00e0y. \u0110\u00f3 c\u0169ng l\u00e0 th\u1eddi gian qu\u00fd gi\u00e1 \u0111\u1ec3 b\u1ea1n g\u1ea7n g\u0169i b\u00ean con y\u00eau, b\u1ed3i d\u01b0\u1ee1ng, x\u00e2y \u0111\u1eafp th\u00f3i quen, t\u00ednh c\u00e1ch, t\u00e2m h\u1ed3n\u2026 cho con.<\/p>\n","protected":false},"excerpt":{"rendered":"<p>M\u1eb9 K\u1ec3 Con Nghe &#8211; R\u00e8n Luy\u1ec7n Th\u00f3i Quen T\u1ed1t<\/p>\n<p>Nh\u1eb1m gi\u00fap b\u00e9 y\u00eau ph\u00e1t tri\u1ec3n v\u1ec1 m\u1eb7t tinh th\u1ea7n, c\u0169ng nh\u01b0 gi\u00fap c\u00e1c b\u1eadc ph\u1ee5 huynh c\u00f3 ph\u01b0\u01a1ng ti\u1ec7n g\u1ea7n g\u0169i, tr\u00f2 chuy\u1ec7n c\u00f9ng con, \u0110\u00f4ng A Books xu\u1ea5t b\u1ea3n b\u1ed9 s\u00e1ch M\u1eb9 K\u1ec3 Con Nghe. B\u1ed9 s\u00e1ch g\u1ed3m 4 t\u1eadp, m\u1ed7i t\u1eadp c\u00f3 10 c\u00e2u chuy\u1ec7n nh\u1ecf k\u00edch th\u00edch tr\u00ed t\u01b0\u1edfng t\u01b0\u1ee3ng, b\u1ed3i \u0111\u1eafp t\u00e2m h\u1ed3n tr\u1ebb.<\/p>\n<p>&#8211; T\u1eadp 1- B\u1ed3i d\u01b0\u1ee1ng tr\u00ed tu\u1ec7 c\u1ea3m x\u00fac: Tr\u00ed tu\u1ec7 c\u1ea3m x\u00fac l\u00e0 ch\u00eca kh\u00f3a g\u1ee3i m\u1edf c\u1ea3 tr\u00ed tu\u1ec7 l\u1eabn t\u00e2m h\u1ed3n \u0111\u1ec3 tr\u1ebb c\u00f3 th\u1ec3 ph\u00e1t tri\u1ec3n m\u1ed9t c\u00e1ch to\u00e0n di\u1ec7n. Trong b\u1ed9 s\u00e1ch n\u00e0y, nh\u1eefng b\u00e0i h\u1ecdc v\u1ec1 tr\u00ed tu\u1ec7 c\u1ea3m x\u00fac \u0111\u01b0\u1ee3c kh\u00e9o l\u00e9o \u0111\u01b0a v\u00e0o c\u00e2u chuy\u1ec7n c\u1ee7a nh\u1eefng lo\u00e0i v\u1eadt \u0111\u00e1ng y\u00eau, gi\u00fap tr\u1ebb hi\u1ec3u \u0111\u01b0\u1ee3c t\u00ecnh c\u1ea3m gia \u0111\u00ecnh, t\u00ecnh b\u1ea1n, h\u1ecdc t\u00ednh khoan dung, ch\u00e2n th\u00e0nh, h\u1ecdc ph\u00e9p l\u1ecbch s\u1ef1\u2026<\/p>\n<p>&#8211; T\u1eadp 2 &#8211; Giao ti\u1ebfp \u1ee9ng x\u1eed: M\u1ee5c \u0111\u00edch c\u1ee7a b\u1ed9 s\u00e1ch n\u00e0y l\u00e0 r\u00e8n luy\u1ec7n kh\u1ea3 n\u0103ng giao ti\u1ebfp c\u1ee7a tr\u1ebb qua nh\u1eefng c\u00e2u chuy\u1ec7n nh\u1ecf. Nh\u1eefng c\u00e2u chuy\u1ec7n \u0111\u01a1n gi\u1ea3n mang \u0111\u1ebfn cho tr\u1ebb b\u00e0i h\u1ecdc v\u1ec1 \u1ee9ng x\u1eed l\u00e0nh m\u1ea1nh, t\u00edch c\u1ef1c; gi\u00fap tr\u1ebb hi\u1ec3u \u0111\u01b0\u1ee3c nh\u1eefng quy t\u1eafc trong cu\u1ed9c s\u1ed1ng h\u1eb1ng ng\u00e0y; h\u1ecdc c\u00e1ch x\u00e2y d\u1ef1ng m\u1ed1i quan h\u1ec7 th\u00e2n thi\u1ec7n v\u1edbi m\u1ecdi ng\u01b0\u1eddi xung quanh.<\/p>\n<p>&#8211; T\u1eadp 3 &#8211; Nu\u00f4i d\u01b0\u1ee1ng t\u00ednh c\u00e1ch: Qua nh\u1eefng c\u00e2u chuy\u1ec7n ng\u1eafn g\u1ecdn v\u00e0 h\u00ecnh \u1ea3nh sinh \u0111\u1ed9ng, m\u1ed7i c\u00e2u chuy\u1ec7n mang \u0111\u1ebfn m\u1ed9t b\u00e0i h\u1ecdc b\u1ed5 \u00edch, gi\u00fap tr\u1ebb ph\u00e2n bi\u1ec7t \u0111\u00fang sai, ph\u1ea3i tr\u00e1i, g\u00f3p ph\u1ea7n nu\u00f4i d\u01b0\u1ee1ng nh\u1eefng ph\u1ea9m ch\u1ea5t t\u1ed1t \u0111\u1eb9p trong t\u00e2m h\u1ed3n tr\u1ebb th\u01a1.<\/p>\n<p>&#8211; T\u1eadp 4 &#8211; R\u00e8n luy\u1ec7n th\u00f3i quen t\u1ed1t: Th\u00f3i quen c\u00f3 s\u1ee9c m\u1ea1nh v\u00f4 c\u00f9ng to l\u1edbn, \u1ea3nh h\u01b0\u1edfng \u0111\u1ebfn m\u1ecdi h\u00e0nh vi, v\u00ec th\u1ebf nh\u1eefng th\u00f3i quen t\u1ed1t s\u1ebd r\u1ea5t h\u1eefu \u00edch trong cu\u1ed9c s\u1ed1ng. Giai \u0111o\u1ea1n tr\u1ebb c\u00f2n nh\u1ecf l\u00e0 th\u1eddi \u0111i\u1ec3m r\u1ea5t d\u1ec5 h\u00ecnh th\u00e0nh th\u00f3i quen, b\u1ed1 m\u1eb9 h\u00e3y gi\u00fap tr\u1ebb r\u00e8n luy\u1ec7n th\u00f3i quen t\u1ed1t qua nh\u1eefng c\u00e2u chuy\u1ec7n nh\u1ecf.<\/p>\n<p>V\u1edbi c\u00e1ch k\u1ec3 chuy\u1ec7n nh\u1eb9 nh\u00e0ng, th\u1ee7 th\u1ec9 c\u00f9ng h\u00ecnh \u1ea3nh minh h\u1ecda \u0111\u1ea7y m\u00e0u s\u1eafc, b\u00e9 y\u00eau c\u1ee7a b\u1ea1n s\u1ebd th\u00eam h\u1ee9ng th\u00fa v\u1edbi nh\u1eefng gi\u00e2y ph\u00fat m\u1eb9 k\u1ec3 con nghe h\u00e0ng ng\u00e0y. \u0110\u00f3 c\u0169ng l\u00e0 th\u1eddi gian qu\u00fd gi\u00e1 \u0111\u1ec3 b\u1ea1n g\u1ea7n g\u0169i b\u00ean con y\u00eau, b\u1ed3i d\u01b0\u1ee1ng, x\u00e2y \u0111\u1eafp th\u00f3i quen, t\u00ednh c\u00e1ch, t\u00e2m h\u1ed3n\u2026 cho con.<\/p>\n","protected":false},"featured_media":10389,"template":"","meta":{"_acf_changed":false},"product_brand":[],"product_cat":[24,17],"product_tag":[],"class_list":{"0":"post-10393","1":"product","2":"type-product","3":"status-publish","4":"has-post-thumbnail","6":"product_cat-nha-tre-mau-giao-0-tuoi-6-tuoi","7":"product_cat-sach-danh-cho-cac-be","9":"first","10":"outofstock","11":"taxable","12":"shipping-taxable","13":"purchasable","14":"product-type-simple"},"supplier_id":null,"supplier_sku":"","barcode":null,"atum_controlled":true,"out_stock_date":"2024-08-21 09:41:42","out_stock_threshold":null,"inheritable":false,"inbound_stock":0,"stock_on_hold":0,"sold_today":0,"sales_last_days":0,"reserved_stock":0,"customer_returns":0,"warehouse_damage":0,"lost_in_post":0,"other_logs":0,"out_stock_days":525,"lost_sales":0,"has_location":false,"update_date":"2026-01-28T23:11:22","atum_locations":[],"atum_stock_status":"outofstock","restock_status":false,"low_stock_amount":"","sales_update_date":"2026-01-28T23:11:22","calc_backorders":null,"acf":{"publisher":{"ID":1544,"post_author":"1","post_date":"2021-02-17 01:24:05","post_date_gmt":"2021-02-16 23:24:05","post_content":"","post_title":"\u0110\u00f4ng A","post_excerpt":"","post_status":"publish","comment_status":"closed","ping_status":"closed","post_password":"","post_name":"dong-a","to_ping":"","pinged":"","post_modified":"2021-02-17 01:24:05","post_modified_gmt":"2021-02-16 23:24:05","post_content_filtered":"","post_parent":0,"guid":"https:\/\/sachviet.eu\/nha-phat-hanh\/dong-a\/","menu_order":0,"post_type":"publisher","post_mime_type":"","comment_count":"0","filter":"raw"}},"_links":{"self":[{"href":"https:\/\/sachviet.eu\/en\/wp-json\/wp\/v2\/product\/10393","targetHints":{"allow":["GET"]}}],"collection":[{"href":"https:\/\/sachviet.eu\/en\/wp-json\/wp\/v2\/product"}],"about":[{"href":"https:\/\/sachviet.eu\/en\/wp-json\/wp\/v2\/types\/product"}],"wp:featuredmedia":[{"embeddable":true,"href":"https:\/\/sachviet.eu\/en\/wp-json\/wp\/v2\/media\/10389"}],"wp:attachment":[{"href":"https:\/\/sachviet.eu\/en\/wp-json\/wp\/v2\/media?parent=10393"}],"wp:term":[{"taxonomy":"product_brand","embeddable":true,"href":"https:\/\/sachviet.eu\/en\/wp-json\/wp\/v2\/product_brand?post=10393"},{"taxonomy":"product_cat","embeddable":true,"href":"https:\/\/sachviet.eu\/en\/wp-json\/wp\/v2\/product_cat?post=10393"},{"taxonomy":"product_tag","embeddable":true,"href":"https:\/\/sachviet.eu\/en\/wp-json\/wp\/v2\/product_tag?post=10393"}],"curies":[{"name":"wp","href":"https:\/\/api.w.org\/{rel}","templated":true}]}}