{"id":10359,"date":"2021-06-02T18:56:55","date_gmt":"2021-06-02T15:56:55","guid":{"rendered":"https:\/\/sachviet.eu\/shop\/hannibal-troi-day\/"},"modified":"2024-11-15T16:06:25","modified_gmt":"2024-11-15T14:06:25","slug":"hannibal-troi-day","status":"publish","type":"product","link":"https:\/\/sachviet.eu\/en\/shop\/hannibal-troi-day\/","title":{"rendered":"Hannibal Tr\u1ed7i D\u1eady"},"content":{"rendered":"<p>Hannibal Tr\u1ed7i D\u1eady<\/p>\n<p>Hannibal Tr\u1ed7i d\u1eady \u201cM\u1ed9t tuy\u1ec7t ph\u1ea9m c\u1ee7a m\u00e1u v\u00e0 b\u1ea1o l\u1ef1c n\u01a1i nh\u1eefng n\u1ed7i kinh ho\u00e0ng c\u1ee7a chi\u1ebfn tranh \u0111\u01b0\u1ee3c mi\u00eau t\u1ea3 m\u1ed9t c\u00e1ch \u0111\u1eb9p \u0111\u1ebd, n\u1ebfu c\u00f3 th\u1ec3 d\u00f9ng t\u1eeb \u0111\u00f3, khi Hannibal bu\u1ed9c ph\u1ea3i tr\u1edf th\u00e0nh k\u1ebb \u0103n th\u1ecbt ng\u01b0\u1eddi m\u00e0 sau n\u00e0y s\u1ebd tr\u1edf th\u00e0nh th\u01b0\u01a1ng hi\u1ec7u c\u1ee7a h\u1eafn.\u201d- Independent &#8212;&#8212;&#8212;<\/p>\n<p>Tr\u01b0\u1edbc HANNIBAL<\/p>\n<p>Tr\u01b0\u1edbc S\u1ef0 IM L\u1eb6NG C\u1ee6A B\u1ea6Y C\u1eeaU<\/p>\n<p>Tr\u01b0\u1edbc R\u1ed2NG \u0110\u1ece<\/p>\n<p>M\u1ed9t \u0111\u1ee9a tr\u1ebb \u0111\u00e3 s\u1ed1ng s\u00f3t qua n\u1ed7i kinh ho\u00e0ng Th\u1ebf chi\u1ebfn, qua nh\u1eefng k\u1ebb \u0103n x\u00e1c, qua s\u1ef1 t\u00e0n b\u1ea1o man r\u1ee3 c\u1ee7a chi\u1ebfn tranh. N\u00f3 \u0111\u1ee9ng trong tuy\u1ebft, ho\u00e0n to\u00e0n \u0111\u01a1n \u0111\u1ed9c khi th\u1ebf gi\u1edbi ch\u00ecm trong m\u00e1u, b\u0103ng gi\u00e1 v\u00e0 tro t\u00e0n. \u0110\u1ee9a tr\u1ebb \u0111\u00e3 b\u01b0\u1edbc v\u00e0o m\u00f9a \u0111\u00f4ng \u0111\u1eb1ng \u0111\u1eb5ng c\u1ee7a l\u00f2ng m\u00ecnh v\u00e0 con qu\u00e1i v\u1eadt kh\u1ee7ng khi\u1ebfp nh\u1ea5t ti\u1ec3u thuy\u1ebft l\u1eabn m\u00e0n \u1ea3nh th\u1eddi hi\u1ec7n \u0111\u1ea1i \u1ea5y tr\u1ed7i d\u1eady: B\u00e1c s\u0129 Hannibal Lecter. Hannibal tr\u1ed7i d\u1eady \u0111\u00e3 gi\u1edbi thi\u1ec7u v\u1edbi ch\u00fang ta m\u1ed9t phi\u00ean b\u1ea3n tr\u1ebb h\u01a1n v\u00e0 gi\u00e0u c\u1ea3m x\u00fac h\u01a1n c\u1ee7a Hannibal Lecter, cho d\u00f9 c\u1ea3m x\u00fac \u0111\u00f3 ch\u1ec9 l\u00e0 l\u00f2ng h\u1eadn th\u00f9 v\u00e0 ph\u1ea3ng ph\u1ea5t m\u1ed9t t\u00ecnh y\u00eau kh\u00e1c th\u01b0\u1eddng th\u1eddi ni\u00ean thi\u1ebfu. Sau nh\u1eefng cu\u1ed9c s\u0103n l\u00f9ng \u0111\u1eabm m\u00e1u v\u00e0 tr\u1ea3 th\u00f9 t\u00e0n kh\u1ed1c v\u1eabn c\u00f2n nh\u00e2n danh c\u00f4ng l\u00fd c\u1ee7a h\u1eafn, ta hi\u1ec3u r\u1eb1ng t\u1eeb \u0111\u00f3 nh\u00e2n t\u00ednh c\u1ee7a h\u1eafn \u0111\u00e3 b\u1ecb r\u00fat c\u1ea1n, v\u00e0 c\u00e2u h\u1ecfi \u0111\u1eb7t ra kh\u00f4ng bao gi\u1edd c\u00f2n l\u00e0 H\u1eafn l\u00e0 ai? n\u1eefa m\u00e0 ph\u1ea3i l\u00e0 H\u1eafn l\u00e0 th\u1ee9 g\u00ec? Ngo\u00e0i l\u00e0 m\u1ed9t trong nh\u1eefng nh\u00e2n v\u1eadt v\u1eeba g\u00e2y khi\u1ebfp s\u1ee3 v\u1eeba \u0111\u01b0\u1ee3c y\u00eau th\u00edch b\u1eadc nh\u1ea5t th\u1ebf gi\u1edbi h\u01b0 c\u1ea5u ra, \u0111\u01b0\u01a1ng nhi\u00ean.<\/p>\n<p>GI\u1edaI THI\u1ec6U T\u00c1C GI\u1ea2:<\/p>\n<p>Thomas Harris l\u00e0 nh\u00e0 v\u0103n ki\u00eam bi\u00ean k\u1ecbch n\u1ed5i ti\u1ebfng ng\u01b0\u1eddi M\u1ef9. T\u00ean tu\u1ed5i Harris g\u1eafn li\u1ec1n v\u1edbi x\u00ea ri ti\u1ec3u thuy\u1ebft kinh d\u1ecb v\u1ec1 nh\u00e2n v\u1eadt n\u1ed5i ti\u1ebfng nh\u1ea5t c\u1ee7a \u00f4ng, Hannibal Lecter. Lecter \u0111\u1ee9ng th\u1ee9 t\u00e1m trong danh s\u00e1ch 100 nh\u00e2n v\u1eadt tuy\u1ec7t v\u1eddi nh\u1ea5t trong hai th\u1eadp k\u1ef7 t\u1eeb 1990 t\u1edbi 2010 do Entertainment Weekly b\u1ea7u ch\u1ecdn v\u00e0 \u0111\u1ee9ng \u0111\u1ea7u danh s\u00e1ch 100 nh\u00e2n v\u1eadt ph\u1ea3n di\u1ec7n do Vi\u1ec7n Phim M\u1ef9 b\u1ea7u ch\u1ecdn. T\u1ea5t c\u1ea3 c\u00e1c t\u00e1c ph\u1ea9m c\u1ee7a Harris \u0111\u1ec1u \u0111\u01b0\u1ee3c chuy\u1ec3n th\u1ec3 th\u00e0nh phim, v\u00e0 n\u1ed5i b\u1eadt nh\u1ea5t l\u00e0 b\u1ed9 phim S\u1ef1 im l\u1eb7ng c\u1ee7a b\u1ea7y c\u1eebu, m\u1ed9t trong ba b\u1ed9 phim trong l\u1ecbch s\u1eed Gi\u1ea3i th\u01b0\u1edfng Vi\u1ec7n H\u00e0n l\u00e2m c\u00e0n qu\u00e9t v\u1ec1 c\u1ea3 n\u0103m t\u01b0\u1ee3ng v\u00e0ng Oscar cho c\u00e1c h\u1ea1ng m\u1ee5c quan tr\u1ecdng nh\u1ea5t. C\u00e1c t\u00e1c ph\u1ea9m trong x\u00ea ri v\u1ec1 Hannibal: &#8211; R\u1ed3ng \u0110\u1ecf &#8211; S\u1ef1 im l\u1eb7ng c\u1ee7a b\u1ea7y c\u1eebu &#8211; Hannibal &#8211; Hannibal Tr\u1ed7i d\u1eady<\/p>\n","protected":false},"excerpt":{"rendered":"<p>Hannibal Tr\u1ed7i D\u1eady<\/p>\n<p>Hannibal Tr\u1ed7i d\u1eady \u201cM\u1ed9t tuy\u1ec7t ph\u1ea9m c\u1ee7a m\u00e1u v\u00e0 b\u1ea1o l\u1ef1c n\u01a1i nh\u1eefng n\u1ed7i kinh ho\u00e0ng c\u1ee7a chi\u1ebfn tranh \u0111\u01b0\u1ee3c mi\u00eau t\u1ea3 m\u1ed9t c\u00e1ch \u0111\u1eb9p \u0111\u1ebd, n\u1ebfu c\u00f3 th\u1ec3 d\u00f9ng t\u1eeb \u0111\u00f3, khi Hannibal bu\u1ed9c ph\u1ea3i tr\u1edf th\u00e0nh k\u1ebb \u0103n th\u1ecbt ng\u01b0\u1eddi m\u00e0 sau n\u00e0y s\u1ebd tr\u1edf th\u00e0nh th\u01b0\u01a1ng hi\u1ec7u c\u1ee7a h\u1eafn.\u201d- Independent &#8212;&#8212;&#8212;<\/p>\n<p>Tr\u01b0\u1edbc HANNIBAL<\/p>\n<p>Tr\u01b0\u1edbc S\u1ef0 IM L\u1eb6NG C\u1ee6A B\u1ea6Y C\u1eeaU<\/p>\n<p>Tr\u01b0\u1edbc R\u1ed2NG \u0110\u1ece<\/p>\n<p>M\u1ed9t \u0111\u1ee9a tr\u1ebb \u0111\u00e3 s\u1ed1ng s\u00f3t qua n\u1ed7i kinh ho\u00e0ng Th\u1ebf chi\u1ebfn, qua nh\u1eefng k\u1ebb \u0103n x\u00e1c, qua s\u1ef1 t\u00e0n b\u1ea1o man r\u1ee3 c\u1ee7a chi\u1ebfn tranh. N\u00f3 \u0111\u1ee9ng trong tuy\u1ebft, ho\u00e0n to\u00e0n \u0111\u01a1n \u0111\u1ed9c khi th\u1ebf gi\u1edbi ch\u00ecm trong m\u00e1u, b\u0103ng gi\u00e1 v\u00e0 tro t\u00e0n. \u0110\u1ee9a tr\u1ebb \u0111\u00e3 b\u01b0\u1edbc v\u00e0o m\u00f9a \u0111\u00f4ng \u0111\u1eb1ng \u0111\u1eb5ng c\u1ee7a l\u00f2ng m\u00ecnh v\u00e0 con qu\u00e1i v\u1eadt kh\u1ee7ng khi\u1ebfp nh\u1ea5t ti\u1ec3u thuy\u1ebft l\u1eabn m\u00e0n \u1ea3nh th\u1eddi hi\u1ec7n \u0111\u1ea1i \u1ea5y tr\u1ed7i d\u1eady: B\u00e1c s\u0129 Hannibal Lecter. Hannibal tr\u1ed7i d\u1eady \u0111\u00e3 gi\u1edbi thi\u1ec7u v\u1edbi ch\u00fang ta m\u1ed9t phi\u00ean b\u1ea3n tr\u1ebb h\u01a1n v\u00e0 gi\u00e0u c\u1ea3m x\u00fac h\u01a1n c\u1ee7a Hannibal Lecter, cho d\u00f9 c\u1ea3m x\u00fac \u0111\u00f3 ch\u1ec9 l\u00e0 l\u00f2ng h\u1eadn th\u00f9 v\u00e0 ph\u1ea3ng ph\u1ea5t m\u1ed9t t\u00ecnh y\u00eau kh\u00e1c th\u01b0\u1eddng th\u1eddi ni\u00ean thi\u1ebfu. Sau nh\u1eefng cu\u1ed9c s\u0103n l\u00f9ng \u0111\u1eabm m\u00e1u v\u00e0 tr\u1ea3 th\u00f9 t\u00e0n kh\u1ed1c v\u1eabn c\u00f2n nh\u00e2n danh c\u00f4ng l\u00fd c\u1ee7a h\u1eafn, ta hi\u1ec3u r\u1eb1ng t\u1eeb \u0111\u00f3 nh\u00e2n t\u00ednh c\u1ee7a h\u1eafn \u0111\u00e3 b\u1ecb r\u00fat c\u1ea1n, v\u00e0 c\u00e2u h\u1ecfi \u0111\u1eb7t ra kh\u00f4ng bao gi\u1edd c\u00f2n l\u00e0 H\u1eafn l\u00e0 ai? n\u1eefa m\u00e0 ph\u1ea3i l\u00e0 H\u1eafn l\u00e0 th\u1ee9 g\u00ec? Ngo\u00e0i l\u00e0 m\u1ed9t trong nh\u1eefng nh\u00e2n v\u1eadt v\u1eeba g\u00e2y khi\u1ebfp s\u1ee3 v\u1eeba \u0111\u01b0\u1ee3c y\u00eau th\u00edch b\u1eadc nh\u1ea5t th\u1ebf gi\u1edbi h\u01b0 c\u1ea5u ra, \u0111\u01b0\u01a1ng nhi\u00ean.<\/p>\n","protected":false},"featured_media":10357,"template":"","meta":{"_acf_changed":false},"product_brand":[],"product_cat":[15,72],"product_tag":[],"class_list":{"0":"post-10359","1":"product","2":"type-product","3":"status-publish","4":"has-post-thumbnail","6":"product_cat-sach-danh-cho-nguoi-lon","7":"product_cat-trinh-tham-kinh-di","9":"first","10":"outofstock","11":"taxable","12":"shipping-taxable","13":"purchasable","14":"product-type-simple"},"supplier_id":null,"supplier_sku":"","barcode":null,"atum_controlled":true,"out_stock_date":"2021-06-03 19:45:17","out_stock_threshold":null,"inheritable":false,"inbound_stock":0,"stock_on_hold":0,"sold_today":0,"sales_last_days":0,"reserved_stock":0,"customer_returns":0,"warehouse_damage":0,"lost_in_post":0,"other_logs":0,"out_stock_days":1700,"lost_sales":3397,"has_location":false,"update_date":"2026-01-28T23:11:27","atum_locations":[],"atum_stock_status":"outofstock","restock_status":false,"low_stock_amount":"","sales_update_date":"2026-01-28T23:11:27","calc_backorders":null,"acf":{"publisher":{"ID":1424,"post_author":"1","post_date":"2021-02-17 00:02:29","post_date_gmt":"2021-02-16 22:02:29","post_content":"<!-- wp:flatsome\/uxbuilder -->\n<h1 style=\"text-align: center\"><strong>Nh\u00e3 Nam<\/strong><\/h1>\n[row]\n\n[col span=\"6\" span__sm=\"12\"]\n\n[ux_image id=\"1438\" image_size=\"medium\"]\n\n\n[\/col]\n[col span=\"6\" span__sm=\"12\"]\n\n<p><strong>C\u00f4ng ty c\u1ed5 ph\u1ea7n V\u0103n h\u00f3a v\u00e0 Truy\u1ec1n th\u00f4ng Nh\u00e3 Nam<\/strong><\/p>\n<p>Th\u00e1ng 2 n\u0103m 2005, Nh\u00e3 Nam, t\u00ean \u0111\u1ea7y \u0111\u1ee7 l\u00e0 C\u00f4ng ty C\u1ed5 ph\u1ea7n V\u0103n h\u00f3a v\u00e0 Truy\u1ec1n th\u00f4ng Nh\u00e3 Nam \u0111\u00e3 gia nh\u1eadp th\u1ecb tr\u01b0\u1eddng s\u00e1ch. T\u00e1c ph\u1ea9m \"Balzac v\u00e0 c\u00f4 b\u00e9 th\u1ee3 may Trung hoa\" c\u1ee7a \u0110\u1edbi T\u01b0 Ki\u1ec7t l\u00e0 cu\u1ed1n s\u00e1ch \u0111\u1ea7u ti\u00ean \u0111\u01b0\u1ee3c nh\u1eefng ng\u01b0\u1eddi s\u00e1ng l\u1eadp Nh\u00e3 Nam xu\u1ea5t b\u1ea3n c\u1ea3 tr\u01b0\u1edbc khi c\u00f4ng ty ra \u0111\u1eddi. Ngay l\u1eadp t\u1ee9c t\u1eeb cu\u1ed1n s\u00e1ch \u0111\u1ea7u ti\u00ean, \u0111\u1ed9c gi\u1ea3 \u0111\u00e3 d\u00e0nh s\u1ef1 quan t\u00e2m v\u00e0 y\u00eau m\u1ebfn cho m\u1ed9t th\u01b0\u01a1ng hi\u1ec7u s\u00e1ch m\u1edbi m\u1ebb mang trong m\u00ecnh kh\u00e1t v\u1ecdng g\u00f3p ph\u1ea7n t\u1ea1o l\u1eadp di\u1ec7n m\u1ea1o m\u1edbi cho xu\u1ea5t b\u1ea3n v\u0103n h\u1ecdc t\u1ea1i Vi\u1ec7t Nam.<\/p>\n<p>L\u00f2ng say m\u00ea c\u1ee7a \u0111\u1ed9i ng\u0169 l\u00e0 vi\u00ean \u0111\u00e1 \u0111\u1ea7u ti\u00ean. Tr\u1ea3i qua m\u1ea5y n\u0103m ph\u00e1t tri\u1ec3n, Nh\u00e3 Nam \u0111\u00e3 \u0111\u01b0\u1ee3c x\u00e2y d\u1ef1ng d\u1ea7n l\u00ean trong di\u1ec7n m\u1ea1o m\u1ed9t nh\u00e0 xu\u1ea5t b\u1ea3n v\u1eefng ch\u00e3i v\u00e0 chuy\u00ean nghi\u1ec7p. S\u00e1u th\u00e1ng sau khi th\u00e0nh l\u1eadp c\u00f4ng ty, Nh\u1eadt k\u00fd \u0110\u1eb7ng Th\u00f9y Tr\u00e2m ra \u0111\u1eddi, t\u1ea1o n\u00ean m\u1ed9t c\u01a1n s\u1ed1t trong x\u00e3 h\u1ed9i, v\u1edbi g\u1ea7n 500,000 b\u1ea3n s\u00e1ch \u0111\u01b0\u1ee3c ph\u00e1t h\u00e0nh, ph\u00e1 m\u1ecdi k\u1ef7 l\u1ee5c v\u1ec1 xu\u1ea5t b\u1ea3n tr\u01b0\u1edbc \u0111\u00f3, k\u00e9o theo m\u1ed9t lo\u1ea1t nh\u1eefng hi\u1ec7u \u1ee9ng x\u00e3 h\u1ed9i v\u00e0 d\u01b0 lu\u1eadn c\u00f3 \u00fd ngh\u0129a. T\u1eeb \u0111\u00f3 tr\u1edf \u0111i, th\u00f4ng qua Nh\u00e3 Nam, c\u00e1c cu\u1ed1n s\u00e1ch v\u0103n h\u1ecdc n\u01b0\u1edbc ngo\u00e0i c\u00f3 gi\u00e1 tr\u1ecb \u0111\u01b0\u1ee3c li\u00ean t\u1ee5c mua b\u1ea3n quy\u1ec1n v\u00e0 xu\u1ea5t b\u1ea3n t\u1ea1i Vi\u1ec7t Nam, thu h\u00fat nhi\u1ec1u t\u1ea7ng l\u1edbp \u0111\u1ed9c gi\u1ea3. S\u00e1ch c\u1ee7a Nh\u00e3 Nam n\u1ed5i b\u1eadt b\u1edfi n\u1ed9i dung v\u0103n h\u1ecdc tinh t\u1ebf, b\u1edfi v\u1ebb \u0111\u1eb9p c\u1ee7a thi\u1ebft k\u1ebf hi\u1ec7n \u0111\u1ea1i \u1edf h\u00ecnh th\u1ee9c, b\u1edfi s\u1ef1 ch\u0103m ch\u00fat k\u1ef9 l\u01b0\u1ee1ng cho m\u1ed7i cu\u1ed1n s\u00e1ch nh\u01b0 m\u1ed9t con thuy\u1ec1n mang t\u1edbi ni\u1ec1m vui, tri th\u1ee9c, ng\u1ea1c nhi\u00ean, v\u00e0 \u0111\u1ed3ng c\u1ea3m.<\/p>\n\n[\/col]\n\n[\/row]\n<p style=\"text-align: left\">Hi\u1ec3u th\u1eddi \u0111\u1ea1i \u0111ang s\u1ed1ng th\u00f4ng qua s\u00e1ch, song h\u00e0nh v\u1edbi nh\u1eefng bi\u1ebfn chuy\u1ec3n s\u00e2u s\u1eafc trong l\u00f2ng x\u00e3 h\u1ed9i b\u1eb1ng nh\u1eefng ho\u1ea1t \u0111\u1ed9ng xu\u1ea5t b\u1ea3n mi\u1ec7t m\u00e0i v\u00e0 qu\u1ea3 c\u1ea3m, con \u0111\u01b0\u1eddng Nh\u00e3 Nam \u0111\u00e3 ch\u1ecdn \u0111\u1ec3 \u0111i s\u1ebd c\u00f2n d\u00e0i. Nhi\u1ec1u kh\u00f3 kh\u0103n, th\u1eed th\u00e1ch \u0111ang \u1edf ph\u00eda tr\u01b0\u1edbc. B\u01b0\u1edbc qua th\u1eddi k\u1ef3 s\u01a1 khai v\u1edbi nh\u1eefng b\u00e0i h\u1ecdc v\u00e0 nh\u1eefng kinh nghi\u1ec7m \u0111\u1ea7u ti\u00ean, Nh\u00e3 Nam gi\u1edd \u0111\u00e3 s\u1eb5n s\u00e0ng cho m\u1ed9t ch\u1eb7ng \u0111\u01b0\u1eddng ph\u00e1t tri\u1ec3n m\u1edbi. V\u00e0 ch\u00fang t\u00f4i mu\u1ed1n ho\u00e0n thi\u1ec7n m\u00ecnh trong s\u1ef1 c\u1ea7u th\u1ecb v\u00e0 c\u1ea9n tr\u1ecdng. T\u1ea5t c\u1ea3 v\u00ec m\u1ed9t gia s\u1ea3n s\u00e1ch to l\u1edbn, c\u00f3 s\u1ee9c s\u1ed1ng d\u00e0i l\u00e2u, c\u00f3 \u00fd ngh\u0129a v\u1edbi nhi\u1ec1u th\u1ebf h\u1ec7 b\u1ea1n \u0111\u1ecdc.<br \/>B\u1edfi v\u00ec s\u00e1ch l\u00e0 th\u1ebf gi\u1edbi.<\/p>\n<p><strong>\u0110\u00e2y l\u00e0 m\u1ed9t nh\u00e0 ph\u00e1t h\u00e0nh s\u00e1ch m\u00e0 SACHVIET.EU r\u1ea5t y\u00eau th\u00edch v\u00e0 tin t\u01b0\u1edfng. Nh\u00ecn \u0111\u01b0\u1ee3c t\u1ea7m \u1ea3nh h\u01b0\u1edfng c\u1ee7a Nh\u00e3 Nam qua t\u1eebng cu\u1ed1n s\u00e1ch, SACHVIET.EU li\u00ean h\u1ec7 h\u1ee3p t\u00e1c ngay v\u1edbi Nh\u00e3 Nam \u0111\u1ec3 \u0111em to\u00e0n b\u1ed9 nh\u1eefng t\u00e1c ph\u1ea9m m\u1edbi, hay nh\u1ea5t m\u00e0 Nh\u00e3 Nam c\u00f3 sang Ch\u00e2u \u00c2u, \u0111\u01b0a \u0111\u1ebfn cho \u0111\u1ed9c gi\u1ea3 c\u00f3 nhi\u1ec1u s\u1ef1 l\u1ef1a ch\u1ecdn phong ph\u00fa h\u01a1n c\u1ea3 s\u00e1ch cho tr\u1ebb em l\u1eabn ng\u01b0\u1eddi l\u1edbn.\u00a0<\/strong><\/p>\n\n<!-- \/wp:flatsome\/uxbuilder -->","post_title":"Nh\u00e3 Nam","post_excerpt":"","post_status":"publish","comment_status":"closed","ping_status":"closed","post_password":"","post_name":"nha-nam","to_ping":"","pinged":"","post_modified":"2022-12-19 23:15:33","post_modified_gmt":"2022-12-19 21:15:33","post_content_filtered":"","post_parent":0,"guid":"https:\/\/sachviet.eu\/?post_type=publisher&#038;p=1424","menu_order":0,"post_type":"publisher","post_mime_type":"","comment_count":"0","filter":"raw"}},"_links":{"self":[{"href":"https:\/\/sachviet.eu\/en\/wp-json\/wp\/v2\/product\/10359","targetHints":{"allow":["GET"]}}],"collection":[{"href":"https:\/\/sachviet.eu\/en\/wp-json\/wp\/v2\/product"}],"about":[{"href":"https:\/\/sachviet.eu\/en\/wp-json\/wp\/v2\/types\/product"}],"wp:featuredmedia":[{"embeddable":true,"href":"https:\/\/sachviet.eu\/en\/wp-json\/wp\/v2\/media\/10357"}],"wp:attachment":[{"href":"https:\/\/sachviet.eu\/en\/wp-json\/wp\/v2\/media?parent=10359"}],"wp:term":[{"taxonomy":"product_brand","embeddable":true,"href":"https:\/\/sachviet.eu\/en\/wp-json\/wp\/v2\/product_brand?post=10359"},{"taxonomy":"product_cat","embeddable":true,"href":"https:\/\/sachviet.eu\/en\/wp-json\/wp\/v2\/product_cat?post=10359"},{"taxonomy":"product_tag","embeddable":true,"href":"https:\/\/sachviet.eu\/en\/wp-json\/wp\/v2\/product_tag?post=10359"}],"curies":[{"name":"wp","href":"https:\/\/api.w.org\/{rel}","templated":true}]}}