{"id":10328,"date":"2021-06-02T18:55:14","date_gmt":"2021-06-02T15:55:14","guid":{"rendered":"https:\/\/sachviet.eu\/shop\/bo-sach-momo-chu-be-qua-dao-phan-1-set-10-quyen\/"},"modified":"2021-10-27T16:56:38","modified_gmt":"2021-10-27T13:56:38","slug":"bo-sach-momo-chu-be-qua-dao-phan-1-set-10-quyen","status":"publish","type":"product","link":"https:\/\/sachviet.eu\/en\/shop\/bo-sach-momo-chu-be-qua-dao-phan-1-set-10-quyen\/","title":{"rendered":"B\u1ed9 s\u00e1ch Momo ch\u00fa b\u00e9 qu\u1ea3 \u0111\u00e0o\u00a0&#8211;\u00a0Ph\u1ea7n\u00a01 &#8211; Set 10 quy\u1ec3n"},"content":{"rendered":"<p>Ehon l\u00e0 s\u00e1ch tranh d\u00e0nh cho l\u1ee9a tu\u1ed5i t\u1eeb 0 \u2013 10. Ehon \u0111\u01b0\u1ee3c v\u00ed nh\u01b0 th\u1ef1c ph\u1ea9m c\u1ee7a t\u00e2m h\u1ed3n, th\u00f3i quen \u0111\u1ecdc Ehon cho con nghe \u0111\u01b0\u1ee3c v\u00ed nh\u01b0 b\u1eefa \u0103n h\u00e0ng ng\u00e0y cha m\u1eb9 Nh\u1eadt \u0111\u1ec3 nu\u00f4i d\u01b0\u1ee1ng t\u00e2m h\u1ed3n v\u00e0 tr\u00ed tu\u1ec7 cho con.<\/p>\n<p>\u0110\u1ecdc Ehon ch\u00ednh l\u00e0 c\u00e1ch cha m\u1eb9 Nh\u1eadt th\u1ec3 hi\u1ec7n t\u00ecnh y\u00eau th\u01b0\u01a1ng, gi\u00fap con ph\u00e1t tri\u1ec3n ng\u00f4n ng\u1eef, tr\u00ed t\u01b0\u1edfng t\u01b0\u1ee3ng v\u00e0 nu\u00f4i d\u01b0\u1ee1ng t\u00e2m h\u1ed3n phong ph\u00fa. Ehon c\u00f3 m\u1eb7t trong t\u1ee7 s\u00e1ch c\u1ee7a m\u1ecdi gia \u0111\u00ecnh v\u00e0 \u1edf th\u01b0 vi\u1ec7n tr\u00ean kh\u1eafp n\u01b0\u1edbc Nh\u1eadt, l\u00e0 ng\u01b0\u1eddi b\u1ea1n \u0111\u1ed3ng h\u00e0nh v\u1edbi tr\u1ebb trong su\u1ed1t nh\u1eefng n\u0103m th\u00e1ng \u1ea5u th\u01a1.<\/p>\n<p>T\u00e2m h\u1ed3n tr\u1ebb \u0111\u01b0\u1ee3c nu\u00f4i d\u01b0\u1ee1ng th\u00f4ng qua t\u00ecnh y\u00eau c\u1ee7a cha m\u1eb9, t\u00ecnh c\u1ea3m v\u1edbi ng\u01b0\u1eddi th\u00e2n, qua b\u00e0i h\u1ecdc \u0111\u1ebfn t\u1eeb nh\u1eefng c\u00e2u chuy\u1ec7n trong s\u00e1ch, qua t\u00ecnh hu\u1ed1ng \u1ee9ng x\u1eed h\u00e0ng ng\u00e0y\u2026 Truy\u1ec7n c\u00f3 tranh minh h\u1ecda d\u00e0nh cho tr\u1ebb em ch\u00ednh l\u00e0 m\u1ed9t trong nh\u1eefng ng\u01b0\u1eddi b\u1ea1n t\u1ed1t nh\u1ea5t \u0111\u1ec3 d\u1ea1y cho tr\u1ebb v\u1ec1 t\u00e2m h\u1ed3n v\u00e0 tr\u00ed t\u01b0\u1edfng t\u01b0\u1ee3ng. \u0110\u00f3 c\u0169ng ch\u00ednh l\u00e0 l\u00ed do v\u00ec sao m\u00e0 cha m\u1eb9 Nh\u1eadt ai c\u0169ng \u0111\u1ecdc Ehon cho con m\u00ecnh, t\u1eeb \u0111\u00f3 m\u1ed1i quan h\u1ec7 c\u1ee7a cha m\u1eb9 v\u00e0 con c\u00e1i tr\u1edf n\u00ean r\u1ea5t g\u1eafn k\u1ebft. Th\u1eddi k\u00ec \u1ea5u th\u01a1 l\u00e0 th\u1eddi k\u00ec quan tr\u1ecdng nu\u00f4i d\u01b0\u1ee1ng tr\u00ed tu\u1ec7 v\u00e0 c\u1ea3m x\u00fac. Gi\u1ecdng n\u00f3i c\u1ee7a cha m\u1eb9, c\u00e1ch tr\u00f2 chuy\u1ec7n c\u1ee7a cha m\u1eb9 s\u1ebd \u0111\u01b0\u1ee3c tr\u1ebb l\u01b0u nh\u1edb d\u1ea7n d\u1ea7n v\u00e0o trong n\u00e3o, khi \u0111\u00e3 l\u00ed gi\u1ea3i \u0111\u1ea7y \u0111\u1ee7 r\u1ed3i tr\u1ebb s\u1ebd bi\u1ec3u hi\u1ec7n n\u00f3 ra ngo\u00e0i. Ch\u00ednh v\u00ec th\u1ebf c\u00e0ng nghe \u0111\u01b0\u1ee3c ti\u1ebfng c\u1ee7a cha m\u1eb9 nhi\u1ec1u th\u00ec \u1ea5n t\u01b0\u1ee3ng trong n\u00e3o tr\u1ebb c\u00e0ng l\u1edbn, s\u1ee3 d\u00e2y li\u00ean h\u1ebft c\u00e0ng b\u1ec1n ch\u1eb7t.<\/p>\n<p>T\u1ea1i sao Ehon l\u1ea1i h\u1ea5p d\u1eabn c\u00e1c b\u1ea1n nh\u1ecf? B\u1edfi trong c\u00e1c cu\u1ed1n Ehon, ng\u00f4n ng\u1eef \u0111\u01b0\u1ee3c ch\u1eaft l\u1ecdc k\u0129 l\u01b0\u1ee1ng khi chuy\u1ec3n ng\u1eef, nh\u1eefng t\u1eeb t\u01b0\u1ee3ng h\u00ecnh, t\u01b0\u1ee3ng thanh \u0111\u01b0\u1ee3c l\u1eb7p l\u1ea1i, d\u01b0\u1edbi ng\u00f4n ng\u1eef bi\u1ec3u c\u1ea3m c\u1ee7a cha m\u1eb9 khi \u0111\u1ecdc t\u1ea1o n\u00ean nh\u1ea1c \u0111i\u1ec7u trong ng\u00f4n ng\u1eef khi\u1ebfn c\u00e1c b\u00e9 v\u00f4 c\u00f9ng  th\u00edch th\u00fa!<\/p>\n<p>C\u00e1c m\u1eb9 h\u00e3y c\u00f9ng ehon vui ch\u01a1i v\u1edbi b\u00e9 nh\u00e9 ^^<\/p>\n","protected":false},"excerpt":{"rendered":"<p>Ehon l\u00e0 s\u00e1ch tranh d\u00e0nh cho l\u1ee9a tu\u1ed5i t\u1eeb 0 \u2013 10. Ehon \u0111\u01b0\u1ee3c v\u00ed nh\u01b0 th\u1ef1c ph\u1ea9m c\u1ee7a t\u00e2m h\u1ed3n, th\u00f3i quen \u0111\u1ecdc Ehon cho con nghe \u0111\u01b0\u1ee3c v\u00ed nh\u01b0 b\u1eefa \u0103n h\u00e0ng ng\u00e0y cha m\u1eb9 Nh\u1eadt \u0111\u1ec3 nu\u00f4i d\u01b0\u1ee1ng t\u00e2m h\u1ed3n v\u00e0 tr\u00ed tu\u1ec7 cho con.<\/p>\n<p>\u0110\u1ecdc Ehon ch\u00ednh l\u00e0 c\u00e1ch cha m\u1eb9 Nh\u1eadt th\u1ec3 hi\u1ec7n t\u00ecnh y\u00eau th\u01b0\u01a1ng, gi\u00fap con ph\u00e1t tri\u1ec3n ng\u00f4n ng\u1eef, tr\u00ed t\u01b0\u1edfng t\u01b0\u1ee3ng v\u00e0 nu\u00f4i d\u01b0\u1ee1ng t\u00e2m h\u1ed3n phong ph\u00fa. Ehon c\u00f3 m\u1eb7t trong t\u1ee7 s\u00e1ch c\u1ee7a m\u1ecdi gia \u0111\u00ecnh v\u00e0 \u1edf th\u01b0 vi\u1ec7n tr\u00ean kh\u1eafp n\u01b0\u1edbc Nh\u1eadt, l\u00e0 ng\u01b0\u1eddi b\u1ea1n \u0111\u1ed3ng h\u00e0nh v\u1edbi tr\u1ebb trong su\u1ed1t nh\u1eefng n\u0103m th\u00e1ng \u1ea5u th\u01a1.<\/p>\n<p>T\u00e2m h\u1ed3n tr\u1ebb \u0111\u01b0\u1ee3c nu\u00f4i d\u01b0\u1ee1ng th\u00f4ng qua t\u00ecnh y\u00eau c\u1ee7a cha m\u1eb9, t\u00ecnh c\u1ea3m v\u1edbi ng\u01b0\u1eddi th\u00e2n, qua b\u00e0i h\u1ecdc \u0111\u1ebfn t\u1eeb nh\u1eefng c\u00e2u chuy\u1ec7n trong s\u00e1ch, qua t\u00ecnh hu\u1ed1ng \u1ee9ng x\u1eed h\u00e0ng ng\u00e0y\u2026 Truy\u1ec7n c\u00f3 tranh minh h\u1ecda d\u00e0nh cho tr\u1ebb em ch\u00ednh l\u00e0 m\u1ed9t trong nh\u1eefng ng\u01b0\u1eddi b\u1ea1n t\u1ed1t nh\u1ea5t \u0111\u1ec3 d\u1ea1y cho tr\u1ebb v\u1ec1 t\u00e2m h\u1ed3n v\u00e0 tr\u00ed t\u01b0\u1edfng t\u01b0\u1ee3ng. \u0110\u00f3 c\u0169ng ch\u00ednh l\u00e0 l\u00ed do v\u00ec sao m\u00e0 cha m\u1eb9 Nh\u1eadt ai c\u0169ng \u0111\u1ecdc Ehon cho con m\u00ecnh, t\u1eeb \u0111\u00f3 m\u1ed1i quan h\u1ec7 c\u1ee7a cha m\u1eb9 v\u00e0 con c\u00e1i tr\u1edf n\u00ean r\u1ea5t g\u1eafn k\u1ebft. Th\u1eddi k\u00ec \u1ea5u th\u01a1 l\u00e0 th\u1eddi k\u00ec quan tr\u1ecdng nu\u00f4i d\u01b0\u1ee1ng tr\u00ed tu\u1ec7 v\u00e0 c\u1ea3m x\u00fac. Gi\u1ecdng n\u00f3i c\u1ee7a cha m\u1eb9, c\u00e1ch tr\u00f2 chuy\u1ec7n c\u1ee7a cha m\u1eb9 s\u1ebd \u0111\u01b0\u1ee3c tr\u1ebb l\u01b0u nh\u1edb d\u1ea7n d\u1ea7n v\u00e0o trong n\u00e3o, khi \u0111\u00e3 l\u00ed gi\u1ea3i \u0111\u1ea7y \u0111\u1ee7 r\u1ed3i tr\u1ebb s\u1ebd bi\u1ec3u hi\u1ec7n n\u00f3 ra ngo\u00e0i. Ch\u00ednh v\u00ec th\u1ebf c\u00e0ng nghe \u0111\u01b0\u1ee3c ti\u1ebfng c\u1ee7a cha m\u1eb9 nhi\u1ec1u th\u00ec \u1ea5n t\u01b0\u1ee3ng trong n\u00e3o tr\u1ebb c\u00e0ng l\u1edbn, s\u1ee3 d\u00e2y li\u00ean h\u1ebft c\u00e0ng b\u1ec1n ch\u1eb7t.<\/p>\n<p>T\u1ea1i sao Ehon l\u1ea1i h\u1ea5p d\u1eabn c\u00e1c b\u1ea1n nh\u1ecf? B\u1edfi trong c\u00e1c cu\u1ed1n Ehon, ng\u00f4n ng\u1eef \u0111\u01b0\u1ee3c ch\u1eaft l\u1ecdc k\u0129 l\u01b0\u1ee1ng khi chuy\u1ec3n ng\u1eef, nh\u1eefng t\u1eeb t\u01b0\u1ee3ng h\u00ecnh, t\u01b0\u1ee3ng thanh \u0111\u01b0\u1ee3c l\u1eb7p l\u1ea1i, d\u01b0\u1edbi ng\u00f4n ng\u1eef bi\u1ec3u c\u1ea3m c\u1ee7a cha m\u1eb9 khi \u0111\u1ecdc t\u1ea1o n\u00ean nh\u1ea1c \u0111i\u1ec7u trong ng\u00f4n ng\u1eef khi\u1ebfn c\u00e1c b\u00e9 v\u00f4 c\u00f9ng  th\u00edch th\u00fa!<\/p>\n<p>C\u00e1c m\u1eb9 h\u00e3y c\u00f9ng ehon vui ch\u01a1i v\u1edbi b\u00e9 nh\u00e9 ^^<\/p>\n","protected":false},"featured_media":10325,"template":"","meta":{"_acf_changed":false},"product_brand":[],"product_cat":[24,17],"product_tag":[],"class_list":{"0":"post-10328","1":"product","2":"type-product","3":"status-publish","4":"has-post-thumbnail","6":"product_cat-nha-tre-mau-giao-0-tuoi-6-tuoi","7":"product_cat-sach-danh-cho-cac-be","9":"first","10":"instock","11":"taxable","12":"shipping-taxable","13":"purchasable","14":"product-type-simple"},"supplier_id":null,"supplier_sku":"","barcode":null,"atum_controlled":true,"out_stock_date":null,"out_stock_threshold":null,"inheritable":false,"inbound_stock":2,"stock_on_hold":0,"sold_today":0,"sales_last_days":0,"reserved_stock":0,"customer_returns":0,"warehouse_damage":0,"lost_in_post":0,"other_logs":0,"out_stock_days":0,"lost_sales":0,"has_location":false,"update_date":"2026-01-28T23:10:46","atum_locations":[],"atum_stock_status":"instock","restock_status":false,"low_stock_amount":"","sales_update_date":"2026-01-28T23:10:46","calc_backorders":null,"acf":{"publisher":{"ID":1474,"post_author":"1","post_date":"2021-02-17 01:12:51","post_date_gmt":"2021-02-16 23:12:51","post_content":"","post_title":"Th\u00e1i H\u00e0","post_excerpt":"","post_status":"publish","comment_status":"closed","ping_status":"closed","post_password":"","post_name":"thai-ha","to_ping":"","pinged":"","post_modified":"2021-02-17 01:12:51","post_modified_gmt":"2021-02-16 23:12:51","post_content_filtered":"","post_parent":0,"guid":"https:\/\/sachviet.eu\/nha-phat-hanh\/thai-ha\/","menu_order":0,"post_type":"publisher","post_mime_type":"","comment_count":"0","filter":"raw"}},"_links":{"self":[{"href":"https:\/\/sachviet.eu\/en\/wp-json\/wp\/v2\/product\/10328","targetHints":{"allow":["GET"]}}],"collection":[{"href":"https:\/\/sachviet.eu\/en\/wp-json\/wp\/v2\/product"}],"about":[{"href":"https:\/\/sachviet.eu\/en\/wp-json\/wp\/v2\/types\/product"}],"wp:featuredmedia":[{"embeddable":true,"href":"https:\/\/sachviet.eu\/en\/wp-json\/wp\/v2\/media\/10325"}],"wp:attachment":[{"href":"https:\/\/sachviet.eu\/en\/wp-json\/wp\/v2\/media?parent=10328"}],"wp:term":[{"taxonomy":"product_brand","embeddable":true,"href":"https:\/\/sachviet.eu\/en\/wp-json\/wp\/v2\/product_brand?post=10328"},{"taxonomy":"product_cat","embeddable":true,"href":"https:\/\/sachviet.eu\/en\/wp-json\/wp\/v2\/product_cat?post=10328"},{"taxonomy":"product_tag","embeddable":true,"href":"https:\/\/sachviet.eu\/en\/wp-json\/wp\/v2\/product_tag?post=10328"}],"curies":[{"name":"wp","href":"https:\/\/api.w.org\/{rel}","templated":true}]}}