{"id":10315,"date":"2021-06-02T18:54:39","date_gmt":"2021-06-02T15:54:39","guid":{"rendered":"https:\/\/sachviet.eu\/shop\/viet-nam-doc-mien-du-ky-tap-1-ban-dac-biet-bia-cung\/"},"modified":"2023-06-08T23:45:01","modified_gmt":"2023-06-08T20:45:01","slug":"viet-nam-doc-mien-du-ky-tap-1-ban-dac-biet-bia-cung","status":"publish","type":"product","link":"https:\/\/sachviet.eu\/en\/shop\/viet-nam-doc-mien-du-ky-tap-1-ban-dac-biet-bia-cung\/","title":{"rendered":"Vi\u1ec7t Nam D\u1ecdc Mi\u1ec1n Du K\u00fd &#8211; T\u1eadp 1 (B\u1ea3n \u0110\u1eb7c Bi\u1ec7t &#8211; B\u00eca C\u1ee9ng)"},"content":{"rendered":"<p>\u1ede \u0111\u1ed9 tu\u1ed5i n\u00e0o c\u0169ng v\u1eady, ta \u0111i \u0111\u1ec3 bi\u1ebft \u0111\u00f4i ch\u00e2n m\u00ecnh ch\u01b0a gi\u00e0, \u0111\u1ec3 th\u1ea5y l\u00f2ng reo vang c\u00f9ng nh\u1eefng thanh \u00e2m b\u1ea5t t\u1eadn c\u1ee7a thi\u00ean nhi\u00ean b\u00ed \u1ea9n nhi\u1ec7m m\u00e0u, \u0111\u1ec3 tr\u00e1i tim v\u00e0 nh\u1eefng t\u1ebf b\u00e0o c\u1ea3m x\u00fac \u0111\u01b0\u1ee3c rung \u0111\u1ed9ng theo v\u0169 kh\u00fac nh\u1ecbp nh\u00e0ng c\u1ee7a ng\u01b0\u1eddi d\u00e2n b\u1ea3n x\u1ee9 hay h\u01b0\u01a1ng v\u1ecb h\u1ea5p d\u1eabn c\u1ee7a nh\u1eefng m\u00f3n \u0103n mang \u0111\u1eadm b\u1ea3n s\u1eafc m\u1ed7i v\u00f9ng mi\u1ec1n, \u0111\u1ec3 l\u1ed3ng ng\u1ef1c r\u1ea1o r\u1ef1c nh\u1eefng y\u00eau th\u01b0\u01a1ng t\u1ef1 h\u00e0o, nh\u1eefng b\u1ed3i h\u1ed3i x\u1ed1n xang, v\u00e0 \u0111\u1ec3 khi tr\u1edf v\u1ec1, ta g\u00f3p v\u00e0o gia t\u00e0i c\u1ee7a ta m\u1ed9t h\u00e0nh trang \u0111\u00e1ng gi\u00e1 &#8211; h\u00e0nh trang gi\u1ee5c gi\u00e3 ta ng\u00e0y mai l\u1ea1i b\u01b0\u1edbc ti\u1ebfp l\u00ean \u0111\u01b0\u1eddng\u2026<\/p>\n<p>G\u00f3p nh\u1eb7t t\u1eebng m\u1ea9u chuy\u1ec7n, ch\u1ecdn l\u1ecdc t\u1eebng h\u00ecnh \u1ea3nh, t\u00e1c gi\u1ea3 L\u00ea Rin \u2013 th\u00f4ng qua g\u00f3c nh\u00ecn m\u1edbi m\u1ebb c\u1ee7a m\u1ed9t ng\u01b0\u1eddi tr\u1ebb v\u00e0 t\u00e0i n\u0103ng c\u1ee7a m\u1ed9t h\u1ecda s\u0129 \u2013 \u0111\u00e3 cho ra \u0111\u1eddi b\u1ed9 s\u00e1ch \u201cVi\u1ec7t Nam d\u1ecdc mi\u1ec1n du k\u00fd\u201d. Th\u00f4ng qua \u0111\u00f3, L\u00ea Rin chia s\u1ebb gia t\u00e0i c\u1ee7a m\u00ecnh cho b\u1ea5t k\u1ef3 ai mu\u1ed1n \u201cl\u00e0m gi\u00e0u\u201d t\u00e2m h\u1ed3n t\u1eeb nh\u1eefng s\u1ea3i ch\u00e2n d\u00e0i r\u1ed9ng.<\/p>\n<p>H\u00e0 Giang, C\u1ea7n Th\u01a1, Ninh Thu\u1eadn, Ph\u00fa Y\u00ean, H\u1ed9i An, Sa Pa\u2026 m\u1ed7i \u0111\u1ecba danh xu\u1ea5t hi\u1ec7n trong t\u1eadp 1 c\u1ee7a b\u1ed9 s\u00e1ch ch\u1eb3ng nh\u1eefng \u0111\u01b0\u1ee3c gi\u1edbi thi\u1ec7u b\u1eb1ng ng\u00f4n t\u1eeb m\u00e0 c\u00f2n \u0111\u01b0\u1ee3c v\u1ebd b\u1eb1ng m\u00e0u s\u1eafc, h\u00ecnh kh\u1ed1i ch\u00e2n th\u1ef1c, sinh \u0111\u1ed9ng v\u00e0 b\u1eaft m\u1eaft. Ng\u01b0\u1eddi ta n\u00f3i, \u0111\u00f3 l\u00e0 c\u00e1ch \u201ccheck \u2013 in\u201d \u0111i\u1ec7u ngh\u1ec7 c\u1ee7a t\u00e1c gi\u1ea3 \u0111\u1ed1i v\u1edbi m\u1ed7i m\u1ea3nh \u0111\u1ea5t m\u00e0 anh \u0111\u1eb7t ch\u00e2n \u0111\u1ebfn.<\/p>\n<p>Kh\u00f4ng d\u1eebng l\u1ea1i \u1edf phong c\u1ea3nh, trong \u201cVi\u1ec7t Nam d\u1ecdc mi\u1ec1n du k\u00fd\u201d t\u1eadp 1, L\u00ea Rin c\u00f2n \u0111i s\u00e2u khai th\u00e1c nh\u1eefng c\u00e2u chuy\u1ec7n v\u0103n h\u00f3a \u2013 ngh\u1ec7 thu\u1eadt \u2013 \u1ea9m th\u1ef1c m\u00e0 \u1edf \u0111\u00f3, n\u00e9t \u0111\u1eb9p lao \u0111\u1ed9ng c\u1ee7a con ng\u01b0\u1eddi ch\u00ednh l\u00e0 \u0111i\u1ec3m nh\u1ea5n. H\u1ecd c\u00f3 th\u1ec3 l\u00e0 nh\u1eefng ng\u01b0\u1eddi d\u00e2n ch\u1ea5t ph\u00e1c b\u00ecnh th\u01b0\u1eddng, c\u0169ng c\u00f3 th\u1ec3 l\u00e0 nh\u1eefng ngh\u1ec7 nh\u00e2n ngh\u1ec1 truy\u1ec1n th\u1ed1ng, nh\u01b0ng d\u00f9 l\u00e0 ai, h\u1ecd c\u0169ng \u0111\u00e3 k\u1ec3 m\u1ed9t c\u00e1ch ch\u00e2n th\u00e0nh v\u1ec1 qu\u00ea h\u01b0\u01a1ng, v\u1ec1 ni\u1ec1m t\u1ef1 h\u00e0o c\u1ee7a h\u1ecd.<\/p>\n<p>Gi\u1edd th\u00ec ch\u00fang ta h\u00e3y theo ch\u00e2n L\u00ea Rin, c\u00f9ng ng\u1eafm nh\u00ecn v\u1ebb \u0111\u1eb9p c\u1ee7a \u0111\u1ea5t n\u01b0\u1edbc \u2013 con ng\u01b0\u1eddi Vi\u1ec7t Nam qua nh\u1eefng trang s\u00e1ch ngh\u1ec7 thu\u1eadt trong \u201cVi\u1ec7t Nam d\u1ecdc mi\u1ec1n du k\u00fd\u201d t\u1eadp 1. Hi v\u1ecdng r\u1eb1ng cu\u1ed1n s\u00e1ch s\u1ebd s\u1edbm c\u00f3 trong ba l\u00f4 c\u1ee7a b\u1ea1n v\u00e0 lu\u00f4n l\u00e0 ng\u01b0\u1eddi b\u1ea1n th\u00e2n thi\u1ebft tr\u00ean h\u00e0nh tr\u00ecnh b\u1ea1n kh\u00e1m ph\u00e1 m\u1ea3nh \u0111\u1ea5t h\u00ecnh ch\u1eef S n\u00e0y.<\/p>\n","protected":false},"excerpt":{"rendered":"<p>\u1ede \u0111\u1ed9 tu\u1ed5i n\u00e0o c\u0169ng v\u1eady, ta \u0111i \u0111\u1ec3 bi\u1ebft \u0111\u00f4i ch\u00e2n m\u00ecnh ch\u01b0a gi\u00e0, \u0111\u1ec3 th\u1ea5y l\u00f2ng reo vang c\u00f9ng nh\u1eefng thanh \u00e2m b\u1ea5t t\u1eadn c\u1ee7a thi\u00ean nhi\u00ean b\u00ed \u1ea9n nhi\u1ec7m m\u00e0u, \u0111\u1ec3 tr\u00e1i tim v\u00e0 nh\u1eefng t\u1ebf b\u00e0o c\u1ea3m x\u00fac \u0111\u01b0\u1ee3c rung \u0111\u1ed9ng theo v\u0169 kh\u00fac nh\u1ecbp nh\u00e0ng c\u1ee7a ng\u01b0\u1eddi d\u00e2n b\u1ea3n x\u1ee9 hay h\u01b0\u01a1ng v\u1ecb h\u1ea5p d\u1eabn c\u1ee7a nh\u1eefng m\u00f3n \u0103n mang \u0111\u1eadm b\u1ea3n s\u1eafc m\u1ed7i v\u00f9ng mi\u1ec1n, \u0111\u1ec3 l\u1ed3ng ng\u1ef1c r\u1ea1o r\u1ef1c nh\u1eefng y\u00eau th\u01b0\u01a1ng t\u1ef1 h\u00e0o, nh\u1eefng b\u1ed3i h\u1ed3i x\u1ed1n xang, v\u00e0 \u0111\u1ec3 khi tr\u1edf v\u1ec1, ta g\u00f3p v\u00e0o gia t\u00e0i c\u1ee7a ta m\u1ed9t h\u00e0nh trang \u0111\u00e1ng gi\u00e1 &#8211; h\u00e0nh trang gi\u1ee5c gi\u00e3 ta ng\u00e0y mai l\u1ea1i b\u01b0\u1edbc ti\u1ebfp l\u00ean \u0111\u01b0\u1eddng\u2026<\/p>\n<p>G\u00f3p nh\u1eb7t t\u1eebng m\u1ea9u chuy\u1ec7n, ch\u1ecdn l\u1ecdc t\u1eebng h\u00ecnh \u1ea3nh, t\u00e1c gi\u1ea3 L\u00ea Rin \u2013 th\u00f4ng qua g\u00f3c nh\u00ecn m\u1edbi m\u1ebb c\u1ee7a m\u1ed9t ng\u01b0\u1eddi tr\u1ebb v\u00e0 t\u00e0i n\u0103ng c\u1ee7a m\u1ed9t h\u1ecda s\u0129 \u2013 \u0111\u00e3 cho ra \u0111\u1eddi b\u1ed9 s\u00e1ch \u201cVi\u1ec7t Nam d\u1ecdc mi\u1ec1n du k\u00fd\u201d. Th\u00f4ng qua \u0111\u00f3, L\u00ea Rin chia s\u1ebb gia t\u00e0i c\u1ee7a m\u00ecnh cho b\u1ea5t k\u1ef3 ai mu\u1ed1n \u201cl\u00e0m gi\u00e0u\u201d t\u00e2m h\u1ed3n t\u1eeb nh\u1eefng s\u1ea3i ch\u00e2n d\u00e0i r\u1ed9ng.<\/p>\n<p>H\u00e0 Giang, C\u1ea7n Th\u01a1, Ninh Thu\u1eadn, Ph\u00fa Y\u00ean, H\u1ed9i An, Sa Pa\u2026 m\u1ed7i \u0111\u1ecba danh xu\u1ea5t hi\u1ec7n trong t\u1eadp 1 c\u1ee7a b\u1ed9 s\u00e1ch ch\u1eb3ng nh\u1eefng \u0111\u01b0\u1ee3c gi\u1edbi thi\u1ec7u b\u1eb1ng ng\u00f4n t\u1eeb m\u00e0 c\u00f2n \u0111\u01b0\u1ee3c v\u1ebd b\u1eb1ng m\u00e0u s\u1eafc, h\u00ecnh kh\u1ed1i ch\u00e2n th\u1ef1c, sinh \u0111\u1ed9ng v\u00e0 b\u1eaft m\u1eaft. Ng\u01b0\u1eddi ta n\u00f3i, \u0111\u00f3 l\u00e0 c\u00e1ch \u201ccheck \u2013 in\u201d \u0111i\u1ec7u ngh\u1ec7 c\u1ee7a t\u00e1c gi\u1ea3 \u0111\u1ed1i v\u1edbi m\u1ed7i m\u1ea3nh \u0111\u1ea5t m\u00e0 anh \u0111\u1eb7t ch\u00e2n \u0111\u1ebfn.<\/p>\n<p>Kh\u00f4ng d\u1eebng l\u1ea1i \u1edf phong c\u1ea3nh, trong \u201cVi\u1ec7t Nam d\u1ecdc mi\u1ec1n du k\u00fd\u201d t\u1eadp 1, L\u00ea Rin c\u00f2n \u0111i s\u00e2u khai th\u00e1c nh\u1eefng c\u00e2u chuy\u1ec7n v\u0103n h\u00f3a \u2013 ngh\u1ec7 thu\u1eadt \u2013 \u1ea9m th\u1ef1c m\u00e0 \u1edf \u0111\u00f3, n\u00e9t \u0111\u1eb9p lao \u0111\u1ed9ng c\u1ee7a con ng\u01b0\u1eddi ch\u00ednh l\u00e0 \u0111i\u1ec3m nh\u1ea5n. H\u1ecd c\u00f3 th\u1ec3 l\u00e0 nh\u1eefng ng\u01b0\u1eddi d\u00e2n ch\u1ea5t ph\u00e1c b\u00ecnh th\u01b0\u1eddng, c\u0169ng c\u00f3 th\u1ec3 l\u00e0 nh\u1eefng ngh\u1ec7 nh\u00e2n ngh\u1ec1 truy\u1ec1n th\u1ed1ng, nh\u01b0ng d\u00f9 l\u00e0 ai, h\u1ecd c\u0169ng \u0111\u00e3 k\u1ec3 m\u1ed9t c\u00e1ch ch\u00e2n th\u00e0nh v\u1ec1 qu\u00ea h\u01b0\u01a1ng, v\u1ec1 ni\u1ec1m t\u1ef1 h\u00e0o c\u1ee7a h\u1ecd.<\/p>\n<p>Gi\u1edd th\u00ec ch\u00fang ta h\u00e3y theo ch\u00e2n L\u00ea Rin, c\u00f9ng ng\u1eafm nh\u00ecn v\u1ebb \u0111\u1eb9p c\u1ee7a \u0111\u1ea5t n\u01b0\u1edbc \u2013 con ng\u01b0\u1eddi Vi\u1ec7t Nam qua nh\u1eefng trang s\u00e1ch ngh\u1ec7 thu\u1eadt trong \u201cVi\u1ec7t Nam d\u1ecdc mi\u1ec1n du k\u00fd\u201d t\u1eadp 1. Hi v\u1ecdng r\u1eb1ng cu\u1ed1n s\u00e1ch s\u1ebd s\u1edbm c\u00f3 trong ba l\u00f4 c\u1ee7a b\u1ea1n v\u00e0 lu\u00f4n l\u00e0 ng\u01b0\u1eddi b\u1ea1n th\u00e2n thi\u1ebft tr\u00ean h\u00e0nh tr\u00ecnh b\u1ea1n kh\u00e1m ph\u00e1 m\u1ea3nh \u0111\u1ea5t h\u00ecnh ch\u1eef S n\u00e0y.<\/p>\n","protected":false},"featured_media":10309,"template":"","meta":{"_acf_changed":false},"product_brand":[],"product_cat":[15,42,47],"product_tag":[81],"class_list":{"0":"post-10315","1":"product","2":"type-product","3":"status-publish","4":"has-post-thumbnail","6":"product_cat-sach-danh-cho-nguoi-lon","7":"product_cat-sach-nau-an-am-thuc","8":"product_cat-truyen-ngan-tan-van","9":"product_tag-sach-gia-uu-dai","11":"first","12":"outofstock","13":"sale","14":"taxable","15":"shipping-taxable","16":"purchasable","17":"product-type-simple"},"supplier_id":null,"supplier_sku":"","barcode":null,"atum_controlled":true,"out_stock_date":"2023-06-08 20:45:01","out_stock_threshold":null,"inheritable":false,"inbound_stock":0,"stock_on_hold":0,"sold_today":0,"sales_last_days":0,"reserved_stock":0,"customer_returns":0,"warehouse_damage":0,"lost_in_post":0,"other_logs":0,"out_stock_days":965,"lost_sales":0,"has_location":false,"update_date":"2026-01-28T23:10:46","atum_locations":[],"atum_stock_status":"outofstock","restock_status":false,"low_stock_amount":"","sales_update_date":"2026-01-28T23:10:46","calc_backorders":null,"acf":{"publisher":{"ID":1474,"post_author":"1","post_date":"2021-02-17 01:12:51","post_date_gmt":"2021-02-16 23:12:51","post_content":"","post_title":"Th\u00e1i H\u00e0","post_excerpt":"","post_status":"publish","comment_status":"closed","ping_status":"closed","post_password":"","post_name":"thai-ha","to_ping":"","pinged":"","post_modified":"2021-02-17 01:12:51","post_modified_gmt":"2021-02-16 23:12:51","post_content_filtered":"","post_parent":0,"guid":"https:\/\/sachviet.eu\/nha-phat-hanh\/thai-ha\/","menu_order":0,"post_type":"publisher","post_mime_type":"","comment_count":"0","filter":"raw"}},"_links":{"self":[{"href":"https:\/\/sachviet.eu\/en\/wp-json\/wp\/v2\/product\/10315","targetHints":{"allow":["GET"]}}],"collection":[{"href":"https:\/\/sachviet.eu\/en\/wp-json\/wp\/v2\/product"}],"about":[{"href":"https:\/\/sachviet.eu\/en\/wp-json\/wp\/v2\/types\/product"}],"wp:featuredmedia":[{"embeddable":true,"href":"https:\/\/sachviet.eu\/en\/wp-json\/wp\/v2\/media\/10309"}],"wp:attachment":[{"href":"https:\/\/sachviet.eu\/en\/wp-json\/wp\/v2\/media?parent=10315"}],"wp:term":[{"taxonomy":"product_brand","embeddable":true,"href":"https:\/\/sachviet.eu\/en\/wp-json\/wp\/v2\/product_brand?post=10315"},{"taxonomy":"product_cat","embeddable":true,"href":"https:\/\/sachviet.eu\/en\/wp-json\/wp\/v2\/product_cat?post=10315"},{"taxonomy":"product_tag","embeddable":true,"href":"https:\/\/sachviet.eu\/en\/wp-json\/wp\/v2\/product_tag?post=10315"}],"curies":[{"name":"wp","href":"https:\/\/api.w.org\/{rel}","templated":true}]}}