{"id":10300,"date":"2021-06-02T18:53:34","date_gmt":"2021-06-02T15:53:34","guid":{"rendered":"https:\/\/sachviet.eu\/shop\/nguoi-ba-tai-gioi-vung-saga-tap-3\/"},"modified":"2023-10-09T09:16:05","modified_gmt":"2023-10-09T06:16:05","slug":"nguoi-ba-tai-gioi-vung-saga-tap-3","status":"publish","type":"product","link":"https:\/\/sachviet.eu\/en\/shop\/nguoi-ba-tai-gioi-vung-saga-tap-3\/","title":{"rendered":"Ng\u01b0\u1eddi B\u00e0 T\u00e0i Gi\u1ecfi V\u00f9ng Saga &#8211; T\u1eadp 3"},"content":{"rendered":"<p>Ng\u01b0\u1eddi b\u00e0 t\u00e0i gi\u1ecfi v\u00f9ng Saga 3 \u2013 K\u00ec ph\u00f9ng \u0111\u1ecbch th\u1ee7 xu\u1ea5t hi\u1ec7n!<\/p>\n<p>\u0110\u00e3 ba n\u0103m tr\u00f4i qua k\u1ec3 t\u1eeb ng\u00e0y Akihiro b\u1ecb m\u1eb9 \u201c\u0111\u1ea9y\u201d l\u00ean chuy\u1ebfn t\u00e0u \u0111\u1ebfn v\u1edbi v\u00f9ng \u0111\u1ea5t Saga ngh\u00e8o kh\u00f3. \u0110\u01b0\u1ee3c nu\u00f4i d\u1ea1y b\u1edfi b\u00e0n tay ng\u01b0\u1eddi b\u00e0 v\u1edbi \u201cni\u1ec1m tin s\u1eaft \u0111\u00e1\u201d v\u1ec1 c\u00e1i ngh\u00e8o th\u1eeba k\u1ebf t\u1eeb t\u1ed5 ti\u00ean, Akihiro t\u1eeb m\u1ed9t c\u1eadu nh\u00f3c th\u00e0nh ph\u1ed1 hay nh\u00f5ng nh\u1ebdo nay \u0111\u00e3 tr\u1edf th\u00e0nh m\u1ed9t \u0111\u1ee9a tr\u1ebb Saga \u0111\u00edch th\u1ef1c, tuy l\u00e9m l\u1ec9nh l\u00e1u c\u00e1 nh\u01b0ng l\u1ea1i v\u00f4 c\u00f9ng hi\u1ec3u chuy\u1ec7n.<\/p>\n<p>B\u01b0\u1edbc sang n\u0103m th\u1ee9 ba s\u1ed1ng \u1edf Saga, Akihiro ph\u1ea3i \u0111\u00f3n sinh nh\u1eadt 10 tu\u1ed5i trong c\u00e1i l\u1ea1nh c\u1ee7a m\u00f9a \u0111\u00f4ng kh\u1eafc nghi\u1ec7t nh\u1ea5t t\u1eeb tr\u01b0\u1edbc \u0111\u1ebfn nay. Nh\u01b0ng \u0111\u00e2y ch\u1eafc h\u1eb3n s\u1ebd l\u00e0 m\u1ed9t sinh nh\u1eadt kh\u00f3 qu\u00ean c\u1ee7a Akihiro khi nh\u1eadn \u0111\u01b0\u1ee3c m\u1ed9t m\u00f3n qu\u00e0 v\u00f4 c\u00f9ng b\u1ea5t ng\u1edd t\u1eeb c\u1eadu b\u1ea1n \u201cch\u00ed c\u1ed1t\u201d Nanri v\u00e0 nh\u1eefng ng\u01b0\u1eddi b\u1ea1n c\u00f9ng l\u1edbp.<\/p>\n<p>C\u0169ng trong n\u0103m n\u00e0y, Akihiro tham gia \u0111\u1ea1i h\u1ed9i th\u1ec3 thao c\u1ee7a tr\u01b0\u1eddng v\u1edbi quy\u1ebft t\u00e2m gi\u00e0nh h\u1ea1ng nh\u1ea5t \u1edf cu\u1ed9c thi ch\u1ea1y. Sau bao th\u00e1ng ng\u00e0y luy\u1ec7n t\u1eadp, Akihiro chu\u1ea9n b\u1ecb b\u01b0\u1edbc v\u00e0o h\u1ed9i thao n\u01a1i c\u1eadu nh\u00f3c c\u00f3 th\u1ec3 t\u1ecfa s\u00e1ng v\u1edbi m\u1ed9t kh\u00ed th\u1ebf h\u1eebng h\u1ef1c. Nh\u01b0ng \u201ck\u1ef3 ph\u00f9ng \u0111\u1ecbch th\u1ee7\u201d c\u1ee7a Akihiro \u0111\u00e3 xu\u1ea5t hi\u1ec7n. Li\u1ec7u Akihiro c\u00f3 gi\u00e0nh \u0111\u01b0\u1ee3c chi\u1ebfn th\u1eafng trong cu\u1ed9c thi l\u1ea7n n\u00e0y?<\/p>\n<p>M\u1eddi c\u00e1c b\u1ea1n \u0111\u00f3n \u0111\u1ecdc t\u1eadp 3 \u201cNg\u01b0\u1eddi b\u00e0 t\u00e0i gi\u1ecfi v\u00f9ng Saga\u201d \u0111\u1ec3 ti\u1ebfp t\u1ee5c theo d\u00f5i nh\u1eefng c\u00e2u chuy\u1ec7n \u00fd ngh\u0129a, \u0111ong \u0111\u1ea7y c\u1ea3m x\u00fac xoay quanh cu\u1ed9c s\u1ed1ng n\u01a1i Saga y\u00ean b\u00ecnh c\u1ee7a hai b\u00e0 ch\u00e1u Akihiro nh\u00e9!<\/p>\n","protected":false},"excerpt":{"rendered":"<p>Ng\u01b0\u1eddi b\u00e0 t\u00e0i gi\u1ecfi v\u00f9ng Saga 3 \u2013 K\u00ec ph\u00f9ng \u0111\u1ecbch th\u1ee7 xu\u1ea5t hi\u1ec7n!<\/p>\n<p>\u0110\u00e3 ba n\u0103m tr\u00f4i qua k\u1ec3 t\u1eeb ng\u00e0y Akihiro b\u1ecb m\u1eb9 \u201c\u0111\u1ea9y\u201d l\u00ean chuy\u1ebfn t\u00e0u \u0111\u1ebfn v\u1edbi v\u00f9ng \u0111\u1ea5t Saga ngh\u00e8o kh\u00f3. \u0110\u01b0\u1ee3c nu\u00f4i d\u1ea1y b\u1edfi b\u00e0n tay ng\u01b0\u1eddi b\u00e0 v\u1edbi \u201cni\u1ec1m tin s\u1eaft \u0111\u00e1\u201d v\u1ec1 c\u00e1i ngh\u00e8o th\u1eeba k\u1ebf t\u1eeb t\u1ed5 ti\u00ean, Akihiro t\u1eeb m\u1ed9t c\u1eadu nh\u00f3c th\u00e0nh ph\u1ed1 hay nh\u00f5ng nh\u1ebdo nay \u0111\u00e3 tr\u1edf th\u00e0nh m\u1ed9t \u0111\u1ee9a tr\u1ebb Saga \u0111\u00edch th\u1ef1c, tuy l\u00e9m l\u1ec9nh l\u00e1u c\u00e1 nh\u01b0ng l\u1ea1i v\u00f4 c\u00f9ng hi\u1ec3u chuy\u1ec7n.<\/p>\n<p>B\u01b0\u1edbc sang n\u0103m th\u1ee9 ba s\u1ed1ng \u1edf Saga, Akihiro ph\u1ea3i \u0111\u00f3n sinh nh\u1eadt 10 tu\u1ed5i trong c\u00e1i l\u1ea1nh c\u1ee7a m\u00f9a \u0111\u00f4ng kh\u1eafc nghi\u1ec7t nh\u1ea5t t\u1eeb tr\u01b0\u1edbc \u0111\u1ebfn nay. Nh\u01b0ng \u0111\u00e2y ch\u1eafc h\u1eb3n s\u1ebd l\u00e0 m\u1ed9t sinh nh\u1eadt kh\u00f3 qu\u00ean c\u1ee7a Akihiro khi nh\u1eadn \u0111\u01b0\u1ee3c m\u1ed9t m\u00f3n qu\u00e0 v\u00f4 c\u00f9ng b\u1ea5t ng\u1edd t\u1eeb c\u1eadu b\u1ea1n \u201cch\u00ed c\u1ed1t\u201d Nanri v\u00e0 nh\u1eefng ng\u01b0\u1eddi b\u1ea1n c\u00f9ng l\u1edbp.<\/p>\n<p>C\u0169ng trong n\u0103m n\u00e0y, Akihiro tham gia \u0111\u1ea1i h\u1ed9i th\u1ec3 thao c\u1ee7a tr\u01b0\u1eddng v\u1edbi quy\u1ebft t\u00e2m gi\u00e0nh h\u1ea1ng nh\u1ea5t \u1edf cu\u1ed9c thi ch\u1ea1y. Sau bao th\u00e1ng ng\u00e0y luy\u1ec7n t\u1eadp, Akihiro chu\u1ea9n b\u1ecb b\u01b0\u1edbc v\u00e0o h\u1ed9i thao n\u01a1i c\u1eadu nh\u00f3c c\u00f3 th\u1ec3 t\u1ecfa s\u00e1ng v\u1edbi m\u1ed9t kh\u00ed th\u1ebf h\u1eebng h\u1ef1c. Nh\u01b0ng \u201ck\u1ef3 ph\u00f9ng \u0111\u1ecbch th\u1ee7\u201d c\u1ee7a Akihiro \u0111\u00e3 xu\u1ea5t hi\u1ec7n. Li\u1ec7u Akihiro c\u00f3 gi\u00e0nh \u0111\u01b0\u1ee3c chi\u1ebfn th\u1eafng trong cu\u1ed9c thi l\u1ea7n n\u00e0y?<\/p>\n<p>M\u1eddi c\u00e1c b\u1ea1n \u0111\u00f3n \u0111\u1ecdc t\u1eadp 3 \u201cNg\u01b0\u1eddi b\u00e0 t\u00e0i gi\u1ecfi v\u00f9ng Saga\u201d \u0111\u1ec3 ti\u1ebfp t\u1ee5c theo d\u00f5i nh\u1eefng c\u00e2u chuy\u1ec7n \u00fd ngh\u0129a, \u0111ong \u0111\u1ea7y c\u1ea3m x\u00fac xoay quanh cu\u1ed9c s\u1ed1ng n\u01a1i Saga y\u00ean b\u00ecnh c\u1ee7a hai b\u00e0 ch\u00e1u Akihiro nh\u00e9!<\/p>\n","protected":false},"featured_media":10298,"template":"","meta":{"_acf_changed":false},"product_brand":[],"product_cat":[29],"product_tag":[],"class_list":{"0":"post-10300","1":"product","2":"type-product","3":"status-publish","4":"has-post-thumbnail","6":"product_cat-manga-comics","8":"first","9":"outofstock","10":"taxable","11":"shipping-taxable","12":"purchasable","13":"product-type-simple"},"supplier_id":null,"supplier_sku":"","barcode":null,"atum_controlled":true,"out_stock_date":"2023-10-09 06:16:05","out_stock_threshold":null,"inheritable":false,"inbound_stock":0,"stock_on_hold":0,"sold_today":0,"sales_last_days":0,"reserved_stock":0,"customer_returns":0,"warehouse_damage":0,"lost_in_post":0,"other_logs":0,"out_stock_days":842,"lost_sales":0,"has_location":false,"update_date":"2026-01-28T23:10:46","atum_locations":[],"atum_stock_status":"outofstock","restock_status":false,"low_stock_amount":"","sales_update_date":"2026-01-28T23:10:46","calc_backorders":null,"acf":{"publisher":{"ID":1460,"post_author":"1","post_date":"2021-02-17 01:12:24","post_date_gmt":"2021-02-16 23:12:24","post_content":"<!-- wp:flatsome\/uxbuilder -->\n<h1 style=\"text-align: center;\"><strong>Skybooks<\/strong><\/h1>\n[row]\n\n[col span=\"7\" span__sm=\"12\"]\n\n<p>C\u00f4ng ty ph\u00e1t h\u00e0nh s\u00e1ch Skybooks. \"T\u00f4i tr\u1ebb, t\u00f4i \u0111am m\u00ea\" v\u1edbi s\u1ee9 m\u1ec7nh lan to\u1ea3 c\u1ea3m x\u00fac v\u00e0 k\u1ebft n\u1ed1i t\u00e2m h\u1ed3n<\/p>\n<p><strong>Skybooks l\u00e0 c\u00e2u chuy\u1ec7n k\u1ec3 v\u1ec1:<\/strong><br \/>M\u1ed9t th\u1ebf h\u1ec7 ng\u01b0\u1eddi vi\u1ebft tr\u1ebb, \u0111am m\u00ea v\u0103n ch\u01b0\u01a1ng v\u00e0 t\u00f4n tr\u1ecdng, g\u00ecn gi\u1eef, s\u00e1ng t\u1ea1o Ti\u1ebfng Vi\u1ec7t. M\u1ed9t th\u1ebf h\u1ec7 \u0111\u1ed9c gi\u1ea3 tr\u1ebb, \u0111am m\u00ea kh\u00e1m ph\u00e1 ng\u00f4n ng\u1eef v\u00e0 say m\u00ea \u0111\u1ebfn v\u1edbi th\u1ebf gi\u1edbi c\u1ee7a nh\u1eefng quy\u1ec3n s\u00e1ch. M\u1ed9t th\u1ebf h\u1ec7 ng\u01b0\u1eddi l\u00e0m s\u00e1ch tr\u1ebb, \u0111am m\u00ea mang nh\u1eefng gi\u00e1 tr\u1ecb tinh th\u1ea7n l\u1ea1i g\u1ea7n ng\u01b0\u1eddi \u0111\u1ecdc.<br \/>Trong b\u1ed9 nh\u1eadn d\u1ea1ng th\u01b0\u01a1ng hi\u1ec7u:<br \/>Skybooks v\u1edbi ch\u1eef Sky m\u00e0u xanh da tr\u1eddi c\u00f3 \u00fd ngh\u0129a l\u00e0 c\u00f4ng ty B\u1ea7u Tr\u1eddi - n\u01a1i t\u1ea5t c\u1ea3 \u01b0\u1edbc m\u01a1 \u0111\u01b0\u1ee3c t\u1ef1 do tung c\u00e1nh.<br \/>V\u1edbi logo h\u00ecnh hoa b\u1ed3 c\u00f4ng anh \u0111ang bay t\u01b0\u1ee3ng tr\u01b0ng cho s\u1ef1 lan to\u1ea3 c\u1ea3m x\u00fac v\u00e0 kh\u00e1t v\u1ecdng bay cao.<br \/>K\u1ebb v\u1ea1ch logo c\u00f3 n\u1ec1n m\u00e0u ghi x\u00e1m xu\u1ea5t hi\u1ec7n tr\u00ean b\u00eca m\u1ecdi \u1ea5n ph\u1ea9m th\u1ec3 hi\u1ec7n con \u0111\u01b0\u1eddng b\u01b0\u1edbc v\u00e0o th\u1ecb tr\u01b0\u1eddng s\u00e1ch v\u00e0 chinh ph\u1ee5c \u0111\u1ed9c gi\u1ea3 l\u00e0 m\u1ed9t h\u00e0nh tr\u00ecnh d\u00e0i, \u0111\u1ea7y gian kh\u00f3, c\u00f3 nhi\u1ec1u b\u00e3o t\u1ed1, nh\u01b0ng ch\u1ec9 c\u1ea7n n\u1ed7 l\u1ef1c c\u1ed1 g\u1eafng nh\u1ea5t \u0111\u1ecbnh s\u1ebd ngo\u1ea1n m\u1ee5c v\u01b0\u1ee3t qua. \u0110\u1ec3 kh\u1eb3ng \u0111\u1ecbnh v\u00e0 ch\u1ee9ng minh ch\u00ednh m\u00ecnh!<\/p>\n\n[\/col]\n[col span=\"5\" span__sm=\"12\"]\n\n[ux_image id=\"1825\" image_size=\"medium\"]\n\n\n[\/col]\n\n[\/row]\n\n<!-- \/wp:flatsome\/uxbuilder -->","post_title":"Skybooks","post_excerpt":"","post_status":"publish","comment_status":"closed","ping_status":"closed","post_password":"","post_name":"skybooks","to_ping":"","pinged":"","post_modified":"2021-02-17 01:57:31","post_modified_gmt":"2021-02-16 23:57:31","post_content_filtered":"","post_parent":0,"guid":"https:\/\/sachviet.eu\/nha-phat-hanh\/skybooks\/","menu_order":0,"post_type":"publisher","post_mime_type":"","comment_count":"0","filter":"raw"}},"_links":{"self":[{"href":"https:\/\/sachviet.eu\/en\/wp-json\/wp\/v2\/product\/10300","targetHints":{"allow":["GET"]}}],"collection":[{"href":"https:\/\/sachviet.eu\/en\/wp-json\/wp\/v2\/product"}],"about":[{"href":"https:\/\/sachviet.eu\/en\/wp-json\/wp\/v2\/types\/product"}],"wp:featuredmedia":[{"embeddable":true,"href":"https:\/\/sachviet.eu\/en\/wp-json\/wp\/v2\/media\/10298"}],"wp:attachment":[{"href":"https:\/\/sachviet.eu\/en\/wp-json\/wp\/v2\/media?parent=10300"}],"wp:term":[{"taxonomy":"product_brand","embeddable":true,"href":"https:\/\/sachviet.eu\/en\/wp-json\/wp\/v2\/product_brand?post=10300"},{"taxonomy":"product_cat","embeddable":true,"href":"https:\/\/sachviet.eu\/en\/wp-json\/wp\/v2\/product_cat?post=10300"},{"taxonomy":"product_tag","embeddable":true,"href":"https:\/\/sachviet.eu\/en\/wp-json\/wp\/v2\/product_tag?post=10300"}],"curies":[{"name":"wp","href":"https:\/\/api.w.org\/{rel}","templated":true}]}}