{"id":10297,"date":"2021-06-02T18:53:25","date_gmt":"2021-06-02T15:53:25","guid":{"rendered":"https:\/\/sachviet.eu\/shop\/hanh-phuc-dan-loi-thanh-cong\/"},"modified":"2022-03-18T15:49:33","modified_gmt":"2022-03-18T13:49:33","slug":"hanh-phuc-dan-loi-thanh-cong","status":"publish","type":"product","link":"https:\/\/sachviet.eu\/en\/shop\/hanh-phuc-dan-loi-thanh-cong\/","title":{"rendered":"H\u1ea1nh Ph\u00fac D\u1eabn L\u1ed1i Th\u00e0nh C\u00f4ng"},"content":{"rendered":"<p>H\u1ea1nh ph\u00fac d\u1eabn l\u1ed1i th\u00e0nh c\u00f4ng &#8211; Th\u1ef1c h\u00e0nh gi\u00e1o d\u1ee5c t\u00edch c\u1ef1c trong gia \u0111\u00ecnh v\u00e0 nh\u00e0 tr\u01b0\u1eddng &#8211; S\u00e1ch cha m\u1eb9 \u0111\u1ecdc c\u00f9ng con &#8211;<\/p>\n<p>\u201cCu\u1ed1n s\u00e1ch m\u00e0 b\u1ea1n \u0111ang c\u1ea7m tr\u00ean tay s\u1eed d\u1ee5ng ki\u1ebfn th\u1ee9c khoa h\u1ecdc \u0111\u1ebfn t\u1eeb T\u00e2m l\u00fd h\u1ecdc T\u00edch c\u1ef1c, \u0111\u1ec3 \u1ee9ng d\u1ee5ng v\u00e0o gi\u00e1o d\u1ee5c nh\u1eb1m h\u1ed7 tr\u1ee3 c\u00e1c th\u1ea7y c\u00f4 v\u00e0 ba m\u1eb9 \u0111\u1ed3ng h\u00e0nh c\u00f9ng con tr\u1ebb tr\u00ean ch\u1eb7ng \u0111\u01b0\u1eddng \u0111i \u0111\u1ebfn H\u1ea0NH PH\u00daC v\u00e0 TH\u00c0NH C\u00d4NG th\u1ef1c s\u1ef1.\u201d Nh\u00f3m t\u00e1c gi\u1ea3<\/p>\n<p>\u201c\u2026\u0110\u00e2y l\u00e0 nh\u00f3m t\u00e1c gi\u1ea3 ti\u00ean phong \u1edf Vi\u1ec7t Nam trong vi\u1ec7c \u0111\u01b0a T\u00e2m l\u00fd h\u1ecdc T\u00edch c\u1ef1c v\u00e0o vi\u1ec7c gi\u00e1o d\u1ee5c h\u1ecdc sinh, \u0111\u1eb7c bi\u1ec7t cho l\u1ee9a tu\u1ed5i \u0111\u1ea7u \u0111\u1eddi. Nh\u1eefng \u0111i\u1ec1u \u0111\u01b0\u1ee3c \u0111\u1ec1 c\u1eadp trong cu\u1ed1n s\u00e1ch n\u00e0y l\u00e0 th\u1ef1c ti\u1ec5n c\u00e1c t\u00ecnh hu\u1ed1ng c\u1ee7a cu\u1ed9c s\u1ed1ng m\u1ed7i ng\u01b0\u1eddi, tr\u00ean n\u1ec1n t\u1ea3ng l\u00fd lu\u1eadn khoa h\u1ecdc c\u1ee7a t\u00e2m l\u00fd h\u1ecdc t\u00edch c\u1ef1c. T\u00f4i khuy\u1ebfn kh\u00edch vi\u1ec7c \u0111\u1ecdc ch\u1eadm r\u00e3i \u0111\u1ec3 c\u00f3 th\u1ec3 th\u1ea9m th\u1ea5u c\u00e1c kh\u00e1i ni\u1ec7m v\u00e0 chuy\u00ean t\u00e2m khi l\u00e0m c\u00e1c b\u00e0i t\u1eadp th\u1ef1c h\u00e0nh.\u201d &#8211; Ng\u00f4 Minh Uy, Chuy\u00ean vi\u00ean tham v\u1ea5n t\u00e2m l\u00fd, T\u1ed5ng th\u01b0 k\u00fd H\u1ed9i khoa h\u1ecdc T\u00e2m l\u00fd v\u00e0 Gi\u00e1o d\u1ee5c Tp. HCM<\/p>\n<p>REVIEW S\u00c1CH:<\/p>\n<p>Cu\u1ed1n s\u00e1ch &#8220;H\u1ea1nh ph\u00fac d\u1eabn l\u1ed1i th\u00e0nh C\u00f4ng: Th\u1ef1c h\u00e0nh Gi\u00e1o d\u1ee5c t\u00edch c\u1ef1c trong Gia \u0111\u00ecnh v\u00e0 Nh\u00e0 tr\u01b0\u1eddng&#8221; n\u00e0y l\u00e0 \u1ea5p \u1ee7 c\u1ee7a c\u1ea3 3 t\u00e1c gi\u1ea3 theo \u0111\u00fang c\u00e1ch ti\u1ebfp c\u1eadn &#8220;Gi\u00e1o d\u1ee5c l\u1ea5y con ng\u01b0\u1eddi l\u00e0m tr\u1ecdng t\u00e2m&#8221;. N\u00ean s\u00e1ch g\u1ed3m 3 ch\u01b0\u01a1ng r\u1ea5t r\u00f5 r\u1ec7t cho H\u1ecdc sinh [Ch\u01b0\u01a1ng 1], Ph\u1ee5 huynh [Ch\u01b0\u01a1ng 2] v\u00e0 Gi\u00e1o vi\u00ean [Ch\u01b0\u01a1ng 3].<\/p>\n<p>Cu\u1ed1n s\u00e1ch l\u1ea5y m\u1ed9t c\u00e1i t\u00ean r\u1ea5t c\u00f3 t\u00ednh &#8220;G\u1ee3i&#8221; \u0111\u1ec3 xo\u00e1 b\u1ecf c\u00e1i \u0111\u1ecbnh ki\u1ebfn ranh gi\u1edbi b\u1ea5y l\u00e2u nay gi\u1eefa H\u1ea1nh Ph\u00fac v\u00e0 Th\u00e0nh C\u00f4ng. T\u1ea1i sao H\u1ea1nh Ph\u00fac v\u00e0 Th\u00e0nh C\u00f4ng c\u1ee9 ph\u1ea3i \u1edf 2 \u0111\u1ea7u \u0111\u1ed1i l\u1eadp c\u01a1 ch\u1ee9? Ch\u1eb3ng l\u1ebd m\u1ed9t ng\u01b0\u1eddi b\u1eaft bu\u1ed9c ch\u1ec9 \u0111\u01b0\u1ee3c ch\u1ecdn 1 trong 2 \u01b0? Hay c\u00f3 khi l\u00e0 ch\u00fang ta \u0111ang c\u1ef1c \u0111oan \u0111\u1ebfn m\u1ee9c nh\u1ea7m l\u1eabn? H\u00e3y \u0111\u1ecdc cu\u1ed1n s\u00e1ch v\u00e0 b\u1ea1n s\u1ebd c\u00f3 c\u00e2u tr\u1ea3 l\u1eddi cho ri\u00eang m\u00ecnh.<\/p>\n<p>Cu\u1ed1n s\u00e1ch n\u00e0y, m\u1ed7i ch\u01b0\u01a1ng \u0111\u1ec1u th\u1ea5m \u0111\u1eabm tinh th\u1ea7n c\u1ee7a Gi\u00e1o D\u1ee5c T\u00edch C\u1ef1c [Positive Education]. C\u00e1c ph\u1ea7n \u0111\u01b0\u1ee3c vi\u1ebft theo \u1ea9n \u00fd t\u1eeb &#8220;M\u00f4 h\u00ecnh An L\u1ea1c PERMA&#8221; c\u1ee7a Gi\u00e1o s\u01b0 t\u00e2m l\u00fd h\u1ecdc n\u1ed5i danh Martin Seligman. \u0110\u00f3 l\u00e0<br \/>\n&#8211; \u0110\u1ec3 con \u0111\u01b0\u1ee3c Bu\u1ed3n; L\u00e0m ng\u01b0\u1eddi &#8211; m\u1ed9t h\u00e0nh tr\u00ecnh c\u1ea3m x\u00fac; H\u1ea1nh ph\u00fac v\u00e0 Kh\u1ed5 \u0111au, c\u00f3 nhau th\u00ec m\u1edbi \u0111\u1ee7 [Positive Emotion]\n&#8211; \u0110\u1ec3 con \u0111\u01b0\u1ee3c l\u00e0m \u0111i\u1ec1u m\u00ecnh th\u00edch; \u0110\u1eebng t\u1eeb b\u1ecf gi\u1ea5c m\u01a1 \u0111\u1eddi m\u00ecnh; D\u1ea5n th\u00e2n v\u00e0o ngh\u1ec1 Gi\u00e1o [Engagement]\n&#8211; M\u1ed9t ai \u0111\u00f3 \u0111\u1ec3 th\u01b0\u01a1ng; Con c\u1ea7n m\u1ed9t c\u00e1i \u00f4m [Relationship]\n&#8211; Con l\u00e0m g\u00ec \u0111\u00e2y khi s\u1edbm mai th\u1ee9c d\u1eady; \u00dd ngh\u0129a cu\u1ed9c \u0111\u1eddi, t\u00ecm \u0111\u00e2u cho c\u00f3; S\u1ed1ng m\u1ed9t \u0111\u1eddi \u00dd ngh\u0129a [Meaning]\n&#8211; Th\u00e0nh c\u00f4ng nh\u01b0 Con mu\u1ed1n; H\u1ea1nh Ph\u00fac v\u00e0 Th\u00e0nh C\u00f4ng &#8211; kh\u00f4ng \u1edf 2 \u0111\u1ea7u \u0111\u1ed1i l\u1eadp; Ng\u00e0y mai hoa s\u1ebd n\u1edf [Accomplishment]\n<p>Cu\u1ed1n s\u00e1ch n\u00e0y vi\u1ebft cho m\u1ecdi \u0111\u1ed1i t\u01b0\u1ee3ng m\u00e0 kh\u00f4ng gi\u1edbi h\u1ea1n \u0111\u1ed9 tu\u1ed5i b\u1ea1n \u0111\u1ecdc. Ch\u1ec9 c\u1ea7n b\u1ea1n l\u00e0 ng\u01b0\u1eddi quan t\u00e2m \u0111\u1ebfn t\u01b0\u01a1ng lai c\u1ee7a Nh\u00e2n lo\u1ea1i &#8211; \u0111\u00f3 ch\u00ednh l\u00e0 tr\u1ebb em, thanh thi\u1ebfu ni\u00ean, v\u00e0 l\u00e0m sao \u0111\u1ec3 gi\u00fap ch\u00ednh ch\u00fang ta, d\u01b0\u1edbi vai tr\u00f2 l\u00e0 Cha m\u1eb9, Th\u1ea7y c\u00f4, r\u1ed3i sau \u0111\u00f3 gi\u00fap nh\u1eefng \u0111\u1ee9a con, h\u1ecdc tr\u00f2 c\u1ee7a m\u00ecnh ki\u1ebfn t\u1ea1o n\u00ean m\u1ed9t cu\u1ed9c \u0111\u1eddi H\u1ea1nh Ph\u00fac \u0111\u00edch th\u1ef1c. \u0110\u00f3, ch\u00ednh l\u00fac \u0111\u00f3 cu\u1ed1n s\u00e1ch n\u00e0y s\u1ebd xu\u1ea5t hi\u1ec7n tr\u00ean tay b\u1ea1n.<\/p>\n<p>Cu\u1ed1n s\u00e1ch n\u00e0y c\u00f3 c\u1ea5u tr\u00fac r\u00f5 r\u1ec7t g\u1ed3m c\u1ea3 (1) L\u00fd thuy\u1ebft n\u1ec1n t\u1ea3ng, (2) C\u00e1c b\u00e0i tr\u1eafc nghi\u1ec7m \u0111\u1ec3 b\u1ea1n c\u00f3 th\u1ec3 ph\u1ea7n n\u00e0o hi\u1ec3u r\u00f5 b\u1ea3n th\u00e2n m\u00ecnh v\u00e0 con c\u00e1i, v\u00e0 (3) C\u00e1c b\u00e0i t\u1eadp th\u1ef1c h\u00e0nh cho c\u1ea3 Cha m\u1eb9, Th\u1ea7y c\u00f4 v\u00e0 Tr\u1ebb em \u1edf nhi\u1ec1u \u0111\u1ed9 tu\u1ed5i kh\u00e1c nhau.<\/p>\n","protected":false},"excerpt":{"rendered":"<p>H\u1ea1nh ph\u00fac d\u1eabn l\u1ed1i th\u00e0nh c\u00f4ng &#8211; Th\u1ef1c h\u00e0nh gi\u00e1o d\u1ee5c t\u00edch c\u1ef1c trong gia \u0111\u00ecnh v\u00e0 nh\u00e0 tr\u01b0\u1eddng &#8211; S\u00e1ch cha m\u1eb9 \u0111\u1ecdc c\u00f9ng con &#8211;<\/p>\n<p>\u201cCu\u1ed1n s\u00e1ch m\u00e0 b\u1ea1n \u0111ang c\u1ea7m tr\u00ean tay s\u1eed d\u1ee5ng ki\u1ebfn th\u1ee9c khoa h\u1ecdc \u0111\u1ebfn t\u1eeb T\u00e2m l\u00fd h\u1ecdc T\u00edch c\u1ef1c, \u0111\u1ec3 \u1ee9ng d\u1ee5ng v\u00e0o gi\u00e1o d\u1ee5c nh\u1eb1m h\u1ed7 tr\u1ee3 c\u00e1c th\u1ea7y c\u00f4 v\u00e0 ba m\u1eb9 \u0111\u1ed3ng h\u00e0nh c\u00f9ng con tr\u1ebb tr\u00ean ch\u1eb7ng \u0111\u01b0\u1eddng \u0111i \u0111\u1ebfn H\u1ea0NH PH\u00daC v\u00e0 TH\u00c0NH C\u00d4NG th\u1ef1c s\u1ef1.\u201d Nh\u00f3m t\u00e1c gi\u1ea3<\/p>\n<p>\u201c\u2026\u0110\u00e2y l\u00e0 nh\u00f3m t\u00e1c gi\u1ea3 ti\u00ean phong \u1edf Vi\u1ec7t Nam trong vi\u1ec7c \u0111\u01b0a T\u00e2m l\u00fd h\u1ecdc T\u00edch c\u1ef1c v\u00e0o vi\u1ec7c gi\u00e1o d\u1ee5c h\u1ecdc sinh, \u0111\u1eb7c bi\u1ec7t cho l\u1ee9a tu\u1ed5i \u0111\u1ea7u \u0111\u1eddi. Nh\u1eefng \u0111i\u1ec1u \u0111\u01b0\u1ee3c \u0111\u1ec1 c\u1eadp trong cu\u1ed1n s\u00e1ch n\u00e0y l\u00e0 th\u1ef1c ti\u1ec5n c\u00e1c t\u00ecnh hu\u1ed1ng c\u1ee7a cu\u1ed9c s\u1ed1ng m\u1ed7i ng\u01b0\u1eddi, tr\u00ean n\u1ec1n t\u1ea3ng l\u00fd lu\u1eadn khoa h\u1ecdc c\u1ee7a t\u00e2m l\u00fd h\u1ecdc t\u00edch c\u1ef1c. T\u00f4i khuy\u1ebfn kh\u00edch vi\u1ec7c \u0111\u1ecdc ch\u1eadm r\u00e3i \u0111\u1ec3 c\u00f3 th\u1ec3 th\u1ea9m th\u1ea5u c\u00e1c kh\u00e1i ni\u1ec7m v\u00e0 chuy\u00ean t\u00e2m khi l\u00e0m c\u00e1c b\u00e0i t\u1eadp th\u1ef1c h\u00e0nh.\u201d &#8211; Ng\u00f4 Minh Uy, Chuy\u00ean vi\u00ean tham v\u1ea5n t\u00e2m l\u00fd, T\u1ed5ng th\u01b0 k\u00fd H\u1ed9i khoa h\u1ecdc T\u00e2m l\u00fd v\u00e0 Gi\u00e1o d\u1ee5c Tp. HCM<\/p>\n","protected":false},"featured_media":10296,"template":"","meta":{"_acf_changed":false},"product_brand":[],"product_cat":[15,46],"product_tag":[],"class_list":{"0":"post-10297","1":"product","2":"type-product","3":"status-publish","4":"has-post-thumbnail","6":"product_cat-sach-danh-cho-nguoi-lon","7":"product_cat-ky-nang-song","9":"first","10":"outofstock","11":"taxable","12":"shipping-taxable","13":"purchasable","14":"product-type-simple"},"supplier_id":null,"supplier_sku":"","barcode":null,"atum_controlled":true,"out_stock_date":"2022-03-18 11:49:33","out_stock_threshold":null,"inheritable":false,"inbound_stock":0,"stock_on_hold":0,"sold_today":0,"sales_last_days":0,"reserved_stock":0,"customer_returns":0,"warehouse_damage":0,"lost_in_post":0,"other_logs":0,"out_stock_days":1412,"lost_sales":0,"has_location":false,"update_date":"2026-01-28T23:10:46","atum_locations":[],"atum_stock_status":"outofstock","restock_status":false,"low_stock_amount":"","sales_update_date":"2026-01-28T23:10:46","calc_backorders":null,"acf":{"publisher":{"ID":1424,"post_author":"1","post_date":"2021-02-17 00:02:29","post_date_gmt":"2021-02-16 22:02:29","post_content":"<!-- wp:flatsome\/uxbuilder -->\n<h1 style=\"text-align: center\"><strong>Nh\u00e3 Nam<\/strong><\/h1>\n[row]\n\n[col span=\"6\" span__sm=\"12\"]\n\n[ux_image id=\"1438\" image_size=\"medium\"]\n\n\n[\/col]\n[col span=\"6\" span__sm=\"12\"]\n\n<p><strong>C\u00f4ng ty c\u1ed5 ph\u1ea7n V\u0103n h\u00f3a v\u00e0 Truy\u1ec1n th\u00f4ng Nh\u00e3 Nam<\/strong><\/p>\n<p>Th\u00e1ng 2 n\u0103m 2005, Nh\u00e3 Nam, t\u00ean \u0111\u1ea7y \u0111\u1ee7 l\u00e0 C\u00f4ng ty C\u1ed5 ph\u1ea7n V\u0103n h\u00f3a v\u00e0 Truy\u1ec1n th\u00f4ng Nh\u00e3 Nam \u0111\u00e3 gia nh\u1eadp th\u1ecb tr\u01b0\u1eddng s\u00e1ch. T\u00e1c ph\u1ea9m \"Balzac v\u00e0 c\u00f4 b\u00e9 th\u1ee3 may Trung hoa\" c\u1ee7a \u0110\u1edbi T\u01b0 Ki\u1ec7t l\u00e0 cu\u1ed1n s\u00e1ch \u0111\u1ea7u ti\u00ean \u0111\u01b0\u1ee3c nh\u1eefng ng\u01b0\u1eddi s\u00e1ng l\u1eadp Nh\u00e3 Nam xu\u1ea5t b\u1ea3n c\u1ea3 tr\u01b0\u1edbc khi c\u00f4ng ty ra \u0111\u1eddi. Ngay l\u1eadp t\u1ee9c t\u1eeb cu\u1ed1n s\u00e1ch \u0111\u1ea7u ti\u00ean, \u0111\u1ed9c gi\u1ea3 \u0111\u00e3 d\u00e0nh s\u1ef1 quan t\u00e2m v\u00e0 y\u00eau m\u1ebfn cho m\u1ed9t th\u01b0\u01a1ng hi\u1ec7u s\u00e1ch m\u1edbi m\u1ebb mang trong m\u00ecnh kh\u00e1t v\u1ecdng g\u00f3p ph\u1ea7n t\u1ea1o l\u1eadp di\u1ec7n m\u1ea1o m\u1edbi cho xu\u1ea5t b\u1ea3n v\u0103n h\u1ecdc t\u1ea1i Vi\u1ec7t Nam.<\/p>\n<p>L\u00f2ng say m\u00ea c\u1ee7a \u0111\u1ed9i ng\u0169 l\u00e0 vi\u00ean \u0111\u00e1 \u0111\u1ea7u ti\u00ean. Tr\u1ea3i qua m\u1ea5y n\u0103m ph\u00e1t tri\u1ec3n, Nh\u00e3 Nam \u0111\u00e3 \u0111\u01b0\u1ee3c x\u00e2y d\u1ef1ng d\u1ea7n l\u00ean trong di\u1ec7n m\u1ea1o m\u1ed9t nh\u00e0 xu\u1ea5t b\u1ea3n v\u1eefng ch\u00e3i v\u00e0 chuy\u00ean nghi\u1ec7p. S\u00e1u th\u00e1ng sau khi th\u00e0nh l\u1eadp c\u00f4ng ty, Nh\u1eadt k\u00fd \u0110\u1eb7ng Th\u00f9y Tr\u00e2m ra \u0111\u1eddi, t\u1ea1o n\u00ean m\u1ed9t c\u01a1n s\u1ed1t trong x\u00e3 h\u1ed9i, v\u1edbi g\u1ea7n 500,000 b\u1ea3n s\u00e1ch \u0111\u01b0\u1ee3c ph\u00e1t h\u00e0nh, ph\u00e1 m\u1ecdi k\u1ef7 l\u1ee5c v\u1ec1 xu\u1ea5t b\u1ea3n tr\u01b0\u1edbc \u0111\u00f3, k\u00e9o theo m\u1ed9t lo\u1ea1t nh\u1eefng hi\u1ec7u \u1ee9ng x\u00e3 h\u1ed9i v\u00e0 d\u01b0 lu\u1eadn c\u00f3 \u00fd ngh\u0129a. T\u1eeb \u0111\u00f3 tr\u1edf \u0111i, th\u00f4ng qua Nh\u00e3 Nam, c\u00e1c cu\u1ed1n s\u00e1ch v\u0103n h\u1ecdc n\u01b0\u1edbc ngo\u00e0i c\u00f3 gi\u00e1 tr\u1ecb \u0111\u01b0\u1ee3c li\u00ean t\u1ee5c mua b\u1ea3n quy\u1ec1n v\u00e0 xu\u1ea5t b\u1ea3n t\u1ea1i Vi\u1ec7t Nam, thu h\u00fat nhi\u1ec1u t\u1ea7ng l\u1edbp \u0111\u1ed9c gi\u1ea3. S\u00e1ch c\u1ee7a Nh\u00e3 Nam n\u1ed5i b\u1eadt b\u1edfi n\u1ed9i dung v\u0103n h\u1ecdc tinh t\u1ebf, b\u1edfi v\u1ebb \u0111\u1eb9p c\u1ee7a thi\u1ebft k\u1ebf hi\u1ec7n \u0111\u1ea1i \u1edf h\u00ecnh th\u1ee9c, b\u1edfi s\u1ef1 ch\u0103m ch\u00fat k\u1ef9 l\u01b0\u1ee1ng cho m\u1ed7i cu\u1ed1n s\u00e1ch nh\u01b0 m\u1ed9t con thuy\u1ec1n mang t\u1edbi ni\u1ec1m vui, tri th\u1ee9c, ng\u1ea1c nhi\u00ean, v\u00e0 \u0111\u1ed3ng c\u1ea3m.<\/p>\n\n[\/col]\n\n[\/row]\n<p style=\"text-align: left\">Hi\u1ec3u th\u1eddi \u0111\u1ea1i \u0111ang s\u1ed1ng th\u00f4ng qua s\u00e1ch, song h\u00e0nh v\u1edbi nh\u1eefng bi\u1ebfn chuy\u1ec3n s\u00e2u s\u1eafc trong l\u00f2ng x\u00e3 h\u1ed9i b\u1eb1ng nh\u1eefng ho\u1ea1t \u0111\u1ed9ng xu\u1ea5t b\u1ea3n mi\u1ec7t m\u00e0i v\u00e0 qu\u1ea3 c\u1ea3m, con \u0111\u01b0\u1eddng Nh\u00e3 Nam \u0111\u00e3 ch\u1ecdn \u0111\u1ec3 \u0111i s\u1ebd c\u00f2n d\u00e0i. Nhi\u1ec1u kh\u00f3 kh\u0103n, th\u1eed th\u00e1ch \u0111ang \u1edf ph\u00eda tr\u01b0\u1edbc. B\u01b0\u1edbc qua th\u1eddi k\u1ef3 s\u01a1 khai v\u1edbi nh\u1eefng b\u00e0i h\u1ecdc v\u00e0 nh\u1eefng kinh nghi\u1ec7m \u0111\u1ea7u ti\u00ean, Nh\u00e3 Nam gi\u1edd \u0111\u00e3 s\u1eb5n s\u00e0ng cho m\u1ed9t ch\u1eb7ng \u0111\u01b0\u1eddng ph\u00e1t tri\u1ec3n m\u1edbi. V\u00e0 ch\u00fang t\u00f4i mu\u1ed1n ho\u00e0n thi\u1ec7n m\u00ecnh trong s\u1ef1 c\u1ea7u th\u1ecb v\u00e0 c\u1ea9n tr\u1ecdng. T\u1ea5t c\u1ea3 v\u00ec m\u1ed9t gia s\u1ea3n s\u00e1ch to l\u1edbn, c\u00f3 s\u1ee9c s\u1ed1ng d\u00e0i l\u00e2u, c\u00f3 \u00fd ngh\u0129a v\u1edbi nhi\u1ec1u th\u1ebf h\u1ec7 b\u1ea1n \u0111\u1ecdc.<br \/>B\u1edfi v\u00ec s\u00e1ch l\u00e0 th\u1ebf gi\u1edbi.<\/p>\n<p><strong>\u0110\u00e2y l\u00e0 m\u1ed9t nh\u00e0 ph\u00e1t h\u00e0nh s\u00e1ch m\u00e0 SACHVIET.EU r\u1ea5t y\u00eau th\u00edch v\u00e0 tin t\u01b0\u1edfng. Nh\u00ecn \u0111\u01b0\u1ee3c t\u1ea7m \u1ea3nh h\u01b0\u1edfng c\u1ee7a Nh\u00e3 Nam qua t\u1eebng cu\u1ed1n s\u00e1ch, SACHVIET.EU li\u00ean h\u1ec7 h\u1ee3p t\u00e1c ngay v\u1edbi Nh\u00e3 Nam \u0111\u1ec3 \u0111em to\u00e0n b\u1ed9 nh\u1eefng t\u00e1c ph\u1ea9m m\u1edbi, hay nh\u1ea5t m\u00e0 Nh\u00e3 Nam c\u00f3 sang Ch\u00e2u \u00c2u, \u0111\u01b0a \u0111\u1ebfn cho \u0111\u1ed9c gi\u1ea3 c\u00f3 nhi\u1ec1u s\u1ef1 l\u1ef1a ch\u1ecdn phong ph\u00fa h\u01a1n c\u1ea3 s\u00e1ch cho tr\u1ebb em l\u1eabn ng\u01b0\u1eddi l\u1edbn.\u00a0<\/strong><\/p>\n\n<!-- \/wp:flatsome\/uxbuilder -->","post_title":"Nh\u00e3 Nam","post_excerpt":"","post_status":"publish","comment_status":"closed","ping_status":"closed","post_password":"","post_name":"nha-nam","to_ping":"","pinged":"","post_modified":"2022-12-19 23:15:33","post_modified_gmt":"2022-12-19 21:15:33","post_content_filtered":"","post_parent":0,"guid":"https:\/\/sachviet.eu\/?post_type=publisher&#038;p=1424","menu_order":0,"post_type":"publisher","post_mime_type":"","comment_count":"0","filter":"raw"}},"_links":{"self":[{"href":"https:\/\/sachviet.eu\/en\/wp-json\/wp\/v2\/product\/10297","targetHints":{"allow":["GET"]}}],"collection":[{"href":"https:\/\/sachviet.eu\/en\/wp-json\/wp\/v2\/product"}],"about":[{"href":"https:\/\/sachviet.eu\/en\/wp-json\/wp\/v2\/types\/product"}],"wp:featuredmedia":[{"embeddable":true,"href":"https:\/\/sachviet.eu\/en\/wp-json\/wp\/v2\/media\/10296"}],"wp:attachment":[{"href":"https:\/\/sachviet.eu\/en\/wp-json\/wp\/v2\/media?parent=10297"}],"wp:term":[{"taxonomy":"product_brand","embeddable":true,"href":"https:\/\/sachviet.eu\/en\/wp-json\/wp\/v2\/product_brand?post=10297"},{"taxonomy":"product_cat","embeddable":true,"href":"https:\/\/sachviet.eu\/en\/wp-json\/wp\/v2\/product_cat?post=10297"},{"taxonomy":"product_tag","embeddable":true,"href":"https:\/\/sachviet.eu\/en\/wp-json\/wp\/v2\/product_tag?post=10297"}],"curies":[{"name":"wp","href":"https:\/\/api.w.org\/{rel}","templated":true}]}}