{"id":10295,"date":"2021-06-02T18:53:19","date_gmt":"2021-06-02T15:53:19","guid":{"rendered":"https:\/\/sachviet.eu\/shop\/lay-nuoc-duong-xa\/"},"modified":"2021-07-22T16:02:04","modified_gmt":"2021-07-22T13:02:04","slug":"lay-nuoc-duong-xa","status":"publish","type":"product","link":"https:\/\/sachviet.eu\/en\/shop\/lay-nuoc-duong-xa\/","title":{"rendered":"L\u1ea5y N\u01b0\u1edbc \u0110\u01b0\u1eddng Xa"},"content":{"rendered":"<p>L\u1ea5y n\u01b0\u1edbc \u0111\u01b0\u1eddng xa &#8211; Cu\u1ed1n ti\u1ec3u thuy\u1ebft d\u1ef1a tr\u00ean m\u1ed9t c\u00e2u chuy\u1ec7n c\u00f3 th\u1eadt t\u1ea1i Ch\u00e2u Phi. Hai c\u00e2u chuy\u1ec7n \u0111an xen nhau k\u1ec3 v\u1ec1 hai \u0111\u1ee9a tr\u1ebb t\u1ea1i Sudan \u2013 s\u1ed1ng \u1edf hai th\u1eddi k\u1ef3 kh\u00e1c nhau \u2013 hai b\u1ed9 t\u1ed9c \u0111\u1ed1i l\u1eadp nhau v\u00e0 hai cu\u1ed9c \u201c\u0111\u1ea5u tranh\u201d kh\u00f4ng gi\u1ed1ng nhau.<\/p>\n<p>Nya l\u00e0 m\u1ed9t c\u00f4 b\u00e9 m\u01b0\u1eddi m\u1ed9t tu\u1ed5i \u1edf n\u0103m 2008. C\u00f4 b\u00e9 ph\u1ea3i \u0111i b\u1ed9 m\u1ed7i ng\u00e0y 8 ti\u1ebfng \u0111\u1ec3 l\u1ea5y n\u01b0\u1edbc t\u1eeb m\u1ed9t c\u00e1i ao \u00f4 nhi\u1ec5m &#8211; hai chuy\u1ebfn m\u1ed7i ng\u00e0y. C\u00f4 b\u00e9 kh\u00f4ng c\u00f3 th\u1eddi gian cho tr\u01b0\u1eddng h\u1ecdc, cho vui ch\u01a1i, cho t\u1ea5t c\u1ea3 nh\u1eefng \u0111i\u1ec1u m\u00e0 h\u1ea7u h\u1ebft c\u00e1c c\u00f4 g\u00e1i nh\u1ecf \u0111\u1ec1u tr\u1ea3i qua. Cho \u0111\u1ebfn khi, m\u1ed9t ng\u00e0y n\u1ecd, nh\u1eefng ng\u01b0\u1eddi l\u1ea1 v\u00e0o l\u00e0ng c\u1ee7a h\u1ecd \u0111\u1ec3 \u0111\u00e0o gi\u1ebfng v\u00e0 x\u00e2y tr\u01b0\u1eddng h\u1ecdc.<\/p>\n<p>Salva l\u00e0 c\u1eadu b\u00e9 11 tu\u1ed5i \u0111i b\u1ed9 xuy\u00ean l\u1ee5c \u0111\u1ecba Ch\u00e2u Phi \u0111\u1ec3 t\u00ecm th\u1ee9c \u0103n, gia \u0111\u00ecnh v\u00e0 m\u1ed9t n\u01a1i tr\u00fa \u1ea9n. \u0110\u00f3 l\u00e0 n\u0103m 1985 khi Salva \u0111ang \u0111i h\u1ecdc v\u00e0 chi\u1ebfn tranh n\u1ed5 ra. Salva ph\u1ea3i b\u0103ng qua sa m\u1ea1c \u0111\u1ec3 \u0111\u1ebfn m\u1ed9t tr\u1ea1i t\u1ecb n\u1ea1n \u1edf Ethiopia. Sau m\u1ed9t th\u1eddi gian d\u00e0i \u1edf l\u1ea1i, Salva m\u1ed9t l\u1ea7n n\u1eefa b\u0103ng qua sa m\u1ea1c \u0111\u1ec3 \u0111\u1ebfn Kenya. Tr\u00ean ch\u1eb7ng \u0111\u01b0\u1eddng d\u00e0i \u1ea5y nhi\u1ec1u \u0111\u00e3 kh\u00f4ng v\u01b0\u1ee3t qua \u0111\u01b0\u1ee3c. H\u1ecd ch\u1ebft v\u00ec \u0111\u00f3i, b\u1ecb th\u00fa v\u1eadt d\u1eef v\u00e0 b\u1ecb binh l\u00ednh t\u1ea5n c\u00f4ng. Salva l\u00e0 s\u1ed1 \u00edt nh\u1eefng ng\u01b0\u1eddi c\u00f2n s\u1ed1ng s\u00f3t v\u00e0 \u0111\u01b0\u1ee3c m\u1ed9t gia \u0111\u00ecnh ng\u01b0\u1eddi M\u1ef9 nh\u1eadn nu\u00f4i.<\/p>\n<p>C\u00e2u chuy\u1ec7n c\u1ee7a Nya v\u00e0 Salva \u0111\u00e3 giao thoa v\u00e0 k\u1ebft n\u1ed1i v\u1edbi nhau. Nya k\u1ebft th\u00fac h\u00e0nh tr\u00ecnh 8 ti\u1ebfng m\u1ed7i ng\u00e0y \u0111i l\u1ea5y n\u01b0\u1edbc cho gia \u0111\u00ecnh v\u00e0 \u0111\u01b0\u1ee3c \u0111\u1ebfn tr\u01b0\u1eddng h\u1ecdc. Nh\u01b0ng h\u00e0nh tr\u00ecnh c\u1ee7a Salva th\u00ec v\u1eabn ti\u1ebfp t\u1ee5c v\u1edbi m\u1ed9t di\u1ec5n bi\u1ebft kh\u00e1c nhi\u1ec1u \u00fd ngh\u0129a v\u00e0 t\u01b0\u01a1i s\u00e1ng h\u01a1n!<\/p>\n<p>Nh\u1eefng th\u00f4ng tin th\u00fa v\u1ecb v\u1ec1 cu\u1ed1n s\u00e1ch<\/p>\n<p>&#8211; Cu\u1ed1n s\u00e1ch b\u00e1n ch\u1ea1y nh\u1ea5t t\u1ea1i New York Times<\/p>\n<p>&#8211; Rating: 10.200 t\u1ea1i Amazon<\/p>\n<p>&#8211; Top 1 s\u00e1ch vi\u1ebft v\u1ec1 tr\u1ebb em Ch\u00e2u Phi t\u1ea1i Amazon<\/p>\n<p>&#8211; Top 1 s\u00e1ch l\u1ecbch s\u1eed Ch\u00e2u Phi th\u1ec3 lo\u1ea1i h\u01b0 c\u1ea5u t\u1ea1i Amazon<\/p>\n<p>&#8211; Top 2 s\u00e1ch h\u01b0 c\u1ea5u v\u1ec1 qu\u00e2n \u0111\u1ed9i d\u00e0nh cho tr\u1ebb em t\u1ea1i Amazon<\/p>\n","protected":false},"excerpt":{"rendered":"<p>L\u1ea5y n\u01b0\u1edbc \u0111\u01b0\u1eddng xa &#8211; Cu\u1ed1n ti\u1ec3u thuy\u1ebft d\u1ef1a tr\u00ean m\u1ed9t c\u00e2u chuy\u1ec7n c\u00f3 th\u1eadt t\u1ea1i Ch\u00e2u Phi. Hai c\u00e2u chuy\u1ec7n \u0111an xen nhau k\u1ec3 v\u1ec1 hai \u0111\u1ee9a tr\u1ebb t\u1ea1i Sudan \u2013 s\u1ed1ng \u1edf hai th\u1eddi k\u1ef3 kh\u00e1c nhau \u2013 hai b\u1ed9 t\u1ed9c \u0111\u1ed1i l\u1eadp nhau v\u00e0 hai cu\u1ed9c \u201c\u0111\u1ea5u tranh\u201d kh\u00f4ng gi\u1ed1ng nhau.<\/p>\n<p>Nya l\u00e0 m\u1ed9t c\u00f4 b\u00e9 m\u01b0\u1eddi m\u1ed9t tu\u1ed5i \u1edf n\u0103m 2008. C\u00f4 b\u00e9 ph\u1ea3i \u0111i b\u1ed9 m\u1ed7i ng\u00e0y 8 ti\u1ebfng \u0111\u1ec3 l\u1ea5y n\u01b0\u1edbc t\u1eeb m\u1ed9t c\u00e1i ao \u00f4 nhi\u1ec5m &#8211; hai chuy\u1ebfn m\u1ed7i ng\u00e0y. C\u00f4 b\u00e9 kh\u00f4ng c\u00f3 th\u1eddi gian cho tr\u01b0\u1eddng h\u1ecdc, cho vui ch\u01a1i, cho t\u1ea5t c\u1ea3 nh\u1eefng \u0111i\u1ec1u m\u00e0 h\u1ea7u h\u1ebft c\u00e1c c\u00f4 g\u00e1i nh\u1ecf \u0111\u1ec1u tr\u1ea3i qua. Cho \u0111\u1ebfn khi, m\u1ed9t ng\u00e0y n\u1ecd, nh\u1eefng ng\u01b0\u1eddi l\u1ea1 v\u00e0o l\u00e0ng c\u1ee7a h\u1ecd \u0111\u1ec3 \u0111\u00e0o gi\u1ebfng v\u00e0 x\u00e2y tr\u01b0\u1eddng h\u1ecdc.<\/p>\n<p>Salva l\u00e0 c\u1eadu b\u00e9 11 tu\u1ed5i \u0111i b\u1ed9 xuy\u00ean l\u1ee5c \u0111\u1ecba Ch\u00e2u Phi \u0111\u1ec3 t\u00ecm th\u1ee9c \u0103n, gia \u0111\u00ecnh v\u00e0 m\u1ed9t n\u01a1i tr\u00fa \u1ea9n. \u0110\u00f3 l\u00e0 n\u0103m 1985 khi Salva \u0111ang \u0111i h\u1ecdc v\u00e0 chi\u1ebfn tranh n\u1ed5 ra. Salva ph\u1ea3i b\u0103ng qua sa m\u1ea1c \u0111\u1ec3 \u0111\u1ebfn m\u1ed9t tr\u1ea1i t\u1ecb n\u1ea1n \u1edf Ethiopia. Sau m\u1ed9t th\u1eddi gian d\u00e0i \u1edf l\u1ea1i, Salva m\u1ed9t l\u1ea7n n\u1eefa b\u0103ng qua sa m\u1ea1c \u0111\u1ec3 \u0111\u1ebfn Kenya. Tr\u00ean ch\u1eb7ng \u0111\u01b0\u1eddng d\u00e0i \u1ea5y nhi\u1ec1u \u0111\u00e3 kh\u00f4ng v\u01b0\u1ee3t qua \u0111\u01b0\u1ee3c. H\u1ecd ch\u1ebft v\u00ec \u0111\u00f3i, b\u1ecb th\u00fa v\u1eadt d\u1eef v\u00e0 b\u1ecb binh l\u00ednh t\u1ea5n c\u00f4ng. Salva l\u00e0 s\u1ed1 \u00edt nh\u1eefng ng\u01b0\u1eddi c\u00f2n s\u1ed1ng s\u00f3t v\u00e0 \u0111\u01b0\u1ee3c m\u1ed9t gia \u0111\u00ecnh ng\u01b0\u1eddi M\u1ef9 nh\u1eadn nu\u00f4i.<\/p>\n<p>C\u00e2u chuy\u1ec7n c\u1ee7a Nya v\u00e0 Salva \u0111\u00e3 giao thoa v\u00e0 k\u1ebft n\u1ed1i v\u1edbi nhau. Nya k\u1ebft th\u00fac h\u00e0nh tr\u00ecnh 8 ti\u1ebfng m\u1ed7i ng\u00e0y \u0111i l\u1ea5y n\u01b0\u1edbc cho gia \u0111\u00ecnh v\u00e0 \u0111\u01b0\u1ee3c \u0111\u1ebfn tr\u01b0\u1eddng h\u1ecdc. Nh\u01b0ng h\u00e0nh tr\u00ecnh c\u1ee7a Salva th\u00ec v\u1eabn ti\u1ebfp t\u1ee5c v\u1edbi m\u1ed9t di\u1ec5n bi\u1ebft kh\u00e1c nhi\u1ec1u \u00fd ngh\u0129a v\u00e0 t\u01b0\u01a1i s\u00e1ng h\u01a1n!<\/p>\n<p>Nh\u1eefng th\u00f4ng tin th\u00fa v\u1ecb v\u1ec1 cu\u1ed1n s\u00e1ch<\/p>\n<p>&#8211; Cu\u1ed1n s\u00e1ch b\u00e1n ch\u1ea1y nh\u1ea5t t\u1ea1i New York Times<\/p>\n<p>&#8211; Rating: 10.200 t\u1ea1i Amazon<\/p>\n<p>&#8211; Top 1 s\u00e1ch vi\u1ebft v\u1ec1 tr\u1ebb em Ch\u00e2u Phi t\u1ea1i Amazon<\/p>\n<p>&#8211; Top 1 s\u00e1ch l\u1ecbch s\u1eed Ch\u00e2u Phi th\u1ec3 lo\u1ea1i h\u01b0 c\u1ea5u t\u1ea1i Amazon<\/p>\n<p>&#8211; Top 2 s\u00e1ch h\u01b0 c\u1ea5u v\u1ec1 qu\u00e2n \u0111\u1ed9i d\u00e0nh cho tr\u1ebb em t\u1ea1i Amazon<\/p>\n","protected":false},"featured_media":10279,"template":"","meta":{"_acf_changed":false},"product_brand":[],"product_cat":[15,47],"product_tag":[],"class_list":{"0":"post-10295","1":"product","2":"type-product","3":"status-publish","4":"has-post-thumbnail","6":"product_cat-sach-danh-cho-nguoi-lon","7":"product_cat-truyen-ngan-tan-van","9":"first","10":"outofstock","11":"taxable","12":"shipping-taxable","13":"purchasable","14":"product-type-simple"},"supplier_id":null,"supplier_sku":"","barcode":null,"atum_controlled":true,"out_stock_date":"2021-07-22 13:02:04","out_stock_threshold":null,"inheritable":false,"inbound_stock":0,"stock_on_hold":0,"sold_today":0,"sales_last_days":0,"reserved_stock":0,"customer_returns":0,"warehouse_damage":0,"lost_in_post":0,"other_logs":0,"out_stock_days":1651,"lost_sales":0,"has_location":false,"update_date":"2026-01-28T23:10:46","atum_locations":[],"atum_stock_status":"outofstock","restock_status":false,"low_stock_amount":"","sales_update_date":"2026-01-28T23:10:46","calc_backorders":null,"acf":{"publisher":{"ID":1474,"post_author":"1","post_date":"2021-02-17 01:12:51","post_date_gmt":"2021-02-16 23:12:51","post_content":"","post_title":"Th\u00e1i H\u00e0","post_excerpt":"","post_status":"publish","comment_status":"closed","ping_status":"closed","post_password":"","post_name":"thai-ha","to_ping":"","pinged":"","post_modified":"2021-02-17 01:12:51","post_modified_gmt":"2021-02-16 23:12:51","post_content_filtered":"","post_parent":0,"guid":"https:\/\/sachviet.eu\/nha-phat-hanh\/thai-ha\/","menu_order":0,"post_type":"publisher","post_mime_type":"","comment_count":"0","filter":"raw"}},"_links":{"self":[{"href":"https:\/\/sachviet.eu\/en\/wp-json\/wp\/v2\/product\/10295","targetHints":{"allow":["GET"]}}],"collection":[{"href":"https:\/\/sachviet.eu\/en\/wp-json\/wp\/v2\/product"}],"about":[{"href":"https:\/\/sachviet.eu\/en\/wp-json\/wp\/v2\/types\/product"}],"wp:featuredmedia":[{"embeddable":true,"href":"https:\/\/sachviet.eu\/en\/wp-json\/wp\/v2\/media\/10279"}],"wp:attachment":[{"href":"https:\/\/sachviet.eu\/en\/wp-json\/wp\/v2\/media?parent=10295"}],"wp:term":[{"taxonomy":"product_brand","embeddable":true,"href":"https:\/\/sachviet.eu\/en\/wp-json\/wp\/v2\/product_brand?post=10295"},{"taxonomy":"product_cat","embeddable":true,"href":"https:\/\/sachviet.eu\/en\/wp-json\/wp\/v2\/product_cat?post=10295"},{"taxonomy":"product_tag","embeddable":true,"href":"https:\/\/sachviet.eu\/en\/wp-json\/wp\/v2\/product_tag?post=10295"}],"curies":[{"name":"wp","href":"https:\/\/api.w.org\/{rel}","templated":true}]}}