{"id":1029,"date":"2021-02-14T00:32:46","date_gmt":"2021-02-13T22:32:46","guid":{"rendered":"https:\/\/sachviet.eu\/shop\/du-sao-di-nua-me-van-yeu-con-no-matter-what\/"},"modified":"2025-06-26T21:04:07","modified_gmt":"2025-06-26T18:04:07","slug":"du-sao-di-nua-me-van-yeu-con-no-matter-what","status":"publish","type":"product","link":"https:\/\/sachviet.eu\/en\/shop\/du-sao-di-nua-me-van-yeu-con-no-matter-what\/","title":{"rendered":"D\u00f9 Sao \u0110i N\u1eefa M\u1eb9 V\u1eabn Y\u00eau Con &#8211; No Matter What"},"content":{"rendered":"<p>M\u1ed9t ch\u00fa C\u00e1o Con c\u1ea3m th\u1ea5y bu\u1ed3n b\u1ef1c v\u00e0 ch\u00e1n n\u1ea3n.<\/p>\n<p>C\u00e1o con th\u1ea5y m\u00ecnh \u201cch\u1ec9 l\u00e0 ch\u00fa C\u00e1o Con b\u00e9 nh\u1ecf, hay bu\u1ed3n b\u1ef1c v\u00e0 cau c\u00f3\u201d v\u00e0 ngh\u0129 r\u1eb1ng kh\u00f4ng ai y\u00eau m\u00ecnh c\u1ea3.<\/p>\n<p>\u201cD\u00f9 con c\u00f3 hay cau c\u00f3 \u0111i ch\u0103ng n\u1eefa, m\u1eb9 v\u1eabn s\u1ebd lu\u00f4n y\u00eau con d\u1eabu cho b\u1ea5t c\u1ee9 chuy\u1ec7n g\u00ec x\u1ea3y ra\u201d \u2013 C\u00e1o M\u1eb9 d\u1ed7 d\u00e0nh.<\/p>\n<p>Tuy nhi\u00ean, \u0111i\u1ec1u n\u00e0y v\u1eabn ch\u01b0a \u0111\u1ee7 \u0111\u1ec3 xua tan s\u1ef1 b\u1ea5t an lo l\u1eafng c\u1ee7a C\u00e1o Con. C\u00e1o Con li\u00ean t\u1ee5c h\u1ecfi m\u1eb9: N\u1ebfu con l\u00e0 m\u1ed9t b\u1ea1n g\u1ea5u x\u00e1m, m\u1ed9t b\u1ea1n b\u1ecd ho\u1eb7c m\u1ed9t b\u1ea1n c\u00e1 s\u1ea5u th\u00ec m\u1eb9 c\u00f3 c\u00f2n y\u00eau con kh\u00f4ng?<\/p>\n<p>V\u00e0 c\u00e2u tr\u1ea3 l\u1eddi m\u00e0 C\u00e1o Con nh\u1eadn \u0111\u01b0\u1ee3c t\u1eeb m\u1eb9 v\u1eabn lu\u00f4n ki\u00ean \u0111\u1ecbnh v\u00e0 d\u1ecbu d\u00e0ng nh\u01b0 th\u1ebf: m\u1eb9 v\u1eabn s\u1ebd lu\u00f4n quan t\u00e2m, y\u00eau th\u01b0\u01a1ng, \u00f4m con v\u00e0o l\u00f2ng, s\u1ebd lu\u00f4n y\u00eau con d\u1eabu cho c\u00f3 b\u1ea5t c\u1ee9 chuy\u1ec7n g\u00ec x\u1ea3y ra. C\u00e2u tr\u1ea3 l\u1eddi c\u1ee7a C\u00e1o m\u1eb9 v\u1eabn th\u1ebf, ki\u00ean \u0111\u1ecbnh, d\u1ecbu d\u00e0ng, tr\u00ecu m\u1ebfn v\u00e0 g\u1edfi c\u1ea3 b\u1ea7u tr\u1eddi y\u00eau th\u01b0\u01a1ng &#8220;d\u00f9 sao \u0111i n\u1eefa, m\u1eb9 v\u1eabn y\u00eau con&#8221;.<\/p>\n<p>N\u1ed7i lo l\u1eafng c\u1ee7a C\u00e1o Con c\u00f3 th\u1ec3 xu\u1ea5t hi\u1ec7n \u1edf b\u1ea5t c\u1ee9 b\u1ea1n nh\u1ecf n\u00e0o, m\u1ed9t c\u1ea3m x\u00fac xu\u1ea5t ph\u00e1t t\u1eeb mong mu\u1ed1n, kh\u00e1t khao \u0111\u01b0\u1ee3c y\u00eau th\u01b0\u01a1ng, \u0111\u01b0\u1ee3c ch\u00fa \u00fd. \u0110\u1ec3 xua tan \u0111\u01b0\u1ee3c n\u1ed7i b\u1ea5t an n\u00e0y v\u00e0 gi\u00fap tr\u1ebb c\u1ea3m nh\u1eadn \u0111\u01b0\u1ee3c t\u00ecnh y\u00eau th\u01b0\u01a1ng l\u00e0 m\u1ed9t \u0111i\u1ec1u kh\u00f4ng h\u1ec1 d\u1ec5 d\u00e0ng. Th\u1ebf nh\u01b0ng C\u00e1o M\u1eb9 \u0111\u00e3 d\u00f9ng t\u00ecnh y\u00eau th\u01b0\u01a1ng, s\u1ef1 tinh t\u1ebf v\u00e0 th\u1ea5u hi\u1ec3u c\u1ee7a m\u00ecnh \u0111\u1ec3 gi\u00fap C\u00e1o Con c\u1ea3m nh\u1eadn \u0111\u01b0\u1ee3c m\u1ed9t \u0111i\u1ec1u quan tr\u1ecdng: \u201cD\u00f9 sao \u0111i n\u1eefa m\u1eb9 v\u1eabn y\u00eau con\u201d.<\/p>\n<p>Debi Gliori \u0111\u00e3 t\u00e0i t\u00ecnh g\u1ee3i l\u1ea1i m\u1ed9t \u0111\u1ec1 t\u00e0i c\u1ed5 \u0111i\u1ec3n v\u1ec1 t\u00ecnh y\u00eau gia \u0111\u00ecnh, v\u1ec1 nh\u1eefng lo l\u1eafng tr\u1ebb th\u01a1, v\u1ec1 t\u00ecnh y\u00eau v\u00f4 b\u1edd b\u1ebfn m\u00e0 b\u1ed1 m\u1eb9 mang \u0111\u1ebfn cho con qua m\u1ed9t l\u1ed1i k\u1ec3 chuy\u1ec7n \u0111\u1ea7y s\u00e1ng t\u1ea1o, th\u00f4ng minh v\u00e0 g\u1ee3i m\u1edf.<\/p>\n<p>M\u1ed9t cu\u1ed1n s\u00e1ch d\u1ecbu d\u00e0ng, tinh t\u1ebf v\u1ec1 n\u1ed9i dung, sinh \u0111\u1ed9ng v\u1ec1 h\u00ecnh \u1ea3nh v\u00e0 m\u00e0u s\u1eafc, \u0111\u01b0\u1ee3c th\u1ec3 hi\u1ec7n d\u01b0\u1edbi h\u00ecnh th\u1ee9c song ng\u1eef l\u00e0 m\u00f3n qu\u00e0 \u0111\u1ea7y \u00fd ngh\u0129a d\u00e0nh cho c\u00e1c b\u1ea1n nh\u1ecf t\u1eeb 3-8 tu\u1ed5i, \u0111\u1ec3 ba m\u1eb9 c\u00f3 th\u1ec3 \u0111\u1ecdc c\u0169ng b\u00e9 v\u00e0 v\u1ed7 v\u1ec1 b\u00e9 r\u1eb1ng &#8220;d\u00f9 sao \u0111i n\u1eefa, b\u1ed1 m\u1eb9 v\u1eabn y\u00eau con&#8221;.  <div class=\"banner-grid-wrapper\">\n  <div id=\"banner-grid-98497495\" class=\"banner-grid row row-grid row-small\" data-packery-options=\"\">\n            <style>\n    #banner-grid-98497495 .grid-col-1{height: 600px}\n    #banner-grid-98497495 .grid-col-1-2{height: 300px}\n    #banner-grid-98497495 .grid-col-1-3{height:200px}\n    #banner-grid-98497495 .grid-col-2-3{height: 400px}\n    #banner-grid-98497495 .grid-col-1-4{height: 150px}\n    #banner-grid-98497495 .grid-col-3-4{height: 450px}\n\n\n        \/* Tablet *\/\n    @media (max-width: 850px){\n      #banner-grid-98497495 .grid-col-1{height: 400px}\n      #banner-grid-98497495 .grid-col-1-2{height: 200px}\n      #banner-grid-98497495 .grid-col-1-3{height:133.33333333333px}\n      #banner-grid-98497495 .grid-col-2-3{height: 266.66666666667px}\n      #banner-grid-98497495 .grid-col-1-4{height: 100px}\n      #banner-grid-98497495 .grid-col-3-4{height: 300px}\n    }\n    \n        \/* Mobile *\/\n    @media (max-width: 550px){\n      #banner-grid-98497495 .grid-col-1{height: 400px}\n      #banner-grid-98497495 .grid-col-1-2{height: 200px}\n      #banner-grid-98497495 .grid-col-1-3{height:133.33333333333px}\n      #banner-grid-98497495 .grid-col-2-3{height: 266.66666666667px}\n      #banner-grid-98497495 .grid-col-1-4{height: 100px}\n      #banner-grid-98497495 .grid-col-3-4{height: 300px}\n    }\n    \n\n  <\/style>\n    <\/div>\n    <style>\n    #banner-grid-98497495 .grid-col-1{height: 600px}\n    #banner-grid-98497495 .grid-col-1-2{height: 300px}\n    #banner-grid-98497495 .grid-col-1-3{height:200px}\n    #banner-grid-98497495 .grid-col-2-3{height: 400px}\n    #banner-grid-98497495 .grid-col-1-4{height: 150px}\n    #banner-grid-98497495 .grid-col-3-4{height: 450px}\n\n\n    \n    \n\n  <\/style>\n    <\/div>\n  \n","protected":false},"excerpt":{"rendered":"<p>\u0110\u00e2y l\u00e0 nh\u1eefng cu\u1ed1n s\u00e1ch tuy\u1ec7t v\u1eddi \u0111\u1ec3 \u0111\u1ecdc tr\u01b0\u1edbc khi \u0111i ng\u1ee7 khi hai m\u1eb9 con c\u00f9ng r\u00fac trong ch\u0103n \u1ea5m, \u00f4m h\u00f4n nhau v\u00e0 c\u00f9ng \u0111\u1ecdc cho nhau nghe nh\u1eefng d\u00f2ng ch\u1eef tr\u00e0n \u0111\u1ea7y t\u00ecnh y\u00eau. Nh\u1eefng l\u00fac n\u00f3ng gi\u1eadn c\u00f3 l\u1ee1 to ti\u1ebfng hay n\u1eb7ng l\u1eddi v\u1edbi con th\u00ec sau khi b\u00ecnh t\u0129nh l\u1ea1i, m\u00ecnh hay \u00f4m con v\u00e0o l\u00f2ng v\u00e0 \u0111\u1ecdc cho con nghe m\u1ed9t trong nh\u1eefng cu\u1ed1n s\u00e1ch n\u00e0y \u0111\u1ec3 con th\u1ea5y m\u1eb9 thi tho\u1ea3ng c\u00f3 n\u1ed5i gi\u1eadn hay con \u0111\u00f4i khi c\u00f3 ph\u1ea1m sai l\u1ea7m th\u00ec t\u00ecnh y\u00eau c\u1ee7a m\u1eb9 d\u00e0nh cho con l\u00e0 kh\u00f4ng bao gi\u1edd thay \u0111\u1ed5i. V\u1edbi nh\u1eefng em b\u00e9 \u0111ang h\u1ecdc n\u00f3i th\u00ec c\u00f2n g\u00ec tuy\u1ec7t v\u1eddi h\u01a1n khi m\u1ed9t ng\u00e0y n\u00e0o \u0111\u00f3 \u0111\u01b0\u1ee3c nghe con bi b\u00f4 &#8220;on y\u00eau \u1eb9&#8221; sau nhi\u1ec1u l\u1ea7n con nghe m\u1eb9 n\u00f3i &#8220;M\u1eb9 y\u00eau con&#8221; nh\u1ec9.<br \/>\nT\u00ecnh y\u00eau c\u1ee7a m\u1eb9 s\u1ebd gi\u00fap con th\u1ea5y con quan tr\u1ecdng \u0111\u1ebfn \u0111\u00e2u, t\u1ea1o ch\u1ed7 d\u1ef1a v\u1eefng ch\u1eafc \u0111\u1ec3 con c\u00f3 th\u1ec3 ph\u1ea1m sai l\u1ea7m v\u00e0 tr\u01b0\u1edfng th\u00e0nh, cho con s\u1ef1 t\u1ef1 tin v\u00e0 tr\u00ean h\u1ebft l\u00e0 \u0111\u1ed9ng l\u1ef1c \u0111\u1ec3 y\u00eau ng\u01b0\u1eddi kh\u00e1c. N\u00f3i y\u00eau con kh\u00f4ng bao gi\u1edd l\u00e0 qu\u00e1 nhi\u1ec1u \u0111\u00e2u. \u0110\u1ecdc xong post n\u00e0y m\u1eb9 h\u00e3y \u00f4m con th\u1eadt ch\u1eb7t v\u00e0o l\u00f2ng, th\u01a1m v\u00e0o \u0111\u00f4i m\u00e1 b\u1ea7u b\u00ecnh v\u00e0 n\u00f3i y\u00eau con th\u1eadt tr\u00ecu m\u1ebfn nh\u00e9. \u0110i\u1ec1u \u0111\u1ea5y kh\u00f4ng ch\u1ec9 thay \u0111\u1ed5i con v\u00e0 c\u00f2n thay \u0111\u1ed5i c\u1ea3 ch\u00ednh m\u1eb9 n\u1eefa \u0111\u00f3<\/p>\n","protected":false},"featured_media":1022,"template":"","meta":{"_acf_changed":false},"product_brand":[],"product_cat":[25,17,39,26],"product_tag":[],"class_list":{"0":"post-1029","1":"product","2":"type-product","3":"status-publish","4":"has-post-thumbnail","6":"product_cat-nhi-dong-6-tuoi-12-tuoi","7":"product_cat-sach-danh-cho-cac-be","8":"product_cat-sach-song-ngu-anh-viet","9":"product_cat-thieu-nien-11-tuoi-18-tuoi","11":"first","12":"outofstock","13":"taxable","14":"shipping-taxable","15":"purchasable","16":"product-type-simple"},"supplier_id":null,"supplier_sku":"","barcode":null,"atum_controlled":true,"out_stock_date":"2025-06-26 18:04:08","out_stock_threshold":null,"inheritable":false,"inbound_stock":3,"stock_on_hold":0,"sold_today":0,"sales_last_days":0,"reserved_stock":0,"customer_returns":0,"warehouse_damage":0,"lost_in_post":0,"other_logs":0,"out_stock_days":216,"lost_sales":0,"has_location":false,"update_date":"2026-01-28T23:11:30","atum_locations":[],"atum_stock_status":"outofstock","restock_status":false,"low_stock_amount":"","sales_update_date":"2026-01-28T23:11:30","calc_backorders":null,"acf":{"publisher":{"ID":1453,"post_author":"1","post_date":"2021-02-17 01:11:32","post_date_gmt":"2021-02-16 23:11:32","post_content":"<!-- wp:flatsome\/uxbuilder -->\n<h1 style=\"text-align: center;\"><strong>Qu\u1ea3ng V\u0103n<\/strong><\/h1>\n[row]\n\n[col span=\"6\" span__sm=\"12\"]\n\n[ux_image id=\"1552\" image_size=\"medium\"]\n\n\n[\/col]\n[col span=\"6\" span__sm=\"12\"]\n\n<p><strong>Quangvanbooks<\/strong><br \/>Qu\u1ea3ng V\u0103n l\u00e0 t\u1ed5 h\u1ee3p xu\u1ea5t b\u1ea3n, gi\u00e1o d\u1ee5c v\u00e0 nh\u01b0\u1ee3ng quy\u1ec1n h\u00e0ng \u0111\u1ea7u trong ng\u00e0nh c\u00f4ng nghi\u1ec7p s\u00e1ng t\u1ea1o v\u1edbi c\u00e1c th\u01b0\u01a1ng hi\u1ec7u nh\u00e1nh:<\/p>\n<p>Quangvanbooks - Th\u01b0\u01a1ng hi\u1ec7u s\u00e1ch v\u0103n h\u00f3a gi\u00e1o d\u1ee5c v\u00e0 v\u0103n h\u00f3a gi\u1ea3i tr\u00ed<br \/>Ehomebooks - Th\u01b0\u01a1ng hi\u1ec7u s\u00e1ch gi\u00e1o d\u1ee5c gia \u0111\u00ecnh<br \/>Sakurabooks - Th\u01b0\u01a1ng hi\u1ec7u s\u00e1ch Nh\u1eadt B\u1ea3n<br \/>IPERbooks - Th\u01b0\u01a1ng hi\u1ec7u s\u00e1ch gi\u00e1o d\u1ee5c nh\u00e0 tr\u01b0\u1eddng<br \/>IPER - Vi\u1ec7n nghi\u00ean c\u1ee9u xu\u1ea5t b\u1ea3n v\u00e0 gi\u00e1o d\u1ee5c IPER<\/p>\n<p><strong>T\u1ea7m nh\u00ecn<\/strong><br \/>Tr\u1edf th\u00e0nh th\u01b0\u01a1ng hi\u1ec7u s\u00e1ch v\u0103n h\u00f3a gi\u00e1o d\u1ee5c v\u00e0 v\u0103n h\u00f3a gi\u1ea3i tr\u00ed t\u1ed1t nh\u1ea5t v\u00e0 \u0111a d\u1ea1ng nh\u1ea5t Vi\u1ec7t Nam.<\/p>\n<p><br \/><strong>S\u1ee9 m\u1ec7nh<\/strong><br \/>Mang \u0111\u1ebfn nh\u1eefng cu\u1ed1n s\u00e1ch v\u0103n h\u00f3a gi\u00e1o d\u1ee5c v\u00e0 v\u0103n h\u00f3a gi\u1ea3i tr\u00ed \u0111\u1ebfn v\u1edbi \u0111\u1ed9c gi\u1ea3 Vi\u1ec7t Nam v\u00e0 th\u1ebf gi\u1edbi nh\u1eb1m gi\u00fap \u0111\u1ed9c gi\u1ea3 ph\u00e1t tri\u1ec3n b\u1ea3n th\u00e2n, gi\u00e1o d\u1ee5c, gi\u1ea3i tr\u00ed v\u00e0 khai s\u00e1ng nh\u1eb1m x\u00e2y d\u1ef1ng x\u00e3 h\u1ed9i th\u1ecbnh v\u01b0\u1ee3ng, h\u1ea1nh ph\u00fac.<\/p>\n<p><strong>Gi\u00e1 tr\u1ecb c\u1ed1t l\u00f5i<\/strong><\/p>\n<p>S\u00e1ng t\u1ea1o - Linh ho\u1ea1t - H\u1ee3p t\u00e1c - Ch\u00ednh tr\u1ef1c - Nhi\u1ec7t huy\u1ebft - C\u00e2n b\u1eb1ng - H\u1ea1nh ph\u00fac<\/p>\n\n[\/col]\n\n[\/row]\n\n<!-- \/wp:flatsome\/uxbuilder -->","post_title":"Qu\u1ea3ng V\u0103n","post_excerpt":"","post_status":"publish","comment_status":"closed","ping_status":"closed","post_password":"","post_name":"quang-van","to_ping":"","pinged":"","post_modified":"2021-02-17 01:26:44","post_modified_gmt":"2021-02-16 23:26:44","post_content_filtered":"","post_parent":0,"guid":"https:\/\/sachviet.eu\/nha-phat-hanh\/quang-van\/","menu_order":0,"post_type":"publisher","post_mime_type":"","comment_count":"0","filter":"raw"}},"_links":{"self":[{"href":"https:\/\/sachviet.eu\/en\/wp-json\/wp\/v2\/product\/1029","targetHints":{"allow":["GET"]}}],"collection":[{"href":"https:\/\/sachviet.eu\/en\/wp-json\/wp\/v2\/product"}],"about":[{"href":"https:\/\/sachviet.eu\/en\/wp-json\/wp\/v2\/types\/product"}],"wp:featuredmedia":[{"embeddable":true,"href":"https:\/\/sachviet.eu\/en\/wp-json\/wp\/v2\/media\/1022"}],"wp:attachment":[{"href":"https:\/\/sachviet.eu\/en\/wp-json\/wp\/v2\/media?parent=1029"}],"wp:term":[{"taxonomy":"product_brand","embeddable":true,"href":"https:\/\/sachviet.eu\/en\/wp-json\/wp\/v2\/product_brand?post=1029"},{"taxonomy":"product_cat","embeddable":true,"href":"https:\/\/sachviet.eu\/en\/wp-json\/wp\/v2\/product_cat?post=1029"},{"taxonomy":"product_tag","embeddable":true,"href":"https:\/\/sachviet.eu\/en\/wp-json\/wp\/v2\/product_tag?post=1029"}],"curies":[{"name":"wp","href":"https:\/\/api.w.org\/{rel}","templated":true}]}}