{"id":10278,"date":"2021-06-02T18:51:48","date_gmt":"2021-06-02T15:51:48","guid":{"rendered":"https:\/\/sachviet.eu\/shop\/bao-mau-quai-vat\/"},"modified":"2021-06-04T22:43:01","modified_gmt":"2021-06-04T19:43:01","slug":"bao-mau-quai-vat","status":"publish","type":"product","link":"https:\/\/sachviet.eu\/en\/shop\/bao-mau-quai-vat\/","title":{"rendered":"B\u1ea3o M\u1eabu Qu\u00e1i V\u1eadt"},"content":{"rendered":"<p>\u201c\u0110an c\u00e0i xuy\u00ean su\u1ed1t cu\u1ed9c phi\u00eau l\u01b0u h\u1ed3i h\u1ed9p l\u00e0 nh\u1eefng ch\u1ee7 \u0111\u1ec1 v\u1ec1 t\u00ecnh b\u1ea1n v\u00e0 l\u00f2ng khoan dung th\u1ea5u hi\u1ec3u tr\u01b0\u1edbc s\u1ef1 \u0111a d\u1ea1ng. B\u1ea3o m\u1eabu qu\u00e1i v\u1eadt c\u00f3 \u0111\u1ee7 m\u1ecdi nguy\u00ean li\u1ec7u \u0111\u1ec3 l\u00e0m n\u00ean m\u1ed9t cu\u1ed1n s\u00e1ch kinh \u0111i\u1ec3n thi\u1ebfu nhi \u0111\u01b0\u1ee3c y\u00eau m\u1ebfn.\u201d &#8211; H\u1ed9i \u0111\u1ed3ng trao gi\u1ea3i Arvid Lydecken, Ph\u1ea7n Lan<\/p>\n<p>\u201cGi\u1ecdng \u0111i\u1ec7u vui nh\u1ed9n v\u00e0 c\u00e1c t\u00ecnh ti\u1ebft k\u1ef3 qu\u1eb7c \u0111\u00e3 ph\u1ed1i h\u1ee3p v\u1edbi nhau t\u1ea1o n\u00ean m\u1ed9t cu\u1ed9c vui k\u1ef3 l\u1ea1 khi\u1ebfn \u0111\u1ed9c gi\u1ea3 ph\u1ea3i ng\u1ee1 ng\u00e0ng m\u1ed7i khi l\u1eadt trang.\u201d &#8211; Publishers Weekly, M\u1ef9<\/p>\n<p>\u201cC\u00e2u chuy\u1ec7n \u0111\u1ea7y nh\u1eefng \u1ea9n s\u1ed1 n\u00e0y th\u1eadt \u0111\u1ed9c \u0111\u00e1o, c\u1ea3m \u0111\u1ed9ng, l\u1ea1 th\u01b0\u1eddng.\u201d &#8211; Livresse des Livres blog, Ph\u00e1p<\/p>\n<p>\u201cT\u00f4i y\u00eau cu\u1ed1n s\u00e1ch vui v\u1ebb v\u00e0 t\u01b0\u01a1i m\u1edbi n\u00e0y. N\u00f3 mang l\u1ea1i c\u1ea3m gi\u00e1c th\u1eadt c\u1ed5 \u0111i\u1ec3n nh\u01b0 c\u00e1c t\u00e1c ph\u1ea9m c\u1ee7a Roald Dahl, khi chuy\u1ec7n th\u01b0\u1eddng nh\u1eadt v\u00e0 \u0111i\u1ec1u k\u1ef3 \u1ea3o \u0111an xen nhau m\u1ed9t c\u00e1ch t\u1ef1 nhi\u00ean.\u201d &#8211; Margaret Raymo, bi\u00ean t\u1eadp vi\u00ean c\u1ea5p cao, Houghton Mifflin Harcourt, M\u1ef9<\/p>\n<p>GI\u1edaI THI\u1ec6U S\u00c1CH:<\/p>\n<p>B\u1ed1 b\u1ecb k\u1eb9t trong m\u1ed9t tr\u1eadn b\u00e3o tuy\u1ebft\u2026 gi\u1eefa m\u00f9a h\u00e8. M\u1eb9 \u0111i ngh\u1ec9 d\u01b0\u1ee1ng mi\u1ec5n ph\u00ed do tr\u00fang gi\u1ea3i \u0111\u1eb7c bi\u1ec7t. Ai s\u1ebd ch\u0103m lo cho l\u0169 tr\u1ebb nh\u00e0 Hellman \u0111\u00e2y? Th\u1eadt may, gi\u1ea3i th\u01b0\u1edfng \u0111i k\u00e8m v\u1edbi d\u1ecbch v\u1ee5 b\u1ea3o m\u1eabu \u0111\u1eb7c bi\u1ec7t. Ch\u1ec9 c\u00f3 m\u1ed9t v\u1ea5n \u0111\u1ec1, b\u1ea3o m\u1eabu l\u00e0 m\u1ed9t con qu\u00e1i v\u1eadt! \u00c0, c\u00f2n m\u1ed9t v\u1ea5n \u0111\u1ec1 n\u1eefa, kh\u00f4ng ch\u1ec9 m\u1ed7i b\u1ed1 m\u1eb9 nh\u00e0 Hellman \u0111i v\u1eafng. V\u00e0 qu\u00e1i v\u1eadt, kh\u00f4ng ch\u1ec9 c\u00f3 m\u1ed9t con!<\/p>\n<p>L\u0169 qu\u00e1i v\u1eadt n\u00e0y t\u1eeb \u0111\u00e2u t\u1edbi? C\u00f3 th\u1eadt ch\u00fang \u0111\u00e3 \u0111\u01b0\u1ee3c hu\u1ea5n luy\u1ec7n v\u00e0 v\u00f4 h\u1ea1i nh\u01b0 trong t\u1edd h\u01b0\u1edbng d\u1eabn s\u1eed d\u1ee5ng? \u0110\u1eebng v\u1ed9i ho\u1ea3ng, \u0111\u00e2y kh\u00f4ng ph\u1ea3i chuy\u1ec7n qu\u00e1i v\u1eadt tr\u1ed1n d\u01b0\u1edbi g\u1ea7m gi\u01b0\u1eddng d\u1ecda tr\u1ebb con. \u0110\u00e2y l\u00e0 c\u00e2u chuy\u1ec7n t\u01b0\u01a1i t\u1eafn v\u00e0 c\u1ea3m \u0111\u1ed9ng v\u1ec1 k\u1ef3 ngh\u1ec9 \u00fd ngh\u0129a \u0111\u1ea7u ti\u00ean c\u1ee7a b\u1ecdn tr\u1ebb sau bao m\u00f9a h\u00e8 b\u1ecb nh\u1ed1t trong nh\u00e0 xem ti vi ho\u1eb7c ph\u1ea3i \u0111i h\u1ecdc c\u00e1c l\u1edbp ngo\u1ea1i kh\u00f3a. \u0110\u00e2y l\u00e0 c\u00e2u chuy\u1ec7n c\u1ed5 \u0111i\u1ec3n v\u1ec1 l\u0169 tr\u1ebb th\u1eddi hi\u1ec7n \u0111\u1ea1i, d\u00f9 v\u1eabn c\u1ea7m \u0111i\u1ec7n tho\u1ea1i nh\u1eafn tin nhoay nho\u00e1y nh\u01b0ng s\u1ebd t\u00ecm th\u00f4ng tin trong th\u01b0 vi\u1ec7n (ch\u1ee9 kh\u00f4ng Google!), th\u00e1o v\u00e1t ch\u1eb3ng kh\u00e1c n\u00e0o B\u1ed9 N\u0103m L\u1eebng Danh, v\u00e0 \u0111\u1ee5ng \u0111\u1ed9 v\u00f4 s\u1ed1 \u0111i\u1ec1u k\u1ef3 qu\u1eb7c huy\u1ec1n \u1ea3o gi\u1eefa \u0111\u1eddi th\u01b0\u1eddng nh\u01b0 nh\u1eefng t\u00e1c ph\u1ea9m c\u1ee7a Roald Dahl. Gi\u1eefa m\u1ed9t th\u1ebf gi\u1edbi kh\u00f4ng ng\u01b0\u1eddi l\u1edbn (kh\u00f4ng c\u1ea3 con ng\u01b0\u1eddi!), b\u1ecdn tr\u1ebb con v\u1eabn b\u0103ng b\u0103ng gi\u1ea3i m\u00e3 h\u1ebft b\u00ed \u1ea9n n\u00e0y \u0111\u1ebfn b\u00ed \u1ea9n kh\u00e1c, khi\u1ebfn ta kh\u00f4ng ng\u1eebng l\u1eadt cho \u0111\u1ebfn t\u1eadn trang s\u00e1ch cu\u1ed1i c\u00f9ng.<\/p>\n<p>T\u00c1C GI\u1ea2:<\/p>\n<p>TUUTIKKI TOLONEN (1975) l\u00e0 nh\u00e0 so\u1ea1n k\u1ecbch, nh\u00e0 v\u0103n thi\u1ebfu nhi ng\u01b0\u1eddi Ph\u1ea7n Lan. Ngo\u00e0i ra, c\u00f4 c\u00f2n d\u1ea1y s\u00e1ng t\u00e1c v\u00e0 l\u00e0 bi\u00ean t\u1eadp vi\u00ean ki\u00eam th\u01b0 k\u00fd t\u00f2a so\u1ea1n c\u1ee7a t\u1edd Vinski, t\u1ea1p ch\u00ed v\u0103n h\u1ecdc thi\u1ebfu nhi duy nh\u1ea5t c\u1ee7a Ph\u1ea7n Lan. N\u0103m 2001, c\u00f4 nh\u1eadn Gi\u1ea3i th\u01b0\u1edfng Qu\u1ed1c gia v\u1ec1 V\u0103n h\u00f3a Thi\u1ebfu nhi do nh\u1eefng \u0111\u00f3ng g\u00f3p trong l\u0129nh v\u1ef1c \u0111\u00e0o t\u1ea1o s\u00e1ng t\u00e1c. Cu\u1ed1n B\u1ea3o m\u1eabu qu\u00e1i v\u1eadt \u0111\u00e3 \u0111em v\u1ec1 cho c\u00f4 gi\u1ea3i th\u01b0\u1edfng l\u00e2u \u0111\u1eddi Arvid Lydecken (2015), \u0111\u01b0\u1ee3c b\u00e1n b\u1ea3n quy\u1ec1n cho 14 qu\u1ed1c gia v\u00e0 l\u00e0 ch\u1ee7 \u0111\u1ec1 cho m\u1ed9t b\u1ed9 phim Hollywood.<\/p>\n","protected":false},"excerpt":{"rendered":"<p>\u201c\u0110an c\u00e0i xuy\u00ean su\u1ed1t cu\u1ed9c phi\u00eau l\u01b0u h\u1ed3i h\u1ed9p l\u00e0 nh\u1eefng ch\u1ee7 \u0111\u1ec1 v\u1ec1 t\u00ecnh b\u1ea1n v\u00e0 l\u00f2ng khoan dung th\u1ea5u hi\u1ec3u tr\u01b0\u1edbc s\u1ef1 \u0111a d\u1ea1ng. B\u1ea3o m\u1eabu qu\u00e1i v\u1eadt c\u00f3 \u0111\u1ee7 m\u1ecdi nguy\u00ean li\u1ec7u \u0111\u1ec3 l\u00e0m n\u00ean m\u1ed9t cu\u1ed1n s\u00e1ch kinh \u0111i\u1ec3n thi\u1ebfu nhi \u0111\u01b0\u1ee3c y\u00eau m\u1ebfn.\u201d &#8211; H\u1ed9i \u0111\u1ed3ng trao gi\u1ea3i Arvid Lydecken, Ph\u1ea7n Lan<\/p>\n<p>\u201cGi\u1ecdng \u0111i\u1ec7u vui nh\u1ed9n v\u00e0 c\u00e1c t\u00ecnh ti\u1ebft k\u1ef3 qu\u1eb7c \u0111\u00e3 ph\u1ed1i h\u1ee3p v\u1edbi nhau t\u1ea1o n\u00ean m\u1ed9t cu\u1ed9c vui k\u1ef3 l\u1ea1 khi\u1ebfn \u0111\u1ed9c gi\u1ea3 ph\u1ea3i ng\u1ee1 ng\u00e0ng m\u1ed7i khi l\u1eadt trang.\u201d &#8211; Publishers Weekly, M\u1ef9<\/p>\n<p>\u201cC\u00e2u chuy\u1ec7n \u0111\u1ea7y nh\u1eefng \u1ea9n s\u1ed1 n\u00e0y th\u1eadt \u0111\u1ed9c \u0111\u00e1o, c\u1ea3m \u0111\u1ed9ng, l\u1ea1 th\u01b0\u1eddng.\u201d &#8211; Livresse des Livres blog, Ph\u00e1p<\/p>\n<p>\u201cT\u00f4i y\u00eau cu\u1ed1n s\u00e1ch vui v\u1ebb v\u00e0 t\u01b0\u01a1i m\u1edbi n\u00e0y. N\u00f3 mang l\u1ea1i c\u1ea3m gi\u00e1c th\u1eadt c\u1ed5 \u0111i\u1ec3n nh\u01b0 c\u00e1c t\u00e1c ph\u1ea9m c\u1ee7a Roald Dahl, khi chuy\u1ec7n th\u01b0\u1eddng nh\u1eadt v\u00e0 \u0111i\u1ec1u k\u1ef3 \u1ea3o \u0111an xen nhau m\u1ed9t c\u00e1ch t\u1ef1 nhi\u00ean.\u201d &#8211; Margaret Raymo, bi\u00ean t\u1eadp vi\u00ean c\u1ea5p cao, Houghton Mifflin Harcourt, M\u1ef9<\/p>\n<p>GI\u1edaI THI\u1ec6U S\u00c1CH:<\/p>\n<p>B\u1ed1 b\u1ecb k\u1eb9t trong m\u1ed9t tr\u1eadn b\u00e3o tuy\u1ebft\u2026 gi\u1eefa m\u00f9a h\u00e8. M\u1eb9 \u0111i ngh\u1ec9 d\u01b0\u1ee1ng mi\u1ec5n ph\u00ed do tr\u00fang gi\u1ea3i \u0111\u1eb7c bi\u1ec7t. Ai s\u1ebd ch\u0103m lo cho l\u0169 tr\u1ebb nh\u00e0 Hellman \u0111\u00e2y? Th\u1eadt may, gi\u1ea3i th\u01b0\u1edfng \u0111i k\u00e8m v\u1edbi d\u1ecbch v\u1ee5 b\u1ea3o m\u1eabu \u0111\u1eb7c bi\u1ec7t. Ch\u1ec9 c\u00f3 m\u1ed9t v\u1ea5n \u0111\u1ec1, b\u1ea3o m\u1eabu l\u00e0 m\u1ed9t con qu\u00e1i v\u1eadt! \u00c0, c\u00f2n m\u1ed9t v\u1ea5n \u0111\u1ec1 n\u1eefa, kh\u00f4ng ch\u1ec9 m\u1ed7i b\u1ed1 m\u1eb9 nh\u00e0 Hellman \u0111i v\u1eafng. V\u00e0 qu\u00e1i v\u1eadt, kh\u00f4ng ch\u1ec9 c\u00f3 m\u1ed9t con!<\/p>\n<p>L\u0169 qu\u00e1i v\u1eadt n\u00e0y t\u1eeb \u0111\u00e2u t\u1edbi? C\u00f3 th\u1eadt ch\u00fang \u0111\u00e3 \u0111\u01b0\u1ee3c hu\u1ea5n luy\u1ec7n v\u00e0 v\u00f4 h\u1ea1i nh\u01b0 trong t\u1edd h\u01b0\u1edbng d\u1eabn s\u1eed d\u1ee5ng? \u0110\u1eebng v\u1ed9i ho\u1ea3ng, \u0111\u00e2y kh\u00f4ng ph\u1ea3i chuy\u1ec7n qu\u00e1i v\u1eadt tr\u1ed1n d\u01b0\u1edbi g\u1ea7m gi\u01b0\u1eddng d\u1ecda tr\u1ebb con. \u0110\u00e2y l\u00e0 c\u00e2u chuy\u1ec7n t\u01b0\u01a1i t\u1eafn v\u00e0 c\u1ea3m \u0111\u1ed9ng v\u1ec1 k\u1ef3 ngh\u1ec9 \u00fd ngh\u0129a \u0111\u1ea7u ti\u00ean c\u1ee7a b\u1ecdn tr\u1ebb sau bao m\u00f9a h\u00e8 b\u1ecb nh\u1ed1t trong nh\u00e0 xem ti vi ho\u1eb7c ph\u1ea3i \u0111i h\u1ecdc c\u00e1c l\u1edbp ngo\u1ea1i kh\u00f3a. \u0110\u00e2y l\u00e0 c\u00e2u chuy\u1ec7n c\u1ed5 \u0111i\u1ec3n v\u1ec1 l\u0169 tr\u1ebb th\u1eddi hi\u1ec7n \u0111\u1ea1i, d\u00f9 v\u1eabn c\u1ea7m \u0111i\u1ec7n tho\u1ea1i nh\u1eafn tin nhoay nho\u00e1y nh\u01b0ng s\u1ebd t\u00ecm th\u00f4ng tin trong th\u01b0 vi\u1ec7n (ch\u1ee9 kh\u00f4ng Google!), th\u00e1o v\u00e1t ch\u1eb3ng kh\u00e1c n\u00e0o B\u1ed9 N\u0103m L\u1eebng Danh, v\u00e0 \u0111\u1ee5ng \u0111\u1ed9 v\u00f4 s\u1ed1 \u0111i\u1ec1u k\u1ef3 qu\u1eb7c huy\u1ec1n \u1ea3o gi\u1eefa \u0111\u1eddi th\u01b0\u1eddng nh\u01b0 nh\u1eefng t\u00e1c ph\u1ea9m c\u1ee7a Roald Dahl. Gi\u1eefa m\u1ed9t th\u1ebf gi\u1edbi kh\u00f4ng ng\u01b0\u1eddi l\u1edbn (kh\u00f4ng c\u1ea3 con ng\u01b0\u1eddi!), b\u1ecdn tr\u1ebb con v\u1eabn b\u0103ng b\u0103ng gi\u1ea3i m\u00e3 h\u1ebft b\u00ed \u1ea9n n\u00e0y \u0111\u1ebfn b\u00ed \u1ea9n kh\u00e1c, khi\u1ebfn ta kh\u00f4ng ng\u1eebng l\u1eadt cho \u0111\u1ebfn t\u1eadn trang s\u00e1ch cu\u1ed1i c\u00f9ng.<\/p>\n","protected":false},"featured_media":10277,"template":"","meta":{"_acf_changed":false},"product_brand":[],"product_cat":[17,26],"product_tag":[],"class_list":{"0":"post-10278","1":"product","2":"type-product","3":"status-publish","4":"has-post-thumbnail","6":"product_cat-sach-danh-cho-cac-be","7":"product_cat-thieu-nien-11-tuoi-18-tuoi","9":"first","10":"outofstock","11":"taxable","12":"shipping-taxable","13":"purchasable","14":"product-type-simple"},"supplier_id":null,"supplier_sku":"","barcode":null,"atum_controlled":true,"out_stock_date":"2021-06-04 19:43:01","out_stock_threshold":null,"inheritable":false,"inbound_stock":0,"stock_on_hold":0,"sold_today":0,"sales_last_days":0,"reserved_stock":0,"customer_returns":0,"warehouse_damage":0,"lost_in_post":0,"other_logs":0,"out_stock_days":1699,"lost_sales":0,"has_location":false,"update_date":"2026-01-28T23:10:46","atum_locations":[],"atum_stock_status":"outofstock","restock_status":false,"low_stock_amount":"","sales_update_date":"2026-01-28T23:10:46","calc_backorders":null,"acf":{"publisher":{"ID":1424,"post_author":"1","post_date":"2021-02-17 00:02:29","post_date_gmt":"2021-02-16 22:02:29","post_content":"<!-- wp:flatsome\/uxbuilder -->\n<h1 style=\"text-align: center\"><strong>Nh\u00e3 Nam<\/strong><\/h1>\n[row]\n\n[col span=\"6\" span__sm=\"12\"]\n\n[ux_image id=\"1438\" image_size=\"medium\"]\n\n\n[\/col]\n[col span=\"6\" span__sm=\"12\"]\n\n<p><strong>C\u00f4ng ty c\u1ed5 ph\u1ea7n V\u0103n h\u00f3a v\u00e0 Truy\u1ec1n th\u00f4ng Nh\u00e3 Nam<\/strong><\/p>\n<p>Th\u00e1ng 2 n\u0103m 2005, Nh\u00e3 Nam, t\u00ean \u0111\u1ea7y \u0111\u1ee7 l\u00e0 C\u00f4ng ty C\u1ed5 ph\u1ea7n V\u0103n h\u00f3a v\u00e0 Truy\u1ec1n th\u00f4ng Nh\u00e3 Nam \u0111\u00e3 gia nh\u1eadp th\u1ecb tr\u01b0\u1eddng s\u00e1ch. T\u00e1c ph\u1ea9m \"Balzac v\u00e0 c\u00f4 b\u00e9 th\u1ee3 may Trung hoa\" c\u1ee7a \u0110\u1edbi T\u01b0 Ki\u1ec7t l\u00e0 cu\u1ed1n s\u00e1ch \u0111\u1ea7u ti\u00ean \u0111\u01b0\u1ee3c nh\u1eefng ng\u01b0\u1eddi s\u00e1ng l\u1eadp Nh\u00e3 Nam xu\u1ea5t b\u1ea3n c\u1ea3 tr\u01b0\u1edbc khi c\u00f4ng ty ra \u0111\u1eddi. Ngay l\u1eadp t\u1ee9c t\u1eeb cu\u1ed1n s\u00e1ch \u0111\u1ea7u ti\u00ean, \u0111\u1ed9c gi\u1ea3 \u0111\u00e3 d\u00e0nh s\u1ef1 quan t\u00e2m v\u00e0 y\u00eau m\u1ebfn cho m\u1ed9t th\u01b0\u01a1ng hi\u1ec7u s\u00e1ch m\u1edbi m\u1ebb mang trong m\u00ecnh kh\u00e1t v\u1ecdng g\u00f3p ph\u1ea7n t\u1ea1o l\u1eadp di\u1ec7n m\u1ea1o m\u1edbi cho xu\u1ea5t b\u1ea3n v\u0103n h\u1ecdc t\u1ea1i Vi\u1ec7t Nam.<\/p>\n<p>L\u00f2ng say m\u00ea c\u1ee7a \u0111\u1ed9i ng\u0169 l\u00e0 vi\u00ean \u0111\u00e1 \u0111\u1ea7u ti\u00ean. Tr\u1ea3i qua m\u1ea5y n\u0103m ph\u00e1t tri\u1ec3n, Nh\u00e3 Nam \u0111\u00e3 \u0111\u01b0\u1ee3c x\u00e2y d\u1ef1ng d\u1ea7n l\u00ean trong di\u1ec7n m\u1ea1o m\u1ed9t nh\u00e0 xu\u1ea5t b\u1ea3n v\u1eefng ch\u00e3i v\u00e0 chuy\u00ean nghi\u1ec7p. S\u00e1u th\u00e1ng sau khi th\u00e0nh l\u1eadp c\u00f4ng ty, Nh\u1eadt k\u00fd \u0110\u1eb7ng Th\u00f9y Tr\u00e2m ra \u0111\u1eddi, t\u1ea1o n\u00ean m\u1ed9t c\u01a1n s\u1ed1t trong x\u00e3 h\u1ed9i, v\u1edbi g\u1ea7n 500,000 b\u1ea3n s\u00e1ch \u0111\u01b0\u1ee3c ph\u00e1t h\u00e0nh, ph\u00e1 m\u1ecdi k\u1ef7 l\u1ee5c v\u1ec1 xu\u1ea5t b\u1ea3n tr\u01b0\u1edbc \u0111\u00f3, k\u00e9o theo m\u1ed9t lo\u1ea1t nh\u1eefng hi\u1ec7u \u1ee9ng x\u00e3 h\u1ed9i v\u00e0 d\u01b0 lu\u1eadn c\u00f3 \u00fd ngh\u0129a. T\u1eeb \u0111\u00f3 tr\u1edf \u0111i, th\u00f4ng qua Nh\u00e3 Nam, c\u00e1c cu\u1ed1n s\u00e1ch v\u0103n h\u1ecdc n\u01b0\u1edbc ngo\u00e0i c\u00f3 gi\u00e1 tr\u1ecb \u0111\u01b0\u1ee3c li\u00ean t\u1ee5c mua b\u1ea3n quy\u1ec1n v\u00e0 xu\u1ea5t b\u1ea3n t\u1ea1i Vi\u1ec7t Nam, thu h\u00fat nhi\u1ec1u t\u1ea7ng l\u1edbp \u0111\u1ed9c gi\u1ea3. S\u00e1ch c\u1ee7a Nh\u00e3 Nam n\u1ed5i b\u1eadt b\u1edfi n\u1ed9i dung v\u0103n h\u1ecdc tinh t\u1ebf, b\u1edfi v\u1ebb \u0111\u1eb9p c\u1ee7a thi\u1ebft k\u1ebf hi\u1ec7n \u0111\u1ea1i \u1edf h\u00ecnh th\u1ee9c, b\u1edfi s\u1ef1 ch\u0103m ch\u00fat k\u1ef9 l\u01b0\u1ee1ng cho m\u1ed7i cu\u1ed1n s\u00e1ch nh\u01b0 m\u1ed9t con thuy\u1ec1n mang t\u1edbi ni\u1ec1m vui, tri th\u1ee9c, ng\u1ea1c nhi\u00ean, v\u00e0 \u0111\u1ed3ng c\u1ea3m.<\/p>\n\n[\/col]\n\n[\/row]\n<p style=\"text-align: left\">Hi\u1ec3u th\u1eddi \u0111\u1ea1i \u0111ang s\u1ed1ng th\u00f4ng qua s\u00e1ch, song h\u00e0nh v\u1edbi nh\u1eefng bi\u1ebfn chuy\u1ec3n s\u00e2u s\u1eafc trong l\u00f2ng x\u00e3 h\u1ed9i b\u1eb1ng nh\u1eefng ho\u1ea1t \u0111\u1ed9ng xu\u1ea5t b\u1ea3n mi\u1ec7t m\u00e0i v\u00e0 qu\u1ea3 c\u1ea3m, con \u0111\u01b0\u1eddng Nh\u00e3 Nam \u0111\u00e3 ch\u1ecdn \u0111\u1ec3 \u0111i s\u1ebd c\u00f2n d\u00e0i. Nhi\u1ec1u kh\u00f3 kh\u0103n, th\u1eed th\u00e1ch \u0111ang \u1edf ph\u00eda tr\u01b0\u1edbc. B\u01b0\u1edbc qua th\u1eddi k\u1ef3 s\u01a1 khai v\u1edbi nh\u1eefng b\u00e0i h\u1ecdc v\u00e0 nh\u1eefng kinh nghi\u1ec7m \u0111\u1ea7u ti\u00ean, Nh\u00e3 Nam gi\u1edd \u0111\u00e3 s\u1eb5n s\u00e0ng cho m\u1ed9t ch\u1eb7ng \u0111\u01b0\u1eddng ph\u00e1t tri\u1ec3n m\u1edbi. V\u00e0 ch\u00fang t\u00f4i mu\u1ed1n ho\u00e0n thi\u1ec7n m\u00ecnh trong s\u1ef1 c\u1ea7u th\u1ecb v\u00e0 c\u1ea9n tr\u1ecdng. T\u1ea5t c\u1ea3 v\u00ec m\u1ed9t gia s\u1ea3n s\u00e1ch to l\u1edbn, c\u00f3 s\u1ee9c s\u1ed1ng d\u00e0i l\u00e2u, c\u00f3 \u00fd ngh\u0129a v\u1edbi nhi\u1ec1u th\u1ebf h\u1ec7 b\u1ea1n \u0111\u1ecdc.<br \/>B\u1edfi v\u00ec s\u00e1ch l\u00e0 th\u1ebf gi\u1edbi.<\/p>\n<p><strong>\u0110\u00e2y l\u00e0 m\u1ed9t nh\u00e0 ph\u00e1t h\u00e0nh s\u00e1ch m\u00e0 SACHVIET.EU r\u1ea5t y\u00eau th\u00edch v\u00e0 tin t\u01b0\u1edfng. Nh\u00ecn \u0111\u01b0\u1ee3c t\u1ea7m \u1ea3nh h\u01b0\u1edfng c\u1ee7a Nh\u00e3 Nam qua t\u1eebng cu\u1ed1n s\u00e1ch, SACHVIET.EU li\u00ean h\u1ec7 h\u1ee3p t\u00e1c ngay v\u1edbi Nh\u00e3 Nam \u0111\u1ec3 \u0111em to\u00e0n b\u1ed9 nh\u1eefng t\u00e1c ph\u1ea9m m\u1edbi, hay nh\u1ea5t m\u00e0 Nh\u00e3 Nam c\u00f3 sang Ch\u00e2u \u00c2u, \u0111\u01b0a \u0111\u1ebfn cho \u0111\u1ed9c gi\u1ea3 c\u00f3 nhi\u1ec1u s\u1ef1 l\u1ef1a ch\u1ecdn phong ph\u00fa h\u01a1n c\u1ea3 s\u00e1ch cho tr\u1ebb em l\u1eabn ng\u01b0\u1eddi l\u1edbn.\u00a0<\/strong><\/p>\n\n<!-- \/wp:flatsome\/uxbuilder -->","post_title":"Nh\u00e3 Nam","post_excerpt":"","post_status":"publish","comment_status":"closed","ping_status":"closed","post_password":"","post_name":"nha-nam","to_ping":"","pinged":"","post_modified":"2022-12-19 23:15:33","post_modified_gmt":"2022-12-19 21:15:33","post_content_filtered":"","post_parent":0,"guid":"https:\/\/sachviet.eu\/?post_type=publisher&#038;p=1424","menu_order":0,"post_type":"publisher","post_mime_type":"","comment_count":"0","filter":"raw"}},"_links":{"self":[{"href":"https:\/\/sachviet.eu\/en\/wp-json\/wp\/v2\/product\/10278","targetHints":{"allow":["GET"]}}],"collection":[{"href":"https:\/\/sachviet.eu\/en\/wp-json\/wp\/v2\/product"}],"about":[{"href":"https:\/\/sachviet.eu\/en\/wp-json\/wp\/v2\/types\/product"}],"wp:featuredmedia":[{"embeddable":true,"href":"https:\/\/sachviet.eu\/en\/wp-json\/wp\/v2\/media\/10277"}],"wp:attachment":[{"href":"https:\/\/sachviet.eu\/en\/wp-json\/wp\/v2\/media?parent=10278"}],"wp:term":[{"taxonomy":"product_brand","embeddable":true,"href":"https:\/\/sachviet.eu\/en\/wp-json\/wp\/v2\/product_brand?post=10278"},{"taxonomy":"product_cat","embeddable":true,"href":"https:\/\/sachviet.eu\/en\/wp-json\/wp\/v2\/product_cat?post=10278"},{"taxonomy":"product_tag","embeddable":true,"href":"https:\/\/sachviet.eu\/en\/wp-json\/wp\/v2\/product_tag?post=10278"}],"curies":[{"name":"wp","href":"https:\/\/api.w.org\/{rel}","templated":true}]}}